{"id":10034,"date":"2023-07-14T10:04:34","date_gmt":"2023-07-14T10:04:34","guid":{"rendered":"https:\/\/pravnizapisi.rs\/?page_id=10034"},"modified":"2023-07-14T11:59:17","modified_gmt":"2023-07-14T11:59:17","slug":"pravni-zapisi-1-2023","status":"publish","type":"page","link":"https:\/\/www.pravnizapisi.rs\/en\/pravni-zapisi-1-2023\/","title":{"rendered":"Pravni zapisi 1\/2023"},"content":{"rendered":"<p style=\"text-align: justify;\"><em><strong>Union University Law School Review<\/strong><\/em><br \/>\n<em><strong>Year XIV, No. 1\/2023, Pages 1-222<\/strong><\/em><\/p>\n<table style=\"height: 35px;\" width=\"364\" frame=\"void\">\n<tbody>\n<tr>\n<td valign=\"top\"><strong>UDK\u00a034<\/strong><\/td>\n<td align=\"left\" valign=\"top\">\n<div><strong>ISSN 2217-2815 (Printed Edition)<\/strong><\/div>\n<div><strong>eISSN 2406-1387 (Online Edition)<\/strong><\/div>\n<\/td>\n<\/tr>\n<\/tbody>\n<\/table>\n<hr \/>\n<h3 style=\"text-align: center;\">TABLE OF CONTENTS<\/h3>\n<h4 style=\"text-align: justify;\">GUEST EDITORIAL<\/h4>\n<p style=\"text-align: justify;\"><a href=\"https:\/\/pravnizapisi.rs\/wp-content\/uploads\/2023\/07\/Pravni_zapisi_2023_01-01_Arcari.pdf\"><strong>Maurizio Arcari, <\/strong><em>The War in Ukraine and the International Legal Order: What Comes After the Blues?<\/em><\/a><\/p>\n<h4 style=\"text-align: justify;\">ARTICLES<\/h4>\n<p style=\"text-align: justify;\"><a href=\"https:\/\/pravnizapisi.rs\/en\/pravni-zapisi-1-2023\/10065-2\/\"><strong>Wasiq Dar, Boris Pra\u0161talo, <\/strong><em>The Investor\u2013State Arbitration Legitimacy Crisis: Could AI Be Its Future Savior (or Resurrector)?<\/em><\/a><\/p>\n<p style=\"text-align: justify;\"><a href=\"https:\/\/pravnizapisi.rs\/en\/pravni-zapisi-1-2023\/10075-2\/\"><strong>Aleksa Radonji\u0107, <\/strong><em>Who Is an Online Trader from the Consumer Law Perspective? From Serbia to the EU and Back<\/em><\/a><\/p>\n<p style=\"text-align: justify;\"><a href=\"https:\/\/pravnizapisi.rs\/en\/pravni-zapisi-1-2023\/10085-2\/\"><strong>Petar Anti\u0107, <\/strong><em>Sanctioning Hate Speech on the Internet: In Search of the Best Approach<\/em><\/a><\/p>\n<p style=\"text-align: justify;\"><a href=\"https:\/\/pravnizapisi.rs\/en\/pravni-zapisi-1-2023\/10096-2\/\"><strong>Mila Petrovi\u0107, <\/strong><em>Employer\u2019s Liability in Serbia for Damage Caused by Work Injury: The Case of Professional Athletes<\/em><\/a><\/p>\n<p style=\"text-align: justify;\"><a href=\"https:\/\/pravnizapisi.rs\/en\/pravni-zapisi-1-2023\/10107-2\/\"><strong>Mila \u0110or\u0111evi\u0107, Milica Vlaji\u0107, <\/strong><em>How Much for a Legal Intern? Internships at Law Offices in Serbia <\/em><\/a><\/p>\n<p><a href=\"https:\/\/pravnizapisi.rs\/en\/pravni-zapisi-1-2023\/10118-2\/\"><strong>Sava Vojnovi\u0107, <\/strong><em>Impunity (or Not) for Civil Disobedience<\/em><\/a><\/p>\n<p style=\"text-align: justify;\"><a href=\"https:\/\/pravnizapisi.rs\/en\/pravni-zapisi-1-2023\/10130-2\/\"><strong>Asset Adibayev, Mart Susi, <\/strong><em>Protection of the Rights of Persons with Disabilities to Work: Kazakhstan\u2019s Experience from the Perspective of International Law and EU Law<\/em><\/a><\/p>\n<h4 style=\"text-align: justify;\">BOOK REVIEW<\/h4>\n<p style=\"text-align: justify;\"><a href=\"https:\/\/pravnizapisi.rs\/wp-content\/uploads\/2023\/07\/Pravni_zapisi_2023_01-09_Zaharijevic.pdf\"><strong>Adriana Zaharijevi\u0107, <\/strong><em>How Is the Gender-Competent Law Possible? Dragica Vujadinovi\u0107, Antonio \u00c1lvarez del Cuvillo, Susanne Strand (eds.), Feminist Approaches to Law \u2013 Theoretical and Historical Insights, Cham, Springer and LAWGEM, 2023.<\/em><\/a><\/p>\n<p style=\"text-align: justify;\">\n","protected":false},"excerpt":{"rendered":"<p>Union University Law School Review Year XIV, No. 1\/2023, Pages 1-222 UDK\u00a034 ISSN 2217-2815 (Printed Edition) eISSN 2406-1387 (Online Edition) TABLE OF CONTENTS GUEST EDITORIAL Maurizio Arcari, The War in Ukraine and the International Legal Order: What Comes After the Blues? ARTICLES Wasiq Dar, Boris Pra\u0161talo, The Investor\u2013State Arbitration Legitimacy Crisis: Could AI Be Its Future Savior (or Resurrector)? Aleksa Radonji\u0107, Who Is an Online Trader from the Consumer Law Perspective? From Serbia to the EU and Back Petar Anti\u0107, Sanctioning Hate Speech on the Internet: In Search of the Best Approach Mila Petrovi\u0107, Employer\u2019s Liability in Serbia for Damage [&hellip;]<\/p>\n","protected":false},"author":4,"featured_media":0,"parent":0,"menu_order":0,"comment_status":"closed","ping_status":"closed","template":"template-fullwidth.php","meta":{"footnotes":""},"class_list":["post-10034","page","type-page","status-publish","hentry"],"yoast_head":"<!-- This site is optimized with the Yoast SEO plugin v27.1.1 - https:\/\/yoast.com\/product\/yoast-seo-wordpress\/ -->\n<title>Pravni zapisi 1\/2023 - Pravni Zapisi<\/title>\n<meta name=\"robots\" content=\"index, follow, max-snippet:-1, max-image-preview:large, max-video-preview:-1\" \/>\n<link rel=\"canonical\" href=\"https:\/\/www.pravnizapisi.rs\/en\/pravni-zapisi-1-2023\/\" \/>\n<meta property=\"og:locale\" content=\"en_US\" \/>\n<meta property=\"og:type\" content=\"article\" \/>\n<meta property=\"og:title\" content=\"Pravni zapisi 1\/2023 - Pravni Zapisi\" \/>\n<meta property=\"og:description\" content=\"Union University Law School Review Year XIV, No. 1\/2023, Pages 1-222 UDK\u00a034 ISSN 2217-2815 (Printed Edition) eISSN 2406-1387 (Online Edition) TABLE OF CONTENTS GUEST EDITORIAL Maurizio Arcari, The War in Ukraine and the International Legal Order: What Comes After the Blues? ARTICLES Wasiq Dar, Boris Pra\u0161talo, The Investor\u2013State Arbitration Legitimacy Crisis: Could AI Be Its Future Savior (or Resurrector)? Aleksa Radonji\u0107, Who Is an Online Trader from the Consumer Law Perspective? From Serbia to the EU and Back Petar Anti\u0107, Sanctioning Hate Speech on the Internet: In Search of the Best Approach Mila Petrovi\u0107, Employer\u2019s Liability in Serbia for Damage [&hellip;]\" \/>\n<meta property=\"og:url\" content=\"https:\/\/www.pravnizapisi.rs\/en\/pravni-zapisi-1-2023\/\" \/>\n<meta property=\"og:site_name\" content=\"Pravni Zapisi\" \/>\n<meta property=\"article:modified_time\" content=\"2023-07-14T11:59:17+00:00\" \/>\n<meta property=\"og:image\" content=\"https:\/\/www.pravnizapisi.rs\/wp-content\/uploads\/2020\/07\/pzapisi.jpg\" \/>\n\t<meta property=\"og:image:width\" content=\"150\" \/>\n\t<meta property=\"og:image:height\" content=\"225\" \/>\n\t<meta property=\"og:image:type\" content=\"image\/jpeg\" \/>\n<meta name=\"twitter:card\" content=\"summary_large_image\" \/>\n<meta name=\"twitter:label1\" content=\"Est. reading time\" \/>\n\t<meta name=\"twitter:data1\" content=\"2 minutes\" \/>\n<script type=\"application\/ld+json\" class=\"yoast-schema-graph\">{\"@context\":\"https:\/\/schema.org\",\"@graph\":[{\"@type\":\"WebPage\",\"@id\":\"https:\/\/www.pravnizapisi.rs\/en\/pravni-zapisi-1-2023\/\",\"url\":\"https:\/\/www.pravnizapisi.rs\/en\/pravni-zapisi-1-2023\/\",\"name\":\"Pravni zapisi 1\/2023 - Pravni Zapisi\",\"isPartOf\":{\"@id\":\"https:\/\/pravnizapisi.rs\/#website\"},\"datePublished\":\"2023-07-14T10:04:34+00:00\",\"dateModified\":\"2023-07-14T11:59:17+00:00\",\"breadcrumb\":{\"@id\":\"https:\/\/www.pravnizapisi.rs\/en\/pravni-zapisi-1-2023\/#breadcrumb\"},\"inLanguage\":\"en-US\",\"potentialAction\":[{\"@type\":\"ReadAction\",\"target\":[\"https:\/\/www.pravnizapisi.rs\/en\/pravni-zapisi-1-2023\/\"]}]},{\"@type\":\"BreadcrumbList\",\"@id\":\"https:\/\/www.pravnizapisi.rs\/en\/pravni-zapisi-1-2023\/#breadcrumb\",\"itemListElement\":[{\"@type\":\"ListItem\",\"position\":1,\"name\":\"\u041f\u043e\u0447\u0435\u0442\u043d\u0430\",\"item\":\"https:\/\/www.pravnizapisi.rs\/en\/\"},{\"@type\":\"ListItem\",\"position\":2,\"name\":\"Pravni zapisi 1\/2023\"}]},{\"@type\":\"WebSite\",\"@id\":\"https:\/\/pravnizapisi.rs\/#website\",\"url\":\"https:\/\/pravnizapisi.rs\/\",\"name\":\"Pravni Zapisi\",\"description\":\"\",\"publisher\":{\"@id\":\"https:\/\/pravnizapisi.rs\/#organization\"},\"potentialAction\":[{\"@type\":\"SearchAction\",\"target\":{\"@type\":\"EntryPoint\",\"urlTemplate\":\"https:\/\/pravnizapisi.rs\/?s={search_term_string}\"},\"query-input\":{\"@type\":\"PropertyValueSpecification\",\"valueRequired\":true,\"valueName\":\"search_term_string\"}}],\"inLanguage\":\"en-US\"},{\"@type\":\"Organization\",\"@id\":\"https:\/\/pravnizapisi.rs\/#organization\",\"name\":\"Pravni Zapisi\",\"url\":\"https:\/\/pravnizapisi.rs\/\",\"logo\":{\"@type\":\"ImageObject\",\"inLanguage\":\"en-US\",\"@id\":\"https:\/\/pravnizapisi.rs\/#\/schema\/logo\/image\/\",\"url\":\"https:\/\/www.pravnizapisi.rs\/wp-content\/uploads\/2019\/11\/cropped-Header-logo-srb-1-1.jpg\",\"contentUrl\":\"https:\/\/www.pravnizapisi.rs\/wp-content\/uploads\/2019\/11\/cropped-Header-logo-srb-1-1.jpg\",\"width\":580,\"height\":80,\"caption\":\"Pravni Zapisi\"},\"image\":{\"@id\":\"https:\/\/pravnizapisi.rs\/#\/schema\/logo\/image\/\"}}]}<\/script>\n<!-- \/ Yoast SEO plugin. -->","yoast_head_json":{"title":"Pravni zapisi 1\/2023 - Pravni Zapisi","robots":{"index":"index","follow":"follow","max-snippet":"max-snippet:-1","max-image-preview":"max-image-preview:large","max-video-preview":"max-video-preview:-1"},"canonical":"https:\/\/www.pravnizapisi.rs\/en\/pravni-zapisi-1-2023\/","og_locale":"en_US","og_type":"article","og_title":"Pravni zapisi 1\/2023 - Pravni Zapisi","og_description":"Union University Law School Review Year XIV, No. 1\/2023, Pages 1-222 UDK\u00a034 ISSN 2217-2815 (Printed Edition) eISSN 2406-1387 (Online Edition) TABLE OF CONTENTS GUEST EDITORIAL Maurizio Arcari, The War in Ukraine and the International Legal Order: What Comes After the Blues? ARTICLES Wasiq Dar, Boris Pra\u0161talo, The Investor\u2013State Arbitration Legitimacy Crisis: Could AI Be Its Future Savior (or Resurrector)? Aleksa Radonji\u0107, Who Is an Online Trader from the Consumer Law Perspective? From Serbia to the EU and Back Petar Anti\u0107, Sanctioning Hate Speech on the Internet: In Search of the Best Approach Mila Petrovi\u0107, Employer\u2019s Liability in Serbia for Damage [&hellip;]","og_url":"https:\/\/www.pravnizapisi.rs\/en\/pravni-zapisi-1-2023\/","og_site_name":"Pravni Zapisi","article_modified_time":"2023-07-14T11:59:17+00:00","og_image":[{"width":150,"height":225,"url":"https:\/\/www.pravnizapisi.rs\/wp-content\/uploads\/2020\/07\/pzapisi.jpg","type":"image\/jpeg"}],"twitter_card":"summary_large_image","twitter_misc":{"Est. reading time":"2 minutes"},"schema":{"@context":"https:\/\/schema.org","@graph":[{"@type":"WebPage","@id":"https:\/\/www.pravnizapisi.rs\/en\/pravni-zapisi-1-2023\/","url":"https:\/\/www.pravnizapisi.rs\/en\/pravni-zapisi-1-2023\/","name":"Pravni zapisi 1\/2023 - Pravni Zapisi","isPartOf":{"@id":"https:\/\/pravnizapisi.rs\/#website"},"datePublished":"2023-07-14T10:04:34+00:00","dateModified":"2023-07-14T11:59:17+00:00","breadcrumb":{"@id":"https:\/\/www.pravnizapisi.rs\/en\/pravni-zapisi-1-2023\/#breadcrumb"},"inLanguage":"en-US","potentialAction":[{"@type":"ReadAction","target":["https:\/\/www.pravnizapisi.rs\/en\/pravni-zapisi-1-2023\/"]}]},{"@type":"BreadcrumbList","@id":"https:\/\/www.pravnizapisi.rs\/en\/pravni-zapisi-1-2023\/#breadcrumb","itemListElement":[{"@type":"ListItem","position":1,"name":"\u041f\u043e\u0447\u0435\u0442\u043d\u0430","item":"https:\/\/www.pravnizapisi.rs\/en\/"},{"@type":"ListItem","position":2,"name":"Pravni zapisi 1\/2023"}]},{"@type":"WebSite","@id":"https:\/\/pravnizapisi.rs\/#website","url":"https:\/\/pravnizapisi.rs\/","name":"Pravni Zapisi","description":"","publisher":{"@id":"https:\/\/pravnizapisi.rs\/#organization"},"potentialAction":[{"@type":"SearchAction","target":{"@type":"EntryPoint","urlTemplate":"https:\/\/pravnizapisi.rs\/?s={search_term_string}"},"query-input":{"@type":"PropertyValueSpecification","valueRequired":true,"valueName":"search_term_string"}}],"inLanguage":"en-US"},{"@type":"Organization","@id":"https:\/\/pravnizapisi.rs\/#organization","name":"Pravni Zapisi","url":"https:\/\/pravnizapisi.rs\/","logo":{"@type":"ImageObject","inLanguage":"en-US","@id":"https:\/\/pravnizapisi.rs\/#\/schema\/logo\/image\/","url":"https:\/\/www.pravnizapisi.rs\/wp-content\/uploads\/2019\/11\/cropped-Header-logo-srb-1-1.jpg","contentUrl":"https:\/\/www.pravnizapisi.rs\/wp-content\/uploads\/2019\/11\/cropped-Header-logo-srb-1-1.jpg","width":580,"height":80,"caption":"Pravni Zapisi"},"image":{"@id":"https:\/\/pravnizapisi.rs\/#\/schema\/logo\/image\/"}}]}},"_links":{"self":[{"href":"https:\/\/www.pravnizapisi.rs\/en\/wp-json\/wp\/v2\/pages\/10034","targetHints":{"allow":["GET"]}}],"collection":[{"href":"https:\/\/www.pravnizapisi.rs\/en\/wp-json\/wp\/v2\/pages"}],"about":[{"href":"https:\/\/www.pravnizapisi.rs\/en\/wp-json\/wp\/v2\/types\/page"}],"author":[{"embeddable":true,"href":"https:\/\/www.pravnizapisi.rs\/en\/wp-json\/wp\/v2\/users\/4"}],"replies":[{"embeddable":true,"href":"https:\/\/www.pravnizapisi.rs\/en\/wp-json\/wp\/v2\/comments?post=10034"}],"version-history":[{"count":0,"href":"https:\/\/www.pravnizapisi.rs\/en\/wp-json\/wp\/v2\/pages\/10034\/revisions"}],"wp:attachment":[{"href":"https:\/\/www.pravnizapisi.rs\/en\/wp-json\/wp\/v2\/media?parent=10034"}],"curies":[{"name":"wp","href":"https:\/\/api.w.org\/{rel}","templated":true}]}}