{"id":10107,"date":"2023-07-14T11:33:39","date_gmt":"2023-07-14T11:33:39","guid":{"rendered":"https:\/\/pravnizapisi.rs\/?page_id=10107"},"modified":"2023-07-14T11:33:39","modified_gmt":"2023-07-14T11:33:39","slug":"10107-2","status":"publish","type":"page","link":"https:\/\/www.pravnizapisi.rs\/en\/pravni-zapisi-1-2023\/10107-2\/","title":{"rendered":""},"content":{"rendered":"<p style=\"text-align: center;\">PRAVNI ZAPISI \u2022 Year XIV \u2022 No. 1 \u2022 pp. 126-147<\/p>\n<h3><strong>HOW MUCH FOR A LEGAL INTERN? INTERNSHIPS AT LAW OFFICES IN SERBIA<\/strong><\/h3>\n<figure id=\"attachment_9398\" aria-describedby=\"caption-attachment-9398\" style=\"width: 95px\" class=\"wp-caption alignright\"><a href=\"https:\/\/pravnizapisi.rs\/wp-content\/uploads\/2023\/07\/Pravni_zapisi_2023_01-06_Djordjevic-Vlajic.pdf\"><img loading=\"lazy\" decoding=\"async\" class=\"wp-image-9398\" src=\"https:\/\/pravnizapisi.rs\/wp-content\/uploads\/2021\/12\/Naslovna-2021-02.jpg\" alt=\"\" width=\"95\" height=\"141\" srcset=\"https:\/\/www.pravnizapisi.rs\/wp-content\/uploads\/2021\/12\/Naslovna-2021-02.jpg 808w, https:\/\/www.pravnizapisi.rs\/wp-content\/uploads\/2021\/12\/Naslovna-2021-02-202x300.jpg 202w, https:\/\/www.pravnizapisi.rs\/wp-content\/uploads\/2021\/12\/Naslovna-2021-02-689x1024.jpg 689w, https:\/\/www.pravnizapisi.rs\/wp-content\/uploads\/2021\/12\/Naslovna-2021-02-768x1141.jpg 768w, https:\/\/www.pravnizapisi.rs\/wp-content\/uploads\/2021\/12\/Naslovna-2021-02-624x927.jpg 624w\" sizes=\"auto, (max-width: 95px) 100vw, 95px\" \/><\/a><figcaption id=\"caption-attachment-9398\" class=\"wp-caption-text\"><em>Language: English<\/em><\/figcaption><\/figure>\n<h4><strong>Mila \u0110or\u0111evi\u0107<br \/>\n<\/strong><strong>Teaching Assistant, Faculty of Law, University of Belgrade, Belgrade<br \/>\n<\/strong><strong>e-mail: <\/strong><a href=\"mailto:mila@ius.bg.ac.rs\">mila@ius.bg.ac.rs<\/a><\/h4>\n<h4><strong>Milica Vlaji\u0107<br \/>\n<\/strong><strong>Junior Research Assistant, Institute for Sociological Research, University of Belgrade, Faculty of Philosophy, Belgrade<br \/>\n<\/strong><strong style=\"color: revert; font-size: revert;\"><strong>e-mail: <a href=\"mailto:milica.vlajic3@gmail.com\">milica.vlajic3@gmail.com<\/a><\/strong> <\/strong><\/h4>\n<h4><\/h4>\n<p><span style=\"color: #ffffff;\">.<\/span><\/p>\n<p>Pravni zapisi, No. 1\/2023, pp. 126-147<\/p>\n<p>Original Scientific Article<\/p>\n<p style=\"text-align: justify;\"><strong>DOI<\/strong>: 10.5937\/pravzap1\u201340711<\/p>\n<p style=\"text-align: justify;\"><span style=\"text-decoration: underline;\"><strong>KEY WORDS<br \/>\n<\/strong><\/span>legal profession, legal interns, young people, labour market<\/p>\n<p style=\"text-align: justify;\"><span style=\"text-decoration: underline;\"><strong>ABSTRACT<br \/>\n<\/strong><\/span>The aim of this paper is to examine the position of legal interns in Serbia. The first part of the paper provides the theoretical framework for the research, as well as an overview of the normative position of legal interns, whereas the second part presents the methodological framework of the research and analysis of the data collected from 517 respondents. The results of the study confirm the hypothesis that current socio-economic changes have led to the transmission of stratification within the legal profession to the position of legal interns. Additionally, the data provide valuable insights into the experiences and challenges faced by legal interns, which have implications for the review of legal regulations governing their rights and obligations.<\/p>\n","protected":false},"excerpt":{"rendered":"<p>PRAVNI ZAPISI \u2022 Year XIV \u2022 No. 1 \u2022 pp. 126-147 HOW MUCH FOR A LEGAL INTERN? INTERNSHIPS AT LAW OFFICES IN SERBIA Mila \u0110or\u0111evi\u0107 Teaching Assistant, Faculty of Law, University of Belgrade, Belgrade e-mail: mila@ius.bg.ac.rs Milica Vlaji\u0107 Junior Research Assistant, Institute for Sociological Research, University of Belgrade, Faculty of Philosophy, Belgrade e-mail: milica.vlajic3@gmail.com . Pravni zapisi, No. 1\/2023, pp. 126-147 Original Scientific Article DOI: 10.5937\/pravzap1\u201340711 KEY WORDS legal profession, legal interns, young people, labour market ABSTRACT The aim of this paper is to examine the position of legal interns in Serbia. The first part of the paper provides the [&hellip;]<\/p>\n","protected":false},"author":4,"featured_media":0,"parent":10034,"menu_order":0,"comment_status":"closed","ping_status":"closed","template":"template-article.php","meta":{"footnotes":""},"class_list":["post-10107","page","type-page","status-publish","hentry"],"yoast_head":"<!-- This site is optimized with the Yoast SEO plugin v27.1.1 - https:\/\/yoast.com\/product\/yoast-seo-wordpress\/ -->\n<title>- Pravni Zapisi<\/title>\n<meta name=\"robots\" content=\"index, follow, max-snippet:-1, max-image-preview:large, max-video-preview:-1\" \/>\n<link rel=\"canonical\" href=\"https:\/\/www.pravnizapisi.rs\/pravni-zapisi-1-2023\/10103-2\/\" \/>\n<meta property=\"og:locale\" content=\"en_US\" \/>\n<meta property=\"og:type\" content=\"article\" \/>\n<meta property=\"og:title\" content=\"- Pravni Zapisi\" \/>\n<meta property=\"og:description\" content=\"PRAVNI ZAPISI \u2022 Year XIV \u2022 No. 1 \u2022 pp. 126-147 HOW MUCH FOR A LEGAL INTERN? INTERNSHIPS AT LAW OFFICES IN SERBIA Mila \u0110or\u0111evi\u0107 Teaching Assistant, Faculty of Law, University of Belgrade, Belgrade e-mail: mila@ius.bg.ac.rs Milica Vlaji\u0107 Junior Research Assistant, Institute for Sociological Research, University of Belgrade, Faculty of Philosophy, Belgrade e-mail: milica.vlajic3@gmail.com . Pravni zapisi, No. 1\/2023, pp. 126-147 Original Scientific Article DOI: 10.5937\/pravzap1\u201340711 KEY WORDS legal profession, legal interns, young people, labour market ABSTRACT The aim of this paper is to examine the position of legal interns in Serbia. The first part of the paper provides the [&hellip;]\" \/>\n<meta property=\"og:url\" content=\"https:\/\/www.pravnizapisi.rs\/pravni-zapisi-1-2023\/10103-2\/\" \/>\n<meta property=\"og:site_name\" content=\"Pravni Zapisi\" \/>\n<meta property=\"og:image\" content=\"https:\/\/pravnizapisi.rs\/wp-content\/uploads\/2021\/12\/Naslovna-2021-02.jpg\" \/>\n<meta name=\"twitter:card\" content=\"summary_large_image\" \/>\n<meta name=\"twitter:label1\" content=\"Est. reading time\" \/>\n\t<meta name=\"twitter:data1\" content=\"2 minutes\" \/>\n<script type=\"application\/ld+json\" class=\"yoast-schema-graph\">{\"@context\":\"https:\/\/schema.org\",\"@graph\":[{\"@type\":\"WebPage\",\"@id\":\"https:\/\/www.pravnizapisi.rs\/pravni-zapisi-1-2023\/10103-2\/\",\"url\":\"https:\/\/www.pravnizapisi.rs\/pravni-zapisi-1-2023\/10103-2\/\",\"name\":\"- Pravni Zapisi\",\"isPartOf\":{\"@id\":\"https:\/\/pravnizapisi.rs\/#website\"},\"primaryImageOfPage\":{\"@id\":\"https:\/\/www.pravnizapisi.rs\/pravni-zapisi-1-2023\/10103-2\/#primaryimage\"},\"image\":{\"@id\":\"https:\/\/www.pravnizapisi.rs\/pravni-zapisi-1-2023\/10103-2\/#primaryimage\"},\"thumbnailUrl\":\"https:\/\/pravnizapisi.rs\/wp-content\/uploads\/2021\/12\/Naslovna-2021-02.jpg\",\"datePublished\":\"2023-07-14T11:33:39+00:00\",\"breadcrumb\":{\"@id\":\"https:\/\/www.pravnizapisi.rs\/pravni-zapisi-1-2023\/10103-2\/#breadcrumb\"},\"inLanguage\":\"en-US\",\"potentialAction\":[{\"@type\":\"ReadAction\",\"target\":[\"https:\/\/www.pravnizapisi.rs\/pravni-zapisi-1-2023\/10103-2\/\"]}]},{\"@type\":\"ImageObject\",\"inLanguage\":\"en-US\",\"@id\":\"https:\/\/www.pravnizapisi.rs\/pravni-zapisi-1-2023\/10103-2\/#primaryimage\",\"url\":\"https:\/\/pravnizapisi.rs\/wp-content\/uploads\/2021\/12\/Naslovna-2021-02.jpg\",\"contentUrl\":\"https:\/\/pravnizapisi.rs\/wp-content\/uploads\/2021\/12\/Naslovna-2021-02.jpg\"},{\"@type\":\"BreadcrumbList\",\"@id\":\"https:\/\/www.pravnizapisi.rs\/pravni-zapisi-1-2023\/10103-2\/#breadcrumb\",\"itemListElement\":[{\"@type\":\"ListItem\",\"position\":1,\"name\":\"\u041f\u043e\u0447\u0435\u0442\u043d\u0430\",\"item\":\"https:\/\/www.pravnizapisi.rs\/en\/\"},{\"@type\":\"ListItem\",\"position\":2,\"name\":\"Pravni zapisi 1\/2023\",\"item\":\"https:\/\/www.pravnizapisi.rs\/en\/pravni-zapisi-1-2023\/\"}]},{\"@type\":\"WebSite\",\"@id\":\"https:\/\/pravnizapisi.rs\/#website\",\"url\":\"https:\/\/pravnizapisi.rs\/\",\"name\":\"Pravni Zapisi\",\"description\":\"\",\"publisher\":{\"@id\":\"https:\/\/pravnizapisi.rs\/#organization\"},\"potentialAction\":[{\"@type\":\"SearchAction\",\"target\":{\"@type\":\"EntryPoint\",\"urlTemplate\":\"https:\/\/pravnizapisi.rs\/?s={search_term_string}\"},\"query-input\":{\"@type\":\"PropertyValueSpecification\",\"valueRequired\":true,\"valueName\":\"search_term_string\"}}],\"inLanguage\":\"en-US\"},{\"@type\":\"Organization\",\"@id\":\"https:\/\/pravnizapisi.rs\/#organization\",\"name\":\"Pravni Zapisi\",\"url\":\"https:\/\/pravnizapisi.rs\/\",\"logo\":{\"@type\":\"ImageObject\",\"inLanguage\":\"en-US\",\"@id\":\"https:\/\/pravnizapisi.rs\/#\/schema\/logo\/image\/\",\"url\":\"https:\/\/www.pravnizapisi.rs\/wp-content\/uploads\/2019\/11\/cropped-Header-logo-srb-1-1.jpg\",\"contentUrl\":\"https:\/\/www.pravnizapisi.rs\/wp-content\/uploads\/2019\/11\/cropped-Header-logo-srb-1-1.jpg\",\"width\":580,\"height\":80,\"caption\":\"Pravni Zapisi\"},\"image\":{\"@id\":\"https:\/\/pravnizapisi.rs\/#\/schema\/logo\/image\/\"}}]}<\/script>\n<!-- \/ Yoast SEO plugin. -->","yoast_head_json":{"title":"- Pravni Zapisi","robots":{"index":"index","follow":"follow","max-snippet":"max-snippet:-1","max-image-preview":"max-image-preview:large","max-video-preview":"max-video-preview:-1"},"canonical":"https:\/\/www.pravnizapisi.rs\/pravni-zapisi-1-2023\/10103-2\/","og_locale":"en_US","og_type":"article","og_title":"- Pravni Zapisi","og_description":"PRAVNI ZAPISI \u2022 Year XIV \u2022 No. 1 \u2022 pp. 126-147 HOW MUCH FOR A LEGAL INTERN? INTERNSHIPS AT LAW OFFICES IN SERBIA Mila \u0110or\u0111evi\u0107 Teaching Assistant, Faculty of Law, University of Belgrade, Belgrade e-mail: mila@ius.bg.ac.rs Milica Vlaji\u0107 Junior Research Assistant, Institute for Sociological Research, University of Belgrade, Faculty of Philosophy, Belgrade e-mail: milica.vlajic3@gmail.com . Pravni zapisi, No. 1\/2023, pp. 126-147 Original Scientific Article DOI: 10.5937\/pravzap1\u201340711 KEY WORDS legal profession, legal interns, young people, labour market ABSTRACT The aim of this paper is to examine the position of legal interns in Serbia. The first part of the paper provides the [&hellip;]","og_url":"https:\/\/www.pravnizapisi.rs\/pravni-zapisi-1-2023\/10103-2\/","og_site_name":"Pravni Zapisi","og_image":[{"url":"https:\/\/pravnizapisi.rs\/wp-content\/uploads\/2021\/12\/Naslovna-2021-02.jpg","type":"","width":"","height":""}],"twitter_card":"summary_large_image","twitter_misc":{"Est. reading time":"2 minutes"},"schema":{"@context":"https:\/\/schema.org","@graph":[{"@type":"WebPage","@id":"https:\/\/www.pravnizapisi.rs\/pravni-zapisi-1-2023\/10103-2\/","url":"https:\/\/www.pravnizapisi.rs\/pravni-zapisi-1-2023\/10103-2\/","name":"- Pravni Zapisi","isPartOf":{"@id":"https:\/\/pravnizapisi.rs\/#website"},"primaryImageOfPage":{"@id":"https:\/\/www.pravnizapisi.rs\/pravni-zapisi-1-2023\/10103-2\/#primaryimage"},"image":{"@id":"https:\/\/www.pravnizapisi.rs\/pravni-zapisi-1-2023\/10103-2\/#primaryimage"},"thumbnailUrl":"https:\/\/pravnizapisi.rs\/wp-content\/uploads\/2021\/12\/Naslovna-2021-02.jpg","datePublished":"2023-07-14T11:33:39+00:00","breadcrumb":{"@id":"https:\/\/www.pravnizapisi.rs\/pravni-zapisi-1-2023\/10103-2\/#breadcrumb"},"inLanguage":"en-US","potentialAction":[{"@type":"ReadAction","target":["https:\/\/www.pravnizapisi.rs\/pravni-zapisi-1-2023\/10103-2\/"]}]},{"@type":"ImageObject","inLanguage":"en-US","@id":"https:\/\/www.pravnizapisi.rs\/pravni-zapisi-1-2023\/10103-2\/#primaryimage","url":"https:\/\/pravnizapisi.rs\/wp-content\/uploads\/2021\/12\/Naslovna-2021-02.jpg","contentUrl":"https:\/\/pravnizapisi.rs\/wp-content\/uploads\/2021\/12\/Naslovna-2021-02.jpg"},{"@type":"BreadcrumbList","@id":"https:\/\/www.pravnizapisi.rs\/pravni-zapisi-1-2023\/10103-2\/#breadcrumb","itemListElement":[{"@type":"ListItem","position":1,"name":"\u041f\u043e\u0447\u0435\u0442\u043d\u0430","item":"https:\/\/www.pravnizapisi.rs\/en\/"},{"@type":"ListItem","position":2,"name":"Pravni zapisi 1\/2023","item":"https:\/\/www.pravnizapisi.rs\/en\/pravni-zapisi-1-2023\/"}]},{"@type":"WebSite","@id":"https:\/\/pravnizapisi.rs\/#website","url":"https:\/\/pravnizapisi.rs\/","name":"Pravni Zapisi","description":"","publisher":{"@id":"https:\/\/pravnizapisi.rs\/#organization"},"potentialAction":[{"@type":"SearchAction","target":{"@type":"EntryPoint","urlTemplate":"https:\/\/pravnizapisi.rs\/?s={search_term_string}"},"query-input":{"@type":"PropertyValueSpecification","valueRequired":true,"valueName":"search_term_string"}}],"inLanguage":"en-US"},{"@type":"Organization","@id":"https:\/\/pravnizapisi.rs\/#organization","name":"Pravni Zapisi","url":"https:\/\/pravnizapisi.rs\/","logo":{"@type":"ImageObject","inLanguage":"en-US","@id":"https:\/\/pravnizapisi.rs\/#\/schema\/logo\/image\/","url":"https:\/\/www.pravnizapisi.rs\/wp-content\/uploads\/2019\/11\/cropped-Header-logo-srb-1-1.jpg","contentUrl":"https:\/\/www.pravnizapisi.rs\/wp-content\/uploads\/2019\/11\/cropped-Header-logo-srb-1-1.jpg","width":580,"height":80,"caption":"Pravni Zapisi"},"image":{"@id":"https:\/\/pravnizapisi.rs\/#\/schema\/logo\/image\/"}}]}},"_links":{"self":[{"href":"https:\/\/www.pravnizapisi.rs\/en\/wp-json\/wp\/v2\/pages\/10107","targetHints":{"allow":["GET"]}}],"collection":[{"href":"https:\/\/www.pravnizapisi.rs\/en\/wp-json\/wp\/v2\/pages"}],"about":[{"href":"https:\/\/www.pravnizapisi.rs\/en\/wp-json\/wp\/v2\/types\/page"}],"author":[{"embeddable":true,"href":"https:\/\/www.pravnizapisi.rs\/en\/wp-json\/wp\/v2\/users\/4"}],"replies":[{"embeddable":true,"href":"https:\/\/www.pravnizapisi.rs\/en\/wp-json\/wp\/v2\/comments?post=10107"}],"version-history":[{"count":0,"href":"https:\/\/www.pravnizapisi.rs\/en\/wp-json\/wp\/v2\/pages\/10107\/revisions"}],"up":[{"embeddable":true,"href":"https:\/\/www.pravnizapisi.rs\/en\/wp-json\/wp\/v2\/pages\/10034"}],"wp:attachment":[{"href":"https:\/\/www.pravnizapisi.rs\/en\/wp-json\/wp\/v2\/media?parent=10107"}],"curies":[{"name":"wp","href":"https:\/\/api.w.org\/{rel}","templated":true}]}}