{"id":10187,"date":"2023-12-24T13:43:16","date_gmt":"2023-12-24T13:43:16","guid":{"rendered":"https:\/\/pravnizapisi.rs\/?page_id=10187"},"modified":"2023-12-24T15:49:35","modified_gmt":"2023-12-24T15:49:35","slug":"pravni-zapisi-2-2023","status":"publish","type":"page","link":"https:\/\/www.pravnizapisi.rs\/en\/pravni-zapisi-2-2023\/","title":{"rendered":"Pravni zapisi 2\/2023"},"content":{"rendered":"<p style=\"text-align: justify;\"><em><strong>Union University Law School Review<\/strong><\/em><br \/>\n<em><strong>Year XIV, No. 2\/2023, Pages 223-517<\/strong><\/em><\/p>\n<table style=\"height: 35px;\" width=\"364\" frame=\"void\">\n<tbody>\n<tr>\n<td valign=\"top\"><strong>UDK\u00a034<\/strong><\/td>\n<td align=\"left\" valign=\"top\">\n<div><strong>ISSN 2217-2815 (Printed Edition)<\/strong><\/div>\n<div><strong>eISSN 2406-1387 (Online Edition)<\/strong><\/div>\n<\/td>\n<\/tr>\n<\/tbody>\n<\/table>\n<hr \/>\n<h3 style=\"text-align: center;\">TABLE OF CONTENTS<\/h3>\n<h4 style=\"text-align: justify;\">GUEST EDITORIAL<\/h4>\n<p><a href=\"https:\/\/pravnizapisi.rs\/wp-content\/uploads\/2023\/12\/Pravni_zapisi_2023_02-01_Benedek.pdf\"><strong>Wolfgang Benedek, <\/strong><em>Digital Human Rights and Artificial Intelligence<\/em><\/a><\/p>\n<h4 style=\"text-align: justify;\">ARTICLES<\/h4>\n<p style=\"text-align: justify;\"><a href=\"https:\/\/pravnizapisi.rs\/en\/pravni-zapisi-2-2023\/10202-2\/\"><strong>Tibor Tajti (Thaythy), <\/strong><em>A New Frontier: The Challenges Surrounding the Deepening Impact of Data Protection Regulations on Bankruptcy Law<\/em><\/a><\/p>\n<p style=\"text-align: justify;\"><a href=\"https:\/\/pravnizapisi.rs\/en\/pravni-zapisi-2-2023\/10213-2\/\"><strong>Samir Ali\u010di\u0107, <\/strong><em>A New Possible Interpretation of Digest of Justinian D.9.2.27.14: A Contribution to the Study of Precursors of Environmental Law in Roman Law<\/em><\/a><\/p>\n<p style=\"text-align: justify;\"><a href=\"https:\/\/pravnizapisi.rs\/en\/pravni-zapisi-2-2023\/10222-2\/\"><strong>Paolo Zicchittu, <\/strong><em>The Enactment of Article 11 of the Italian Constitution: Between Domestic and International Law<\/em><\/a><\/p>\n<p style=\"text-align: justify;\"><a href=\"https:\/\/pravnizapisi.rs\/en\/pravni-zapisi-2-2023\/10231-2\/\"><strong>Svetislav V. Kosti\u0107, Jelena Jerini\u0107, <\/strong><em>The Effects of Modern Technology on Legal Certainty in Tax Law: The New Frontier<\/em><\/a><\/p>\n<p style=\"text-align: justify;\"><a href=\"https:\/\/pravnizapisi.rs\/en\/pravni-zapisi-2-2023\/10240-2\/\"><strong>Marko Bo\u017ei\u0107, <\/strong><em>Dissenters and Dissidents: Religious Conscientious Objectors under Yugoslav Military Criminal Law 1945-1991<\/em><\/a><\/p>\n<p><a href=\"https:\/\/pravnizapisi.rs\/en\/pravni-zapisi-2-2023\/10250-2\/\"><strong>Iva To\u0161i\u0107, Jovana Misailovi\u0107, <\/strong><em>Compliance Officers in Serbia: Employees or Interim Managers?<\/em><\/a><\/p>\n<p><a href=\"https:\/\/pravnizapisi.rs\/en\/pravni-zapisi-2-2023\/10259-2\/\"><strong>Ivana Bara\u0107, <\/strong><em>Posthumous Reproduction: Life After Death?<\/em><\/a><\/p>\n<p><a href=\"https:\/\/pravnizapisi.rs\/en\/pravni-zapisi-2-2023\/10269-2\/\"><strong>Milo\u0161 Kuzman, <\/strong><em>Electric Vehicles in Serbia: Instrument for the Energy Transition?<\/em><\/a><\/p>\n<h4 style=\"text-align: justify;\">BOOK REVIEW<\/h4>\n<p style=\"text-align: justify;\"><a href=\"https:\/\/pravnizapisi.rs\/wp-content\/uploads\/2023\/12\/Pravni_zapisi_2023_02-10_Ilic.pdf\"><strong>Tamara Ili\u0107, <\/strong><em>Long-Awaited New History of Medieval Serbian Law: Sr\u0111an \u0160arki\u0107, A History of Serbian Mediaeval Law, Leiden\u2013Boston, Brill, 2023, 616 pp.<\/em><\/a><\/p>\n<p><a href=\"https:\/\/pravnizapisi.rs\/wp-content\/uploads\/2023\/12\/Pravni_zapisi_2023_02-11_Bohinc.pdf\"><strong>Erazem Bohinc, <\/strong><em>Crises, Evolution, and the Future of EU Constitutionalism: Matej Avbelj (ed.), The Future of EU Constitutionalism, Oxford, Hart Publishing, 2023 <\/em><\/a><\/p>\n<h4 style=\"text-align: justify;\">CHRONICLE<\/h4>\n<p><a href=\"https:\/\/pravnizapisi.rs\/wp-content\/uploads\/2023\/12\/Pravni_zapisi_2023_02-12_Hronika_Fakulteta.pdf\"><em>Union University Law School Chronicle (2022\/2023)<\/em>, Contributor <strong>Jovana Popovi\u0107<\/strong><\/a><\/p>\n<p style=\"text-align: justify;\">\n","protected":false},"excerpt":{"rendered":"<p>Union University Law School Review Year XIV, No. 2\/2023, Pages 223-517 UDK\u00a034 ISSN 2217-2815 (Printed Edition) eISSN 2406-1387 (Online Edition) TABLE OF CONTENTS GUEST EDITORIAL Wolfgang Benedek, Digital Human Rights and Artificial Intelligence ARTICLES Tibor Tajti (Thaythy), A New Frontier: The Challenges Surrounding the Deepening Impact of Data Protection Regulations on Bankruptcy Law Samir Ali\u010di\u0107, A New Possible Interpretation of Digest of Justinian D.9.2.27.14: A Contribution to the Study of Precursors of Environmental Law in Roman Law Paolo Zicchittu, The Enactment of Article 11 of the Italian Constitution: Between Domestic and International Law Svetislav V. Kosti\u0107, Jelena Jerini\u0107, The Effects [&hellip;]<\/p>\n","protected":false},"author":4,"featured_media":0,"parent":0,"menu_order":0,"comment_status":"closed","ping_status":"closed","template":"template-fullwidth.php","meta":{"footnotes":""},"class_list":["post-10187","page","type-page","status-publish","hentry"],"yoast_head":"<!-- This site is optimized with the Yoast SEO plugin v27.1.1 - https:\/\/yoast.com\/product\/yoast-seo-wordpress\/ -->\n<title>Pravni zapisi 2\/2023 - Pravni Zapisi<\/title>\n<meta name=\"robots\" content=\"index, follow, max-snippet:-1, max-image-preview:large, max-video-preview:-1\" \/>\n<link rel=\"canonical\" href=\"https:\/\/www.pravnizapisi.rs\/en\/pravni-zapisi-2-2023\/\" \/>\n<meta property=\"og:locale\" content=\"en_US\" \/>\n<meta property=\"og:type\" content=\"article\" \/>\n<meta property=\"og:title\" content=\"Pravni zapisi 2\/2023 - Pravni Zapisi\" \/>\n<meta property=\"og:description\" content=\"Union University Law School Review Year XIV, No. 2\/2023, Pages 223-517 UDK\u00a034 ISSN 2217-2815 (Printed Edition) eISSN 2406-1387 (Online Edition) TABLE OF CONTENTS GUEST EDITORIAL Wolfgang Benedek, Digital Human Rights and Artificial Intelligence ARTICLES Tibor Tajti (Thaythy), A New Frontier: The Challenges Surrounding the Deepening Impact of Data Protection Regulations on Bankruptcy Law Samir Ali\u010di\u0107, A New Possible Interpretation of Digest of Justinian D.9.2.27.14: A Contribution to the Study of Precursors of Environmental Law in Roman Law Paolo Zicchittu, The Enactment of Article 11 of the Italian Constitution: Between Domestic and International Law Svetislav V. Kosti\u0107, Jelena Jerini\u0107, The Effects [&hellip;]\" \/>\n<meta property=\"og:url\" content=\"https:\/\/www.pravnizapisi.rs\/en\/pravni-zapisi-2-2023\/\" \/>\n<meta property=\"og:site_name\" content=\"Pravni Zapisi\" \/>\n<meta property=\"article:modified_time\" content=\"2023-12-24T15:49:35+00:00\" \/>\n<meta property=\"og:image\" content=\"https:\/\/www.pravnizapisi.rs\/wp-content\/uploads\/2020\/07\/pzapisi.jpg\" \/>\n\t<meta property=\"og:image:width\" content=\"150\" \/>\n\t<meta property=\"og:image:height\" content=\"225\" \/>\n\t<meta property=\"og:image:type\" content=\"image\/jpeg\" \/>\n<meta name=\"twitter:card\" content=\"summary_large_image\" \/>\n<meta name=\"twitter:label1\" content=\"Est. reading time\" \/>\n\t<meta name=\"twitter:data1\" content=\"2 minutes\" \/>\n<script type=\"application\/ld+json\" class=\"yoast-schema-graph\">{\"@context\":\"https:\/\/schema.org\",\"@graph\":[{\"@type\":\"WebPage\",\"@id\":\"https:\/\/www.pravnizapisi.rs\/en\/pravni-zapisi-2-2023\/\",\"url\":\"https:\/\/www.pravnizapisi.rs\/en\/pravni-zapisi-2-2023\/\",\"name\":\"Pravni zapisi 2\/2023 - Pravni Zapisi\",\"isPartOf\":{\"@id\":\"https:\/\/pravnizapisi.rs\/#website\"},\"datePublished\":\"2023-12-24T13:43:16+00:00\",\"dateModified\":\"2023-12-24T15:49:35+00:00\",\"breadcrumb\":{\"@id\":\"https:\/\/www.pravnizapisi.rs\/en\/pravni-zapisi-2-2023\/#breadcrumb\"},\"inLanguage\":\"en-US\",\"potentialAction\":[{\"@type\":\"ReadAction\",\"target\":[\"https:\/\/www.pravnizapisi.rs\/en\/pravni-zapisi-2-2023\/\"]}]},{\"@type\":\"BreadcrumbList\",\"@id\":\"https:\/\/www.pravnizapisi.rs\/en\/pravni-zapisi-2-2023\/#breadcrumb\",\"itemListElement\":[{\"@type\":\"ListItem\",\"position\":1,\"name\":\"\u041f\u043e\u0447\u0435\u0442\u043d\u0430\",\"item\":\"https:\/\/www.pravnizapisi.rs\/en\/\"},{\"@type\":\"ListItem\",\"position\":2,\"name\":\"Pravni zapisi 2\/2023\"}]},{\"@type\":\"WebSite\",\"@id\":\"https:\/\/pravnizapisi.rs\/#website\",\"url\":\"https:\/\/pravnizapisi.rs\/\",\"name\":\"Pravni Zapisi\",\"description\":\"\",\"publisher\":{\"@id\":\"https:\/\/pravnizapisi.rs\/#organization\"},\"potentialAction\":[{\"@type\":\"SearchAction\",\"target\":{\"@type\":\"EntryPoint\",\"urlTemplate\":\"https:\/\/pravnizapisi.rs\/?s={search_term_string}\"},\"query-input\":{\"@type\":\"PropertyValueSpecification\",\"valueRequired\":true,\"valueName\":\"search_term_string\"}}],\"inLanguage\":\"en-US\"},{\"@type\":\"Organization\",\"@id\":\"https:\/\/pravnizapisi.rs\/#organization\",\"name\":\"Pravni Zapisi\",\"url\":\"https:\/\/pravnizapisi.rs\/\",\"logo\":{\"@type\":\"ImageObject\",\"inLanguage\":\"en-US\",\"@id\":\"https:\/\/pravnizapisi.rs\/#\/schema\/logo\/image\/\",\"url\":\"https:\/\/www.pravnizapisi.rs\/wp-content\/uploads\/2019\/11\/cropped-Header-logo-srb-1-1.jpg\",\"contentUrl\":\"https:\/\/www.pravnizapisi.rs\/wp-content\/uploads\/2019\/11\/cropped-Header-logo-srb-1-1.jpg\",\"width\":580,\"height\":80,\"caption\":\"Pravni Zapisi\"},\"image\":{\"@id\":\"https:\/\/pravnizapisi.rs\/#\/schema\/logo\/image\/\"}}]}<\/script>\n<!-- \/ Yoast SEO plugin. -->","yoast_head_json":{"title":"Pravni zapisi 2\/2023 - Pravni Zapisi","robots":{"index":"index","follow":"follow","max-snippet":"max-snippet:-1","max-image-preview":"max-image-preview:large","max-video-preview":"max-video-preview:-1"},"canonical":"https:\/\/www.pravnizapisi.rs\/en\/pravni-zapisi-2-2023\/","og_locale":"en_US","og_type":"article","og_title":"Pravni zapisi 2\/2023 - Pravni Zapisi","og_description":"Union University Law School Review Year XIV, No. 2\/2023, Pages 223-517 UDK\u00a034 ISSN 2217-2815 (Printed Edition) eISSN 2406-1387 (Online Edition) TABLE OF CONTENTS GUEST EDITORIAL Wolfgang Benedek, Digital Human Rights and Artificial Intelligence ARTICLES Tibor Tajti (Thaythy), A New Frontier: The Challenges Surrounding the Deepening Impact of Data Protection Regulations on Bankruptcy Law Samir Ali\u010di\u0107, A New Possible Interpretation of Digest of Justinian D.9.2.27.14: A Contribution to the Study of Precursors of Environmental Law in Roman Law Paolo Zicchittu, The Enactment of Article 11 of the Italian Constitution: Between Domestic and International Law Svetislav V. Kosti\u0107, Jelena Jerini\u0107, The Effects [&hellip;]","og_url":"https:\/\/www.pravnizapisi.rs\/en\/pravni-zapisi-2-2023\/","og_site_name":"Pravni Zapisi","article_modified_time":"2023-12-24T15:49:35+00:00","og_image":[{"width":150,"height":225,"url":"https:\/\/www.pravnizapisi.rs\/wp-content\/uploads\/2020\/07\/pzapisi.jpg","type":"image\/jpeg"}],"twitter_card":"summary_large_image","twitter_misc":{"Est. reading time":"2 minutes"},"schema":{"@context":"https:\/\/schema.org","@graph":[{"@type":"WebPage","@id":"https:\/\/www.pravnizapisi.rs\/en\/pravni-zapisi-2-2023\/","url":"https:\/\/www.pravnizapisi.rs\/en\/pravni-zapisi-2-2023\/","name":"Pravni zapisi 2\/2023 - Pravni Zapisi","isPartOf":{"@id":"https:\/\/pravnizapisi.rs\/#website"},"datePublished":"2023-12-24T13:43:16+00:00","dateModified":"2023-12-24T15:49:35+00:00","breadcrumb":{"@id":"https:\/\/www.pravnizapisi.rs\/en\/pravni-zapisi-2-2023\/#breadcrumb"},"inLanguage":"en-US","potentialAction":[{"@type":"ReadAction","target":["https:\/\/www.pravnizapisi.rs\/en\/pravni-zapisi-2-2023\/"]}]},{"@type":"BreadcrumbList","@id":"https:\/\/www.pravnizapisi.rs\/en\/pravni-zapisi-2-2023\/#breadcrumb","itemListElement":[{"@type":"ListItem","position":1,"name":"\u041f\u043e\u0447\u0435\u0442\u043d\u0430","item":"https:\/\/www.pravnizapisi.rs\/en\/"},{"@type":"ListItem","position":2,"name":"Pravni zapisi 2\/2023"}]},{"@type":"WebSite","@id":"https:\/\/pravnizapisi.rs\/#website","url":"https:\/\/pravnizapisi.rs\/","name":"Pravni Zapisi","description":"","publisher":{"@id":"https:\/\/pravnizapisi.rs\/#organization"},"potentialAction":[{"@type":"SearchAction","target":{"@type":"EntryPoint","urlTemplate":"https:\/\/pravnizapisi.rs\/?s={search_term_string}"},"query-input":{"@type":"PropertyValueSpecification","valueRequired":true,"valueName":"search_term_string"}}],"inLanguage":"en-US"},{"@type":"Organization","@id":"https:\/\/pravnizapisi.rs\/#organization","name":"Pravni Zapisi","url":"https:\/\/pravnizapisi.rs\/","logo":{"@type":"ImageObject","inLanguage":"en-US","@id":"https:\/\/pravnizapisi.rs\/#\/schema\/logo\/image\/","url":"https:\/\/www.pravnizapisi.rs\/wp-content\/uploads\/2019\/11\/cropped-Header-logo-srb-1-1.jpg","contentUrl":"https:\/\/www.pravnizapisi.rs\/wp-content\/uploads\/2019\/11\/cropped-Header-logo-srb-1-1.jpg","width":580,"height":80,"caption":"Pravni Zapisi"},"image":{"@id":"https:\/\/pravnizapisi.rs\/#\/schema\/logo\/image\/"}}]}},"_links":{"self":[{"href":"https:\/\/www.pravnizapisi.rs\/en\/wp-json\/wp\/v2\/pages\/10187","targetHints":{"allow":["GET"]}}],"collection":[{"href":"https:\/\/www.pravnizapisi.rs\/en\/wp-json\/wp\/v2\/pages"}],"about":[{"href":"https:\/\/www.pravnizapisi.rs\/en\/wp-json\/wp\/v2\/types\/page"}],"author":[{"embeddable":true,"href":"https:\/\/www.pravnizapisi.rs\/en\/wp-json\/wp\/v2\/users\/4"}],"replies":[{"embeddable":true,"href":"https:\/\/www.pravnizapisi.rs\/en\/wp-json\/wp\/v2\/comments?post=10187"}],"version-history":[{"count":0,"href":"https:\/\/www.pravnizapisi.rs\/en\/wp-json\/wp\/v2\/pages\/10187\/revisions"}],"wp:attachment":[{"href":"https:\/\/www.pravnizapisi.rs\/en\/wp-json\/wp\/v2\/media?parent=10187"}],"curies":[{"name":"wp","href":"https:\/\/api.w.org\/{rel}","templated":true}]}}