{"id":10316,"date":"2024-07-09T17:21:08","date_gmt":"2024-07-09T17:21:08","guid":{"rendered":"https:\/\/pravnizapisi.rs\/?page_id=10316"},"modified":"2024-07-10T11:25:20","modified_gmt":"2024-07-10T11:25:20","slug":"pravni-zapisi-1-2024","status":"publish","type":"page","link":"https:\/\/www.pravnizapisi.rs\/en\/pravni-zapisi-1-2024\/","title":{"rendered":"Pravni zapisi 1\/2024"},"content":{"rendered":"<p style=\"text-align: justify;\"><em><strong>Union University Law School Review<\/strong><\/em><br \/>\n<b><i>Year XV, No. 1\/2024, Pages 1-303<\/i><\/b><\/p>\n<table style=\"height: 35px;\" width=\"364\" frame=\"void\">\n<tbody>\n<tr>\n<td valign=\"top\"><strong>UDK\u00a034<\/strong><\/td>\n<td align=\"left\" valign=\"top\">\n<div><strong>ISSN 2217-2815 (Printed Edition)<\/strong><\/div>\n<div><strong>eISSN 2406-1387 (Online Edition)<\/strong><\/div>\n<\/td>\n<\/tr>\n<\/tbody>\n<\/table>\n<hr \/>\n<h3 style=\"text-align: center;\">TABLE OF CONTENTS<\/h3>\n<h4 style=\"text-align: justify;\">GUEST EDITORIAL<\/h4>\n<p class=\"p1\"><a href=\"https:\/\/pravnizapisi.rs\/wp-content\/uploads\/2024\/07\/Pravni-zapisi-2024_01-01-Kretzmer.pdf\"><b>David Kretzmer, <\/b><i>Israel Supreme Court Invalidates Basic Law <\/i><\/a><\/p>\n<h4 style=\"text-align: justify;\">ARTICLES<\/h4>\n<p class=\"p1\"><a href=\"https:\/\/pravnizapisi.rs\/en\/pravni-zapisi-1-2024\/10318-2\/\"><b>Anna \u015aledzi\u0144ska-Simon, Anna W\u00f3jcik, <\/b><i>Taking Women\u2019s Rights Seriously: Women\u2019s Struggle for a New \u201cSocial Contract\u201d in Poland <\/i><\/a><\/p>\n<p class=\"p1\"><a href=\"https:\/\/pravnizapisi.rs\/en\/pravni-zapisi-1-2024\/10354-2\/\"><b>Dragica Vujadinovi\u0107, <\/b><i>Feminist Critique of the Dominant Political-Philosophical Conceptions of Justice<\/i><\/a><\/p>\n<p class=\"p1\"><a href=\"https:\/\/pravnizapisi.rs\/en\/pravni-zapisi-1-2024\/10372-2\/\"><b>Milica V. Matijevi\u0107, <\/b><i>Navigating through the Substantive Equality Doctrine: Anti-Discrimination Law and Social Change <\/i><\/a><\/p>\n<p class=\"p1\"><a href=\"https:\/\/pravnizapisi.rs\/en\/pravni-zapisi-1-2024\/10378-2\/\"><b>Bojan Spai\u0107, Mila \u0110or\u0111evi\u0107, <\/b><i>Who Works More, and Who Works Smarter? Comparing Judicial Performance in Europe <\/i><\/a><\/p>\n<p class=\"p1\"><a href=\"https:\/\/pravnizapisi.rs\/en\/pravni-zapisi-1-2024\/10383-2\/\"><b>Williams C. Iheme, <\/b><i>The Overdependence of African Courts and Businesses on English Law and Forum: The Negative Repercussions on the Development of African Legal and Economic Systems <\/i><\/a><\/p>\n<p class=\"p1\"><a href=\"https:\/\/pravnizapisi.rs\/en\/pravni-zapisi-1-2024\/10387-2\/\"><b>Marton Varju, Judit S\u00e1ndor, <\/b><\/a><i><a href=\"https:\/\/pravnizapisi.rs\/en\/pravni-zapisi-1-2024\/10387-2\/\">Needs over Rights: The Right to Health in State Socialist Hungary and Its Implementation<\/a> <\/i><\/p>\n<p class=\"p1\"><a href=\"https:\/\/pravnizapisi.rs\/en\/pravni-zapisi-1-2024\/10396-2\/\"><b>Bernadett Solymosi-Szekeres, Sanja Stojkovi\u0107 Zlatanovi\u0107, <\/b><i>Approaching Quiet Quitting from the Labor Law Perspective: A Case Study of Hungarian and Serbian Legislation <\/i><\/a><\/p>\n<p class=\"p1\"><a href=\"https:\/\/pravnizapisi.rs\/en\/pravni-zapisi-1-2024\/10406-2\/\"><b>Mojca M. Plesnicar, Milena Tripkovic, <\/b><i>Communicating Confidence: Suspended Sentences as Communicative Punishment <\/i><\/a><\/p>\n<p class=\"p1\"><a href=\"https:\/\/pravnizapisi.rs\/en\/pravni-zapisi-1-2024\/10410-2\/\"><b>Ljeposava Iliji\u0107, Ivana Stevanovi\u0107, Nikola Vuji\u010di\u0107, <\/b><i>Departments and Treatment Groups at Penitentiary Facilities in Serbia and Evaluation of Prison Life Quality\u00a0<\/i><\/a><\/p>\n<h4 style=\"text-align: justify;\">BOOK REVIEW<\/h4>\n<p class=\"p1\"><a href=\"https:\/\/pravnizapisi.rs\/wp-content\/uploads\/2024\/07\/Pravni-zapisi-2024_01-11-Trlin.pdf\"><b>Davor Trlin, <\/b><i>The First Glossary of Basic Constitutional Terms in BiH. Maja Sahad\u017ei\u0107, Damir Banovi\u0107, Dra\u017een Barbari\u0107, Goran Markovi\u0107 (eds.), Citizens, Constitution, Europe, Faculty of Law Sarajevo, 2023, pp. 478. <\/i><\/a><\/p>\n<p style=\"text-align: justify;\">\n","protected":false},"excerpt":{"rendered":"<p>Union University Law School Review Year XV, No. 1\/2024, Pages 1-303 UDK\u00a034 ISSN 2217-2815 (Printed Edition) eISSN 2406-1387 (Online Edition) TABLE OF CONTENTS GUEST EDITORIAL David Kretzmer, Israel Supreme Court Invalidates Basic Law ARTICLES Anna \u015aledzi\u0144ska-Simon, Anna W\u00f3jcik, Taking Women\u2019s Rights Seriously: Women\u2019s Struggle for a New \u201cSocial Contract\u201d in Poland Dragica Vujadinovi\u0107, Feminist Critique of the Dominant Political-Philosophical Conceptions of Justice Milica V. Matijevi\u0107, Navigating through the Substantive Equality Doctrine: Anti-Discrimination Law and Social Change Bojan Spai\u0107, Mila \u0110or\u0111evi\u0107, Who Works More, and Who Works Smarter? Comparing Judicial Performance in Europe Williams C. Iheme, The Overdependence of African Courts [&hellip;]<\/p>\n","protected":false},"author":4,"featured_media":0,"parent":0,"menu_order":0,"comment_status":"closed","ping_status":"closed","template":"template-fullwidth.php","meta":{"footnotes":""},"class_list":["post-10316","page","type-page","status-publish","hentry"],"yoast_head":"<!-- This site is optimized with the Yoast SEO plugin v27.1.1 - https:\/\/yoast.com\/product\/yoast-seo-wordpress\/ -->\n<title>Pravni zapisi 1\/2024 - Pravni Zapisi<\/title>\n<meta name=\"robots\" content=\"index, follow, max-snippet:-1, max-image-preview:large, max-video-preview:-1\" \/>\n<link rel=\"canonical\" href=\"https:\/\/www.pravnizapisi.rs\/en\/pravni-zapisi-1-2024\/\" \/>\n<meta property=\"og:locale\" content=\"en_US\" \/>\n<meta property=\"og:type\" content=\"article\" \/>\n<meta property=\"og:title\" content=\"Pravni zapisi 1\/2024 - Pravni Zapisi\" \/>\n<meta property=\"og:description\" content=\"Union University Law School Review Year XV, No. 1\/2024, Pages 1-303 UDK\u00a034 ISSN 2217-2815 (Printed Edition) eISSN 2406-1387 (Online Edition) TABLE OF CONTENTS GUEST EDITORIAL David Kretzmer, Israel Supreme Court Invalidates Basic Law ARTICLES Anna \u015aledzi\u0144ska-Simon, Anna W\u00f3jcik, Taking Women\u2019s Rights Seriously: Women\u2019s Struggle for a New \u201cSocial Contract\u201d in Poland Dragica Vujadinovi\u0107, Feminist Critique of the Dominant Political-Philosophical Conceptions of Justice Milica V. Matijevi\u0107, Navigating through the Substantive Equality Doctrine: Anti-Discrimination Law and Social Change Bojan Spai\u0107, Mila \u0110or\u0111evi\u0107, Who Works More, and Who Works Smarter? Comparing Judicial Performance in Europe Williams C. Iheme, The Overdependence of African Courts [&hellip;]\" \/>\n<meta property=\"og:url\" content=\"https:\/\/www.pravnizapisi.rs\/en\/pravni-zapisi-1-2024\/\" \/>\n<meta property=\"og:site_name\" content=\"Pravni Zapisi\" \/>\n<meta property=\"article:modified_time\" content=\"2024-07-10T11:25:20+00:00\" \/>\n<meta property=\"og:image\" content=\"https:\/\/www.pravnizapisi.rs\/wp-content\/uploads\/2020\/07\/pzapisi.jpg\" \/>\n\t<meta property=\"og:image:width\" content=\"150\" \/>\n\t<meta property=\"og:image:height\" content=\"225\" \/>\n\t<meta property=\"og:image:type\" content=\"image\/jpeg\" \/>\n<meta name=\"twitter:card\" content=\"summary_large_image\" \/>\n<meta name=\"twitter:label1\" content=\"Est. reading time\" \/>\n\t<meta name=\"twitter:data1\" content=\"1 minute\" \/>\n<script type=\"application\/ld+json\" class=\"yoast-schema-graph\">{\"@context\":\"https:\/\/schema.org\",\"@graph\":[{\"@type\":\"WebPage\",\"@id\":\"https:\/\/www.pravnizapisi.rs\/en\/pravni-zapisi-1-2024\/\",\"url\":\"https:\/\/www.pravnizapisi.rs\/en\/pravni-zapisi-1-2024\/\",\"name\":\"Pravni zapisi 1\/2024 - Pravni Zapisi\",\"isPartOf\":{\"@id\":\"https:\/\/pravnizapisi.rs\/#website\"},\"datePublished\":\"2024-07-09T17:21:08+00:00\",\"dateModified\":\"2024-07-10T11:25:20+00:00\",\"breadcrumb\":{\"@id\":\"https:\/\/www.pravnizapisi.rs\/en\/pravni-zapisi-1-2024\/#breadcrumb\"},\"inLanguage\":\"en-US\",\"potentialAction\":[{\"@type\":\"ReadAction\",\"target\":[\"https:\/\/www.pravnizapisi.rs\/en\/pravni-zapisi-1-2024\/\"]}]},{\"@type\":\"BreadcrumbList\",\"@id\":\"https:\/\/www.pravnizapisi.rs\/en\/pravni-zapisi-1-2024\/#breadcrumb\",\"itemListElement\":[{\"@type\":\"ListItem\",\"position\":1,\"name\":\"\u041f\u043e\u0447\u0435\u0442\u043d\u0430\",\"item\":\"https:\/\/www.pravnizapisi.rs\/en\/\"},{\"@type\":\"ListItem\",\"position\":2,\"name\":\"Pravni zapisi 1\/2024\"}]},{\"@type\":\"WebSite\",\"@id\":\"https:\/\/pravnizapisi.rs\/#website\",\"url\":\"https:\/\/pravnizapisi.rs\/\",\"name\":\"Pravni Zapisi\",\"description\":\"\",\"publisher\":{\"@id\":\"https:\/\/pravnizapisi.rs\/#organization\"},\"potentialAction\":[{\"@type\":\"SearchAction\",\"target\":{\"@type\":\"EntryPoint\",\"urlTemplate\":\"https:\/\/pravnizapisi.rs\/?s={search_term_string}\"},\"query-input\":{\"@type\":\"PropertyValueSpecification\",\"valueRequired\":true,\"valueName\":\"search_term_string\"}}],\"inLanguage\":\"en-US\"},{\"@type\":\"Organization\",\"@id\":\"https:\/\/pravnizapisi.rs\/#organization\",\"name\":\"Pravni Zapisi\",\"url\":\"https:\/\/pravnizapisi.rs\/\",\"logo\":{\"@type\":\"ImageObject\",\"inLanguage\":\"en-US\",\"@id\":\"https:\/\/pravnizapisi.rs\/#\/schema\/logo\/image\/\",\"url\":\"https:\/\/www.pravnizapisi.rs\/wp-content\/uploads\/2019\/11\/cropped-Header-logo-srb-1-1.jpg\",\"contentUrl\":\"https:\/\/www.pravnizapisi.rs\/wp-content\/uploads\/2019\/11\/cropped-Header-logo-srb-1-1.jpg\",\"width\":580,\"height\":80,\"caption\":\"Pravni Zapisi\"},\"image\":{\"@id\":\"https:\/\/pravnizapisi.rs\/#\/schema\/logo\/image\/\"}}]}<\/script>\n<!-- \/ Yoast SEO plugin. -->","yoast_head_json":{"title":"Pravni zapisi 1\/2024 - Pravni Zapisi","robots":{"index":"index","follow":"follow","max-snippet":"max-snippet:-1","max-image-preview":"max-image-preview:large","max-video-preview":"max-video-preview:-1"},"canonical":"https:\/\/www.pravnizapisi.rs\/en\/pravni-zapisi-1-2024\/","og_locale":"en_US","og_type":"article","og_title":"Pravni zapisi 1\/2024 - Pravni Zapisi","og_description":"Union University Law School Review Year XV, No. 1\/2024, Pages 1-303 UDK\u00a034 ISSN 2217-2815 (Printed Edition) eISSN 2406-1387 (Online Edition) TABLE OF CONTENTS GUEST EDITORIAL David Kretzmer, Israel Supreme Court Invalidates Basic Law ARTICLES Anna \u015aledzi\u0144ska-Simon, Anna W\u00f3jcik, Taking Women\u2019s Rights Seriously: Women\u2019s Struggle for a New \u201cSocial Contract\u201d in Poland Dragica Vujadinovi\u0107, Feminist Critique of the Dominant Political-Philosophical Conceptions of Justice Milica V. Matijevi\u0107, Navigating through the Substantive Equality Doctrine: Anti-Discrimination Law and Social Change Bojan Spai\u0107, Mila \u0110or\u0111evi\u0107, Who Works More, and Who Works Smarter? Comparing Judicial Performance in Europe Williams C. Iheme, The Overdependence of African Courts [&hellip;]","og_url":"https:\/\/www.pravnizapisi.rs\/en\/pravni-zapisi-1-2024\/","og_site_name":"Pravni Zapisi","article_modified_time":"2024-07-10T11:25:20+00:00","og_image":[{"width":150,"height":225,"url":"https:\/\/www.pravnizapisi.rs\/wp-content\/uploads\/2020\/07\/pzapisi.jpg","type":"image\/jpeg"}],"twitter_card":"summary_large_image","twitter_misc":{"Est. reading time":"1 minute"},"schema":{"@context":"https:\/\/schema.org","@graph":[{"@type":"WebPage","@id":"https:\/\/www.pravnizapisi.rs\/en\/pravni-zapisi-1-2024\/","url":"https:\/\/www.pravnizapisi.rs\/en\/pravni-zapisi-1-2024\/","name":"Pravni zapisi 1\/2024 - Pravni Zapisi","isPartOf":{"@id":"https:\/\/pravnizapisi.rs\/#website"},"datePublished":"2024-07-09T17:21:08+00:00","dateModified":"2024-07-10T11:25:20+00:00","breadcrumb":{"@id":"https:\/\/www.pravnizapisi.rs\/en\/pravni-zapisi-1-2024\/#breadcrumb"},"inLanguage":"en-US","potentialAction":[{"@type":"ReadAction","target":["https:\/\/www.pravnizapisi.rs\/en\/pravni-zapisi-1-2024\/"]}]},{"@type":"BreadcrumbList","@id":"https:\/\/www.pravnizapisi.rs\/en\/pravni-zapisi-1-2024\/#breadcrumb","itemListElement":[{"@type":"ListItem","position":1,"name":"\u041f\u043e\u0447\u0435\u0442\u043d\u0430","item":"https:\/\/www.pravnizapisi.rs\/en\/"},{"@type":"ListItem","position":2,"name":"Pravni zapisi 1\/2024"}]},{"@type":"WebSite","@id":"https:\/\/pravnizapisi.rs\/#website","url":"https:\/\/pravnizapisi.rs\/","name":"Pravni Zapisi","description":"","publisher":{"@id":"https:\/\/pravnizapisi.rs\/#organization"},"potentialAction":[{"@type":"SearchAction","target":{"@type":"EntryPoint","urlTemplate":"https:\/\/pravnizapisi.rs\/?s={search_term_string}"},"query-input":{"@type":"PropertyValueSpecification","valueRequired":true,"valueName":"search_term_string"}}],"inLanguage":"en-US"},{"@type":"Organization","@id":"https:\/\/pravnizapisi.rs\/#organization","name":"Pravni Zapisi","url":"https:\/\/pravnizapisi.rs\/","logo":{"@type":"ImageObject","inLanguage":"en-US","@id":"https:\/\/pravnizapisi.rs\/#\/schema\/logo\/image\/","url":"https:\/\/www.pravnizapisi.rs\/wp-content\/uploads\/2019\/11\/cropped-Header-logo-srb-1-1.jpg","contentUrl":"https:\/\/www.pravnizapisi.rs\/wp-content\/uploads\/2019\/11\/cropped-Header-logo-srb-1-1.jpg","width":580,"height":80,"caption":"Pravni Zapisi"},"image":{"@id":"https:\/\/pravnizapisi.rs\/#\/schema\/logo\/image\/"}}]}},"_links":{"self":[{"href":"https:\/\/www.pravnizapisi.rs\/en\/wp-json\/wp\/v2\/pages\/10316","targetHints":{"allow":["GET"]}}],"collection":[{"href":"https:\/\/www.pravnizapisi.rs\/en\/wp-json\/wp\/v2\/pages"}],"about":[{"href":"https:\/\/www.pravnizapisi.rs\/en\/wp-json\/wp\/v2\/types\/page"}],"author":[{"embeddable":true,"href":"https:\/\/www.pravnizapisi.rs\/en\/wp-json\/wp\/v2\/users\/4"}],"replies":[{"embeddable":true,"href":"https:\/\/www.pravnizapisi.rs\/en\/wp-json\/wp\/v2\/comments?post=10316"}],"version-history":[{"count":0,"href":"https:\/\/www.pravnizapisi.rs\/en\/wp-json\/wp\/v2\/pages\/10316\/revisions"}],"wp:attachment":[{"href":"https:\/\/www.pravnizapisi.rs\/en\/wp-json\/wp\/v2\/media?parent=10316"}],"curies":[{"name":"wp","href":"https:\/\/api.w.org\/{rel}","templated":true}]}}