{"id":10318,"date":"2024-07-09T15:01:49","date_gmt":"2024-07-09T15:01:49","guid":{"rendered":"https:\/\/pravnizapisi.rs\/?page_id=10318"},"modified":"2024-07-09T15:30:02","modified_gmt":"2024-07-09T15:30:02","slug":"10318-2","status":"publish","type":"page","link":"https:\/\/www.pravnizapisi.rs\/en\/pravni-zapisi-1-2024\/10318-2\/","title":{"rendered":""},"content":{"rendered":"<p class=\"p1\" style=\"text-align: center;\">PRAVNI ZAPISI \u2022 Year XV \u2022 No. 1 \u2022 pp. 20-56<\/p>\n<h3><b>TAKING WOMEN\u2019S RIGHTS SERIOUSLY: WOMEN\u2019S STRUGGLE FOR A NEW SOCIAL CONTRACT IN POLAND <\/b><\/h3>\n<figure id=\"attachment_10344\" aria-describedby=\"caption-attachment-10344\" style=\"width: 100px\" class=\"wp-caption alignright\"><a href=\"https:\/\/pravnizapisi.rs\/wp-content\/uploads\/2024\/07\/Pravni-zapisi-2024_01-02-Sledzinska-Simon-Wojcik.pdf\" target=\"_blank\" rel=\"noopener\"><img loading=\"lazy\" decoding=\"async\" class=\"wp-image-10344\" src=\"https:\/\/pravnizapisi.rs\/wp-content\/uploads\/2024\/07\/pravni-zapisi-12024.png\" alt=\"\" width=\"100\" height=\"148\" \/><\/a><figcaption id=\"caption-attachment-10344\" class=\"wp-caption-text\">Language: English<\/figcaption><\/figure>\n<p class=\"p1\"><b>Anna \u015aledzi\u0144ska-Simon<br \/>\n<\/b><b>Professor, University of Wroc\u0142aw, Faculty of Law, Administration and Economics, Wroc\u0142aw, Poland<br \/>\n<\/b><b><\/b><b>e-mail: <a href=\"mailto:anna.sledzinska-simon@uwr.edu.pl\">anna.sledzinska-simon@uwr.edu.pl<\/a><br \/>\n<\/b><b>ORCID ID: <a href=\"https:\/\/orcid.org\/0000-0002-4202-5260\">https:\/\/orcid.org\/0000-0002- 4202-5260<\/a><\/b><\/p>\n<p class=\"p1\"><b>Anna W\u00f3jcik<br \/>\n<\/b><b>Assistant Professor, Polish Academy of Sciences, Institute of Law Studies, Warszawa, Poland<br \/>\n<\/b><b><\/b><span class=\"s1\"><b>e-mail: <\/b><span class=\"s2\"><b><a href=\"mailto:a.wojcik@inp.pan.pl\">a.wojcik@inp.pan.pl<\/a><br \/>\n<\/b><\/span><\/span><b>ORCID ID: <a href=\"https:\/\/orcid.org\/0000-0003-4439-143X\">https:\/\/orcid.org\/0000-0003-4439-143X<\/a><\/b><\/p>\n<p class=\"p1\">Pravni zapisi, No. 1\/2024, pp. 20-56<br \/>\nOriginal Scientific Article<br \/>\n<strong>DOI<\/strong>: 10.5937\/pravzap0-50567<\/p>\n<p style=\"text-align: justify;\"><span style=\"text-decoration: underline;\"><strong>KEY WORDS<br \/>\n<\/strong><\/span>Democratization, Democratic backsliding, Poland, Constitutional Tribunal, Women\u2019s right, Abortion, Reproductive rights, Social contract.<\/p>\n<p style=\"text-align: justify;\"><span style=\"text-decoration: underline;\"><strong>ABSTRACT<br \/>\n<\/strong><\/span>The article traces the trajectory of the struggle for woman\u2019s rights in Poland from 1989 to the present. It argues that the democratic transition successfully shaped the foundations of a liberal regime, but was accompanied from the outset by an agreement between the government and the Catholic Church that limited reproductive rights and led to a re-traditionalization of gender roles. This context is crucial to understanding the Constitutional Tribunal\u2019s interpretation of the constitution, which reinforced a kind of sexual contract, seeking to domesticate women. The change of government in 2015 significantly weakened guarantees of the rule of law and further curtailed reproductive rights, prompting mass protests and the mobilization of democratic opposition. This article posits that the overthrow of the illiberal regime in the recent parliamentary elections marks the beginning of a new social contract in Poland, in which woman\u2019s rights are taken seriously.<\/p>\n","protected":false},"excerpt":{"rendered":"<p>PRAVNI ZAPISI \u2022 Year XV \u2022 No. 1 \u2022 pp. 20-56 TAKING WOMEN\u2019S RIGHTS SERIOUSLY: WOMEN\u2019S STRUGGLE FOR A NEW SOCIAL CONTRACT IN POLAND Anna \u015aledzi\u0144ska-Simon Professor, University of Wroc\u0142aw, Faculty of Law, Administration and Economics, Wroc\u0142aw, Poland e-mail: anna.sledzinska-simon@uwr.edu.pl ORCID ID: https:\/\/orcid.org\/0000-0002- 4202-5260 Anna W\u00f3jcik Assistant Professor, Polish Academy of Sciences, Institute of Law Studies, Warszawa, Poland e-mail: a.wojcik@inp.pan.pl ORCID ID: https:\/\/orcid.org\/0000-0003-4439-143X Pravni zapisi, No. 1\/2024, pp. 20-56 Original Scientific Article DOI: 10.5937\/pravzap0-50567 KEY WORDS Democratization, Democratic backsliding, Poland, Constitutional Tribunal, Women\u2019s right, Abortion, Reproductive rights, Social contract. ABSTRACT The article traces the trajectory of the struggle for woman\u2019s [&hellip;]<\/p>\n","protected":false},"author":4,"featured_media":0,"parent":10316,"menu_order":0,"comment_status":"closed","ping_status":"closed","template":"template-article.php","meta":{"footnotes":""},"class_list":["post-10318","page","type-page","status-publish","hentry"],"yoast_head":"<!-- This site is optimized with the Yoast SEO plugin v27.1.1 - https:\/\/yoast.com\/product\/yoast-seo-wordpress\/ -->\n<title>- Pravni Zapisi<\/title>\n<meta name=\"robots\" content=\"index, follow, max-snippet:-1, max-image-preview:large, max-video-preview:-1\" \/>\n<link rel=\"canonical\" href=\"https:\/\/www.pravnizapisi.rs\/pravni-zapisi-1-2024\/10317-2\/\" \/>\n<meta property=\"og:locale\" content=\"en_US\" \/>\n<meta property=\"og:type\" content=\"article\" \/>\n<meta property=\"og:title\" content=\"- Pravni Zapisi\" \/>\n<meta property=\"og:description\" content=\"PRAVNI ZAPISI \u2022 Year XV \u2022 No. 1 \u2022 pp. 20-56 TAKING WOMEN\u2019S RIGHTS SERIOUSLY: WOMEN\u2019S STRUGGLE FOR A NEW SOCIAL CONTRACT IN POLAND Anna \u015aledzi\u0144ska-Simon Professor, University of Wroc\u0142aw, Faculty of Law, Administration and Economics, Wroc\u0142aw, Poland e-mail: anna.sledzinska-simon@uwr.edu.pl ORCID ID: https:\/\/orcid.org\/0000-0002- 4202-5260 Anna W\u00f3jcik Assistant Professor, Polish Academy of Sciences, Institute of Law Studies, Warszawa, Poland e-mail: a.wojcik@inp.pan.pl ORCID ID: https:\/\/orcid.org\/0000-0003-4439-143X Pravni zapisi, No. 1\/2024, pp. 20-56 Original Scientific Article DOI: 10.5937\/pravzap0-50567 KEY WORDS Democratization, Democratic backsliding, Poland, Constitutional Tribunal, Women\u2019s right, Abortion, Reproductive rights, Social contract. ABSTRACT The article traces the trajectory of the struggle for woman\u2019s [&hellip;]\" \/>\n<meta property=\"og:url\" content=\"https:\/\/www.pravnizapisi.rs\/pravni-zapisi-1-2024\/10317-2\/\" \/>\n<meta property=\"og:site_name\" content=\"Pravni Zapisi\" \/>\n<meta property=\"article:modified_time\" content=\"2024-07-09T15:30:02+00:00\" \/>\n<meta property=\"og:image\" content=\"https:\/\/pravnizapisi.rs\/wp-content\/uploads\/2024\/07\/pravni-zapisi-12024.png\" \/>\n<meta name=\"twitter:card\" content=\"summary_large_image\" \/>\n<meta name=\"twitter:label1\" content=\"Est. reading time\" \/>\n\t<meta name=\"twitter:data1\" content=\"2 minutes\" \/>\n<script type=\"application\/ld+json\" class=\"yoast-schema-graph\">{\"@context\":\"https:\/\/schema.org\",\"@graph\":[{\"@type\":\"WebPage\",\"@id\":\"https:\/\/www.pravnizapisi.rs\/pravni-zapisi-1-2024\/10317-2\/\",\"url\":\"https:\/\/www.pravnizapisi.rs\/pravni-zapisi-1-2024\/10317-2\/\",\"name\":\"- Pravni Zapisi\",\"isPartOf\":{\"@id\":\"https:\/\/pravnizapisi.rs\/#website\"},\"primaryImageOfPage\":{\"@id\":\"https:\/\/www.pravnizapisi.rs\/pravni-zapisi-1-2024\/10317-2\/#primaryimage\"},\"image\":{\"@id\":\"https:\/\/www.pravnizapisi.rs\/pravni-zapisi-1-2024\/10317-2\/#primaryimage\"},\"thumbnailUrl\":\"https:\/\/pravnizapisi.rs\/wp-content\/uploads\/2024\/07\/pravni-zapisi-12024.png\",\"datePublished\":\"2024-07-09T15:01:49+00:00\",\"dateModified\":\"2024-07-09T15:30:02+00:00\",\"breadcrumb\":{\"@id\":\"https:\/\/www.pravnizapisi.rs\/pravni-zapisi-1-2024\/10317-2\/#breadcrumb\"},\"inLanguage\":\"en-US\",\"potentialAction\":[{\"@type\":\"ReadAction\",\"target\":[\"https:\/\/www.pravnizapisi.rs\/pravni-zapisi-1-2024\/10317-2\/\"]}]},{\"@type\":\"ImageObject\",\"inLanguage\":\"en-US\",\"@id\":\"https:\/\/www.pravnizapisi.rs\/pravni-zapisi-1-2024\/10317-2\/#primaryimage\",\"url\":\"https:\/\/pravnizapisi.rs\/wp-content\/uploads\/2024\/07\/pravni-zapisi-12024.png\",\"contentUrl\":\"https:\/\/pravnizapisi.rs\/wp-content\/uploads\/2024\/07\/pravni-zapisi-12024.png\"},{\"@type\":\"BreadcrumbList\",\"@id\":\"https:\/\/www.pravnizapisi.rs\/pravni-zapisi-1-2024\/10317-2\/#breadcrumb\",\"itemListElement\":[{\"@type\":\"ListItem\",\"position\":1,\"name\":\"\u041f\u043e\u0447\u0435\u0442\u043d\u0430\",\"item\":\"https:\/\/www.pravnizapisi.rs\/en\/\"},{\"@type\":\"ListItem\",\"position\":2,\"name\":\"Pravni zapisi 1\/2024\",\"item\":\"https:\/\/www.pravnizapisi.rs\/en\/pravni-zapisi-1-2024\/\"}]},{\"@type\":\"WebSite\",\"@id\":\"https:\/\/pravnizapisi.rs\/#website\",\"url\":\"https:\/\/pravnizapisi.rs\/\",\"name\":\"Pravni Zapisi\",\"description\":\"\",\"publisher\":{\"@id\":\"https:\/\/pravnizapisi.rs\/#organization\"},\"potentialAction\":[{\"@type\":\"SearchAction\",\"target\":{\"@type\":\"EntryPoint\",\"urlTemplate\":\"https:\/\/pravnizapisi.rs\/?s={search_term_string}\"},\"query-input\":{\"@type\":\"PropertyValueSpecification\",\"valueRequired\":true,\"valueName\":\"search_term_string\"}}],\"inLanguage\":\"en-US\"},{\"@type\":\"Organization\",\"@id\":\"https:\/\/pravnizapisi.rs\/#organization\",\"name\":\"Pravni Zapisi\",\"url\":\"https:\/\/pravnizapisi.rs\/\",\"logo\":{\"@type\":\"ImageObject\",\"inLanguage\":\"en-US\",\"@id\":\"https:\/\/pravnizapisi.rs\/#\/schema\/logo\/image\/\",\"url\":\"https:\/\/www.pravnizapisi.rs\/wp-content\/uploads\/2019\/11\/cropped-Header-logo-srb-1-1.jpg\",\"contentUrl\":\"https:\/\/www.pravnizapisi.rs\/wp-content\/uploads\/2019\/11\/cropped-Header-logo-srb-1-1.jpg\",\"width\":580,\"height\":80,\"caption\":\"Pravni Zapisi\"},\"image\":{\"@id\":\"https:\/\/pravnizapisi.rs\/#\/schema\/logo\/image\/\"}}]}<\/script>\n<!-- \/ Yoast SEO plugin. -->","yoast_head_json":{"title":"- Pravni Zapisi","robots":{"index":"index","follow":"follow","max-snippet":"max-snippet:-1","max-image-preview":"max-image-preview:large","max-video-preview":"max-video-preview:-1"},"canonical":"https:\/\/www.pravnizapisi.rs\/pravni-zapisi-1-2024\/10317-2\/","og_locale":"en_US","og_type":"article","og_title":"- Pravni Zapisi","og_description":"PRAVNI ZAPISI \u2022 Year XV \u2022 No. 1 \u2022 pp. 20-56 TAKING WOMEN\u2019S RIGHTS SERIOUSLY: WOMEN\u2019S STRUGGLE FOR A NEW SOCIAL CONTRACT IN POLAND Anna \u015aledzi\u0144ska-Simon Professor, University of Wroc\u0142aw, Faculty of Law, Administration and Economics, Wroc\u0142aw, Poland e-mail: anna.sledzinska-simon@uwr.edu.pl ORCID ID: https:\/\/orcid.org\/0000-0002- 4202-5260 Anna W\u00f3jcik Assistant Professor, Polish Academy of Sciences, Institute of Law Studies, Warszawa, Poland e-mail: a.wojcik@inp.pan.pl ORCID ID: https:\/\/orcid.org\/0000-0003-4439-143X Pravni zapisi, No. 1\/2024, pp. 20-56 Original Scientific Article DOI: 10.5937\/pravzap0-50567 KEY WORDS Democratization, Democratic backsliding, Poland, Constitutional Tribunal, Women\u2019s right, Abortion, Reproductive rights, Social contract. ABSTRACT The article traces the trajectory of the struggle for woman\u2019s [&hellip;]","og_url":"https:\/\/www.pravnizapisi.rs\/pravni-zapisi-1-2024\/10317-2\/","og_site_name":"Pravni Zapisi","article_modified_time":"2024-07-09T15:30:02+00:00","og_image":[{"url":"https:\/\/pravnizapisi.rs\/wp-content\/uploads\/2024\/07\/pravni-zapisi-12024.png","type":"","width":"","height":""}],"twitter_card":"summary_large_image","twitter_misc":{"Est. reading time":"2 minutes"},"schema":{"@context":"https:\/\/schema.org","@graph":[{"@type":"WebPage","@id":"https:\/\/www.pravnizapisi.rs\/pravni-zapisi-1-2024\/10317-2\/","url":"https:\/\/www.pravnizapisi.rs\/pravni-zapisi-1-2024\/10317-2\/","name":"- Pravni Zapisi","isPartOf":{"@id":"https:\/\/pravnizapisi.rs\/#website"},"primaryImageOfPage":{"@id":"https:\/\/www.pravnizapisi.rs\/pravni-zapisi-1-2024\/10317-2\/#primaryimage"},"image":{"@id":"https:\/\/www.pravnizapisi.rs\/pravni-zapisi-1-2024\/10317-2\/#primaryimage"},"thumbnailUrl":"https:\/\/pravnizapisi.rs\/wp-content\/uploads\/2024\/07\/pravni-zapisi-12024.png","datePublished":"2024-07-09T15:01:49+00:00","dateModified":"2024-07-09T15:30:02+00:00","breadcrumb":{"@id":"https:\/\/www.pravnizapisi.rs\/pravni-zapisi-1-2024\/10317-2\/#breadcrumb"},"inLanguage":"en-US","potentialAction":[{"@type":"ReadAction","target":["https:\/\/www.pravnizapisi.rs\/pravni-zapisi-1-2024\/10317-2\/"]}]},{"@type":"ImageObject","inLanguage":"en-US","@id":"https:\/\/www.pravnizapisi.rs\/pravni-zapisi-1-2024\/10317-2\/#primaryimage","url":"https:\/\/pravnizapisi.rs\/wp-content\/uploads\/2024\/07\/pravni-zapisi-12024.png","contentUrl":"https:\/\/pravnizapisi.rs\/wp-content\/uploads\/2024\/07\/pravni-zapisi-12024.png"},{"@type":"BreadcrumbList","@id":"https:\/\/www.pravnizapisi.rs\/pravni-zapisi-1-2024\/10317-2\/#breadcrumb","itemListElement":[{"@type":"ListItem","position":1,"name":"\u041f\u043e\u0447\u0435\u0442\u043d\u0430","item":"https:\/\/www.pravnizapisi.rs\/en\/"},{"@type":"ListItem","position":2,"name":"Pravni zapisi 1\/2024","item":"https:\/\/www.pravnizapisi.rs\/en\/pravni-zapisi-1-2024\/"}]},{"@type":"WebSite","@id":"https:\/\/pravnizapisi.rs\/#website","url":"https:\/\/pravnizapisi.rs\/","name":"Pravni Zapisi","description":"","publisher":{"@id":"https:\/\/pravnizapisi.rs\/#organization"},"potentialAction":[{"@type":"SearchAction","target":{"@type":"EntryPoint","urlTemplate":"https:\/\/pravnizapisi.rs\/?s={search_term_string}"},"query-input":{"@type":"PropertyValueSpecification","valueRequired":true,"valueName":"search_term_string"}}],"inLanguage":"en-US"},{"@type":"Organization","@id":"https:\/\/pravnizapisi.rs\/#organization","name":"Pravni Zapisi","url":"https:\/\/pravnizapisi.rs\/","logo":{"@type":"ImageObject","inLanguage":"en-US","@id":"https:\/\/pravnizapisi.rs\/#\/schema\/logo\/image\/","url":"https:\/\/www.pravnizapisi.rs\/wp-content\/uploads\/2019\/11\/cropped-Header-logo-srb-1-1.jpg","contentUrl":"https:\/\/www.pravnizapisi.rs\/wp-content\/uploads\/2019\/11\/cropped-Header-logo-srb-1-1.jpg","width":580,"height":80,"caption":"Pravni Zapisi"},"image":{"@id":"https:\/\/pravnizapisi.rs\/#\/schema\/logo\/image\/"}}]}},"_links":{"self":[{"href":"https:\/\/www.pravnizapisi.rs\/en\/wp-json\/wp\/v2\/pages\/10318","targetHints":{"allow":["GET"]}}],"collection":[{"href":"https:\/\/www.pravnizapisi.rs\/en\/wp-json\/wp\/v2\/pages"}],"about":[{"href":"https:\/\/www.pravnizapisi.rs\/en\/wp-json\/wp\/v2\/types\/page"}],"author":[{"embeddable":true,"href":"https:\/\/www.pravnizapisi.rs\/en\/wp-json\/wp\/v2\/users\/4"}],"replies":[{"embeddable":true,"href":"https:\/\/www.pravnizapisi.rs\/en\/wp-json\/wp\/v2\/comments?post=10318"}],"version-history":[{"count":0,"href":"https:\/\/www.pravnizapisi.rs\/en\/wp-json\/wp\/v2\/pages\/10318\/revisions"}],"up":[{"embeddable":true,"href":"https:\/\/www.pravnizapisi.rs\/en\/wp-json\/wp\/v2\/pages\/10316"}],"wp:attachment":[{"href":"https:\/\/www.pravnizapisi.rs\/en\/wp-json\/wp\/v2\/media?parent=10318"}],"curies":[{"name":"wp","href":"https:\/\/api.w.org\/{rel}","templated":true}]}}