{"id":10378,"date":"2024-07-09T15:57:15","date_gmt":"2024-07-09T15:57:15","guid":{"rendered":"https:\/\/pravnizapisi.rs\/?page_id=10378"},"modified":"2024-07-09T15:59:21","modified_gmt":"2024-07-09T15:59:21","slug":"10378-2","status":"publish","type":"page","link":"https:\/\/www.pravnizapisi.rs\/en\/pravni-zapisi-1-2024\/10378-2\/","title":{"rendered":""},"content":{"rendered":"<p class=\"p1\" style=\"text-align: center;\">PRAVNI ZAPISI \u2022 Year XV \u2022 No.1 \u2022 pp. 121-150<\/p>\n<h3><b>WHO WORKS MORE, AND WHO WORKS SMARTER? COMPARING JUDICIAL PERFORMANCE IN EUROPE<\/b><\/h3>\n<figure id=\"attachment_10344\" aria-describedby=\"caption-attachment-10344\" style=\"width: 100px\" class=\"wp-caption alignright\"><a href=\"https:\/\/pravnizapisi.rs\/wp-content\/uploads\/2024\/07\/Pravni-zapisi-2024_01-05-Spaic-Djordjevic.pdf\" target=\"_blank\" rel=\"noopener\"><img loading=\"lazy\" decoding=\"async\" class=\"wp-image-10344\" src=\"https:\/\/pravnizapisi.rs\/wp-content\/uploads\/2024\/07\/pravni-zapisi-12024.png\" alt=\"\" width=\"100\" height=\"148\" \/><\/a><figcaption id=\"caption-attachment-10344\" class=\"wp-caption-text\">Language: English<\/figcaption><\/figure>\n<p class=\"p1\"><b>Bojan Spai\u0107<br \/>\n<\/b><b>Associate Professor, University of Belgrade Faculty of Law, Belgrade, Serbia<br \/>\n<\/b><b>e-mail: <\/b><span class=\"s1\"><b><a href=\"mailto:bojan.spaic@ius.bg.ac.rs\">bojan.spaic@ius.bg.ac.rs<\/a><br \/>\n<\/b><\/span><b><\/b><b>ORCID ID: <a href=\"https:\/\/orcid.org\/0000-0002-8887-9683\">https:\/\/orcid.org\/0000-0002-8887-9683<\/a><\/b><\/p>\n<p><b>Mila \u0110or\u0111evi\u0107<br \/>\n<\/b><b><\/b><b>Teaching Assistant, University of Belgrade Faculty of Law, Belgrade, Serbia<br \/>\n<\/b><b>e-mail: <\/b><span class=\"s1\"><b><a href=\"mailto:mila@ius.bg.ac.rs\">mila@ius.bg.ac.rs<\/a><br \/>\n<\/b><\/span><b><\/b><b>ORCID ID: <a href=\"https:\/\/orcid.org\/0000-0003-3032-5984\">https:\/\/orcid.org\/0000-0003-3032-5984<\/a><\/b><\/p>\n<p class=\"p1\">Pravni zapisi, No. 1\/2024, pp. 121-150<br \/>\nOriginal Scientific Article<br \/>\n<strong>DOI<\/strong>: 10.5937\/pravzap0-49148<\/p>\n<p style=\"text-align: justify;\"><span style=\"text-decoration: underline;\"><strong>KEY WORDS<br \/>\n<\/strong><\/span>Efficiency of Justice, Judicial Performance, Evaluation of Judges, Judicial Organization.<\/p>\n<p style=\"text-align: justify;\"><span style=\"text-decoration: underline;\"><strong>ABSTRACT<br \/>\n<\/strong><\/span>This paper (1) analyzes the existing theoretical framework for understanding the relationship between the judicial performance and judicial efficiency, (2) compares the judicial performances in Serbia, Croatia, Slovenia, France, Austria, and Norway for the year 2020, (3) compares the judicial performances in different instances in Serbia for the same year, and (4) examines the performance standards that are set by law for Serbian judges. The authors conclude that in 2020 Serbian judges resolved more cases in all instances (there is a higher number of resolved cases per judge only in Austria, in first instance), while at the same time falling short of the caseload standards set in Serbian law. Also, the study found excessive difference in the performance of Serbian courts, but that does not affect the evaluation of judges, since 485 evaluated judges out of 505 got the rating \u201cexceptionally successfully performs the function of judge\u201d for the year 2020.<\/p>\n","protected":false},"excerpt":{"rendered":"<p>PRAVNI ZAPISI \u2022 Year XV \u2022 No.1 \u2022 pp. 121-150 WHO WORKS MORE, AND WHO WORKS SMARTER? COMPARING JUDICIAL PERFORMANCE IN EUROPE Bojan Spai\u0107 Associate Professor, University of Belgrade Faculty of Law, Belgrade, Serbia e-mail: bojan.spaic@ius.bg.ac.rs ORCID ID: https:\/\/orcid.org\/0000-0002-8887-9683 Mila \u0110or\u0111evi\u0107 Teaching Assistant, University of Belgrade Faculty of Law, Belgrade, Serbia e-mail: mila@ius.bg.ac.rs ORCID ID: https:\/\/orcid.org\/0000-0003-3032-5984 Pravni zapisi, No. 1\/2024, pp. 121-150 Original Scientific Article DOI: 10.5937\/pravzap0-49148 KEY WORDS Efficiency of Justice, Judicial Performance, Evaluation of Judges, Judicial Organization. ABSTRACT This paper (1) analyzes the existing theoretical framework for understanding the relationship between the judicial performance and judicial efficiency, (2) [&hellip;]<\/p>\n","protected":false},"author":4,"featured_media":0,"parent":10316,"menu_order":0,"comment_status":"closed","ping_status":"closed","template":"template-article.php","meta":{"footnotes":""},"class_list":["post-10378","page","type-page","status-publish","hentry"],"yoast_head":"<!-- This site is optimized with the Yoast SEO plugin v27.1.1 - https:\/\/yoast.com\/product\/yoast-seo-wordpress\/ -->\n<title>- Pravni Zapisi<\/title>\n<meta name=\"robots\" content=\"index, follow, max-snippet:-1, max-image-preview:large, max-video-preview:-1\" \/>\n<link rel=\"canonical\" href=\"https:\/\/www.pravnizapisi.rs\/pravni-zapisi-1-2024\/10377-2\/\" \/>\n<meta property=\"og:locale\" content=\"en_US\" \/>\n<meta property=\"og:type\" content=\"article\" \/>\n<meta property=\"og:title\" content=\"- Pravni Zapisi\" \/>\n<meta property=\"og:description\" content=\"PRAVNI ZAPISI \u2022 Year XV \u2022 No.1 \u2022 pp. 121-150 WHO WORKS MORE, AND WHO WORKS SMARTER? COMPARING JUDICIAL PERFORMANCE IN EUROPE Bojan Spai\u0107 Associate Professor, University of Belgrade Faculty of Law, Belgrade, Serbia e-mail: bojan.spaic@ius.bg.ac.rs ORCID ID: https:\/\/orcid.org\/0000-0002-8887-9683 Mila \u0110or\u0111evi\u0107 Teaching Assistant, University of Belgrade Faculty of Law, Belgrade, Serbia e-mail: mila@ius.bg.ac.rs ORCID ID: https:\/\/orcid.org\/0000-0003-3032-5984 Pravni zapisi, No. 1\/2024, pp. 121-150 Original Scientific Article DOI: 10.5937\/pravzap0-49148 KEY WORDS Efficiency of Justice, Judicial Performance, Evaluation of Judges, Judicial Organization. ABSTRACT This paper (1) analyzes the existing theoretical framework for understanding the relationship between the judicial performance and judicial efficiency, (2) [&hellip;]\" \/>\n<meta property=\"og:url\" content=\"https:\/\/www.pravnizapisi.rs\/pravni-zapisi-1-2024\/10377-2\/\" \/>\n<meta property=\"og:site_name\" content=\"Pravni Zapisi\" \/>\n<meta property=\"article:modified_time\" content=\"2024-07-09T15:59:21+00:00\" \/>\n<meta property=\"og:image\" content=\"https:\/\/pravnizapisi.rs\/wp-content\/uploads\/2024\/07\/pravni-zapisi-12024.png\" \/>\n<meta name=\"twitter:card\" content=\"summary_large_image\" \/>\n<meta name=\"twitter:label1\" content=\"Est. reading time\" \/>\n\t<meta name=\"twitter:data1\" content=\"2 minutes\" \/>\n<script type=\"application\/ld+json\" class=\"yoast-schema-graph\">{\"@context\":\"https:\/\/schema.org\",\"@graph\":[{\"@type\":\"WebPage\",\"@id\":\"https:\/\/www.pravnizapisi.rs\/pravni-zapisi-1-2024\/10377-2\/\",\"url\":\"https:\/\/www.pravnizapisi.rs\/pravni-zapisi-1-2024\/10377-2\/\",\"name\":\"- Pravni Zapisi\",\"isPartOf\":{\"@id\":\"https:\/\/pravnizapisi.rs\/#website\"},\"primaryImageOfPage\":{\"@id\":\"https:\/\/www.pravnizapisi.rs\/pravni-zapisi-1-2024\/10377-2\/#primaryimage\"},\"image\":{\"@id\":\"https:\/\/www.pravnizapisi.rs\/pravni-zapisi-1-2024\/10377-2\/#primaryimage\"},\"thumbnailUrl\":\"https:\/\/pravnizapisi.rs\/wp-content\/uploads\/2024\/07\/pravni-zapisi-12024.png\",\"datePublished\":\"2024-07-09T15:57:15+00:00\",\"dateModified\":\"2024-07-09T15:59:21+00:00\",\"breadcrumb\":{\"@id\":\"https:\/\/www.pravnizapisi.rs\/pravni-zapisi-1-2024\/10377-2\/#breadcrumb\"},\"inLanguage\":\"en-US\",\"potentialAction\":[{\"@type\":\"ReadAction\",\"target\":[\"https:\/\/www.pravnizapisi.rs\/pravni-zapisi-1-2024\/10377-2\/\"]}]},{\"@type\":\"ImageObject\",\"inLanguage\":\"en-US\",\"@id\":\"https:\/\/www.pravnizapisi.rs\/pravni-zapisi-1-2024\/10377-2\/#primaryimage\",\"url\":\"https:\/\/pravnizapisi.rs\/wp-content\/uploads\/2024\/07\/pravni-zapisi-12024.png\",\"contentUrl\":\"https:\/\/pravnizapisi.rs\/wp-content\/uploads\/2024\/07\/pravni-zapisi-12024.png\"},{\"@type\":\"BreadcrumbList\",\"@id\":\"https:\/\/www.pravnizapisi.rs\/pravni-zapisi-1-2024\/10377-2\/#breadcrumb\",\"itemListElement\":[{\"@type\":\"ListItem\",\"position\":1,\"name\":\"\u041f\u043e\u0447\u0435\u0442\u043d\u0430\",\"item\":\"https:\/\/www.pravnizapisi.rs\/en\/\"},{\"@type\":\"ListItem\",\"position\":2,\"name\":\"Pravni zapisi 1\/2024\",\"item\":\"https:\/\/www.pravnizapisi.rs\/en\/pravni-zapisi-1-2024\/\"}]},{\"@type\":\"WebSite\",\"@id\":\"https:\/\/pravnizapisi.rs\/#website\",\"url\":\"https:\/\/pravnizapisi.rs\/\",\"name\":\"Pravni Zapisi\",\"description\":\"\",\"publisher\":{\"@id\":\"https:\/\/pravnizapisi.rs\/#organization\"},\"potentialAction\":[{\"@type\":\"SearchAction\",\"target\":{\"@type\":\"EntryPoint\",\"urlTemplate\":\"https:\/\/pravnizapisi.rs\/?s={search_term_string}\"},\"query-input\":{\"@type\":\"PropertyValueSpecification\",\"valueRequired\":true,\"valueName\":\"search_term_string\"}}],\"inLanguage\":\"en-US\"},{\"@type\":\"Organization\",\"@id\":\"https:\/\/pravnizapisi.rs\/#organization\",\"name\":\"Pravni Zapisi\",\"url\":\"https:\/\/pravnizapisi.rs\/\",\"logo\":{\"@type\":\"ImageObject\",\"inLanguage\":\"en-US\",\"@id\":\"https:\/\/pravnizapisi.rs\/#\/schema\/logo\/image\/\",\"url\":\"https:\/\/www.pravnizapisi.rs\/wp-content\/uploads\/2019\/11\/cropped-Header-logo-srb-1-1.jpg\",\"contentUrl\":\"https:\/\/www.pravnizapisi.rs\/wp-content\/uploads\/2019\/11\/cropped-Header-logo-srb-1-1.jpg\",\"width\":580,\"height\":80,\"caption\":\"Pravni Zapisi\"},\"image\":{\"@id\":\"https:\/\/pravnizapisi.rs\/#\/schema\/logo\/image\/\"}}]}<\/script>\n<!-- \/ Yoast SEO plugin. -->","yoast_head_json":{"title":"- Pravni Zapisi","robots":{"index":"index","follow":"follow","max-snippet":"max-snippet:-1","max-image-preview":"max-image-preview:large","max-video-preview":"max-video-preview:-1"},"canonical":"https:\/\/www.pravnizapisi.rs\/pravni-zapisi-1-2024\/10377-2\/","og_locale":"en_US","og_type":"article","og_title":"- Pravni Zapisi","og_description":"PRAVNI ZAPISI \u2022 Year XV \u2022 No.1 \u2022 pp. 121-150 WHO WORKS MORE, AND WHO WORKS SMARTER? COMPARING JUDICIAL PERFORMANCE IN EUROPE Bojan Spai\u0107 Associate Professor, University of Belgrade Faculty of Law, Belgrade, Serbia e-mail: bojan.spaic@ius.bg.ac.rs ORCID ID: https:\/\/orcid.org\/0000-0002-8887-9683 Mila \u0110or\u0111evi\u0107 Teaching Assistant, University of Belgrade Faculty of Law, Belgrade, Serbia e-mail: mila@ius.bg.ac.rs ORCID ID: https:\/\/orcid.org\/0000-0003-3032-5984 Pravni zapisi, No. 1\/2024, pp. 121-150 Original Scientific Article DOI: 10.5937\/pravzap0-49148 KEY WORDS Efficiency of Justice, Judicial Performance, Evaluation of Judges, Judicial Organization. ABSTRACT This paper (1) analyzes the existing theoretical framework for understanding the relationship between the judicial performance and judicial efficiency, (2) [&hellip;]","og_url":"https:\/\/www.pravnizapisi.rs\/pravni-zapisi-1-2024\/10377-2\/","og_site_name":"Pravni Zapisi","article_modified_time":"2024-07-09T15:59:21+00:00","og_image":[{"url":"https:\/\/pravnizapisi.rs\/wp-content\/uploads\/2024\/07\/pravni-zapisi-12024.png","type":"","width":"","height":""}],"twitter_card":"summary_large_image","twitter_misc":{"Est. reading time":"2 minutes"},"schema":{"@context":"https:\/\/schema.org","@graph":[{"@type":"WebPage","@id":"https:\/\/www.pravnizapisi.rs\/pravni-zapisi-1-2024\/10377-2\/","url":"https:\/\/www.pravnizapisi.rs\/pravni-zapisi-1-2024\/10377-2\/","name":"- Pravni Zapisi","isPartOf":{"@id":"https:\/\/pravnizapisi.rs\/#website"},"primaryImageOfPage":{"@id":"https:\/\/www.pravnizapisi.rs\/pravni-zapisi-1-2024\/10377-2\/#primaryimage"},"image":{"@id":"https:\/\/www.pravnizapisi.rs\/pravni-zapisi-1-2024\/10377-2\/#primaryimage"},"thumbnailUrl":"https:\/\/pravnizapisi.rs\/wp-content\/uploads\/2024\/07\/pravni-zapisi-12024.png","datePublished":"2024-07-09T15:57:15+00:00","dateModified":"2024-07-09T15:59:21+00:00","breadcrumb":{"@id":"https:\/\/www.pravnizapisi.rs\/pravni-zapisi-1-2024\/10377-2\/#breadcrumb"},"inLanguage":"en-US","potentialAction":[{"@type":"ReadAction","target":["https:\/\/www.pravnizapisi.rs\/pravni-zapisi-1-2024\/10377-2\/"]}]},{"@type":"ImageObject","inLanguage":"en-US","@id":"https:\/\/www.pravnizapisi.rs\/pravni-zapisi-1-2024\/10377-2\/#primaryimage","url":"https:\/\/pravnizapisi.rs\/wp-content\/uploads\/2024\/07\/pravni-zapisi-12024.png","contentUrl":"https:\/\/pravnizapisi.rs\/wp-content\/uploads\/2024\/07\/pravni-zapisi-12024.png"},{"@type":"BreadcrumbList","@id":"https:\/\/www.pravnizapisi.rs\/pravni-zapisi-1-2024\/10377-2\/#breadcrumb","itemListElement":[{"@type":"ListItem","position":1,"name":"\u041f\u043e\u0447\u0435\u0442\u043d\u0430","item":"https:\/\/www.pravnizapisi.rs\/en\/"},{"@type":"ListItem","position":2,"name":"Pravni zapisi 1\/2024","item":"https:\/\/www.pravnizapisi.rs\/en\/pravni-zapisi-1-2024\/"}]},{"@type":"WebSite","@id":"https:\/\/pravnizapisi.rs\/#website","url":"https:\/\/pravnizapisi.rs\/","name":"Pravni Zapisi","description":"","publisher":{"@id":"https:\/\/pravnizapisi.rs\/#organization"},"potentialAction":[{"@type":"SearchAction","target":{"@type":"EntryPoint","urlTemplate":"https:\/\/pravnizapisi.rs\/?s={search_term_string}"},"query-input":{"@type":"PropertyValueSpecification","valueRequired":true,"valueName":"search_term_string"}}],"inLanguage":"en-US"},{"@type":"Organization","@id":"https:\/\/pravnizapisi.rs\/#organization","name":"Pravni Zapisi","url":"https:\/\/pravnizapisi.rs\/","logo":{"@type":"ImageObject","inLanguage":"en-US","@id":"https:\/\/pravnizapisi.rs\/#\/schema\/logo\/image\/","url":"https:\/\/www.pravnizapisi.rs\/wp-content\/uploads\/2019\/11\/cropped-Header-logo-srb-1-1.jpg","contentUrl":"https:\/\/www.pravnizapisi.rs\/wp-content\/uploads\/2019\/11\/cropped-Header-logo-srb-1-1.jpg","width":580,"height":80,"caption":"Pravni Zapisi"},"image":{"@id":"https:\/\/pravnizapisi.rs\/#\/schema\/logo\/image\/"}}]}},"_links":{"self":[{"href":"https:\/\/www.pravnizapisi.rs\/en\/wp-json\/wp\/v2\/pages\/10378","targetHints":{"allow":["GET"]}}],"collection":[{"href":"https:\/\/www.pravnizapisi.rs\/en\/wp-json\/wp\/v2\/pages"}],"about":[{"href":"https:\/\/www.pravnizapisi.rs\/en\/wp-json\/wp\/v2\/types\/page"}],"author":[{"embeddable":true,"href":"https:\/\/www.pravnizapisi.rs\/en\/wp-json\/wp\/v2\/users\/4"}],"replies":[{"embeddable":true,"href":"https:\/\/www.pravnizapisi.rs\/en\/wp-json\/wp\/v2\/comments?post=10378"}],"version-history":[{"count":0,"href":"https:\/\/www.pravnizapisi.rs\/en\/wp-json\/wp\/v2\/pages\/10378\/revisions"}],"up":[{"embeddable":true,"href":"https:\/\/www.pravnizapisi.rs\/en\/wp-json\/wp\/v2\/pages\/10316"}],"wp:attachment":[{"href":"https:\/\/www.pravnizapisi.rs\/en\/wp-json\/wp\/v2\/media?parent=10378"}],"curies":[{"name":"wp","href":"https:\/\/api.w.org\/{rel}","templated":true}]}}