{"id":10476,"date":"2024-12-25T20:01:44","date_gmt":"2024-12-25T20:01:44","guid":{"rendered":"https:\/\/pravnizapisi.rs\/?page_id=10476"},"modified":"2024-12-25T22:23:51","modified_gmt":"2024-12-25T22:23:51","slug":"pravni-zapisi-2-2024","status":"publish","type":"page","link":"https:\/\/www.pravnizapisi.rs\/en\/pravni-zapisi-2-2024\/","title":{"rendered":"Pravni zapisi 2\/2024"},"content":{"rendered":"<p style=\"text-align: justify;\"><em><strong>Union University Law School Review<\/strong><\/em><br \/>\n<b><i>Year XV, No. 2\/2024, Pages 305-603<\/i><\/b><\/p>\n<table style=\"height: 78px;\" width=\"377\" frame=\"void\">\n<tbody>\n<tr>\n<td valign=\"top\"><strong>UDK\u00a034<\/strong><\/td>\n<td align=\"left\" valign=\"top\">\n<div><strong>ISSN 2217-2815 (Printed Edition)<\/strong><\/div>\n<div><strong>eISSN 2406-1387 (Online Edition)<\/strong><\/div>\n<\/td>\n<\/tr>\n<\/tbody>\n<\/table>\n<hr \/>\n<h3 style=\"text-align: center;\">TABLE OF CONTENTS<\/h3>\n<h4 style=\"text-align: justify;\">GUEST EDITORIAL<\/h4>\n<p class=\"p1\"><a href=\"https:\/\/pravnizapisi.rs\/wp-content\/uploads\/2024\/12\/Pravni-zapisi-2024_02-01-Sandor.pdf\"><b>Judit S\u00e1ndor, <\/b><i>A Lawyer\u2019s Legacy: The Significance of the D\u00e1niel Karsai v. Hungary Case<\/i><\/a><\/p>\n<h4 style=\"text-align: justify;\">ARTICLES<\/h4>\n<p class=\"p1\"><a href=\"https:\/\/pravnizapisi.rs\/en\/pravni-zapisi-2-2024\/10478-2\/\"><b>Vincent Sagaert, <\/b><i>The Commons and Anticommons in the Reform of Property Law: <\/i><i><\/i><i>An Illustration Through the New Belgian Civil Code<\/i><\/a><i><\/i><\/p>\n<p class=\"p3\"><a href=\"https:\/\/pravnizapisi.rs\/en\/pravni-zapisi-2-2024\/10530-2\/\"><b>Ana Kne\u017eevi\u0107 Bojovi\u0107, Vesna \u0106ori\u0107, <\/b><i>Judicial Self-governance in Serbia: Challenges to and Results of a Quantitative Approach<\/i><\/a><i><\/i><\/p>\n<p class=\"p3\"><a href=\"https:\/\/pravnizapisi.rs\/en\/pravni-zapisi-2-2024\/10532-2\/\"><b>Vladimir Tiutiuriukov, <\/b><i>Legal Consequences of Special Tax Regimes for Individual Entrepreneurs in Post-transition Economies<\/i><\/a><\/p>\n<p class=\"p3\"><a href=\"https:\/\/pravnizapisi.rs\/en\/pravni-zapisi-2-2024\/10534-2\/\"><b>Vesna Crni\u0107 Groti\u0107, \u0160ejla Maslo \u010cerki\u0107, Vygant\u0117 Mila\u0161i\u016bt\u0117, Tiina Pajuste, Mart Susi<br \/>\n<\/b><i>Reflections About the Sameness of Human Rights Online and Offline<\/i><\/a><\/p>\n<p class=\"p3\"><a href=\"https:\/\/pravnizapisi.rs\/en\/pravni-zapisi-2-2024\/10536-2\/\"><b>Dragoljub Popovi\u0107, <\/b><i>Serbian Civil Code in the History of Serbian Law<\/i><\/a><i><\/i><\/p>\n<p class=\"p3\"><a href=\"https:\/\/pravnizapisi.rs\/en\/pravni-zapisi-2-2024\/10538-2\/\"><b>Sara Azevedo<\/b><b><i>, <\/i><\/b><i>The Role of Dilemmas in Law<\/i><\/a><i><\/i><\/p>\n<p class=\"p3\"><a href=\"https:\/\/pravnizapisi.rs\/en\/pravni-zapisi-2-2024\/10540-2\/\"><b>Ljubica Tomi\u0107<\/b><b><i>, <\/i><\/b><i>Mediation in Shareholder Divorce Disputes in Closely Held Companies in Serbia <\/i><\/a><i><\/i><\/p>\n<p class=\"p3\"><a href=\"https:\/\/pravnizapisi.rs\/en\/pravni-zapisi-2-2024\/10542-2\/\"><b>Nata\u0161a Rajkovi\u0107, <\/b><i>The Gem Hidden Behind Predictability: Discussing Efficiency in and of Investment Arbitration<\/i><\/a><\/p>\n<h4 style=\"text-align: justify;\">BOOK REVIEWS<\/h4>\n<p class=\"p1\"><a href=\"https:\/\/pravnizapisi.rs\/wp-content\/uploads\/2024\/12\/Pravni-zapisi-2024_02-10-Jerinic.pdf\"><b>Jelena Jerini\u0107, <\/b><i>The Politics of Constitutional Law Around the World, Mark Tushnet and Dimitry Kochenov (eds.), Research Handbook on the Politics of Constitutional Law, Cheltenham, Edward Elgar Publishing Ltd., 2023, pp. 753<\/i>.<\/a><\/p>\n<p class=\"p1\"><a href=\"https:\/\/pravnizapisi.rs\/wp-content\/uploads\/2024\/12\/Pravni-zapisi-2024_02-11-Kuzminac.pdf\"><b>Mina Kuzminac<\/b><b><i>, <\/i><\/b><i>Protection of Personal Data: A Question of the Future that \u201cPreempted\u201d the Present, \u0110or\u0111e Krivokapi\u0107, Jelena Adamovi\u0107, Dunja Tasi\u0107 Krivokapi\u0107, Andrea Nikoli\u0107, Priru\u010dnik: Za\u0161tita podataka o li\u010dnosti u poslovanju, Fakultet organizacionih nauka, 2023, pp. 324<\/i>.<\/a><\/p>\n<p class=\"p1\"><a href=\"https:\/\/pravnizapisi.rs\/wp-content\/uploads\/2024\/12\/Pravni-zapisi-2024_02-12-Vukotic.pdf\"><b>Milo\u0161 Vukoti\u0107, <\/b><i>A New Chapter in Teaching Contract and Torts Law, Marija Karaniki\u0107 Miri\u0107, Obligaciono pravo, Slu\u017ebeni glasnik, Beograd, 2024, pp. 931<\/i>.<\/a><\/p>\n<h4 style=\"text-align: justify;\">CHRONICLE<\/h4>\n<p class=\"p1\"><a href=\"https:\/\/pravnizapisi.rs\/wp-content\/uploads\/2024\/12\/Pravni-zapisi-2024_02-13-Hronika-Fakulteta.pdf\"><i><strong>Chronicle of the Union University Law School Belgrade<\/strong> (2023\/2024), Contributor\u00a0Jovana Popovi\u0107<\/i><\/a><\/p>\n<p class=\"p1\"><a href=\"https:\/\/pravnizapisi.rs\/wp-content\/uploads\/2024\/12\/Pravni-zapisi-2024_02-13-Hronika-Fakulteta.pdf\">.<\/a><\/p>\n<p style=\"text-align: justify;\">\n","protected":false},"excerpt":{"rendered":"<p>Union University Law School Review Year XV, No. 2\/2024, Pages 305-603 UDK\u00a034 ISSN 2217-2815 (Printed Edition) eISSN 2406-1387 (Online Edition) TABLE OF CONTENTS GUEST EDITORIAL Judit S\u00e1ndor, A Lawyer\u2019s Legacy: The Significance of the D\u00e1niel Karsai v. Hungary Case ARTICLES Vincent Sagaert, The Commons and Anticommons in the Reform of Property Law: An Illustration Through the New Belgian Civil Code Ana Kne\u017eevi\u0107 Bojovi\u0107, Vesna \u0106ori\u0107, Judicial Self-governance in Serbia: Challenges to and Results of a Quantitative Approach Vladimir Tiutiuriukov, Legal Consequences of Special Tax Regimes for Individual Entrepreneurs in Post-transition Economies Vesna Crni\u0107 Groti\u0107, \u0160ejla Maslo \u010cerki\u0107, Vygant\u0117 Mila\u0161i\u016bt\u0117, Tiina [&hellip;]<\/p>\n","protected":false},"author":4,"featured_media":0,"parent":0,"menu_order":0,"comment_status":"closed","ping_status":"closed","template":"template-fullwidth.php","meta":{"footnotes":""},"class_list":["post-10476","page","type-page","status-publish","hentry"],"yoast_head":"<!-- This site is optimized with the Yoast SEO plugin v27.1.1 - https:\/\/yoast.com\/product\/yoast-seo-wordpress\/ -->\n<title>Pravni zapisi 2\/2024 - Pravni Zapisi<\/title>\n<meta name=\"robots\" content=\"index, follow, max-snippet:-1, max-image-preview:large, max-video-preview:-1\" \/>\n<link rel=\"canonical\" href=\"https:\/\/www.pravnizapisi.rs\/en\/pravni-zapisi-2-2024\/\" \/>\n<meta property=\"og:locale\" content=\"en_US\" \/>\n<meta property=\"og:type\" content=\"article\" \/>\n<meta property=\"og:title\" content=\"Pravni zapisi 2\/2024 - Pravni Zapisi\" \/>\n<meta property=\"og:description\" content=\"Union University Law School Review Year XV, No. 2\/2024, Pages 305-603 UDK\u00a034 ISSN 2217-2815 (Printed Edition) eISSN 2406-1387 (Online Edition) TABLE OF CONTENTS GUEST EDITORIAL Judit S\u00e1ndor, A Lawyer\u2019s Legacy: The Significance of the D\u00e1niel Karsai v. Hungary Case ARTICLES Vincent Sagaert, The Commons and Anticommons in the Reform of Property Law: An Illustration Through the New Belgian Civil Code Ana Kne\u017eevi\u0107 Bojovi\u0107, Vesna \u0106ori\u0107, Judicial Self-governance in Serbia: Challenges to and Results of a Quantitative Approach Vladimir Tiutiuriukov, Legal Consequences of Special Tax Regimes for Individual Entrepreneurs in Post-transition Economies Vesna Crni\u0107 Groti\u0107, \u0160ejla Maslo \u010cerki\u0107, Vygant\u0117 Mila\u0161i\u016bt\u0117, Tiina [&hellip;]\" \/>\n<meta property=\"og:url\" content=\"https:\/\/www.pravnizapisi.rs\/en\/pravni-zapisi-2-2024\/\" \/>\n<meta property=\"og:site_name\" content=\"Pravni Zapisi\" \/>\n<meta property=\"article:modified_time\" content=\"2024-12-25T22:23:51+00:00\" \/>\n<meta property=\"og:image\" content=\"https:\/\/www.pravnizapisi.rs\/wp-content\/uploads\/2020\/07\/pzapisi.jpg\" \/>\n\t<meta property=\"og:image:width\" content=\"150\" \/>\n\t<meta property=\"og:image:height\" content=\"225\" \/>\n\t<meta property=\"og:image:type\" content=\"image\/jpeg\" \/>\n<meta name=\"twitter:card\" content=\"summary_large_image\" \/>\n<meta name=\"twitter:label1\" content=\"Est. reading time\" \/>\n\t<meta name=\"twitter:data1\" content=\"2 minutes\" \/>\n<script type=\"application\/ld+json\" class=\"yoast-schema-graph\">{\"@context\":\"https:\/\/schema.org\",\"@graph\":[{\"@type\":\"WebPage\",\"@id\":\"https:\/\/www.pravnizapisi.rs\/en\/pravni-zapisi-2-2024\/\",\"url\":\"https:\/\/www.pravnizapisi.rs\/en\/pravni-zapisi-2-2024\/\",\"name\":\"Pravni zapisi 2\/2024 - Pravni Zapisi\",\"isPartOf\":{\"@id\":\"https:\/\/pravnizapisi.rs\/#website\"},\"datePublished\":\"2024-12-25T20:01:44+00:00\",\"dateModified\":\"2024-12-25T22:23:51+00:00\",\"breadcrumb\":{\"@id\":\"https:\/\/www.pravnizapisi.rs\/en\/pravni-zapisi-2-2024\/#breadcrumb\"},\"inLanguage\":\"en-US\",\"potentialAction\":[{\"@type\":\"ReadAction\",\"target\":[\"https:\/\/www.pravnizapisi.rs\/en\/pravni-zapisi-2-2024\/\"]}]},{\"@type\":\"BreadcrumbList\",\"@id\":\"https:\/\/www.pravnizapisi.rs\/en\/pravni-zapisi-2-2024\/#breadcrumb\",\"itemListElement\":[{\"@type\":\"ListItem\",\"position\":1,\"name\":\"\u041f\u043e\u0447\u0435\u0442\u043d\u0430\",\"item\":\"https:\/\/www.pravnizapisi.rs\/en\/\"},{\"@type\":\"ListItem\",\"position\":2,\"name\":\"Pravni zapisi 2\/2024\"}]},{\"@type\":\"WebSite\",\"@id\":\"https:\/\/pravnizapisi.rs\/#website\",\"url\":\"https:\/\/pravnizapisi.rs\/\",\"name\":\"Pravni Zapisi\",\"description\":\"\",\"publisher\":{\"@id\":\"https:\/\/pravnizapisi.rs\/#organization\"},\"potentialAction\":[{\"@type\":\"SearchAction\",\"target\":{\"@type\":\"EntryPoint\",\"urlTemplate\":\"https:\/\/pravnizapisi.rs\/?s={search_term_string}\"},\"query-input\":{\"@type\":\"PropertyValueSpecification\",\"valueRequired\":true,\"valueName\":\"search_term_string\"}}],\"inLanguage\":\"en-US\"},{\"@type\":\"Organization\",\"@id\":\"https:\/\/pravnizapisi.rs\/#organization\",\"name\":\"Pravni Zapisi\",\"url\":\"https:\/\/pravnizapisi.rs\/\",\"logo\":{\"@type\":\"ImageObject\",\"inLanguage\":\"en-US\",\"@id\":\"https:\/\/pravnizapisi.rs\/#\/schema\/logo\/image\/\",\"url\":\"https:\/\/www.pravnizapisi.rs\/wp-content\/uploads\/2019\/11\/cropped-Header-logo-srb-1-1.jpg\",\"contentUrl\":\"https:\/\/www.pravnizapisi.rs\/wp-content\/uploads\/2019\/11\/cropped-Header-logo-srb-1-1.jpg\",\"width\":580,\"height\":80,\"caption\":\"Pravni Zapisi\"},\"image\":{\"@id\":\"https:\/\/pravnizapisi.rs\/#\/schema\/logo\/image\/\"}}]}<\/script>\n<!-- \/ Yoast SEO plugin. -->","yoast_head_json":{"title":"Pravni zapisi 2\/2024 - Pravni Zapisi","robots":{"index":"index","follow":"follow","max-snippet":"max-snippet:-1","max-image-preview":"max-image-preview:large","max-video-preview":"max-video-preview:-1"},"canonical":"https:\/\/www.pravnizapisi.rs\/en\/pravni-zapisi-2-2024\/","og_locale":"en_US","og_type":"article","og_title":"Pravni zapisi 2\/2024 - Pravni Zapisi","og_description":"Union University Law School Review Year XV, No. 2\/2024, Pages 305-603 UDK\u00a034 ISSN 2217-2815 (Printed Edition) eISSN 2406-1387 (Online Edition) TABLE OF CONTENTS GUEST EDITORIAL Judit S\u00e1ndor, A Lawyer\u2019s Legacy: The Significance of the D\u00e1niel Karsai v. Hungary Case ARTICLES Vincent Sagaert, The Commons and Anticommons in the Reform of Property Law: An Illustration Through the New Belgian Civil Code Ana Kne\u017eevi\u0107 Bojovi\u0107, Vesna \u0106ori\u0107, Judicial Self-governance in Serbia: Challenges to and Results of a Quantitative Approach Vladimir Tiutiuriukov, Legal Consequences of Special Tax Regimes for Individual Entrepreneurs in Post-transition Economies Vesna Crni\u0107 Groti\u0107, \u0160ejla Maslo \u010cerki\u0107, Vygant\u0117 Mila\u0161i\u016bt\u0117, Tiina [&hellip;]","og_url":"https:\/\/www.pravnizapisi.rs\/en\/pravni-zapisi-2-2024\/","og_site_name":"Pravni Zapisi","article_modified_time":"2024-12-25T22:23:51+00:00","og_image":[{"width":150,"height":225,"url":"https:\/\/www.pravnizapisi.rs\/wp-content\/uploads\/2020\/07\/pzapisi.jpg","type":"image\/jpeg"}],"twitter_card":"summary_large_image","twitter_misc":{"Est. reading time":"2 minutes"},"schema":{"@context":"https:\/\/schema.org","@graph":[{"@type":"WebPage","@id":"https:\/\/www.pravnizapisi.rs\/en\/pravni-zapisi-2-2024\/","url":"https:\/\/www.pravnizapisi.rs\/en\/pravni-zapisi-2-2024\/","name":"Pravni zapisi 2\/2024 - Pravni Zapisi","isPartOf":{"@id":"https:\/\/pravnizapisi.rs\/#website"},"datePublished":"2024-12-25T20:01:44+00:00","dateModified":"2024-12-25T22:23:51+00:00","breadcrumb":{"@id":"https:\/\/www.pravnizapisi.rs\/en\/pravni-zapisi-2-2024\/#breadcrumb"},"inLanguage":"en-US","potentialAction":[{"@type":"ReadAction","target":["https:\/\/www.pravnizapisi.rs\/en\/pravni-zapisi-2-2024\/"]}]},{"@type":"BreadcrumbList","@id":"https:\/\/www.pravnizapisi.rs\/en\/pravni-zapisi-2-2024\/#breadcrumb","itemListElement":[{"@type":"ListItem","position":1,"name":"\u041f\u043e\u0447\u0435\u0442\u043d\u0430","item":"https:\/\/www.pravnizapisi.rs\/en\/"},{"@type":"ListItem","position":2,"name":"Pravni zapisi 2\/2024"}]},{"@type":"WebSite","@id":"https:\/\/pravnizapisi.rs\/#website","url":"https:\/\/pravnizapisi.rs\/","name":"Pravni Zapisi","description":"","publisher":{"@id":"https:\/\/pravnizapisi.rs\/#organization"},"potentialAction":[{"@type":"SearchAction","target":{"@type":"EntryPoint","urlTemplate":"https:\/\/pravnizapisi.rs\/?s={search_term_string}"},"query-input":{"@type":"PropertyValueSpecification","valueRequired":true,"valueName":"search_term_string"}}],"inLanguage":"en-US"},{"@type":"Organization","@id":"https:\/\/pravnizapisi.rs\/#organization","name":"Pravni Zapisi","url":"https:\/\/pravnizapisi.rs\/","logo":{"@type":"ImageObject","inLanguage":"en-US","@id":"https:\/\/pravnizapisi.rs\/#\/schema\/logo\/image\/","url":"https:\/\/www.pravnizapisi.rs\/wp-content\/uploads\/2019\/11\/cropped-Header-logo-srb-1-1.jpg","contentUrl":"https:\/\/www.pravnizapisi.rs\/wp-content\/uploads\/2019\/11\/cropped-Header-logo-srb-1-1.jpg","width":580,"height":80,"caption":"Pravni Zapisi"},"image":{"@id":"https:\/\/pravnizapisi.rs\/#\/schema\/logo\/image\/"}}]}},"_links":{"self":[{"href":"https:\/\/www.pravnizapisi.rs\/en\/wp-json\/wp\/v2\/pages\/10476","targetHints":{"allow":["GET"]}}],"collection":[{"href":"https:\/\/www.pravnizapisi.rs\/en\/wp-json\/wp\/v2\/pages"}],"about":[{"href":"https:\/\/www.pravnizapisi.rs\/en\/wp-json\/wp\/v2\/types\/page"}],"author":[{"embeddable":true,"href":"https:\/\/www.pravnizapisi.rs\/en\/wp-json\/wp\/v2\/users\/4"}],"replies":[{"embeddable":true,"href":"https:\/\/www.pravnizapisi.rs\/en\/wp-json\/wp\/v2\/comments?post=10476"}],"version-history":[{"count":0,"href":"https:\/\/www.pravnizapisi.rs\/en\/wp-json\/wp\/v2\/pages\/10476\/revisions"}],"wp:attachment":[{"href":"https:\/\/www.pravnizapisi.rs\/en\/wp-json\/wp\/v2\/media?parent=10476"}],"curies":[{"name":"wp","href":"https:\/\/api.w.org\/{rel}","templated":true}]}}