{"id":10530,"date":"2024-12-25T21:29:32","date_gmt":"2024-12-25T21:29:32","guid":{"rendered":"https:\/\/pravnizapisi.rs\/?page_id=10530"},"modified":"2024-12-25T21:29:33","modified_gmt":"2024-12-25T21:29:33","slug":"10530-2","status":"publish","type":"page","link":"https:\/\/www.pravnizapisi.rs\/en\/pravni-zapisi-2-2024\/10530-2\/","title":{"rendered":""},"content":{"rendered":"<p class=\"p1\" style=\"text-align: center;\">PRAVNI ZAPISI \u2022 Year XV \u2022 No. 2 \u2022 pp. 352\u2013393<\/p>\n<h3><b>JUDICIAL SELF-GOVERNANCE IN SERBIA: CHALLENGES TO AND RESULTS OF A QUANTITATIVE APPROACH<\/b><\/h3>\n<figure id=\"attachment_10480\" aria-describedby=\"caption-attachment-10480\" style=\"width: 100px\" class=\"wp-caption alignright\"><a href=\"https:\/\/pravnizapisi.rs\/wp-content\/uploads\/2024\/12\/Pravni-zapisi-2024_02-03-Bojovic-Coric.pdf\"><img loading=\"lazy\" decoding=\"async\" class=\"wp-image-10480\" src=\"https:\/\/pravnizapisi.rs\/wp-content\/uploads\/2024\/12\/Screenshot-2024-12-25-at-8.42.20\u202fPM-202x300.png\" alt=\"\" width=\"100\" height=\"149\" srcset=\"https:\/\/www.pravnizapisi.rs\/wp-content\/uploads\/2024\/12\/Screenshot-2024-12-25-at-8.42.20\u202fPM-202x300.png 202w, https:\/\/www.pravnizapisi.rs\/wp-content\/uploads\/2024\/12\/Screenshot-2024-12-25-at-8.42.20\u202fPM-689x1024.png 689w, https:\/\/www.pravnizapisi.rs\/wp-content\/uploads\/2024\/12\/Screenshot-2024-12-25-at-8.42.20\u202fPM-768x1141.png 768w, https:\/\/www.pravnizapisi.rs\/wp-content\/uploads\/2024\/12\/Screenshot-2024-12-25-at-8.42.20\u202fPM-1034x1536.png 1034w, https:\/\/www.pravnizapisi.rs\/wp-content\/uploads\/2024\/12\/Screenshot-2024-12-25-at-8.42.20\u202fPM-947x1406.png 947w, https:\/\/www.pravnizapisi.rs\/wp-content\/uploads\/2024\/12\/Screenshot-2024-12-25-at-8.42.20\u202fPM-624x927.png 624w, https:\/\/www.pravnizapisi.rs\/wp-content\/uploads\/2024\/12\/Screenshot-2024-12-25-at-8.42.20\u202fPM.png 1115w\" sizes=\"auto, (max-width: 100px) 100vw, 100px\" \/><\/a><figcaption id=\"caption-attachment-10480\" class=\"wp-caption-text\">Language:<br \/><em>English<\/em><\/figcaption><\/figure>\n<p class=\"p1\"><b>Ana Kne\u017eevi\u0107 Bojovi\u0107<br \/>\n<\/b><b>Senior Research Associate, Institute of Comparative Law<br \/>\n<\/b><span class=\"s1\"><b>e-mail: <\/b><a href=\"mailto:a.bojovic@iup.rs\"><span class=\"s2\"><b>a.bojovic@iup.rs<\/b><\/span><\/a><b><br \/>\n<\/b><\/span><b>ORCID ID: 0000-0002-3746-5747<\/b><\/p>\n<p class=\"p1\"><b>Vesna \u0106ori\u0107<br \/>\n<\/b><b>Senior Research Associate, Institute of Comparative Law<br \/>\n<\/b><span class=\"s1\"><b>e-mail: <\/b><a href=\"mailto:v.coric@iup.rs\"><span class=\"s2\"><b>v.coric@iup.rs<\/b><\/span><\/a><b><br \/>\n<\/b><b>ORCID ID: 0000-0003-4240-7469<\/b><br \/>\n<\/span><\/p>\n<p class=\"p1\">Pravni zapisi, No. 2\/2024, pp. 352\u2013393<br \/>\nOriginal Scientific Article<br \/>\n<b>DOI<\/b>: 10.5937\/pravzap15-54236<\/p>\n<p style=\"text-align: justify;\"><span style=\"text-decoration: underline;\"><strong>KEY WORDS<br \/>\n<\/strong><\/span><\/p>\n<p class=\"p1\">Judges, Judicial Self-governance, Judicial Council, Judicial Self-Governance Index, Rule of Law, European Union, External Conditionality, Serbia.<\/p>\n<p style=\"text-align: justify;\"><span style=\"text-decoration: underline;\"><strong>ABSTRACT<br \/>\n<\/strong><\/span><\/p>\n<p class=\"p1\">Serbia has been continuously changing its judicial regulation landscape since 2000, in an effort to assert judicial independence and judicial self-governance, under strong EU external conditionality. The authors utilize the Judicial Self-Governance Index developed by \u0160ipulov\u00e1 <i>et al.<\/i> as the main methodological tool aimed to determine whether the achieved level of judicial self-governance in Serbia is consistent with the demands of external conditionality. The research shows that judges control over 50% of relevant competencies, with a gradual increase in judicial self-governance in Serbia during the 2003\u20132023 period. This is consistent with the external conditionality demands and with the <i>de iure<\/i> implementation of the judicial council model. The research also points to some limitations of the applied methodology and highlights the need for a comprehensive examination of <i>de facto<\/i> judicial self-governance, while giving due regard to all integral parts of the complex rule of law principle.<\/p>\n","protected":false},"excerpt":{"rendered":"<p>PRAVNI ZAPISI \u2022 Year XV \u2022 No. 2 \u2022 pp. 352\u2013393 JUDICIAL SELF-GOVERNANCE IN SERBIA: CHALLENGES TO AND RESULTS OF A QUANTITATIVE APPROACH Ana Kne\u017eevi\u0107 Bojovi\u0107 Senior Research Associate, Institute of Comparative Law e-mail: a.bojovic@iup.rs ORCID ID: 0000-0002-3746-5747 Vesna \u0106ori\u0107 Senior Research Associate, Institute of Comparative Law e-mail: v.coric@iup.rs ORCID ID: 0000-0003-4240-7469 Pravni zapisi, No. 2\/2024, pp. 352\u2013393 Original Scientific Article DOI: 10.5937\/pravzap15-54236 KEY WORDS Judges, Judicial Self-governance, Judicial Council, Judicial Self-Governance Index, Rule of Law, European Union, External Conditionality, Serbia. ABSTRACT Serbia has been continuously changing its judicial regulation landscape since 2000, in an effort to assert judicial independence [&hellip;]<\/p>\n","protected":false},"author":4,"featured_media":0,"parent":10476,"menu_order":0,"comment_status":"closed","ping_status":"closed","template":"template-article.php","meta":{"footnotes":""},"class_list":["post-10530","page","type-page","status-publish","hentry"],"yoast_head":"<!-- This site is optimized with the Yoast SEO plugin v27.1.1 - https:\/\/yoast.com\/product\/yoast-seo-wordpress\/ -->\n<title>- Pravni Zapisi<\/title>\n<meta name=\"robots\" content=\"index, follow, max-snippet:-1, max-image-preview:large, max-video-preview:-1\" \/>\n<link rel=\"canonical\" href=\"https:\/\/www.pravnizapisi.rs\/pravni-zapisi-2-2024\/10529-2\/\" \/>\n<meta property=\"og:locale\" content=\"en_US\" \/>\n<meta property=\"og:type\" content=\"article\" \/>\n<meta property=\"og:title\" content=\"- Pravni Zapisi\" \/>\n<meta property=\"og:description\" content=\"PRAVNI ZAPISI \u2022 Year XV \u2022 No. 2 \u2022 pp. 352\u2013393 JUDICIAL SELF-GOVERNANCE IN SERBIA: CHALLENGES TO AND RESULTS OF A QUANTITATIVE APPROACH Ana Kne\u017eevi\u0107 Bojovi\u0107 Senior Research Associate, Institute of Comparative Law e-mail: a.bojovic@iup.rs ORCID ID: 0000-0002-3746-5747 Vesna \u0106ori\u0107 Senior Research Associate, Institute of Comparative Law e-mail: v.coric@iup.rs ORCID ID: 0000-0003-4240-7469 Pravni zapisi, No. 2\/2024, pp. 352\u2013393 Original Scientific Article DOI: 10.5937\/pravzap15-54236 KEY WORDS Judges, Judicial Self-governance, Judicial Council, Judicial Self-Governance Index, Rule of Law, European Union, External Conditionality, Serbia. ABSTRACT Serbia has been continuously changing its judicial regulation landscape since 2000, in an effort to assert judicial independence [&hellip;]\" \/>\n<meta property=\"og:url\" content=\"https:\/\/www.pravnizapisi.rs\/pravni-zapisi-2-2024\/10529-2\/\" \/>\n<meta property=\"og:site_name\" content=\"Pravni Zapisi\" \/>\n<meta property=\"article:modified_time\" content=\"2024-12-25T21:29:33+00:00\" \/>\n<meta property=\"og:image\" content=\"https:\/\/www.pravnizapisi.rs\/wp-content\/uploads\/2020\/07\/pzapisi.jpg\" \/>\n\t<meta property=\"og:image:width\" content=\"150\" \/>\n\t<meta property=\"og:image:height\" content=\"225\" \/>\n\t<meta property=\"og:image:type\" content=\"image\/jpeg\" \/>\n<meta name=\"twitter:card\" content=\"summary_large_image\" \/>\n<meta name=\"twitter:label1\" content=\"Est. reading time\" \/>\n\t<meta name=\"twitter:data1\" content=\"2 minutes\" \/>\n<script type=\"application\/ld+json\" class=\"yoast-schema-graph\">{\"@context\":\"https:\/\/schema.org\",\"@graph\":[{\"@type\":\"WebPage\",\"@id\":\"https:\/\/www.pravnizapisi.rs\/pravni-zapisi-2-2024\/10529-2\/\",\"url\":\"https:\/\/www.pravnizapisi.rs\/pravni-zapisi-2-2024\/10529-2\/\",\"name\":\"- Pravni Zapisi\",\"isPartOf\":{\"@id\":\"https:\/\/pravnizapisi.rs\/#website\"},\"datePublished\":\"2024-12-25T21:29:32+00:00\",\"dateModified\":\"2024-12-25T21:29:33+00:00\",\"breadcrumb\":{\"@id\":\"https:\/\/www.pravnizapisi.rs\/pravni-zapisi-2-2024\/10529-2\/#breadcrumb\"},\"inLanguage\":\"en-US\",\"potentialAction\":[{\"@type\":\"ReadAction\",\"target\":[\"https:\/\/www.pravnizapisi.rs\/pravni-zapisi-2-2024\/10529-2\/\"]}]},{\"@type\":\"BreadcrumbList\",\"@id\":\"https:\/\/www.pravnizapisi.rs\/pravni-zapisi-2-2024\/10529-2\/#breadcrumb\",\"itemListElement\":[{\"@type\":\"ListItem\",\"position\":1,\"name\":\"\u041f\u043e\u0447\u0435\u0442\u043d\u0430\",\"item\":\"https:\/\/www.pravnizapisi.rs\/en\/\"},{\"@type\":\"ListItem\",\"position\":2,\"name\":\"Pravni zapisi 2\/2024\",\"item\":\"https:\/\/www.pravnizapisi.rs\/en\/pravni-zapisi-2-2024\/\"}]},{\"@type\":\"WebSite\",\"@id\":\"https:\/\/pravnizapisi.rs\/#website\",\"url\":\"https:\/\/pravnizapisi.rs\/\",\"name\":\"Pravni Zapisi\",\"description\":\"\",\"publisher\":{\"@id\":\"https:\/\/pravnizapisi.rs\/#organization\"},\"potentialAction\":[{\"@type\":\"SearchAction\",\"target\":{\"@type\":\"EntryPoint\",\"urlTemplate\":\"https:\/\/pravnizapisi.rs\/?s={search_term_string}\"},\"query-input\":{\"@type\":\"PropertyValueSpecification\",\"valueRequired\":true,\"valueName\":\"search_term_string\"}}],\"inLanguage\":\"en-US\"},{\"@type\":\"Organization\",\"@id\":\"https:\/\/pravnizapisi.rs\/#organization\",\"name\":\"Pravni Zapisi\",\"url\":\"https:\/\/pravnizapisi.rs\/\",\"logo\":{\"@type\":\"ImageObject\",\"inLanguage\":\"en-US\",\"@id\":\"https:\/\/pravnizapisi.rs\/#\/schema\/logo\/image\/\",\"url\":\"https:\/\/www.pravnizapisi.rs\/wp-content\/uploads\/2019\/11\/cropped-Header-logo-srb-1-1.jpg\",\"contentUrl\":\"https:\/\/www.pravnizapisi.rs\/wp-content\/uploads\/2019\/11\/cropped-Header-logo-srb-1-1.jpg\",\"width\":580,\"height\":80,\"caption\":\"Pravni Zapisi\"},\"image\":{\"@id\":\"https:\/\/pravnizapisi.rs\/#\/schema\/logo\/image\/\"}}]}<\/script>\n<!-- \/ Yoast SEO plugin. -->","yoast_head_json":{"title":"- Pravni Zapisi","robots":{"index":"index","follow":"follow","max-snippet":"max-snippet:-1","max-image-preview":"max-image-preview:large","max-video-preview":"max-video-preview:-1"},"canonical":"https:\/\/www.pravnizapisi.rs\/pravni-zapisi-2-2024\/10529-2\/","og_locale":"en_US","og_type":"article","og_title":"- Pravni Zapisi","og_description":"PRAVNI ZAPISI \u2022 Year XV \u2022 No. 2 \u2022 pp. 352\u2013393 JUDICIAL SELF-GOVERNANCE IN SERBIA: CHALLENGES TO AND RESULTS OF A QUANTITATIVE APPROACH Ana Kne\u017eevi\u0107 Bojovi\u0107 Senior Research Associate, Institute of Comparative Law e-mail: a.bojovic@iup.rs ORCID ID: 0000-0002-3746-5747 Vesna \u0106ori\u0107 Senior Research Associate, Institute of Comparative Law e-mail: v.coric@iup.rs ORCID ID: 0000-0003-4240-7469 Pravni zapisi, No. 2\/2024, pp. 352\u2013393 Original Scientific Article DOI: 10.5937\/pravzap15-54236 KEY WORDS Judges, Judicial Self-governance, Judicial Council, Judicial Self-Governance Index, Rule of Law, European Union, External Conditionality, Serbia. ABSTRACT Serbia has been continuously changing its judicial regulation landscape since 2000, in an effort to assert judicial independence [&hellip;]","og_url":"https:\/\/www.pravnizapisi.rs\/pravni-zapisi-2-2024\/10529-2\/","og_site_name":"Pravni Zapisi","article_modified_time":"2024-12-25T21:29:33+00:00","og_image":[{"width":150,"height":225,"url":"https:\/\/www.pravnizapisi.rs\/wp-content\/uploads\/2020\/07\/pzapisi.jpg","type":"image\/jpeg"}],"twitter_card":"summary_large_image","twitter_misc":{"Est. reading time":"2 minutes"},"schema":{"@context":"https:\/\/schema.org","@graph":[{"@type":"WebPage","@id":"https:\/\/www.pravnizapisi.rs\/pravni-zapisi-2-2024\/10529-2\/","url":"https:\/\/www.pravnizapisi.rs\/pravni-zapisi-2-2024\/10529-2\/","name":"- Pravni Zapisi","isPartOf":{"@id":"https:\/\/pravnizapisi.rs\/#website"},"datePublished":"2024-12-25T21:29:32+00:00","dateModified":"2024-12-25T21:29:33+00:00","breadcrumb":{"@id":"https:\/\/www.pravnizapisi.rs\/pravni-zapisi-2-2024\/10529-2\/#breadcrumb"},"inLanguage":"en-US","potentialAction":[{"@type":"ReadAction","target":["https:\/\/www.pravnizapisi.rs\/pravni-zapisi-2-2024\/10529-2\/"]}]},{"@type":"BreadcrumbList","@id":"https:\/\/www.pravnizapisi.rs\/pravni-zapisi-2-2024\/10529-2\/#breadcrumb","itemListElement":[{"@type":"ListItem","position":1,"name":"\u041f\u043e\u0447\u0435\u0442\u043d\u0430","item":"https:\/\/www.pravnizapisi.rs\/en\/"},{"@type":"ListItem","position":2,"name":"Pravni zapisi 2\/2024","item":"https:\/\/www.pravnizapisi.rs\/en\/pravni-zapisi-2-2024\/"}]},{"@type":"WebSite","@id":"https:\/\/pravnizapisi.rs\/#website","url":"https:\/\/pravnizapisi.rs\/","name":"Pravni Zapisi","description":"","publisher":{"@id":"https:\/\/pravnizapisi.rs\/#organization"},"potentialAction":[{"@type":"SearchAction","target":{"@type":"EntryPoint","urlTemplate":"https:\/\/pravnizapisi.rs\/?s={search_term_string}"},"query-input":{"@type":"PropertyValueSpecification","valueRequired":true,"valueName":"search_term_string"}}],"inLanguage":"en-US"},{"@type":"Organization","@id":"https:\/\/pravnizapisi.rs\/#organization","name":"Pravni Zapisi","url":"https:\/\/pravnizapisi.rs\/","logo":{"@type":"ImageObject","inLanguage":"en-US","@id":"https:\/\/pravnizapisi.rs\/#\/schema\/logo\/image\/","url":"https:\/\/www.pravnizapisi.rs\/wp-content\/uploads\/2019\/11\/cropped-Header-logo-srb-1-1.jpg","contentUrl":"https:\/\/www.pravnizapisi.rs\/wp-content\/uploads\/2019\/11\/cropped-Header-logo-srb-1-1.jpg","width":580,"height":80,"caption":"Pravni Zapisi"},"image":{"@id":"https:\/\/pravnizapisi.rs\/#\/schema\/logo\/image\/"}}]}},"_links":{"self":[{"href":"https:\/\/www.pravnizapisi.rs\/en\/wp-json\/wp\/v2\/pages\/10530","targetHints":{"allow":["GET"]}}],"collection":[{"href":"https:\/\/www.pravnizapisi.rs\/en\/wp-json\/wp\/v2\/pages"}],"about":[{"href":"https:\/\/www.pravnizapisi.rs\/en\/wp-json\/wp\/v2\/types\/page"}],"author":[{"embeddable":true,"href":"https:\/\/www.pravnizapisi.rs\/en\/wp-json\/wp\/v2\/users\/4"}],"replies":[{"embeddable":true,"href":"https:\/\/www.pravnizapisi.rs\/en\/wp-json\/wp\/v2\/comments?post=10530"}],"version-history":[{"count":0,"href":"https:\/\/www.pravnizapisi.rs\/en\/wp-json\/wp\/v2\/pages\/10530\/revisions"}],"up":[{"embeddable":true,"href":"https:\/\/www.pravnizapisi.rs\/en\/wp-json\/wp\/v2\/pages\/10476"}],"wp:attachment":[{"href":"https:\/\/www.pravnizapisi.rs\/en\/wp-json\/wp\/v2\/media?parent=10530"}],"curies":[{"name":"wp","href":"https:\/\/api.w.org\/{rel}","templated":true}]}}