{"id":10534,"date":"2024-12-25T21:37:24","date_gmt":"2024-12-25T21:37:24","guid":{"rendered":"https:\/\/pravnizapisi.rs\/?page_id=10534"},"modified":"2024-12-26T20:12:22","modified_gmt":"2024-12-26T20:12:22","slug":"10534-2","status":"publish","type":"page","link":"https:\/\/www.pravnizapisi.rs\/en\/pravni-zapisi-2-2024\/10534-2\/","title":{"rendered":""},"content":{"rendered":"<p class=\"p1\" style=\"text-align: center;\">PRAVNI ZAPISI \u2022 Year XV \u2022 No. 2 \u2022 pp. 430\u2013465<\/p>\n<h3><b>REFLECTIONS ABOUT THE SAMENESS OF HUMAN RIGHTS ONLINE AND OFFLINE<\/b><\/h3>\n<figure id=\"attachment_10480\" aria-describedby=\"caption-attachment-10480\" style=\"width: 100px\" class=\"wp-caption alignright\"><a href=\"https:\/\/pravnizapisi.rs\/wp-content\/uploads\/2024\/12\/Pravni-zapisi-2024_02-05-Crnic-Grotic-et-al.-v2.pdf\"><img loading=\"lazy\" decoding=\"async\" class=\"wp-image-10480\" src=\"https:\/\/pravnizapisi.rs\/wp-content\/uploads\/2024\/12\/Screenshot-2024-12-25-at-8.42.20\u202fPM-202x300.png\" alt=\"\" width=\"100\" height=\"149\" srcset=\"https:\/\/www.pravnizapisi.rs\/wp-content\/uploads\/2024\/12\/Screenshot-2024-12-25-at-8.42.20\u202fPM-202x300.png 202w, https:\/\/www.pravnizapisi.rs\/wp-content\/uploads\/2024\/12\/Screenshot-2024-12-25-at-8.42.20\u202fPM-689x1024.png 689w, https:\/\/www.pravnizapisi.rs\/wp-content\/uploads\/2024\/12\/Screenshot-2024-12-25-at-8.42.20\u202fPM-768x1141.png 768w, https:\/\/www.pravnizapisi.rs\/wp-content\/uploads\/2024\/12\/Screenshot-2024-12-25-at-8.42.20\u202fPM-1034x1536.png 1034w, https:\/\/www.pravnizapisi.rs\/wp-content\/uploads\/2024\/12\/Screenshot-2024-12-25-at-8.42.20\u202fPM-947x1406.png 947w, https:\/\/www.pravnizapisi.rs\/wp-content\/uploads\/2024\/12\/Screenshot-2024-12-25-at-8.42.20\u202fPM-624x927.png 624w, https:\/\/www.pravnizapisi.rs\/wp-content\/uploads\/2024\/12\/Screenshot-2024-12-25-at-8.42.20\u202fPM.png 1115w\" sizes=\"auto, (max-width: 100px) 100vw, 100px\" \/><\/a><figcaption id=\"caption-attachment-10480\" class=\"wp-caption-text\">Language:<br \/><em>English<\/em><\/figcaption><\/figure>\n<p class=\"p1\"><b>Vesna Crni\u0107 Groti\u0107,<br \/>\nProfessor, University of Rijeka Faculty of Law, Rijeka;<br \/>\ne-mail: <\/b><a href=\"mailto:vesna.crnic.grotic@pravri.uniri.hr\"><span class=\"s1\"><b>vesna.crnic.grotic@pravri.uniri.hr<\/b><\/span><\/a><b><span class=\"Apple-converted-space\"><br \/>\n<\/span>ORCID ID: 0000-0002-8497-9599<\/b><\/p>\n<p class=\"p2\"><b>\u0160ejla Maslo \u010cerki\u0107<br \/>\nLecturer and Legal Officer<br \/>\nOrganisation for Security and Co-operation in Europe<br \/>\nD\u017eemal Bijedi\u0107 University Faculty of Law Mostar<br \/>\ne-mail: <\/b><a href=\"mailto:sejla.maslo.cerkic@gmail.com\"><span class=\"s1\"><b>sejla.maslo.cerkic@gmail.com<\/b><\/span><\/a><b><span class=\"Apple-converted-space\"><br \/>\n<\/span>ORCID ID: 0009-0004-6065-1558<\/b><\/p>\n<p class=\"p2\"><b>Vygant\u0117 Mila\u0161i\u016bt\u0117<br \/>\nAssociate Professor, Vilnius University Faculty of Law, Vilnius;<br \/>\ne-mail: <\/b><a href=\"mailto:vygante.milasiute@tf.vu.lt\"><span class=\"s1\"><b>vygante.milasiute@tf.vu.lt<\/b><\/span><\/a><b><span class=\"Apple-converted-space\"><br \/>\n<\/span>ORCID ID: 0000-0002-2687-5812<\/b><\/p>\n<p class=\"p2\"><b>Tiina Pajuste<br \/>\nProfessor, Tallinn University, Tallinn<br \/>\ne-mail: <\/b><a href=\"mailto:t.pajuste@gmail.com\"><span class=\"s1\"><b>t.pajuste@gmail.com<\/b><\/span><\/a><b><span class=\"Apple-converted-space\"><br \/>\n<\/span>ORCID ID: 0000-0001-8205-7585<\/b><\/p>\n<p class=\"p2\"><b>Mart Susi, Professor<br \/>\nTallinn University, Tallinn<br \/>\ne-mail: <\/b><a href=\"mailto:martsusi@tlu.ee\"><span class=\"s1\"><b>martsusi@tlu.ee<\/b><\/span><\/a><b><span class=\"Apple-converted-space\"><br \/>\n<\/span>ORCID ID: 0000-0002-2624-4797<\/b><\/p>\n<p class=\"p1\">Pravni zapisi, No. 2\/2024, pp. 430\u2013465<br \/>\nReview Article<br \/>\n<b>DOI<\/b>: 10.5937\/pravzap15-52535<\/p>\n<p style=\"text-align: justify;\"><span style=\"text-decoration: underline;\"><strong>KEY WORDS<br \/>\n<\/strong><\/span><\/p>\n<p class=\"p1\">Sameness of Rights, Right to Privacy, Right to Education, Freedom of Expression, Right to be Forgotten, Freedom from Discrimination, Non-coherence Theory of Digital Human Rights.<\/p>\n<p style=\"text-align: justify;\"><span style=\"text-decoration: underline;\"><strong>ABSTRACT<br \/>\n<\/strong><\/span><\/p>\n<p class=\"p1\">The article explores whether and how the concept of the sameness of human rights online and offline can be justified. The comparative method analyzes changes in the meaning and scope of four human rights when transposed from the nondigital to the digital domain: the right to education, nondiscrimination, freedom of expression, and privacy (emphasizing the right to be forgotten). These rights are examined through shifts in meaning, related state duties, and the role of private actors. The theoretical framework is the non-coherence theory of digital human rights, which asserts that online and offline human rights align only at a general level. As the scope and meaning of rights become more specific, they diverge, though the abstract concept of sameness remains. This generic feature of human rights supports the argument that they are domain-independent.<\/p>\n","protected":false},"excerpt":{"rendered":"<p>PRAVNI ZAPISI \u2022 Year XV \u2022 No. 2 \u2022 pp. 430\u2013465 REFLECTIONS ABOUT THE SAMENESS OF HUMAN RIGHTS ONLINE AND OFFLINE Vesna Crni\u0107 Groti\u0107, Professor, University of Rijeka Faculty of Law, Rijeka; e-mail: vesna.crnic.grotic@pravri.uniri.hr ORCID ID: 0000-0002-8497-9599 \u0160ejla Maslo \u010cerki\u0107 Lecturer and Legal Officer Organisation for Security and Co-operation in Europe D\u017eemal Bijedi\u0107 University Faculty of Law Mostar e-mail: sejla.maslo.cerkic@gmail.com ORCID ID: 0009-0004-6065-1558 Vygant\u0117 Mila\u0161i\u016bt\u0117 Associate Professor, Vilnius University Faculty of Law, Vilnius; e-mail: vygante.milasiute@tf.vu.lt ORCID ID: 0000-0002-2687-5812 Tiina Pajuste Professor, Tallinn University, Tallinn e-mail: t.pajuste@gmail.com ORCID ID: 0000-0001-8205-7585 Mart Susi, Professor Tallinn University, Tallinn e-mail: martsusi@tlu.ee ORCID ID: 0000-0002-2624-4797 [&hellip;]<\/p>\n","protected":false},"author":4,"featured_media":0,"parent":10476,"menu_order":0,"comment_status":"closed","ping_status":"closed","template":"template-article.php","meta":{"footnotes":""},"class_list":["post-10534","page","type-page","status-publish","hentry"],"yoast_head":"<!-- This site is optimized with the Yoast SEO plugin v27.1.1 - https:\/\/yoast.com\/product\/yoast-seo-wordpress\/ -->\n<title>- Pravni Zapisi<\/title>\n<meta name=\"robots\" content=\"index, follow, max-snippet:-1, max-image-preview:large, max-video-preview:-1\" \/>\n<link rel=\"canonical\" href=\"https:\/\/www.pravnizapisi.rs\/pravni-zapisi-2-2024\/10533-2\/\" \/>\n<meta property=\"og:locale\" content=\"en_US\" \/>\n<meta property=\"og:type\" content=\"article\" \/>\n<meta property=\"og:title\" content=\"- Pravni Zapisi\" \/>\n<meta property=\"og:description\" content=\"PRAVNI ZAPISI \u2022 Year XV \u2022 No. 2 \u2022 pp. 430\u2013465 REFLECTIONS ABOUT THE SAMENESS OF HUMAN RIGHTS ONLINE AND OFFLINE Vesna Crni\u0107 Groti\u0107, Professor, University of Rijeka Faculty of Law, Rijeka; e-mail: vesna.crnic.grotic@pravri.uniri.hr ORCID ID: 0000-0002-8497-9599 \u0160ejla Maslo \u010cerki\u0107 Lecturer and Legal Officer Organisation for Security and Co-operation in Europe D\u017eemal Bijedi\u0107 University Faculty of Law Mostar e-mail: sejla.maslo.cerkic@gmail.com ORCID ID: 0009-0004-6065-1558 Vygant\u0117 Mila\u0161i\u016bt\u0117 Associate Professor, Vilnius University Faculty of Law, Vilnius; e-mail: vygante.milasiute@tf.vu.lt ORCID ID: 0000-0002-2687-5812 Tiina Pajuste Professor, Tallinn University, Tallinn e-mail: t.pajuste@gmail.com ORCID ID: 0000-0001-8205-7585 Mart Susi, Professor Tallinn University, Tallinn e-mail: martsusi@tlu.ee ORCID ID: 0000-0002-2624-4797 [&hellip;]\" \/>\n<meta property=\"og:url\" content=\"https:\/\/www.pravnizapisi.rs\/pravni-zapisi-2-2024\/10533-2\/\" \/>\n<meta property=\"og:site_name\" content=\"Pravni Zapisi\" \/>\n<meta property=\"article:modified_time\" content=\"2024-12-26T20:12:22+00:00\" \/>\n<meta property=\"og:image\" content=\"https:\/\/www.pravnizapisi.rs\/wp-content\/uploads\/2020\/07\/pzapisi.jpg\" \/>\n\t<meta property=\"og:image:width\" content=\"150\" \/>\n\t<meta property=\"og:image:height\" content=\"225\" \/>\n\t<meta property=\"og:image:type\" content=\"image\/jpeg\" \/>\n<meta name=\"twitter:card\" content=\"summary_large_image\" \/>\n<meta name=\"twitter:label1\" content=\"Est. reading time\" \/>\n\t<meta name=\"twitter:data1\" content=\"2 minutes\" \/>\n<script type=\"application\/ld+json\" class=\"yoast-schema-graph\">{\"@context\":\"https:\/\/schema.org\",\"@graph\":[{\"@type\":\"WebPage\",\"@id\":\"https:\/\/www.pravnizapisi.rs\/pravni-zapisi-2-2024\/10533-2\/\",\"url\":\"https:\/\/www.pravnizapisi.rs\/pravni-zapisi-2-2024\/10533-2\/\",\"name\":\"- Pravni Zapisi\",\"isPartOf\":{\"@id\":\"https:\/\/pravnizapisi.rs\/#website\"},\"datePublished\":\"2024-12-25T21:37:24+00:00\",\"dateModified\":\"2024-12-26T20:12:22+00:00\",\"breadcrumb\":{\"@id\":\"https:\/\/www.pravnizapisi.rs\/pravni-zapisi-2-2024\/10533-2\/#breadcrumb\"},\"inLanguage\":\"en-US\",\"potentialAction\":[{\"@type\":\"ReadAction\",\"target\":[\"https:\/\/www.pravnizapisi.rs\/pravni-zapisi-2-2024\/10533-2\/\"]}]},{\"@type\":\"BreadcrumbList\",\"@id\":\"https:\/\/www.pravnizapisi.rs\/pravni-zapisi-2-2024\/10533-2\/#breadcrumb\",\"itemListElement\":[{\"@type\":\"ListItem\",\"position\":1,\"name\":\"\u041f\u043e\u0447\u0435\u0442\u043d\u0430\",\"item\":\"https:\/\/www.pravnizapisi.rs\/en\/\"},{\"@type\":\"ListItem\",\"position\":2,\"name\":\"Pravni zapisi 2\/2024\",\"item\":\"https:\/\/www.pravnizapisi.rs\/en\/pravni-zapisi-2-2024\/\"}]},{\"@type\":\"WebSite\",\"@id\":\"https:\/\/pravnizapisi.rs\/#website\",\"url\":\"https:\/\/pravnizapisi.rs\/\",\"name\":\"Pravni Zapisi\",\"description\":\"\",\"publisher\":{\"@id\":\"https:\/\/pravnizapisi.rs\/#organization\"},\"potentialAction\":[{\"@type\":\"SearchAction\",\"target\":{\"@type\":\"EntryPoint\",\"urlTemplate\":\"https:\/\/pravnizapisi.rs\/?s={search_term_string}\"},\"query-input\":{\"@type\":\"PropertyValueSpecification\",\"valueRequired\":true,\"valueName\":\"search_term_string\"}}],\"inLanguage\":\"en-US\"},{\"@type\":\"Organization\",\"@id\":\"https:\/\/pravnizapisi.rs\/#organization\",\"name\":\"Pravni Zapisi\",\"url\":\"https:\/\/pravnizapisi.rs\/\",\"logo\":{\"@type\":\"ImageObject\",\"inLanguage\":\"en-US\",\"@id\":\"https:\/\/pravnizapisi.rs\/#\/schema\/logo\/image\/\",\"url\":\"https:\/\/www.pravnizapisi.rs\/wp-content\/uploads\/2019\/11\/cropped-Header-logo-srb-1-1.jpg\",\"contentUrl\":\"https:\/\/www.pravnizapisi.rs\/wp-content\/uploads\/2019\/11\/cropped-Header-logo-srb-1-1.jpg\",\"width\":580,\"height\":80,\"caption\":\"Pravni Zapisi\"},\"image\":{\"@id\":\"https:\/\/pravnizapisi.rs\/#\/schema\/logo\/image\/\"}}]}<\/script>\n<!-- \/ Yoast SEO plugin. -->","yoast_head_json":{"title":"- Pravni Zapisi","robots":{"index":"index","follow":"follow","max-snippet":"max-snippet:-1","max-image-preview":"max-image-preview:large","max-video-preview":"max-video-preview:-1"},"canonical":"https:\/\/www.pravnizapisi.rs\/pravni-zapisi-2-2024\/10533-2\/","og_locale":"en_US","og_type":"article","og_title":"- Pravni Zapisi","og_description":"PRAVNI ZAPISI \u2022 Year XV \u2022 No. 2 \u2022 pp. 430\u2013465 REFLECTIONS ABOUT THE SAMENESS OF HUMAN RIGHTS ONLINE AND OFFLINE Vesna Crni\u0107 Groti\u0107, Professor, University of Rijeka Faculty of Law, Rijeka; e-mail: vesna.crnic.grotic@pravri.uniri.hr ORCID ID: 0000-0002-8497-9599 \u0160ejla Maslo \u010cerki\u0107 Lecturer and Legal Officer Organisation for Security and Co-operation in Europe D\u017eemal Bijedi\u0107 University Faculty of Law Mostar e-mail: sejla.maslo.cerkic@gmail.com ORCID ID: 0009-0004-6065-1558 Vygant\u0117 Mila\u0161i\u016bt\u0117 Associate Professor, Vilnius University Faculty of Law, Vilnius; e-mail: vygante.milasiute@tf.vu.lt ORCID ID: 0000-0002-2687-5812 Tiina Pajuste Professor, Tallinn University, Tallinn e-mail: t.pajuste@gmail.com ORCID ID: 0000-0001-8205-7585 Mart Susi, Professor Tallinn University, Tallinn e-mail: martsusi@tlu.ee ORCID ID: 0000-0002-2624-4797 [&hellip;]","og_url":"https:\/\/www.pravnizapisi.rs\/pravni-zapisi-2-2024\/10533-2\/","og_site_name":"Pravni Zapisi","article_modified_time":"2024-12-26T20:12:22+00:00","og_image":[{"width":150,"height":225,"url":"https:\/\/www.pravnizapisi.rs\/wp-content\/uploads\/2020\/07\/pzapisi.jpg","type":"image\/jpeg"}],"twitter_card":"summary_large_image","twitter_misc":{"Est. reading time":"2 minutes"},"schema":{"@context":"https:\/\/schema.org","@graph":[{"@type":"WebPage","@id":"https:\/\/www.pravnizapisi.rs\/pravni-zapisi-2-2024\/10533-2\/","url":"https:\/\/www.pravnizapisi.rs\/pravni-zapisi-2-2024\/10533-2\/","name":"- Pravni Zapisi","isPartOf":{"@id":"https:\/\/pravnizapisi.rs\/#website"},"datePublished":"2024-12-25T21:37:24+00:00","dateModified":"2024-12-26T20:12:22+00:00","breadcrumb":{"@id":"https:\/\/www.pravnizapisi.rs\/pravni-zapisi-2-2024\/10533-2\/#breadcrumb"},"inLanguage":"en-US","potentialAction":[{"@type":"ReadAction","target":["https:\/\/www.pravnizapisi.rs\/pravni-zapisi-2-2024\/10533-2\/"]}]},{"@type":"BreadcrumbList","@id":"https:\/\/www.pravnizapisi.rs\/pravni-zapisi-2-2024\/10533-2\/#breadcrumb","itemListElement":[{"@type":"ListItem","position":1,"name":"\u041f\u043e\u0447\u0435\u0442\u043d\u0430","item":"https:\/\/www.pravnizapisi.rs\/en\/"},{"@type":"ListItem","position":2,"name":"Pravni zapisi 2\/2024","item":"https:\/\/www.pravnizapisi.rs\/en\/pravni-zapisi-2-2024\/"}]},{"@type":"WebSite","@id":"https:\/\/pravnizapisi.rs\/#website","url":"https:\/\/pravnizapisi.rs\/","name":"Pravni Zapisi","description":"","publisher":{"@id":"https:\/\/pravnizapisi.rs\/#organization"},"potentialAction":[{"@type":"SearchAction","target":{"@type":"EntryPoint","urlTemplate":"https:\/\/pravnizapisi.rs\/?s={search_term_string}"},"query-input":{"@type":"PropertyValueSpecification","valueRequired":true,"valueName":"search_term_string"}}],"inLanguage":"en-US"},{"@type":"Organization","@id":"https:\/\/pravnizapisi.rs\/#organization","name":"Pravni Zapisi","url":"https:\/\/pravnizapisi.rs\/","logo":{"@type":"ImageObject","inLanguage":"en-US","@id":"https:\/\/pravnizapisi.rs\/#\/schema\/logo\/image\/","url":"https:\/\/www.pravnizapisi.rs\/wp-content\/uploads\/2019\/11\/cropped-Header-logo-srb-1-1.jpg","contentUrl":"https:\/\/www.pravnizapisi.rs\/wp-content\/uploads\/2019\/11\/cropped-Header-logo-srb-1-1.jpg","width":580,"height":80,"caption":"Pravni Zapisi"},"image":{"@id":"https:\/\/pravnizapisi.rs\/#\/schema\/logo\/image\/"}}]}},"_links":{"self":[{"href":"https:\/\/www.pravnizapisi.rs\/en\/wp-json\/wp\/v2\/pages\/10534","targetHints":{"allow":["GET"]}}],"collection":[{"href":"https:\/\/www.pravnizapisi.rs\/en\/wp-json\/wp\/v2\/pages"}],"about":[{"href":"https:\/\/www.pravnizapisi.rs\/en\/wp-json\/wp\/v2\/types\/page"}],"author":[{"embeddable":true,"href":"https:\/\/www.pravnizapisi.rs\/en\/wp-json\/wp\/v2\/users\/4"}],"replies":[{"embeddable":true,"href":"https:\/\/www.pravnizapisi.rs\/en\/wp-json\/wp\/v2\/comments?post=10534"}],"version-history":[{"count":0,"href":"https:\/\/www.pravnizapisi.rs\/en\/wp-json\/wp\/v2\/pages\/10534\/revisions"}],"up":[{"embeddable":true,"href":"https:\/\/www.pravnizapisi.rs\/en\/wp-json\/wp\/v2\/pages\/10476"}],"wp:attachment":[{"href":"https:\/\/www.pravnizapisi.rs\/en\/wp-json\/wp\/v2\/media?parent=10534"}],"curies":[{"name":"wp","href":"https:\/\/api.w.org\/{rel}","templated":true}]}}