{"id":10594,"date":"2025-07-11T13:38:38","date_gmt":"2025-07-11T13:38:38","guid":{"rendered":"https:\/\/pravnizapisi.rs\/?page_id=10594"},"modified":"2025-07-11T16:38:37","modified_gmt":"2025-07-11T16:38:37","slug":"pravni-zapisi-1-2025","status":"publish","type":"page","link":"https:\/\/www.pravnizapisi.rs\/en\/pravni-zapisi-1-2025\/","title":{"rendered":"Pravni zapisi 1\/2025"},"content":{"rendered":"<p style=\"text-align: justify;\"><em><strong>Union University Law School Review<\/strong><\/em><br \/>\n<b><i>Year XVI, No. 1\/2025, Pages 1-257<\/i><\/b><\/p>\n<table style=\"height: 35px;\" width=\"364\" frame=\"void\">\n<tbody>\n<tr>\n<td valign=\"top\"><strong>UDK\u00a034<\/strong><\/td>\n<td align=\"left\" valign=\"top\">\n<div><strong>ISSN 2217-2815 (Printed Edition)<\/strong><\/div>\n<div><strong>eISSN 2406-1387 (Online Edition)<\/strong><\/div>\n<\/td>\n<\/tr>\n<\/tbody>\n<\/table>\n<hr \/>\n<h3 style=\"text-align: center;\">TABLE OF CONTENTS<\/h3>\n<h4 style=\"text-align: justify;\">ARTICLES<\/h4>\n<p class=\"p1\"><a href=\"https:\/\/pravnizapisi.rs\/en\/pravni-zapisi-1-2025\/10597-2\/\"><b>Maja Sahad\u017ei\u0107, <\/b><i>The Rule of Law, the Separation of Powers, and Big Tech<\/i><\/a><i><\/i><\/p>\n<p class=\"p1\"><a href=\"https:\/\/pravnizapisi.rs\/en\/pravni-zapisi-1-2025\/10674-2\/\"><b>Milo\u0161 Novovi\u0107, Lana Bubalo, <\/b><i>Toward a European Tort Law of Data Protection: The Case Law of the Court of Justice of the European Union and Its Impact on National Tort Laws<\/i><\/a><i><\/i><\/p>\n<p class=\"p1\"><a href=\"https:\/\/pravnizapisi.rs\/en\/pravni-zapisi-1-2025\/10713-2\/\"><b>Stefan Jovanovi\u0107, <\/b><i>Recognition and Enforcement of the Blockchain Arbitral Awards Under the New York Convention<\/i><\/a><i><\/i><\/p>\n<p class=\"p1\"><a href=\"https:\/\/pravnizapisi.rs\/en\/pravni-zapisi-1-2025\/10719-2\/\"><b>Dejan Popovi\u0107, Zoran S. Mirkovi\u0107, <\/b><i>General Universities Act 1954: The First Post-War Law on Higher Education in Yugoslavia and Its Long-term Effects, Part One<\/i><\/a><i><\/i><\/p>\n<p class=\"p1\"><a href=\"https:\/\/pravnizapisi.rs\/en\/pravni-zapisi-1-2025\/10724-2\/\"><b>Vedran \u0110ulabi\u0107, Iva Lopi\u017ei\u0107, <\/b><i>Reforms Without Reforming: Trends in Local and Regional Governance and Decentralization in Croatia<\/i><\/a><i><\/i><\/p>\n<p class=\"p1\"><a href=\"https:\/\/pravnizapisi.rs\/en\/pravni-zapisi-1-2025\/10749-2\/\"><b>Sofija Nikoli\u0107 Popadi\u0107, <\/b><i>The Impact of Climate Change on Human Health: Does Legislation in Serbia Adequately Respond to the Challenges?<\/i><\/a><\/p>\n<h3 class=\"p1\"><b> SYMPOSIUM: MENSTRUAL JUSTICE IN MOTION<\/b><\/h3>\n<p class=\"p1\">PREFACE<\/p>\n<p class=\"p1\"><a href=\"https:\/\/pravnizapisi.rs\/wp-content\/uploads\/2025\/07\/PZ-2025_01-07-Winkler.pdf\"><b>Inga T. Winkler, <\/b><i>Symposium on Menstrual Justice in Motion<\/i><\/a><i><\/i><\/p>\n<p class=\"p1\">ARTICLES<\/p>\n<p class=\"p1\"><a href=\"https:\/\/pravnizapisi.rs\/en\/pravni-zapisi-1-2025\/10758-2\/\"><b>Judit S\u00e1ndor, <\/b><i>The Biopolitics of Menstruation in Hungary: Then and Now<\/i><\/a><i><\/i><\/p>\n<p class=\"p1\"><a href=\"https:\/\/pravnizapisi.rs\/en\/pravni-zapisi-1-2025\/10763-2\/\"><b>Mila Petrovi\u0107, <\/b><i>Menstruation at Work Should Not Be a Problem \u2013 Period!<\/i><\/a><i><\/i><\/p>\n<p class=\"p1\"><a href=\"https:\/\/pravnizapisi.rs\/en\/pravni-zapisi-1-2025\/10771-2\/\"><b>Adriana Zaharijevi\u0107, <\/b><i>Philosophy of Menstruation: The Body That is Not Bodiless<\/i><\/a><\/p>\n<p class=\"p1\"><a href=\"https:\/\/pravnizapisi.rs\/en\/pravni-zapisi-1-2025\/10776-2\/\"><b>Marina Saka\u010d Had\u017ei\u0107, <\/b><i>Missing Menstruators: How Activist Work Highlights a Knowledge Gap<\/i><\/a><\/p>\n<h4 style=\"text-align: justify;\">BOOK REVIEW<\/h4>\n<p class=\"p1\"><a href=\"https:\/\/pravnizapisi.rs\/wp-content\/uploads\/2025\/07\/PZ-2025_01-12-Ceriman.pdf\"><b>Jelena \u0106eriman, <\/b><i>Reframing Menstruation: Cultural Stigma, Economic Exclusion, and the Politics of the Body,<\/i><b> <\/b><i>Jasna Kova\u010devi\u0107 and Zilka Spahi\u0107-\u0160iljak, The Price of Impure Blood: Cultural and Economic Aspects of Menstruation in Bosnia and Herzegovina, Sarajevo, TPO Foundation, 2025, pp. 221<\/i><\/a><\/p>\n<p style=\"text-align: justify;\">\n","protected":false},"excerpt":{"rendered":"<p>Union University Law School Review Year XVI, No. 1\/2025, Pages 1-257 UDK\u00a034 ISSN 2217-2815 (Printed Edition) eISSN 2406-1387 (Online Edition) TABLE OF CONTENTS ARTICLES Maja Sahad\u017ei\u0107, The Rule of Law, the Separation of Powers, and Big Tech Milo\u0161 Novovi\u0107, Lana Bubalo, Toward a European Tort Law of Data Protection: The Case Law of the Court of Justice of the European Union and Its Impact on National Tort Laws Stefan Jovanovi\u0107, Recognition and Enforcement of the Blockchain Arbitral Awards Under the New York Convention Dejan Popovi\u0107, Zoran S. Mirkovi\u0107, General Universities Act 1954: The First Post-War Law on Higher Education in [&hellip;]<\/p>\n","protected":false},"author":4,"featured_media":0,"parent":0,"menu_order":0,"comment_status":"closed","ping_status":"closed","template":"template-fullwidth.php","meta":{"footnotes":""},"class_list":["post-10594","page","type-page","status-publish","hentry"],"yoast_head":"<!-- This site is optimized with the Yoast SEO plugin v27.1.1 - https:\/\/yoast.com\/product\/yoast-seo-wordpress\/ -->\n<title>Pravni zapisi 1\/2025 - Pravni Zapisi<\/title>\n<meta name=\"robots\" content=\"index, follow, max-snippet:-1, max-image-preview:large, max-video-preview:-1\" \/>\n<link rel=\"canonical\" href=\"https:\/\/www.pravnizapisi.rs\/en\/pravni-zapisi-1-2025\/\" \/>\n<meta property=\"og:locale\" content=\"en_US\" \/>\n<meta property=\"og:type\" content=\"article\" \/>\n<meta property=\"og:title\" content=\"Pravni zapisi 1\/2025 - Pravni Zapisi\" \/>\n<meta property=\"og:description\" content=\"Union University Law School Review Year XVI, No. 1\/2025, Pages 1-257 UDK\u00a034 ISSN 2217-2815 (Printed Edition) eISSN 2406-1387 (Online Edition) TABLE OF CONTENTS ARTICLES Maja Sahad\u017ei\u0107, The Rule of Law, the Separation of Powers, and Big Tech Milo\u0161 Novovi\u0107, Lana Bubalo, Toward a European Tort Law of Data Protection: The Case Law of the Court of Justice of the European Union and Its Impact on National Tort Laws Stefan Jovanovi\u0107, Recognition and Enforcement of the Blockchain Arbitral Awards Under the New York Convention Dejan Popovi\u0107, Zoran S. Mirkovi\u0107, General Universities Act 1954: The First Post-War Law on Higher Education in [&hellip;]\" \/>\n<meta property=\"og:url\" content=\"https:\/\/www.pravnizapisi.rs\/en\/pravni-zapisi-1-2025\/\" \/>\n<meta property=\"og:site_name\" content=\"Pravni Zapisi\" \/>\n<meta property=\"article:modified_time\" content=\"2025-07-11T16:38:37+00:00\" \/>\n<meta property=\"og:image\" content=\"https:\/\/www.pravnizapisi.rs\/wp-content\/uploads\/2020\/07\/pzapisi.jpg\" \/>\n\t<meta property=\"og:image:width\" content=\"150\" \/>\n\t<meta property=\"og:image:height\" content=\"225\" \/>\n\t<meta property=\"og:image:type\" content=\"image\/jpeg\" \/>\n<meta name=\"twitter:card\" content=\"summary_large_image\" \/>\n<meta name=\"twitter:label1\" content=\"Est. reading time\" \/>\n\t<meta name=\"twitter:data1\" content=\"2 minutes\" \/>\n<script type=\"application\/ld+json\" class=\"yoast-schema-graph\">{\"@context\":\"https:\/\/schema.org\",\"@graph\":[{\"@type\":\"WebPage\",\"@id\":\"https:\/\/www.pravnizapisi.rs\/en\/pravni-zapisi-1-2025\/\",\"url\":\"https:\/\/www.pravnizapisi.rs\/en\/pravni-zapisi-1-2025\/\",\"name\":\"Pravni zapisi 1\/2025 - Pravni Zapisi\",\"isPartOf\":{\"@id\":\"https:\/\/pravnizapisi.rs\/#website\"},\"datePublished\":\"2025-07-11T13:38:38+00:00\",\"dateModified\":\"2025-07-11T16:38:37+00:00\",\"breadcrumb\":{\"@id\":\"https:\/\/www.pravnizapisi.rs\/en\/pravni-zapisi-1-2025\/#breadcrumb\"},\"inLanguage\":\"en-US\",\"potentialAction\":[{\"@type\":\"ReadAction\",\"target\":[\"https:\/\/www.pravnizapisi.rs\/en\/pravni-zapisi-1-2025\/\"]}]},{\"@type\":\"BreadcrumbList\",\"@id\":\"https:\/\/www.pravnizapisi.rs\/en\/pravni-zapisi-1-2025\/#breadcrumb\",\"itemListElement\":[{\"@type\":\"ListItem\",\"position\":1,\"name\":\"\u041f\u043e\u0447\u0435\u0442\u043d\u0430\",\"item\":\"https:\/\/www.pravnizapisi.rs\/en\/\"},{\"@type\":\"ListItem\",\"position\":2,\"name\":\"Pravni zapisi 1\/2025\"}]},{\"@type\":\"WebSite\",\"@id\":\"https:\/\/pravnizapisi.rs\/#website\",\"url\":\"https:\/\/pravnizapisi.rs\/\",\"name\":\"Pravni Zapisi\",\"description\":\"\",\"publisher\":{\"@id\":\"https:\/\/pravnizapisi.rs\/#organization\"},\"potentialAction\":[{\"@type\":\"SearchAction\",\"target\":{\"@type\":\"EntryPoint\",\"urlTemplate\":\"https:\/\/pravnizapisi.rs\/?s={search_term_string}\"},\"query-input\":{\"@type\":\"PropertyValueSpecification\",\"valueRequired\":true,\"valueName\":\"search_term_string\"}}],\"inLanguage\":\"en-US\"},{\"@type\":\"Organization\",\"@id\":\"https:\/\/pravnizapisi.rs\/#organization\",\"name\":\"Pravni Zapisi\",\"url\":\"https:\/\/pravnizapisi.rs\/\",\"logo\":{\"@type\":\"ImageObject\",\"inLanguage\":\"en-US\",\"@id\":\"https:\/\/pravnizapisi.rs\/#\/schema\/logo\/image\/\",\"url\":\"https:\/\/www.pravnizapisi.rs\/wp-content\/uploads\/2019\/11\/cropped-Header-logo-srb-1-1.jpg\",\"contentUrl\":\"https:\/\/www.pravnizapisi.rs\/wp-content\/uploads\/2019\/11\/cropped-Header-logo-srb-1-1.jpg\",\"width\":580,\"height\":80,\"caption\":\"Pravni Zapisi\"},\"image\":{\"@id\":\"https:\/\/pravnizapisi.rs\/#\/schema\/logo\/image\/\"}}]}<\/script>\n<!-- \/ Yoast SEO plugin. -->","yoast_head_json":{"title":"Pravni zapisi 1\/2025 - Pravni Zapisi","robots":{"index":"index","follow":"follow","max-snippet":"max-snippet:-1","max-image-preview":"max-image-preview:large","max-video-preview":"max-video-preview:-1"},"canonical":"https:\/\/www.pravnizapisi.rs\/en\/pravni-zapisi-1-2025\/","og_locale":"en_US","og_type":"article","og_title":"Pravni zapisi 1\/2025 - Pravni Zapisi","og_description":"Union University Law School Review Year XVI, No. 1\/2025, Pages 1-257 UDK\u00a034 ISSN 2217-2815 (Printed Edition) eISSN 2406-1387 (Online Edition) TABLE OF CONTENTS ARTICLES Maja Sahad\u017ei\u0107, The Rule of Law, the Separation of Powers, and Big Tech Milo\u0161 Novovi\u0107, Lana Bubalo, Toward a European Tort Law of Data Protection: The Case Law of the Court of Justice of the European Union and Its Impact on National Tort Laws Stefan Jovanovi\u0107, Recognition and Enforcement of the Blockchain Arbitral Awards Under the New York Convention Dejan Popovi\u0107, Zoran S. Mirkovi\u0107, General Universities Act 1954: The First Post-War Law on Higher Education in [&hellip;]","og_url":"https:\/\/www.pravnizapisi.rs\/en\/pravni-zapisi-1-2025\/","og_site_name":"Pravni Zapisi","article_modified_time":"2025-07-11T16:38:37+00:00","og_image":[{"width":150,"height":225,"url":"https:\/\/www.pravnizapisi.rs\/wp-content\/uploads\/2020\/07\/pzapisi.jpg","type":"image\/jpeg"}],"twitter_card":"summary_large_image","twitter_misc":{"Est. reading time":"2 minutes"},"schema":{"@context":"https:\/\/schema.org","@graph":[{"@type":"WebPage","@id":"https:\/\/www.pravnizapisi.rs\/en\/pravni-zapisi-1-2025\/","url":"https:\/\/www.pravnizapisi.rs\/en\/pravni-zapisi-1-2025\/","name":"Pravni zapisi 1\/2025 - Pravni Zapisi","isPartOf":{"@id":"https:\/\/pravnizapisi.rs\/#website"},"datePublished":"2025-07-11T13:38:38+00:00","dateModified":"2025-07-11T16:38:37+00:00","breadcrumb":{"@id":"https:\/\/www.pravnizapisi.rs\/en\/pravni-zapisi-1-2025\/#breadcrumb"},"inLanguage":"en-US","potentialAction":[{"@type":"ReadAction","target":["https:\/\/www.pravnizapisi.rs\/en\/pravni-zapisi-1-2025\/"]}]},{"@type":"BreadcrumbList","@id":"https:\/\/www.pravnizapisi.rs\/en\/pravni-zapisi-1-2025\/#breadcrumb","itemListElement":[{"@type":"ListItem","position":1,"name":"\u041f\u043e\u0447\u0435\u0442\u043d\u0430","item":"https:\/\/www.pravnizapisi.rs\/en\/"},{"@type":"ListItem","position":2,"name":"Pravni zapisi 1\/2025"}]},{"@type":"WebSite","@id":"https:\/\/pravnizapisi.rs\/#website","url":"https:\/\/pravnizapisi.rs\/","name":"Pravni Zapisi","description":"","publisher":{"@id":"https:\/\/pravnizapisi.rs\/#organization"},"potentialAction":[{"@type":"SearchAction","target":{"@type":"EntryPoint","urlTemplate":"https:\/\/pravnizapisi.rs\/?s={search_term_string}"},"query-input":{"@type":"PropertyValueSpecification","valueRequired":true,"valueName":"search_term_string"}}],"inLanguage":"en-US"},{"@type":"Organization","@id":"https:\/\/pravnizapisi.rs\/#organization","name":"Pravni Zapisi","url":"https:\/\/pravnizapisi.rs\/","logo":{"@type":"ImageObject","inLanguage":"en-US","@id":"https:\/\/pravnizapisi.rs\/#\/schema\/logo\/image\/","url":"https:\/\/www.pravnizapisi.rs\/wp-content\/uploads\/2019\/11\/cropped-Header-logo-srb-1-1.jpg","contentUrl":"https:\/\/www.pravnizapisi.rs\/wp-content\/uploads\/2019\/11\/cropped-Header-logo-srb-1-1.jpg","width":580,"height":80,"caption":"Pravni Zapisi"},"image":{"@id":"https:\/\/pravnizapisi.rs\/#\/schema\/logo\/image\/"}}]}},"_links":{"self":[{"href":"https:\/\/www.pravnizapisi.rs\/en\/wp-json\/wp\/v2\/pages\/10594","targetHints":{"allow":["GET"]}}],"collection":[{"href":"https:\/\/www.pravnizapisi.rs\/en\/wp-json\/wp\/v2\/pages"}],"about":[{"href":"https:\/\/www.pravnizapisi.rs\/en\/wp-json\/wp\/v2\/types\/page"}],"author":[{"embeddable":true,"href":"https:\/\/www.pravnizapisi.rs\/en\/wp-json\/wp\/v2\/users\/4"}],"replies":[{"embeddable":true,"href":"https:\/\/www.pravnizapisi.rs\/en\/wp-json\/wp\/v2\/comments?post=10594"}],"version-history":[{"count":0,"href":"https:\/\/www.pravnizapisi.rs\/en\/wp-json\/wp\/v2\/pages\/10594\/revisions"}],"wp:attachment":[{"href":"https:\/\/www.pravnizapisi.rs\/en\/wp-json\/wp\/v2\/media?parent=10594"}],"curies":[{"name":"wp","href":"https:\/\/api.w.org\/{rel}","templated":true}]}}