{"id":10776,"date":"2025-07-11T16:08:45","date_gmt":"2025-07-11T16:08:45","guid":{"rendered":"https:\/\/pravnizapisi.rs\/?page_id=10776"},"modified":"2025-07-11T16:08:47","modified_gmt":"2025-07-11T16:08:47","slug":"10776-2","status":"publish","type":"page","link":"https:\/\/www.pravnizapisi.rs\/en\/pravni-zapisi-1-2025\/10776-2\/","title":{"rendered":""},"content":{"rendered":"<p class=\"p1\" style=\"text-align: center;\">PRAVNI ZAPISI \u2022 Year XVI \u2022 no. 1 \u2022 pp. 232\u2013252<\/p>\n<h3 style=\"text-align: center;\"><b>MISSING MENSTRUATORS: HOW ACTIVIST WORK HIGHLIGHTS A KNOWLEDGE GAP<\/b><\/h3>\n<figure id=\"attachment_10627\" aria-describedby=\"caption-attachment-10627\" style=\"width: 100px\" class=\"wp-caption alignright\"><a href=\"https:\/\/pravnizapisi.rs\/wp-content\/uploads\/2025\/07\/PZ-2025_01-11-Sakac-Hadzic.pdf\" data-wp-editing=\"1\"><img loading=\"lazy\" decoding=\"async\" class=\"wp-image-10627 size-full\" src=\"https:\/\/pravnizapisi.rs\/wp-content\/uploads\/2025\/07\/pravni-zapisi-1-25-thumb.jpg\" alt=\"\" width=\"100\" height=\"150\" \/><\/a><figcaption id=\"caption-attachment-10627\" class=\"wp-caption-text\">Language:<br \/>English<\/figcaption><\/figure>\n<p class=\"p1\"><span class=\"s1\"><b>Marina Saka\u010d Had\u017ei\u0107 <\/b><\/span><\/p>\n<p class=\"p2\"><span class=\"s1\"><b>PhD candidate at Wageningen University, Netherlands; Communication, Capacity Building, and Membership Officer at the European Association for the Education of Adults<br \/>\n<\/b><\/span><strong><span class=\"s2\">e-mail:<\/span><\/strong><span class=\"s3\"> <a href=\"mailto:marina.sakac@outlook.com\"><span class=\"s4\">marina.sakac@outlook.com<\/span><\/a><br \/>\n<\/span><strong><span class=\"s6\">ORCID ID: <\/span><\/strong>0000-0001-6441-3371<\/p>\n<p class=\"p1\">Pravni zapisi, No. 1\/2025, pp. 232-252<br \/>\nReview Article<br \/>\n<b>DOI:<\/b> DOI 10.5937\/pravzap16-58509<\/p>\n<p style=\"text-align: justify;\"><span style=\"text-decoration: underline;\"><strong>KEY WORDS<br \/>\n<\/strong><\/span><\/p>\n<p class=\"p1\">Digital Activism, Menstrual Activism, Knowledge Production, Human Rights, Public Health Law, Serbia, Western Balkans.<\/p>\n<p style=\"text-align: justify;\"><span style=\"text-decoration: underline;\"><strong>ABSTRACT<\/strong><\/span><\/p>\n<p class=\"p1\">With the global and cultural shifts challenging the silence and taboo, menstruation is becoming increasingly present in the media. By looking the work of artists and activists, this paper highlights the development of knowledge about menstruation. In promoting menstruation and period poverty, activists and NGOs have contributed to changes in schools and universities in Serbia and the Western Balkans. Some of these institutions now provide free menstrual products. The paper explores the role of digital activists and civil society as drivers of change, focusing on producing and sharing knowledge about menstruating bodies. They fill gaps created by the neglect or lack of interest of public health institutions. This draws on legal reforms, civil society contributions, critical menstrual studies, digital ethnography, and content analysis.<\/p>\n","protected":false},"excerpt":{"rendered":"<p>PRAVNI ZAPISI \u2022 Year XVI \u2022 no. 1 \u2022 pp. 232\u2013252 MISSING MENSTRUATORS: HOW ACTIVIST WORK HIGHLIGHTS A KNOWLEDGE GAP Marina Saka\u010d Had\u017ei\u0107 PhD candidate at Wageningen University, Netherlands; Communication, Capacity Building, and Membership Officer at the European Association for the Education of Adults e-mail: marina.sakac@outlook.com ORCID ID: 0000-0001-6441-3371 Pravni zapisi, No. 1\/2025, pp. 232-252 Review Article DOI: DOI 10.5937\/pravzap16-58509 KEY WORDS Digital Activism, Menstrual Activism, Knowledge Production, Human Rights, Public Health Law, Serbia, Western Balkans. ABSTRACT With the global and cultural shifts challenging the silence and taboo, menstruation is becoming increasingly present in the media. By looking the work [&hellip;]<\/p>\n","protected":false},"author":4,"featured_media":0,"parent":10594,"menu_order":0,"comment_status":"closed","ping_status":"closed","template":"template-article.php","meta":{"footnotes":""},"class_list":["post-10776","page","type-page","status-publish","hentry"],"yoast_head":"<!-- This site is optimized with the Yoast SEO plugin v27.1.1 - https:\/\/yoast.com\/product\/yoast-seo-wordpress\/ -->\n<title>- Pravni Zapisi<\/title>\n<meta name=\"robots\" content=\"index, follow, max-snippet:-1, max-image-preview:large, max-video-preview:-1\" \/>\n<link rel=\"canonical\" href=\"https:\/\/www.pravnizapisi.rs\/en\/pravni-zapisi-1-2025\/10776-2\/\" \/>\n<meta property=\"og:locale\" content=\"en_US\" \/>\n<meta property=\"og:type\" content=\"article\" \/>\n<meta property=\"og:title\" content=\"- Pravni Zapisi\" \/>\n<meta property=\"og:description\" content=\"PRAVNI ZAPISI \u2022 Year XVI \u2022 no. 1 \u2022 pp. 232\u2013252 MISSING MENSTRUATORS: HOW ACTIVIST WORK HIGHLIGHTS A KNOWLEDGE GAP Marina Saka\u010d Had\u017ei\u0107 PhD candidate at Wageningen University, Netherlands; Communication, Capacity Building, and Membership Officer at the European Association for the Education of Adults e-mail: marina.sakac@outlook.com ORCID ID: 0000-0001-6441-3371 Pravni zapisi, No. 1\/2025, pp. 232-252 Review Article DOI: DOI 10.5937\/pravzap16-58509 KEY WORDS Digital Activism, Menstrual Activism, Knowledge Production, Human Rights, Public Health Law, Serbia, Western Balkans. ABSTRACT With the global and cultural shifts challenging the silence and taboo, menstruation is becoming increasingly present in the media. By looking the work [&hellip;]\" \/>\n<meta property=\"og:url\" content=\"https:\/\/www.pravnizapisi.rs\/en\/pravni-zapisi-1-2025\/10776-2\/\" \/>\n<meta property=\"og:site_name\" content=\"Pravni Zapisi\" \/>\n<meta property=\"article:modified_time\" content=\"2025-07-11T16:08:47+00:00\" \/>\n<meta property=\"og:image\" content=\"https:\/\/pravnizapisi.rs\/wp-content\/uploads\/2025\/07\/pravni-zapisi-1-25-thumb.jpg\" \/>\n<meta name=\"twitter:card\" content=\"summary_large_image\" \/>\n<meta name=\"twitter:label1\" content=\"Est. reading time\" \/>\n\t<meta name=\"twitter:data1\" content=\"2 minutes\" \/>\n<script type=\"application\/ld+json\" class=\"yoast-schema-graph\">{\"@context\":\"https:\/\/schema.org\",\"@graph\":[{\"@type\":\"WebPage\",\"@id\":\"https:\/\/www.pravnizapisi.rs\/en\/pravni-zapisi-1-2025\/10776-2\/\",\"url\":\"https:\/\/www.pravnizapisi.rs\/en\/pravni-zapisi-1-2025\/10776-2\/\",\"name\":\"- Pravni Zapisi\",\"isPartOf\":{\"@id\":\"https:\/\/pravnizapisi.rs\/#website\"},\"primaryImageOfPage\":{\"@id\":\"https:\/\/www.pravnizapisi.rs\/en\/pravni-zapisi-1-2025\/10776-2\/#primaryimage\"},\"image\":{\"@id\":\"https:\/\/www.pravnizapisi.rs\/en\/pravni-zapisi-1-2025\/10776-2\/#primaryimage\"},\"thumbnailUrl\":\"https:\/\/pravnizapisi.rs\/wp-content\/uploads\/2025\/07\/pravni-zapisi-1-25-thumb.jpg\",\"datePublished\":\"2025-07-11T16:08:45+00:00\",\"dateModified\":\"2025-07-11T16:08:47+00:00\",\"breadcrumb\":{\"@id\":\"https:\/\/www.pravnizapisi.rs\/en\/pravni-zapisi-1-2025\/10776-2\/#breadcrumb\"},\"inLanguage\":\"en-US\",\"potentialAction\":[{\"@type\":\"ReadAction\",\"target\":[\"https:\/\/www.pravnizapisi.rs\/en\/pravni-zapisi-1-2025\/10776-2\/\"]}]},{\"@type\":\"ImageObject\",\"inLanguage\":\"en-US\",\"@id\":\"https:\/\/www.pravnizapisi.rs\/en\/pravni-zapisi-1-2025\/10776-2\/#primaryimage\",\"url\":\"https:\/\/pravnizapisi.rs\/wp-content\/uploads\/2025\/07\/pravni-zapisi-1-25-thumb.jpg\",\"contentUrl\":\"https:\/\/pravnizapisi.rs\/wp-content\/uploads\/2025\/07\/pravni-zapisi-1-25-thumb.jpg\"},{\"@type\":\"BreadcrumbList\",\"@id\":\"https:\/\/www.pravnizapisi.rs\/en\/pravni-zapisi-1-2025\/10776-2\/#breadcrumb\",\"itemListElement\":[{\"@type\":\"ListItem\",\"position\":1,\"name\":\"\u041f\u043e\u0447\u0435\u0442\u043d\u0430\",\"item\":\"https:\/\/www.pravnizapisi.rs\/en\/\"},{\"@type\":\"ListItem\",\"position\":2,\"name\":\"Pravni zapisi 1\/2025\",\"item\":\"https:\/\/www.pravnizapisi.rs\/en\/pravni-zapisi-1-2025\/\"}]},{\"@type\":\"WebSite\",\"@id\":\"https:\/\/pravnizapisi.rs\/#website\",\"url\":\"https:\/\/pravnizapisi.rs\/\",\"name\":\"Pravni Zapisi\",\"description\":\"\",\"publisher\":{\"@id\":\"https:\/\/pravnizapisi.rs\/#organization\"},\"potentialAction\":[{\"@type\":\"SearchAction\",\"target\":{\"@type\":\"EntryPoint\",\"urlTemplate\":\"https:\/\/pravnizapisi.rs\/?s={search_term_string}\"},\"query-input\":{\"@type\":\"PropertyValueSpecification\",\"valueRequired\":true,\"valueName\":\"search_term_string\"}}],\"inLanguage\":\"en-US\"},{\"@type\":\"Organization\",\"@id\":\"https:\/\/pravnizapisi.rs\/#organization\",\"name\":\"Pravni Zapisi\",\"url\":\"https:\/\/pravnizapisi.rs\/\",\"logo\":{\"@type\":\"ImageObject\",\"inLanguage\":\"en-US\",\"@id\":\"https:\/\/pravnizapisi.rs\/#\/schema\/logo\/image\/\",\"url\":\"https:\/\/www.pravnizapisi.rs\/wp-content\/uploads\/2019\/11\/cropped-Header-logo-srb-1-1.jpg\",\"contentUrl\":\"https:\/\/www.pravnizapisi.rs\/wp-content\/uploads\/2019\/11\/cropped-Header-logo-srb-1-1.jpg\",\"width\":580,\"height\":80,\"caption\":\"Pravni Zapisi\"},\"image\":{\"@id\":\"https:\/\/pravnizapisi.rs\/#\/schema\/logo\/image\/\"}}]}<\/script>\n<!-- \/ Yoast SEO plugin. -->","yoast_head_json":{"title":"- Pravni Zapisi","robots":{"index":"index","follow":"follow","max-snippet":"max-snippet:-1","max-image-preview":"max-image-preview:large","max-video-preview":"max-video-preview:-1"},"canonical":"https:\/\/www.pravnizapisi.rs\/en\/pravni-zapisi-1-2025\/10776-2\/","og_locale":"en_US","og_type":"article","og_title":"- Pravni Zapisi","og_description":"PRAVNI ZAPISI \u2022 Year XVI \u2022 no. 1 \u2022 pp. 232\u2013252 MISSING MENSTRUATORS: HOW ACTIVIST WORK HIGHLIGHTS A KNOWLEDGE GAP Marina Saka\u010d Had\u017ei\u0107 PhD candidate at Wageningen University, Netherlands; Communication, Capacity Building, and Membership Officer at the European Association for the Education of Adults e-mail: marina.sakac@outlook.com ORCID ID: 0000-0001-6441-3371 Pravni zapisi, No. 1\/2025, pp. 232-252 Review Article DOI: DOI 10.5937\/pravzap16-58509 KEY WORDS Digital Activism, Menstrual Activism, Knowledge Production, Human Rights, Public Health Law, Serbia, Western Balkans. ABSTRACT With the global and cultural shifts challenging the silence and taboo, menstruation is becoming increasingly present in the media. By looking the work [&hellip;]","og_url":"https:\/\/www.pravnizapisi.rs\/en\/pravni-zapisi-1-2025\/10776-2\/","og_site_name":"Pravni Zapisi","article_modified_time":"2025-07-11T16:08:47+00:00","og_image":[{"url":"https:\/\/pravnizapisi.rs\/wp-content\/uploads\/2025\/07\/pravni-zapisi-1-25-thumb.jpg","type":"","width":"","height":""}],"twitter_card":"summary_large_image","twitter_misc":{"Est. reading time":"2 minutes"},"schema":{"@context":"https:\/\/schema.org","@graph":[{"@type":"WebPage","@id":"https:\/\/www.pravnizapisi.rs\/en\/pravni-zapisi-1-2025\/10776-2\/","url":"https:\/\/www.pravnizapisi.rs\/en\/pravni-zapisi-1-2025\/10776-2\/","name":"- Pravni Zapisi","isPartOf":{"@id":"https:\/\/pravnizapisi.rs\/#website"},"primaryImageOfPage":{"@id":"https:\/\/www.pravnizapisi.rs\/en\/pravni-zapisi-1-2025\/10776-2\/#primaryimage"},"image":{"@id":"https:\/\/www.pravnizapisi.rs\/en\/pravni-zapisi-1-2025\/10776-2\/#primaryimage"},"thumbnailUrl":"https:\/\/pravnizapisi.rs\/wp-content\/uploads\/2025\/07\/pravni-zapisi-1-25-thumb.jpg","datePublished":"2025-07-11T16:08:45+00:00","dateModified":"2025-07-11T16:08:47+00:00","breadcrumb":{"@id":"https:\/\/www.pravnizapisi.rs\/en\/pravni-zapisi-1-2025\/10776-2\/#breadcrumb"},"inLanguage":"en-US","potentialAction":[{"@type":"ReadAction","target":["https:\/\/www.pravnizapisi.rs\/en\/pravni-zapisi-1-2025\/10776-2\/"]}]},{"@type":"ImageObject","inLanguage":"en-US","@id":"https:\/\/www.pravnizapisi.rs\/en\/pravni-zapisi-1-2025\/10776-2\/#primaryimage","url":"https:\/\/pravnizapisi.rs\/wp-content\/uploads\/2025\/07\/pravni-zapisi-1-25-thumb.jpg","contentUrl":"https:\/\/pravnizapisi.rs\/wp-content\/uploads\/2025\/07\/pravni-zapisi-1-25-thumb.jpg"},{"@type":"BreadcrumbList","@id":"https:\/\/www.pravnizapisi.rs\/en\/pravni-zapisi-1-2025\/10776-2\/#breadcrumb","itemListElement":[{"@type":"ListItem","position":1,"name":"\u041f\u043e\u0447\u0435\u0442\u043d\u0430","item":"https:\/\/www.pravnizapisi.rs\/en\/"},{"@type":"ListItem","position":2,"name":"Pravni zapisi 1\/2025","item":"https:\/\/www.pravnizapisi.rs\/en\/pravni-zapisi-1-2025\/"}]},{"@type":"WebSite","@id":"https:\/\/pravnizapisi.rs\/#website","url":"https:\/\/pravnizapisi.rs\/","name":"Pravni Zapisi","description":"","publisher":{"@id":"https:\/\/pravnizapisi.rs\/#organization"},"potentialAction":[{"@type":"SearchAction","target":{"@type":"EntryPoint","urlTemplate":"https:\/\/pravnizapisi.rs\/?s={search_term_string}"},"query-input":{"@type":"PropertyValueSpecification","valueRequired":true,"valueName":"search_term_string"}}],"inLanguage":"en-US"},{"@type":"Organization","@id":"https:\/\/pravnizapisi.rs\/#organization","name":"Pravni Zapisi","url":"https:\/\/pravnizapisi.rs\/","logo":{"@type":"ImageObject","inLanguage":"en-US","@id":"https:\/\/pravnizapisi.rs\/#\/schema\/logo\/image\/","url":"https:\/\/www.pravnizapisi.rs\/wp-content\/uploads\/2019\/11\/cropped-Header-logo-srb-1-1.jpg","contentUrl":"https:\/\/www.pravnizapisi.rs\/wp-content\/uploads\/2019\/11\/cropped-Header-logo-srb-1-1.jpg","width":580,"height":80,"caption":"Pravni Zapisi"},"image":{"@id":"https:\/\/pravnizapisi.rs\/#\/schema\/logo\/image\/"}}]}},"_links":{"self":[{"href":"https:\/\/www.pravnizapisi.rs\/en\/wp-json\/wp\/v2\/pages\/10776","targetHints":{"allow":["GET"]}}],"collection":[{"href":"https:\/\/www.pravnizapisi.rs\/en\/wp-json\/wp\/v2\/pages"}],"about":[{"href":"https:\/\/www.pravnizapisi.rs\/en\/wp-json\/wp\/v2\/types\/page"}],"author":[{"embeddable":true,"href":"https:\/\/www.pravnizapisi.rs\/en\/wp-json\/wp\/v2\/users\/4"}],"replies":[{"embeddable":true,"href":"https:\/\/www.pravnizapisi.rs\/en\/wp-json\/wp\/v2\/comments?post=10776"}],"version-history":[{"count":0,"href":"https:\/\/www.pravnizapisi.rs\/en\/wp-json\/wp\/v2\/pages\/10776\/revisions"}],"up":[{"embeddable":true,"href":"https:\/\/www.pravnizapisi.rs\/en\/wp-json\/wp\/v2\/pages\/10594"}],"wp:attachment":[{"href":"https:\/\/www.pravnizapisi.rs\/en\/wp-json\/wp\/v2\/media?parent=10776"}],"curies":[{"name":"wp","href":"https:\/\/api.w.org\/{rel}","templated":true}]}}