{"id":10861,"date":"2025-12-19T18:16:12","date_gmt":"2025-12-19T18:16:12","guid":{"rendered":"https:\/\/www.pravnizapisi.rs\/?page_id=10861"},"modified":"2025-12-19T19:26:18","modified_gmt":"2025-12-19T19:26:18","slug":"pravni-zapisi-2-2025","status":"publish","type":"page","link":"https:\/\/www.pravnizapisi.rs\/en\/pravni-zapisi-2-2025\/","title":{"rendered":"Pravni zapisi 2\/2025"},"content":{"rendered":"<p style=\"text-align: justify;\"><em><strong>Union University Law School Review<\/strong><\/em><br \/>\n<b><i>Year XVI, No. 2\/2025, Pages 259-539<\/i><\/b><\/p>\n<table style=\"height: 79px;\" width=\"373\" frame=\"void\">\n<tbody>\n<tr>\n<td valign=\"top\"><strong>UDK\u00a034<\/strong><\/td>\n<td align=\"left\" valign=\"top\">\n<div><strong>ISSN 2217-2815 (Printed Edition)<\/strong><\/div>\n<div><strong>eISSN 2406-1387 (Online Edition)<\/strong><\/div>\n<\/td>\n<\/tr>\n<\/tbody>\n<\/table>\n<hr \/>\n<h3 style=\"text-align: center;\">TABLE OF CONTENTS<\/h3>\n<h4 style=\"text-align: justify;\">GUEST EDITORIAL<\/h4>\n<p class=\"p1\"><a href=\"https:\/\/www.pravnizapisi.rs\/wp-content\/uploads\/2025\/12\/01-Timothy-William-Waters.pdf\"><span class=\"s1\"><b>Timothy William Waters, <\/b><i>Escaping Genocide\u2019s Gravity<\/i><\/span><\/a><\/p>\n<h4 style=\"text-align: justify;\">ARTICLES<\/h4>\n<p class=\"p1\"><a href=\"https:\/\/www.pravnizapisi.rs\/en\/pravni-zapisi-1-2025\/10866-2\/\"><span class=\"s1\"><b>Goran Dajovi\u0107, <\/b>Homo Iuridicus<i> and Legal Reasoning<\/i><\/span><\/a><\/p>\n<p class=\"p1\"><a href=\"https:\/\/www.pravnizapisi.rs\/en\/pravni-zapisi-1-2025\/10874-2\/\"><span class=\"s1\"><b>Giovanni Chiarini, <\/b><i>Beyond Guilty Pleas: The Proceduralization of Negotiated Justice in International Criminal Tribunals<\/i><\/span><\/a><\/p>\n<p class=\"p1\"><a href=\"https:\/\/www.pravnizapisi.rs\/en\/pravni-zapisi-1-2025\/10883-2\/\"><span class=\"s1\"><b>Sla\u0111ana Jovanovi\u0107, Sanja \u0106opi\u0107, <\/b><i>Strategies for the Prevention and Eradication of Femicide: Legal, Institutional and Societal Dimensions, Challenges and Perspectives<\/i><\/span><\/a><\/p>\n<p class=\"p1\"><a href=\"https:\/\/www.pravnizapisi.rs\/en\/pravni-zapisi-1-2025\/10892-2\/\"><span class=\"s1\"><b>\u0110or\u0111e Garda\u0161evi\u0107, Niko Jarak, <\/b><i>The Constitutional Court of Croatia and the Concept of Inherent Powers<\/i><\/span><\/a><\/p>\n<p class=\"p1\"><a href=\"https:\/\/www.pravnizapisi.rs\/en\/pravni-zapisi-1-2025\/10898-2\/\"><span class=\"s1\"><b>Maaike Geuens, <\/b><i>Is Academic Freedom in Belgium and the Netherlands Under Duress?<\/i><\/span><\/a><\/p>\n<p class=\"p1\"><a href=\"https:\/\/www.pravnizapisi.rs\/en\/pravni-zapisi-1-2025\/10902-2\/\"><span class=\"s1\"><b>Dejan Popovi\u0107, Zoran S. Mirkovi\u0107, <\/b><i>General Universities Act 1954: The First Post-War Law on Higher Education in Yugoslavia and Its Long-term Effects, Part Two<\/i><\/span><\/a><\/p>\n<p class=\"p1\"><a href=\"https:\/\/www.pravnizapisi.rs\/en\/pravni-zapisi-1-2025\/10909-2\/\"><span class=\"s1\"><b>Bogdana Stjepanovi\u0107, Jovana Raji\u0107 \u0106ali\u0107,<\/b> <i>Protection of Contracting Party Equality in Marriage Contracts<\/i><\/span><\/a><\/p>\n<h4 style=\"text-align: justify;\">CASE NOTE<\/h4>\n<p class=\"p1\"><span class=\"s1\"><a href=\"https:\/\/www.pravnizapisi.rs\/en\/pravni-zapisi-1-2025\/10913-2\/\"><b>Melanie Maurer, <\/b><\/a><i><a href=\"https:\/\/www.pravnizapisi.rs\/en\/pravni-zapisi-1-2025\/10913-2\/\">The ICJ\u2019s Advisory Opinion on Climate Change: A Positive, yet Small, Step Forward<\/a> <\/i><\/span><\/p>\n<h4 style=\"text-align: justify;\">CHRONICLE<\/h4>\n<p class=\"p1\"><a href=\"https:\/\/www.pravnizapisi.rs\/wp-content\/uploads\/2025\/12\/10-Hronika-Fakulteta.pdf\"><span class=\"s1\"><b>Union University Law School Chronicle (2024\/2025),<\/b><i> Contributors Sr\u0111an Milo\u0161evi\u0107, Jovana Popovi\u0107 <\/i><\/span><\/a><\/p>\n<p style=\"text-align: justify;\">\n","protected":false},"excerpt":{"rendered":"<p>Union University Law School Review Year XVI, No. 2\/2025, Pages 259-539 UDK\u00a034 ISSN 2217-2815 (Printed Edition) eISSN 2406-1387 (Online Edition) TABLE OF CONTENTS GUEST EDITORIAL Timothy William Waters, Escaping Genocide\u2019s Gravity ARTICLES Goran Dajovi\u0107, Homo Iuridicus and Legal Reasoning Giovanni Chiarini, Beyond Guilty Pleas: The Proceduralization of Negotiated Justice in International Criminal Tribunals Sla\u0111ana Jovanovi\u0107, Sanja \u0106opi\u0107, Strategies for the Prevention and Eradication of Femicide: Legal, Institutional and Societal Dimensions, Challenges and Perspectives \u0110or\u0111e Garda\u0161evi\u0107, Niko Jarak, The Constitutional Court of Croatia and the Concept of Inherent Powers Maaike Geuens, Is Academic Freedom in Belgium and the Netherlands Under Duress? [&hellip;]<\/p>\n","protected":false},"author":4,"featured_media":0,"parent":0,"menu_order":0,"comment_status":"closed","ping_status":"closed","template":"template-fullwidth.php","meta":{"footnotes":""},"class_list":["post-10861","page","type-page","status-publish","hentry"],"yoast_head":"<!-- This site is optimized with the Yoast SEO plugin v27.1.1 - https:\/\/yoast.com\/product\/yoast-seo-wordpress\/ -->\n<title>Pravni zapisi 2\/2025 - Pravni Zapisi<\/title>\n<meta name=\"robots\" content=\"index, follow, max-snippet:-1, max-image-preview:large, max-video-preview:-1\" \/>\n<link rel=\"canonical\" href=\"https:\/\/www.pravnizapisi.rs\/en\/pravni-zapisi-2-2025\/\" \/>\n<meta property=\"og:locale\" content=\"en_US\" \/>\n<meta property=\"og:type\" content=\"article\" \/>\n<meta property=\"og:title\" content=\"Pravni zapisi 2\/2025 - Pravni Zapisi\" \/>\n<meta property=\"og:description\" content=\"Union University Law School Review Year XVI, No. 2\/2025, Pages 259-539 UDK\u00a034 ISSN 2217-2815 (Printed Edition) eISSN 2406-1387 (Online Edition) TABLE OF CONTENTS GUEST EDITORIAL Timothy William Waters, Escaping Genocide\u2019s Gravity ARTICLES Goran Dajovi\u0107, Homo Iuridicus and Legal Reasoning Giovanni Chiarini, Beyond Guilty Pleas: The Proceduralization of Negotiated Justice in International Criminal Tribunals Sla\u0111ana Jovanovi\u0107, Sanja \u0106opi\u0107, Strategies for the Prevention and Eradication of Femicide: Legal, Institutional and Societal Dimensions, Challenges and Perspectives \u0110or\u0111e Garda\u0161evi\u0107, Niko Jarak, The Constitutional Court of Croatia and the Concept of Inherent Powers Maaike Geuens, Is Academic Freedom in Belgium and the Netherlands Under Duress? [&hellip;]\" \/>\n<meta property=\"og:url\" content=\"https:\/\/www.pravnizapisi.rs\/en\/pravni-zapisi-2-2025\/\" \/>\n<meta property=\"og:site_name\" content=\"Pravni Zapisi\" \/>\n<meta property=\"article:modified_time\" content=\"2025-12-19T19:26:18+00:00\" \/>\n<meta property=\"og:image\" content=\"https:\/\/www.pravnizapisi.rs\/wp-content\/uploads\/2020\/07\/pzapisi.jpg\" \/>\n\t<meta property=\"og:image:width\" content=\"150\" \/>\n\t<meta property=\"og:image:height\" content=\"225\" \/>\n\t<meta property=\"og:image:type\" content=\"image\/jpeg\" \/>\n<meta name=\"twitter:card\" content=\"summary_large_image\" \/>\n<meta name=\"twitter:label1\" content=\"Est. reading time\" \/>\n\t<meta name=\"twitter:data1\" content=\"1 minute\" \/>\n<script type=\"application\/ld+json\" class=\"yoast-schema-graph\">{\"@context\":\"https:\/\/schema.org\",\"@graph\":[{\"@type\":\"WebPage\",\"@id\":\"https:\/\/www.pravnizapisi.rs\/en\/pravni-zapisi-2-2025\/\",\"url\":\"https:\/\/www.pravnizapisi.rs\/en\/pravni-zapisi-2-2025\/\",\"name\":\"Pravni zapisi 2\/2025 - Pravni Zapisi\",\"isPartOf\":{\"@id\":\"https:\/\/pravnizapisi.rs\/#website\"},\"datePublished\":\"2025-12-19T18:16:12+00:00\",\"dateModified\":\"2025-12-19T19:26:18+00:00\",\"breadcrumb\":{\"@id\":\"https:\/\/www.pravnizapisi.rs\/en\/pravni-zapisi-2-2025\/#breadcrumb\"},\"inLanguage\":\"en-US\",\"potentialAction\":[{\"@type\":\"ReadAction\",\"target\":[\"https:\/\/www.pravnizapisi.rs\/en\/pravni-zapisi-2-2025\/\"]}]},{\"@type\":\"BreadcrumbList\",\"@id\":\"https:\/\/www.pravnizapisi.rs\/en\/pravni-zapisi-2-2025\/#breadcrumb\",\"itemListElement\":[{\"@type\":\"ListItem\",\"position\":1,\"name\":\"\u041f\u043e\u0447\u0435\u0442\u043d\u0430\",\"item\":\"https:\/\/www.pravnizapisi.rs\/en\/\"},{\"@type\":\"ListItem\",\"position\":2,\"name\":\"Pravni zapisi 2\/2025\"}]},{\"@type\":\"WebSite\",\"@id\":\"https:\/\/pravnizapisi.rs\/#website\",\"url\":\"https:\/\/pravnizapisi.rs\/\",\"name\":\"Pravni Zapisi\",\"description\":\"\",\"publisher\":{\"@id\":\"https:\/\/pravnizapisi.rs\/#organization\"},\"potentialAction\":[{\"@type\":\"SearchAction\",\"target\":{\"@type\":\"EntryPoint\",\"urlTemplate\":\"https:\/\/pravnizapisi.rs\/?s={search_term_string}\"},\"query-input\":{\"@type\":\"PropertyValueSpecification\",\"valueRequired\":true,\"valueName\":\"search_term_string\"}}],\"inLanguage\":\"en-US\"},{\"@type\":\"Organization\",\"@id\":\"https:\/\/pravnizapisi.rs\/#organization\",\"name\":\"Pravni Zapisi\",\"url\":\"https:\/\/pravnizapisi.rs\/\",\"logo\":{\"@type\":\"ImageObject\",\"inLanguage\":\"en-US\",\"@id\":\"https:\/\/pravnizapisi.rs\/#\/schema\/logo\/image\/\",\"url\":\"https:\/\/www.pravnizapisi.rs\/wp-content\/uploads\/2019\/11\/cropped-Header-logo-srb-1-1.jpg\",\"contentUrl\":\"https:\/\/www.pravnizapisi.rs\/wp-content\/uploads\/2019\/11\/cropped-Header-logo-srb-1-1.jpg\",\"width\":580,\"height\":80,\"caption\":\"Pravni Zapisi\"},\"image\":{\"@id\":\"https:\/\/pravnizapisi.rs\/#\/schema\/logo\/image\/\"}}]}<\/script>\n<!-- \/ Yoast SEO plugin. -->","yoast_head_json":{"title":"Pravni zapisi 2\/2025 - Pravni Zapisi","robots":{"index":"index","follow":"follow","max-snippet":"max-snippet:-1","max-image-preview":"max-image-preview:large","max-video-preview":"max-video-preview:-1"},"canonical":"https:\/\/www.pravnizapisi.rs\/en\/pravni-zapisi-2-2025\/","og_locale":"en_US","og_type":"article","og_title":"Pravni zapisi 2\/2025 - Pravni Zapisi","og_description":"Union University Law School Review Year XVI, No. 2\/2025, Pages 259-539 UDK\u00a034 ISSN 2217-2815 (Printed Edition) eISSN 2406-1387 (Online Edition) TABLE OF CONTENTS GUEST EDITORIAL Timothy William Waters, Escaping Genocide\u2019s Gravity ARTICLES Goran Dajovi\u0107, Homo Iuridicus and Legal Reasoning Giovanni Chiarini, Beyond Guilty Pleas: The Proceduralization of Negotiated Justice in International Criminal Tribunals Sla\u0111ana Jovanovi\u0107, Sanja \u0106opi\u0107, Strategies for the Prevention and Eradication of Femicide: Legal, Institutional and Societal Dimensions, Challenges and Perspectives \u0110or\u0111e Garda\u0161evi\u0107, Niko Jarak, The Constitutional Court of Croatia and the Concept of Inherent Powers Maaike Geuens, Is Academic Freedom in Belgium and the Netherlands Under Duress? [&hellip;]","og_url":"https:\/\/www.pravnizapisi.rs\/en\/pravni-zapisi-2-2025\/","og_site_name":"Pravni Zapisi","article_modified_time":"2025-12-19T19:26:18+00:00","og_image":[{"width":150,"height":225,"url":"https:\/\/www.pravnizapisi.rs\/wp-content\/uploads\/2020\/07\/pzapisi.jpg","type":"image\/jpeg"}],"twitter_card":"summary_large_image","twitter_misc":{"Est. reading time":"1 minute"},"schema":{"@context":"https:\/\/schema.org","@graph":[{"@type":"WebPage","@id":"https:\/\/www.pravnizapisi.rs\/en\/pravni-zapisi-2-2025\/","url":"https:\/\/www.pravnizapisi.rs\/en\/pravni-zapisi-2-2025\/","name":"Pravni zapisi 2\/2025 - Pravni Zapisi","isPartOf":{"@id":"https:\/\/pravnizapisi.rs\/#website"},"datePublished":"2025-12-19T18:16:12+00:00","dateModified":"2025-12-19T19:26:18+00:00","breadcrumb":{"@id":"https:\/\/www.pravnizapisi.rs\/en\/pravni-zapisi-2-2025\/#breadcrumb"},"inLanguage":"en-US","potentialAction":[{"@type":"ReadAction","target":["https:\/\/www.pravnizapisi.rs\/en\/pravni-zapisi-2-2025\/"]}]},{"@type":"BreadcrumbList","@id":"https:\/\/www.pravnizapisi.rs\/en\/pravni-zapisi-2-2025\/#breadcrumb","itemListElement":[{"@type":"ListItem","position":1,"name":"\u041f\u043e\u0447\u0435\u0442\u043d\u0430","item":"https:\/\/www.pravnizapisi.rs\/en\/"},{"@type":"ListItem","position":2,"name":"Pravni zapisi 2\/2025"}]},{"@type":"WebSite","@id":"https:\/\/pravnizapisi.rs\/#website","url":"https:\/\/pravnizapisi.rs\/","name":"Pravni Zapisi","description":"","publisher":{"@id":"https:\/\/pravnizapisi.rs\/#organization"},"potentialAction":[{"@type":"SearchAction","target":{"@type":"EntryPoint","urlTemplate":"https:\/\/pravnizapisi.rs\/?s={search_term_string}"},"query-input":{"@type":"PropertyValueSpecification","valueRequired":true,"valueName":"search_term_string"}}],"inLanguage":"en-US"},{"@type":"Organization","@id":"https:\/\/pravnizapisi.rs\/#organization","name":"Pravni Zapisi","url":"https:\/\/pravnizapisi.rs\/","logo":{"@type":"ImageObject","inLanguage":"en-US","@id":"https:\/\/pravnizapisi.rs\/#\/schema\/logo\/image\/","url":"https:\/\/www.pravnizapisi.rs\/wp-content\/uploads\/2019\/11\/cropped-Header-logo-srb-1-1.jpg","contentUrl":"https:\/\/www.pravnizapisi.rs\/wp-content\/uploads\/2019\/11\/cropped-Header-logo-srb-1-1.jpg","width":580,"height":80,"caption":"Pravni Zapisi"},"image":{"@id":"https:\/\/pravnizapisi.rs\/#\/schema\/logo\/image\/"}}]}},"_links":{"self":[{"href":"https:\/\/www.pravnizapisi.rs\/en\/wp-json\/wp\/v2\/pages\/10861","targetHints":{"allow":["GET"]}}],"collection":[{"href":"https:\/\/www.pravnizapisi.rs\/en\/wp-json\/wp\/v2\/pages"}],"about":[{"href":"https:\/\/www.pravnizapisi.rs\/en\/wp-json\/wp\/v2\/types\/page"}],"author":[{"embeddable":true,"href":"https:\/\/www.pravnizapisi.rs\/en\/wp-json\/wp\/v2\/users\/4"}],"replies":[{"embeddable":true,"href":"https:\/\/www.pravnizapisi.rs\/en\/wp-json\/wp\/v2\/comments?post=10861"}],"version-history":[{"count":2,"href":"https:\/\/www.pravnizapisi.rs\/en\/wp-json\/wp\/v2\/pages\/10861\/revisions"}],"predecessor-version":[{"id":10921,"href":"https:\/\/www.pravnizapisi.rs\/en\/wp-json\/wp\/v2\/pages\/10861\/revisions\/10921"}],"wp:attachment":[{"href":"https:\/\/www.pravnizapisi.rs\/en\/wp-json\/wp\/v2\/media?parent=10861"}],"curies":[{"name":"wp","href":"https:\/\/api.w.org\/{rel}","templated":true}]}}