{"id":10909,"date":"2025-12-19T19:05:24","date_gmt":"2025-12-19T19:05:24","guid":{"rendered":"https:\/\/www.pravnizapisi.rs\/?page_id=10909"},"modified":"2025-12-20T17:57:21","modified_gmt":"2025-12-20T16:57:21","slug":"10909-2","status":"publish","type":"page","link":"https:\/\/www.pravnizapisi.rs\/en\/pravni-zapisi-1-2025\/10909-2\/","title":{"rendered":""},"content":{"rendered":"<p class=\"p1\" style=\"text-align: center;\">PRAVNI ZAPISI \u2022 Year XVI \u2022 no. 2 \u2022 pp. 477\u2013498<\/p>\n<h3 style=\"text-align: center;\"><b>PROTECTION OF CONTRACTING PARTY EQUALITY IN MARRIAGE CONTRACTS<\/b><\/h3>\n<figure id=\"attachment_10868\" aria-describedby=\"caption-attachment-10868\" style=\"width: 100px\" class=\"wp-caption alignright\"><a href=\"https:\/\/www.pravnizapisi.rs\/wp-content\/uploads\/2025\/12\/08-Bogdana-Stjepanovic-i-Jovana-Rajic-Calic.pdf\" data-wp-editing=\"1\"><img loading=\"lazy\" decoding=\"async\" class=\"wp-image-10868 size-full\" src=\"https:\/\/www.pravnizapisi.rs\/wp-content\/uploads\/2025\/12\/pravni-zapisi-2025-02-thumb.jpg\" alt=\"\" width=\"100\" height=\"150\" \/><\/a><figcaption id=\"caption-attachment-10868\" class=\"wp-caption-text\">Language: English<\/figcaption><\/figure>\n<p class=\"p1\"><span class=\"s1\"><b>Bogdana Stjepanovi\u0107<\/b><\/span><\/p>\n<p class=\"p2\"><span class=\"s1\"><b>Research Associate, Institute for Political Studies, Serbia<br \/>\n<\/b><\/span><span class=\"s2\"><strong>e-mail:<\/strong> <a href=\"mailto:bogdana.stjepanovic@ips.ac.rs\"><span class=\"s3\">bogdana.stjepanovic@ips.ac.rs<\/span><\/a><br \/>\n<\/span><span class=\"s1\"><strong>ORCID ID:<\/strong> 0000-0002-9504-473X<\/span><\/p>\n<p class=\"p4\"><b>Jovana Raji\u0107 \u0106ali\u0107<\/b><\/p>\n<p class=\"p2\"><b>Research Associate, Institute of Comparative Law, Serbia<br \/>\n<\/b><span class=\"s5\"><strong>e-mail:<\/strong> <a href=\"mailto:j.rajic@iup.rs\"><span class=\"s3\">j.rajic@iup.rs<\/span><\/a><br \/>\n<\/span><strong>ORCID ID:<\/strong> 0000-0003-4658-3451<\/p>\n<p class=\"p1\">Pravni zapisi, No. 2\/2025, pp. 441-476<br \/>\nReview Article<br \/>\n<b>DOI:<\/b> 10.5937\/pravzap16-61333<\/p>\n<p style=\"text-align: justify;\"><span style=\"text-decoration: underline;\"><strong>KEY WORDS<br \/>\n<\/strong><\/span><\/p>\n<p class=\"p1\">Marriage Contract, Equality of Contracting Parties, Autonomy of Will, Legal Safeguards, Comparative Law, Relational Contract Theory, Property<\/p>\n<p style=\"text-align: justify;\"><span style=\"text-decoration: underline;\"><strong>ABSTRACT<\/strong><\/span><\/p>\n<p class=\"p1\">The protection of the equality of contracting parties in marriage contracts is a key prerequisite for achieving fairness in such legal relationships. The paper analyzes potential solutions and suggests ways to integrate them into the Serbian legal system, in the absence of adequate mechanisms to protect the equality of the contracting parties. This study focuses on concrete legal mechanisms, providing brief relational contract theory insights about their dynamic nature. The paper presents a thorough analysis of protective measures for both the formation and execution of contracts by drawing essential lessons from German civil law, which has developed sophisticated judicial review systems. The study also assesses how gender equality principles work to resolve the previous legal inequalities that existed in these agreements. The paper outlines specific mechanisms that should be implemented in the Serbian legal system, applying doctrinal and comparative legal methods.<\/p>\n","protected":false},"excerpt":{"rendered":"<p>PRAVNI ZAPISI \u2022 Year XVI \u2022 no. 2 \u2022 pp. 477\u2013498 PROTECTION OF CONTRACTING PARTY EQUALITY IN MARRIAGE CONTRACTS Bogdana Stjepanovi\u0107 Research Associate, Institute for Political Studies, Serbia e-mail: bogdana.stjepanovic@ips.ac.rs ORCID ID: 0000-0002-9504-473X Jovana Raji\u0107 \u0106ali\u0107 Research Associate, Institute of Comparative Law, Serbia e-mail: j.rajic@iup.rs ORCID ID: 0000-0003-4658-3451 Pravni zapisi, No. 2\/2025, pp. 441-476 Review Article DOI: 10.5937\/pravzap16-61333 KEY WORDS Marriage Contract, Equality of Contracting Parties, Autonomy of Will, Legal Safeguards, Comparative Law, Relational Contract Theory, Property ABSTRACT The protection of the equality of contracting parties in marriage contracts is a key prerequisite for achieving fairness in such legal relationships. [&hellip;]<\/p>\n","protected":false},"author":4,"featured_media":0,"parent":10594,"menu_order":0,"comment_status":"closed","ping_status":"closed","template":"template-article.php","meta":{"footnotes":""},"class_list":["post-10909","page","type-page","status-publish","hentry"],"yoast_head":"<!-- This site is optimized with the Yoast SEO plugin v27.1.1 - https:\/\/yoast.com\/product\/yoast-seo-wordpress\/ -->\n<title>- Pravni Zapisi<\/title>\n<meta name=\"robots\" content=\"index, follow, max-snippet:-1, max-image-preview:large, max-video-preview:-1\" \/>\n<link rel=\"canonical\" href=\"https:\/\/www.pravnizapisi.rs\/en\/pravni-zapisi-1-2025\/10909-2\/\" \/>\n<meta property=\"og:locale\" content=\"en_US\" \/>\n<meta property=\"og:type\" content=\"article\" \/>\n<meta property=\"og:title\" content=\"- Pravni Zapisi\" \/>\n<meta property=\"og:description\" content=\"PRAVNI ZAPISI \u2022 Year XVI \u2022 no. 2 \u2022 pp. 477\u2013498 PROTECTION OF CONTRACTING PARTY EQUALITY IN MARRIAGE CONTRACTS Bogdana Stjepanovi\u0107 Research Associate, Institute for Political Studies, Serbia e-mail: bogdana.stjepanovic@ips.ac.rs ORCID ID: 0000-0002-9504-473X Jovana Raji\u0107 \u0106ali\u0107 Research Associate, Institute of Comparative Law, Serbia e-mail: j.rajic@iup.rs ORCID ID: 0000-0003-4658-3451 Pravni zapisi, No. 2\/2025, pp. 441-476 Review Article DOI: 10.5937\/pravzap16-61333 KEY WORDS Marriage Contract, Equality of Contracting Parties, Autonomy of Will, Legal Safeguards, Comparative Law, Relational Contract Theory, Property ABSTRACT The protection of the equality of contracting parties in marriage contracts is a key prerequisite for achieving fairness in such legal relationships. [&hellip;]\" \/>\n<meta property=\"og:url\" content=\"https:\/\/www.pravnizapisi.rs\/en\/pravni-zapisi-1-2025\/10909-2\/\" \/>\n<meta property=\"og:site_name\" content=\"Pravni Zapisi\" \/>\n<meta property=\"article:modified_time\" content=\"2025-12-20T16:57:21+00:00\" \/>\n<meta property=\"og:image\" content=\"https:\/\/www.pravnizapisi.rs\/wp-content\/uploads\/2025\/12\/pravni-zapisi-2025-02-thumb.jpg\" \/>\n\t<meta property=\"og:image:width\" content=\"100\" \/>\n\t<meta property=\"og:image:height\" content=\"150\" \/>\n\t<meta property=\"og:image:type\" content=\"image\/jpeg\" \/>\n<meta name=\"twitter:card\" content=\"summary_large_image\" \/>\n<meta name=\"twitter:label1\" content=\"Est. reading time\" \/>\n\t<meta name=\"twitter:data1\" content=\"2 minutes\" \/>\n<script type=\"application\/ld+json\" class=\"yoast-schema-graph\">{\"@context\":\"https:\/\/schema.org\",\"@graph\":[{\"@type\":\"WebPage\",\"@id\":\"https:\/\/www.pravnizapisi.rs\/en\/pravni-zapisi-1-2025\/10909-2\/\",\"url\":\"https:\/\/www.pravnizapisi.rs\/en\/pravni-zapisi-1-2025\/10909-2\/\",\"name\":\"- Pravni Zapisi\",\"isPartOf\":{\"@id\":\"https:\/\/pravnizapisi.rs\/#website\"},\"primaryImageOfPage\":{\"@id\":\"https:\/\/www.pravnizapisi.rs\/en\/pravni-zapisi-1-2025\/10909-2\/#primaryimage\"},\"image\":{\"@id\":\"https:\/\/www.pravnizapisi.rs\/en\/pravni-zapisi-1-2025\/10909-2\/#primaryimage\"},\"thumbnailUrl\":\"https:\/\/www.pravnizapisi.rs\/wp-content\/uploads\/2025\/12\/pravni-zapisi-2025-02-thumb.jpg\",\"datePublished\":\"2025-12-19T19:05:24+00:00\",\"dateModified\":\"2025-12-20T16:57:21+00:00\",\"breadcrumb\":{\"@id\":\"https:\/\/www.pravnizapisi.rs\/en\/pravni-zapisi-1-2025\/10909-2\/#breadcrumb\"},\"inLanguage\":\"en-US\",\"potentialAction\":[{\"@type\":\"ReadAction\",\"target\":[\"https:\/\/www.pravnizapisi.rs\/en\/pravni-zapisi-1-2025\/10909-2\/\"]}]},{\"@type\":\"ImageObject\",\"inLanguage\":\"en-US\",\"@id\":\"https:\/\/www.pravnizapisi.rs\/en\/pravni-zapisi-1-2025\/10909-2\/#primaryimage\",\"url\":\"https:\/\/www.pravnizapisi.rs\/wp-content\/uploads\/2025\/12\/pravni-zapisi-2025-02-thumb.jpg\",\"contentUrl\":\"https:\/\/www.pravnizapisi.rs\/wp-content\/uploads\/2025\/12\/pravni-zapisi-2025-02-thumb.jpg\"},{\"@type\":\"BreadcrumbList\",\"@id\":\"https:\/\/www.pravnizapisi.rs\/en\/pravni-zapisi-1-2025\/10909-2\/#breadcrumb\",\"itemListElement\":[{\"@type\":\"ListItem\",\"position\":1,\"name\":\"\u041f\u043e\u0447\u0435\u0442\u043d\u0430\",\"item\":\"https:\/\/www.pravnizapisi.rs\/en\/\"},{\"@type\":\"ListItem\",\"position\":2,\"name\":\"Pravni zapisi 1\/2025\",\"item\":\"https:\/\/www.pravnizapisi.rs\/en\/pravni-zapisi-1-2025\/\"}]},{\"@type\":\"WebSite\",\"@id\":\"https:\/\/pravnizapisi.rs\/#website\",\"url\":\"https:\/\/pravnizapisi.rs\/\",\"name\":\"Pravni Zapisi\",\"description\":\"\",\"publisher\":{\"@id\":\"https:\/\/pravnizapisi.rs\/#organization\"},\"potentialAction\":[{\"@type\":\"SearchAction\",\"target\":{\"@type\":\"EntryPoint\",\"urlTemplate\":\"https:\/\/pravnizapisi.rs\/?s={search_term_string}\"},\"query-input\":{\"@type\":\"PropertyValueSpecification\",\"valueRequired\":true,\"valueName\":\"search_term_string\"}}],\"inLanguage\":\"en-US\"},{\"@type\":\"Organization\",\"@id\":\"https:\/\/pravnizapisi.rs\/#organization\",\"name\":\"Pravni Zapisi\",\"url\":\"https:\/\/pravnizapisi.rs\/\",\"logo\":{\"@type\":\"ImageObject\",\"inLanguage\":\"en-US\",\"@id\":\"https:\/\/pravnizapisi.rs\/#\/schema\/logo\/image\/\",\"url\":\"https:\/\/www.pravnizapisi.rs\/wp-content\/uploads\/2019\/11\/cropped-Header-logo-srb-1-1.jpg\",\"contentUrl\":\"https:\/\/www.pravnizapisi.rs\/wp-content\/uploads\/2019\/11\/cropped-Header-logo-srb-1-1.jpg\",\"width\":580,\"height\":80,\"caption\":\"Pravni Zapisi\"},\"image\":{\"@id\":\"https:\/\/pravnizapisi.rs\/#\/schema\/logo\/image\/\"}}]}<\/script>\n<!-- \/ Yoast SEO plugin. -->","yoast_head_json":{"title":"- Pravni Zapisi","robots":{"index":"index","follow":"follow","max-snippet":"max-snippet:-1","max-image-preview":"max-image-preview:large","max-video-preview":"max-video-preview:-1"},"canonical":"https:\/\/www.pravnizapisi.rs\/en\/pravni-zapisi-1-2025\/10909-2\/","og_locale":"en_US","og_type":"article","og_title":"- Pravni Zapisi","og_description":"PRAVNI ZAPISI \u2022 Year XVI \u2022 no. 2 \u2022 pp. 477\u2013498 PROTECTION OF CONTRACTING PARTY EQUALITY IN MARRIAGE CONTRACTS Bogdana Stjepanovi\u0107 Research Associate, Institute for Political Studies, Serbia e-mail: bogdana.stjepanovic@ips.ac.rs ORCID ID: 0000-0002-9504-473X Jovana Raji\u0107 \u0106ali\u0107 Research Associate, Institute of Comparative Law, Serbia e-mail: j.rajic@iup.rs ORCID ID: 0000-0003-4658-3451 Pravni zapisi, No. 2\/2025, pp. 441-476 Review Article DOI: 10.5937\/pravzap16-61333 KEY WORDS Marriage Contract, Equality of Contracting Parties, Autonomy of Will, Legal Safeguards, Comparative Law, Relational Contract Theory, Property ABSTRACT The protection of the equality of contracting parties in marriage contracts is a key prerequisite for achieving fairness in such legal relationships. [&hellip;]","og_url":"https:\/\/www.pravnizapisi.rs\/en\/pravni-zapisi-1-2025\/10909-2\/","og_site_name":"Pravni Zapisi","article_modified_time":"2025-12-20T16:57:21+00:00","og_image":[{"width":100,"height":150,"url":"https:\/\/www.pravnizapisi.rs\/wp-content\/uploads\/2025\/12\/pravni-zapisi-2025-02-thumb.jpg","type":"image\/jpeg"}],"twitter_card":"summary_large_image","twitter_misc":{"Est. reading time":"2 minutes"},"schema":{"@context":"https:\/\/schema.org","@graph":[{"@type":"WebPage","@id":"https:\/\/www.pravnizapisi.rs\/en\/pravni-zapisi-1-2025\/10909-2\/","url":"https:\/\/www.pravnizapisi.rs\/en\/pravni-zapisi-1-2025\/10909-2\/","name":"- Pravni Zapisi","isPartOf":{"@id":"https:\/\/pravnizapisi.rs\/#website"},"primaryImageOfPage":{"@id":"https:\/\/www.pravnizapisi.rs\/en\/pravni-zapisi-1-2025\/10909-2\/#primaryimage"},"image":{"@id":"https:\/\/www.pravnizapisi.rs\/en\/pravni-zapisi-1-2025\/10909-2\/#primaryimage"},"thumbnailUrl":"https:\/\/www.pravnizapisi.rs\/wp-content\/uploads\/2025\/12\/pravni-zapisi-2025-02-thumb.jpg","datePublished":"2025-12-19T19:05:24+00:00","dateModified":"2025-12-20T16:57:21+00:00","breadcrumb":{"@id":"https:\/\/www.pravnizapisi.rs\/en\/pravni-zapisi-1-2025\/10909-2\/#breadcrumb"},"inLanguage":"en-US","potentialAction":[{"@type":"ReadAction","target":["https:\/\/www.pravnizapisi.rs\/en\/pravni-zapisi-1-2025\/10909-2\/"]}]},{"@type":"ImageObject","inLanguage":"en-US","@id":"https:\/\/www.pravnizapisi.rs\/en\/pravni-zapisi-1-2025\/10909-2\/#primaryimage","url":"https:\/\/www.pravnizapisi.rs\/wp-content\/uploads\/2025\/12\/pravni-zapisi-2025-02-thumb.jpg","contentUrl":"https:\/\/www.pravnizapisi.rs\/wp-content\/uploads\/2025\/12\/pravni-zapisi-2025-02-thumb.jpg"},{"@type":"BreadcrumbList","@id":"https:\/\/www.pravnizapisi.rs\/en\/pravni-zapisi-1-2025\/10909-2\/#breadcrumb","itemListElement":[{"@type":"ListItem","position":1,"name":"\u041f\u043e\u0447\u0435\u0442\u043d\u0430","item":"https:\/\/www.pravnizapisi.rs\/en\/"},{"@type":"ListItem","position":2,"name":"Pravni zapisi 1\/2025","item":"https:\/\/www.pravnizapisi.rs\/en\/pravni-zapisi-1-2025\/"}]},{"@type":"WebSite","@id":"https:\/\/pravnizapisi.rs\/#website","url":"https:\/\/pravnizapisi.rs\/","name":"Pravni Zapisi","description":"","publisher":{"@id":"https:\/\/pravnizapisi.rs\/#organization"},"potentialAction":[{"@type":"SearchAction","target":{"@type":"EntryPoint","urlTemplate":"https:\/\/pravnizapisi.rs\/?s={search_term_string}"},"query-input":{"@type":"PropertyValueSpecification","valueRequired":true,"valueName":"search_term_string"}}],"inLanguage":"en-US"},{"@type":"Organization","@id":"https:\/\/pravnizapisi.rs\/#organization","name":"Pravni Zapisi","url":"https:\/\/pravnizapisi.rs\/","logo":{"@type":"ImageObject","inLanguage":"en-US","@id":"https:\/\/pravnizapisi.rs\/#\/schema\/logo\/image\/","url":"https:\/\/www.pravnizapisi.rs\/wp-content\/uploads\/2019\/11\/cropped-Header-logo-srb-1-1.jpg","contentUrl":"https:\/\/www.pravnizapisi.rs\/wp-content\/uploads\/2019\/11\/cropped-Header-logo-srb-1-1.jpg","width":580,"height":80,"caption":"Pravni Zapisi"},"image":{"@id":"https:\/\/pravnizapisi.rs\/#\/schema\/logo\/image\/"}}]}},"_links":{"self":[{"href":"https:\/\/www.pravnizapisi.rs\/en\/wp-json\/wp\/v2\/pages\/10909","targetHints":{"allow":["GET"]}}],"collection":[{"href":"https:\/\/www.pravnizapisi.rs\/en\/wp-json\/wp\/v2\/pages"}],"about":[{"href":"https:\/\/www.pravnizapisi.rs\/en\/wp-json\/wp\/v2\/types\/page"}],"author":[{"embeddable":true,"href":"https:\/\/www.pravnizapisi.rs\/en\/wp-json\/wp\/v2\/users\/4"}],"replies":[{"embeddable":true,"href":"https:\/\/www.pravnizapisi.rs\/en\/wp-json\/wp\/v2\/comments?post=10909"}],"version-history":[{"count":2,"href":"https:\/\/www.pravnizapisi.rs\/en\/wp-json\/wp\/v2\/pages\/10909\/revisions"}],"predecessor-version":[{"id":10999,"href":"https:\/\/www.pravnizapisi.rs\/en\/wp-json\/wp\/v2\/pages\/10909\/revisions\/10999"}],"up":[{"embeddable":true,"href":"https:\/\/www.pravnizapisi.rs\/en\/wp-json\/wp\/v2\/pages\/10594"}],"wp:attachment":[{"href":"https:\/\/www.pravnizapisi.rs\/en\/wp-json\/wp\/v2\/media?parent=10909"}],"curies":[{"name":"wp","href":"https:\/\/api.w.org\/{rel}","templated":true}]}}