{"id":6146,"date":"2019-10-22T06:57:01","date_gmt":"2019-10-22T06:57:01","guid":{"rendered":"http:\/\/pravnizapisi.rs\/?page_id=6146"},"modified":"2024-06-23T23:01:58","modified_gmt":"2024-06-23T23:01:58","slug":"editorial-board","status":"publish","type":"page","link":"https:\/\/www.pravnizapisi.rs\/en\/about\/editorial-board\/","title":{"rendered":"Editorial Board"},"content":{"rendered":"<p><strong>Editor-in-Chief <\/strong><\/p>\n<p style=\"text-align: justify;\"><strong>Violeta Be\u0161irevi\u0107<\/strong>, Professor of Law, Union University Law School, Belgrade, Serbia, ORCID iD\u00a0 0000-0001-9452-5630<\/p>\n<p><strong>Managing Editor<\/strong><\/p>\n<p style=\"text-align: justify;\"><strong>Jelena Simi\u0107<\/strong>, Associate Professor of Law, Union University Law School, Belgrade, Serbia, ORCID iD 0000-0003-2702-4320<\/p>\n<p><strong>Assistant Editors \u00a0<\/strong><\/p>\n<p style=\"text-align: justify;\"><strong>Iva Ivanov<\/strong>, LLM, Teaching Assistant, Union University Law School, Belgrade, Serbia, ORCID iD 0000-0002-6596-3049<\/p>\n<p><strong>Ana Vladisavljevi\u0107<\/strong>, \u00a0\u041c\u0410, Teaching Assistant,\u00a0 Union University Law School, Belgrade, Serbia, ORCID iD 0000-0003-1956-9355<\/p>\n<p><strong>Board of Editors<\/strong><\/p>\n<p style=\"text-align: justify;\"><strong>Zoran Oklop\u010di\u0107, <\/strong>Associate Professor of Law, Carleton University, Department of Law and Legal Studies, Ottawa, Canada, ORCID iD 0009-0005-3791-3190<\/p>\n<p style=\"text-align: justify;\"><strong>Aleksandra \u010cavo\u0161ki<\/strong>, Professor of Law, University of Birmingham Law School, Birmingham, UK, ORCID iD 0000-0003-0845-3170<\/p>\n<p style=\"text-align: justify;\"><strong>Tatjana Papi\u0107<\/strong>, Professor of Law, Union University Law School, Belgrade, Serbia, ORCID iD 0000-0003-0430-9016<\/p>\n<p style=\"text-align: justify;\"><strong>Andrej Savin<\/strong>, Professor of Law, Copenhagen Business School, Copenhagen, Denmark, ORCID iD 0000-0001-9625-7254<\/p>\n<p style=\"text-align: justify;\"><strong>Tibor Tajti<\/strong>, Professor of Law, Central European University, Budapest\/Vienna, Hungary\/Austria, ORCID iD 0000-0001-9426-5429<\/p>\n<p style=\"text-align: justify;\"><strong>Miomir Matulovi\u0107<\/strong>, Professor of Law, University of Rijeka Law School, Rijeka, Croatia, ORCID iD 0000-0003-2177-5211<\/p>\n<p><strong>Goran Ba\u0161i\u0107<\/strong>, Principal Research Fellow, Institute of Social Sciences, Belgrade, Serbia, ORCID iD 0000-0003-2327-340X<\/p>\n<p style=\"text-align: justify;\"><strong>Jelena Jerini\u0107<\/strong>, Professor of Law, Union University Law School, Belgrade, ORCID iD 0000-0002-3216-3635<\/p>\n<p style=\"text-align: justify;\"><strong>Toma\u017e Kereste\u0161<\/strong>, Professor of Law, University of Maribor Law School, Maribor, Slovenia, ORCID iD 0000-0003-4516-8467<\/p>\n<p style=\"text-align: justify;\"><strong>Nata\u0161a Mrvi\u0107-Petrovi\u0107<\/strong>, Principal Research Fellow, Institute of Comparative Law, Belgrade, ORCID iD 0000-0003-0424-0610<\/p>\n<p style=\"text-align: justify;\"><strong>Marko Bo\u017ei\u0107<\/strong>,\u00a0 Associate Professor of Law, Union University Law School, Belgrade, ORCID iD 0000-0002-3702-8117<\/p>\n<p style=\"text-align: justify;\"><strong>Jelena Arsi\u0107<\/strong>, Associate Professor of Law, Union University Law School, Belgrade, ORCID iD 0000-0001-8832-1893<\/p>\n<p style=\"text-align: justify;\"><strong>Sr\u0111an Milo\u0161evi\u0107<\/strong>, Assistant Professor of Law, Union University Law School, Belgrade, ORCID iD 0000-0002-2572-8773<\/p>\n<p><strong>Milena Tripkovi\u0107<\/strong>, Lecturer, University of Edinburgh, Edinburg Law School, Edinburgh, UK, ORCID iD 0000-0003-1645-6275<\/p>\n<p style=\"text-align: justify;\"><strong>Slobodan Vukadinovi\u0107<\/strong>, Associate Professor of Law, Union University Law School, Belgrade, Serbia, ORCID iD 0000-0002-4692-321X<\/p>\n<p><strong>The Previous Editors-in-Chief <\/strong><\/p>\n<p>Prof. dr dr h.c. Vladimir Vodineli\u0107, Prof. dr Zoran Ivo\u0161evi\u0107 (2010-2017)<br \/>\n<em><strong style=\"border: solid 1px #000; padding: 3px;\">Prof. dr Du\u0161an Kiti\u0107 (2017-2019)<\/strong><\/em><\/p>\n<h4 style=\"text-align: center;\"><strong>SCIENTIFIC ADVISORY BOARD<\/strong><\/h4>\n<p style=\"text-align: justify;\">Tibor V\u00e1rady (Central European University, Hungary, Emory University, USA);Thomas Fleiner (University of Fribourg, Switzerland);Nenad Dimitrijevi\u0107 (Central European University, Hungary); Niels Petersen (University of M\u00fcnster, Germany); Marko Milanovi\u0107 (University of Nottingham, United Kingdom); Bojan Bugari\u010d (University of Sheffield, \u00a0United Kingdom); David Duarte (University of Lisbon, Portugal); Stefania Ninatti (University of Milano-Bicocca, Italy); Bo\u0161ko Tripkovi\u0107 (University of Birmingham, United Kingdom); Thomas H. Speedy Rice (Washington and Lee University, USA); Carlos Flores Juberias (University of Valencia, Spain); Jean-Paul Pancracio (University of Poitiers, France); Georgios Nektarios Lois (Hellenic Open University, Greece); Mihajlo Dika (University of Zagreb, Croatia); Vesna Rijavec (University of Maribor, Slovenia); Arsen Janevski (Cyril and Methodious University, Northern Macedonia); Mladen Vuk\u010devi\u0107 (Mediteran University, Montenegro); Dragoljub Popovi\u0107 (Union University Belgrade, Serbia); Sr\u0111an \u0160arki\u0107 (University of Novi Sad, Serbia); Leposava Karamarkovi\u0107 (Union University Belgrade, Serbia); David Da\u0161i\u0107 (Serbia); Milena Proki\u0107-Trgov\u010devi\u0107 (Union University Belgrade, Serbia); Jadranka Injac (Serbia).<\/p>\n","protected":false},"excerpt":{"rendered":"<p>Editor-in-Chief Violeta Be\u0161irevi\u0107, Professor of Law, Union University Law School, Belgrade, Serbia, ORCID iD\u00a0 0000-0001-9452-5630 Managing Editor Jelena Simi\u0107, Associate Professor of Law, Union University Law School, Belgrade, Serbia, ORCID iD 0000-0003-2702-4320 Assistant Editors \u00a0 Iva Ivanov, LLM, Teaching Assistant, Union University Law School, Belgrade, Serbia, ORCID iD 0000-0002-6596-3049 Ana Vladisavljevi\u0107, \u00a0\u041c\u0410, Teaching Assistant,\u00a0 Union University Law School, Belgrade, Serbia, ORCID iD 0000-0003-1956-9355 Board of Editors Zoran Oklop\u010di\u0107, Associate Professor of Law, Carleton University, Department of Law and Legal Studies, Ottawa, Canada, ORCID iD 0009-0005-3791-3190 Aleksandra \u010cavo\u0161ki, Professor of Law, University of Birmingham Law School, Birmingham, UK, ORCID iD 0000-0003-0845-3170 [&hellip;]<\/p>\n","protected":false},"author":4,"featured_media":0,"parent":5443,"menu_order":0,"comment_status":"closed","ping_status":"closed","template":"","meta":{"footnotes":""},"class_list":["post-6146","page","type-page","status-publish","hentry"],"yoast_head":"<!-- This site is optimized with the Yoast SEO plugin v27.1.1 - https:\/\/yoast.com\/product\/yoast-seo-wordpress\/ -->\n<title>Editorial Board - Pravni Zapisi<\/title>\n<meta name=\"robots\" content=\"index, follow, max-snippet:-1, max-image-preview:large, max-video-preview:-1\" \/>\n<link rel=\"canonical\" href=\"https:\/\/www.pravnizapisi.rs\/en\/about\/editorial-board\/\" \/>\n<meta property=\"og:locale\" content=\"en_US\" \/>\n<meta property=\"og:type\" content=\"article\" \/>\n<meta property=\"og:title\" content=\"Editorial Board - Pravni Zapisi\" \/>\n<meta property=\"og:description\" content=\"Editor-in-Chief Violeta Be\u0161irevi\u0107, Professor of Law, Union University Law School, Belgrade, Serbia, ORCID iD\u00a0 0000-0001-9452-5630 Managing Editor Jelena Simi\u0107, Associate Professor of Law, Union University Law School, Belgrade, Serbia, ORCID iD 0000-0003-2702-4320 Assistant Editors \u00a0 Iva Ivanov, LLM, Teaching Assistant, Union University Law School, Belgrade, Serbia, ORCID iD 0000-0002-6596-3049 Ana Vladisavljevi\u0107, \u00a0\u041c\u0410, Teaching Assistant,\u00a0 Union University Law School, Belgrade, Serbia, ORCID iD 0000-0003-1956-9355 Board of Editors Zoran Oklop\u010di\u0107, Associate Professor of Law, Carleton University, Department of Law and Legal Studies, Ottawa, Canada, ORCID iD 0009-0005-3791-3190 Aleksandra \u010cavo\u0161ki, Professor of Law, University of Birmingham Law School, Birmingham, UK, ORCID iD 0000-0003-0845-3170 [&hellip;]\" \/>\n<meta property=\"og:url\" content=\"https:\/\/www.pravnizapisi.rs\/en\/about\/editorial-board\/\" \/>\n<meta property=\"og:site_name\" content=\"Pravni Zapisi\" \/>\n<meta property=\"article:modified_time\" content=\"2024-06-23T23:01:58+00:00\" \/>\n<meta property=\"og:image\" content=\"https:\/\/www.pravnizapisi.rs\/wp-content\/uploads\/2020\/07\/pzapisi.jpg\" \/>\n\t<meta property=\"og:image:width\" content=\"150\" \/>\n\t<meta property=\"og:image:height\" content=\"225\" \/>\n\t<meta property=\"og:image:type\" content=\"image\/jpeg\" \/>\n<meta name=\"twitter:card\" content=\"summary_large_image\" \/>\n<meta name=\"twitter:label1\" content=\"Est. reading time\" \/>\n\t<meta name=\"twitter:data1\" content=\"2 minutes\" \/>\n<script type=\"application\/ld+json\" class=\"yoast-schema-graph\">{\"@context\":\"https:\/\/schema.org\",\"@graph\":[{\"@type\":\"WebPage\",\"@id\":\"https:\/\/www.pravnizapisi.rs\/en\/about\/editorial-board\/\",\"url\":\"https:\/\/www.pravnizapisi.rs\/en\/about\/editorial-board\/\",\"name\":\"Editorial Board - Pravni Zapisi\",\"isPartOf\":{\"@id\":\"https:\/\/pravnizapisi.rs\/#website\"},\"datePublished\":\"2019-10-22T06:57:01+00:00\",\"dateModified\":\"2024-06-23T23:01:58+00:00\",\"breadcrumb\":{\"@id\":\"https:\/\/www.pravnizapisi.rs\/en\/about\/editorial-board\/#breadcrumb\"},\"inLanguage\":\"en-US\",\"potentialAction\":[{\"@type\":\"ReadAction\",\"target\":[\"https:\/\/www.pravnizapisi.rs\/en\/about\/editorial-board\/\"]}]},{\"@type\":\"BreadcrumbList\",\"@id\":\"https:\/\/www.pravnizapisi.rs\/en\/about\/editorial-board\/#breadcrumb\",\"itemListElement\":[{\"@type\":\"ListItem\",\"position\":1,\"name\":\"\u041f\u043e\u0447\u0435\u0442\u043d\u0430\",\"item\":\"https:\/\/www.pravnizapisi.rs\/en\/\"},{\"@type\":\"ListItem\",\"position\":2,\"name\":\"About\",\"item\":\"https:\/\/www.pravnizapisi.rs\/en\/about\/\"},{\"@type\":\"ListItem\",\"position\":3,\"name\":\"Editorial Board\"}]},{\"@type\":\"WebSite\",\"@id\":\"https:\/\/pravnizapisi.rs\/#website\",\"url\":\"https:\/\/pravnizapisi.rs\/\",\"name\":\"Pravni Zapisi\",\"description\":\"\",\"publisher\":{\"@id\":\"https:\/\/pravnizapisi.rs\/#organization\"},\"potentialAction\":[{\"@type\":\"SearchAction\",\"target\":{\"@type\":\"EntryPoint\",\"urlTemplate\":\"https:\/\/pravnizapisi.rs\/?s={search_term_string}\"},\"query-input\":{\"@type\":\"PropertyValueSpecification\",\"valueRequired\":true,\"valueName\":\"search_term_string\"}}],\"inLanguage\":\"en-US\"},{\"@type\":\"Organization\",\"@id\":\"https:\/\/pravnizapisi.rs\/#organization\",\"name\":\"Pravni Zapisi\",\"url\":\"https:\/\/pravnizapisi.rs\/\",\"logo\":{\"@type\":\"ImageObject\",\"inLanguage\":\"en-US\",\"@id\":\"https:\/\/pravnizapisi.rs\/#\/schema\/logo\/image\/\",\"url\":\"https:\/\/www.pravnizapisi.rs\/wp-content\/uploads\/2019\/11\/cropped-Header-logo-srb-1-1.jpg\",\"contentUrl\":\"https:\/\/www.pravnizapisi.rs\/wp-content\/uploads\/2019\/11\/cropped-Header-logo-srb-1-1.jpg\",\"width\":580,\"height\":80,\"caption\":\"Pravni Zapisi\"},\"image\":{\"@id\":\"https:\/\/pravnizapisi.rs\/#\/schema\/logo\/image\/\"}}]}<\/script>\n<!-- \/ Yoast SEO plugin. -->","yoast_head_json":{"title":"Editorial Board - Pravni Zapisi","robots":{"index":"index","follow":"follow","max-snippet":"max-snippet:-1","max-image-preview":"max-image-preview:large","max-video-preview":"max-video-preview:-1"},"canonical":"https:\/\/www.pravnizapisi.rs\/en\/about\/editorial-board\/","og_locale":"en_US","og_type":"article","og_title":"Editorial Board - Pravni Zapisi","og_description":"Editor-in-Chief Violeta Be\u0161irevi\u0107, Professor of Law, Union University Law School, Belgrade, Serbia, ORCID iD\u00a0 0000-0001-9452-5630 Managing Editor Jelena Simi\u0107, Associate Professor of Law, Union University Law School, Belgrade, Serbia, ORCID iD 0000-0003-2702-4320 Assistant Editors \u00a0 Iva Ivanov, LLM, Teaching Assistant, Union University Law School, Belgrade, Serbia, ORCID iD 0000-0002-6596-3049 Ana Vladisavljevi\u0107, \u00a0\u041c\u0410, Teaching Assistant,\u00a0 Union University Law School, Belgrade, Serbia, ORCID iD 0000-0003-1956-9355 Board of Editors Zoran Oklop\u010di\u0107, Associate Professor of Law, Carleton University, Department of Law and Legal Studies, Ottawa, Canada, ORCID iD 0009-0005-3791-3190 Aleksandra \u010cavo\u0161ki, Professor of Law, University of Birmingham Law School, Birmingham, UK, ORCID iD 0000-0003-0845-3170 [&hellip;]","og_url":"https:\/\/www.pravnizapisi.rs\/en\/about\/editorial-board\/","og_site_name":"Pravni Zapisi","article_modified_time":"2024-06-23T23:01:58+00:00","og_image":[{"width":150,"height":225,"url":"https:\/\/www.pravnizapisi.rs\/wp-content\/uploads\/2020\/07\/pzapisi.jpg","type":"image\/jpeg"}],"twitter_card":"summary_large_image","twitter_misc":{"Est. reading time":"2 minutes"},"schema":{"@context":"https:\/\/schema.org","@graph":[{"@type":"WebPage","@id":"https:\/\/www.pravnizapisi.rs\/en\/about\/editorial-board\/","url":"https:\/\/www.pravnizapisi.rs\/en\/about\/editorial-board\/","name":"Editorial Board - Pravni Zapisi","isPartOf":{"@id":"https:\/\/pravnizapisi.rs\/#website"},"datePublished":"2019-10-22T06:57:01+00:00","dateModified":"2024-06-23T23:01:58+00:00","breadcrumb":{"@id":"https:\/\/www.pravnizapisi.rs\/en\/about\/editorial-board\/#breadcrumb"},"inLanguage":"en-US","potentialAction":[{"@type":"ReadAction","target":["https:\/\/www.pravnizapisi.rs\/en\/about\/editorial-board\/"]}]},{"@type":"BreadcrumbList","@id":"https:\/\/www.pravnizapisi.rs\/en\/about\/editorial-board\/#breadcrumb","itemListElement":[{"@type":"ListItem","position":1,"name":"\u041f\u043e\u0447\u0435\u0442\u043d\u0430","item":"https:\/\/www.pravnizapisi.rs\/en\/"},{"@type":"ListItem","position":2,"name":"About","item":"https:\/\/www.pravnizapisi.rs\/en\/about\/"},{"@type":"ListItem","position":3,"name":"Editorial Board"}]},{"@type":"WebSite","@id":"https:\/\/pravnizapisi.rs\/#website","url":"https:\/\/pravnizapisi.rs\/","name":"Pravni Zapisi","description":"","publisher":{"@id":"https:\/\/pravnizapisi.rs\/#organization"},"potentialAction":[{"@type":"SearchAction","target":{"@type":"EntryPoint","urlTemplate":"https:\/\/pravnizapisi.rs\/?s={search_term_string}"},"query-input":{"@type":"PropertyValueSpecification","valueRequired":true,"valueName":"search_term_string"}}],"inLanguage":"en-US"},{"@type":"Organization","@id":"https:\/\/pravnizapisi.rs\/#organization","name":"Pravni Zapisi","url":"https:\/\/pravnizapisi.rs\/","logo":{"@type":"ImageObject","inLanguage":"en-US","@id":"https:\/\/pravnizapisi.rs\/#\/schema\/logo\/image\/","url":"https:\/\/www.pravnizapisi.rs\/wp-content\/uploads\/2019\/11\/cropped-Header-logo-srb-1-1.jpg","contentUrl":"https:\/\/www.pravnizapisi.rs\/wp-content\/uploads\/2019\/11\/cropped-Header-logo-srb-1-1.jpg","width":580,"height":80,"caption":"Pravni Zapisi"},"image":{"@id":"https:\/\/pravnizapisi.rs\/#\/schema\/logo\/image\/"}}]}},"_links":{"self":[{"href":"https:\/\/www.pravnizapisi.rs\/en\/wp-json\/wp\/v2\/pages\/6146","targetHints":{"allow":["GET"]}}],"collection":[{"href":"https:\/\/www.pravnizapisi.rs\/en\/wp-json\/wp\/v2\/pages"}],"about":[{"href":"https:\/\/www.pravnizapisi.rs\/en\/wp-json\/wp\/v2\/types\/page"}],"author":[{"embeddable":true,"href":"https:\/\/www.pravnizapisi.rs\/en\/wp-json\/wp\/v2\/users\/4"}],"replies":[{"embeddable":true,"href":"https:\/\/www.pravnizapisi.rs\/en\/wp-json\/wp\/v2\/comments?post=6146"}],"version-history":[{"count":0,"href":"https:\/\/www.pravnizapisi.rs\/en\/wp-json\/wp\/v2\/pages\/6146\/revisions"}],"up":[{"embeddable":true,"href":"https:\/\/www.pravnizapisi.rs\/en\/wp-json\/wp\/v2\/pages\/5443"}],"wp:attachment":[{"href":"https:\/\/www.pravnizapisi.rs\/en\/wp-json\/wp\/v2\/media?parent=6146"}],"curies":[{"name":"wp","href":"https:\/\/api.w.org\/{rel}","templated":true}]}}