{"id":6273,"date":"2019-11-05T14:23:23","date_gmt":"2019-11-05T14:23:23","guid":{"rendered":"http:\/\/pravnizapisi.rs\/?page_id=6273"},"modified":"2021-05-02T12:00:43","modified_gmt":"2021-05-02T12:00:43","slug":"issues-1-2018","status":"publish","type":"page","link":"https:\/\/www.pravnizapisi.rs\/en\/issues\/issues-1-2018\/","title":{"rendered":"Pravni zapisi 1\/2018"},"content":{"rendered":"<p style=\"text-align: justify;\"><em><strong>Union University Law School Review<\/strong><\/em><br \/>\n<em><strong>Year IX, No. 1\/2018, Pages 1-218<\/strong><\/em><\/p>\n<table style=\"height: 35px;\" width=\"364\" frame=\"void\">\n<tbody>\n<tr>\n<td valign=\"top\"><strong>UDK\u00a034<\/strong><\/td>\n<td align=\"left\" valign=\"top\">\n<div><strong>ISSN 2217-2815 (Printed Edition)<\/strong><\/div>\n<div><strong>ISSN 2406-1287 (Online Edition)<\/strong><\/div>\n<\/td>\n<\/tr>\n<\/tbody>\n<\/table>\n<hr \/>\n<h3 style=\"text-align: center;\">TABLE OF CONTENTS<\/h3>\n<h4 style=\"text-align: justify;\">ARTICLES<\/h4>\n<p style=\"text-align: justify;\"><a href=\"https:\/\/pravnizapisi.rs\/en\/issues\/issues-1-2018\/8189-2\/\"><strong>Vojislav Damnjanovi\u0107<\/strong>, <em>Collision and competition of fundamental rights in German Law<\/em><\/a><\/p>\n<p style=\"text-align: justify;\"><a href=\"https:\/\/pravnizapisi.rs\/en\/issues\/issues-1-2018\/8196-2\/\"><strong>Violeta Be\u0161irevi\u0107<\/strong>, <em>\u201cCatch me if you can\u201d: reflections on legal (un)accountability of transnational corporations for human rights violations<\/em><\/a><\/p>\n<p style=\"text-align: justify;\"><a href=\"https:\/\/pravnizapisi.rs\/en\/issues\/issues-1-2018\/8205-2\/\"><strong>Carlos Flores Juber\u00edas<\/strong>, <em>The gradual transformation of Spanish Constitutional Law: on occasion of the 40th anniversary of the Spanish 1978 Constitution<\/em><\/a><\/p>\n<p style=\"text-align: justify;\"><a href=\"https:\/\/pravnizapisi.rs\/en\/issues\/issues-1-2018\/8212-2\/\"><strong>Danilo Stevandi\u0107<\/strong>, <em>Autonomous regulation: legal theory qualification and positive law frameworks<\/em><\/a><\/p>\n<p style=\"text-align: justify;\"><a href=\"https:\/\/pravnizapisi.rs\/en\/issues\/issues-1-2018\/8223-2\/\"><strong>Aleksandar Matkovi\u0107<\/strong>, <em>Legal characteristics of vigilantism<\/em><\/a><\/p>\n<p style=\"text-align: justify;\"><a href=\"https:\/\/pravnizapisi.rs\/en\/issues\/issues-1-2018\/8231-2\/\"><strong>Biljana Gavrilovi\u0107<\/strong>, <em>The dispute between Serbian lawyers and lawyers from the former Austro-Hungary about proving by witnesses on the occasion of enactment of the Yugoslav Code of civil procedure<\/em><\/a><\/p>\n<p style=\"text-align: justify;\"><a href=\"https:\/\/pravnizapisi.rs\/en\/issues\/issues-1-2018\/8239-2\/\"><strong>Irena D. Kolaj Ristanovi\u0107<\/strong>, <em>Collections of fatwas in Ottoman Turkish: a general overview<\/em><\/a><\/p>\n<h4 style=\"text-align: justify;\">LEGAL ACTUALITIES<\/h4>\n<p style=\"text-align: justify;\"><a href=\"https:\/\/pravnizapisi.rs\/wp-content\/uploads\/issues\/1-2018\/Pravni_zapisi_2018-01_08_Beretka.pdf\"><strong>Katinka Beretka<\/strong>, <em>De iure affirmation of the multicultural character of the Autonomous Province of Vojvodina \u2013 Critical analysis of (non)existing normative competences of the autonomous province in the field of minority rights<\/em><\/a><\/p>\n<h4 style=\"text-align: justify;\">CONTRIBUTIONS<\/h4>\n<p style=\"text-align: justify;\"><a href=\"https:\/\/pravnizapisi.rs\/wp-content\/uploads\/issues\/1-2018\/Pravni_zapisi_2018-01_09_Gradinac.pdf\"><strong>Svetlana Gradinac<\/strong>, <em>\u0110ura Jak\u0161i\u0107\u2019s closing argument in the trial for the short story The Wounded<\/em><\/a><\/p>\n<h4 style=\"text-align: justify;\">BOOK REVIEWS<\/h4>\n<p style=\"text-align: justify;\"><a href=\"https:\/\/pravnizapisi.rs\/wp-content\/uploads\/issues\/1-2018\/Pravni_zapisi_2018-01_10_Milic.pdf\"><strong>Dejan A. Mili\u0107<\/strong>, <em>A book on the power of words: Sima Avramovi\u0107, Rhetorike techne \u2013 The skill of rhetorics and public appearance, Belgrade Univesity Law School \u2013 Slu\u017ebeni glasnik \u2013 Dosije studio, Belgrade, 2018, 4th edition, 545 p.<\/em><\/a><\/p>\n<h4 style=\"text-align: justify;\"><a href=\"https:\/\/pravnizapisi.rs\/wp-content\/uploads\/issues\/1-2018\/Pravni_zapisi_2018-01_11_In_memoriam.pdf\">IN MEMORIAM \u2013 Prof. dr Katarina Damnjanovi\u0107<\/a><\/h4>\n<h4 style=\"text-align: justify;\">BIBLIOGRAPHY<\/h4>\n<p style=\"text-align: justify;\"><a href=\"https:\/\/pravnizapisi.rs\/wp-content\/uploads\/issues\/1-2018\/Pravni_zapisi_2018-01_12_Pravna_bibliografija.pdf\"><em>Legal bibliography \u2013 Serbia 2017<\/em>, <strong>prepared by Ljiljana Prljin\u010devi\u0107<\/strong><\/a><\/p>\n","protected":false},"excerpt":{"rendered":"<p>Union University Law School Review Year IX, No. 1\/2018, Pages 1-218 UDK\u00a034 ISSN 2217-2815 (Printed Edition) ISSN 2406-1287 (Online Edition) TABLE OF CONTENTS ARTICLES Vojislav Damnjanovi\u0107, Collision and competition of fundamental rights in German Law Violeta Be\u0161irevi\u0107, \u201cCatch me if you can\u201d: reflections on legal (un)accountability of transnational corporations for human rights violations Carlos Flores Juber\u00edas, The gradual transformation of Spanish Constitutional Law: on occasion of the 40th anniversary of the Spanish 1978 Constitution Danilo Stevandi\u0107, Autonomous regulation: legal theory qualification and positive law frameworks Aleksandar Matkovi\u0107, Legal characteristics of vigilantism Biljana Gavrilovi\u0107, The dispute between Serbian lawyers and lawyers [&hellip;]<\/p>\n","protected":false},"author":4,"featured_media":0,"parent":6165,"menu_order":0,"comment_status":"closed","ping_status":"closed","template":"template-fullwidth.php","meta":{"footnotes":""},"class_list":["post-6273","page","type-page","status-publish","hentry"],"yoast_head":"<!-- This site is optimized with the Yoast SEO plugin v27.1.1 - https:\/\/yoast.com\/product\/yoast-seo-wordpress\/ -->\n<title>Pravni zapisi 1\/2018 - Pravni Zapisi<\/title>\n<meta name=\"robots\" content=\"index, follow, max-snippet:-1, max-image-preview:large, max-video-preview:-1\" \/>\n<link rel=\"canonical\" href=\"https:\/\/www.pravnizapisi.rs\/en\/issues\/issues-1-2018\/\" \/>\n<meta property=\"og:locale\" content=\"en_US\" \/>\n<meta property=\"og:type\" content=\"article\" \/>\n<meta property=\"og:title\" content=\"Pravni zapisi 1\/2018 - Pravni Zapisi\" \/>\n<meta property=\"og:description\" content=\"Union University Law School Review Year IX, No. 1\/2018, Pages 1-218 UDK\u00a034 ISSN 2217-2815 (Printed Edition) ISSN 2406-1287 (Online Edition) TABLE OF CONTENTS ARTICLES Vojislav Damnjanovi\u0107, Collision and competition of fundamental rights in German Law Violeta Be\u0161irevi\u0107, \u201cCatch me if you can\u201d: reflections on legal (un)accountability of transnational corporations for human rights violations Carlos Flores Juber\u00edas, The gradual transformation of Spanish Constitutional Law: on occasion of the 40th anniversary of the Spanish 1978 Constitution Danilo Stevandi\u0107, Autonomous regulation: legal theory qualification and positive law frameworks Aleksandar Matkovi\u0107, Legal characteristics of vigilantism Biljana Gavrilovi\u0107, The dispute between Serbian lawyers and lawyers [&hellip;]\" \/>\n<meta property=\"og:url\" content=\"https:\/\/www.pravnizapisi.rs\/en\/issues\/issues-1-2018\/\" \/>\n<meta property=\"og:site_name\" content=\"Pravni Zapisi\" \/>\n<meta property=\"article:modified_time\" content=\"2021-05-02T12:00:43+00:00\" \/>\n<meta property=\"og:image\" content=\"https:\/\/www.pravnizapisi.rs\/wp-content\/uploads\/2020\/07\/pzapisi.jpg\" \/>\n\t<meta property=\"og:image:width\" content=\"150\" \/>\n\t<meta property=\"og:image:height\" content=\"225\" \/>\n\t<meta property=\"og:image:type\" content=\"image\/jpeg\" \/>\n<meta name=\"twitter:card\" content=\"summary_large_image\" \/>\n<meta name=\"twitter:label1\" content=\"Est. reading time\" \/>\n\t<meta name=\"twitter:data1\" content=\"1 minute\" \/>\n<script type=\"application\/ld+json\" class=\"yoast-schema-graph\">{\"@context\":\"https:\/\/schema.org\",\"@graph\":[{\"@type\":\"WebPage\",\"@id\":\"https:\/\/www.pravnizapisi.rs\/en\/issues\/issues-1-2018\/\",\"url\":\"https:\/\/www.pravnizapisi.rs\/en\/issues\/issues-1-2018\/\",\"name\":\"Pravni zapisi 1\/2018 - Pravni Zapisi\",\"isPartOf\":{\"@id\":\"https:\/\/pravnizapisi.rs\/#website\"},\"datePublished\":\"2019-11-05T14:23:23+00:00\",\"dateModified\":\"2021-05-02T12:00:43+00:00\",\"breadcrumb\":{\"@id\":\"https:\/\/www.pravnizapisi.rs\/en\/issues\/issues-1-2018\/#breadcrumb\"},\"inLanguage\":\"en-US\",\"potentialAction\":[{\"@type\":\"ReadAction\",\"target\":[\"https:\/\/www.pravnizapisi.rs\/en\/issues\/issues-1-2018\/\"]}]},{\"@type\":\"BreadcrumbList\",\"@id\":\"https:\/\/www.pravnizapisi.rs\/en\/issues\/issues-1-2018\/#breadcrumb\",\"itemListElement\":[{\"@type\":\"ListItem\",\"position\":1,\"name\":\"\u041f\u043e\u0447\u0435\u0442\u043d\u0430\",\"item\":\"https:\/\/www.pravnizapisi.rs\/en\/\"},{\"@type\":\"ListItem\",\"position\":2,\"name\":\"Issues\",\"item\":\"https:\/\/www.pravnizapisi.rs\/svi-brojevi\/\"},{\"@type\":\"ListItem\",\"position\":3,\"name\":\"Pravni zapisi 1\/2018\"}]},{\"@type\":\"WebSite\",\"@id\":\"https:\/\/pravnizapisi.rs\/#website\",\"url\":\"https:\/\/pravnizapisi.rs\/\",\"name\":\"Pravni Zapisi\",\"description\":\"\",\"publisher\":{\"@id\":\"https:\/\/pravnizapisi.rs\/#organization\"},\"potentialAction\":[{\"@type\":\"SearchAction\",\"target\":{\"@type\":\"EntryPoint\",\"urlTemplate\":\"https:\/\/pravnizapisi.rs\/?s={search_term_string}\"},\"query-input\":{\"@type\":\"PropertyValueSpecification\",\"valueRequired\":true,\"valueName\":\"search_term_string\"}}],\"inLanguage\":\"en-US\"},{\"@type\":\"Organization\",\"@id\":\"https:\/\/pravnizapisi.rs\/#organization\",\"name\":\"Pravni Zapisi\",\"url\":\"https:\/\/pravnizapisi.rs\/\",\"logo\":{\"@type\":\"ImageObject\",\"inLanguage\":\"en-US\",\"@id\":\"https:\/\/pravnizapisi.rs\/#\/schema\/logo\/image\/\",\"url\":\"https:\/\/www.pravnizapisi.rs\/wp-content\/uploads\/2019\/11\/cropped-Header-logo-srb-1-1.jpg\",\"contentUrl\":\"https:\/\/www.pravnizapisi.rs\/wp-content\/uploads\/2019\/11\/cropped-Header-logo-srb-1-1.jpg\",\"width\":580,\"height\":80,\"caption\":\"Pravni Zapisi\"},\"image\":{\"@id\":\"https:\/\/pravnizapisi.rs\/#\/schema\/logo\/image\/\"}}]}<\/script>\n<!-- \/ Yoast SEO plugin. -->","yoast_head_json":{"title":"Pravni zapisi 1\/2018 - Pravni Zapisi","robots":{"index":"index","follow":"follow","max-snippet":"max-snippet:-1","max-image-preview":"max-image-preview:large","max-video-preview":"max-video-preview:-1"},"canonical":"https:\/\/www.pravnizapisi.rs\/en\/issues\/issues-1-2018\/","og_locale":"en_US","og_type":"article","og_title":"Pravni zapisi 1\/2018 - Pravni Zapisi","og_description":"Union University Law School Review Year IX, No. 1\/2018, Pages 1-218 UDK\u00a034 ISSN 2217-2815 (Printed Edition) ISSN 2406-1287 (Online Edition) TABLE OF CONTENTS ARTICLES Vojislav Damnjanovi\u0107, Collision and competition of fundamental rights in German Law Violeta Be\u0161irevi\u0107, \u201cCatch me if you can\u201d: reflections on legal (un)accountability of transnational corporations for human rights violations Carlos Flores Juber\u00edas, The gradual transformation of Spanish Constitutional Law: on occasion of the 40th anniversary of the Spanish 1978 Constitution Danilo Stevandi\u0107, Autonomous regulation: legal theory qualification and positive law frameworks Aleksandar Matkovi\u0107, Legal characteristics of vigilantism Biljana Gavrilovi\u0107, The dispute between Serbian lawyers and lawyers [&hellip;]","og_url":"https:\/\/www.pravnizapisi.rs\/en\/issues\/issues-1-2018\/","og_site_name":"Pravni Zapisi","article_modified_time":"2021-05-02T12:00:43+00:00","og_image":[{"width":150,"height":225,"url":"https:\/\/www.pravnizapisi.rs\/wp-content\/uploads\/2020\/07\/pzapisi.jpg","type":"image\/jpeg"}],"twitter_card":"summary_large_image","twitter_misc":{"Est. reading time":"1 minute"},"schema":{"@context":"https:\/\/schema.org","@graph":[{"@type":"WebPage","@id":"https:\/\/www.pravnizapisi.rs\/en\/issues\/issues-1-2018\/","url":"https:\/\/www.pravnizapisi.rs\/en\/issues\/issues-1-2018\/","name":"Pravni zapisi 1\/2018 - Pravni Zapisi","isPartOf":{"@id":"https:\/\/pravnizapisi.rs\/#website"},"datePublished":"2019-11-05T14:23:23+00:00","dateModified":"2021-05-02T12:00:43+00:00","breadcrumb":{"@id":"https:\/\/www.pravnizapisi.rs\/en\/issues\/issues-1-2018\/#breadcrumb"},"inLanguage":"en-US","potentialAction":[{"@type":"ReadAction","target":["https:\/\/www.pravnizapisi.rs\/en\/issues\/issues-1-2018\/"]}]},{"@type":"BreadcrumbList","@id":"https:\/\/www.pravnizapisi.rs\/en\/issues\/issues-1-2018\/#breadcrumb","itemListElement":[{"@type":"ListItem","position":1,"name":"\u041f\u043e\u0447\u0435\u0442\u043d\u0430","item":"https:\/\/www.pravnizapisi.rs\/en\/"},{"@type":"ListItem","position":2,"name":"Issues","item":"https:\/\/www.pravnizapisi.rs\/svi-brojevi\/"},{"@type":"ListItem","position":3,"name":"Pravni zapisi 1\/2018"}]},{"@type":"WebSite","@id":"https:\/\/pravnizapisi.rs\/#website","url":"https:\/\/pravnizapisi.rs\/","name":"Pravni Zapisi","description":"","publisher":{"@id":"https:\/\/pravnizapisi.rs\/#organization"},"potentialAction":[{"@type":"SearchAction","target":{"@type":"EntryPoint","urlTemplate":"https:\/\/pravnizapisi.rs\/?s={search_term_string}"},"query-input":{"@type":"PropertyValueSpecification","valueRequired":true,"valueName":"search_term_string"}}],"inLanguage":"en-US"},{"@type":"Organization","@id":"https:\/\/pravnizapisi.rs\/#organization","name":"Pravni Zapisi","url":"https:\/\/pravnizapisi.rs\/","logo":{"@type":"ImageObject","inLanguage":"en-US","@id":"https:\/\/pravnizapisi.rs\/#\/schema\/logo\/image\/","url":"https:\/\/www.pravnizapisi.rs\/wp-content\/uploads\/2019\/11\/cropped-Header-logo-srb-1-1.jpg","contentUrl":"https:\/\/www.pravnizapisi.rs\/wp-content\/uploads\/2019\/11\/cropped-Header-logo-srb-1-1.jpg","width":580,"height":80,"caption":"Pravni Zapisi"},"image":{"@id":"https:\/\/pravnizapisi.rs\/#\/schema\/logo\/image\/"}}]}},"_links":{"self":[{"href":"https:\/\/www.pravnizapisi.rs\/en\/wp-json\/wp\/v2\/pages\/6273","targetHints":{"allow":["GET"]}}],"collection":[{"href":"https:\/\/www.pravnizapisi.rs\/en\/wp-json\/wp\/v2\/pages"}],"about":[{"href":"https:\/\/www.pravnizapisi.rs\/en\/wp-json\/wp\/v2\/types\/page"}],"author":[{"embeddable":true,"href":"https:\/\/www.pravnizapisi.rs\/en\/wp-json\/wp\/v2\/users\/4"}],"replies":[{"embeddable":true,"href":"https:\/\/www.pravnizapisi.rs\/en\/wp-json\/wp\/v2\/comments?post=6273"}],"version-history":[{"count":0,"href":"https:\/\/www.pravnizapisi.rs\/en\/wp-json\/wp\/v2\/pages\/6273\/revisions"}],"up":[{"embeddable":true,"href":"https:\/\/www.pravnizapisi.rs\/en\/wp-json\/wp\/v2\/pages\/6165"}],"wp:attachment":[{"href":"https:\/\/www.pravnizapisi.rs\/en\/wp-json\/wp\/v2\/media?parent=6273"}],"curies":[{"name":"wp","href":"https:\/\/api.w.org\/{rel}","templated":true}]}}