{"id":6275,"date":"2019-11-05T14:23:47","date_gmt":"2019-11-05T14:23:47","guid":{"rendered":"http:\/\/pravnizapisi.rs\/?page_id=6275"},"modified":"2021-05-02T12:59:57","modified_gmt":"2021-05-02T12:59:57","slug":"2-2018","status":"publish","type":"page","link":"https:\/\/www.pravnizapisi.rs\/en\/2-2018\/","title":{"rendered":"Pravni zapisi 2\/2018"},"content":{"rendered":"<p style=\"text-align: justify;\"><em><strong>Union University Law School Review<\/strong><\/em><br \/>\n<em><strong>Year IX, No. 2\/2018, Pages 219-385<\/strong><\/em><\/p>\n<table style=\"height: 35px;\" width=\"364\" frame=\"void\">\n<tbody>\n<tr>\n<td valign=\"top\"><strong>UDK\u00a034<\/strong><\/td>\n<td align=\"left\" valign=\"top\">\n<div><strong>ISSN 2217-2815 (Printed Edition)<\/strong><\/div>\n<div><strong>ISSN 2406-1287 (Online Edition)<\/strong><\/div>\n<\/td>\n<\/tr>\n<\/tbody>\n<\/table>\n<hr \/>\n<h3 style=\"text-align: center;\">TABLE OF CONTENTS<\/h3>\n<h4 style=\"text-align: justify;\">ARTICLES<\/h4>\n<p style=\"text-align: justify;\"><a href=\"https:\/\/pravnizapisi.rs\/en\/2-2018\/8247-2\/\"><strong>Mladen Jeli\u010di\u0107<\/strong>, <em>Principles of the help to a party which requires legal assistance in misdemeanor procedure<\/em><\/a><\/p>\n<p style=\"text-align: justify;\"><a href=\"https:\/\/pravnizapisi.rs\/en\/2-2018\/8255-2\/\"><strong>Dragan Obradovi\u0107<\/strong>, <em>Older persons \u2013 vulnerable category of traffic participants<\/em><\/a><\/p>\n<p style=\"text-align: justify;\"><a href=\"https:\/\/pravnizapisi.rs\/en\/2-2018\/8262-2\/\"><strong>Jelena Simi\u0107<\/strong>,\u00a0<em>The protection of nasciturus within the civil law<\/em><\/a><\/p>\n<p style=\"text-align: justify;\"><a href=\"https:\/\/pravnizapisi.rs\/en\/2-2018\/8271-2\/\"><strong>Ana Batri\u0107evi\u0107 and Nikola Paunovi\u0107<\/strong>, <em>Illegal waste disposal in the EU legislation and practice of the Court of justice of the EU<\/em><\/a><\/p>\n<p style=\"text-align: justify;\"><a href=\"https:\/\/pravnizapisi.rs\/en\/2-2018\/8279-2\/\"><strong>Damir Juras and Ivana Erceg \u0106uri\u0107<\/strong>, <em>Employment contract\u2019s summary dismissal in law of Republic of Croatia<\/em><\/a><\/p>\n<p style=\"text-align: justify;\"><a href=\"https:\/\/pravnizapisi.rs\/en\/2-2018\/8286-2\/\"><strong>Berislav Matijevi\u0107<\/strong>, <em>Future damage and the possibilities of its compensation<\/em><\/a><\/p>\n<p style=\"text-align: justify;\"><a href=\"https:\/\/pravnizapisi.rs\/en\/2-2018\/8294-2\/\"><strong>Sanda \u0106orac<\/strong>, <em>International child abductions through the practice of the European court of human rights<\/em><\/a><\/p>\n<h4 style=\"text-align: justify;\">BOOK REVIEWS<\/h4>\n<p style=\"text-align: justify;\"><a href=\"https:\/\/pravnizapisi.rs\/wp-content\/uploads\/issues\/2-2018\/Pravni_zapisi_2018-02_08_Nikolic.pdf\"><strong>Aleksa Nikoli\u0107<\/strong>, <em>Sr\u0111an T. Kora\u0107, Public administration in the moral gap, Institute for Political Studies, Belgrade, 2016, 261 pp<\/em>.<\/a><\/p>\n<p style=\"text-align: justify;\"><a href=\"https:\/\/pravnizapisi.rs\/wp-content\/uploads\/issues\/2-2018\/Pravni_zapisi_2018-02_09_Hronika_PF.pdf\"><em>CHRONICLE OF THE FACULTY (2018)<\/em>, <strong>edited by Ivana Ili\u0107<\/strong><\/a><\/p>\n","protected":false},"excerpt":{"rendered":"<p>Union University Law School Review Year IX, No. 2\/2018, Pages 219-385 UDK\u00a034 ISSN 2217-2815 (Printed Edition) ISSN 2406-1287 (Online Edition) TABLE OF CONTENTS ARTICLES Mladen Jeli\u010di\u0107, Principles of the help to a party which requires legal assistance in misdemeanor procedure Dragan Obradovi\u0107, Older persons \u2013 vulnerable category of traffic participants Jelena Simi\u0107,\u00a0The protection of nasciturus within the civil law Ana Batri\u0107evi\u0107 and Nikola Paunovi\u0107, Illegal waste disposal in the EU legislation and practice of the Court of justice of the EU Damir Juras and Ivana Erceg \u0106uri\u0107, Employment contract\u2019s summary dismissal in law of Republic of Croatia Berislav Matijevi\u0107, Future [&hellip;]<\/p>\n","protected":false},"author":4,"featured_media":0,"parent":0,"menu_order":0,"comment_status":"closed","ping_status":"closed","template":"template-fullwidth.php","meta":{"footnotes":""},"class_list":["post-6275","page","type-page","status-publish","hentry"],"yoast_head":"<!-- This site is optimized with the Yoast SEO plugin v27.1.1 - https:\/\/yoast.com\/product\/yoast-seo-wordpress\/ -->\n<title>Pravni zapisi 2\/2018 - Pravni Zapisi<\/title>\n<meta name=\"robots\" content=\"index, follow, max-snippet:-1, max-image-preview:large, max-video-preview:-1\" \/>\n<link rel=\"canonical\" href=\"https:\/\/www.pravnizapisi.rs\/pravni-zapisi-2-2018\/\" \/>\n<meta property=\"og:locale\" content=\"en_US\" \/>\n<meta property=\"og:type\" content=\"article\" \/>\n<meta property=\"og:title\" content=\"Pravni zapisi 2\/2018 - Pravni Zapisi\" \/>\n<meta property=\"og:description\" content=\"Union University Law School Review Year IX, No. 2\/2018, Pages 219-385 UDK\u00a034 ISSN 2217-2815 (Printed Edition) ISSN 2406-1287 (Online Edition) TABLE OF CONTENTS ARTICLES Mladen Jeli\u010di\u0107, Principles of the help to a party which requires legal assistance in misdemeanor procedure Dragan Obradovi\u0107, Older persons \u2013 vulnerable category of traffic participants Jelena Simi\u0107,\u00a0The protection of nasciturus within the civil law Ana Batri\u0107evi\u0107 and Nikola Paunovi\u0107, Illegal waste disposal in the EU legislation and practice of the Court of justice of the EU Damir Juras and Ivana Erceg \u0106uri\u0107, Employment contract\u2019s summary dismissal in law of Republic of Croatia Berislav Matijevi\u0107, Future [&hellip;]\" \/>\n<meta property=\"og:url\" content=\"https:\/\/www.pravnizapisi.rs\/pravni-zapisi-2-2018\/\" \/>\n<meta property=\"og:site_name\" content=\"Pravni Zapisi\" \/>\n<meta property=\"article:modified_time\" content=\"2021-05-02T12:59:57+00:00\" \/>\n<meta property=\"og:image\" content=\"https:\/\/www.pravnizapisi.rs\/wp-content\/uploads\/2020\/07\/pzapisi.jpg\" \/>\n\t<meta property=\"og:image:width\" content=\"150\" \/>\n\t<meta property=\"og:image:height\" content=\"225\" \/>\n\t<meta property=\"og:image:type\" content=\"image\/jpeg\" \/>\n<meta name=\"twitter:card\" content=\"summary_large_image\" \/>\n<meta name=\"twitter:label1\" content=\"Est. reading time\" \/>\n\t<meta name=\"twitter:data1\" content=\"1 minute\" \/>\n<script type=\"application\/ld+json\" class=\"yoast-schema-graph\">{\"@context\":\"https:\/\/schema.org\",\"@graph\":[{\"@type\":\"WebPage\",\"@id\":\"https:\/\/www.pravnizapisi.rs\/pravni-zapisi-2-2018\/\",\"url\":\"https:\/\/www.pravnizapisi.rs\/pravni-zapisi-2-2018\/\",\"name\":\"Pravni zapisi 2\/2018 - Pravni Zapisi\",\"isPartOf\":{\"@id\":\"https:\/\/pravnizapisi.rs\/#website\"},\"datePublished\":\"2019-11-05T14:23:47+00:00\",\"dateModified\":\"2021-05-02T12:59:57+00:00\",\"breadcrumb\":{\"@id\":\"https:\/\/www.pravnizapisi.rs\/pravni-zapisi-2-2018\/#breadcrumb\"},\"inLanguage\":\"en-US\",\"potentialAction\":[{\"@type\":\"ReadAction\",\"target\":[\"https:\/\/www.pravnizapisi.rs\/pravni-zapisi-2-2018\/\"]}]},{\"@type\":\"BreadcrumbList\",\"@id\":\"https:\/\/www.pravnizapisi.rs\/pravni-zapisi-2-2018\/#breadcrumb\",\"itemListElement\":[{\"@type\":\"ListItem\",\"position\":1,\"name\":\"\u041f\u043e\u0447\u0435\u0442\u043d\u0430\",\"item\":\"https:\/\/www.pravnizapisi.rs\/en\/\"},{\"@type\":\"ListItem\",\"position\":2,\"name\":\"Pravni zapisi 2\/2018\"}]},{\"@type\":\"WebSite\",\"@id\":\"https:\/\/pravnizapisi.rs\/#website\",\"url\":\"https:\/\/pravnizapisi.rs\/\",\"name\":\"Pravni Zapisi\",\"description\":\"\",\"publisher\":{\"@id\":\"https:\/\/pravnizapisi.rs\/#organization\"},\"potentialAction\":[{\"@type\":\"SearchAction\",\"target\":{\"@type\":\"EntryPoint\",\"urlTemplate\":\"https:\/\/pravnizapisi.rs\/?s={search_term_string}\"},\"query-input\":{\"@type\":\"PropertyValueSpecification\",\"valueRequired\":true,\"valueName\":\"search_term_string\"}}],\"inLanguage\":\"en-US\"},{\"@type\":\"Organization\",\"@id\":\"https:\/\/pravnizapisi.rs\/#organization\",\"name\":\"Pravni Zapisi\",\"url\":\"https:\/\/pravnizapisi.rs\/\",\"logo\":{\"@type\":\"ImageObject\",\"inLanguage\":\"en-US\",\"@id\":\"https:\/\/pravnizapisi.rs\/#\/schema\/logo\/image\/\",\"url\":\"https:\/\/www.pravnizapisi.rs\/wp-content\/uploads\/2019\/11\/cropped-Header-logo-srb-1-1.jpg\",\"contentUrl\":\"https:\/\/www.pravnizapisi.rs\/wp-content\/uploads\/2019\/11\/cropped-Header-logo-srb-1-1.jpg\",\"width\":580,\"height\":80,\"caption\":\"Pravni Zapisi\"},\"image\":{\"@id\":\"https:\/\/pravnizapisi.rs\/#\/schema\/logo\/image\/\"}}]}<\/script>\n<!-- \/ Yoast SEO plugin. -->","yoast_head_json":{"title":"Pravni zapisi 2\/2018 - Pravni Zapisi","robots":{"index":"index","follow":"follow","max-snippet":"max-snippet:-1","max-image-preview":"max-image-preview:large","max-video-preview":"max-video-preview:-1"},"canonical":"https:\/\/www.pravnizapisi.rs\/pravni-zapisi-2-2018\/","og_locale":"en_US","og_type":"article","og_title":"Pravni zapisi 2\/2018 - Pravni Zapisi","og_description":"Union University Law School Review Year IX, No. 2\/2018, Pages 219-385 UDK\u00a034 ISSN 2217-2815 (Printed Edition) ISSN 2406-1287 (Online Edition) TABLE OF CONTENTS ARTICLES Mladen Jeli\u010di\u0107, Principles of the help to a party which requires legal assistance in misdemeanor procedure Dragan Obradovi\u0107, Older persons \u2013 vulnerable category of traffic participants Jelena Simi\u0107,\u00a0The protection of nasciturus within the civil law Ana Batri\u0107evi\u0107 and Nikola Paunovi\u0107, Illegal waste disposal in the EU legislation and practice of the Court of justice of the EU Damir Juras and Ivana Erceg \u0106uri\u0107, Employment contract\u2019s summary dismissal in law of Republic of Croatia Berislav Matijevi\u0107, Future [&hellip;]","og_url":"https:\/\/www.pravnizapisi.rs\/pravni-zapisi-2-2018\/","og_site_name":"Pravni Zapisi","article_modified_time":"2021-05-02T12:59:57+00:00","og_image":[{"width":150,"height":225,"url":"https:\/\/www.pravnizapisi.rs\/wp-content\/uploads\/2020\/07\/pzapisi.jpg","type":"image\/jpeg"}],"twitter_card":"summary_large_image","twitter_misc":{"Est. reading time":"1 minute"},"schema":{"@context":"https:\/\/schema.org","@graph":[{"@type":"WebPage","@id":"https:\/\/www.pravnizapisi.rs\/pravni-zapisi-2-2018\/","url":"https:\/\/www.pravnizapisi.rs\/pravni-zapisi-2-2018\/","name":"Pravni zapisi 2\/2018 - Pravni Zapisi","isPartOf":{"@id":"https:\/\/pravnizapisi.rs\/#website"},"datePublished":"2019-11-05T14:23:47+00:00","dateModified":"2021-05-02T12:59:57+00:00","breadcrumb":{"@id":"https:\/\/www.pravnizapisi.rs\/pravni-zapisi-2-2018\/#breadcrumb"},"inLanguage":"en-US","potentialAction":[{"@type":"ReadAction","target":["https:\/\/www.pravnizapisi.rs\/pravni-zapisi-2-2018\/"]}]},{"@type":"BreadcrumbList","@id":"https:\/\/www.pravnizapisi.rs\/pravni-zapisi-2-2018\/#breadcrumb","itemListElement":[{"@type":"ListItem","position":1,"name":"\u041f\u043e\u0447\u0435\u0442\u043d\u0430","item":"https:\/\/www.pravnizapisi.rs\/en\/"},{"@type":"ListItem","position":2,"name":"Pravni zapisi 2\/2018"}]},{"@type":"WebSite","@id":"https:\/\/pravnizapisi.rs\/#website","url":"https:\/\/pravnizapisi.rs\/","name":"Pravni Zapisi","description":"","publisher":{"@id":"https:\/\/pravnizapisi.rs\/#organization"},"potentialAction":[{"@type":"SearchAction","target":{"@type":"EntryPoint","urlTemplate":"https:\/\/pravnizapisi.rs\/?s={search_term_string}"},"query-input":{"@type":"PropertyValueSpecification","valueRequired":true,"valueName":"search_term_string"}}],"inLanguage":"en-US"},{"@type":"Organization","@id":"https:\/\/pravnizapisi.rs\/#organization","name":"Pravni Zapisi","url":"https:\/\/pravnizapisi.rs\/","logo":{"@type":"ImageObject","inLanguage":"en-US","@id":"https:\/\/pravnizapisi.rs\/#\/schema\/logo\/image\/","url":"https:\/\/www.pravnizapisi.rs\/wp-content\/uploads\/2019\/11\/cropped-Header-logo-srb-1-1.jpg","contentUrl":"https:\/\/www.pravnizapisi.rs\/wp-content\/uploads\/2019\/11\/cropped-Header-logo-srb-1-1.jpg","width":580,"height":80,"caption":"Pravni Zapisi"},"image":{"@id":"https:\/\/pravnizapisi.rs\/#\/schema\/logo\/image\/"}}]}},"_links":{"self":[{"href":"https:\/\/www.pravnizapisi.rs\/en\/wp-json\/wp\/v2\/pages\/6275","targetHints":{"allow":["GET"]}}],"collection":[{"href":"https:\/\/www.pravnizapisi.rs\/en\/wp-json\/wp\/v2\/pages"}],"about":[{"href":"https:\/\/www.pravnizapisi.rs\/en\/wp-json\/wp\/v2\/types\/page"}],"author":[{"embeddable":true,"href":"https:\/\/www.pravnizapisi.rs\/en\/wp-json\/wp\/v2\/users\/4"}],"replies":[{"embeddable":true,"href":"https:\/\/www.pravnizapisi.rs\/en\/wp-json\/wp\/v2\/comments?post=6275"}],"version-history":[{"count":0,"href":"https:\/\/www.pravnizapisi.rs\/en\/wp-json\/wp\/v2\/pages\/6275\/revisions"}],"wp:attachment":[{"href":"https:\/\/www.pravnizapisi.rs\/en\/wp-json\/wp\/v2\/media?parent=6275"}],"curies":[{"name":"wp","href":"https:\/\/api.w.org\/{rel}","templated":true}]}}