{"id":6283,"date":"2019-11-05T14:26:36","date_gmt":"2019-11-05T14:26:36","guid":{"rendered":"http:\/\/pravnizapisi.rs\/?page_id=6283"},"modified":"2021-05-02T10:34:44","modified_gmt":"2021-05-02T10:34:44","slug":"issue-2-2017","status":"publish","type":"page","link":"https:\/\/www.pravnizapisi.rs\/en\/issues\/issue-2-2017\/","title":{"rendered":"Pravni zapisi 2\/2017"},"content":{"rendered":"<p style=\"text-align: justify;\"><em><strong>Union University Law School Review<\/strong><\/em><br \/>\n<em><strong>Year VIII, No. 2\/2017, Pages 151-382<\/strong><\/em><\/p>\n<table style=\"height: 35px;\" width=\"364\" frame=\"void\">\n<tbody>\n<tr>\n<td valign=\"top\"><strong>UDK\u00a034<\/strong><\/td>\n<td align=\"left\" valign=\"top\">\n<div><strong>ISSN 2217-2815 (Printed Edition)<\/strong><\/div>\n<div><strong>ISSN 2406-1287 (Online Edition)<\/strong><\/div>\n<\/td>\n<\/tr>\n<\/tbody>\n<\/table>\n<hr \/>\n<h3 style=\"text-align: center;\">TABLE OF CONTENTS<\/h3>\n<h4><strong>ARTICLES<\/strong><\/h4>\n<p style=\"text-align: justify;\"><a href=\"https:\/\/pravnizapisi.rs\/en\/issues\/issue-2-2017\/8131-2\/\"><strong>Tibor Tajti (Thaythy)<\/strong>,\u00a0<em>Leasing in the Western Balkans and the fall of the Austrian Hypo-Alpe-Adria Bank<\/em><\/a><\/p>\n<p style=\"text-align: justify;\"><a href=\"https:\/\/pravnizapisi.rs\/en\/issues\/issue-2-2017\/8138-2\/\"><strong>Goran Dajovi\u0107<\/strong>,\u00a0<em>Study of the law \u2013 legal science, legal theory and philosophy of law<\/em><\/a><\/p>\n<p style=\"text-align: justify;\"><a href=\"https:\/\/pravnizapisi.rs\/en\/issues\/issue-2-2017\/8145-2\/\"><strong>Milo\u0161 Milo\u0161evi\u0107 and Svetislav V. Kosti\u0107<\/strong>,\u00a0<em>The VAT treatment of transactions between head office and branch<\/em><\/a><\/p>\n<p style=\"text-align: justify;\"><a href=\"https:\/\/pravnizapisi.rs\/en\/issues\/issue-2-2017\/8152-2\/\"><strong>Danilo Stevandi\u0107<\/strong>,\u00a0<em>On the nondelegation doctrine in the legal tradition of the United States<\/em><\/a><\/p>\n<p style=\"text-align: justify;\"><a href=\"https:\/\/pravnizapisi.rs\/en\/issues\/issue-2-2017\/8159-2\/\"><strong>Miroslava M. Krsti\u0107<\/strong>,\u00a0<em>Exercising mandatory health insurance rights in a combined financing system in the Republic of Serbia<\/em><\/a><\/p>\n<p style=\"text-align: justify;\"><a href=\"https:\/\/pravnizapisi.rs\/en\/issues\/issue-2-2017\/8167-2\/\"><strong>Aleksandar Matkovi\u0107<\/strong>,\u00a0<em>Crime and satanism \u2013 mutual relationship and characteristics of criminal acts<\/em><\/a><\/p>\n<p style=\"text-align: justify;\"><a href=\"https:\/\/pravnizapisi.rs\/en\/issues\/issue-2-2017\/8174-2\/\"><strong>Dunja Dubaji\u0107<\/strong>,\u00a0<em>Interests as the basis of corporate governance \u2013 shareholders\u2019 profit versus social responsibility<\/em><\/a><\/p>\n<p style=\"text-align: justify;\"><a href=\"https:\/\/pravnizapisi.rs\/en\/issues\/issue-2-2017\/8181-2\/\"><strong>Nina Maksimovi\u0107 Sekuli\u0107<\/strong>,\u00a0<em>State aid regime in the Republic of Serbia<\/em><\/a><\/p>\n<h4 style=\"text-align: justify;\"><strong>CONTRIBUTIONS<\/strong><\/h4>\n<p style=\"text-align: justify;\"><a href=\"https:\/\/pravnizapisi.rs\/wp-content\/uploads\/issues\/2-2017\/Pravni_zapisi_2017-01_09_Kilibarda.pdf\"><strong>Pavle Kilibarda<\/strong>,\u00a0<em>Developments in international judicial and quasi-judicial practice relevant to the serbian asylum system: A legal review<\/em><\/a><\/p>\n<p style=\"text-align: justify;\"><a href=\"https:\/\/pravnizapisi.rs\/wp-content\/uploads\/issues\/2-2017\/Pravni_zapisi_2017-01_10_Hronika_Fakulteta.pdf\"><em>CHRONICLE OF THE FACULTY<\/em>\u00a0<em>(2017)<\/em>, <strong>edited by Ivana Ili\u0107<\/strong><\/a><\/p>\n","protected":false},"excerpt":{"rendered":"<p>Union University Law School Review Year VIII, No. 2\/2017, Pages 151-382 UDK\u00a034 ISSN 2217-2815 (Printed Edition) ISSN 2406-1287 (Online Edition) TABLE OF CONTENTS ARTICLES Tibor Tajti (Thaythy),\u00a0Leasing in the Western Balkans and the fall of the Austrian Hypo-Alpe-Adria Bank Goran Dajovi\u0107,\u00a0Study of the law \u2013 legal science, legal theory and philosophy of law Milo\u0161 Milo\u0161evi\u0107 and Svetislav V. Kosti\u0107,\u00a0The VAT treatment of transactions between head office and branch Danilo Stevandi\u0107,\u00a0On the nondelegation doctrine in the legal tradition of the United States Miroslava M. Krsti\u0107,\u00a0Exercising mandatory health insurance rights in a combined financing system in the Republic of Serbia Aleksandar Matkovi\u0107,\u00a0Crime [&hellip;]<\/p>\n","protected":false},"author":4,"featured_media":0,"parent":6165,"menu_order":0,"comment_status":"closed","ping_status":"closed","template":"template-fullwidth.php","meta":{"footnotes":""},"class_list":["post-6283","page","type-page","status-publish","hentry"],"yoast_head":"<!-- This site is optimized with the Yoast SEO plugin v27.1.1 - https:\/\/yoast.com\/product\/yoast-seo-wordpress\/ -->\n<title>Pravni zapisi 2\/2017 - Pravni Zapisi<\/title>\n<meta name=\"robots\" content=\"index, follow, max-snippet:-1, max-image-preview:large, max-video-preview:-1\" \/>\n<link rel=\"canonical\" href=\"https:\/\/www.pravnizapisi.rs\/svi-brojevi\/pravni-zapisi-2-2017\/\" \/>\n<meta property=\"og:locale\" content=\"en_US\" \/>\n<meta property=\"og:type\" content=\"article\" \/>\n<meta property=\"og:title\" content=\"Pravni zapisi 2\/2017 - Pravni Zapisi\" \/>\n<meta property=\"og:description\" content=\"Union University Law School Review Year VIII, No. 2\/2017, Pages 151-382 UDK\u00a034 ISSN 2217-2815 (Printed Edition) ISSN 2406-1287 (Online Edition) TABLE OF CONTENTS ARTICLES Tibor Tajti (Thaythy),\u00a0Leasing in the Western Balkans and the fall of the Austrian Hypo-Alpe-Adria Bank Goran Dajovi\u0107,\u00a0Study of the law \u2013 legal science, legal theory and philosophy of law Milo\u0161 Milo\u0161evi\u0107 and Svetislav V. Kosti\u0107,\u00a0The VAT treatment of transactions between head office and branch Danilo Stevandi\u0107,\u00a0On the nondelegation doctrine in the legal tradition of the United States Miroslava M. Krsti\u0107,\u00a0Exercising mandatory health insurance rights in a combined financing system in the Republic of Serbia Aleksandar Matkovi\u0107,\u00a0Crime [&hellip;]\" \/>\n<meta property=\"og:url\" content=\"https:\/\/www.pravnizapisi.rs\/svi-brojevi\/pravni-zapisi-2-2017\/\" \/>\n<meta property=\"og:site_name\" content=\"Pravni Zapisi\" \/>\n<meta property=\"article:modified_time\" content=\"2021-05-02T10:34:44+00:00\" \/>\n<meta property=\"og:image\" content=\"https:\/\/www.pravnizapisi.rs\/wp-content\/uploads\/2020\/07\/pzapisi.jpg\" \/>\n\t<meta property=\"og:image:width\" content=\"150\" \/>\n\t<meta property=\"og:image:height\" content=\"225\" \/>\n\t<meta property=\"og:image:type\" content=\"image\/jpeg\" \/>\n<meta name=\"twitter:card\" content=\"summary_large_image\" \/>\n<meta name=\"twitter:label1\" content=\"Est. reading time\" \/>\n\t<meta name=\"twitter:data1\" content=\"1 minute\" \/>\n<script type=\"application\/ld+json\" class=\"yoast-schema-graph\">{\"@context\":\"https:\/\/schema.org\",\"@graph\":[{\"@type\":\"WebPage\",\"@id\":\"https:\/\/www.pravnizapisi.rs\/svi-brojevi\/pravni-zapisi-2-2017\/\",\"url\":\"https:\/\/www.pravnizapisi.rs\/svi-brojevi\/pravni-zapisi-2-2017\/\",\"name\":\"Pravni zapisi 2\/2017 - Pravni Zapisi\",\"isPartOf\":{\"@id\":\"https:\/\/pravnizapisi.rs\/#website\"},\"datePublished\":\"2019-11-05T14:26:36+00:00\",\"dateModified\":\"2021-05-02T10:34:44+00:00\",\"breadcrumb\":{\"@id\":\"https:\/\/www.pravnizapisi.rs\/svi-brojevi\/pravni-zapisi-2-2017\/#breadcrumb\"},\"inLanguage\":\"en-US\",\"potentialAction\":[{\"@type\":\"ReadAction\",\"target\":[\"https:\/\/www.pravnizapisi.rs\/svi-brojevi\/pravni-zapisi-2-2017\/\"]}]},{\"@type\":\"BreadcrumbList\",\"@id\":\"https:\/\/www.pravnizapisi.rs\/svi-brojevi\/pravni-zapisi-2-2017\/#breadcrumb\",\"itemListElement\":[{\"@type\":\"ListItem\",\"position\":1,\"name\":\"\u041f\u043e\u0447\u0435\u0442\u043d\u0430\",\"item\":\"https:\/\/www.pravnizapisi.rs\/en\/\"},{\"@type\":\"ListItem\",\"position\":2,\"name\":\"Issues\",\"item\":\"https:\/\/www.pravnizapisi.rs\/svi-brojevi\/\"},{\"@type\":\"ListItem\",\"position\":3,\"name\":\"Pravni zapisi 2\/2017\"}]},{\"@type\":\"WebSite\",\"@id\":\"https:\/\/pravnizapisi.rs\/#website\",\"url\":\"https:\/\/pravnizapisi.rs\/\",\"name\":\"Pravni Zapisi\",\"description\":\"\",\"publisher\":{\"@id\":\"https:\/\/pravnizapisi.rs\/#organization\"},\"potentialAction\":[{\"@type\":\"SearchAction\",\"target\":{\"@type\":\"EntryPoint\",\"urlTemplate\":\"https:\/\/pravnizapisi.rs\/?s={search_term_string}\"},\"query-input\":{\"@type\":\"PropertyValueSpecification\",\"valueRequired\":true,\"valueName\":\"search_term_string\"}}],\"inLanguage\":\"en-US\"},{\"@type\":\"Organization\",\"@id\":\"https:\/\/pravnizapisi.rs\/#organization\",\"name\":\"Pravni Zapisi\",\"url\":\"https:\/\/pravnizapisi.rs\/\",\"logo\":{\"@type\":\"ImageObject\",\"inLanguage\":\"en-US\",\"@id\":\"https:\/\/pravnizapisi.rs\/#\/schema\/logo\/image\/\",\"url\":\"https:\/\/www.pravnizapisi.rs\/wp-content\/uploads\/2019\/11\/cropped-Header-logo-srb-1-1.jpg\",\"contentUrl\":\"https:\/\/www.pravnizapisi.rs\/wp-content\/uploads\/2019\/11\/cropped-Header-logo-srb-1-1.jpg\",\"width\":580,\"height\":80,\"caption\":\"Pravni Zapisi\"},\"image\":{\"@id\":\"https:\/\/pravnizapisi.rs\/#\/schema\/logo\/image\/\"}}]}<\/script>\n<!-- \/ Yoast SEO plugin. -->","yoast_head_json":{"title":"Pravni zapisi 2\/2017 - Pravni Zapisi","robots":{"index":"index","follow":"follow","max-snippet":"max-snippet:-1","max-image-preview":"max-image-preview:large","max-video-preview":"max-video-preview:-1"},"canonical":"https:\/\/www.pravnizapisi.rs\/svi-brojevi\/pravni-zapisi-2-2017\/","og_locale":"en_US","og_type":"article","og_title":"Pravni zapisi 2\/2017 - Pravni Zapisi","og_description":"Union University Law School Review Year VIII, No. 2\/2017, Pages 151-382 UDK\u00a034 ISSN 2217-2815 (Printed Edition) ISSN 2406-1287 (Online Edition) TABLE OF CONTENTS ARTICLES Tibor Tajti (Thaythy),\u00a0Leasing in the Western Balkans and the fall of the Austrian Hypo-Alpe-Adria Bank Goran Dajovi\u0107,\u00a0Study of the law \u2013 legal science, legal theory and philosophy of law Milo\u0161 Milo\u0161evi\u0107 and Svetislav V. Kosti\u0107,\u00a0The VAT treatment of transactions between head office and branch Danilo Stevandi\u0107,\u00a0On the nondelegation doctrine in the legal tradition of the United States Miroslava M. Krsti\u0107,\u00a0Exercising mandatory health insurance rights in a combined financing system in the Republic of Serbia Aleksandar Matkovi\u0107,\u00a0Crime [&hellip;]","og_url":"https:\/\/www.pravnizapisi.rs\/svi-brojevi\/pravni-zapisi-2-2017\/","og_site_name":"Pravni Zapisi","article_modified_time":"2021-05-02T10:34:44+00:00","og_image":[{"width":150,"height":225,"url":"https:\/\/www.pravnizapisi.rs\/wp-content\/uploads\/2020\/07\/pzapisi.jpg","type":"image\/jpeg"}],"twitter_card":"summary_large_image","twitter_misc":{"Est. reading time":"1 minute"},"schema":{"@context":"https:\/\/schema.org","@graph":[{"@type":"WebPage","@id":"https:\/\/www.pravnizapisi.rs\/svi-brojevi\/pravni-zapisi-2-2017\/","url":"https:\/\/www.pravnizapisi.rs\/svi-brojevi\/pravni-zapisi-2-2017\/","name":"Pravni zapisi 2\/2017 - Pravni Zapisi","isPartOf":{"@id":"https:\/\/pravnizapisi.rs\/#website"},"datePublished":"2019-11-05T14:26:36+00:00","dateModified":"2021-05-02T10:34:44+00:00","breadcrumb":{"@id":"https:\/\/www.pravnizapisi.rs\/svi-brojevi\/pravni-zapisi-2-2017\/#breadcrumb"},"inLanguage":"en-US","potentialAction":[{"@type":"ReadAction","target":["https:\/\/www.pravnizapisi.rs\/svi-brojevi\/pravni-zapisi-2-2017\/"]}]},{"@type":"BreadcrumbList","@id":"https:\/\/www.pravnizapisi.rs\/svi-brojevi\/pravni-zapisi-2-2017\/#breadcrumb","itemListElement":[{"@type":"ListItem","position":1,"name":"\u041f\u043e\u0447\u0435\u0442\u043d\u0430","item":"https:\/\/www.pravnizapisi.rs\/en\/"},{"@type":"ListItem","position":2,"name":"Issues","item":"https:\/\/www.pravnizapisi.rs\/svi-brojevi\/"},{"@type":"ListItem","position":3,"name":"Pravni zapisi 2\/2017"}]},{"@type":"WebSite","@id":"https:\/\/pravnizapisi.rs\/#website","url":"https:\/\/pravnizapisi.rs\/","name":"Pravni Zapisi","description":"","publisher":{"@id":"https:\/\/pravnizapisi.rs\/#organization"},"potentialAction":[{"@type":"SearchAction","target":{"@type":"EntryPoint","urlTemplate":"https:\/\/pravnizapisi.rs\/?s={search_term_string}"},"query-input":{"@type":"PropertyValueSpecification","valueRequired":true,"valueName":"search_term_string"}}],"inLanguage":"en-US"},{"@type":"Organization","@id":"https:\/\/pravnizapisi.rs\/#organization","name":"Pravni Zapisi","url":"https:\/\/pravnizapisi.rs\/","logo":{"@type":"ImageObject","inLanguage":"en-US","@id":"https:\/\/pravnizapisi.rs\/#\/schema\/logo\/image\/","url":"https:\/\/www.pravnizapisi.rs\/wp-content\/uploads\/2019\/11\/cropped-Header-logo-srb-1-1.jpg","contentUrl":"https:\/\/www.pravnizapisi.rs\/wp-content\/uploads\/2019\/11\/cropped-Header-logo-srb-1-1.jpg","width":580,"height":80,"caption":"Pravni Zapisi"},"image":{"@id":"https:\/\/pravnizapisi.rs\/#\/schema\/logo\/image\/"}}]}},"_links":{"self":[{"href":"https:\/\/www.pravnizapisi.rs\/en\/wp-json\/wp\/v2\/pages\/6283","targetHints":{"allow":["GET"]}}],"collection":[{"href":"https:\/\/www.pravnizapisi.rs\/en\/wp-json\/wp\/v2\/pages"}],"about":[{"href":"https:\/\/www.pravnizapisi.rs\/en\/wp-json\/wp\/v2\/types\/page"}],"author":[{"embeddable":true,"href":"https:\/\/www.pravnizapisi.rs\/en\/wp-json\/wp\/v2\/users\/4"}],"replies":[{"embeddable":true,"href":"https:\/\/www.pravnizapisi.rs\/en\/wp-json\/wp\/v2\/comments?post=6283"}],"version-history":[{"count":0,"href":"https:\/\/www.pravnizapisi.rs\/en\/wp-json\/wp\/v2\/pages\/6283\/revisions"}],"up":[{"embeddable":true,"href":"https:\/\/www.pravnizapisi.rs\/en\/wp-json\/wp\/v2\/pages\/6165"}],"wp:attachment":[{"href":"https:\/\/www.pravnizapisi.rs\/en\/wp-json\/wp\/v2\/media?parent=6283"}],"curies":[{"name":"wp","href":"https:\/\/api.w.org\/{rel}","templated":true}]}}