{"id":6289,"date":"2019-11-05T14:30:12","date_gmt":"2019-11-05T14:30:12","guid":{"rendered":"http:\/\/pravnizapisi.rs\/?page_id=6289"},"modified":"2021-04-26T15:28:24","modified_gmt":"2021-04-26T15:28:24","slug":"issues-1-2016","status":"publish","type":"page","link":"https:\/\/www.pravnizapisi.rs\/en\/issues\/issues-1-2016\/","title":{"rendered":"Pravni zapisi 1\/2016"},"content":{"rendered":"<p style=\"text-align: justify;\"><em><strong>Union University Law School Review<\/strong><\/em><br \/>\n<em><strong>Year VII, No. 1\/2016, Pages 1-207<\/strong><\/em><\/p>\n<table style=\"height: 35px;\" width=\"364\" frame=\"void\">\n<tbody>\n<tr>\n<td valign=\"top\"><strong>UDK\u00a034<\/strong><\/td>\n<td align=\"left\" valign=\"top\">\n<div><strong>ISSN 2217-2815 (Printed Edition)<\/strong><\/div>\n<div><strong>ISSN 2406-1387 (Online Edition)<\/strong><\/div>\n<\/td>\n<\/tr>\n<\/tbody>\n<\/table>\n<div>\n<hr \/>\n<h3 style=\"text-align: center;\">TABLE OF CONTENTS<\/h3>\n<h4>ARTICLES<\/h4>\n<\/div>\n<p style=\"text-align: justify;\"><a href=\"https:\/\/pravnizapisi.rs\/en\/issues\/issues-1-2016\/7714-2\/\"><strong>Du\u0161an Vranjanac<\/strong>, <em>General theory of law \u2013 origins and scope<\/em><\/a><\/p>\n<p style=\"text-align: justify;\"><a href=\"https:\/\/pravnizapisi.rs\/en\/issues\/issues-1-2016\/7721-2\/\"><strong>Slobodan Vukadinovi\u0107<\/strong>, <em>Public deliberation in the function of overcoming the democratic deficit, public debate and delineation from public hearing<\/em><\/a><\/p>\n<p style=\"text-align: justify;\"><a href=\"https:\/\/pravnizapisi.rs\/en\/issues\/issues-1-2016\/7728-2\/\"><strong>Zoran Ivo\u0161evi\u0107<\/strong>, <em>An essey on the characteristics of judges, the freedom of an independent judiciary and the meaning of fair trial<\/em><\/a><\/p>\n<p style=\"text-align: justify;\"><a href=\"https:\/\/pravnizapisi.rs\/en\/issues\/issues-1-2016\/7735-2\/\"><strong>Ivan Jankovi\u0107<\/strong>, <em>Towards a biography of Toma \u017divanovi\u0107<\/em><\/a><\/p>\n<p style=\"text-align: justify;\"><a href=\"https:\/\/pravnizapisi.rs\/wp-content\/uploads\/issues\/1-2016\/Pravni_zapisi_2016-01_05_Brasic.pdf\"><strong>Jovana Bra\u0161i\u0107<\/strong>, <em>Institutional barriers to market entry of the Republic of Serbia and potential competition<\/em><\/a><\/p>\n<p style=\"text-align: justify;\"><a href=\"https:\/\/pravnizapisi.rs\/en\/issues\/issues-1-2016\/7742-2\/\"><strong>Aleksandar Matkovi\u0107<\/strong>, <em>Anti-cult legislation in the United States of America<\/em><\/a><\/p>\n<h4 style=\"text-align: justify;\">BOOK REVIEWS<\/h4>\n<p style=\"text-align: justify;\"><a href=\"https:\/\/pravnizapisi.rs\/wp-content\/uploads\/issues\/1-2016\/Pravni_zapisi_2016-01_07_Jovanovic.pdf\"><strong>Miodrag Jovanovi\u0107<\/strong>, <em>Tibor Varady \u201cDocuments and people \u2013 stories from an attorney\u2019s office\u201d. A book review<\/em><\/a><\/p>\n<p style=\"text-align: justify;\"><a href=\"https:\/\/pravnizapisi.rs\/wp-content\/uploads\/issues\/1-2016\/Pravni_zapisi_2016-01_08_Vukadinovic.pdf\"><strong>Slobodan Vukadinovi\u0107<\/strong>, <em>New Law Review \u2013 anniversary edition of the journal that connects<\/em><\/a><\/p>\n<h4 style=\"text-align: justify;\">LEGAL PRACTICE<\/h4>\n<p style=\"text-align: justify;\"><a href=\"https:\/\/pravnizapisi.rs\/wp-content\/uploads\/issues\/1-2016\/Pravni_zapisi_2016-01_09_Ivosevic.pdf\"><strong>Zoran Ivo\u0161evi\u0107<\/strong><em>, Amendments to the founding acts of private faculties (Commentary of a judgement of the Supreme Court of Cassation of Serbia, Prev. 78\/2015 of December 3, 2015)<\/em><\/a><\/p>\n<h4 style=\"text-align: justify;\">BIBLIOGRAPHY<\/h4>\n<p style=\"text-align: justify;\"><a href=\"https:\/\/pravnizapisi.rs\/wp-content\/uploads\/issues\/1-2016\/Pravni_zapisi_2016-01_10_Pravna_bibliografija.pdf\"><em>Legal bibliography \u2013 Serbia 2015<\/em>, <strong>prepared by Ljiljana Prljin\u010devi\u0107<\/strong><\/a><\/p>\n","protected":false},"excerpt":{"rendered":"<p>Union University Law School Review Year VII, No. 1\/2016, Pages 1-207 UDK\u00a034 ISSN 2217-2815 (Printed Edition) ISSN 2406-1387 (Online Edition) TABLE OF CONTENTS ARTICLES Du\u0161an Vranjanac, General theory of law \u2013 origins and scope Slobodan Vukadinovi\u0107, Public deliberation in the function of overcoming the democratic deficit, public debate and delineation from public hearing Zoran Ivo\u0161evi\u0107, An essey on the characteristics of judges, the freedom of an independent judiciary and the meaning of fair trial Ivan Jankovi\u0107, Towards a biography of Toma \u017divanovi\u0107 Jovana Bra\u0161i\u0107, Institutional barriers to market entry of the Republic of Serbia and potential competition Aleksandar Matkovi\u0107, Anti-cult [&hellip;]<\/p>\n","protected":false},"author":4,"featured_media":0,"parent":6165,"menu_order":0,"comment_status":"closed","ping_status":"closed","template":"template-fullwidth.php","meta":{"footnotes":""},"class_list":["post-6289","page","type-page","status-publish","hentry"],"yoast_head":"<!-- This site is optimized with the Yoast SEO plugin v27.1.1 - https:\/\/yoast.com\/product\/yoast-seo-wordpress\/ -->\n<title>Pravni zapisi 1\/2016 - Pravni Zapisi<\/title>\n<meta name=\"robots\" content=\"index, follow, max-snippet:-1, max-image-preview:large, max-video-preview:-1\" \/>\n<link rel=\"canonical\" href=\"https:\/\/www.pravnizapisi.rs\/en\/issues\/issues-1-2016\/\" \/>\n<meta property=\"og:locale\" content=\"en_US\" \/>\n<meta property=\"og:type\" content=\"article\" \/>\n<meta property=\"og:title\" content=\"Pravni zapisi 1\/2016 - Pravni Zapisi\" \/>\n<meta property=\"og:description\" content=\"Union University Law School Review Year VII, No. 1\/2016, Pages 1-207 UDK\u00a034 ISSN 2217-2815 (Printed Edition) ISSN 2406-1387 (Online Edition) TABLE OF CONTENTS ARTICLES Du\u0161an Vranjanac, General theory of law \u2013 origins and scope Slobodan Vukadinovi\u0107, Public deliberation in the function of overcoming the democratic deficit, public debate and delineation from public hearing Zoran Ivo\u0161evi\u0107, An essey on the characteristics of judges, the freedom of an independent judiciary and the meaning of fair trial Ivan Jankovi\u0107, Towards a biography of Toma \u017divanovi\u0107 Jovana Bra\u0161i\u0107, Institutional barriers to market entry of the Republic of Serbia and potential competition Aleksandar Matkovi\u0107, Anti-cult [&hellip;]\" \/>\n<meta property=\"og:url\" content=\"https:\/\/www.pravnizapisi.rs\/en\/issues\/issues-1-2016\/\" \/>\n<meta property=\"og:site_name\" content=\"Pravni Zapisi\" \/>\n<meta property=\"article:modified_time\" content=\"2021-04-26T15:28:24+00:00\" \/>\n<meta property=\"og:image\" content=\"https:\/\/www.pravnizapisi.rs\/wp-content\/uploads\/2020\/07\/pzapisi.jpg\" \/>\n\t<meta property=\"og:image:width\" content=\"150\" \/>\n\t<meta property=\"og:image:height\" content=\"225\" \/>\n\t<meta property=\"og:image:type\" content=\"image\/jpeg\" \/>\n<meta name=\"twitter:card\" content=\"summary_large_image\" \/>\n<meta name=\"twitter:label1\" content=\"Est. reading time\" \/>\n\t<meta name=\"twitter:data1\" content=\"1 minute\" \/>\n<script type=\"application\/ld+json\" class=\"yoast-schema-graph\">{\"@context\":\"https:\/\/schema.org\",\"@graph\":[{\"@type\":\"WebPage\",\"@id\":\"https:\/\/www.pravnizapisi.rs\/en\/issues\/issues-1-2016\/\",\"url\":\"https:\/\/www.pravnizapisi.rs\/en\/issues\/issues-1-2016\/\",\"name\":\"Pravni zapisi 1\/2016 - Pravni Zapisi\",\"isPartOf\":{\"@id\":\"https:\/\/pravnizapisi.rs\/#website\"},\"datePublished\":\"2019-11-05T14:30:12+00:00\",\"dateModified\":\"2021-04-26T15:28:24+00:00\",\"breadcrumb\":{\"@id\":\"https:\/\/www.pravnizapisi.rs\/en\/issues\/issues-1-2016\/#breadcrumb\"},\"inLanguage\":\"en-US\",\"potentialAction\":[{\"@type\":\"ReadAction\",\"target\":[\"https:\/\/www.pravnizapisi.rs\/en\/issues\/issues-1-2016\/\"]}]},{\"@type\":\"BreadcrumbList\",\"@id\":\"https:\/\/www.pravnizapisi.rs\/en\/issues\/issues-1-2016\/#breadcrumb\",\"itemListElement\":[{\"@type\":\"ListItem\",\"position\":1,\"name\":\"\u041f\u043e\u0447\u0435\u0442\u043d\u0430\",\"item\":\"https:\/\/www.pravnizapisi.rs\/en\/\"},{\"@type\":\"ListItem\",\"position\":2,\"name\":\"Issues\",\"item\":\"https:\/\/www.pravnizapisi.rs\/svi-brojevi\/\"},{\"@type\":\"ListItem\",\"position\":3,\"name\":\"Pravni zapisi 1\/2016\"}]},{\"@type\":\"WebSite\",\"@id\":\"https:\/\/pravnizapisi.rs\/#website\",\"url\":\"https:\/\/pravnizapisi.rs\/\",\"name\":\"Pravni Zapisi\",\"description\":\"\",\"publisher\":{\"@id\":\"https:\/\/pravnizapisi.rs\/#organization\"},\"potentialAction\":[{\"@type\":\"SearchAction\",\"target\":{\"@type\":\"EntryPoint\",\"urlTemplate\":\"https:\/\/pravnizapisi.rs\/?s={search_term_string}\"},\"query-input\":{\"@type\":\"PropertyValueSpecification\",\"valueRequired\":true,\"valueName\":\"search_term_string\"}}],\"inLanguage\":\"en-US\"},{\"@type\":\"Organization\",\"@id\":\"https:\/\/pravnizapisi.rs\/#organization\",\"name\":\"Pravni Zapisi\",\"url\":\"https:\/\/pravnizapisi.rs\/\",\"logo\":{\"@type\":\"ImageObject\",\"inLanguage\":\"en-US\",\"@id\":\"https:\/\/pravnizapisi.rs\/#\/schema\/logo\/image\/\",\"url\":\"https:\/\/www.pravnizapisi.rs\/wp-content\/uploads\/2019\/11\/cropped-Header-logo-srb-1-1.jpg\",\"contentUrl\":\"https:\/\/www.pravnizapisi.rs\/wp-content\/uploads\/2019\/11\/cropped-Header-logo-srb-1-1.jpg\",\"width\":580,\"height\":80,\"caption\":\"Pravni Zapisi\"},\"image\":{\"@id\":\"https:\/\/pravnizapisi.rs\/#\/schema\/logo\/image\/\"}}]}<\/script>\n<!-- \/ Yoast SEO plugin. -->","yoast_head_json":{"title":"Pravni zapisi 1\/2016 - Pravni Zapisi","robots":{"index":"index","follow":"follow","max-snippet":"max-snippet:-1","max-image-preview":"max-image-preview:large","max-video-preview":"max-video-preview:-1"},"canonical":"https:\/\/www.pravnizapisi.rs\/en\/issues\/issues-1-2016\/","og_locale":"en_US","og_type":"article","og_title":"Pravni zapisi 1\/2016 - Pravni Zapisi","og_description":"Union University Law School Review Year VII, No. 1\/2016, Pages 1-207 UDK\u00a034 ISSN 2217-2815 (Printed Edition) ISSN 2406-1387 (Online Edition) TABLE OF CONTENTS ARTICLES Du\u0161an Vranjanac, General theory of law \u2013 origins and scope Slobodan Vukadinovi\u0107, Public deliberation in the function of overcoming the democratic deficit, public debate and delineation from public hearing Zoran Ivo\u0161evi\u0107, An essey on the characteristics of judges, the freedom of an independent judiciary and the meaning of fair trial Ivan Jankovi\u0107, Towards a biography of Toma \u017divanovi\u0107 Jovana Bra\u0161i\u0107, Institutional barriers to market entry of the Republic of Serbia and potential competition Aleksandar Matkovi\u0107, Anti-cult [&hellip;]","og_url":"https:\/\/www.pravnizapisi.rs\/en\/issues\/issues-1-2016\/","og_site_name":"Pravni Zapisi","article_modified_time":"2021-04-26T15:28:24+00:00","og_image":[{"width":150,"height":225,"url":"https:\/\/www.pravnizapisi.rs\/wp-content\/uploads\/2020\/07\/pzapisi.jpg","type":"image\/jpeg"}],"twitter_card":"summary_large_image","twitter_misc":{"Est. reading time":"1 minute"},"schema":{"@context":"https:\/\/schema.org","@graph":[{"@type":"WebPage","@id":"https:\/\/www.pravnizapisi.rs\/en\/issues\/issues-1-2016\/","url":"https:\/\/www.pravnizapisi.rs\/en\/issues\/issues-1-2016\/","name":"Pravni zapisi 1\/2016 - Pravni Zapisi","isPartOf":{"@id":"https:\/\/pravnizapisi.rs\/#website"},"datePublished":"2019-11-05T14:30:12+00:00","dateModified":"2021-04-26T15:28:24+00:00","breadcrumb":{"@id":"https:\/\/www.pravnizapisi.rs\/en\/issues\/issues-1-2016\/#breadcrumb"},"inLanguage":"en-US","potentialAction":[{"@type":"ReadAction","target":["https:\/\/www.pravnizapisi.rs\/en\/issues\/issues-1-2016\/"]}]},{"@type":"BreadcrumbList","@id":"https:\/\/www.pravnizapisi.rs\/en\/issues\/issues-1-2016\/#breadcrumb","itemListElement":[{"@type":"ListItem","position":1,"name":"\u041f\u043e\u0447\u0435\u0442\u043d\u0430","item":"https:\/\/www.pravnizapisi.rs\/en\/"},{"@type":"ListItem","position":2,"name":"Issues","item":"https:\/\/www.pravnizapisi.rs\/svi-brojevi\/"},{"@type":"ListItem","position":3,"name":"Pravni zapisi 1\/2016"}]},{"@type":"WebSite","@id":"https:\/\/pravnizapisi.rs\/#website","url":"https:\/\/pravnizapisi.rs\/","name":"Pravni Zapisi","description":"","publisher":{"@id":"https:\/\/pravnizapisi.rs\/#organization"},"potentialAction":[{"@type":"SearchAction","target":{"@type":"EntryPoint","urlTemplate":"https:\/\/pravnizapisi.rs\/?s={search_term_string}"},"query-input":{"@type":"PropertyValueSpecification","valueRequired":true,"valueName":"search_term_string"}}],"inLanguage":"en-US"},{"@type":"Organization","@id":"https:\/\/pravnizapisi.rs\/#organization","name":"Pravni Zapisi","url":"https:\/\/pravnizapisi.rs\/","logo":{"@type":"ImageObject","inLanguage":"en-US","@id":"https:\/\/pravnizapisi.rs\/#\/schema\/logo\/image\/","url":"https:\/\/www.pravnizapisi.rs\/wp-content\/uploads\/2019\/11\/cropped-Header-logo-srb-1-1.jpg","contentUrl":"https:\/\/www.pravnizapisi.rs\/wp-content\/uploads\/2019\/11\/cropped-Header-logo-srb-1-1.jpg","width":580,"height":80,"caption":"Pravni Zapisi"},"image":{"@id":"https:\/\/pravnizapisi.rs\/#\/schema\/logo\/image\/"}}]}},"_links":{"self":[{"href":"https:\/\/www.pravnizapisi.rs\/en\/wp-json\/wp\/v2\/pages\/6289","targetHints":{"allow":["GET"]}}],"collection":[{"href":"https:\/\/www.pravnizapisi.rs\/en\/wp-json\/wp\/v2\/pages"}],"about":[{"href":"https:\/\/www.pravnizapisi.rs\/en\/wp-json\/wp\/v2\/types\/page"}],"author":[{"embeddable":true,"href":"https:\/\/www.pravnizapisi.rs\/en\/wp-json\/wp\/v2\/users\/4"}],"replies":[{"embeddable":true,"href":"https:\/\/www.pravnizapisi.rs\/en\/wp-json\/wp\/v2\/comments?post=6289"}],"version-history":[{"count":0,"href":"https:\/\/www.pravnizapisi.rs\/en\/wp-json\/wp\/v2\/pages\/6289\/revisions"}],"up":[{"embeddable":true,"href":"https:\/\/www.pravnizapisi.rs\/en\/wp-json\/wp\/v2\/pages\/6165"}],"wp:attachment":[{"href":"https:\/\/www.pravnizapisi.rs\/en\/wp-json\/wp\/v2\/media?parent=6289"}],"curies":[{"name":"wp","href":"https:\/\/api.w.org\/{rel}","templated":true}]}}