{"id":6291,"date":"2019-11-05T14:30:39","date_gmt":"2019-11-05T14:30:39","guid":{"rendered":"http:\/\/pravnizapisi.rs\/?page_id=6291"},"modified":"2021-04-27T09:20:39","modified_gmt":"2021-04-27T09:20:39","slug":"issues-2-2016","status":"publish","type":"page","link":"https:\/\/www.pravnizapisi.rs\/en\/issues\/issues-2-2016\/","title":{"rendered":"Pravni zapisi 2\/2016"},"content":{"rendered":"<p style=\"text-align: justify;\"><em><strong>Union University Law School Review<\/strong><\/em><br \/>\n<em><strong>Year VII, No. 2\/2016, Pages 209-459<\/strong><\/em><\/p>\n<table style=\"height: 35px;\" width=\"364\" frame=\"void\">\n<tbody>\n<tr>\n<td valign=\"top\"><strong>UDK\u00a034<\/strong><\/td>\n<td align=\"left\" valign=\"top\">\n<div><strong>ISSN 2217-2815 (Printed Edition)<\/strong><\/div>\n<div><strong>ISSN 2406-1387 (Online Edition)<\/strong><\/div>\n<\/td>\n<\/tr>\n<\/tbody>\n<\/table>\n<hr \/>\n<h3 style=\"text-align: center;\">TABLE OF CONTENTS<\/h3>\n<h4 style=\"text-align: justify;\">ARTICLES<\/h4>\n<p style=\"text-align: justify;\"><a href=\"https:\/\/pravnizapisi.rs\/en\/issues\/issues-2-2016\/7748-2\/\"><strong>Milo\u0161 Zdravkovi\u0107<\/strong>, <em>Precedence of natural law<\/em><\/a><\/p>\n<p style=\"text-align: justify;\"><a href=\"https:\/\/pravnizapisi.rs\/en\/issues\/issues-2-2016\/7755-2\/\"><strong>Dragana Kne\u017ei\u0107-Popovi\u0107<\/strong>, <em>European notary public at windflow<\/em><\/a><\/p>\n<p style=\"text-align: justify;\"><a href=\"https:\/\/pravnizapisi.rs\/en\/issues\/issues-2-2016\/7762-2\/\"><strong>Monika Milo\u0161evi\u0107<\/strong>, <em>The enforced execution of a notarial enforcement order<\/em><\/a><\/p>\n<p style=\"text-align: justify;\"><a href=\"https:\/\/pravnizapisi.rs\/en\/issues\/issues-2-2016\/7769-2\/\"><strong>Ivan Jankovi\u0107<\/strong>, <em>Legal status of the Roma in the Princedom of Serbia<\/em><\/a><\/p>\n<p style=\"text-align: justify;\"><a href=\"https:\/\/pravnizapisi.rs\/en\/issues\/issues-2-2016\/7775-2\/\"><strong>Dragana Pejovi\u0107<\/strong>, <em>Prostitution in comparative law and the law of the Republic of Serbia<\/em><\/a><\/p>\n<p style=\"text-align: justify;\"><a href=\"https:\/\/pravnizapisi.rs\/en\/issues\/issues-2-2016\/7782-2\/\"><strong>Nenad Gruji\u0107<\/strong>, <em>The right to collect stipulated penalty agreed in case of non-performance, after the contract had been terminated for non-performance<\/em><\/a><\/p>\n<p style=\"text-align: justify;\"><a href=\"https:\/\/pravnizapisi.rs\/wp-content\/uploads\/issues\/2-2016\/Pravni_zapisi_2016-02_07_Lakicevic.pdf\"><strong>Sne\u017eana Laki\u0107evi\u0107<\/strong>, <em>Workers\u2019 shareholding and participation<\/em><\/a><\/p>\n<p style=\"text-align: justify;\"><a href=\"https:\/\/pravnizapisi.rs\/wp-content\/uploads\/issues\/2-2016\/Pravni_zapisi_2016-02_08_Jankovic.pdf\"><strong>Ivan Jankovi\u0107<\/strong>, <em>Toma \u017divanovi\u0107 and Mihailo Konstantinovi\u0107: <\/em><em>Addendum<\/em><\/a><\/p>\n<h4 style=\"text-align: justify;\">LEGAL ACTUALITIES<\/h4>\n<p style=\"text-align: justify;\"><a href=\"https:\/\/pravnizapisi.rs\/en\/issues\/issues-2-2016\/7790-2\/\"><strong>Igor Popovi\u0107<\/strong>, <em>Bosnian draft of the Law on the conversion of Swiss-francs loans \u2013 Critical review<\/em><\/a><\/p>\n<p style=\"text-align: justify;\"><a href=\"https:\/\/pravnizapisi.rs\/wp-content\/uploads\/issues\/2-2016\/Pravni_zapisi_2016-02_10_Vujadinovic.pdf\"><strong>Ivana Vujadinovi\u0107<\/strong>, <em>Challenges in the procedure of administrative enforcement of inspectors\u2019 decisions, with special emphasis on the administrative enforcement of the decision of construction and municipal inspectors<\/em><\/a><\/p>\n<h4 style=\"text-align: justify;\">BOOK REVIEWS<\/h4>\n<p style=\"text-align: justify;\"><a href=\"https:\/\/pravnizapisi.rs\/wp-content\/uploads\/issues\/2-2016\/Pravni_zapisi_2016-02_11_Bacanin.pdf\"><strong>Vojislav Ba\u010danin<\/strong>, <em>Bogoljub Milosavljevi\u0107, Two centuries of local self-government in Serbia: development of legislation (1804-2014), Standing Conference of Towns and Municipalities \u2013 Association of towns and municipalities of Serbia, Belgrade, 2015, 588 p.<\/em><\/a><\/p>\n<h4 style=\"text-align: justify;\">LEGAL PRACTICE<\/h4>\n<p style=\"text-align: justify;\"><a href=\"https:\/\/pravnizapisi.rs\/wp-content\/uploads\/issues\/2-2016\/Pravni_zapisi_2016-02_12_Ivosevic.pdf\"><strong>Zoran Ivo\u0161evi\u0107<\/strong>, <em>\u201cIncomprehensibility of a claim\u201d due to misunderstanding of legislation (Commentary of a decision of the First Basic Court in Belgrade, No. 8-P1. 2464\/16 of November 7, 2016).<\/em><\/a><\/p>\n<h4 style=\"text-align: justify;\">IN MEMORIAM<\/h4>\n<p style=\"text-align: justify;\"><a href=\"https:\/\/pravnizapisi.rs\/wp-content\/uploads\/issues\/2-2016\/Pravni_zapisi_2016-02_13_Rakic-Vodinelic.pdf\"><strong>Vesna Raki\u0107-Vodineli\u0107<\/strong><em>, Prof. dr Dobrosav Mitrovi\u0107<\/em><\/a><\/p>\n<p style=\"text-align: justify;\"><a href=\"https:\/\/pravnizapisi.rs\/wp-content\/uploads\/issues\/2-2016\/Pravni_zapisi_2016-02_14_Hronika_Fakulteta.pdf\"><em>CHRONICLE OF THE LAW SCHOOL (2016)<\/em>, <strong>prepared by Ivana Ili\u0107<\/strong><\/a><\/p>\n","protected":false},"excerpt":{"rendered":"<p>Union University Law School Review Year VII, No. 2\/2016, Pages 209-459 UDK\u00a034 ISSN 2217-2815 (Printed Edition) ISSN 2406-1387 (Online Edition) TABLE OF CONTENTS ARTICLES Milo\u0161 Zdravkovi\u0107, Precedence of natural law Dragana Kne\u017ei\u0107-Popovi\u0107, European notary public at windflow Monika Milo\u0161evi\u0107, The enforced execution of a notarial enforcement order Ivan Jankovi\u0107, Legal status of the Roma in the Princedom of Serbia Dragana Pejovi\u0107, Prostitution in comparative law and the law of the Republic of Serbia Nenad Gruji\u0107, The right to collect stipulated penalty agreed in case of non-performance, after the contract had been terminated for non-performance Sne\u017eana Laki\u0107evi\u0107, Workers\u2019 shareholding and participation [&hellip;]<\/p>\n","protected":false},"author":4,"featured_media":0,"parent":6165,"menu_order":0,"comment_status":"closed","ping_status":"closed","template":"template-fullwidth.php","meta":{"footnotes":""},"class_list":["post-6291","page","type-page","status-publish","hentry"],"yoast_head":"<!-- This site is optimized with the Yoast SEO plugin v27.1.1 - https:\/\/yoast.com\/product\/yoast-seo-wordpress\/ -->\n<title>Pravni zapisi 2\/2016 - Pravni Zapisi<\/title>\n<meta name=\"robots\" content=\"index, follow, max-snippet:-1, max-image-preview:large, max-video-preview:-1\" \/>\n<link rel=\"canonical\" href=\"https:\/\/www.pravnizapisi.rs\/svi-brojevi\/pravni-zapisi-2-2016\/\" \/>\n<meta property=\"og:locale\" content=\"en_US\" \/>\n<meta property=\"og:type\" content=\"article\" \/>\n<meta property=\"og:title\" content=\"Pravni zapisi 2\/2016 - Pravni Zapisi\" \/>\n<meta property=\"og:description\" content=\"Union University Law School Review Year VII, No. 2\/2016, Pages 209-459 UDK\u00a034 ISSN 2217-2815 (Printed Edition) ISSN 2406-1387 (Online Edition) TABLE OF CONTENTS ARTICLES Milo\u0161 Zdravkovi\u0107, Precedence of natural law Dragana Kne\u017ei\u0107-Popovi\u0107, European notary public at windflow Monika Milo\u0161evi\u0107, The enforced execution of a notarial enforcement order Ivan Jankovi\u0107, Legal status of the Roma in the Princedom of Serbia Dragana Pejovi\u0107, Prostitution in comparative law and the law of the Republic of Serbia Nenad Gruji\u0107, The right to collect stipulated penalty agreed in case of non-performance, after the contract had been terminated for non-performance Sne\u017eana Laki\u0107evi\u0107, Workers\u2019 shareholding and participation [&hellip;]\" \/>\n<meta property=\"og:url\" content=\"https:\/\/www.pravnizapisi.rs\/svi-brojevi\/pravni-zapisi-2-2016\/\" \/>\n<meta property=\"og:site_name\" content=\"Pravni Zapisi\" \/>\n<meta property=\"article:modified_time\" content=\"2021-04-27T09:20:39+00:00\" \/>\n<meta property=\"og:image\" content=\"https:\/\/www.pravnizapisi.rs\/wp-content\/uploads\/2020\/07\/pzapisi.jpg\" \/>\n\t<meta property=\"og:image:width\" content=\"150\" \/>\n\t<meta property=\"og:image:height\" content=\"225\" \/>\n\t<meta property=\"og:image:type\" content=\"image\/jpeg\" \/>\n<meta name=\"twitter:card\" content=\"summary_large_image\" \/>\n<meta name=\"twitter:label1\" content=\"Est. reading time\" \/>\n\t<meta name=\"twitter:data1\" content=\"1 minute\" \/>\n<script type=\"application\/ld+json\" class=\"yoast-schema-graph\">{\"@context\":\"https:\/\/schema.org\",\"@graph\":[{\"@type\":\"WebPage\",\"@id\":\"https:\/\/www.pravnizapisi.rs\/svi-brojevi\/pravni-zapisi-2-2016\/\",\"url\":\"https:\/\/www.pravnizapisi.rs\/svi-brojevi\/pravni-zapisi-2-2016\/\",\"name\":\"Pravni zapisi 2\/2016 - Pravni Zapisi\",\"isPartOf\":{\"@id\":\"https:\/\/pravnizapisi.rs\/#website\"},\"datePublished\":\"2019-11-05T14:30:39+00:00\",\"dateModified\":\"2021-04-27T09:20:39+00:00\",\"breadcrumb\":{\"@id\":\"https:\/\/www.pravnizapisi.rs\/svi-brojevi\/pravni-zapisi-2-2016\/#breadcrumb\"},\"inLanguage\":\"en-US\",\"potentialAction\":[{\"@type\":\"ReadAction\",\"target\":[\"https:\/\/www.pravnizapisi.rs\/svi-brojevi\/pravni-zapisi-2-2016\/\"]}]},{\"@type\":\"BreadcrumbList\",\"@id\":\"https:\/\/www.pravnizapisi.rs\/svi-brojevi\/pravni-zapisi-2-2016\/#breadcrumb\",\"itemListElement\":[{\"@type\":\"ListItem\",\"position\":1,\"name\":\"\u041f\u043e\u0447\u0435\u0442\u043d\u0430\",\"item\":\"https:\/\/www.pravnizapisi.rs\/en\/\"},{\"@type\":\"ListItem\",\"position\":2,\"name\":\"Issues\",\"item\":\"https:\/\/www.pravnizapisi.rs\/svi-brojevi\/\"},{\"@type\":\"ListItem\",\"position\":3,\"name\":\"Pravni zapisi 2\/2016\"}]},{\"@type\":\"WebSite\",\"@id\":\"https:\/\/pravnizapisi.rs\/#website\",\"url\":\"https:\/\/pravnizapisi.rs\/\",\"name\":\"Pravni Zapisi\",\"description\":\"\",\"publisher\":{\"@id\":\"https:\/\/pravnizapisi.rs\/#organization\"},\"potentialAction\":[{\"@type\":\"SearchAction\",\"target\":{\"@type\":\"EntryPoint\",\"urlTemplate\":\"https:\/\/pravnizapisi.rs\/?s={search_term_string}\"},\"query-input\":{\"@type\":\"PropertyValueSpecification\",\"valueRequired\":true,\"valueName\":\"search_term_string\"}}],\"inLanguage\":\"en-US\"},{\"@type\":\"Organization\",\"@id\":\"https:\/\/pravnizapisi.rs\/#organization\",\"name\":\"Pravni Zapisi\",\"url\":\"https:\/\/pravnizapisi.rs\/\",\"logo\":{\"@type\":\"ImageObject\",\"inLanguage\":\"en-US\",\"@id\":\"https:\/\/pravnizapisi.rs\/#\/schema\/logo\/image\/\",\"url\":\"https:\/\/www.pravnizapisi.rs\/wp-content\/uploads\/2019\/11\/cropped-Header-logo-srb-1-1.jpg\",\"contentUrl\":\"https:\/\/www.pravnizapisi.rs\/wp-content\/uploads\/2019\/11\/cropped-Header-logo-srb-1-1.jpg\",\"width\":580,\"height\":80,\"caption\":\"Pravni Zapisi\"},\"image\":{\"@id\":\"https:\/\/pravnizapisi.rs\/#\/schema\/logo\/image\/\"}}]}<\/script>\n<!-- \/ Yoast SEO plugin. -->","yoast_head_json":{"title":"Pravni zapisi 2\/2016 - Pravni Zapisi","robots":{"index":"index","follow":"follow","max-snippet":"max-snippet:-1","max-image-preview":"max-image-preview:large","max-video-preview":"max-video-preview:-1"},"canonical":"https:\/\/www.pravnizapisi.rs\/svi-brojevi\/pravni-zapisi-2-2016\/","og_locale":"en_US","og_type":"article","og_title":"Pravni zapisi 2\/2016 - Pravni Zapisi","og_description":"Union University Law School Review Year VII, No. 2\/2016, Pages 209-459 UDK\u00a034 ISSN 2217-2815 (Printed Edition) ISSN 2406-1387 (Online Edition) TABLE OF CONTENTS ARTICLES Milo\u0161 Zdravkovi\u0107, Precedence of natural law Dragana Kne\u017ei\u0107-Popovi\u0107, European notary public at windflow Monika Milo\u0161evi\u0107, The enforced execution of a notarial enforcement order Ivan Jankovi\u0107, Legal status of the Roma in the Princedom of Serbia Dragana Pejovi\u0107, Prostitution in comparative law and the law of the Republic of Serbia Nenad Gruji\u0107, The right to collect stipulated penalty agreed in case of non-performance, after the contract had been terminated for non-performance Sne\u017eana Laki\u0107evi\u0107, Workers\u2019 shareholding and participation [&hellip;]","og_url":"https:\/\/www.pravnizapisi.rs\/svi-brojevi\/pravni-zapisi-2-2016\/","og_site_name":"Pravni Zapisi","article_modified_time":"2021-04-27T09:20:39+00:00","og_image":[{"width":150,"height":225,"url":"https:\/\/www.pravnizapisi.rs\/wp-content\/uploads\/2020\/07\/pzapisi.jpg","type":"image\/jpeg"}],"twitter_card":"summary_large_image","twitter_misc":{"Est. reading time":"1 minute"},"schema":{"@context":"https:\/\/schema.org","@graph":[{"@type":"WebPage","@id":"https:\/\/www.pravnizapisi.rs\/svi-brojevi\/pravni-zapisi-2-2016\/","url":"https:\/\/www.pravnizapisi.rs\/svi-brojevi\/pravni-zapisi-2-2016\/","name":"Pravni zapisi 2\/2016 - Pravni Zapisi","isPartOf":{"@id":"https:\/\/pravnizapisi.rs\/#website"},"datePublished":"2019-11-05T14:30:39+00:00","dateModified":"2021-04-27T09:20:39+00:00","breadcrumb":{"@id":"https:\/\/www.pravnizapisi.rs\/svi-brojevi\/pravni-zapisi-2-2016\/#breadcrumb"},"inLanguage":"en-US","potentialAction":[{"@type":"ReadAction","target":["https:\/\/www.pravnizapisi.rs\/svi-brojevi\/pravni-zapisi-2-2016\/"]}]},{"@type":"BreadcrumbList","@id":"https:\/\/www.pravnizapisi.rs\/svi-brojevi\/pravni-zapisi-2-2016\/#breadcrumb","itemListElement":[{"@type":"ListItem","position":1,"name":"\u041f\u043e\u0447\u0435\u0442\u043d\u0430","item":"https:\/\/www.pravnizapisi.rs\/en\/"},{"@type":"ListItem","position":2,"name":"Issues","item":"https:\/\/www.pravnizapisi.rs\/svi-brojevi\/"},{"@type":"ListItem","position":3,"name":"Pravni zapisi 2\/2016"}]},{"@type":"WebSite","@id":"https:\/\/pravnizapisi.rs\/#website","url":"https:\/\/pravnizapisi.rs\/","name":"Pravni Zapisi","description":"","publisher":{"@id":"https:\/\/pravnizapisi.rs\/#organization"},"potentialAction":[{"@type":"SearchAction","target":{"@type":"EntryPoint","urlTemplate":"https:\/\/pravnizapisi.rs\/?s={search_term_string}"},"query-input":{"@type":"PropertyValueSpecification","valueRequired":true,"valueName":"search_term_string"}}],"inLanguage":"en-US"},{"@type":"Organization","@id":"https:\/\/pravnizapisi.rs\/#organization","name":"Pravni Zapisi","url":"https:\/\/pravnizapisi.rs\/","logo":{"@type":"ImageObject","inLanguage":"en-US","@id":"https:\/\/pravnizapisi.rs\/#\/schema\/logo\/image\/","url":"https:\/\/www.pravnizapisi.rs\/wp-content\/uploads\/2019\/11\/cropped-Header-logo-srb-1-1.jpg","contentUrl":"https:\/\/www.pravnizapisi.rs\/wp-content\/uploads\/2019\/11\/cropped-Header-logo-srb-1-1.jpg","width":580,"height":80,"caption":"Pravni Zapisi"},"image":{"@id":"https:\/\/pravnizapisi.rs\/#\/schema\/logo\/image\/"}}]}},"_links":{"self":[{"href":"https:\/\/www.pravnizapisi.rs\/en\/wp-json\/wp\/v2\/pages\/6291","targetHints":{"allow":["GET"]}}],"collection":[{"href":"https:\/\/www.pravnizapisi.rs\/en\/wp-json\/wp\/v2\/pages"}],"about":[{"href":"https:\/\/www.pravnizapisi.rs\/en\/wp-json\/wp\/v2\/types\/page"}],"author":[{"embeddable":true,"href":"https:\/\/www.pravnizapisi.rs\/en\/wp-json\/wp\/v2\/users\/4"}],"replies":[{"embeddable":true,"href":"https:\/\/www.pravnizapisi.rs\/en\/wp-json\/wp\/v2\/comments?post=6291"}],"version-history":[{"count":0,"href":"https:\/\/www.pravnizapisi.rs\/en\/wp-json\/wp\/v2\/pages\/6291\/revisions"}],"up":[{"embeddable":true,"href":"https:\/\/www.pravnizapisi.rs\/en\/wp-json\/wp\/v2\/pages\/6165"}],"wp:attachment":[{"href":"https:\/\/www.pravnizapisi.rs\/en\/wp-json\/wp\/v2\/media?parent=6291"}],"curies":[{"name":"wp","href":"https:\/\/api.w.org\/{rel}","templated":true}]}}