{"id":6293,"date":"2019-11-05T14:31:20","date_gmt":"2019-11-05T14:31:20","guid":{"rendered":"http:\/\/pravnizapisi.rs\/?page_id=6293"},"modified":"2021-04-26T09:53:22","modified_gmt":"2021-04-26T09:53:22","slug":"issues-1-2015","status":"publish","type":"page","link":"https:\/\/www.pravnizapisi.rs\/en\/issues\/issues-1-2015\/","title":{"rendered":"Pravni zapisi 1\/2015"},"content":{"rendered":"<p style=\"text-align: justify;\"><em><strong>Union University Law School Review<\/strong><\/em><br \/>\n<em><strong>Year VI, No. 1\/2015, Pages 1-256<\/strong><\/em><\/p>\n<table style=\"height: 35px;\" width=\"364\" frame=\"void\">\n<tbody>\n<tr>\n<td valign=\"top\"><strong>UDK\u00a034<\/strong><\/td>\n<td align=\"left\" valign=\"top\">\n<div><strong>ISSN 2217-2815 (Printed Edition)<\/strong><\/div>\n<div><strong>ISSN 2406-1387 (Online Edition)<\/strong><\/div>\n<\/td>\n<\/tr>\n<\/tbody>\n<\/table>\n<div>\n<hr \/>\n<\/div>\n<div class=\"jsn-article-content\">\n<h3 style=\"text-align: center;\">TABLE OF CONTENTS<\/h3>\n<h4 style=\"text-align: justify;\">ARTICLES<\/h4>\n<p style=\"text-align: justify;\"><a href=\"https:\/\/pravnizapisi.rs\/en\/issues\/issues-1-2015\/7582-2\/\"><strong>Dragana Kne\u017ei\u0107-Popovi\u0107<\/strong>, <em>Multi-professional holding \u2013 A new way of connecting liberal profession in the French legal system<\/em><\/a><\/p>\n<p style=\"text-align: justify;\"><a href=\"https:\/\/pravnizapisi.rs\/en\/issues\/issues-1-2015\/7589-2\/\"><strong>Slobodan Vukadinovi\u0107<\/strong>, <em>The importance and application of public hearings on national and local level<\/em><\/a><\/p>\n<p style=\"text-align: justify;\"><a href=\"https:\/\/pravnizapisi.rs\/en\/issues\/issues-1-2015\/7596-2\/\"><strong>Bogoljub Milosavljevi\u0107<\/strong>, <em>International cooperation in the field of disaster risk reduction<\/em><\/a><\/p>\n<p style=\"text-align: justify;\"><a href=\"https:\/\/pravnizapisi.rs\/en\/issues\/issues-1-2015\/7603-2\/\"><strong>Vladimir Crnjanski<\/strong>, <em>Notary mortgage constitutional document as a kind of enforceable document<\/em><\/a><\/p>\n<p style=\"text-align: justify;\"><a href=\"https:\/\/pravnizapisi.rs\/wp-content\/uploads\/issues\/1-2015\/Pravni_zapisi_2015-01_05_Kovacevici.pdf\"><strong>Milica Kova\u010devi\u0107<\/strong>, <em>Diversion measures against juvenile offenders \u2013 General considerations and a view to Serbia<\/em><\/a><\/p>\n<h4 style=\"text-align: justify;\">LEGAL ACTUALITIES<\/h4>\n<p style=\"text-align: justify;\"><a href=\"https:\/\/pravnizapisi.rs\/en\/issues\/issues-1-2015\/7640-2\/\"><strong>Vladimir V. Vodineli\u0107<\/strong>, <em>Prohibition of plagiarism and the right to quotation in science<\/em><\/a><\/p>\n<\/div>\n<div class=\"jsn-article-content\">\n<p style=\"text-align: justify;\"><a href=\"https:\/\/pravnizapisi.rs\/en\/issues\/issues-1-2015\/7610-2\/\"><strong>Aleksandra Pavi\u0107evi\u0107<\/strong>, <em>The content and appropriateness of real debt<\/em><\/a><\/p>\n<h4 style=\"text-align: justify;\">BOOK REVIEWS<\/h4>\n<p style=\"text-align: justify;\"><a href=\"https:\/\/pravnizapisi.rs\/wp-content\/uploads\/issues\/1-2015\/Pravni_zapisi_2015-01_08_Besirevic.pdf\"><strong>Violeta Be\u0161irevi\u0107<\/strong>, <em>A path of no return? From the nation state to global constitutionalism: Lidija R. Basta Fleiner and Tanasije Marinkovi\u0107 (Eds.), Key Developments in Constitutionalism and Constitutional Law, Eleven International Publishing, The Hague 2014, 278 pages<\/em><\/a><\/p>\n<h4 style=\"text-align: justify;\">LEGAL PRACTICE<\/h4>\n<p style=\"text-align: justify;\"><a href=\"https:\/\/pravnizapisi.rs\/wp-content\/uploads\/issues\/1-2015\/Pravni_zapisi_2015-01_09_Ivosevic.pdf\"><strong>Zoran Ivo\u0161evi\u0107<\/strong>, <em>Maturity of interest on the amount of severance pay which the employee should return (Commentary of the judgement of the Appellate Court in Belgrade, G\u017e. 5850\/12 of January 30, 2015)<\/em><\/a><\/p>\n<h4 style=\"text-align: justify;\">BIBLIOGRAPHY<\/h4>\n<p style=\"text-align: justify;\"><a href=\"https:\/\/pravnizapisi.rs\/wp-content\/uploads\/issues\/1-2015\/Pravni_zapisi_2015-01_10_Bibliografija.pdf\"><em>Legal bibliography \u2013 Serbia 2014<\/em>, <strong>prepared by Ljiljana Prljin\u010devi\u0107<\/strong><\/a><\/p>\n<\/div>\n","protected":false},"excerpt":{"rendered":"<p>Union University Law School Review Year VI, No. 1\/2015, Pages 1-256 UDK\u00a034 ISSN 2217-2815 (Printed Edition) ISSN 2406-1387 (Online Edition) TABLE OF CONTENTS ARTICLES Dragana Kne\u017ei\u0107-Popovi\u0107, Multi-professional holding \u2013 A new way of connecting liberal profession in the French legal system Slobodan Vukadinovi\u0107, The importance and application of public hearings on national and local level Bogoljub Milosavljevi\u0107, International cooperation in the field of disaster risk reduction Vladimir Crnjanski, Notary mortgage constitutional document as a kind of enforceable document Milica Kova\u010devi\u0107, Diversion measures against juvenile offenders \u2013 General considerations and a view to Serbia LEGAL ACTUALITIES Vladimir V. Vodineli\u0107, Prohibition of [&hellip;]<\/p>\n","protected":false},"author":4,"featured_media":0,"parent":6165,"menu_order":0,"comment_status":"closed","ping_status":"closed","template":"template-fullwidth.php","meta":{"footnotes":""},"class_list":["post-6293","page","type-page","status-publish","hentry"],"yoast_head":"<!-- This site is optimized with the Yoast SEO plugin v27.1.1 - https:\/\/yoast.com\/product\/yoast-seo-wordpress\/ -->\n<title>Pravni zapisi 1\/2015 - Pravni Zapisi<\/title>\n<meta name=\"robots\" content=\"index, follow, max-snippet:-1, max-image-preview:large, max-video-preview:-1\" \/>\n<link rel=\"canonical\" href=\"https:\/\/www.pravnizapisi.rs\/svi-brojevi\/pravni-zapisi-1-2015\/\" \/>\n<meta property=\"og:locale\" content=\"en_US\" \/>\n<meta property=\"og:type\" content=\"article\" \/>\n<meta property=\"og:title\" content=\"Pravni zapisi 1\/2015 - Pravni Zapisi\" \/>\n<meta property=\"og:description\" content=\"Union University Law School Review Year VI, No. 1\/2015, Pages 1-256 UDK\u00a034 ISSN 2217-2815 (Printed Edition) ISSN 2406-1387 (Online Edition) TABLE OF CONTENTS ARTICLES Dragana Kne\u017ei\u0107-Popovi\u0107, Multi-professional holding \u2013 A new way of connecting liberal profession in the French legal system Slobodan Vukadinovi\u0107, The importance and application of public hearings on national and local level Bogoljub Milosavljevi\u0107, International cooperation in the field of disaster risk reduction Vladimir Crnjanski, Notary mortgage constitutional document as a kind of enforceable document Milica Kova\u010devi\u0107, Diversion measures against juvenile offenders \u2013 General considerations and a view to Serbia LEGAL ACTUALITIES Vladimir V. Vodineli\u0107, Prohibition of [&hellip;]\" \/>\n<meta property=\"og:url\" content=\"https:\/\/www.pravnizapisi.rs\/svi-brojevi\/pravni-zapisi-1-2015\/\" \/>\n<meta property=\"og:site_name\" content=\"Pravni Zapisi\" \/>\n<meta property=\"article:modified_time\" content=\"2021-04-26T09:53:22+00:00\" \/>\n<meta property=\"og:image\" content=\"https:\/\/www.pravnizapisi.rs\/wp-content\/uploads\/2020\/07\/pzapisi.jpg\" \/>\n\t<meta property=\"og:image:width\" content=\"150\" \/>\n\t<meta property=\"og:image:height\" content=\"225\" \/>\n\t<meta property=\"og:image:type\" content=\"image\/jpeg\" \/>\n<meta name=\"twitter:card\" content=\"summary_large_image\" \/>\n<meta name=\"twitter:label1\" content=\"Est. reading time\" \/>\n\t<meta name=\"twitter:data1\" content=\"1 minute\" \/>\n<script type=\"application\/ld+json\" class=\"yoast-schema-graph\">{\"@context\":\"https:\/\/schema.org\",\"@graph\":[{\"@type\":\"WebPage\",\"@id\":\"https:\/\/www.pravnizapisi.rs\/svi-brojevi\/pravni-zapisi-1-2015\/\",\"url\":\"https:\/\/www.pravnizapisi.rs\/svi-brojevi\/pravni-zapisi-1-2015\/\",\"name\":\"Pravni zapisi 1\/2015 - Pravni Zapisi\",\"isPartOf\":{\"@id\":\"https:\/\/pravnizapisi.rs\/#website\"},\"datePublished\":\"2019-11-05T14:31:20+00:00\",\"dateModified\":\"2021-04-26T09:53:22+00:00\",\"breadcrumb\":{\"@id\":\"https:\/\/www.pravnizapisi.rs\/svi-brojevi\/pravni-zapisi-1-2015\/#breadcrumb\"},\"inLanguage\":\"en-US\",\"potentialAction\":[{\"@type\":\"ReadAction\",\"target\":[\"https:\/\/www.pravnizapisi.rs\/svi-brojevi\/pravni-zapisi-1-2015\/\"]}]},{\"@type\":\"BreadcrumbList\",\"@id\":\"https:\/\/www.pravnizapisi.rs\/svi-brojevi\/pravni-zapisi-1-2015\/#breadcrumb\",\"itemListElement\":[{\"@type\":\"ListItem\",\"position\":1,\"name\":\"\u041f\u043e\u0447\u0435\u0442\u043d\u0430\",\"item\":\"https:\/\/www.pravnizapisi.rs\/en\/\"},{\"@type\":\"ListItem\",\"position\":2,\"name\":\"Issues\",\"item\":\"https:\/\/www.pravnizapisi.rs\/svi-brojevi\/\"},{\"@type\":\"ListItem\",\"position\":3,\"name\":\"Pravni zapisi 1\/2015\"}]},{\"@type\":\"WebSite\",\"@id\":\"https:\/\/pravnizapisi.rs\/#website\",\"url\":\"https:\/\/pravnizapisi.rs\/\",\"name\":\"Pravni Zapisi\",\"description\":\"\",\"publisher\":{\"@id\":\"https:\/\/pravnizapisi.rs\/#organization\"},\"potentialAction\":[{\"@type\":\"SearchAction\",\"target\":{\"@type\":\"EntryPoint\",\"urlTemplate\":\"https:\/\/pravnizapisi.rs\/?s={search_term_string}\"},\"query-input\":{\"@type\":\"PropertyValueSpecification\",\"valueRequired\":true,\"valueName\":\"search_term_string\"}}],\"inLanguage\":\"en-US\"},{\"@type\":\"Organization\",\"@id\":\"https:\/\/pravnizapisi.rs\/#organization\",\"name\":\"Pravni Zapisi\",\"url\":\"https:\/\/pravnizapisi.rs\/\",\"logo\":{\"@type\":\"ImageObject\",\"inLanguage\":\"en-US\",\"@id\":\"https:\/\/pravnizapisi.rs\/#\/schema\/logo\/image\/\",\"url\":\"https:\/\/www.pravnizapisi.rs\/wp-content\/uploads\/2019\/11\/cropped-Header-logo-srb-1-1.jpg\",\"contentUrl\":\"https:\/\/www.pravnizapisi.rs\/wp-content\/uploads\/2019\/11\/cropped-Header-logo-srb-1-1.jpg\",\"width\":580,\"height\":80,\"caption\":\"Pravni Zapisi\"},\"image\":{\"@id\":\"https:\/\/pravnizapisi.rs\/#\/schema\/logo\/image\/\"}}]}<\/script>\n<!-- \/ Yoast SEO plugin. -->","yoast_head_json":{"title":"Pravni zapisi 1\/2015 - Pravni Zapisi","robots":{"index":"index","follow":"follow","max-snippet":"max-snippet:-1","max-image-preview":"max-image-preview:large","max-video-preview":"max-video-preview:-1"},"canonical":"https:\/\/www.pravnizapisi.rs\/svi-brojevi\/pravni-zapisi-1-2015\/","og_locale":"en_US","og_type":"article","og_title":"Pravni zapisi 1\/2015 - Pravni Zapisi","og_description":"Union University Law School Review Year VI, No. 1\/2015, Pages 1-256 UDK\u00a034 ISSN 2217-2815 (Printed Edition) ISSN 2406-1387 (Online Edition) TABLE OF CONTENTS ARTICLES Dragana Kne\u017ei\u0107-Popovi\u0107, Multi-professional holding \u2013 A new way of connecting liberal profession in the French legal system Slobodan Vukadinovi\u0107, The importance and application of public hearings on national and local level Bogoljub Milosavljevi\u0107, International cooperation in the field of disaster risk reduction Vladimir Crnjanski, Notary mortgage constitutional document as a kind of enforceable document Milica Kova\u010devi\u0107, Diversion measures against juvenile offenders \u2013 General considerations and a view to Serbia LEGAL ACTUALITIES Vladimir V. Vodineli\u0107, Prohibition of [&hellip;]","og_url":"https:\/\/www.pravnizapisi.rs\/svi-brojevi\/pravni-zapisi-1-2015\/","og_site_name":"Pravni Zapisi","article_modified_time":"2021-04-26T09:53:22+00:00","og_image":[{"width":150,"height":225,"url":"https:\/\/www.pravnizapisi.rs\/wp-content\/uploads\/2020\/07\/pzapisi.jpg","type":"image\/jpeg"}],"twitter_card":"summary_large_image","twitter_misc":{"Est. reading time":"1 minute"},"schema":{"@context":"https:\/\/schema.org","@graph":[{"@type":"WebPage","@id":"https:\/\/www.pravnizapisi.rs\/svi-brojevi\/pravni-zapisi-1-2015\/","url":"https:\/\/www.pravnizapisi.rs\/svi-brojevi\/pravni-zapisi-1-2015\/","name":"Pravni zapisi 1\/2015 - Pravni Zapisi","isPartOf":{"@id":"https:\/\/pravnizapisi.rs\/#website"},"datePublished":"2019-11-05T14:31:20+00:00","dateModified":"2021-04-26T09:53:22+00:00","breadcrumb":{"@id":"https:\/\/www.pravnizapisi.rs\/svi-brojevi\/pravni-zapisi-1-2015\/#breadcrumb"},"inLanguage":"en-US","potentialAction":[{"@type":"ReadAction","target":["https:\/\/www.pravnizapisi.rs\/svi-brojevi\/pravni-zapisi-1-2015\/"]}]},{"@type":"BreadcrumbList","@id":"https:\/\/www.pravnizapisi.rs\/svi-brojevi\/pravni-zapisi-1-2015\/#breadcrumb","itemListElement":[{"@type":"ListItem","position":1,"name":"\u041f\u043e\u0447\u0435\u0442\u043d\u0430","item":"https:\/\/www.pravnizapisi.rs\/en\/"},{"@type":"ListItem","position":2,"name":"Issues","item":"https:\/\/www.pravnizapisi.rs\/svi-brojevi\/"},{"@type":"ListItem","position":3,"name":"Pravni zapisi 1\/2015"}]},{"@type":"WebSite","@id":"https:\/\/pravnizapisi.rs\/#website","url":"https:\/\/pravnizapisi.rs\/","name":"Pravni Zapisi","description":"","publisher":{"@id":"https:\/\/pravnizapisi.rs\/#organization"},"potentialAction":[{"@type":"SearchAction","target":{"@type":"EntryPoint","urlTemplate":"https:\/\/pravnizapisi.rs\/?s={search_term_string}"},"query-input":{"@type":"PropertyValueSpecification","valueRequired":true,"valueName":"search_term_string"}}],"inLanguage":"en-US"},{"@type":"Organization","@id":"https:\/\/pravnizapisi.rs\/#organization","name":"Pravni Zapisi","url":"https:\/\/pravnizapisi.rs\/","logo":{"@type":"ImageObject","inLanguage":"en-US","@id":"https:\/\/pravnizapisi.rs\/#\/schema\/logo\/image\/","url":"https:\/\/www.pravnizapisi.rs\/wp-content\/uploads\/2019\/11\/cropped-Header-logo-srb-1-1.jpg","contentUrl":"https:\/\/www.pravnizapisi.rs\/wp-content\/uploads\/2019\/11\/cropped-Header-logo-srb-1-1.jpg","width":580,"height":80,"caption":"Pravni Zapisi"},"image":{"@id":"https:\/\/pravnizapisi.rs\/#\/schema\/logo\/image\/"}}]}},"_links":{"self":[{"href":"https:\/\/www.pravnizapisi.rs\/en\/wp-json\/wp\/v2\/pages\/6293","targetHints":{"allow":["GET"]}}],"collection":[{"href":"https:\/\/www.pravnizapisi.rs\/en\/wp-json\/wp\/v2\/pages"}],"about":[{"href":"https:\/\/www.pravnizapisi.rs\/en\/wp-json\/wp\/v2\/types\/page"}],"author":[{"embeddable":true,"href":"https:\/\/www.pravnizapisi.rs\/en\/wp-json\/wp\/v2\/users\/4"}],"replies":[{"embeddable":true,"href":"https:\/\/www.pravnizapisi.rs\/en\/wp-json\/wp\/v2\/comments?post=6293"}],"version-history":[{"count":0,"href":"https:\/\/www.pravnizapisi.rs\/en\/wp-json\/wp\/v2\/pages\/6293\/revisions"}],"up":[{"embeddable":true,"href":"https:\/\/www.pravnizapisi.rs\/en\/wp-json\/wp\/v2\/pages\/6165"}],"wp:attachment":[{"href":"https:\/\/www.pravnizapisi.rs\/en\/wp-json\/wp\/v2\/media?parent=6293"}],"curies":[{"name":"wp","href":"https:\/\/api.w.org\/{rel}","templated":true}]}}