{"id":6295,"date":"2019-11-05T14:31:42","date_gmt":"2019-11-05T14:31:42","guid":{"rendered":"http:\/\/pravnizapisi.rs\/?page_id=6295"},"modified":"2021-04-26T14:08:09","modified_gmt":"2021-04-26T14:08:09","slug":"issues-2-2015","status":"publish","type":"page","link":"https:\/\/www.pravnizapisi.rs\/en\/issues\/issues-2-2015\/","title":{"rendered":"Pravni zapisi 2\/2015"},"content":{"rendered":"<p style=\"text-align: justify;\"><em><strong>Union University Law School Review<\/strong><\/em><br \/>\n<em><strong>Year VI, No. 2\/2015, Pages 257-507<\/strong><\/em><\/p>\n<table style=\"height: 35px;\" width=\"364\" frame=\"void\">\n<tbody>\n<tr>\n<td valign=\"top\"><strong>UDK\u00a034<\/strong><\/td>\n<td align=\"left\" valign=\"top\">\n<div><strong>ISSN 2217-2815 (Printed Edition)<\/strong><\/div>\n<div><strong>ISSN 2406-1387 (Online Edition)<\/strong><\/div>\n<\/td>\n<\/tr>\n<\/tbody>\n<\/table>\n<div>\n<hr \/>\n<\/div>\n<div class=\"jsn-article-content\">\n<h3 style=\"text-align: center;\">TABLE OF CONTENTS<\/h3>\n<h4>ARTICLES<\/h4>\n<\/div>\n<div class=\"jsn-article-content\">\n<p style=\"text-align: justify;\"><a href=\"https:\/\/pravnizapisi.rs\/en\/issues\/issues-2-2015\/7655-2\/\"><strong>Jelena Jerini\u0107<\/strong>, <em>What would Chief Justice Coke say? On legal remedies in case of infrigments by the highest bodies of the Republic of Serbia<\/em><\/a><\/p>\n<p style=\"text-align: justify;\"><a href=\"https:\/\/pravnizapisi.rs\/en\/issues\/issues-2-2015\/7662-2\/\"><strong>Miroslav Stevanovi\u0107<\/strong>, <em>International legal problem in combating the \u201eIslamic State\u201d terrorist group in Syria<\/em><\/a><\/p>\n<p style=\"text-align: justify;\"><a href=\"https:\/\/pravnizapisi.rs\/en\/issues\/issues-2-2015\/7669-2\/\"><strong>Milan Mijovi\u0107<\/strong>, <em>Private ownership in outer space \u2013 Still waiting?<\/em><\/a><\/p>\n<p style=\"text-align: justify;\"><a href=\"https:\/\/pravnizapisi.rs\/en\/issues\/issues-2-2015\/7676-2\/\"><strong>Ivan Jankovi\u0107<\/strong>, <em>The Criminalistics Institute of the Belgrade Law Faculty, 1927\u20131945<\/em><\/a><\/p>\n<p style=\"text-align: justify;\"><a href=\"https:\/\/pravnizapisi.rs\/en\/issues\/issues-2-2015\/7684-2\/\"><strong>Sretko Jankovi\u0107<\/strong>, <em>Confession to a criminal offense as a mitigating<\/em> circumstance<\/a><\/p>\n<p style=\"text-align: justify;\"><a href=\"https:\/\/pravnizapisi.rs\/en\/issues\/issues-2-2015\/7692-2\/\"><strong>Cvijetin \u0110or\u0111i\u0107<\/strong>, <em>Critical review of the Law on execution of criminal sanctions<\/em><\/a><\/p>\n<p style=\"text-align: justify;\"><a href=\"https:\/\/pravnizapisi.rs\/en\/issues\/issues-2-2015\/7700-2\/\"><strong>Vukan Slavkovi\u0107<\/strong>, <em>Legal regulation of prostitution<\/em><\/a><\/p>\n<p style=\"text-align: justify;\"><a href=\"https:\/\/pravnizapisi.rs\/en\/issues\/issues-2-2015\/7707-2\/\"><strong>Dragan Zlatovi\u0107<\/strong>, <em>Criminal legal protection in the field of intellectual property and computer related rights in the Republic of Croatia<\/em><\/a><\/p>\n<p style=\"text-align: justify;\"><a href=\"https:\/\/pravnizapisi.rs\/en\/issues\/issues-2-2015\/7647-2\/\"><strong>Sne\u017eana \u0110ur\u0111evi\u0107<\/strong>, <em>Electronic Apostille in the legal system of the Republic of Serbia<\/em><\/a><\/p>\n<h4 style=\"text-align: justify;\">LEGAL ACTUALITIES<\/h4>\n<p style=\"text-align: justify;\"><a href=\"https:\/\/pravnizapisi.rs\/wp-content\/uploads\/issues\/2-2015\/Pravni_zapisi_2015-02_10_Ivosevic.pdf\"><strong>Zoran Ivo\u0161evi\u0107<\/strong>, <em>The sinking of Belgrade on Water (Commentary of the Joint Venture Agreement on the \u201cBelgrade on Water\u201d Project)<\/em><\/a><\/p>\n<h4 style=\"text-align: justify;\">LEGAL PRACTICE<\/h4>\n<p style=\"text-align: justify;\"><a href=\"https:\/\/pravnizapisi.rs\/wp-content\/uploads\/issues\/2-2015\/Pravni_zapisi_2015-02_11_Vila.pdf\"><strong>Igor Vila<\/strong>, <em>Can the Constitutional Court save the pensions? On the account of the decision of the Constitutional Court not to accept an initiative for constitutional review of the Law on temporary regulation of the payment method for pension<\/em><\/a><\/p>\n<h4 style=\"text-align: justify;\"><a href=\"https:\/\/pravnizapisi.rs\/wp-content\/uploads\/issues\/2-2015\/Pravni_zapisi_2015-02_12_In_memoriam.pdf\">IN MEMORIAM: Prof. emeritus dr Mom\u010dilo Gruba\u010d\u00a0(1945\u20132015)<\/a><\/h4>\n<p style=\"text-align: justify;\"><a href=\"https:\/\/pravnizapisi.rs\/wp-content\/uploads\/issues\/2-2015\/Pravni_zapisi_2015-02_14_Hronika_fakulteta.pdf\"><em>CHRONICLE OF THE LAW SCHOOL (2015)<\/em>, <strong>prepared by Ivana Ili\u0107<\/strong><\/a><\/p>\n<\/div>\n","protected":false},"excerpt":{"rendered":"<p>Union University Law School Review Year VI, No. 2\/2015, Pages 257-507 UDK\u00a034 ISSN 2217-2815 (Printed Edition) ISSN 2406-1387 (Online Edition) TABLE OF CONTENTS ARTICLES Jelena Jerini\u0107, What would Chief Justice Coke say? On legal remedies in case of infrigments by the highest bodies of the Republic of Serbia Miroslav Stevanovi\u0107, International legal problem in combating the \u201eIslamic State\u201d terrorist group in Syria Milan Mijovi\u0107, Private ownership in outer space \u2013 Still waiting? Ivan Jankovi\u0107, The Criminalistics Institute of the Belgrade Law Faculty, 1927\u20131945 Sretko Jankovi\u0107, Confession to a criminal offense as a mitigating circumstance Cvijetin \u0110or\u0111i\u0107, Critical review of the [&hellip;]<\/p>\n","protected":false},"author":4,"featured_media":0,"parent":6165,"menu_order":0,"comment_status":"closed","ping_status":"closed","template":"template-fullwidth.php","meta":{"footnotes":""},"class_list":["post-6295","page","type-page","status-publish","hentry"],"yoast_head":"<!-- This site is optimized with the Yoast SEO plugin v27.1.1 - https:\/\/yoast.com\/product\/yoast-seo-wordpress\/ -->\n<title>Pravni zapisi 2\/2015 - Pravni Zapisi<\/title>\n<meta name=\"robots\" content=\"index, follow, max-snippet:-1, max-image-preview:large, max-video-preview:-1\" \/>\n<link rel=\"canonical\" href=\"https:\/\/www.pravnizapisi.rs\/svi-brojevi\/pravni-zapisi-2-2015\/\" \/>\n<meta property=\"og:locale\" content=\"en_US\" \/>\n<meta property=\"og:type\" content=\"article\" \/>\n<meta property=\"og:title\" content=\"Pravni zapisi 2\/2015 - Pravni Zapisi\" \/>\n<meta property=\"og:description\" content=\"Union University Law School Review Year VI, No. 2\/2015, Pages 257-507 UDK\u00a034 ISSN 2217-2815 (Printed Edition) ISSN 2406-1387 (Online Edition) TABLE OF CONTENTS ARTICLES Jelena Jerini\u0107, What would Chief Justice Coke say? On legal remedies in case of infrigments by the highest bodies of the Republic of Serbia Miroslav Stevanovi\u0107, International legal problem in combating the \u201eIslamic State\u201d terrorist group in Syria Milan Mijovi\u0107, Private ownership in outer space \u2013 Still waiting? Ivan Jankovi\u0107, The Criminalistics Institute of the Belgrade Law Faculty, 1927\u20131945 Sretko Jankovi\u0107, Confession to a criminal offense as a mitigating circumstance Cvijetin \u0110or\u0111i\u0107, Critical review of the [&hellip;]\" \/>\n<meta property=\"og:url\" content=\"https:\/\/www.pravnizapisi.rs\/svi-brojevi\/pravni-zapisi-2-2015\/\" \/>\n<meta property=\"og:site_name\" content=\"Pravni Zapisi\" \/>\n<meta property=\"article:modified_time\" content=\"2021-04-26T14:08:09+00:00\" \/>\n<meta property=\"og:image\" content=\"https:\/\/www.pravnizapisi.rs\/wp-content\/uploads\/2020\/07\/pzapisi.jpg\" \/>\n\t<meta property=\"og:image:width\" content=\"150\" \/>\n\t<meta property=\"og:image:height\" content=\"225\" \/>\n\t<meta property=\"og:image:type\" content=\"image\/jpeg\" \/>\n<meta name=\"twitter:card\" content=\"summary_large_image\" \/>\n<meta name=\"twitter:label1\" content=\"Est. reading time\" \/>\n\t<meta name=\"twitter:data1\" content=\"1 minute\" \/>\n<script type=\"application\/ld+json\" class=\"yoast-schema-graph\">{\"@context\":\"https:\/\/schema.org\",\"@graph\":[{\"@type\":\"WebPage\",\"@id\":\"https:\/\/www.pravnizapisi.rs\/svi-brojevi\/pravni-zapisi-2-2015\/\",\"url\":\"https:\/\/www.pravnizapisi.rs\/svi-brojevi\/pravni-zapisi-2-2015\/\",\"name\":\"Pravni zapisi 2\/2015 - Pravni Zapisi\",\"isPartOf\":{\"@id\":\"https:\/\/pravnizapisi.rs\/#website\"},\"datePublished\":\"2019-11-05T14:31:42+00:00\",\"dateModified\":\"2021-04-26T14:08:09+00:00\",\"breadcrumb\":{\"@id\":\"https:\/\/www.pravnizapisi.rs\/svi-brojevi\/pravni-zapisi-2-2015\/#breadcrumb\"},\"inLanguage\":\"en-US\",\"potentialAction\":[{\"@type\":\"ReadAction\",\"target\":[\"https:\/\/www.pravnizapisi.rs\/svi-brojevi\/pravni-zapisi-2-2015\/\"]}]},{\"@type\":\"BreadcrumbList\",\"@id\":\"https:\/\/www.pravnizapisi.rs\/svi-brojevi\/pravni-zapisi-2-2015\/#breadcrumb\",\"itemListElement\":[{\"@type\":\"ListItem\",\"position\":1,\"name\":\"\u041f\u043e\u0447\u0435\u0442\u043d\u0430\",\"item\":\"https:\/\/www.pravnizapisi.rs\/en\/\"},{\"@type\":\"ListItem\",\"position\":2,\"name\":\"Issues\",\"item\":\"https:\/\/www.pravnizapisi.rs\/svi-brojevi\/\"},{\"@type\":\"ListItem\",\"position\":3,\"name\":\"Pravni zapisi 2\/2015\"}]},{\"@type\":\"WebSite\",\"@id\":\"https:\/\/pravnizapisi.rs\/#website\",\"url\":\"https:\/\/pravnizapisi.rs\/\",\"name\":\"Pravni Zapisi\",\"description\":\"\",\"publisher\":{\"@id\":\"https:\/\/pravnizapisi.rs\/#organization\"},\"potentialAction\":[{\"@type\":\"SearchAction\",\"target\":{\"@type\":\"EntryPoint\",\"urlTemplate\":\"https:\/\/pravnizapisi.rs\/?s={search_term_string}\"},\"query-input\":{\"@type\":\"PropertyValueSpecification\",\"valueRequired\":true,\"valueName\":\"search_term_string\"}}],\"inLanguage\":\"en-US\"},{\"@type\":\"Organization\",\"@id\":\"https:\/\/pravnizapisi.rs\/#organization\",\"name\":\"Pravni Zapisi\",\"url\":\"https:\/\/pravnizapisi.rs\/\",\"logo\":{\"@type\":\"ImageObject\",\"inLanguage\":\"en-US\",\"@id\":\"https:\/\/pravnizapisi.rs\/#\/schema\/logo\/image\/\",\"url\":\"https:\/\/www.pravnizapisi.rs\/wp-content\/uploads\/2019\/11\/cropped-Header-logo-srb-1-1.jpg\",\"contentUrl\":\"https:\/\/www.pravnizapisi.rs\/wp-content\/uploads\/2019\/11\/cropped-Header-logo-srb-1-1.jpg\",\"width\":580,\"height\":80,\"caption\":\"Pravni Zapisi\"},\"image\":{\"@id\":\"https:\/\/pravnizapisi.rs\/#\/schema\/logo\/image\/\"}}]}<\/script>\n<!-- \/ Yoast SEO plugin. -->","yoast_head_json":{"title":"Pravni zapisi 2\/2015 - Pravni Zapisi","robots":{"index":"index","follow":"follow","max-snippet":"max-snippet:-1","max-image-preview":"max-image-preview:large","max-video-preview":"max-video-preview:-1"},"canonical":"https:\/\/www.pravnizapisi.rs\/svi-brojevi\/pravni-zapisi-2-2015\/","og_locale":"en_US","og_type":"article","og_title":"Pravni zapisi 2\/2015 - Pravni Zapisi","og_description":"Union University Law School Review Year VI, No. 2\/2015, Pages 257-507 UDK\u00a034 ISSN 2217-2815 (Printed Edition) ISSN 2406-1387 (Online Edition) TABLE OF CONTENTS ARTICLES Jelena Jerini\u0107, What would Chief Justice Coke say? On legal remedies in case of infrigments by the highest bodies of the Republic of Serbia Miroslav Stevanovi\u0107, International legal problem in combating the \u201eIslamic State\u201d terrorist group in Syria Milan Mijovi\u0107, Private ownership in outer space \u2013 Still waiting? Ivan Jankovi\u0107, The Criminalistics Institute of the Belgrade Law Faculty, 1927\u20131945 Sretko Jankovi\u0107, Confession to a criminal offense as a mitigating circumstance Cvijetin \u0110or\u0111i\u0107, Critical review of the [&hellip;]","og_url":"https:\/\/www.pravnizapisi.rs\/svi-brojevi\/pravni-zapisi-2-2015\/","og_site_name":"Pravni Zapisi","article_modified_time":"2021-04-26T14:08:09+00:00","og_image":[{"width":150,"height":225,"url":"https:\/\/www.pravnizapisi.rs\/wp-content\/uploads\/2020\/07\/pzapisi.jpg","type":"image\/jpeg"}],"twitter_card":"summary_large_image","twitter_misc":{"Est. reading time":"1 minute"},"schema":{"@context":"https:\/\/schema.org","@graph":[{"@type":"WebPage","@id":"https:\/\/www.pravnizapisi.rs\/svi-brojevi\/pravni-zapisi-2-2015\/","url":"https:\/\/www.pravnizapisi.rs\/svi-brojevi\/pravni-zapisi-2-2015\/","name":"Pravni zapisi 2\/2015 - Pravni Zapisi","isPartOf":{"@id":"https:\/\/pravnizapisi.rs\/#website"},"datePublished":"2019-11-05T14:31:42+00:00","dateModified":"2021-04-26T14:08:09+00:00","breadcrumb":{"@id":"https:\/\/www.pravnizapisi.rs\/svi-brojevi\/pravni-zapisi-2-2015\/#breadcrumb"},"inLanguage":"en-US","potentialAction":[{"@type":"ReadAction","target":["https:\/\/www.pravnizapisi.rs\/svi-brojevi\/pravni-zapisi-2-2015\/"]}]},{"@type":"BreadcrumbList","@id":"https:\/\/www.pravnizapisi.rs\/svi-brojevi\/pravni-zapisi-2-2015\/#breadcrumb","itemListElement":[{"@type":"ListItem","position":1,"name":"\u041f\u043e\u0447\u0435\u0442\u043d\u0430","item":"https:\/\/www.pravnizapisi.rs\/en\/"},{"@type":"ListItem","position":2,"name":"Issues","item":"https:\/\/www.pravnizapisi.rs\/svi-brojevi\/"},{"@type":"ListItem","position":3,"name":"Pravni zapisi 2\/2015"}]},{"@type":"WebSite","@id":"https:\/\/pravnizapisi.rs\/#website","url":"https:\/\/pravnizapisi.rs\/","name":"Pravni Zapisi","description":"","publisher":{"@id":"https:\/\/pravnizapisi.rs\/#organization"},"potentialAction":[{"@type":"SearchAction","target":{"@type":"EntryPoint","urlTemplate":"https:\/\/pravnizapisi.rs\/?s={search_term_string}"},"query-input":{"@type":"PropertyValueSpecification","valueRequired":true,"valueName":"search_term_string"}}],"inLanguage":"en-US"},{"@type":"Organization","@id":"https:\/\/pravnizapisi.rs\/#organization","name":"Pravni Zapisi","url":"https:\/\/pravnizapisi.rs\/","logo":{"@type":"ImageObject","inLanguage":"en-US","@id":"https:\/\/pravnizapisi.rs\/#\/schema\/logo\/image\/","url":"https:\/\/www.pravnizapisi.rs\/wp-content\/uploads\/2019\/11\/cropped-Header-logo-srb-1-1.jpg","contentUrl":"https:\/\/www.pravnizapisi.rs\/wp-content\/uploads\/2019\/11\/cropped-Header-logo-srb-1-1.jpg","width":580,"height":80,"caption":"Pravni Zapisi"},"image":{"@id":"https:\/\/pravnizapisi.rs\/#\/schema\/logo\/image\/"}}]}},"_links":{"self":[{"href":"https:\/\/www.pravnizapisi.rs\/en\/wp-json\/wp\/v2\/pages\/6295","targetHints":{"allow":["GET"]}}],"collection":[{"href":"https:\/\/www.pravnizapisi.rs\/en\/wp-json\/wp\/v2\/pages"}],"about":[{"href":"https:\/\/www.pravnizapisi.rs\/en\/wp-json\/wp\/v2\/types\/page"}],"author":[{"embeddable":true,"href":"https:\/\/www.pravnizapisi.rs\/en\/wp-json\/wp\/v2\/users\/4"}],"replies":[{"embeddable":true,"href":"https:\/\/www.pravnizapisi.rs\/en\/wp-json\/wp\/v2\/comments?post=6295"}],"version-history":[{"count":0,"href":"https:\/\/www.pravnizapisi.rs\/en\/wp-json\/wp\/v2\/pages\/6295\/revisions"}],"up":[{"embeddable":true,"href":"https:\/\/www.pravnizapisi.rs\/en\/wp-json\/wp\/v2\/pages\/6165"}],"wp:attachment":[{"href":"https:\/\/www.pravnizapisi.rs\/en\/wp-json\/wp\/v2\/media?parent=6295"}],"curies":[{"name":"wp","href":"https:\/\/api.w.org\/{rel}","templated":true}]}}