{"id":6297,"date":"2019-11-05T14:44:34","date_gmt":"2019-11-05T14:44:34","guid":{"rendered":"http:\/\/pravnizapisi.rs\/?page_id=6297"},"modified":"2021-04-25T16:39:42","modified_gmt":"2021-04-25T16:39:42","slug":"issues-1-2014","status":"publish","type":"page","link":"https:\/\/www.pravnizapisi.rs\/en\/issues\/issues-1-2014\/","title":{"rendered":"Pravni zapisi 1\/2014"},"content":{"rendered":"<p style=\"text-align: justify;\"><em><strong>Union University Law School Review<\/strong><\/em><br \/>\n<em><strong>Year V, No. 1\/2014, Pages 1-344<\/strong><\/em><\/p>\n<table style=\"height: 35px;\" width=\"364\" frame=\"void\">\n<tbody>\n<tr>\n<td valign=\"top\"><strong>UDK\u00a034<\/strong><\/td>\n<td align=\"left\" valign=\"top\">\n<div><strong>ISSN 2217-2815 (Printed Edition)<\/strong><\/div>\n<\/td>\n<\/tr>\n<\/tbody>\n<\/table>\n<hr \/>\n<h3 style=\"text-align: center;\">TABLE OF CONTENTS<\/h3>\n<h4 style=\"text-align: justify;\">ARTICLES<\/h4>\n<div class=\"jsn-article-content\">\n<p style=\"text-align: justify;\"><a href=\"https:\/\/pravnizapisi.rs\/en\/issues\/issues-1-2014\/7525-2\/\"><strong>Vladimir V. Vodineli\u0107<\/strong>, <em>What is the purpose of possessory proceedings? On the reasons for possessory protection of mere possession \u2013 Part 2. The reason for judicial protection of mere possession<\/em><\/a><\/p>\n<p style=\"text-align: justify;\"><a href=\"https:\/\/pravnizapisi.rs\/en\/issues\/issues-1-2014\/7517-2\/\"><strong>Igor Vila<\/strong>, <em>Constitutional court protection of economic and social rights during the economic crisis<\/em><\/a><\/p>\n<p style=\"text-align: justify;\"><a href=\"https:\/\/pravnizapisi.rs\/wp-content\/uploads\/issues\/1-2014\/Pravni_zapisi_2014-03_Vranjanac.pdf\"><strong>Du\u0161an Vranjanac<\/strong>, <em>The Human Rights Act: Its impact upon the constitutional system of Great Britain<\/em><\/a><\/p>\n<p style=\"text-align: justify;\"><a href=\"https:\/\/pravnizapisi.rs\/en\/issues\/issues-1-2014\/7495-2\/\"><strong>Bogoljub Milosavljevi\u0107<\/strong>, <em>A contribution to definition of the concept of security in legal theory<\/em><\/a><\/p>\n<p style=\"text-align: justify;\"><a href=\"https:\/\/pravnizapisi.rs\/en\/issues\/issues-1-2014\/7509-2\/\"><strong>Jelena Simi\u0107 and Jelena Jerini\u0107<\/strong>, <em>The right to home birth \u2013 a choice, not a coincidence \u2013 and some legal consequences<\/em><\/a><\/p>\n<p style=\"text-align: justify;\"><a href=\"https:\/\/pravnizapisi.rs\/en\/issues\/issues-1-2014\/7501-2\/\"><strong>Milo\u0161 Radovanovi\u0107<\/strong>, <em>Limitation of minimum price of immovable property in the enforcement procedure in the law of Republic of Serbia and in the law of Republic of Croatia<\/em><\/a><\/p>\n<p style=\"text-align: justify;\"><a href=\"https:\/\/pravnizapisi.rs\/wp-content\/uploads\/issues\/1-2014\/Pravni_zapisi_2014-07_Lasic.pdf\"><strong>Ines Lasi\u0107<\/strong>, <em>Pharmaceutical patents: general characteristics and current issues in the international context<\/em><\/a><\/p>\n<p style=\"text-align: justify;\"><a href=\"https:\/\/pravnizapisi.rs\/wp-content\/uploads\/issues\/1-2014\/Pravni_zapisi_2014-08_Zivkovic.pdf\"><strong>Tatjana \u017divkovi\u0107<\/strong>, <em>Harmonization of national environmental regulations with European Union law<\/em><\/a><\/p>\n<h4 style=\"text-align: justify;\">LEGAL ACTUALITIES<\/h4>\n<p style=\"text-align: justify;\"><a href=\"https:\/\/pravnizapisi.rs\/en\/issues\/issues-1-2014\/7487-2\/\"><strong>Mom\u010dilo Gruba\u010d<\/strong><em>, Commencement of criminal investigation according to the new Serbian Criminal Procedure Code<\/em><\/a><\/p>\n<p style=\"text-align: justify;\"><a href=\"https:\/\/pravnizapisi.rs\/wp-content\/uploads\/issues\/1-2014\/Pravni_zapisi_2014-10_Gajin.pdf\"><strong>Sa\u0161a Gajin<\/strong>, <em>What is the purpose of human rights, from the perspective <\/em><em>of the current and future constitutional system of Serbia<\/em><\/a><\/p>\n<p style=\"text-align: justify;\"><a href=\"https:\/\/pravnizapisi.rs\/wp-content\/uploads\/issues\/1-2014\/Pravni_zapisi_2014-11_Reljanovic-Knezevic_Bojovic.pdf\"><strong>Mario Reljanovi\u0107 and Ana Kne\u017eevi\u0107 Bojovi\u0107<\/strong>, <em>Judicial reform in Serbia and negotiating Chapter 23 \u2013 a critical outlook<\/em><\/a><\/p>\n<h4 style=\"text-align: justify;\">LEGAL PRACTICE<\/h4>\n<p style=\"text-align: justify;\"><a href=\"sftp:\/\/iyxaszmw_pravnizapisi_mc@web16.anaxanet.com\/wp-content\/uploads\/issues\/1-2014\/Pravni_zapisi_2014-12_Ivosevic.pdf\"><strong>Zoran Ivo\u0161evi\u0107<\/strong>, <em>The court facing concordance of freedom of information and rights of the person (Commentary on the Decision of the Novi Sad Court of Appeals, G\u017e. 2673\/13 of June 6, 2013)<\/em><\/a><\/p>\n<h4 style=\"text-align: justify;\">STUDENTS\u2019 PAPERS<\/h4>\n<p style=\"text-align: justify;\"><a href=\"https:\/\/pravnizapisi.rs\/wp-content\/uploads\/issues\/1-2014\/Pravni_zapisi_2014-13_Radulovic.pdf\"><strong>Jovan Radulovi\u0107<\/strong>, <em>Synthesis of the common-law accusatorial and the continental mixed criminal procedural justice system \u2013 The example of the International Criminal Tribunal for the Former Yugoslavia \u2013 Part 1<\/em><\/a><\/p>\n<p style=\"text-align: justify;\"><a href=\"https:\/\/pravnizapisi.rs\/wp-content\/uploads\/issues\/1-2014\/Pravni_zapisi_2014-14_Matkovic.pdf\"><strong>Aleksandar Matkovi\u0107<\/strong>, <em>Community policing as an answer to raising street crime rates<\/em><\/a><\/p>\n<h4 style=\"text-align: justify;\">BIBLIOGRAPHY<\/h4>\n<p style=\"text-align: justify;\"><a href=\"https:\/\/pravnizapisi.rs\/wp-content\/uploads\/issues\/1-2014\/Pravni_zapisi_2014-15_Pravna_bibliografija.pdf\"><em>Legal bibliography \u2013 Serbia 2013<\/em>, <strong>prepared by Ljiljana Prljin\u010devi\u0107<\/strong><\/a><\/p>\n<\/div>\n","protected":false},"excerpt":{"rendered":"<p>Union University Law School Review Year V, No. 1\/2014, Pages 1-344 UDK\u00a034 ISSN 2217-2815 (Printed Edition) TABLE OF CONTENTS ARTICLES Vladimir V. Vodineli\u0107, What is the purpose of possessory proceedings? On the reasons for possessory protection of mere possession \u2013 Part 2. The reason for judicial protection of mere possession Igor Vila, Constitutional court protection of economic and social rights during the economic crisis Du\u0161an Vranjanac, The Human Rights Act: Its impact upon the constitutional system of Great Britain Bogoljub Milosavljevi\u0107, A contribution to definition of the concept of security in legal theory Jelena Simi\u0107 and Jelena Jerini\u0107, The right [&hellip;]<\/p>\n","protected":false},"author":4,"featured_media":0,"parent":6165,"menu_order":0,"comment_status":"closed","ping_status":"closed","template":"template-fullwidth.php","meta":{"footnotes":""},"class_list":["post-6297","page","type-page","status-publish","hentry"],"yoast_head":"<!-- This site is optimized with the Yoast SEO plugin v27.1.1 - https:\/\/yoast.com\/product\/yoast-seo-wordpress\/ -->\n<title>Pravni zapisi 1\/2014 - Pravni Zapisi<\/title>\n<meta name=\"robots\" content=\"index, follow, max-snippet:-1, max-image-preview:large, max-video-preview:-1\" \/>\n<link rel=\"canonical\" href=\"https:\/\/www.pravnizapisi.rs\/svi-brojevi\/pravni-zapisi-1-2014\/\" \/>\n<meta property=\"og:locale\" content=\"en_US\" \/>\n<meta property=\"og:type\" content=\"article\" \/>\n<meta property=\"og:title\" content=\"Pravni zapisi 1\/2014 - Pravni Zapisi\" \/>\n<meta property=\"og:description\" content=\"Union University Law School Review Year V, No. 1\/2014, Pages 1-344 UDK\u00a034 ISSN 2217-2815 (Printed Edition) TABLE OF CONTENTS ARTICLES Vladimir V. Vodineli\u0107, What is the purpose of possessory proceedings? On the reasons for possessory protection of mere possession \u2013 Part 2. The reason for judicial protection of mere possession Igor Vila, Constitutional court protection of economic and social rights during the economic crisis Du\u0161an Vranjanac, The Human Rights Act: Its impact upon the constitutional system of Great Britain Bogoljub Milosavljevi\u0107, A contribution to definition of the concept of security in legal theory Jelena Simi\u0107 and Jelena Jerini\u0107, The right [&hellip;]\" \/>\n<meta property=\"og:url\" content=\"https:\/\/www.pravnizapisi.rs\/svi-brojevi\/pravni-zapisi-1-2014\/\" \/>\n<meta property=\"og:site_name\" content=\"Pravni Zapisi\" \/>\n<meta property=\"article:modified_time\" content=\"2021-04-25T16:39:42+00:00\" \/>\n<meta property=\"og:image\" content=\"https:\/\/www.pravnizapisi.rs\/wp-content\/uploads\/2020\/07\/pzapisi.jpg\" \/>\n\t<meta property=\"og:image:width\" content=\"150\" \/>\n\t<meta property=\"og:image:height\" content=\"225\" \/>\n\t<meta property=\"og:image:type\" content=\"image\/jpeg\" \/>\n<meta name=\"twitter:card\" content=\"summary_large_image\" \/>\n<meta name=\"twitter:label1\" content=\"Est. reading time\" \/>\n\t<meta name=\"twitter:data1\" content=\"2 minutes\" \/>\n<script type=\"application\/ld+json\" class=\"yoast-schema-graph\">{\"@context\":\"https:\/\/schema.org\",\"@graph\":[{\"@type\":\"WebPage\",\"@id\":\"https:\/\/www.pravnizapisi.rs\/svi-brojevi\/pravni-zapisi-1-2014\/\",\"url\":\"https:\/\/www.pravnizapisi.rs\/svi-brojevi\/pravni-zapisi-1-2014\/\",\"name\":\"Pravni zapisi 1\/2014 - Pravni Zapisi\",\"isPartOf\":{\"@id\":\"https:\/\/pravnizapisi.rs\/#website\"},\"datePublished\":\"2019-11-05T14:44:34+00:00\",\"dateModified\":\"2021-04-25T16:39:42+00:00\",\"breadcrumb\":{\"@id\":\"https:\/\/www.pravnizapisi.rs\/svi-brojevi\/pravni-zapisi-1-2014\/#breadcrumb\"},\"inLanguage\":\"en-US\",\"potentialAction\":[{\"@type\":\"ReadAction\",\"target\":[\"https:\/\/www.pravnizapisi.rs\/svi-brojevi\/pravni-zapisi-1-2014\/\"]}]},{\"@type\":\"BreadcrumbList\",\"@id\":\"https:\/\/www.pravnizapisi.rs\/svi-brojevi\/pravni-zapisi-1-2014\/#breadcrumb\",\"itemListElement\":[{\"@type\":\"ListItem\",\"position\":1,\"name\":\"\u041f\u043e\u0447\u0435\u0442\u043d\u0430\",\"item\":\"https:\/\/www.pravnizapisi.rs\/en\/\"},{\"@type\":\"ListItem\",\"position\":2,\"name\":\"Issues\",\"item\":\"https:\/\/www.pravnizapisi.rs\/svi-brojevi\/\"},{\"@type\":\"ListItem\",\"position\":3,\"name\":\"Pravni zapisi 1\/2014\"}]},{\"@type\":\"WebSite\",\"@id\":\"https:\/\/pravnizapisi.rs\/#website\",\"url\":\"https:\/\/pravnizapisi.rs\/\",\"name\":\"Pravni Zapisi\",\"description\":\"\",\"publisher\":{\"@id\":\"https:\/\/pravnizapisi.rs\/#organization\"},\"potentialAction\":[{\"@type\":\"SearchAction\",\"target\":{\"@type\":\"EntryPoint\",\"urlTemplate\":\"https:\/\/pravnizapisi.rs\/?s={search_term_string}\"},\"query-input\":{\"@type\":\"PropertyValueSpecification\",\"valueRequired\":true,\"valueName\":\"search_term_string\"}}],\"inLanguage\":\"en-US\"},{\"@type\":\"Organization\",\"@id\":\"https:\/\/pravnizapisi.rs\/#organization\",\"name\":\"Pravni Zapisi\",\"url\":\"https:\/\/pravnizapisi.rs\/\",\"logo\":{\"@type\":\"ImageObject\",\"inLanguage\":\"en-US\",\"@id\":\"https:\/\/pravnizapisi.rs\/#\/schema\/logo\/image\/\",\"url\":\"https:\/\/www.pravnizapisi.rs\/wp-content\/uploads\/2019\/11\/cropped-Header-logo-srb-1-1.jpg\",\"contentUrl\":\"https:\/\/www.pravnizapisi.rs\/wp-content\/uploads\/2019\/11\/cropped-Header-logo-srb-1-1.jpg\",\"width\":580,\"height\":80,\"caption\":\"Pravni Zapisi\"},\"image\":{\"@id\":\"https:\/\/pravnizapisi.rs\/#\/schema\/logo\/image\/\"}}]}<\/script>\n<!-- \/ Yoast SEO plugin. -->","yoast_head_json":{"title":"Pravni zapisi 1\/2014 - Pravni Zapisi","robots":{"index":"index","follow":"follow","max-snippet":"max-snippet:-1","max-image-preview":"max-image-preview:large","max-video-preview":"max-video-preview:-1"},"canonical":"https:\/\/www.pravnizapisi.rs\/svi-brojevi\/pravni-zapisi-1-2014\/","og_locale":"en_US","og_type":"article","og_title":"Pravni zapisi 1\/2014 - Pravni Zapisi","og_description":"Union University Law School Review Year V, No. 1\/2014, Pages 1-344 UDK\u00a034 ISSN 2217-2815 (Printed Edition) TABLE OF CONTENTS ARTICLES Vladimir V. Vodineli\u0107, What is the purpose of possessory proceedings? On the reasons for possessory protection of mere possession \u2013 Part 2. The reason for judicial protection of mere possession Igor Vila, Constitutional court protection of economic and social rights during the economic crisis Du\u0161an Vranjanac, The Human Rights Act: Its impact upon the constitutional system of Great Britain Bogoljub Milosavljevi\u0107, A contribution to definition of the concept of security in legal theory Jelena Simi\u0107 and Jelena Jerini\u0107, The right [&hellip;]","og_url":"https:\/\/www.pravnizapisi.rs\/svi-brojevi\/pravni-zapisi-1-2014\/","og_site_name":"Pravni Zapisi","article_modified_time":"2021-04-25T16:39:42+00:00","og_image":[{"width":150,"height":225,"url":"https:\/\/www.pravnizapisi.rs\/wp-content\/uploads\/2020\/07\/pzapisi.jpg","type":"image\/jpeg"}],"twitter_card":"summary_large_image","twitter_misc":{"Est. reading time":"2 minutes"},"schema":{"@context":"https:\/\/schema.org","@graph":[{"@type":"WebPage","@id":"https:\/\/www.pravnizapisi.rs\/svi-brojevi\/pravni-zapisi-1-2014\/","url":"https:\/\/www.pravnizapisi.rs\/svi-brojevi\/pravni-zapisi-1-2014\/","name":"Pravni zapisi 1\/2014 - Pravni Zapisi","isPartOf":{"@id":"https:\/\/pravnizapisi.rs\/#website"},"datePublished":"2019-11-05T14:44:34+00:00","dateModified":"2021-04-25T16:39:42+00:00","breadcrumb":{"@id":"https:\/\/www.pravnizapisi.rs\/svi-brojevi\/pravni-zapisi-1-2014\/#breadcrumb"},"inLanguage":"en-US","potentialAction":[{"@type":"ReadAction","target":["https:\/\/www.pravnizapisi.rs\/svi-brojevi\/pravni-zapisi-1-2014\/"]}]},{"@type":"BreadcrumbList","@id":"https:\/\/www.pravnizapisi.rs\/svi-brojevi\/pravni-zapisi-1-2014\/#breadcrumb","itemListElement":[{"@type":"ListItem","position":1,"name":"\u041f\u043e\u0447\u0435\u0442\u043d\u0430","item":"https:\/\/www.pravnizapisi.rs\/en\/"},{"@type":"ListItem","position":2,"name":"Issues","item":"https:\/\/www.pravnizapisi.rs\/svi-brojevi\/"},{"@type":"ListItem","position":3,"name":"Pravni zapisi 1\/2014"}]},{"@type":"WebSite","@id":"https:\/\/pravnizapisi.rs\/#website","url":"https:\/\/pravnizapisi.rs\/","name":"Pravni Zapisi","description":"","publisher":{"@id":"https:\/\/pravnizapisi.rs\/#organization"},"potentialAction":[{"@type":"SearchAction","target":{"@type":"EntryPoint","urlTemplate":"https:\/\/pravnizapisi.rs\/?s={search_term_string}"},"query-input":{"@type":"PropertyValueSpecification","valueRequired":true,"valueName":"search_term_string"}}],"inLanguage":"en-US"},{"@type":"Organization","@id":"https:\/\/pravnizapisi.rs\/#organization","name":"Pravni Zapisi","url":"https:\/\/pravnizapisi.rs\/","logo":{"@type":"ImageObject","inLanguage":"en-US","@id":"https:\/\/pravnizapisi.rs\/#\/schema\/logo\/image\/","url":"https:\/\/www.pravnizapisi.rs\/wp-content\/uploads\/2019\/11\/cropped-Header-logo-srb-1-1.jpg","contentUrl":"https:\/\/www.pravnizapisi.rs\/wp-content\/uploads\/2019\/11\/cropped-Header-logo-srb-1-1.jpg","width":580,"height":80,"caption":"Pravni Zapisi"},"image":{"@id":"https:\/\/pravnizapisi.rs\/#\/schema\/logo\/image\/"}}]}},"_links":{"self":[{"href":"https:\/\/www.pravnizapisi.rs\/en\/wp-json\/wp\/v2\/pages\/6297","targetHints":{"allow":["GET"]}}],"collection":[{"href":"https:\/\/www.pravnizapisi.rs\/en\/wp-json\/wp\/v2\/pages"}],"about":[{"href":"https:\/\/www.pravnizapisi.rs\/en\/wp-json\/wp\/v2\/types\/page"}],"author":[{"embeddable":true,"href":"https:\/\/www.pravnizapisi.rs\/en\/wp-json\/wp\/v2\/users\/4"}],"replies":[{"embeddable":true,"href":"https:\/\/www.pravnizapisi.rs\/en\/wp-json\/wp\/v2\/comments?post=6297"}],"version-history":[{"count":0,"href":"https:\/\/www.pravnizapisi.rs\/en\/wp-json\/wp\/v2\/pages\/6297\/revisions"}],"up":[{"embeddable":true,"href":"https:\/\/www.pravnizapisi.rs\/en\/wp-json\/wp\/v2\/pages\/6165"}],"wp:attachment":[{"href":"https:\/\/www.pravnizapisi.rs\/en\/wp-json\/wp\/v2\/media?parent=6297"}],"curies":[{"name":"wp","href":"https:\/\/api.w.org\/{rel}","templated":true}]}}