{"id":6303,"date":"2019-11-05T14:44:53","date_gmt":"2019-11-05T14:44:53","guid":{"rendered":"http:\/\/pravnizapisi.rs\/?page_id=6303"},"modified":"2021-04-25T17:49:28","modified_gmt":"2021-04-25T17:49:28","slug":"issues-2-2014","status":"publish","type":"page","link":"https:\/\/www.pravnizapisi.rs\/en\/issues\/issues-2-2014\/","title":{"rendered":"Pravni zapisi 2\/2014"},"content":{"rendered":"<p style=\"text-align: justify;\"><em><strong>Union University Law School Review<\/strong><\/em><br \/>\n<em><strong>Year V, No. 2\/2014, Pages 345-653<\/strong><\/em><\/p>\n<table style=\"height: 35px;\" width=\"364\" frame=\"void\">\n<tbody>\n<tr>\n<td valign=\"top\"><strong>UDK\u00a034<\/strong><\/td>\n<td align=\"left\" valign=\"top\">\n<div><strong>ISSN 2217-2815 (Printed Edition)<\/strong><\/div>\n<div><strong>ISSN 2406-1387 (Online Edition)<\/strong><\/div>\n<\/td>\n<\/tr>\n<\/tbody>\n<\/table>\n<hr \/>\n<h3 style=\"text-align: center;\">TABLE OF CONTENTS<\/h3>\n<h4 style=\"text-align: justify;\">ARTICLES<\/h4>\n<p style=\"text-align: justify;\"><a href=\"https:\/\/pravnizapisi.rs\/en\/issues\/issues-2-2014\/7560-2\/\"><strong>Tatjana Papi\u0107<\/strong>, <em>International obligations of international organizations<\/em><\/a><\/p>\n<p style=\"text-align: justify;\"><a href=\"https:\/\/pravnizapisi.rs\/en\/issues\/issues-2-2014\/7568-2\/\"><strong>Judit S\u00e1ndor<\/strong>, <em>Right to health and the human organ: Right as a consequence?<\/em><\/a><\/p>\n<p style=\"text-align: justify;\"><a href=\"https:\/\/pravnizapisi.rs\/en\/issues\/issues-2-2014\/7575-2\/\"><strong>Du\u0161an Vranjanac<\/strong>, <em>The scientific nature of John Austin\u2019s jurisprudence<\/em><\/a><\/p>\n<p style=\"text-align: justify;\"><a href=\"https:\/\/pravnizapisi.rs\/en\/issues\/issues-2-2014\/7546-2\/\"><strong>Vladimir Miki\u0107<\/strong>, <em>Functions of the preambles of modern constitutions<\/em><\/a><\/p>\n<p style=\"text-align: justify;\"><a href=\"https:\/\/pravnizapisi.rs\/en\/issues\/issues-2-2014\/7539-2\/\"><strong>Damir Juras<\/strong>, <em>Disciplinary responsibility of civil servants in the Croatian law<\/em><\/a><\/p>\n<p style=\"text-align: justify;\"><a href=\"https:\/\/pravnizapisi.rs\/wp-content\/uploads\/issues\/2-2014\/Pravni_zapisi_2014-02_06_Savkovic.pdf\"><strong>Vukan Slavkovi\u0107<\/strong>, <em>Criminal regulation of pornography in modern legislation<\/em><\/a><\/p>\n<p style=\"text-align: justify;\"><a href=\"https:\/\/pravnizapisi.rs\/wp-content\/uploads\/issues\/2-2014\/Pravni_zapisi_2014-02_07_Markovic.pdf\"><strong>Velisav Markovi\u0107<\/strong>, <em>Factoring contract in the law of the Republic of Serbia<\/em><\/a><\/p>\n<h4 style=\"text-align: justify;\"><strong>LEGAL ACTUALITIES<\/strong><\/h4>\n<p style=\"text-align: justify;\"><a href=\"https:\/\/pravnizapisi.rs\/en\/issues\/issues-2-2014\/7553-2\/\"><strong>Milo\u0161 Milo\u0161evi\u0107<\/strong>, <em>Significant deviations of the Value Added Tax Law from the Community VAT regulations<\/em><\/a><\/p>\n<p style=\"text-align: justify;\"><a href=\"https:\/\/pravnizapisi.rs\/en\/issues\/issues-2-2014\/7532-2\/\"><strong>Sla\u0111ana Aras Kramar<\/strong>, <em>Cooperation of the social welfare center and the court in family court proceedings \u2013 New Croatian family law framework<\/em><\/a><\/p>\n<h4 style=\"text-align: justify;\">CONTRIBUTIONS<\/h4>\n<p style=\"text-align: justify;\"><a href=\"https:\/\/pravnizapisi.rs\/wp-content\/uploads\/issues\/2-2014\/Pravni_zapisi_2014-02_10_Jankovic.pdf\"><strong>Ivan Jankovi\u0107<\/strong>, <em>Macke<\/em><\/a><\/p>\n<h4 style=\"text-align: justify;\">BOOK REVIEWS<\/h4>\n<p style=\"text-align: justify;\"><a href=\"https:\/\/pravnizapisi.rs\/wp-content\/uploads\/issues\/2-2014\/Pravni_zapisi_2014-02_11_Tisma.pdf\"><strong>Mladen R. Ti\u0161ma<\/strong>, <em>Donald P. Kommers, Russel A. Miller, The Constitutional Jurisprudence of the Federal Republic of Germany, Third Edition, Revised and Expanded, Duke University Press, Durham \u2013 London 2012, 874 p<\/em><\/a><\/p>\n<h4 style=\"text-align: justify;\">LEGAL PRACTICE<\/h4>\n<p style=\"text-align: justify;\"><a href=\"https:\/\/pravnizapisi.rs\/wp-content\/uploads\/issues\/2-2014\/Pravni_zapisi_2014-02_12_Ivosevic.pdf\"><strong>Zoran Ivo\u0161evi\u0107<\/strong>, <em>Termination of litigation in the case of incomplete procedural community of compulsory joinder of parties (Commentary on the legal provision and the court decision)<\/em><\/a><\/p>\n<p style=\"text-align: justify;\"><a href=\"https:\/\/pravnizapisi.rs\/wp-content\/uploads\/issues\/2-2014\/Pravni_zapisi_2014-02_13_Rakic_Vodinelic.pdf\"><strong>Vesna Raki\u0107-Vodineli\u0107<\/strong>, <em>Practice of the European Court of Human Rigths on pensions \u2013 interpretation of Article 1 of Protocol 1 to the European Convention for Protection of Human Rights and Fundamental Freedoms<\/em><\/a><\/p>\n<h4 style=\"text-align: justify;\">STUDENTS\u2019 PAPERS<\/h4>\n<p style=\"text-align: justify;\"><a href=\"https:\/\/pravnizapisi.rs\/wp-content\/uploads\/issues\/2-2014\/Pravni_zapisi_2014-02_14_Radulovic.pdf\"><strong>Jovan Radulovi\u0107<\/strong>, <em>Synthesis of the common-law accusatorial and the continental mixed criminal procedural justice system \u2013 the example of the International Criminal Tribunal for the Former Yugoslavia \u2013 Part 2<\/em><\/a><\/p>\n<p style=\"text-align: justify;\"><a href=\"https:\/\/pravnizapisi.rs\/wp-content\/uploads\/issues\/2-2014\/Pravni_zapisi_2014-02_15_Hronika_fakulteta.pdf\"><em>CHRONICLE OF THE FACULTY (2014)<\/em>, <strong>edited by Iva Ru\u0161kuc<\/strong><\/a><\/p>\n","protected":false},"excerpt":{"rendered":"<p>Union University Law School Review Year V, No. 2\/2014, Pages 345-653 UDK\u00a034 ISSN 2217-2815 (Printed Edition) ISSN 2406-1387 (Online Edition) TABLE OF CONTENTS ARTICLES Tatjana Papi\u0107, International obligations of international organizations Judit S\u00e1ndor, Right to health and the human organ: Right as a consequence? Du\u0161an Vranjanac, The scientific nature of John Austin\u2019s jurisprudence Vladimir Miki\u0107, Functions of the preambles of modern constitutions Damir Juras, Disciplinary responsibility of civil servants in the Croatian law Vukan Slavkovi\u0107, Criminal regulation of pornography in modern legislation Velisav Markovi\u0107, Factoring contract in the law of the Republic of Serbia LEGAL ACTUALITIES Milo\u0161 Milo\u0161evi\u0107, Significant deviations [&hellip;]<\/p>\n","protected":false},"author":4,"featured_media":0,"parent":6165,"menu_order":0,"comment_status":"closed","ping_status":"closed","template":"template-fullwidth.php","meta":{"footnotes":""},"class_list":["post-6303","page","type-page","status-publish","hentry"],"yoast_head":"<!-- This site is optimized with the Yoast SEO plugin v27.1.1 - https:\/\/yoast.com\/product\/yoast-seo-wordpress\/ -->\n<title>Pravni zapisi 2\/2014 - Pravni Zapisi<\/title>\n<meta name=\"robots\" content=\"index, follow, max-snippet:-1, max-image-preview:large, max-video-preview:-1\" \/>\n<link rel=\"canonical\" href=\"https:\/\/www.pravnizapisi.rs\/svi-brojevi\/pravni-zapisi-2-2014\/\" \/>\n<meta property=\"og:locale\" content=\"en_US\" \/>\n<meta property=\"og:type\" content=\"article\" \/>\n<meta property=\"og:title\" content=\"Pravni zapisi 2\/2014 - Pravni Zapisi\" \/>\n<meta property=\"og:description\" content=\"Union University Law School Review Year V, No. 2\/2014, Pages 345-653 UDK\u00a034 ISSN 2217-2815 (Printed Edition) ISSN 2406-1387 (Online Edition) TABLE OF CONTENTS ARTICLES Tatjana Papi\u0107, International obligations of international organizations Judit S\u00e1ndor, Right to health and the human organ: Right as a consequence? Du\u0161an Vranjanac, The scientific nature of John Austin\u2019s jurisprudence Vladimir Miki\u0107, Functions of the preambles of modern constitutions Damir Juras, Disciplinary responsibility of civil servants in the Croatian law Vukan Slavkovi\u0107, Criminal regulation of pornography in modern legislation Velisav Markovi\u0107, Factoring contract in the law of the Republic of Serbia LEGAL ACTUALITIES Milo\u0161 Milo\u0161evi\u0107, Significant deviations [&hellip;]\" \/>\n<meta property=\"og:url\" content=\"https:\/\/www.pravnizapisi.rs\/svi-brojevi\/pravni-zapisi-2-2014\/\" \/>\n<meta property=\"og:site_name\" content=\"Pravni Zapisi\" \/>\n<meta property=\"article:modified_time\" content=\"2021-04-25T17:49:28+00:00\" \/>\n<meta property=\"og:image\" content=\"https:\/\/www.pravnizapisi.rs\/wp-content\/uploads\/2020\/07\/pzapisi.jpg\" \/>\n\t<meta property=\"og:image:width\" content=\"150\" \/>\n\t<meta property=\"og:image:height\" content=\"225\" \/>\n\t<meta property=\"og:image:type\" content=\"image\/jpeg\" \/>\n<meta name=\"twitter:card\" content=\"summary_large_image\" \/>\n<meta name=\"twitter:label1\" content=\"Est. reading time\" \/>\n\t<meta name=\"twitter:data1\" content=\"1 minute\" \/>\n<script type=\"application\/ld+json\" class=\"yoast-schema-graph\">{\"@context\":\"https:\/\/schema.org\",\"@graph\":[{\"@type\":\"WebPage\",\"@id\":\"https:\/\/www.pravnizapisi.rs\/svi-brojevi\/pravni-zapisi-2-2014\/\",\"url\":\"https:\/\/www.pravnizapisi.rs\/svi-brojevi\/pravni-zapisi-2-2014\/\",\"name\":\"Pravni zapisi 2\/2014 - Pravni Zapisi\",\"isPartOf\":{\"@id\":\"https:\/\/pravnizapisi.rs\/#website\"},\"datePublished\":\"2019-11-05T14:44:53+00:00\",\"dateModified\":\"2021-04-25T17:49:28+00:00\",\"breadcrumb\":{\"@id\":\"https:\/\/www.pravnizapisi.rs\/svi-brojevi\/pravni-zapisi-2-2014\/#breadcrumb\"},\"inLanguage\":\"en-US\",\"potentialAction\":[{\"@type\":\"ReadAction\",\"target\":[\"https:\/\/www.pravnizapisi.rs\/svi-brojevi\/pravni-zapisi-2-2014\/\"]}]},{\"@type\":\"BreadcrumbList\",\"@id\":\"https:\/\/www.pravnizapisi.rs\/svi-brojevi\/pravni-zapisi-2-2014\/#breadcrumb\",\"itemListElement\":[{\"@type\":\"ListItem\",\"position\":1,\"name\":\"\u041f\u043e\u0447\u0435\u0442\u043d\u0430\",\"item\":\"https:\/\/www.pravnizapisi.rs\/en\/\"},{\"@type\":\"ListItem\",\"position\":2,\"name\":\"Issues\",\"item\":\"https:\/\/www.pravnizapisi.rs\/svi-brojevi\/\"},{\"@type\":\"ListItem\",\"position\":3,\"name\":\"Pravni zapisi 2\/2014\"}]},{\"@type\":\"WebSite\",\"@id\":\"https:\/\/pravnizapisi.rs\/#website\",\"url\":\"https:\/\/pravnizapisi.rs\/\",\"name\":\"Pravni Zapisi\",\"description\":\"\",\"publisher\":{\"@id\":\"https:\/\/pravnizapisi.rs\/#organization\"},\"potentialAction\":[{\"@type\":\"SearchAction\",\"target\":{\"@type\":\"EntryPoint\",\"urlTemplate\":\"https:\/\/pravnizapisi.rs\/?s={search_term_string}\"},\"query-input\":{\"@type\":\"PropertyValueSpecification\",\"valueRequired\":true,\"valueName\":\"search_term_string\"}}],\"inLanguage\":\"en-US\"},{\"@type\":\"Organization\",\"@id\":\"https:\/\/pravnizapisi.rs\/#organization\",\"name\":\"Pravni Zapisi\",\"url\":\"https:\/\/pravnizapisi.rs\/\",\"logo\":{\"@type\":\"ImageObject\",\"inLanguage\":\"en-US\",\"@id\":\"https:\/\/pravnizapisi.rs\/#\/schema\/logo\/image\/\",\"url\":\"https:\/\/www.pravnizapisi.rs\/wp-content\/uploads\/2019\/11\/cropped-Header-logo-srb-1-1.jpg\",\"contentUrl\":\"https:\/\/www.pravnizapisi.rs\/wp-content\/uploads\/2019\/11\/cropped-Header-logo-srb-1-1.jpg\",\"width\":580,\"height\":80,\"caption\":\"Pravni Zapisi\"},\"image\":{\"@id\":\"https:\/\/pravnizapisi.rs\/#\/schema\/logo\/image\/\"}}]}<\/script>\n<!-- \/ Yoast SEO plugin. -->","yoast_head_json":{"title":"Pravni zapisi 2\/2014 - Pravni Zapisi","robots":{"index":"index","follow":"follow","max-snippet":"max-snippet:-1","max-image-preview":"max-image-preview:large","max-video-preview":"max-video-preview:-1"},"canonical":"https:\/\/www.pravnizapisi.rs\/svi-brojevi\/pravni-zapisi-2-2014\/","og_locale":"en_US","og_type":"article","og_title":"Pravni zapisi 2\/2014 - Pravni Zapisi","og_description":"Union University Law School Review Year V, No. 2\/2014, Pages 345-653 UDK\u00a034 ISSN 2217-2815 (Printed Edition) ISSN 2406-1387 (Online Edition) TABLE OF CONTENTS ARTICLES Tatjana Papi\u0107, International obligations of international organizations Judit S\u00e1ndor, Right to health and the human organ: Right as a consequence? Du\u0161an Vranjanac, The scientific nature of John Austin\u2019s jurisprudence Vladimir Miki\u0107, Functions of the preambles of modern constitutions Damir Juras, Disciplinary responsibility of civil servants in the Croatian law Vukan Slavkovi\u0107, Criminal regulation of pornography in modern legislation Velisav Markovi\u0107, Factoring contract in the law of the Republic of Serbia LEGAL ACTUALITIES Milo\u0161 Milo\u0161evi\u0107, Significant deviations [&hellip;]","og_url":"https:\/\/www.pravnizapisi.rs\/svi-brojevi\/pravni-zapisi-2-2014\/","og_site_name":"Pravni Zapisi","article_modified_time":"2021-04-25T17:49:28+00:00","og_image":[{"width":150,"height":225,"url":"https:\/\/www.pravnizapisi.rs\/wp-content\/uploads\/2020\/07\/pzapisi.jpg","type":"image\/jpeg"}],"twitter_card":"summary_large_image","twitter_misc":{"Est. reading time":"1 minute"},"schema":{"@context":"https:\/\/schema.org","@graph":[{"@type":"WebPage","@id":"https:\/\/www.pravnizapisi.rs\/svi-brojevi\/pravni-zapisi-2-2014\/","url":"https:\/\/www.pravnizapisi.rs\/svi-brojevi\/pravni-zapisi-2-2014\/","name":"Pravni zapisi 2\/2014 - Pravni Zapisi","isPartOf":{"@id":"https:\/\/pravnizapisi.rs\/#website"},"datePublished":"2019-11-05T14:44:53+00:00","dateModified":"2021-04-25T17:49:28+00:00","breadcrumb":{"@id":"https:\/\/www.pravnizapisi.rs\/svi-brojevi\/pravni-zapisi-2-2014\/#breadcrumb"},"inLanguage":"en-US","potentialAction":[{"@type":"ReadAction","target":["https:\/\/www.pravnizapisi.rs\/svi-brojevi\/pravni-zapisi-2-2014\/"]}]},{"@type":"BreadcrumbList","@id":"https:\/\/www.pravnizapisi.rs\/svi-brojevi\/pravni-zapisi-2-2014\/#breadcrumb","itemListElement":[{"@type":"ListItem","position":1,"name":"\u041f\u043e\u0447\u0435\u0442\u043d\u0430","item":"https:\/\/www.pravnizapisi.rs\/en\/"},{"@type":"ListItem","position":2,"name":"Issues","item":"https:\/\/www.pravnizapisi.rs\/svi-brojevi\/"},{"@type":"ListItem","position":3,"name":"Pravni zapisi 2\/2014"}]},{"@type":"WebSite","@id":"https:\/\/pravnizapisi.rs\/#website","url":"https:\/\/pravnizapisi.rs\/","name":"Pravni Zapisi","description":"","publisher":{"@id":"https:\/\/pravnizapisi.rs\/#organization"},"potentialAction":[{"@type":"SearchAction","target":{"@type":"EntryPoint","urlTemplate":"https:\/\/pravnizapisi.rs\/?s={search_term_string}"},"query-input":{"@type":"PropertyValueSpecification","valueRequired":true,"valueName":"search_term_string"}}],"inLanguage":"en-US"},{"@type":"Organization","@id":"https:\/\/pravnizapisi.rs\/#organization","name":"Pravni Zapisi","url":"https:\/\/pravnizapisi.rs\/","logo":{"@type":"ImageObject","inLanguage":"en-US","@id":"https:\/\/pravnizapisi.rs\/#\/schema\/logo\/image\/","url":"https:\/\/www.pravnizapisi.rs\/wp-content\/uploads\/2019\/11\/cropped-Header-logo-srb-1-1.jpg","contentUrl":"https:\/\/www.pravnizapisi.rs\/wp-content\/uploads\/2019\/11\/cropped-Header-logo-srb-1-1.jpg","width":580,"height":80,"caption":"Pravni Zapisi"},"image":{"@id":"https:\/\/pravnizapisi.rs\/#\/schema\/logo\/image\/"}}]}},"_links":{"self":[{"href":"https:\/\/www.pravnizapisi.rs\/en\/wp-json\/wp\/v2\/pages\/6303","targetHints":{"allow":["GET"]}}],"collection":[{"href":"https:\/\/www.pravnizapisi.rs\/en\/wp-json\/wp\/v2\/pages"}],"about":[{"href":"https:\/\/www.pravnizapisi.rs\/en\/wp-json\/wp\/v2\/types\/page"}],"author":[{"embeddable":true,"href":"https:\/\/www.pravnizapisi.rs\/en\/wp-json\/wp\/v2\/users\/4"}],"replies":[{"embeddable":true,"href":"https:\/\/www.pravnizapisi.rs\/en\/wp-json\/wp\/v2\/comments?post=6303"}],"version-history":[{"count":0,"href":"https:\/\/www.pravnizapisi.rs\/en\/wp-json\/wp\/v2\/pages\/6303\/revisions"}],"up":[{"embeddable":true,"href":"https:\/\/www.pravnizapisi.rs\/en\/wp-json\/wp\/v2\/pages\/6165"}],"wp:attachment":[{"href":"https:\/\/www.pravnizapisi.rs\/en\/wp-json\/wp\/v2\/media?parent=6303"}],"curies":[{"name":"wp","href":"https:\/\/api.w.org\/{rel}","templated":true}]}}