{"id":6307,"date":"2019-11-05T14:45:24","date_gmt":"2019-11-05T14:45:24","guid":{"rendered":"http:\/\/pravnizapisi.rs\/?page_id=6307"},"modified":"2021-04-24T15:51:59","modified_gmt":"2021-04-24T15:51:59","slug":"issues-2-2013","status":"publish","type":"page","link":"https:\/\/www.pravnizapisi.rs\/en\/issues\/issues-2-2013\/","title":{"rendered":"Pravni zapisi 2\/2013"},"content":{"rendered":"<p style=\"text-align: justify;\"><em><strong>Union University Law School Review<\/strong><\/em><br \/>\n<em><strong>Year IV, No. 2\/2013, Pages 249-570<\/strong><\/em><\/p>\n<table style=\"height: 35px;\" width=\"364\" frame=\"void\">\n<tbody>\n<tr>\n<td valign=\"top\"><strong>UDK\u00a034<\/strong><\/td>\n<td align=\"left\" valign=\"top\">\n<div><strong>ISSN 2217-2815 (Printed Edition)<\/strong><\/div>\n<\/td>\n<\/tr>\n<\/tbody>\n<\/table>\n<hr \/>\n<h3 style=\"text-align: center;\">TABLE OF CONTENTS<\/h3>\n<h4>ARTICLES<\/h4>\n<div class=\"jsn-article-content\">\n<p style=\"text-align: justify;\"><a href=\"https:\/\/pravnizapisi.rs\/en\/issues\/issues-2-2013\/7459-2\/\"><strong>Katarina Damnjanovi\u0107<\/strong>, <em>Globalization \u2013 \u201cgolden age\u201d or \u201ctwilight\u201d of intellectual property rights?<\/em><\/a><\/p>\n<p style=\"text-align: justify;\"><a href=\"https:\/\/pravnizapisi.rs\/en\/issues\/issues-2-2013\/7481-2\/\"><strong>Vladimir V. Vodineli\u0107<\/strong>, <em>What is the purpose of possessory proceedings? On the reasons for possessory protection of mere possession Part 1. Judicial protection of mere possession<\/em><\/a><\/p>\n<p style=\"text-align: justify;\"><a href=\"https:\/\/pravnizapisi.rs\/en\/issues\/issues-2-2013\/7452-2\/\"><strong>Predrag Blagojevi\u0107<\/strong>, <em>Law as a factor of management of cultural politics in Serbia<\/em><\/a><\/p>\n<p style=\"text-align: justify;\"><a href=\"https:\/\/pravnizapisi.rs\/en\/issues\/issues-2-2013\/7466-2\/\"><strong>Aleksa Radonji\u0107<\/strong>, <em>Is there a place for contract law in Rawls\u2019s theory of justice?<\/em><\/a><\/p>\n<p style=\"text-align: justify;\"><a href=\"https:\/\/pravnizapisi.rs\/wp-content\/uploads\/issues\/2-2013\/Pravni_zapisi_2013-02_05_Zivkovski.pdf\"><strong>Igor \u017divkovski<\/strong>, <em>Legal and politicological aspects of liberalism<\/em><\/a><\/p>\n<p style=\"text-align: justify;\"><a href=\"https:\/\/pravnizapisi.rs\/en\/issues\/issues-2-2013\/7474-2\/\"><strong>Bo\u0161ko Tripkovi\u0107<\/strong>, <em>Militant democracy and autonomy<\/em><\/a><\/p>\n<h4 style=\"text-align: justify;\">LEGAL ACTUALITIES<\/h4>\n<p style=\"text-align: justify;\"><a href=\"https:\/\/pravnizapisi.rs\/wp-content\/uploads\/issues\/2-2013\/Pravni_zapisi_2013-02_07_Varady.pdf\"><strong>Tibor V\u00e1rady<\/strong><em>, Opinion on constitutional and legal issues raised regarding the disputed provisions of the Law on National Councils of National Miniroties \u2013 Presented at the Public Debate before the Constitutional Court on July 2, 2013<\/em><\/a><\/p>\n<p style=\"text-align: justify;\"><a href=\"https:\/\/pravnizapisi.rs\/wp-content\/uploads\/issues\/2-2013\/Pravni_zapisi_2013-02_08_Korhecz.pdf\"><strong>Tam\u00e1s Korhecz<\/strong><em>, Statute of autonomous province at the Constitutional Law of the Republic of Serbia<\/em><\/a><\/p>\n<p style=\"text-align: justify;\"><a href=\"https:\/\/pravnizapisi.rs\/wp-content\/uploads\/issues\/2-2013\/Pravni_zapisi_2013-02_09_Milosavljevic.pdf\"><strong>Bogoljub Milosavljevi\u0107<\/strong><em>, Provincial statute and organization of provincial government under the Constitution of the Republic of Serbia<\/em><\/a><\/p>\n<p style=\"text-align: justify;\"><a href=\"https:\/\/pravnizapisi.rs\/en\/issues\/issues-2-2013\/7445-2\/\"><strong>Violeta Be\u0161irevi\u0107<\/strong><em>, Passion according to the Statute: Will the textual Dogmatization of the Constitution abolish the political autonomy of Vojvodina? \u2013 Contribution to the Public Debate on Constitutionality and Legality of the Vojvodina\u2019s Statute<\/em><\/a><\/p>\n<h4 style=\"text-align: justify;\">LEGAL PRACTICE<\/h4>\n<p style=\"text-align: justify;\"><a href=\"https:\/\/pravnizapisi.rs\/wp-content\/uploads\/issues\/2-2013\/Pravni_zapisi_2013-02_11_Ivosevic.pdf\">Zoran Ivo\u0161evi\u0107, <em>Capacity of the preclusive deadline for claims under the <\/em><em>Public Information Act (Commentary on the Decision of the Belgrade <\/em><em>Court of Appeals G\u017e-12019\/10. of May 20, 2010)<\/em><\/a><\/p>\n<h4 style=\"text-align: justify;\">STUDENTS\u2019 PAPERS<\/h4>\n<p style=\"text-align: justify;\"><a href=\"https:\/\/pravnizapisi.rs\/wp-content\/uploads\/issues\/2-2013\/Pravni_zapisi_2013-02_12_Kovacevic.pdf\"><strong>Veljko Kova\u010devi\u0107<\/strong><em>, Some questions about the nature and structure of certain branches and legal institutes of english law<\/em><\/a><\/p>\n<p style=\"text-align: justify;\"><a href=\"https:\/\/pravnizapisi.rs\/wp-content\/uploads\/issues\/2-2013\/Pravni_zapisi_2013-02_13_Matkovic.pdf\"><strong>Aleksandar Matkovi\u0107<\/strong><em>, Pro-environmental crime<\/em><\/a><\/p>\n<p style=\"text-align: justify;\"><a href=\"https:\/\/pravnizapisi.rs\/wp-content\/uploads\/issues\/2-2013\/Pravni_zapisi_2013-02_14_Eticki_kodeks.pdf\"><em>ETHICAL CODE OF GOOD SCIENTIFIC PRACTICE of Union University Law School<\/em><\/a><\/p>\n<p style=\"text-align: justify;\"><em>CHRONICLE OF THE FACULTY (2013)<\/em>, <strong>edited by Milka Bekjarev<\/strong><\/p>\n<\/div>\n","protected":false},"excerpt":{"rendered":"<p>Union University Law School Review Year IV, No. 2\/2013, Pages 249-570 UDK\u00a034 ISSN 2217-2815 (Printed Edition) TABLE OF CONTENTS ARTICLES Katarina Damnjanovi\u0107, Globalization \u2013 \u201cgolden age\u201d or \u201ctwilight\u201d of intellectual property rights? Vladimir V. Vodineli\u0107, What is the purpose of possessory proceedings? On the reasons for possessory protection of mere possession Part 1. Judicial protection of mere possession Predrag Blagojevi\u0107, Law as a factor of management of cultural politics in Serbia Aleksa Radonji\u0107, Is there a place for contract law in Rawls\u2019s theory of justice? Igor \u017divkovski, Legal and politicological aspects of liberalism Bo\u0161ko Tripkovi\u0107, Militant democracy and autonomy LEGAL [&hellip;]<\/p>\n","protected":false},"author":4,"featured_media":0,"parent":6165,"menu_order":0,"comment_status":"closed","ping_status":"closed","template":"template-fullwidth.php","meta":{"footnotes":""},"class_list":["post-6307","page","type-page","status-publish","hentry"],"yoast_head":"<!-- This site is optimized with the Yoast SEO plugin v27.1.1 - https:\/\/yoast.com\/product\/yoast-seo-wordpress\/ -->\n<title>Pravni zapisi 2\/2013 - Pravni Zapisi<\/title>\n<meta name=\"robots\" content=\"index, follow, max-snippet:-1, max-image-preview:large, max-video-preview:-1\" \/>\n<link rel=\"canonical\" href=\"https:\/\/www.pravnizapisi.rs\/svi-brojevi\/pravni-zapisi-2-2013\/\" \/>\n<meta property=\"og:locale\" content=\"en_US\" \/>\n<meta property=\"og:type\" content=\"article\" \/>\n<meta property=\"og:title\" content=\"Pravni zapisi 2\/2013 - Pravni Zapisi\" \/>\n<meta property=\"og:description\" content=\"Union University Law School Review Year IV, No. 2\/2013, Pages 249-570 UDK\u00a034 ISSN 2217-2815 (Printed Edition) TABLE OF CONTENTS ARTICLES Katarina Damnjanovi\u0107, Globalization \u2013 \u201cgolden age\u201d or \u201ctwilight\u201d of intellectual property rights? Vladimir V. Vodineli\u0107, What is the purpose of possessory proceedings? On the reasons for possessory protection of mere possession Part 1. Judicial protection of mere possession Predrag Blagojevi\u0107, Law as a factor of management of cultural politics in Serbia Aleksa Radonji\u0107, Is there a place for contract law in Rawls\u2019s theory of justice? Igor \u017divkovski, Legal and politicological aspects of liberalism Bo\u0161ko Tripkovi\u0107, Militant democracy and autonomy LEGAL [&hellip;]\" \/>\n<meta property=\"og:url\" content=\"https:\/\/www.pravnizapisi.rs\/svi-brojevi\/pravni-zapisi-2-2013\/\" \/>\n<meta property=\"og:site_name\" content=\"Pravni Zapisi\" \/>\n<meta property=\"article:modified_time\" content=\"2021-04-24T15:51:59+00:00\" \/>\n<meta property=\"og:image\" content=\"https:\/\/www.pravnizapisi.rs\/wp-content\/uploads\/2020\/07\/pzapisi.jpg\" \/>\n\t<meta property=\"og:image:width\" content=\"150\" \/>\n\t<meta property=\"og:image:height\" content=\"225\" \/>\n\t<meta property=\"og:image:type\" content=\"image\/jpeg\" \/>\n<meta name=\"twitter:card\" content=\"summary_large_image\" \/>\n<meta name=\"twitter:label1\" content=\"Est. reading time\" \/>\n\t<meta name=\"twitter:data1\" content=\"1 minute\" \/>\n<script type=\"application\/ld+json\" class=\"yoast-schema-graph\">{\"@context\":\"https:\/\/schema.org\",\"@graph\":[{\"@type\":\"WebPage\",\"@id\":\"https:\/\/www.pravnizapisi.rs\/svi-brojevi\/pravni-zapisi-2-2013\/\",\"url\":\"https:\/\/www.pravnizapisi.rs\/svi-brojevi\/pravni-zapisi-2-2013\/\",\"name\":\"Pravni zapisi 2\/2013 - Pravni Zapisi\",\"isPartOf\":{\"@id\":\"https:\/\/pravnizapisi.rs\/#website\"},\"datePublished\":\"2019-11-05T14:45:24+00:00\",\"dateModified\":\"2021-04-24T15:51:59+00:00\",\"breadcrumb\":{\"@id\":\"https:\/\/www.pravnizapisi.rs\/svi-brojevi\/pravni-zapisi-2-2013\/#breadcrumb\"},\"inLanguage\":\"en-US\",\"potentialAction\":[{\"@type\":\"ReadAction\",\"target\":[\"https:\/\/www.pravnizapisi.rs\/svi-brojevi\/pravni-zapisi-2-2013\/\"]}]},{\"@type\":\"BreadcrumbList\",\"@id\":\"https:\/\/www.pravnizapisi.rs\/svi-brojevi\/pravni-zapisi-2-2013\/#breadcrumb\",\"itemListElement\":[{\"@type\":\"ListItem\",\"position\":1,\"name\":\"\u041f\u043e\u0447\u0435\u0442\u043d\u0430\",\"item\":\"https:\/\/www.pravnizapisi.rs\/en\/\"},{\"@type\":\"ListItem\",\"position\":2,\"name\":\"Issues\",\"item\":\"https:\/\/www.pravnizapisi.rs\/svi-brojevi\/\"},{\"@type\":\"ListItem\",\"position\":3,\"name\":\"Pravni zapisi 2\/2013\"}]},{\"@type\":\"WebSite\",\"@id\":\"https:\/\/pravnizapisi.rs\/#website\",\"url\":\"https:\/\/pravnizapisi.rs\/\",\"name\":\"Pravni Zapisi\",\"description\":\"\",\"publisher\":{\"@id\":\"https:\/\/pravnizapisi.rs\/#organization\"},\"potentialAction\":[{\"@type\":\"SearchAction\",\"target\":{\"@type\":\"EntryPoint\",\"urlTemplate\":\"https:\/\/pravnizapisi.rs\/?s={search_term_string}\"},\"query-input\":{\"@type\":\"PropertyValueSpecification\",\"valueRequired\":true,\"valueName\":\"search_term_string\"}}],\"inLanguage\":\"en-US\"},{\"@type\":\"Organization\",\"@id\":\"https:\/\/pravnizapisi.rs\/#organization\",\"name\":\"Pravni Zapisi\",\"url\":\"https:\/\/pravnizapisi.rs\/\",\"logo\":{\"@type\":\"ImageObject\",\"inLanguage\":\"en-US\",\"@id\":\"https:\/\/pravnizapisi.rs\/#\/schema\/logo\/image\/\",\"url\":\"https:\/\/www.pravnizapisi.rs\/wp-content\/uploads\/2019\/11\/cropped-Header-logo-srb-1-1.jpg\",\"contentUrl\":\"https:\/\/www.pravnizapisi.rs\/wp-content\/uploads\/2019\/11\/cropped-Header-logo-srb-1-1.jpg\",\"width\":580,\"height\":80,\"caption\":\"Pravni Zapisi\"},\"image\":{\"@id\":\"https:\/\/pravnizapisi.rs\/#\/schema\/logo\/image\/\"}}]}<\/script>\n<!-- \/ Yoast SEO plugin. -->","yoast_head_json":{"title":"Pravni zapisi 2\/2013 - Pravni Zapisi","robots":{"index":"index","follow":"follow","max-snippet":"max-snippet:-1","max-image-preview":"max-image-preview:large","max-video-preview":"max-video-preview:-1"},"canonical":"https:\/\/www.pravnizapisi.rs\/svi-brojevi\/pravni-zapisi-2-2013\/","og_locale":"en_US","og_type":"article","og_title":"Pravni zapisi 2\/2013 - Pravni Zapisi","og_description":"Union University Law School Review Year IV, No. 2\/2013, Pages 249-570 UDK\u00a034 ISSN 2217-2815 (Printed Edition) TABLE OF CONTENTS ARTICLES Katarina Damnjanovi\u0107, Globalization \u2013 \u201cgolden age\u201d or \u201ctwilight\u201d of intellectual property rights? Vladimir V. Vodineli\u0107, What is the purpose of possessory proceedings? On the reasons for possessory protection of mere possession Part 1. Judicial protection of mere possession Predrag Blagojevi\u0107, Law as a factor of management of cultural politics in Serbia Aleksa Radonji\u0107, Is there a place for contract law in Rawls\u2019s theory of justice? Igor \u017divkovski, Legal and politicological aspects of liberalism Bo\u0161ko Tripkovi\u0107, Militant democracy and autonomy LEGAL [&hellip;]","og_url":"https:\/\/www.pravnizapisi.rs\/svi-brojevi\/pravni-zapisi-2-2013\/","og_site_name":"Pravni Zapisi","article_modified_time":"2021-04-24T15:51:59+00:00","og_image":[{"width":150,"height":225,"url":"https:\/\/www.pravnizapisi.rs\/wp-content\/uploads\/2020\/07\/pzapisi.jpg","type":"image\/jpeg"}],"twitter_card":"summary_large_image","twitter_misc":{"Est. reading time":"1 minute"},"schema":{"@context":"https:\/\/schema.org","@graph":[{"@type":"WebPage","@id":"https:\/\/www.pravnizapisi.rs\/svi-brojevi\/pravni-zapisi-2-2013\/","url":"https:\/\/www.pravnizapisi.rs\/svi-brojevi\/pravni-zapisi-2-2013\/","name":"Pravni zapisi 2\/2013 - Pravni Zapisi","isPartOf":{"@id":"https:\/\/pravnizapisi.rs\/#website"},"datePublished":"2019-11-05T14:45:24+00:00","dateModified":"2021-04-24T15:51:59+00:00","breadcrumb":{"@id":"https:\/\/www.pravnizapisi.rs\/svi-brojevi\/pravni-zapisi-2-2013\/#breadcrumb"},"inLanguage":"en-US","potentialAction":[{"@type":"ReadAction","target":["https:\/\/www.pravnizapisi.rs\/svi-brojevi\/pravni-zapisi-2-2013\/"]}]},{"@type":"BreadcrumbList","@id":"https:\/\/www.pravnizapisi.rs\/svi-brojevi\/pravni-zapisi-2-2013\/#breadcrumb","itemListElement":[{"@type":"ListItem","position":1,"name":"\u041f\u043e\u0447\u0435\u0442\u043d\u0430","item":"https:\/\/www.pravnizapisi.rs\/en\/"},{"@type":"ListItem","position":2,"name":"Issues","item":"https:\/\/www.pravnizapisi.rs\/svi-brojevi\/"},{"@type":"ListItem","position":3,"name":"Pravni zapisi 2\/2013"}]},{"@type":"WebSite","@id":"https:\/\/pravnizapisi.rs\/#website","url":"https:\/\/pravnizapisi.rs\/","name":"Pravni Zapisi","description":"","publisher":{"@id":"https:\/\/pravnizapisi.rs\/#organization"},"potentialAction":[{"@type":"SearchAction","target":{"@type":"EntryPoint","urlTemplate":"https:\/\/pravnizapisi.rs\/?s={search_term_string}"},"query-input":{"@type":"PropertyValueSpecification","valueRequired":true,"valueName":"search_term_string"}}],"inLanguage":"en-US"},{"@type":"Organization","@id":"https:\/\/pravnizapisi.rs\/#organization","name":"Pravni Zapisi","url":"https:\/\/pravnizapisi.rs\/","logo":{"@type":"ImageObject","inLanguage":"en-US","@id":"https:\/\/pravnizapisi.rs\/#\/schema\/logo\/image\/","url":"https:\/\/www.pravnizapisi.rs\/wp-content\/uploads\/2019\/11\/cropped-Header-logo-srb-1-1.jpg","contentUrl":"https:\/\/www.pravnizapisi.rs\/wp-content\/uploads\/2019\/11\/cropped-Header-logo-srb-1-1.jpg","width":580,"height":80,"caption":"Pravni Zapisi"},"image":{"@id":"https:\/\/pravnizapisi.rs\/#\/schema\/logo\/image\/"}}]}},"_links":{"self":[{"href":"https:\/\/www.pravnizapisi.rs\/en\/wp-json\/wp\/v2\/pages\/6307","targetHints":{"allow":["GET"]}}],"collection":[{"href":"https:\/\/www.pravnizapisi.rs\/en\/wp-json\/wp\/v2\/pages"}],"about":[{"href":"https:\/\/www.pravnizapisi.rs\/en\/wp-json\/wp\/v2\/types\/page"}],"author":[{"embeddable":true,"href":"https:\/\/www.pravnizapisi.rs\/en\/wp-json\/wp\/v2\/users\/4"}],"replies":[{"embeddable":true,"href":"https:\/\/www.pravnizapisi.rs\/en\/wp-json\/wp\/v2\/comments?post=6307"}],"version-history":[{"count":0,"href":"https:\/\/www.pravnizapisi.rs\/en\/wp-json\/wp\/v2\/pages\/6307\/revisions"}],"up":[{"embeddable":true,"href":"https:\/\/www.pravnizapisi.rs\/en\/wp-json\/wp\/v2\/pages\/6165"}],"wp:attachment":[{"href":"https:\/\/www.pravnizapisi.rs\/en\/wp-json\/wp\/v2\/media?parent=6307"}],"curies":[{"name":"wp","href":"https:\/\/api.w.org\/{rel}","templated":true}]}}