{"id":6313,"date":"2019-11-05T14:48:17","date_gmt":"2019-11-05T14:48:17","guid":{"rendered":"http:\/\/pravnizapisi.rs\/?page_id=6313"},"modified":"2021-04-24T10:17:30","modified_gmt":"2021-04-24T10:17:30","slug":"issues-1-2012","status":"publish","type":"page","link":"https:\/\/www.pravnizapisi.rs\/en\/issues\/issues-1-2012\/","title":{"rendered":"Pravni zapisi 1\/2012"},"content":{"rendered":"<p style=\"text-align: justify;\"><em><strong>Union University Law School Review<\/strong><\/em><br \/>\n<em><strong>Year III, No. 1\/2012, Pages 1-250<\/strong><\/em><\/p>\n<table style=\"height: 35px;\" width=\"364\" frame=\"void\">\n<tbody>\n<tr>\n<td valign=\"top\"><strong>UDK\u00a034<\/strong><\/td>\n<td align=\"left\" valign=\"top\">\n<div><strong>ISSN 2217-2815 (Printed Edition)<\/strong><\/div>\n<\/td>\n<\/tr>\n<\/tbody>\n<\/table>\n<hr \/>\n<div class=\"jsn-article-content\">\n<h3 style=\"text-align: center;\">TABLE OF CONTENTS<\/h3>\n<h4>ARTICLES<\/h4>\n<p style=\"text-align: justify;\"><a href=\"https:\/\/pravnizapisi.rs\/en\/issues\/issues-1-2012\/7352-2\/\"><strong>Bogoljub Milosavljevi\u0107<\/strong>, <em>The principle of Separation of Powers in Serbian Constitution and Constitutional Practice<\/em><\/a><\/p>\n<p style=\"text-align: justify;\"><a href=\"https:\/\/pravnizapisi.rs\/en\/issues\/issues-1-2012\/7368-2\/\"><strong>Du\u0161an Vranjanac<\/strong>, <em>Some Issues Concerning the Relation between Statutory and Judge-Made Law in England<\/em><\/a><\/p>\n<p style=\"text-align: justify;\"><a href=\"https:\/\/pravnizapisi.rs\/en\/issues\/issues-1-2012\/7345-2\/\"><strong>Jelena Voli\u0107-Hellbusch<\/strong>, <em>Judiciary in the Third Reich<\/em><\/a><\/p>\n<p style=\"text-align: justify;\"><a href=\"https:\/\/pravnizapisi.rs\/wp-content\/uploads\/issues\/1-2012\/Rodoljub_Sabic_ZASTITA_PRAVA_NA_SLOBODAN_PRISTUP.pdf\"><strong>Rodoljub \u0160abi\u0107<\/strong>, <em>The Protection of the Right to Free Access to Information Pursuant to the Free Access to Information of Public Importance Act<\/em><\/a><\/p>\n<p style=\"text-align: justify;\"><a href=\"https:\/\/pravnizapisi.rs\/en\/issues\/issues-1-2012\/7360-2\/\"><strong>Vladimir V. Vodineli\u0107<\/strong>, <em>Journalists\u2019 Codes and Media Law in Serbia: Insufficient Self-Defining<\/em><\/a><\/p>\n<h4 style=\"text-align: justify;\">LEGAL ACTUALITIES<\/h4>\n<p style=\"text-align: justify;\"><a href=\"https:\/\/pravnizapisi.rs\/wp-content\/uploads\/issues\/1-2012\/Zoran_Ivosevic_PRAVNI_POLOZAJ_JAVNIH_FUNKCIONERA.pdf\"><strong>Zoran Ivo\u0161evi\u0107<\/strong>, <em>Legal Status of Public Officials<\/em><\/a><\/p>\n<p style=\"text-align: justify;\"><a href=\"https:\/\/pravnizapisi.rs\/en\/issues\/issues-1-2012\/7375-2\/\"><strong>Slobodan Vukadinovi\u0107<\/strong>, <em>Professor Vodineli\u0107\u2019s Systematics of Civil Law<\/em><\/a><\/p>\n<h4 style=\"text-align: justify;\">CONTRIBUTIONS<\/h4>\n<p style=\"text-align: justify;\"><a href=\"https:\/\/pravnizapisi.rs\/wp-content\/uploads\/issues\/1-2012\/Gorn_Djordjevic_DISKURS_O_KOMANDNOJ_ODGOVORNOSTI.pdf\"><strong>Gor\u0430n \u0110or\u0111evi\u0107<\/strong>, <em>A Discourse on Command Responsibility \u2013 Responsibility for Acts Preceding the Acquiring the Status of a Superior<\/em><\/a><\/p>\n<p style=\"text-align: justify;\"><a href=\"https:\/\/pravnizapisi.rs\/wp-content\/uploads\/issues\/1-2012\/Luka_Breneselovic_CRTICA_O_INFINITIVU_I_ANALITICKOJ.pdf\"><strong>Luka Breneselovi\u0107<\/strong>, <em>A Note on the Infinitive and Analylitical Construction in the Language of Our Laws \u2013 in View of Professor V. Raki\u0107-Vodineli\u0107\u2019s Justified Criticism<\/em><\/a><\/p>\n<h4 style=\"text-align: justify;\">LEGAL PRACTICE<\/h4>\n<p style=\"text-align: justify;\"><a href=\"https:\/\/pravnizapisi.rs\/wp-content\/uploads\/issues\/1-2012\/Vida_Petrovic-Skero_DUZINA_POSTUPKA_KAO_UZROK.pdf\"><strong>Vida Petrovi\u0107-\u0160kero<\/strong>, <em>Length of Procedure as a Cause of Damage<\/em><\/a><\/p>\n<h4 style=\"text-align: justify;\">STUDENTS PAPERS<\/h4>\n<p style=\"text-align: justify;\"><a href=\"https:\/\/pravnizapisi.rs\/wp-content\/uploads\/issues\/1-2012\/Dusanka_Komnenic_ARHUSKA_KONVENCIJA.pdf\"><strong>Du\u0161anka Komneni\u0107<\/strong>, <em>Aarhus Convention \u2013 New Approach to Environment Protection<\/em><\/a><\/p>\n<p style=\"text-align: justify;\"><a href=\"https:\/\/pravnizapisi.rs\/wp-content\/uploads\/issues\/1-2012\/Zivorad_Rasevic_JAVNO_PRAVOBRANILASTVO_IZMEDJU.pdf\"><strong>\u017divorad Ra\u0161evi\u0107<\/strong>, <em>Public Attorney\u2019s Office between Judiciary and Public Administration<\/em><\/a><\/p>\n<p style=\"text-align: justify;\"><a href=\"https:\/\/pravnizapisi.rs\/wp-content\/uploads\/issues\/1-2012\/Danilo_Stevandic_IZVRSNE_UREDBE_PREDSEDNIKA.pdf\"><strong>Danilo Stevandi\u0107<\/strong>, <em>The United States of America President\u2019s Executive Orders<\/em><\/a><\/p>\n<h4 style=\"text-align: justify;\">BIBLIOGRAPHY<\/h4>\n<p style=\"text-align: justify;\"><a href=\"https:\/\/pravnizapisi.rs\/wp-content\/uploads\/issues\/1-2012\/PRAVNA_BIBLIOGRAFIJA.pdf\"><em>Legal bibliography \u2013 Serbia 2011<\/em>, <strong>prepared by Ljiljana Prljin\u010devi\u0107<\/strong><\/a><\/p>\n<\/div>\n","protected":false},"excerpt":{"rendered":"<p>Union University Law School Review Year III, No. 1\/2012, Pages 1-250 UDK\u00a034 ISSN 2217-2815 (Printed Edition) TABLE OF CONTENTS ARTICLES Bogoljub Milosavljevi\u0107, The principle of Separation of Powers in Serbian Constitution and Constitutional Practice Du\u0161an Vranjanac, Some Issues Concerning the Relation between Statutory and Judge-Made Law in England Jelena Voli\u0107-Hellbusch, Judiciary in the Third Reich Rodoljub \u0160abi\u0107, The Protection of the Right to Free Access to Information Pursuant to the Free Access to Information of Public Importance Act Vladimir V. Vodineli\u0107, Journalists\u2019 Codes and Media Law in Serbia: Insufficient Self-Defining LEGAL ACTUALITIES Zoran Ivo\u0161evi\u0107, Legal Status of Public Officials Slobodan [&hellip;]<\/p>\n","protected":false},"author":4,"featured_media":0,"parent":6165,"menu_order":0,"comment_status":"closed","ping_status":"closed","template":"template-fullwidth.php","meta":{"footnotes":""},"class_list":["post-6313","page","type-page","status-publish","hentry"],"yoast_head":"<!-- This site is optimized with the Yoast SEO plugin v27.1.1 - https:\/\/yoast.com\/product\/yoast-seo-wordpress\/ -->\n<title>Pravni zapisi 1\/2012 - Pravni Zapisi<\/title>\n<meta name=\"robots\" content=\"index, follow, max-snippet:-1, max-image-preview:large, max-video-preview:-1\" \/>\n<link rel=\"canonical\" href=\"https:\/\/www.pravnizapisi.rs\/en\/issues\/issues-1-2012\/\" \/>\n<meta property=\"og:locale\" content=\"en_US\" \/>\n<meta property=\"og:type\" content=\"article\" \/>\n<meta property=\"og:title\" content=\"Pravni zapisi 1\/2012 - Pravni Zapisi\" \/>\n<meta property=\"og:description\" content=\"Union University Law School Review Year III, No. 1\/2012, Pages 1-250 UDK\u00a034 ISSN 2217-2815 (Printed Edition) TABLE OF CONTENTS ARTICLES Bogoljub Milosavljevi\u0107, The principle of Separation of Powers in Serbian Constitution and Constitutional Practice Du\u0161an Vranjanac, Some Issues Concerning the Relation between Statutory and Judge-Made Law in England Jelena Voli\u0107-Hellbusch, Judiciary in the Third Reich Rodoljub \u0160abi\u0107, The Protection of the Right to Free Access to Information Pursuant to the Free Access to Information of Public Importance Act Vladimir V. Vodineli\u0107, Journalists\u2019 Codes and Media Law in Serbia: Insufficient Self-Defining LEGAL ACTUALITIES Zoran Ivo\u0161evi\u0107, Legal Status of Public Officials Slobodan [&hellip;]\" \/>\n<meta property=\"og:url\" content=\"https:\/\/www.pravnizapisi.rs\/en\/issues\/issues-1-2012\/\" \/>\n<meta property=\"og:site_name\" content=\"Pravni Zapisi\" \/>\n<meta property=\"article:modified_time\" content=\"2021-04-24T10:17:30+00:00\" \/>\n<meta property=\"og:image\" content=\"https:\/\/www.pravnizapisi.rs\/wp-content\/uploads\/2020\/07\/pzapisi.jpg\" \/>\n\t<meta property=\"og:image:width\" content=\"150\" \/>\n\t<meta property=\"og:image:height\" content=\"225\" \/>\n\t<meta property=\"og:image:type\" content=\"image\/jpeg\" \/>\n<meta name=\"twitter:card\" content=\"summary_large_image\" \/>\n<meta name=\"twitter:label1\" content=\"Est. reading time\" \/>\n\t<meta name=\"twitter:data1\" content=\"1 minute\" \/>\n<script type=\"application\/ld+json\" class=\"yoast-schema-graph\">{\"@context\":\"https:\/\/schema.org\",\"@graph\":[{\"@type\":\"WebPage\",\"@id\":\"https:\/\/www.pravnizapisi.rs\/en\/issues\/issues-1-2012\/\",\"url\":\"https:\/\/www.pravnizapisi.rs\/en\/issues\/issues-1-2012\/\",\"name\":\"Pravni zapisi 1\/2012 - Pravni Zapisi\",\"isPartOf\":{\"@id\":\"https:\/\/pravnizapisi.rs\/#website\"},\"datePublished\":\"2019-11-05T14:48:17+00:00\",\"dateModified\":\"2021-04-24T10:17:30+00:00\",\"breadcrumb\":{\"@id\":\"https:\/\/www.pravnizapisi.rs\/en\/issues\/issues-1-2012\/#breadcrumb\"},\"inLanguage\":\"en-US\",\"potentialAction\":[{\"@type\":\"ReadAction\",\"target\":[\"https:\/\/www.pravnizapisi.rs\/en\/issues\/issues-1-2012\/\"]}]},{\"@type\":\"BreadcrumbList\",\"@id\":\"https:\/\/www.pravnizapisi.rs\/en\/issues\/issues-1-2012\/#breadcrumb\",\"itemListElement\":[{\"@type\":\"ListItem\",\"position\":1,\"name\":\"\u041f\u043e\u0447\u0435\u0442\u043d\u0430\",\"item\":\"https:\/\/www.pravnizapisi.rs\/en\/\"},{\"@type\":\"ListItem\",\"position\":2,\"name\":\"Issues\",\"item\":\"https:\/\/www.pravnizapisi.rs\/svi-brojevi\/\"},{\"@type\":\"ListItem\",\"position\":3,\"name\":\"Pravni zapisi 1\/2012\"}]},{\"@type\":\"WebSite\",\"@id\":\"https:\/\/pravnizapisi.rs\/#website\",\"url\":\"https:\/\/pravnizapisi.rs\/\",\"name\":\"Pravni Zapisi\",\"description\":\"\",\"publisher\":{\"@id\":\"https:\/\/pravnizapisi.rs\/#organization\"},\"potentialAction\":[{\"@type\":\"SearchAction\",\"target\":{\"@type\":\"EntryPoint\",\"urlTemplate\":\"https:\/\/pravnizapisi.rs\/?s={search_term_string}\"},\"query-input\":{\"@type\":\"PropertyValueSpecification\",\"valueRequired\":true,\"valueName\":\"search_term_string\"}}],\"inLanguage\":\"en-US\"},{\"@type\":\"Organization\",\"@id\":\"https:\/\/pravnizapisi.rs\/#organization\",\"name\":\"Pravni Zapisi\",\"url\":\"https:\/\/pravnizapisi.rs\/\",\"logo\":{\"@type\":\"ImageObject\",\"inLanguage\":\"en-US\",\"@id\":\"https:\/\/pravnizapisi.rs\/#\/schema\/logo\/image\/\",\"url\":\"https:\/\/www.pravnizapisi.rs\/wp-content\/uploads\/2019\/11\/cropped-Header-logo-srb-1-1.jpg\",\"contentUrl\":\"https:\/\/www.pravnizapisi.rs\/wp-content\/uploads\/2019\/11\/cropped-Header-logo-srb-1-1.jpg\",\"width\":580,\"height\":80,\"caption\":\"Pravni Zapisi\"},\"image\":{\"@id\":\"https:\/\/pravnizapisi.rs\/#\/schema\/logo\/image\/\"}}]}<\/script>\n<!-- \/ Yoast SEO plugin. -->","yoast_head_json":{"title":"Pravni zapisi 1\/2012 - Pravni Zapisi","robots":{"index":"index","follow":"follow","max-snippet":"max-snippet:-1","max-image-preview":"max-image-preview:large","max-video-preview":"max-video-preview:-1"},"canonical":"https:\/\/www.pravnizapisi.rs\/en\/issues\/issues-1-2012\/","og_locale":"en_US","og_type":"article","og_title":"Pravni zapisi 1\/2012 - Pravni Zapisi","og_description":"Union University Law School Review Year III, No. 1\/2012, Pages 1-250 UDK\u00a034 ISSN 2217-2815 (Printed Edition) TABLE OF CONTENTS ARTICLES Bogoljub Milosavljevi\u0107, The principle of Separation of Powers in Serbian Constitution and Constitutional Practice Du\u0161an Vranjanac, Some Issues Concerning the Relation between Statutory and Judge-Made Law in England Jelena Voli\u0107-Hellbusch, Judiciary in the Third Reich Rodoljub \u0160abi\u0107, The Protection of the Right to Free Access to Information Pursuant to the Free Access to Information of Public Importance Act Vladimir V. Vodineli\u0107, Journalists\u2019 Codes and Media Law in Serbia: Insufficient Self-Defining LEGAL ACTUALITIES Zoran Ivo\u0161evi\u0107, Legal Status of Public Officials Slobodan [&hellip;]","og_url":"https:\/\/www.pravnizapisi.rs\/en\/issues\/issues-1-2012\/","og_site_name":"Pravni Zapisi","article_modified_time":"2021-04-24T10:17:30+00:00","og_image":[{"width":150,"height":225,"url":"https:\/\/www.pravnizapisi.rs\/wp-content\/uploads\/2020\/07\/pzapisi.jpg","type":"image\/jpeg"}],"twitter_card":"summary_large_image","twitter_misc":{"Est. reading time":"1 minute"},"schema":{"@context":"https:\/\/schema.org","@graph":[{"@type":"WebPage","@id":"https:\/\/www.pravnizapisi.rs\/en\/issues\/issues-1-2012\/","url":"https:\/\/www.pravnizapisi.rs\/en\/issues\/issues-1-2012\/","name":"Pravni zapisi 1\/2012 - Pravni Zapisi","isPartOf":{"@id":"https:\/\/pravnizapisi.rs\/#website"},"datePublished":"2019-11-05T14:48:17+00:00","dateModified":"2021-04-24T10:17:30+00:00","breadcrumb":{"@id":"https:\/\/www.pravnizapisi.rs\/en\/issues\/issues-1-2012\/#breadcrumb"},"inLanguage":"en-US","potentialAction":[{"@type":"ReadAction","target":["https:\/\/www.pravnizapisi.rs\/en\/issues\/issues-1-2012\/"]}]},{"@type":"BreadcrumbList","@id":"https:\/\/www.pravnizapisi.rs\/en\/issues\/issues-1-2012\/#breadcrumb","itemListElement":[{"@type":"ListItem","position":1,"name":"\u041f\u043e\u0447\u0435\u0442\u043d\u0430","item":"https:\/\/www.pravnizapisi.rs\/en\/"},{"@type":"ListItem","position":2,"name":"Issues","item":"https:\/\/www.pravnizapisi.rs\/svi-brojevi\/"},{"@type":"ListItem","position":3,"name":"Pravni zapisi 1\/2012"}]},{"@type":"WebSite","@id":"https:\/\/pravnizapisi.rs\/#website","url":"https:\/\/pravnizapisi.rs\/","name":"Pravni Zapisi","description":"","publisher":{"@id":"https:\/\/pravnizapisi.rs\/#organization"},"potentialAction":[{"@type":"SearchAction","target":{"@type":"EntryPoint","urlTemplate":"https:\/\/pravnizapisi.rs\/?s={search_term_string}"},"query-input":{"@type":"PropertyValueSpecification","valueRequired":true,"valueName":"search_term_string"}}],"inLanguage":"en-US"},{"@type":"Organization","@id":"https:\/\/pravnizapisi.rs\/#organization","name":"Pravni Zapisi","url":"https:\/\/pravnizapisi.rs\/","logo":{"@type":"ImageObject","inLanguage":"en-US","@id":"https:\/\/pravnizapisi.rs\/#\/schema\/logo\/image\/","url":"https:\/\/www.pravnizapisi.rs\/wp-content\/uploads\/2019\/11\/cropped-Header-logo-srb-1-1.jpg","contentUrl":"https:\/\/www.pravnizapisi.rs\/wp-content\/uploads\/2019\/11\/cropped-Header-logo-srb-1-1.jpg","width":580,"height":80,"caption":"Pravni Zapisi"},"image":{"@id":"https:\/\/pravnizapisi.rs\/#\/schema\/logo\/image\/"}}]}},"_links":{"self":[{"href":"https:\/\/www.pravnizapisi.rs\/en\/wp-json\/wp\/v2\/pages\/6313","targetHints":{"allow":["GET"]}}],"collection":[{"href":"https:\/\/www.pravnizapisi.rs\/en\/wp-json\/wp\/v2\/pages"}],"about":[{"href":"https:\/\/www.pravnizapisi.rs\/en\/wp-json\/wp\/v2\/types\/page"}],"author":[{"embeddable":true,"href":"https:\/\/www.pravnizapisi.rs\/en\/wp-json\/wp\/v2\/users\/4"}],"replies":[{"embeddable":true,"href":"https:\/\/www.pravnizapisi.rs\/en\/wp-json\/wp\/v2\/comments?post=6313"}],"version-history":[{"count":0,"href":"https:\/\/www.pravnizapisi.rs\/en\/wp-json\/wp\/v2\/pages\/6313\/revisions"}],"up":[{"embeddable":true,"href":"https:\/\/www.pravnizapisi.rs\/en\/wp-json\/wp\/v2\/pages\/6165"}],"wp:attachment":[{"href":"https:\/\/www.pravnizapisi.rs\/en\/wp-json\/wp\/v2\/media?parent=6313"}],"curies":[{"name":"wp","href":"https:\/\/api.w.org\/{rel}","templated":true}]}}