{"id":6315,"date":"2019-11-05T14:48:41","date_gmt":"2019-11-05T14:48:41","guid":{"rendered":"http:\/\/pravnizapisi.rs\/?page_id=6315"},"modified":"2021-05-09T14:31:59","modified_gmt":"2021-05-09T14:31:59","slug":"issues-2-2012","status":"publish","type":"page","link":"https:\/\/www.pravnizapisi.rs\/en\/issues\/issues-2-2012\/","title":{"rendered":"Pravni zapisi 2\/2012"},"content":{"rendered":"<p style=\"text-align: justify;\"><em><strong>Union University Law School Review<\/strong><\/em><br \/>\n<em><strong>Year III, No. 2\/2012, Pages 251-467<\/strong><\/em><\/p>\n<table style=\"height: 35px;\" width=\"364\" frame=\"void\">\n<tbody>\n<tr>\n<td valign=\"top\"><strong>UDK\u00a034<\/strong><\/td>\n<td align=\"left\" valign=\"top\">\n<div><strong>ISSN 2217-2815 (Printed Edition)<\/strong><\/div>\n<\/td>\n<\/tr>\n<\/tbody>\n<\/table>\n<hr \/>\n<h3 style=\"text-align: center;\">TABLE OF CONTENTS<\/h3>\n<h4>ARTICLES<\/h4>\n<p style=\"text-align: justify;\"><a href=\"https:\/\/pravnizapisi.rs\/en\/issues\/issues-2-2012\/7396-2\/\"><strong>Michael Martinek<\/strong>,\u00a0<em>Otto von Gierke (1841 \u2013 1921) \u2013 Leben und Werk eines <\/em><em>gro\u00dfen deutschen Juristen<\/em><\/a><\/p>\n<p style=\"text-align: justify;\"><a href=\"https:\/\/pravnizapisi.rs\/en\/issues\/issues-2-2012\/7389-2\/\"><strong>Sa\u0161a Jankovi\u0107<\/strong>, <em>Opportunistic Principle in the Work of the Ombudsman<\/em><\/a><\/p>\n<p style=\"text-align: justify;\"><a href=\"https:\/\/pravnizapisi.rs\/en\/issues\/issues-2-2012\/7403-2\/\"><strong>Jelena Simi\u0107<\/strong>, <em>Medical-law Aspects of Transsexuality \u2013 Towards the Recognition of Legal Consequences of the Change of Sex in Serbia<\/em><\/a><\/p>\n<p style=\"text-align: justify;\"><a href=\"https:\/\/pravnizapisi.rs\/en\/issues\/issues-2-2012\/7382-2\/\"><strong>Katarina Ivan\u010devi\u0107<\/strong>, <em>Civil Liability of the Producer for Damage Caused by a Defective Product<\/em><\/a><\/p>\n<p style=\"text-align: justify;\"><a href=\"https:\/\/pravnizapisi.rs\/wp-content\/uploads\/issues\/2-2012\/Hayder_Ajeel_Fadhil_Altamimi_-_Jurisdiction_Over_Grave_Breaches_of_HR_in_Iraq.pdf\"><strong>Hayder Ajeel Fadhil Altamimi<\/strong>,\u00a0<em>Jurisdiction Over Grave Breaches of Human Rights in Iraq Committed by PMSCs Contracted with the USA: The Nisur Square Incident<\/em><\/a><\/p>\n<h4 style=\"text-align: justify;\">LEGAL ACTUALITIES<\/h4>\n<p style=\"text-align: justify;\"><a href=\"https:\/\/pravnizapisi.rs\/wp-content\/uploads\/issues\/2-2012\/Zoran_Ivosevic_-_Komisija_za_zalbe_Saveta_za_stampu.pdf\"><strong>Zoran Ivo\u0161evi\u0107<\/strong>, <em>Appeals Commission of the Press Council \u2013 A Year Later<\/em><\/a><\/p>\n<h4 style=\"text-align: justify;\">CONTRIBUTIONS<\/h4>\n<p style=\"text-align: justify;\"><a href=\"https:\/\/pravnizapisi.rs\/wp-content\/uploads\/issues\/2-2012\/Kimo_Cavdar_-_Karakteristike_pojmova_trgovac_i_trgovinski_ugovor.pdf\"><strong>Kimo \u010cavdar<\/strong>, <em>Characteristics of the Notion of \u201cMerchant\u201d and \u201cCommercial Contract\u201d in the Provisions of the Companies\u2019 Act and the Contracts and Torts Act of the Republic of Macedonia<\/em><\/a><\/p>\n<h4 style=\"text-align: justify;\">BOOK REVIEWS<\/h4>\n<p style=\"text-align: justify;\"><a href=\"https:\/\/pravnizapisi.rs\/wp-content\/uploads\/issues\/2-2012\/Jelena_Volic-Hellbusch_-_I._Jankovic_Na_belom_hlebu.pdf\"><strong>Jelena Voli\u0107-Hellbusch<\/strong>, <em>Ivan Jankovi\u0107, On White Bread: Capital Punishment in Serbia 1804\u20132002, Slu\u017ebeni glasnik and Clio, Belgrade 2012, pp. 622<\/em><\/a><\/p>\n<h4 style=\"text-align: justify;\">LEGAL PRACTICE<\/h4>\n<p style=\"text-align: justify;\"><a href=\"https:\/\/pravnizapisi.rs\/wp-content\/uploads\/issues\/2-2012\/Biserka_Zivanovic_-_Produzeno_pravo_na_naknadu_plate.pdf\"><strong>Biserka \u017divanovi\u0107<\/strong>, <em>Extended Right to Compensation of Salary of Non-Appointed Holders of Judicial Officers and Petty Offence Judge Who Was Not Appointed Petty Offence Judge\u2013Commentary on the Judgement of the Court of Appeal in Belgrade G\u017e1 4831\/12 of November 14, 2012<\/em><\/a><\/p>\n<h4 style=\"text-align: justify;\">STUDENTS\u2019 PAPERS<\/h4>\n<p style=\"text-align: justify;\"><a href=\"https:\/\/pravnizapisi.rs\/wp-content\/uploads\/issues\/2-2012\/Danilo_Stevandic_-_Uredbe_u_pravnom_poretku_RS.pdf\"><strong>Danilo Stevandi\u0107<\/strong>, <em>Regulations in the Legal System of the Republic of Serbia<\/em><\/a><\/p>\n<p style=\"text-align: justify;\"><a href=\"https:\/\/pravnizapisi.rs\/wp-content\/uploads\/issues\/2-2012\/Milan_Mijovic_-_Pravni_aspekti_saobracaja_u_kosmosu.pdf\"><strong>Milan Mijovi\u0107<\/strong>, <em>Legal Aspects of Space Traffic<\/em><\/a><\/p>\n<p style=\"text-align: justify;\"><a href=\"https:\/\/pravnizapisi.rs\/wp-content\/uploads\/issues\/2-2012\/Vesna_Rakic-Vodinelic_-_Vojin_Dimitrijevic_in_memoariam.pdf\"><em>IN MEMORIAM: \u201cAn Excess of Life\u201d \u2013 Vojin Dimitrijevi\u0107<\/em><\/a><\/p>\n<p style=\"text-align: justify;\"><a href=\"https:\/\/pravnizapisi.rs\/wp-content\/uploads\/issues\/2-2012\/Hronika_Fakulteta.pdf\"><em>HRONIKA FAKULTETA (2012. godina)<\/em>, <strong>priredila Milka Bekjarev<\/strong><\/a><\/p>\n","protected":false},"excerpt":{"rendered":"<p>Union University Law School Review Year III, No. 2\/2012, Pages 251-467 UDK\u00a034 ISSN 2217-2815 (Printed Edition) TABLE OF CONTENTS ARTICLES Michael Martinek,\u00a0Otto von Gierke (1841 \u2013 1921) \u2013 Leben und Werk eines gro\u00dfen deutschen Juristen Sa\u0161a Jankovi\u0107, Opportunistic Principle in the Work of the Ombudsman Jelena Simi\u0107, Medical-law Aspects of Transsexuality \u2013 Towards the Recognition of Legal Consequences of the Change of Sex in Serbia Katarina Ivan\u010devi\u0107, Civil Liability of the Producer for Damage Caused by a Defective Product Hayder Ajeel Fadhil Altamimi,\u00a0Jurisdiction Over Grave Breaches of Human Rights in Iraq Committed by PMSCs Contracted with the USA: The Nisur [&hellip;]<\/p>\n","protected":false},"author":4,"featured_media":0,"parent":6165,"menu_order":0,"comment_status":"closed","ping_status":"closed","template":"template-fullwidth.php","meta":{"footnotes":""},"class_list":["post-6315","page","type-page","status-publish","hentry"],"yoast_head":"<!-- This site is optimized with the Yoast SEO plugin v27.1.1 - https:\/\/yoast.com\/product\/yoast-seo-wordpress\/ -->\n<title>Pravni zapisi 2\/2012 - Pravni Zapisi<\/title>\n<meta name=\"robots\" content=\"index, follow, max-snippet:-1, max-image-preview:large, max-video-preview:-1\" \/>\n<link rel=\"canonical\" href=\"https:\/\/www.pravnizapisi.rs\/en\/issues\/issues-2-2012\/\" \/>\n<meta property=\"og:locale\" content=\"en_US\" \/>\n<meta property=\"og:type\" content=\"article\" \/>\n<meta property=\"og:title\" content=\"Pravni zapisi 2\/2012 - Pravni Zapisi\" \/>\n<meta property=\"og:description\" content=\"Union University Law School Review Year III, No. 2\/2012, Pages 251-467 UDK\u00a034 ISSN 2217-2815 (Printed Edition) TABLE OF CONTENTS ARTICLES Michael Martinek,\u00a0Otto von Gierke (1841 \u2013 1921) \u2013 Leben und Werk eines gro\u00dfen deutschen Juristen Sa\u0161a Jankovi\u0107, Opportunistic Principle in the Work of the Ombudsman Jelena Simi\u0107, Medical-law Aspects of Transsexuality \u2013 Towards the Recognition of Legal Consequences of the Change of Sex in Serbia Katarina Ivan\u010devi\u0107, Civil Liability of the Producer for Damage Caused by a Defective Product Hayder Ajeel Fadhil Altamimi,\u00a0Jurisdiction Over Grave Breaches of Human Rights in Iraq Committed by PMSCs Contracted with the USA: The Nisur [&hellip;]\" \/>\n<meta property=\"og:url\" content=\"https:\/\/www.pravnizapisi.rs\/en\/issues\/issues-2-2012\/\" \/>\n<meta property=\"og:site_name\" content=\"Pravni Zapisi\" \/>\n<meta property=\"article:modified_time\" content=\"2021-05-09T14:31:59+00:00\" \/>\n<meta property=\"og:image\" content=\"https:\/\/www.pravnizapisi.rs\/wp-content\/uploads\/2020\/07\/pzapisi.jpg\" \/>\n\t<meta property=\"og:image:width\" content=\"150\" \/>\n\t<meta property=\"og:image:height\" content=\"225\" \/>\n\t<meta property=\"og:image:type\" content=\"image\/jpeg\" \/>\n<meta name=\"twitter:card\" content=\"summary_large_image\" \/>\n<meta name=\"twitter:label1\" content=\"Est. reading time\" \/>\n\t<meta name=\"twitter:data1\" content=\"1 minute\" \/>\n<script type=\"application\/ld+json\" class=\"yoast-schema-graph\">{\"@context\":\"https:\/\/schema.org\",\"@graph\":[{\"@type\":\"WebPage\",\"@id\":\"https:\/\/www.pravnizapisi.rs\/en\/issues\/issues-2-2012\/\",\"url\":\"https:\/\/www.pravnizapisi.rs\/en\/issues\/issues-2-2012\/\",\"name\":\"Pravni zapisi 2\/2012 - Pravni Zapisi\",\"isPartOf\":{\"@id\":\"https:\/\/pravnizapisi.rs\/#website\"},\"datePublished\":\"2019-11-05T14:48:41+00:00\",\"dateModified\":\"2021-05-09T14:31:59+00:00\",\"breadcrumb\":{\"@id\":\"https:\/\/www.pravnizapisi.rs\/en\/issues\/issues-2-2012\/#breadcrumb\"},\"inLanguage\":\"en-US\",\"potentialAction\":[{\"@type\":\"ReadAction\",\"target\":[\"https:\/\/www.pravnizapisi.rs\/en\/issues\/issues-2-2012\/\"]}]},{\"@type\":\"BreadcrumbList\",\"@id\":\"https:\/\/www.pravnizapisi.rs\/en\/issues\/issues-2-2012\/#breadcrumb\",\"itemListElement\":[{\"@type\":\"ListItem\",\"position\":1,\"name\":\"\u041f\u043e\u0447\u0435\u0442\u043d\u0430\",\"item\":\"https:\/\/www.pravnizapisi.rs\/en\/\"},{\"@type\":\"ListItem\",\"position\":2,\"name\":\"Issues\",\"item\":\"https:\/\/www.pravnizapisi.rs\/svi-brojevi\/\"},{\"@type\":\"ListItem\",\"position\":3,\"name\":\"Pravni zapisi 2\/2012\"}]},{\"@type\":\"WebSite\",\"@id\":\"https:\/\/pravnizapisi.rs\/#website\",\"url\":\"https:\/\/pravnizapisi.rs\/\",\"name\":\"Pravni Zapisi\",\"description\":\"\",\"publisher\":{\"@id\":\"https:\/\/pravnizapisi.rs\/#organization\"},\"potentialAction\":[{\"@type\":\"SearchAction\",\"target\":{\"@type\":\"EntryPoint\",\"urlTemplate\":\"https:\/\/pravnizapisi.rs\/?s={search_term_string}\"},\"query-input\":{\"@type\":\"PropertyValueSpecification\",\"valueRequired\":true,\"valueName\":\"search_term_string\"}}],\"inLanguage\":\"en-US\"},{\"@type\":\"Organization\",\"@id\":\"https:\/\/pravnizapisi.rs\/#organization\",\"name\":\"Pravni Zapisi\",\"url\":\"https:\/\/pravnizapisi.rs\/\",\"logo\":{\"@type\":\"ImageObject\",\"inLanguage\":\"en-US\",\"@id\":\"https:\/\/pravnizapisi.rs\/#\/schema\/logo\/image\/\",\"url\":\"https:\/\/www.pravnizapisi.rs\/wp-content\/uploads\/2019\/11\/cropped-Header-logo-srb-1-1.jpg\",\"contentUrl\":\"https:\/\/www.pravnizapisi.rs\/wp-content\/uploads\/2019\/11\/cropped-Header-logo-srb-1-1.jpg\",\"width\":580,\"height\":80,\"caption\":\"Pravni Zapisi\"},\"image\":{\"@id\":\"https:\/\/pravnizapisi.rs\/#\/schema\/logo\/image\/\"}}]}<\/script>\n<!-- \/ Yoast SEO plugin. -->","yoast_head_json":{"title":"Pravni zapisi 2\/2012 - Pravni Zapisi","robots":{"index":"index","follow":"follow","max-snippet":"max-snippet:-1","max-image-preview":"max-image-preview:large","max-video-preview":"max-video-preview:-1"},"canonical":"https:\/\/www.pravnizapisi.rs\/en\/issues\/issues-2-2012\/","og_locale":"en_US","og_type":"article","og_title":"Pravni zapisi 2\/2012 - Pravni Zapisi","og_description":"Union University Law School Review Year III, No. 2\/2012, Pages 251-467 UDK\u00a034 ISSN 2217-2815 (Printed Edition) TABLE OF CONTENTS ARTICLES Michael Martinek,\u00a0Otto von Gierke (1841 \u2013 1921) \u2013 Leben und Werk eines gro\u00dfen deutschen Juristen Sa\u0161a Jankovi\u0107, Opportunistic Principle in the Work of the Ombudsman Jelena Simi\u0107, Medical-law Aspects of Transsexuality \u2013 Towards the Recognition of Legal Consequences of the Change of Sex in Serbia Katarina Ivan\u010devi\u0107, Civil Liability of the Producer for Damage Caused by a Defective Product Hayder Ajeel Fadhil Altamimi,\u00a0Jurisdiction Over Grave Breaches of Human Rights in Iraq Committed by PMSCs Contracted with the USA: The Nisur [&hellip;]","og_url":"https:\/\/www.pravnizapisi.rs\/en\/issues\/issues-2-2012\/","og_site_name":"Pravni Zapisi","article_modified_time":"2021-05-09T14:31:59+00:00","og_image":[{"width":150,"height":225,"url":"https:\/\/www.pravnizapisi.rs\/wp-content\/uploads\/2020\/07\/pzapisi.jpg","type":"image\/jpeg"}],"twitter_card":"summary_large_image","twitter_misc":{"Est. reading time":"1 minute"},"schema":{"@context":"https:\/\/schema.org","@graph":[{"@type":"WebPage","@id":"https:\/\/www.pravnizapisi.rs\/en\/issues\/issues-2-2012\/","url":"https:\/\/www.pravnizapisi.rs\/en\/issues\/issues-2-2012\/","name":"Pravni zapisi 2\/2012 - Pravni Zapisi","isPartOf":{"@id":"https:\/\/pravnizapisi.rs\/#website"},"datePublished":"2019-11-05T14:48:41+00:00","dateModified":"2021-05-09T14:31:59+00:00","breadcrumb":{"@id":"https:\/\/www.pravnizapisi.rs\/en\/issues\/issues-2-2012\/#breadcrumb"},"inLanguage":"en-US","potentialAction":[{"@type":"ReadAction","target":["https:\/\/www.pravnizapisi.rs\/en\/issues\/issues-2-2012\/"]}]},{"@type":"BreadcrumbList","@id":"https:\/\/www.pravnizapisi.rs\/en\/issues\/issues-2-2012\/#breadcrumb","itemListElement":[{"@type":"ListItem","position":1,"name":"\u041f\u043e\u0447\u0435\u0442\u043d\u0430","item":"https:\/\/www.pravnizapisi.rs\/en\/"},{"@type":"ListItem","position":2,"name":"Issues","item":"https:\/\/www.pravnizapisi.rs\/svi-brojevi\/"},{"@type":"ListItem","position":3,"name":"Pravni zapisi 2\/2012"}]},{"@type":"WebSite","@id":"https:\/\/pravnizapisi.rs\/#website","url":"https:\/\/pravnizapisi.rs\/","name":"Pravni Zapisi","description":"","publisher":{"@id":"https:\/\/pravnizapisi.rs\/#organization"},"potentialAction":[{"@type":"SearchAction","target":{"@type":"EntryPoint","urlTemplate":"https:\/\/pravnizapisi.rs\/?s={search_term_string}"},"query-input":{"@type":"PropertyValueSpecification","valueRequired":true,"valueName":"search_term_string"}}],"inLanguage":"en-US"},{"@type":"Organization","@id":"https:\/\/pravnizapisi.rs\/#organization","name":"Pravni Zapisi","url":"https:\/\/pravnizapisi.rs\/","logo":{"@type":"ImageObject","inLanguage":"en-US","@id":"https:\/\/pravnizapisi.rs\/#\/schema\/logo\/image\/","url":"https:\/\/www.pravnizapisi.rs\/wp-content\/uploads\/2019\/11\/cropped-Header-logo-srb-1-1.jpg","contentUrl":"https:\/\/www.pravnizapisi.rs\/wp-content\/uploads\/2019\/11\/cropped-Header-logo-srb-1-1.jpg","width":580,"height":80,"caption":"Pravni Zapisi"},"image":{"@id":"https:\/\/pravnizapisi.rs\/#\/schema\/logo\/image\/"}}]}},"_links":{"self":[{"href":"https:\/\/www.pravnizapisi.rs\/en\/wp-json\/wp\/v2\/pages\/6315","targetHints":{"allow":["GET"]}}],"collection":[{"href":"https:\/\/www.pravnizapisi.rs\/en\/wp-json\/wp\/v2\/pages"}],"about":[{"href":"https:\/\/www.pravnizapisi.rs\/en\/wp-json\/wp\/v2\/types\/page"}],"author":[{"embeddable":true,"href":"https:\/\/www.pravnizapisi.rs\/en\/wp-json\/wp\/v2\/users\/4"}],"replies":[{"embeddable":true,"href":"https:\/\/www.pravnizapisi.rs\/en\/wp-json\/wp\/v2\/comments?post=6315"}],"version-history":[{"count":0,"href":"https:\/\/www.pravnizapisi.rs\/en\/wp-json\/wp\/v2\/pages\/6315\/revisions"}],"up":[{"embeddable":true,"href":"https:\/\/www.pravnizapisi.rs\/en\/wp-json\/wp\/v2\/pages\/6165"}],"wp:attachment":[{"href":"https:\/\/www.pravnizapisi.rs\/en\/wp-json\/wp\/v2\/media?parent=6315"}],"curies":[{"name":"wp","href":"https:\/\/api.w.org\/{rel}","templated":true}]}}