{"id":6317,"date":"2019-11-05T14:48:55","date_gmt":"2019-11-05T14:48:55","guid":{"rendered":"http:\/\/pravnizapisi.rs\/?page_id=6317"},"modified":"2021-05-09T14:43:40","modified_gmt":"2021-05-09T14:43:40","slug":"1-2011","status":"publish","type":"page","link":"https:\/\/www.pravnizapisi.rs\/en\/issues\/1-2011\/","title":{"rendered":"Pravni zapisi 1\/2011"},"content":{"rendered":"<p style=\"text-align: justify;\"><em><strong>Union University Law School Review<\/strong><\/em><br \/>\n<em><strong>Year II, No. 1\/2011, Pages 1-338<\/strong><\/em><\/p>\n<table style=\"height: 35px;\" width=\"364\" frame=\"void\">\n<tbody>\n<tr>\n<td valign=\"top\"><strong>UDK\u00a034<\/strong><\/td>\n<td align=\"left\" valign=\"top\">\n<div><strong>ISSN 2217-2815 (Printed Edition)<\/strong><\/div>\n<\/td>\n<\/tr>\n<\/tbody>\n<\/table>\n<hr \/>\n<h3 style=\"text-align: center;\">TABLE OF CONTENTS<\/h3>\n<h4 style=\"text-align: justify;\">ARTICLES<\/h4>\n<p style=\"text-align: justify;\"><a href=\"https:\/\/pravnizapisi.rs\/en\/issues\/1-2011\/7243-2\/\"><strong>Michael Martinek<\/strong>, <em>Rudolf von Jhering (1818\u20131892) \u2013 Life and work of a great German jurist<\/em><\/a><\/p>\n<p style=\"text-align: justify;\"><a href=\"https:\/\/pravnizapisi.rs\/en\/issues\/1-2011\/7271-2\/\"><strong>Jelena Voli\u0107-Hellbusch<\/strong>, <em>Militant democracy and its democratic dilemma<\/em><\/a><\/p>\n<p style=\"text-align: justify;\"><a href=\"https:\/\/pravnizapisi.rs\/en\/issues\/1-2011\/7221-2\/\"><strong>Violeta Be\u0161irevi\u0107<\/strong><em>, Who\u2019s afraid of federal Europe? Some critical remarks on the German Constitutional Court\u2019s Lisbon decision<\/em><\/a><\/p>\n<p style=\"text-align: justify;\"><a href=\"https:\/\/pravnizapisi.rs\/en\/issues\/1-2011\/7250-2\/\"><strong>Tatjana Papi\u0107<\/strong>, <em>Definition of international organisation from the Draft Articles on Responsibility of International Organizations of the UN International Law Commission<\/em><\/a><\/p>\n<p style=\"text-align: justify;\"><a href=\"https:\/\/pravnizapisi.rs\/en\/issues\/1-2011\/7228-2\/\"><strong>Katarina Damnjanovi\u0107<\/strong>, <em>New travellers\u2019 rights and obligations in EU railway carriage law<\/em><\/a><\/p>\n<p style=\"text-align: justify;\"><a href=\"https:\/\/pravnizapisi.rs\/en\/issues\/1-2011\/7280-2\/\"><strong>Nevena Vu\u010dkovi\u0107-\u0160ahovi\u0107<\/strong>, <em>International adoption and Serbia<\/em><\/a><\/p>\n<h4 style=\"text-align: justify;\">LEGAL ACTUALITIES<\/h4>\n<p style=\"text-align: justify;\"><a href=\"https:\/\/pravnizapisi.rs\/en\/issues\/1-2011\/7264-2\/\"><strong>Dejan \u0160uput<\/strong>, <em>New Law on Sports<\/em><\/a><\/p>\n<p style=\"text-align: justify;\"><a href=\"https:\/\/pravnizapisi.rs\/en\/issues\/1-2011\/7236-2\/\"><strong>Zoran Ivo\u0161evi\u0107<\/strong>, <em>Privatisation of sports associations in the \u201eSerbian way\u201c<\/em><\/a><\/p>\n<p style=\"text-align: justify;\"><a href=\"https:\/\/pravnizapisi.rs\/en\/issues\/1-2011\/7257-2\/\"><strong>Mario Reljanovi\u0107 and Aleksandra K. Petrovi\u0107<\/strong>, <em>Misuse of rights, discrimination and mobbing \u2013 legal framework and practice<\/em><\/a><\/p>\n<h4 style=\"text-align: justify;\">CONTRIBUTIONS<\/h4>\n<p style=\"text-align: justify;\"><a href=\"https:\/\/pravnizapisi.rs\/wp-content\/uploads\/issues\/1-2011\/SAOPSTENJE_ZA_STAMPU_Saveznog_ustavnog_suda_Nemacke.pdf\"><em>German Constitutional Court\u2019s press release of June 30, 2009 on constitutionality review of the Lisbon Treaty<\/em> <strong>(translated into Serbian by Aleksandra \u010cavo\u0161ki and Jelena Babi\u0107)<\/strong><\/a><\/p>\n<h4 style=\"text-align: justify;\">BOOK REVIEWS<\/h4>\n<p style=\"text-align: justify;\"><a href=\"https:\/\/pravnizapisi.rs\/wp-content\/uploads\/issues\/1-2011\/Sladjana_Jovanovic_Djordje_Ignjatovic_Biljana_Simeunovic-Patic_VIKTIMOLOGIJA.pdf\"><strong>Sla\u0111ana Jovanovi\u0107<\/strong>, <em>\u0110or\u0111e Ignjatovi\u0107, Biljana Simeunovi\u0107-Pati\u0107, Victimology, Pravni fakultet and Dosije studio, Belgrade 2011, 160 p.<\/em><\/a><\/p>\n<p style=\"text-align: justify;\"><a href=\"https:\/\/pravnizapisi.rs\/wp-content\/uploads\/issues\/1-2011\/Dejan_Milic_Dr_Slavisa_Orlovic_POLITIKOLOKI_OGLEDI.pdf\"><strong>Dejan Mili\u0107<\/strong>, <em>Slavi\u0161a Orlovi\u0107, Politi\u010dki ogledi, Slu\u017ebeni glasnik, <\/em><em>Belgrade 2010, 375 p.<\/em><\/a><\/p>\n<h4 style=\"text-align: justify;\">LEGAL PRACTICE<\/h4>\n<p style=\"text-align: justify;\"><a href=\"https:\/\/pravnizapisi.rs\/wp-content\/uploads\/issues\/1-2011\/REENJE_USTAVNOG_SUDA_SRBIJE_O_pokretanju_postupka_za_ocenu_ustavnosti_odredaba_Zakona_o_izmenama_i_dopunama_Zakona_o_sudijama.pdf\"><em>Decision of the Serbian Constitutional Court on initiation of constitutionality review and review of harmonisation with accepted international treaties of the amendments to the Law on Judges<\/em><\/a><\/p>\n<h4 style=\"text-align: justify;\">STUDENTS PAPERS<\/h4>\n<p style=\"text-align: justify;\"><a href=\"https:\/\/pravnizapisi.rs\/wp-content\/uploads\/issues\/1-2011\/Iva_Grgic_MILITANTNOST_U_DEMOKRATIJI.pdf\"><strong>Iva Grgi\u0107<\/strong>, <em>Militancy in democracy<\/em><\/a><\/p>\n<p style=\"text-align: justify;\"><a href=\"https:\/\/pravnizapisi.rs\/wp-content\/uploads\/issues\/1-2011\/Nenad_Grujic_PODRUCJE_PRIMENE_I_PRAVNA_PRIRODA_odgovornosti.pdf\"><strong>Nenad Gruji\u0107<\/strong>, <em>Scope of application and legal nature of responsibility due to Culpa in contrahendo<\/em><\/a><\/p>\n<p style=\"text-align: justify;\"><a href=\"https:\/\/pravnizapisi.rs\/wp-content\/uploads\/issues\/1-2011\/Tatjana_Zivkovic_POJAM_INSPEKCIJSKOG_NADZORA_U_OBLASTI.pdf\"><strong>Tatjana \u017divkovi\u0107<\/strong>, <em>Definition of inspection oversight in the field of environmental protection<\/em><\/a><\/p>\n<h4 style=\"text-align: justify;\">BIBLIOGRAPHY<\/h4>\n<p style=\"text-align: justify;\"><a href=\"https:\/\/pravnizapisi.rs\/wp-content\/uploads\/issues\/1-2011\/PRAVNA_BIBLIOGRAFIJA_1-2011.pdf\"><em>Legal bibliography \u2013 Serbia 2010<\/em> <strong>prepared by Ljiljana Prljin\u010devi\u0107<\/strong><\/a><\/p>\n","protected":false},"excerpt":{"rendered":"<p>Union University Law School Review Year II, No. 1\/2011, Pages 1-338 UDK\u00a034 ISSN 2217-2815 (Printed Edition) TABLE OF CONTENTS ARTICLES Michael Martinek, Rudolf von Jhering (1818\u20131892) \u2013 Life and work of a great German jurist Jelena Voli\u0107-Hellbusch, Militant democracy and its democratic dilemma Violeta Be\u0161irevi\u0107, Who\u2019s afraid of federal Europe? Some critical remarks on the German Constitutional Court\u2019s Lisbon decision Tatjana Papi\u0107, Definition of international organisation from the Draft Articles on Responsibility of International Organizations of the UN International Law Commission Katarina Damnjanovi\u0107, New travellers\u2019 rights and obligations in EU railway carriage law Nevena Vu\u010dkovi\u0107-\u0160ahovi\u0107, International adoption and Serbia LEGAL [&hellip;]<\/p>\n","protected":false},"author":4,"featured_media":0,"parent":6165,"menu_order":0,"comment_status":"closed","ping_status":"closed","template":"template-fullwidth.php","meta":{"footnotes":""},"class_list":["post-6317","page","type-page","status-publish","hentry"],"yoast_head":"<!-- This site is optimized with the Yoast SEO plugin v27.1.1 - https:\/\/yoast.com\/product\/yoast-seo-wordpress\/ -->\n<title>Pravni zapisi 1\/2011 - Pravni Zapisi<\/title>\n<meta name=\"robots\" content=\"index, follow, max-snippet:-1, max-image-preview:large, max-video-preview:-1\" \/>\n<link rel=\"canonical\" href=\"https:\/\/www.pravnizapisi.rs\/svi-brojevi\/pravni-zapisi-1-2011\/\" \/>\n<meta property=\"og:locale\" content=\"en_US\" \/>\n<meta property=\"og:type\" content=\"article\" \/>\n<meta property=\"og:title\" content=\"Pravni zapisi 1\/2011 - Pravni Zapisi\" \/>\n<meta property=\"og:description\" content=\"Union University Law School Review Year II, No. 1\/2011, Pages 1-338 UDK\u00a034 ISSN 2217-2815 (Printed Edition) TABLE OF CONTENTS ARTICLES Michael Martinek, Rudolf von Jhering (1818\u20131892) \u2013 Life and work of a great German jurist Jelena Voli\u0107-Hellbusch, Militant democracy and its democratic dilemma Violeta Be\u0161irevi\u0107, Who\u2019s afraid of federal Europe? Some critical remarks on the German Constitutional Court\u2019s Lisbon decision Tatjana Papi\u0107, Definition of international organisation from the Draft Articles on Responsibility of International Organizations of the UN International Law Commission Katarina Damnjanovi\u0107, New travellers\u2019 rights and obligations in EU railway carriage law Nevena Vu\u010dkovi\u0107-\u0160ahovi\u0107, International adoption and Serbia LEGAL [&hellip;]\" \/>\n<meta property=\"og:url\" content=\"https:\/\/www.pravnizapisi.rs\/svi-brojevi\/pravni-zapisi-1-2011\/\" \/>\n<meta property=\"og:site_name\" content=\"Pravni Zapisi\" \/>\n<meta property=\"article:modified_time\" content=\"2021-05-09T14:43:40+00:00\" \/>\n<meta property=\"og:image\" content=\"https:\/\/www.pravnizapisi.rs\/wp-content\/uploads\/2020\/07\/pzapisi.jpg\" \/>\n\t<meta property=\"og:image:width\" content=\"150\" \/>\n\t<meta property=\"og:image:height\" content=\"225\" \/>\n\t<meta property=\"og:image:type\" content=\"image\/jpeg\" \/>\n<meta name=\"twitter:card\" content=\"summary_large_image\" \/>\n<meta name=\"twitter:label1\" content=\"Est. reading time\" \/>\n\t<meta name=\"twitter:data1\" content=\"1 minute\" \/>\n<script type=\"application\/ld+json\" class=\"yoast-schema-graph\">{\"@context\":\"https:\/\/schema.org\",\"@graph\":[{\"@type\":\"WebPage\",\"@id\":\"https:\/\/www.pravnizapisi.rs\/svi-brojevi\/pravni-zapisi-1-2011\/\",\"url\":\"https:\/\/www.pravnizapisi.rs\/svi-brojevi\/pravni-zapisi-1-2011\/\",\"name\":\"Pravni zapisi 1\/2011 - Pravni Zapisi\",\"isPartOf\":{\"@id\":\"https:\/\/pravnizapisi.rs\/#website\"},\"datePublished\":\"2019-11-05T14:48:55+00:00\",\"dateModified\":\"2021-05-09T14:43:40+00:00\",\"breadcrumb\":{\"@id\":\"https:\/\/www.pravnizapisi.rs\/svi-brojevi\/pravni-zapisi-1-2011\/#breadcrumb\"},\"inLanguage\":\"en-US\",\"potentialAction\":[{\"@type\":\"ReadAction\",\"target\":[\"https:\/\/www.pravnizapisi.rs\/svi-brojevi\/pravni-zapisi-1-2011\/\"]}]},{\"@type\":\"BreadcrumbList\",\"@id\":\"https:\/\/www.pravnizapisi.rs\/svi-brojevi\/pravni-zapisi-1-2011\/#breadcrumb\",\"itemListElement\":[{\"@type\":\"ListItem\",\"position\":1,\"name\":\"\u041f\u043e\u0447\u0435\u0442\u043d\u0430\",\"item\":\"https:\/\/www.pravnizapisi.rs\/en\/\"},{\"@type\":\"ListItem\",\"position\":2,\"name\":\"Issues\",\"item\":\"https:\/\/www.pravnizapisi.rs\/svi-brojevi\/\"},{\"@type\":\"ListItem\",\"position\":3,\"name\":\"Pravni zapisi 1\/2011\"}]},{\"@type\":\"WebSite\",\"@id\":\"https:\/\/pravnizapisi.rs\/#website\",\"url\":\"https:\/\/pravnizapisi.rs\/\",\"name\":\"Pravni Zapisi\",\"description\":\"\",\"publisher\":{\"@id\":\"https:\/\/pravnizapisi.rs\/#organization\"},\"potentialAction\":[{\"@type\":\"SearchAction\",\"target\":{\"@type\":\"EntryPoint\",\"urlTemplate\":\"https:\/\/pravnizapisi.rs\/?s={search_term_string}\"},\"query-input\":{\"@type\":\"PropertyValueSpecification\",\"valueRequired\":true,\"valueName\":\"search_term_string\"}}],\"inLanguage\":\"en-US\"},{\"@type\":\"Organization\",\"@id\":\"https:\/\/pravnizapisi.rs\/#organization\",\"name\":\"Pravni Zapisi\",\"url\":\"https:\/\/pravnizapisi.rs\/\",\"logo\":{\"@type\":\"ImageObject\",\"inLanguage\":\"en-US\",\"@id\":\"https:\/\/pravnizapisi.rs\/#\/schema\/logo\/image\/\",\"url\":\"https:\/\/www.pravnizapisi.rs\/wp-content\/uploads\/2019\/11\/cropped-Header-logo-srb-1-1.jpg\",\"contentUrl\":\"https:\/\/www.pravnizapisi.rs\/wp-content\/uploads\/2019\/11\/cropped-Header-logo-srb-1-1.jpg\",\"width\":580,\"height\":80,\"caption\":\"Pravni Zapisi\"},\"image\":{\"@id\":\"https:\/\/pravnizapisi.rs\/#\/schema\/logo\/image\/\"}}]}<\/script>\n<!-- \/ Yoast SEO plugin. -->","yoast_head_json":{"title":"Pravni zapisi 1\/2011 - Pravni Zapisi","robots":{"index":"index","follow":"follow","max-snippet":"max-snippet:-1","max-image-preview":"max-image-preview:large","max-video-preview":"max-video-preview:-1"},"canonical":"https:\/\/www.pravnizapisi.rs\/svi-brojevi\/pravni-zapisi-1-2011\/","og_locale":"en_US","og_type":"article","og_title":"Pravni zapisi 1\/2011 - Pravni Zapisi","og_description":"Union University Law School Review Year II, No. 1\/2011, Pages 1-338 UDK\u00a034 ISSN 2217-2815 (Printed Edition) TABLE OF CONTENTS ARTICLES Michael Martinek, Rudolf von Jhering (1818\u20131892) \u2013 Life and work of a great German jurist Jelena Voli\u0107-Hellbusch, Militant democracy and its democratic dilemma Violeta Be\u0161irevi\u0107, Who\u2019s afraid of federal Europe? Some critical remarks on the German Constitutional Court\u2019s Lisbon decision Tatjana Papi\u0107, Definition of international organisation from the Draft Articles on Responsibility of International Organizations of the UN International Law Commission Katarina Damnjanovi\u0107, New travellers\u2019 rights and obligations in EU railway carriage law Nevena Vu\u010dkovi\u0107-\u0160ahovi\u0107, International adoption and Serbia LEGAL [&hellip;]","og_url":"https:\/\/www.pravnizapisi.rs\/svi-brojevi\/pravni-zapisi-1-2011\/","og_site_name":"Pravni Zapisi","article_modified_time":"2021-05-09T14:43:40+00:00","og_image":[{"width":150,"height":225,"url":"https:\/\/www.pravnizapisi.rs\/wp-content\/uploads\/2020\/07\/pzapisi.jpg","type":"image\/jpeg"}],"twitter_card":"summary_large_image","twitter_misc":{"Est. reading time":"1 minute"},"schema":{"@context":"https:\/\/schema.org","@graph":[{"@type":"WebPage","@id":"https:\/\/www.pravnizapisi.rs\/svi-brojevi\/pravni-zapisi-1-2011\/","url":"https:\/\/www.pravnizapisi.rs\/svi-brojevi\/pravni-zapisi-1-2011\/","name":"Pravni zapisi 1\/2011 - Pravni Zapisi","isPartOf":{"@id":"https:\/\/pravnizapisi.rs\/#website"},"datePublished":"2019-11-05T14:48:55+00:00","dateModified":"2021-05-09T14:43:40+00:00","breadcrumb":{"@id":"https:\/\/www.pravnizapisi.rs\/svi-brojevi\/pravni-zapisi-1-2011\/#breadcrumb"},"inLanguage":"en-US","potentialAction":[{"@type":"ReadAction","target":["https:\/\/www.pravnizapisi.rs\/svi-brojevi\/pravni-zapisi-1-2011\/"]}]},{"@type":"BreadcrumbList","@id":"https:\/\/www.pravnizapisi.rs\/svi-brojevi\/pravni-zapisi-1-2011\/#breadcrumb","itemListElement":[{"@type":"ListItem","position":1,"name":"\u041f\u043e\u0447\u0435\u0442\u043d\u0430","item":"https:\/\/www.pravnizapisi.rs\/en\/"},{"@type":"ListItem","position":2,"name":"Issues","item":"https:\/\/www.pravnizapisi.rs\/svi-brojevi\/"},{"@type":"ListItem","position":3,"name":"Pravni zapisi 1\/2011"}]},{"@type":"WebSite","@id":"https:\/\/pravnizapisi.rs\/#website","url":"https:\/\/pravnizapisi.rs\/","name":"Pravni Zapisi","description":"","publisher":{"@id":"https:\/\/pravnizapisi.rs\/#organization"},"potentialAction":[{"@type":"SearchAction","target":{"@type":"EntryPoint","urlTemplate":"https:\/\/pravnizapisi.rs\/?s={search_term_string}"},"query-input":{"@type":"PropertyValueSpecification","valueRequired":true,"valueName":"search_term_string"}}],"inLanguage":"en-US"},{"@type":"Organization","@id":"https:\/\/pravnizapisi.rs\/#organization","name":"Pravni Zapisi","url":"https:\/\/pravnizapisi.rs\/","logo":{"@type":"ImageObject","inLanguage":"en-US","@id":"https:\/\/pravnizapisi.rs\/#\/schema\/logo\/image\/","url":"https:\/\/www.pravnizapisi.rs\/wp-content\/uploads\/2019\/11\/cropped-Header-logo-srb-1-1.jpg","contentUrl":"https:\/\/www.pravnizapisi.rs\/wp-content\/uploads\/2019\/11\/cropped-Header-logo-srb-1-1.jpg","width":580,"height":80,"caption":"Pravni Zapisi"},"image":{"@id":"https:\/\/pravnizapisi.rs\/#\/schema\/logo\/image\/"}}]}},"_links":{"self":[{"href":"https:\/\/www.pravnizapisi.rs\/en\/wp-json\/wp\/v2\/pages\/6317","targetHints":{"allow":["GET"]}}],"collection":[{"href":"https:\/\/www.pravnizapisi.rs\/en\/wp-json\/wp\/v2\/pages"}],"about":[{"href":"https:\/\/www.pravnizapisi.rs\/en\/wp-json\/wp\/v2\/types\/page"}],"author":[{"embeddable":true,"href":"https:\/\/www.pravnizapisi.rs\/en\/wp-json\/wp\/v2\/users\/4"}],"replies":[{"embeddable":true,"href":"https:\/\/www.pravnizapisi.rs\/en\/wp-json\/wp\/v2\/comments?post=6317"}],"version-history":[{"count":0,"href":"https:\/\/www.pravnizapisi.rs\/en\/wp-json\/wp\/v2\/pages\/6317\/revisions"}],"up":[{"embeddable":true,"href":"https:\/\/www.pravnizapisi.rs\/en\/wp-json\/wp\/v2\/pages\/6165"}],"wp:attachment":[{"href":"https:\/\/www.pravnizapisi.rs\/en\/wp-json\/wp\/v2\/media?parent=6317"}],"curies":[{"name":"wp","href":"https:\/\/api.w.org\/{rel}","templated":true}]}}