{"id":6319,"date":"2019-11-05T14:49:15","date_gmt":"2019-11-05T14:49:15","guid":{"rendered":"http:\/\/pravnizapisi.rs\/?page_id=6319"},"modified":"2021-04-23T18:09:05","modified_gmt":"2021-04-23T18:09:05","slug":"issues-2-2011","status":"publish","type":"page","link":"https:\/\/www.pravnizapisi.rs\/en\/issues\/issues-2-2011\/","title":{"rendered":"Pravni zapisi 2\/2011"},"content":{"rendered":"<p style=\"text-align: justify;\"><em><strong>Union University Law School Review<\/strong><\/em><br \/>\n<em><strong>Year II, No. 2\/2011, Pages 339-647<\/strong><\/em><\/p>\n<table style=\"height: 35px;\" width=\"364\" frame=\"void\">\n<tbody>\n<tr>\n<td valign=\"top\"><strong>UDK\u00a034<\/strong><\/td>\n<td align=\"left\" valign=\"top\">\n<div><strong>ISSN 2217-2815 (Printed Edition)<\/strong><\/div>\n<\/td>\n<\/tr>\n<\/tbody>\n<\/table>\n<hr \/>\n<h3 style=\"text-align: center;\">TABLE OF CONTENTS<\/h3>\n<h4>ARTICLES<\/h4>\n<p class=\"jsn-article-content\" style=\"text-align: justify;\"><a href=\"https:\/\/pravnizapisi.rs\/en\/issues\/issues-2-2011\/7316-2\/\"><strong>Dragoljub Popovi\u0107<\/strong>, <em>Influence of the European Convention for the Protection of Human Rights and Fundamental Freedoms on the Serbian Legislation and Case Law<\/em><\/a><\/p>\n<p class=\"jsn-article-content\" style=\"text-align: justify;\"><a href=\"https:\/\/pravnizapisi.rs\/en\/issues\/issues-2-2011\/7329-2\/\"><strong>Tibor Thaythy<\/strong>, <em>Consignments and the Draft Common Frame of Reference<\/em><\/a><\/p>\n<p class=\"jsn-article-content\" style=\"text-align: justify;\"><a href=\"https:\/\/pravnizapisi.rs\/en\/issues\/issues-2-2011\/7287-2\/\"><strong>Achim Rogmann<\/strong>, <em>EU-Verbraucherschutzrecht als Teil des Acquis Communautaire \u2013 Europ\u00e4ischer Verbraucherschutz und die Beitrittsperspektive Serbiens zur EU<\/em><\/a><\/p>\n<p class=\"jsn-article-content\" style=\"text-align: justify;\"><a href=\"https:\/\/pravnizapisi.rs\/en\/issues\/issues-2-2011\/7295-2\/\"><strong>Katarina Damnjanovi\u0107<\/strong>, <em>New EU Rights of Passangers in Bus and Coach Transport<\/em><\/a><\/p>\n<p style=\"text-align: justify;\"><a href=\"https:\/\/pravnizapisi.rs\/en\/issues\/issues-2-2011\/7309-2\/\"><strong>Zoran Ivo\u0161evi\u0107<\/strong>, <em>Division and Issues of Jurisdiction over Protection of Labor Rights<\/em><\/a><\/p>\n<h4 style=\"text-align: justify;\">LEGAL ACTUALITIES<\/h4>\n<p class=\"jsn-article-content\" style=\"text-align: justify;\"><a href=\"https:\/\/pravnizapisi.rs\/en\/issues\/issues-2-2011\/7301-2\/\"><strong>Mom\u010dilo Gruba\u010d<\/strong>, <em>Serbian Code of Criminal Procedure of 26 September 2011 \u2013 New Institutions and Solutions<\/em><\/a><\/p>\n<p class=\"jsn-article-content\" style=\"text-align: justify;\"><a href=\"https:\/\/pravnizapisi.rs\/en\/issues\/issues-2-2011\/7338-2\/\"><strong>Vesna Raki\u0107-Vodineli\u0107<\/strong><em>, Code of Civil Procedure of Serbia 2011<\/em><\/a><\/p>\n<p class=\"jsn-article-content\" style=\"text-align: justify;\"><a href=\"https:\/\/pravnizapisi.rs\/en\/issues\/issues-2-2011\/7323-2\/\"><strong>Zlatko Stefanovi\u0107<\/strong>, <em>Review of the Law on Property Restitution and Compensation<\/em><\/a><\/p>\n<h4 class=\"jsn-article-content\" style=\"text-align: justify;\">CONTRIBUTIONS<\/h4>\n<p class=\"jsn-article-content\" style=\"text-align: justify;\"><a href=\"https:\/\/pravnizapisi.rs\/wp-content\/uploads\/issues\/2-2011\/Vojin_Dimitrijevic.pdf\"><strong>Vojin Dimitrijevi\u0107<\/strong>, <em>Why should one Study Law?<\/em><\/a><\/p>\n<h4 class=\"jsn-article-content\" style=\"text-align: justify;\">BOOK REVIEWS<\/h4>\n<p class=\"jsn-article-content\" style=\"text-align: justify;\"><a href=\"https:\/\/pravnizapisi.rs\/wp-content\/uploads\/issues\/2-2011\/Dragoljub_Popovic_A._Sajo_CONSTITUTIONAL_SENTIMENTS.pdf\"><strong>Dragoljub Popovi\u0107<\/strong>, <em>A. Sajo, Constitutional Sentiments, Yale University <\/em><em>Press, New Haven &amp; London 2011, p. 382<\/em><\/a><\/p>\n<h4 class=\"jsn-article-content\" style=\"text-align: justify;\">LEGAL PRACTICE<\/h4>\n<p class=\"jsn-article-content\" style=\"text-align: justify;\"><a href=\"https:\/\/pravnizapisi.rs\/wp-content\/uploads\/issues\/2-2011\/KONACNI_TEKST_PRAVNOG_SHVATANJA_o_sprovodjenju_izvrsenja_sa_odvojenim_misljenjem.pdf\"><em>Final Draft on the Legal Option on Enforcement, with Concurring Opinion<\/em><\/a><\/p>\n<h4 class=\"jsn-article-content\" style=\"text-align: justify;\">STUDENTS PAPERS<\/h4>\n<p class=\"jsn-article-content\" style=\"text-align: justify;\"><a href=\"https:\/\/pravnizapisi.rs\/wp-content\/uploads\/issues\/2-2011\/Veljko_Kovacevic_ENGLESKA_I_PRAVO_ISTORIJSKI_RAZVOJ_i_neke_specificnosti.pdf\"><strong>Veljko Kova\u010devi\u0107<\/strong>, <em>England and Law, History and Specificity<\/em><\/a><\/p>\n<p class=\"jsn-article-content\" style=\"text-align: justify;\"><a href=\"https:\/\/pravnizapisi.rs\/wp-content\/uploads\/issues\/2-2011\/HRONIKA_PRAVNOG_FAKULTETA_2011.pdf\"><em>FACULTY CHRONICLE (2011)<\/em>, <strong>Prepared by Milka Bekjarev<\/strong><\/a><\/p>\n","protected":false},"excerpt":{"rendered":"<p>Union University Law School Review Year II, No. 2\/2011, Pages 339-647 UDK\u00a034 ISSN 2217-2815 (Printed Edition) TABLE OF CONTENTS ARTICLES Dragoljub Popovi\u0107, Influence of the European Convention for the Protection of Human Rights and Fundamental Freedoms on the Serbian Legislation and Case Law Tibor Thaythy, Consignments and the Draft Common Frame of Reference Achim Rogmann, EU-Verbraucherschutzrecht als Teil des Acquis Communautaire \u2013 Europ\u00e4ischer Verbraucherschutz und die Beitrittsperspektive Serbiens zur EU Katarina Damnjanovi\u0107, New EU Rights of Passangers in Bus and Coach Transport Zoran Ivo\u0161evi\u0107, Division and Issues of Jurisdiction over Protection of Labor Rights LEGAL ACTUALITIES Mom\u010dilo Gruba\u010d, Serbian Code [&hellip;]<\/p>\n","protected":false},"author":4,"featured_media":0,"parent":6165,"menu_order":0,"comment_status":"closed","ping_status":"closed","template":"template-fullwidth.php","meta":{"footnotes":""},"class_list":["post-6319","page","type-page","status-publish","hentry"],"yoast_head":"<!-- This site is optimized with the Yoast SEO plugin v27.1.1 - https:\/\/yoast.com\/product\/yoast-seo-wordpress\/ -->\n<title>Pravni zapisi 2\/2011 - Pravni Zapisi<\/title>\n<meta name=\"robots\" content=\"index, follow, max-snippet:-1, max-image-preview:large, max-video-preview:-1\" \/>\n<link rel=\"canonical\" href=\"https:\/\/www.pravnizapisi.rs\/en\/issues\/issues-2-2011\/\" \/>\n<meta property=\"og:locale\" content=\"en_US\" \/>\n<meta property=\"og:type\" content=\"article\" \/>\n<meta property=\"og:title\" content=\"Pravni zapisi 2\/2011 - Pravni Zapisi\" \/>\n<meta property=\"og:description\" content=\"Union University Law School Review Year II, No. 2\/2011, Pages 339-647 UDK\u00a034 ISSN 2217-2815 (Printed Edition) TABLE OF CONTENTS ARTICLES Dragoljub Popovi\u0107, Influence of the European Convention for the Protection of Human Rights and Fundamental Freedoms on the Serbian Legislation and Case Law Tibor Thaythy, Consignments and the Draft Common Frame of Reference Achim Rogmann, EU-Verbraucherschutzrecht als Teil des Acquis Communautaire \u2013 Europ\u00e4ischer Verbraucherschutz und die Beitrittsperspektive Serbiens zur EU Katarina Damnjanovi\u0107, New EU Rights of Passangers in Bus and Coach Transport Zoran Ivo\u0161evi\u0107, Division and Issues of Jurisdiction over Protection of Labor Rights LEGAL ACTUALITIES Mom\u010dilo Gruba\u010d, Serbian Code [&hellip;]\" \/>\n<meta property=\"og:url\" content=\"https:\/\/www.pravnizapisi.rs\/en\/issues\/issues-2-2011\/\" \/>\n<meta property=\"og:site_name\" content=\"Pravni Zapisi\" \/>\n<meta property=\"article:modified_time\" content=\"2021-04-23T18:09:05+00:00\" \/>\n<meta property=\"og:image\" content=\"https:\/\/www.pravnizapisi.rs\/wp-content\/uploads\/2020\/07\/pzapisi.jpg\" \/>\n\t<meta property=\"og:image:width\" content=\"150\" \/>\n\t<meta property=\"og:image:height\" content=\"225\" \/>\n\t<meta property=\"og:image:type\" content=\"image\/jpeg\" \/>\n<meta name=\"twitter:card\" content=\"summary_large_image\" \/>\n<meta name=\"twitter:label1\" content=\"Est. reading time\" \/>\n\t<meta name=\"twitter:data1\" content=\"1 minute\" \/>\n<script type=\"application\/ld+json\" class=\"yoast-schema-graph\">{\"@context\":\"https:\/\/schema.org\",\"@graph\":[{\"@type\":\"WebPage\",\"@id\":\"https:\/\/www.pravnizapisi.rs\/en\/issues\/issues-2-2011\/\",\"url\":\"https:\/\/www.pravnizapisi.rs\/en\/issues\/issues-2-2011\/\",\"name\":\"Pravni zapisi 2\/2011 - Pravni Zapisi\",\"isPartOf\":{\"@id\":\"https:\/\/pravnizapisi.rs\/#website\"},\"datePublished\":\"2019-11-05T14:49:15+00:00\",\"dateModified\":\"2021-04-23T18:09:05+00:00\",\"breadcrumb\":{\"@id\":\"https:\/\/www.pravnizapisi.rs\/en\/issues\/issues-2-2011\/#breadcrumb\"},\"inLanguage\":\"en-US\",\"potentialAction\":[{\"@type\":\"ReadAction\",\"target\":[\"https:\/\/www.pravnizapisi.rs\/en\/issues\/issues-2-2011\/\"]}]},{\"@type\":\"BreadcrumbList\",\"@id\":\"https:\/\/www.pravnizapisi.rs\/en\/issues\/issues-2-2011\/#breadcrumb\",\"itemListElement\":[{\"@type\":\"ListItem\",\"position\":1,\"name\":\"\u041f\u043e\u0447\u0435\u0442\u043d\u0430\",\"item\":\"https:\/\/www.pravnizapisi.rs\/en\/\"},{\"@type\":\"ListItem\",\"position\":2,\"name\":\"Issues\",\"item\":\"https:\/\/www.pravnizapisi.rs\/svi-brojevi\/\"},{\"@type\":\"ListItem\",\"position\":3,\"name\":\"Pravni zapisi 2\/2011\"}]},{\"@type\":\"WebSite\",\"@id\":\"https:\/\/pravnizapisi.rs\/#website\",\"url\":\"https:\/\/pravnizapisi.rs\/\",\"name\":\"Pravni Zapisi\",\"description\":\"\",\"publisher\":{\"@id\":\"https:\/\/pravnizapisi.rs\/#organization\"},\"potentialAction\":[{\"@type\":\"SearchAction\",\"target\":{\"@type\":\"EntryPoint\",\"urlTemplate\":\"https:\/\/pravnizapisi.rs\/?s={search_term_string}\"},\"query-input\":{\"@type\":\"PropertyValueSpecification\",\"valueRequired\":true,\"valueName\":\"search_term_string\"}}],\"inLanguage\":\"en-US\"},{\"@type\":\"Organization\",\"@id\":\"https:\/\/pravnizapisi.rs\/#organization\",\"name\":\"Pravni Zapisi\",\"url\":\"https:\/\/pravnizapisi.rs\/\",\"logo\":{\"@type\":\"ImageObject\",\"inLanguage\":\"en-US\",\"@id\":\"https:\/\/pravnizapisi.rs\/#\/schema\/logo\/image\/\",\"url\":\"https:\/\/www.pravnizapisi.rs\/wp-content\/uploads\/2019\/11\/cropped-Header-logo-srb-1-1.jpg\",\"contentUrl\":\"https:\/\/www.pravnizapisi.rs\/wp-content\/uploads\/2019\/11\/cropped-Header-logo-srb-1-1.jpg\",\"width\":580,\"height\":80,\"caption\":\"Pravni Zapisi\"},\"image\":{\"@id\":\"https:\/\/pravnizapisi.rs\/#\/schema\/logo\/image\/\"}}]}<\/script>\n<!-- \/ Yoast SEO plugin. -->","yoast_head_json":{"title":"Pravni zapisi 2\/2011 - Pravni Zapisi","robots":{"index":"index","follow":"follow","max-snippet":"max-snippet:-1","max-image-preview":"max-image-preview:large","max-video-preview":"max-video-preview:-1"},"canonical":"https:\/\/www.pravnizapisi.rs\/en\/issues\/issues-2-2011\/","og_locale":"en_US","og_type":"article","og_title":"Pravni zapisi 2\/2011 - Pravni Zapisi","og_description":"Union University Law School Review Year II, No. 2\/2011, Pages 339-647 UDK\u00a034 ISSN 2217-2815 (Printed Edition) TABLE OF CONTENTS ARTICLES Dragoljub Popovi\u0107, Influence of the European Convention for the Protection of Human Rights and Fundamental Freedoms on the Serbian Legislation and Case Law Tibor Thaythy, Consignments and the Draft Common Frame of Reference Achim Rogmann, EU-Verbraucherschutzrecht als Teil des Acquis Communautaire \u2013 Europ\u00e4ischer Verbraucherschutz und die Beitrittsperspektive Serbiens zur EU Katarina Damnjanovi\u0107, New EU Rights of Passangers in Bus and Coach Transport Zoran Ivo\u0161evi\u0107, Division and Issues of Jurisdiction over Protection of Labor Rights LEGAL ACTUALITIES Mom\u010dilo Gruba\u010d, Serbian Code [&hellip;]","og_url":"https:\/\/www.pravnizapisi.rs\/en\/issues\/issues-2-2011\/","og_site_name":"Pravni Zapisi","article_modified_time":"2021-04-23T18:09:05+00:00","og_image":[{"width":150,"height":225,"url":"https:\/\/www.pravnizapisi.rs\/wp-content\/uploads\/2020\/07\/pzapisi.jpg","type":"image\/jpeg"}],"twitter_card":"summary_large_image","twitter_misc":{"Est. reading time":"1 minute"},"schema":{"@context":"https:\/\/schema.org","@graph":[{"@type":"WebPage","@id":"https:\/\/www.pravnizapisi.rs\/en\/issues\/issues-2-2011\/","url":"https:\/\/www.pravnizapisi.rs\/en\/issues\/issues-2-2011\/","name":"Pravni zapisi 2\/2011 - Pravni Zapisi","isPartOf":{"@id":"https:\/\/pravnizapisi.rs\/#website"},"datePublished":"2019-11-05T14:49:15+00:00","dateModified":"2021-04-23T18:09:05+00:00","breadcrumb":{"@id":"https:\/\/www.pravnizapisi.rs\/en\/issues\/issues-2-2011\/#breadcrumb"},"inLanguage":"en-US","potentialAction":[{"@type":"ReadAction","target":["https:\/\/www.pravnizapisi.rs\/en\/issues\/issues-2-2011\/"]}]},{"@type":"BreadcrumbList","@id":"https:\/\/www.pravnizapisi.rs\/en\/issues\/issues-2-2011\/#breadcrumb","itemListElement":[{"@type":"ListItem","position":1,"name":"\u041f\u043e\u0447\u0435\u0442\u043d\u0430","item":"https:\/\/www.pravnizapisi.rs\/en\/"},{"@type":"ListItem","position":2,"name":"Issues","item":"https:\/\/www.pravnizapisi.rs\/svi-brojevi\/"},{"@type":"ListItem","position":3,"name":"Pravni zapisi 2\/2011"}]},{"@type":"WebSite","@id":"https:\/\/pravnizapisi.rs\/#website","url":"https:\/\/pravnizapisi.rs\/","name":"Pravni Zapisi","description":"","publisher":{"@id":"https:\/\/pravnizapisi.rs\/#organization"},"potentialAction":[{"@type":"SearchAction","target":{"@type":"EntryPoint","urlTemplate":"https:\/\/pravnizapisi.rs\/?s={search_term_string}"},"query-input":{"@type":"PropertyValueSpecification","valueRequired":true,"valueName":"search_term_string"}}],"inLanguage":"en-US"},{"@type":"Organization","@id":"https:\/\/pravnizapisi.rs\/#organization","name":"Pravni Zapisi","url":"https:\/\/pravnizapisi.rs\/","logo":{"@type":"ImageObject","inLanguage":"en-US","@id":"https:\/\/pravnizapisi.rs\/#\/schema\/logo\/image\/","url":"https:\/\/www.pravnizapisi.rs\/wp-content\/uploads\/2019\/11\/cropped-Header-logo-srb-1-1.jpg","contentUrl":"https:\/\/www.pravnizapisi.rs\/wp-content\/uploads\/2019\/11\/cropped-Header-logo-srb-1-1.jpg","width":580,"height":80,"caption":"Pravni Zapisi"},"image":{"@id":"https:\/\/pravnizapisi.rs\/#\/schema\/logo\/image\/"}}]}},"_links":{"self":[{"href":"https:\/\/www.pravnizapisi.rs\/en\/wp-json\/wp\/v2\/pages\/6319","targetHints":{"allow":["GET"]}}],"collection":[{"href":"https:\/\/www.pravnizapisi.rs\/en\/wp-json\/wp\/v2\/pages"}],"about":[{"href":"https:\/\/www.pravnizapisi.rs\/en\/wp-json\/wp\/v2\/types\/page"}],"author":[{"embeddable":true,"href":"https:\/\/www.pravnizapisi.rs\/en\/wp-json\/wp\/v2\/users\/4"}],"replies":[{"embeddable":true,"href":"https:\/\/www.pravnizapisi.rs\/en\/wp-json\/wp\/v2\/comments?post=6319"}],"version-history":[{"count":0,"href":"https:\/\/www.pravnizapisi.rs\/en\/wp-json\/wp\/v2\/pages\/6319\/revisions"}],"up":[{"embeddable":true,"href":"https:\/\/www.pravnizapisi.rs\/en\/wp-json\/wp\/v2\/pages\/6165"}],"wp:attachment":[{"href":"https:\/\/www.pravnizapisi.rs\/en\/wp-json\/wp\/v2\/media?parent=6319"}],"curies":[{"name":"wp","href":"https:\/\/api.w.org\/{rel}","templated":true}]}}