{"id":6321,"date":"2019-11-05T14:49:36","date_gmt":"2019-11-05T14:49:36","guid":{"rendered":"http:\/\/pravnizapisi.rs\/?page_id=6321"},"modified":"2021-04-22T10:02:12","modified_gmt":"2021-04-22T10:02:12","slug":"1-2010","status":"publish","type":"page","link":"https:\/\/www.pravnizapisi.rs\/en\/issues\/1-2010\/","title":{"rendered":"Pravni zapisi 1\/2010"},"content":{"rendered":"<p style=\"text-align: justify;\"><em><strong>Union University Law School Review<\/strong><\/em><br \/>\n<em><strong>Year I, No. 1\/2010, Pages 1-310<\/strong><\/em><\/p>\n<table style=\"height: 35px;\" width=\"364\" frame=\"void\">\n<tbody>\n<tr>\n<td valign=\"top\"><strong>UDK\u00a034<\/strong><\/td>\n<td align=\"left\" valign=\"top\">\n<div><strong>ISSN 2217-2815 (Printed Edition)<\/strong><\/div>\n<\/td>\n<\/tr>\n<\/tbody>\n<\/table>\n<hr \/>\n<h3 style=\"text-align: center;\">TABLE OF CONTENTS<\/h3>\n<h4 style=\"text-align: justify;\">ARTICLES<\/h4>\n<p style=\"text-align: justify;\"><a class=\"mtli_attachment mtli_pdf\" href=\"https:\/\/pravnizapisi.rs\/en\/issues\/1-2010\/7082-2\/\"><strong>Michael Martinek<\/strong>,\u00a0<em>Friedrich Karl von Savigny (1779\u20131861) \u2013 Leben und Werk eines gro\u00dfen deutschen Juristen<\/em><\/a><\/p>\n<p style=\"text-align: justify;\"><a href=\"https:\/\/pravnizapisi.rs\/en\/issues\/1-2010\/7094-2\/\"><strong>Edin \u0160ar\u010devi\u0107<\/strong><em>, Characterising the Dayton constitutional model \u2013 on an unsuccessful constitutional experiment<\/em><\/a><\/p>\n<p style=\"text-align: justify;\"><a href=\"https:\/\/pravnizapisi.rs\/en\/issues\/1-2010\/7125-2\/\"><strong>Andrej Savin<\/strong>,\u00a0<em>The Arbitration Exception and Protection of Arbitration Agreements in the EU<\/em><\/a><\/p>\n<p style=\"text-align: justify;\"><a href=\"https:\/\/pravnizapisi.rs\/en\/issues\/1-2010\/7135-2\/\"><strong>Slobodan Vukadinovi\u0107<\/strong>, <em>Analysis of the impact of legislative procedure on proposed legislation<\/em><\/a><\/p>\n<h4 class=\"jsn-article-content\" style=\"text-align: justify;\">LEGAL ACTUALITIES<\/h4>\n<p style=\"text-align: justify;\"><a href=\"https:\/\/pravnizapisi.rs\/en\/issues\/1-2010\/7140-2\/\"><strong>Milo\u0161 \u017divkovi\u0107<\/strong>, <em>On the quality of recent civil law legislation in Serbia<\/em><\/a><\/p>\n<p><a href=\"https:\/\/pravnizapisi.rs\/en\/issues\/1-2010\/7147-2\/\"><strong>Zoran Ivo\u0161evi\u0107<\/strong>, <em>Recycled Judicial Reform<\/em><\/a><\/p>\n<p style=\"text-align: justify;\"><a href=\"https:\/\/pravnizapisi.rs\/en\/issues\/1-2010\/7154-2\/\"><strong>Mom\u010dilo Gruba\u010d<\/strong><em>, Regarding the new Code of Criminal Procedure of Montenegro<\/em><\/a><\/p>\n<p style=\"text-align: justify;\"><a href=\"https:\/\/pravnizapisi.rs\/en\/issues\/1-2010\/7161-2\/\"><strong>Aleksandra \u010cavo\u0161ki<\/strong>, <em>Environmental protection reform in the European Union<\/em><\/a><\/p>\n<h4 style=\"text-align: justify;\">CONTRIBUTIONS<\/h4>\n<p style=\"text-align: justify;\"><a href=\"https:\/\/pravnizapisi.rs\/wp-content\/uploads\/issues\/1-2010\/Luka_Breneselovic_O_JEZIKU_I_NOMOTEHNICI_NACRTA.pdf\"><strong>Luka Breneselovi\u0107<\/strong>, <em>On language and nomotechnics of the Draft law on ownership and other property rights<\/em><\/a><\/p>\n<p style=\"text-align: justify;\"><a href=\"https:\/\/pravnizapisi.rs\/wp-content\/uploads\/issues\/1-2010\/Vladimir_Vodinelic_O_JEZIKU_I_NOMOTEHNICI_NACRTA_ZAKONIKA.pdf\"><strong>Vladimir Vodineli\u0107<\/strong>, <em>On language and nomotechnics of the Draft law on ownership and other property rights, Regarding the text by Luka Breneselovi\u0107<\/em><\/a><\/p>\n<p style=\"text-align: justify;\"><a href=\"https:\/\/pravnizapisi.rs\/wp-content\/uploads\/issues\/1-2010\/Ivan_Jankovic_PRAVNA_PRIRODA_UGOVORA.pdf\"><strong>Ivan Jankovi\u0107<\/strong>, <em>Legal nature of the contract on leading a blind person<\/em><\/a><\/p>\n<h4 class=\"jsn-article-content\" style=\"text-align: justify;\">BOOK REVIEWS<\/h4>\n<p style=\"text-align: justify;\"><a href=\"https:\/\/pravnizapisi.rs\/wp-content\/uploads\/issues\/1-2010\/Vladimir_Vodinelic_Filippo_Ranieri_EUROPISCHES_OBLIGATIONENRECHT.pdf\"><strong>Vladimir Vodineli\u0107, <\/strong><em>Filippo Ranieri, Europ\u00e4isches Obligationenrecht, Ein Handbuch mit Texten und Materialien, third, entirely modified edition, Springer, Wien-New York, 2009<\/em><\/a><\/p>\n<h4 class=\"jsn-article-content\" style=\"text-align: justify;\">CASE LAW<\/h4>\n<p style=\"text-align: justify;\"><a href=\"https:\/\/pravnizapisi.rs\/wp-content\/uploads\/issues\/1-2010\/Snezana_Andrejevic_OBAVEZNO_JAVNO_OBJAVLJIVANJE.pdf\"><strong>Sne\u017eana Andrejevi\u0107<\/strong>, <em>Obligatory publication of a final judicial decision in electronic media and on a web-site on the global network<\/em><\/a><\/p>\n<h4 class=\"jsn-article-content\" style=\"text-align: justify;\">STUDENT PAPERS<\/h4>\n<p style=\"text-align: justify;\"><a href=\"https:\/\/pravnizapisi.rs\/wp-content\/uploads\/issues\/1-2010\/Jelena_Nesic_AKTIVNA_I_PASIVNA_EUTANAZIJA.pdf\"><strong>Jelena Ne\u0161i\u0107<\/strong>, <em>Active and passive euthanasia: Are differences in the legal system legally based?<\/em><\/a><\/p>\n<p style=\"text-align: justify;\"><a href=\"https:\/\/pravnizapisi.rs\/wp-content\/uploads\/issues\/1-2010\/Ivana_Popovic_VELIKA_ODLUKA_ZA_MALE_LJUDE.pdf\"><strong>Ivana Popovi\u0107<\/strong>, <em>A big decision for little people: commentary of Article 35 of the Serbian Law on Health Protection<\/em><\/a><\/p>\n<h4 class=\"jsn-article-content\" style=\"text-align: justify;\">BIBLIOGRAPHY<\/h4>\n<p style=\"text-align: justify;\"><a href=\"https:\/\/pravnizapisi.rs\/wp-content\/uploads\/issues\/1-2010\/Priredila_Ljiljana_Prljincevic_PRAVNA_BIBLIOGRAFIJA_1-2010.pdf\"><strong>Prepared by Ljiljana Prljin\u010devi\u0107<\/strong>, <em>Legal Bibliography \u2013 Serbia 2009<\/em><\/a><\/p>\n","protected":false},"excerpt":{"rendered":"<p>Union University Law School Review Year I, No. 1\/2010, Pages 1-310 UDK\u00a034 ISSN 2217-2815 (Printed Edition) TABLE OF CONTENTS ARTICLES Michael Martinek,\u00a0Friedrich Karl von Savigny (1779\u20131861) \u2013 Leben und Werk eines gro\u00dfen deutschen Juristen Edin \u0160ar\u010devi\u0107, Characterising the Dayton constitutional model \u2013 on an unsuccessful constitutional experiment Andrej Savin,\u00a0The Arbitration Exception and Protection of Arbitration Agreements in the EU Slobodan Vukadinovi\u0107, Analysis of the impact of legislative procedure on proposed legislation LEGAL ACTUALITIES Milo\u0161 \u017divkovi\u0107, On the quality of recent civil law legislation in Serbia Zoran Ivo\u0161evi\u0107, Recycled Judicial Reform Mom\u010dilo Gruba\u010d, Regarding the new Code of Criminal Procedure of [&hellip;]<\/p>\n","protected":false},"author":4,"featured_media":0,"parent":6165,"menu_order":0,"comment_status":"closed","ping_status":"closed","template":"template-fullwidth.php","meta":{"footnotes":""},"class_list":["post-6321","page","type-page","status-publish","hentry"],"yoast_head":"<!-- This site is optimized with the Yoast SEO plugin v27.1.1 - https:\/\/yoast.com\/product\/yoast-seo-wordpress\/ -->\n<title>Pravni zapisi 1\/2010 - Pravni Zapisi<\/title>\n<meta name=\"robots\" content=\"index, follow, max-snippet:-1, max-image-preview:large, max-video-preview:-1\" \/>\n<link rel=\"canonical\" href=\"https:\/\/www.pravnizapisi.rs\/svi-brojevi\/pravni-zapisi-1-2010\/\" \/>\n<meta property=\"og:locale\" content=\"en_US\" \/>\n<meta property=\"og:type\" content=\"article\" \/>\n<meta property=\"og:title\" content=\"Pravni zapisi 1\/2010 - Pravni Zapisi\" \/>\n<meta property=\"og:description\" content=\"Union University Law School Review Year I, No. 1\/2010, Pages 1-310 UDK\u00a034 ISSN 2217-2815 (Printed Edition) TABLE OF CONTENTS ARTICLES Michael Martinek,\u00a0Friedrich Karl von Savigny (1779\u20131861) \u2013 Leben und Werk eines gro\u00dfen deutschen Juristen Edin \u0160ar\u010devi\u0107, Characterising the Dayton constitutional model \u2013 on an unsuccessful constitutional experiment Andrej Savin,\u00a0The Arbitration Exception and Protection of Arbitration Agreements in the EU Slobodan Vukadinovi\u0107, Analysis of the impact of legislative procedure on proposed legislation LEGAL ACTUALITIES Milo\u0161 \u017divkovi\u0107, On the quality of recent civil law legislation in Serbia Zoran Ivo\u0161evi\u0107, Recycled Judicial Reform Mom\u010dilo Gruba\u010d, Regarding the new Code of Criminal Procedure of [&hellip;]\" \/>\n<meta property=\"og:url\" content=\"https:\/\/www.pravnizapisi.rs\/svi-brojevi\/pravni-zapisi-1-2010\/\" \/>\n<meta property=\"og:site_name\" content=\"Pravni Zapisi\" \/>\n<meta property=\"article:modified_time\" content=\"2021-04-22T10:02:12+00:00\" \/>\n<meta property=\"og:image\" content=\"https:\/\/www.pravnizapisi.rs\/wp-content\/uploads\/2020\/07\/pzapisi.jpg\" \/>\n\t<meta property=\"og:image:width\" content=\"150\" \/>\n\t<meta property=\"og:image:height\" content=\"225\" \/>\n\t<meta property=\"og:image:type\" content=\"image\/jpeg\" \/>\n<meta name=\"twitter:card\" content=\"summary_large_image\" \/>\n<meta name=\"twitter:label1\" content=\"Est. reading time\" \/>\n\t<meta name=\"twitter:data1\" content=\"1 minute\" \/>\n<script type=\"application\/ld+json\" class=\"yoast-schema-graph\">{\"@context\":\"https:\/\/schema.org\",\"@graph\":[{\"@type\":\"WebPage\",\"@id\":\"https:\/\/www.pravnizapisi.rs\/svi-brojevi\/pravni-zapisi-1-2010\/\",\"url\":\"https:\/\/www.pravnizapisi.rs\/svi-brojevi\/pravni-zapisi-1-2010\/\",\"name\":\"Pravni zapisi 1\/2010 - Pravni Zapisi\",\"isPartOf\":{\"@id\":\"https:\/\/pravnizapisi.rs\/#website\"},\"datePublished\":\"2019-11-05T14:49:36+00:00\",\"dateModified\":\"2021-04-22T10:02:12+00:00\",\"breadcrumb\":{\"@id\":\"https:\/\/www.pravnizapisi.rs\/svi-brojevi\/pravni-zapisi-1-2010\/#breadcrumb\"},\"inLanguage\":\"en-US\",\"potentialAction\":[{\"@type\":\"ReadAction\",\"target\":[\"https:\/\/www.pravnizapisi.rs\/svi-brojevi\/pravni-zapisi-1-2010\/\"]}]},{\"@type\":\"BreadcrumbList\",\"@id\":\"https:\/\/www.pravnizapisi.rs\/svi-brojevi\/pravni-zapisi-1-2010\/#breadcrumb\",\"itemListElement\":[{\"@type\":\"ListItem\",\"position\":1,\"name\":\"\u041f\u043e\u0447\u0435\u0442\u043d\u0430\",\"item\":\"https:\/\/www.pravnizapisi.rs\/en\/\"},{\"@type\":\"ListItem\",\"position\":2,\"name\":\"Issues\",\"item\":\"https:\/\/www.pravnizapisi.rs\/svi-brojevi\/\"},{\"@type\":\"ListItem\",\"position\":3,\"name\":\"Pravni zapisi 1\/2010\"}]},{\"@type\":\"WebSite\",\"@id\":\"https:\/\/pravnizapisi.rs\/#website\",\"url\":\"https:\/\/pravnizapisi.rs\/\",\"name\":\"Pravni Zapisi\",\"description\":\"\",\"publisher\":{\"@id\":\"https:\/\/pravnizapisi.rs\/#organization\"},\"potentialAction\":[{\"@type\":\"SearchAction\",\"target\":{\"@type\":\"EntryPoint\",\"urlTemplate\":\"https:\/\/pravnizapisi.rs\/?s={search_term_string}\"},\"query-input\":{\"@type\":\"PropertyValueSpecification\",\"valueRequired\":true,\"valueName\":\"search_term_string\"}}],\"inLanguage\":\"en-US\"},{\"@type\":\"Organization\",\"@id\":\"https:\/\/pravnizapisi.rs\/#organization\",\"name\":\"Pravni Zapisi\",\"url\":\"https:\/\/pravnizapisi.rs\/\",\"logo\":{\"@type\":\"ImageObject\",\"inLanguage\":\"en-US\",\"@id\":\"https:\/\/pravnizapisi.rs\/#\/schema\/logo\/image\/\",\"url\":\"https:\/\/www.pravnizapisi.rs\/wp-content\/uploads\/2019\/11\/cropped-Header-logo-srb-1-1.jpg\",\"contentUrl\":\"https:\/\/www.pravnizapisi.rs\/wp-content\/uploads\/2019\/11\/cropped-Header-logo-srb-1-1.jpg\",\"width\":580,\"height\":80,\"caption\":\"Pravni Zapisi\"},\"image\":{\"@id\":\"https:\/\/pravnizapisi.rs\/#\/schema\/logo\/image\/\"}}]}<\/script>\n<!-- \/ Yoast SEO plugin. -->","yoast_head_json":{"title":"Pravni zapisi 1\/2010 - Pravni Zapisi","robots":{"index":"index","follow":"follow","max-snippet":"max-snippet:-1","max-image-preview":"max-image-preview:large","max-video-preview":"max-video-preview:-1"},"canonical":"https:\/\/www.pravnizapisi.rs\/svi-brojevi\/pravni-zapisi-1-2010\/","og_locale":"en_US","og_type":"article","og_title":"Pravni zapisi 1\/2010 - Pravni Zapisi","og_description":"Union University Law School Review Year I, No. 1\/2010, Pages 1-310 UDK\u00a034 ISSN 2217-2815 (Printed Edition) TABLE OF CONTENTS ARTICLES Michael Martinek,\u00a0Friedrich Karl von Savigny (1779\u20131861) \u2013 Leben und Werk eines gro\u00dfen deutschen Juristen Edin \u0160ar\u010devi\u0107, Characterising the Dayton constitutional model \u2013 on an unsuccessful constitutional experiment Andrej Savin,\u00a0The Arbitration Exception and Protection of Arbitration Agreements in the EU Slobodan Vukadinovi\u0107, Analysis of the impact of legislative procedure on proposed legislation LEGAL ACTUALITIES Milo\u0161 \u017divkovi\u0107, On the quality of recent civil law legislation in Serbia Zoran Ivo\u0161evi\u0107, Recycled Judicial Reform Mom\u010dilo Gruba\u010d, Regarding the new Code of Criminal Procedure of [&hellip;]","og_url":"https:\/\/www.pravnizapisi.rs\/svi-brojevi\/pravni-zapisi-1-2010\/","og_site_name":"Pravni Zapisi","article_modified_time":"2021-04-22T10:02:12+00:00","og_image":[{"width":150,"height":225,"url":"https:\/\/www.pravnizapisi.rs\/wp-content\/uploads\/2020\/07\/pzapisi.jpg","type":"image\/jpeg"}],"twitter_card":"summary_large_image","twitter_misc":{"Est. reading time":"1 minute"},"schema":{"@context":"https:\/\/schema.org","@graph":[{"@type":"WebPage","@id":"https:\/\/www.pravnizapisi.rs\/svi-brojevi\/pravni-zapisi-1-2010\/","url":"https:\/\/www.pravnizapisi.rs\/svi-brojevi\/pravni-zapisi-1-2010\/","name":"Pravni zapisi 1\/2010 - Pravni Zapisi","isPartOf":{"@id":"https:\/\/pravnizapisi.rs\/#website"},"datePublished":"2019-11-05T14:49:36+00:00","dateModified":"2021-04-22T10:02:12+00:00","breadcrumb":{"@id":"https:\/\/www.pravnizapisi.rs\/svi-brojevi\/pravni-zapisi-1-2010\/#breadcrumb"},"inLanguage":"en-US","potentialAction":[{"@type":"ReadAction","target":["https:\/\/www.pravnizapisi.rs\/svi-brojevi\/pravni-zapisi-1-2010\/"]}]},{"@type":"BreadcrumbList","@id":"https:\/\/www.pravnizapisi.rs\/svi-brojevi\/pravni-zapisi-1-2010\/#breadcrumb","itemListElement":[{"@type":"ListItem","position":1,"name":"\u041f\u043e\u0447\u0435\u0442\u043d\u0430","item":"https:\/\/www.pravnizapisi.rs\/en\/"},{"@type":"ListItem","position":2,"name":"Issues","item":"https:\/\/www.pravnizapisi.rs\/svi-brojevi\/"},{"@type":"ListItem","position":3,"name":"Pravni zapisi 1\/2010"}]},{"@type":"WebSite","@id":"https:\/\/pravnizapisi.rs\/#website","url":"https:\/\/pravnizapisi.rs\/","name":"Pravni Zapisi","description":"","publisher":{"@id":"https:\/\/pravnizapisi.rs\/#organization"},"potentialAction":[{"@type":"SearchAction","target":{"@type":"EntryPoint","urlTemplate":"https:\/\/pravnizapisi.rs\/?s={search_term_string}"},"query-input":{"@type":"PropertyValueSpecification","valueRequired":true,"valueName":"search_term_string"}}],"inLanguage":"en-US"},{"@type":"Organization","@id":"https:\/\/pravnizapisi.rs\/#organization","name":"Pravni Zapisi","url":"https:\/\/pravnizapisi.rs\/","logo":{"@type":"ImageObject","inLanguage":"en-US","@id":"https:\/\/pravnizapisi.rs\/#\/schema\/logo\/image\/","url":"https:\/\/www.pravnizapisi.rs\/wp-content\/uploads\/2019\/11\/cropped-Header-logo-srb-1-1.jpg","contentUrl":"https:\/\/www.pravnizapisi.rs\/wp-content\/uploads\/2019\/11\/cropped-Header-logo-srb-1-1.jpg","width":580,"height":80,"caption":"Pravni Zapisi"},"image":{"@id":"https:\/\/pravnizapisi.rs\/#\/schema\/logo\/image\/"}}]}},"_links":{"self":[{"href":"https:\/\/www.pravnizapisi.rs\/en\/wp-json\/wp\/v2\/pages\/6321","targetHints":{"allow":["GET"]}}],"collection":[{"href":"https:\/\/www.pravnizapisi.rs\/en\/wp-json\/wp\/v2\/pages"}],"about":[{"href":"https:\/\/www.pravnizapisi.rs\/en\/wp-json\/wp\/v2\/types\/page"}],"author":[{"embeddable":true,"href":"https:\/\/www.pravnizapisi.rs\/en\/wp-json\/wp\/v2\/users\/4"}],"replies":[{"embeddable":true,"href":"https:\/\/www.pravnizapisi.rs\/en\/wp-json\/wp\/v2\/comments?post=6321"}],"version-history":[{"count":0,"href":"https:\/\/www.pravnizapisi.rs\/en\/wp-json\/wp\/v2\/pages\/6321\/revisions"}],"up":[{"embeddable":true,"href":"https:\/\/www.pravnizapisi.rs\/en\/wp-json\/wp\/v2\/pages\/6165"}],"wp:attachment":[{"href":"https:\/\/www.pravnizapisi.rs\/en\/wp-json\/wp\/v2\/media?parent=6321"}],"curies":[{"name":"wp","href":"https:\/\/api.w.org\/{rel}","templated":true}]}}