{"id":6323,"date":"2019-11-05T14:49:54","date_gmt":"2019-11-05T14:49:54","guid":{"rendered":"http:\/\/pravnizapisi.rs\/?page_id=6323"},"modified":"2021-04-23T10:58:11","modified_gmt":"2021-04-23T10:58:11","slug":"issues-2-2010","status":"publish","type":"page","link":"https:\/\/www.pravnizapisi.rs\/en\/issues\/issues-2-2010\/","title":{"rendered":"Pravni zapisi 2\/2010"},"content":{"rendered":"<p style=\"text-align: justify;\"><em><strong>Union University Law School Review<\/strong><\/em><br \/>\n<em><strong>Year I, No. 2\/2010, Pages 311-559<\/strong><\/em><\/p>\n<table style=\"height: 35px;\" width=\"364\" frame=\"void\">\n<tbody>\n<tr>\n<td valign=\"top\"><strong>UDK\u00a034<\/strong><\/td>\n<td align=\"left\" valign=\"top\">\n<div><strong>ISSN 2217-2815 (Printed Edition)<\/strong><\/div>\n<\/td>\n<\/tr>\n<\/tbody>\n<\/table>\n<hr \/>\n<h3 style=\"text-align: center;\">TABLE OF CONTENTS<\/h3>\n<h4>ARTICLES<\/h4>\n<p style=\"text-align: justify;\"><a href=\"https:\/\/pravnizapisi.rs\/en\/issues\/issues-2-2010\/7167-2\/\"><strong>Zlatko Stefanovi\u0107<\/strong>, <em>Culpa in contrahendo \u2013 a methodological experiment<\/em><\/a><\/p>\n<p style=\"text-align: justify;\"><a href=\"https:\/\/pravnizapisi.rs\/en\/issues\/issues-2-2010\/7175-2\/\"><strong>Dragana Kne\u017ei\u0107-Popovi\u0107<\/strong>, <em>Legal nature of public notary<\/em><\/a><\/p>\n<p style=\"text-align: justify;\"><a href=\"https:\/\/pravnizapisi.rs\/en\/issues\/issues-2-2010\/7183-2\/\"><strong>Nada Baki\u0107<\/strong>, <em>Minority languages in a procedure in Serbia<\/em><\/a><\/p>\n<p style=\"text-align: justify;\"><a href=\"https:\/\/pravnizapisi.rs\/en\/issues\/issues-2-2010\/7190-2\/\"><strong>Vojin Dimitrijevi\u0107<\/strong>, <em>Video surveillance in public and private spheres<\/em><\/a><\/p>\n<p style=\"text-align: justify;\"><a href=\"https:\/\/pravnizapisi.rs\/en\/issues\/issues-2-2010\/7196-2\/\"><strong>Nenad Vuk\u010devi\u0107<\/strong>, <em>Presidential immunity as a shield from liability for international crimes<\/em><\/a><\/p>\n<h4 style=\"text-align: justify;\">LEGAL ACTUALITIES<\/h4>\n<p style=\"text-align: justify;\"><a href=\"https:\/\/pravnizapisi.rs\/en\/issues\/issues-2-2010\/7205-2\/\"><strong>Vesna Raki\u0107-Vodineli\u0107<\/strong>, <em>Unconstitutional reform of the judiciary \u201ereform\u201c<\/em><\/a><\/p>\n<p style=\"text-align: justify;\"><a href=\"https:\/\/pravnizapisi.rs\/en\/issues\/issues-2-2010\/7214-2\/\"><strong>Zoran Ivo\u0161evi\u0107<\/strong>, <em>Defective correction of errors<\/em><\/a><\/p>\n<p style=\"text-align: justify;\"><a href=\"https:\/\/pravnizapisi.rs\/wp-content\/uploads\/issues\/2-2010\/Borislav_Ivosevic_i_Veljko_Kovacevic_OSVRT_NA_NOVI_ZAKON_O_PLOVIDBI.pdf\"><strong>Borislav Ivo\u0161evi\u0107 and Veljko Kova\u010devi\u0107<\/strong>, <em>Review of the new Law on navigation and ports in internal waters<\/em><\/a><\/p>\n<p style=\"text-align: justify;\"><a href=\"https:\/\/pravnizapisi.rs\/wp-content\/uploads\/issues\/2-2010\/Zoran_Ivosevic_ZAKON_O_SPRECAVANJU_zlostavljanja_na_radu.pdf\"><strong>Zoran Ivo\u0161evi\u0107<\/strong>, <em>Law on prevention of mobbing<\/em><\/a><\/p>\n<h4 style=\"text-align: justify;\">CONTRIBUTIONS<\/h4>\n<p style=\"text-align: justify;\"><a href=\"https:\/\/pravnizapisi.rs\/wp-content\/uploads\/issues\/2-2010\/Tarik_Haveric_NEPRISTRANOST_FIKCIJA_KAO_IDEAL.pdf\"><strong>Tarik Haveri\u0107<\/strong>, <em>Impartiality: fiction as an ideal<\/em><\/a><\/p>\n<p style=\"text-align: justify;\"><a href=\"https:\/\/pravnizapisi.rs\/wp-content\/uploads\/issues\/2-2010\/Dejan_A._Milic_GLEDAJTE_U_BUDUCNOST.pdf\"><strong>Dejan A. Mili\u0107<\/strong>, <em>\u201eLook into the future!\u201c (Rhetorical portrait of Zoran Djindjic)<\/em><\/a><\/p>\n<h4 style=\"text-align: justify;\">BOOK REVIEWS<\/h4>\n<p style=\"text-align: justify;\"><a href=\"https:\/\/pravnizapisi.rs\/wp-content\/uploads\/issues\/2-2010\/Bogoljub_Milosavljevic_Zoran_omic_KOMENTAR_ZAKONA_O_UPRAVNIM_sporovima_sa_sudskom_praksom.pdf\"><strong>Bogoljub Milosavljevi\u0107, \u0422omi\u0107, Z.<\/strong>, <em>Commentary of the Law on administrative disputes; Belgrade: Law School of Belgrade University and Slu\u017ebeni glasnik, 2010, pp. 646.<\/em><\/a><\/p>\n<h4 style=\"text-align: justify;\">LEGAL PRACTICE<\/h4>\n<p style=\"text-align: justify;\"><a href=\"https:\/\/pravnizapisi.rs\/wp-content\/uploads\/issues\/2-2010\/Vida_Petrovic-Skero_STUDIRANJE_I_IZDRZAVANJE.pdf\"><strong>Vida Petrovi\u0107-\u0160kero<\/strong>, <em>Studying and child support: commentary of a Supreme Court of Cassation judgement<\/em><\/a><\/p>\n<h4 class=\"jsn-article-content\" style=\"text-align: justify;\">STUDENTS PAPERS<\/h4>\n<p class=\"jsn-article-content\" style=\"text-align: justify;\"><a href=\"https:\/\/pravnizapisi.rs\/wp-content\/uploads\/issues\/2-2010\/Nenad_Grujic_DAVALAC_IZDRZAVANJA_KOD_UGOVORA.pdf\"><strong>Nenad Gruji\u0107<\/strong>, <em>Provider of support in the contract on lifelong support<\/em><\/a><\/p>\n<p class=\"jsn-article-content\" style=\"text-align: justify;\"><a href=\"https:\/\/pravnizapisi.rs\/wp-content\/uploads\/issues\/2-2010\/Ana_Galjak_GMO__HRANA_BUDUCNOSTI_ILI_frankenstajn_hrana.pdf\"><strong>Ana Galjak<\/strong>, <em>GMO \u2013 food of the future or Frankenstein food<\/em><\/a><\/p>\n<p class=\"jsn-article-content\" style=\"text-align: justify;\"><a href=\"https:\/\/pravnizapisi.rs\/wp-content\/uploads\/issues\/2-2010\/Srdjan_Tolpa_IZMENE_I_DOPUNE_ZAKONA.pdf\"><strong>Sr\u0111an Tolpa<\/strong>, <em>Amendments to the Law on civil procedure<\/em><\/a><\/p>\n<p style=\"text-align: justify;\"><a href=\"https:\/\/pravnizapisi.rs\/wp-content\/uploads\/issues\/2-2010\/ETICKI_KODEKS.pdf\"><em>ETHICAL CODE of teachers and associates of Union University Law Schoo<\/em>l<\/a><\/p>\n<p style=\"text-align: justify;\"><a href=\"https:\/\/pravnizapisi.rs\/wp-content\/uploads\/issues\/2-2010\/PROF._DR_SLAVICA_KRNETA.pdf\"><em>IN MEMORIAM: Prof. dr Slavica Krneta<\/em><\/a><\/p>\n<p style=\"text-align: justify;\"><a href=\"https:\/\/pravnizapisi.rs\/wp-content\/uploads\/issues\/2-2010\/HRONIKA_PRAVNOG_FAKULTETA_2010.pdf\">FACULTY CHRONICLE (2010)<\/a><\/p>\n","protected":false},"excerpt":{"rendered":"<p>Union University Law School Review Year I, No. 2\/2010, Pages 311-559 UDK\u00a034 ISSN 2217-2815 (Printed Edition) TABLE OF CONTENTS ARTICLES Zlatko Stefanovi\u0107, Culpa in contrahendo \u2013 a methodological experiment Dragana Kne\u017ei\u0107-Popovi\u0107, Legal nature of public notary Nada Baki\u0107, Minority languages in a procedure in Serbia Vojin Dimitrijevi\u0107, Video surveillance in public and private spheres Nenad Vuk\u010devi\u0107, Presidential immunity as a shield from liability for international crimes LEGAL ACTUALITIES Vesna Raki\u0107-Vodineli\u0107, Unconstitutional reform of the judiciary \u201ereform\u201c Zoran Ivo\u0161evi\u0107, Defective correction of errors Borislav Ivo\u0161evi\u0107 and Veljko Kova\u010devi\u0107, Review of the new Law on navigation and ports in internal waters Zoran [&hellip;]<\/p>\n","protected":false},"author":4,"featured_media":0,"parent":6165,"menu_order":0,"comment_status":"closed","ping_status":"closed","template":"template-fullwidth.php","meta":{"footnotes":""},"class_list":["post-6323","page","type-page","status-publish","hentry"],"yoast_head":"<!-- This site is optimized with the Yoast SEO plugin v27.1.1 - https:\/\/yoast.com\/product\/yoast-seo-wordpress\/ -->\n<title>Pravni zapisi 2\/2010 - Pravni Zapisi<\/title>\n<meta name=\"robots\" content=\"index, follow, max-snippet:-1, max-image-preview:large, max-video-preview:-1\" \/>\n<link rel=\"canonical\" href=\"https:\/\/www.pravnizapisi.rs\/en\/issues\/issues-2-2010\/\" \/>\n<meta property=\"og:locale\" content=\"en_US\" \/>\n<meta property=\"og:type\" content=\"article\" \/>\n<meta property=\"og:title\" content=\"Pravni zapisi 2\/2010 - Pravni Zapisi\" \/>\n<meta property=\"og:description\" content=\"Union University Law School Review Year I, No. 2\/2010, Pages 311-559 UDK\u00a034 ISSN 2217-2815 (Printed Edition) TABLE OF CONTENTS ARTICLES Zlatko Stefanovi\u0107, Culpa in contrahendo \u2013 a methodological experiment Dragana Kne\u017ei\u0107-Popovi\u0107, Legal nature of public notary Nada Baki\u0107, Minority languages in a procedure in Serbia Vojin Dimitrijevi\u0107, Video surveillance in public and private spheres Nenad Vuk\u010devi\u0107, Presidential immunity as a shield from liability for international crimes LEGAL ACTUALITIES Vesna Raki\u0107-Vodineli\u0107, Unconstitutional reform of the judiciary \u201ereform\u201c Zoran Ivo\u0161evi\u0107, Defective correction of errors Borislav Ivo\u0161evi\u0107 and Veljko Kova\u010devi\u0107, Review of the new Law on navigation and ports in internal waters Zoran [&hellip;]\" \/>\n<meta property=\"og:url\" content=\"https:\/\/www.pravnizapisi.rs\/en\/issues\/issues-2-2010\/\" \/>\n<meta property=\"og:site_name\" content=\"Pravni Zapisi\" \/>\n<meta property=\"article:modified_time\" content=\"2021-04-23T10:58:11+00:00\" \/>\n<meta property=\"og:image\" content=\"https:\/\/www.pravnizapisi.rs\/wp-content\/uploads\/2020\/07\/pzapisi.jpg\" \/>\n\t<meta property=\"og:image:width\" content=\"150\" \/>\n\t<meta property=\"og:image:height\" content=\"225\" \/>\n\t<meta property=\"og:image:type\" content=\"image\/jpeg\" \/>\n<meta name=\"twitter:card\" content=\"summary_large_image\" \/>\n<meta name=\"twitter:label1\" content=\"Est. reading time\" \/>\n\t<meta name=\"twitter:data1\" content=\"1 minute\" \/>\n<script type=\"application\/ld+json\" class=\"yoast-schema-graph\">{\"@context\":\"https:\/\/schema.org\",\"@graph\":[{\"@type\":\"WebPage\",\"@id\":\"https:\/\/www.pravnizapisi.rs\/en\/issues\/issues-2-2010\/\",\"url\":\"https:\/\/www.pravnizapisi.rs\/en\/issues\/issues-2-2010\/\",\"name\":\"Pravni zapisi 2\/2010 - Pravni Zapisi\",\"isPartOf\":{\"@id\":\"https:\/\/pravnizapisi.rs\/#website\"},\"datePublished\":\"2019-11-05T14:49:54+00:00\",\"dateModified\":\"2021-04-23T10:58:11+00:00\",\"breadcrumb\":{\"@id\":\"https:\/\/www.pravnizapisi.rs\/en\/issues\/issues-2-2010\/#breadcrumb\"},\"inLanguage\":\"en-US\",\"potentialAction\":[{\"@type\":\"ReadAction\",\"target\":[\"https:\/\/www.pravnizapisi.rs\/en\/issues\/issues-2-2010\/\"]}]},{\"@type\":\"BreadcrumbList\",\"@id\":\"https:\/\/www.pravnizapisi.rs\/en\/issues\/issues-2-2010\/#breadcrumb\",\"itemListElement\":[{\"@type\":\"ListItem\",\"position\":1,\"name\":\"\u041f\u043e\u0447\u0435\u0442\u043d\u0430\",\"item\":\"https:\/\/www.pravnizapisi.rs\/en\/\"},{\"@type\":\"ListItem\",\"position\":2,\"name\":\"Issues\",\"item\":\"https:\/\/www.pravnizapisi.rs\/svi-brojevi\/\"},{\"@type\":\"ListItem\",\"position\":3,\"name\":\"Pravni zapisi 2\/2010\"}]},{\"@type\":\"WebSite\",\"@id\":\"https:\/\/pravnizapisi.rs\/#website\",\"url\":\"https:\/\/pravnizapisi.rs\/\",\"name\":\"Pravni Zapisi\",\"description\":\"\",\"publisher\":{\"@id\":\"https:\/\/pravnizapisi.rs\/#organization\"},\"potentialAction\":[{\"@type\":\"SearchAction\",\"target\":{\"@type\":\"EntryPoint\",\"urlTemplate\":\"https:\/\/pravnizapisi.rs\/?s={search_term_string}\"},\"query-input\":{\"@type\":\"PropertyValueSpecification\",\"valueRequired\":true,\"valueName\":\"search_term_string\"}}],\"inLanguage\":\"en-US\"},{\"@type\":\"Organization\",\"@id\":\"https:\/\/pravnizapisi.rs\/#organization\",\"name\":\"Pravni Zapisi\",\"url\":\"https:\/\/pravnizapisi.rs\/\",\"logo\":{\"@type\":\"ImageObject\",\"inLanguage\":\"en-US\",\"@id\":\"https:\/\/pravnizapisi.rs\/#\/schema\/logo\/image\/\",\"url\":\"https:\/\/www.pravnizapisi.rs\/wp-content\/uploads\/2019\/11\/cropped-Header-logo-srb-1-1.jpg\",\"contentUrl\":\"https:\/\/www.pravnizapisi.rs\/wp-content\/uploads\/2019\/11\/cropped-Header-logo-srb-1-1.jpg\",\"width\":580,\"height\":80,\"caption\":\"Pravni Zapisi\"},\"image\":{\"@id\":\"https:\/\/pravnizapisi.rs\/#\/schema\/logo\/image\/\"}}]}<\/script>\n<!-- \/ Yoast SEO plugin. -->","yoast_head_json":{"title":"Pravni zapisi 2\/2010 - Pravni Zapisi","robots":{"index":"index","follow":"follow","max-snippet":"max-snippet:-1","max-image-preview":"max-image-preview:large","max-video-preview":"max-video-preview:-1"},"canonical":"https:\/\/www.pravnizapisi.rs\/en\/issues\/issues-2-2010\/","og_locale":"en_US","og_type":"article","og_title":"Pravni zapisi 2\/2010 - Pravni Zapisi","og_description":"Union University Law School Review Year I, No. 2\/2010, Pages 311-559 UDK\u00a034 ISSN 2217-2815 (Printed Edition) TABLE OF CONTENTS ARTICLES Zlatko Stefanovi\u0107, Culpa in contrahendo \u2013 a methodological experiment Dragana Kne\u017ei\u0107-Popovi\u0107, Legal nature of public notary Nada Baki\u0107, Minority languages in a procedure in Serbia Vojin Dimitrijevi\u0107, Video surveillance in public and private spheres Nenad Vuk\u010devi\u0107, Presidential immunity as a shield from liability for international crimes LEGAL ACTUALITIES Vesna Raki\u0107-Vodineli\u0107, Unconstitutional reform of the judiciary \u201ereform\u201c Zoran Ivo\u0161evi\u0107, Defective correction of errors Borislav Ivo\u0161evi\u0107 and Veljko Kova\u010devi\u0107, Review of the new Law on navigation and ports in internal waters Zoran [&hellip;]","og_url":"https:\/\/www.pravnizapisi.rs\/en\/issues\/issues-2-2010\/","og_site_name":"Pravni Zapisi","article_modified_time":"2021-04-23T10:58:11+00:00","og_image":[{"width":150,"height":225,"url":"https:\/\/www.pravnizapisi.rs\/wp-content\/uploads\/2020\/07\/pzapisi.jpg","type":"image\/jpeg"}],"twitter_card":"summary_large_image","twitter_misc":{"Est. reading time":"1 minute"},"schema":{"@context":"https:\/\/schema.org","@graph":[{"@type":"WebPage","@id":"https:\/\/www.pravnizapisi.rs\/en\/issues\/issues-2-2010\/","url":"https:\/\/www.pravnizapisi.rs\/en\/issues\/issues-2-2010\/","name":"Pravni zapisi 2\/2010 - Pravni Zapisi","isPartOf":{"@id":"https:\/\/pravnizapisi.rs\/#website"},"datePublished":"2019-11-05T14:49:54+00:00","dateModified":"2021-04-23T10:58:11+00:00","breadcrumb":{"@id":"https:\/\/www.pravnizapisi.rs\/en\/issues\/issues-2-2010\/#breadcrumb"},"inLanguage":"en-US","potentialAction":[{"@type":"ReadAction","target":["https:\/\/www.pravnizapisi.rs\/en\/issues\/issues-2-2010\/"]}]},{"@type":"BreadcrumbList","@id":"https:\/\/www.pravnizapisi.rs\/en\/issues\/issues-2-2010\/#breadcrumb","itemListElement":[{"@type":"ListItem","position":1,"name":"\u041f\u043e\u0447\u0435\u0442\u043d\u0430","item":"https:\/\/www.pravnizapisi.rs\/en\/"},{"@type":"ListItem","position":2,"name":"Issues","item":"https:\/\/www.pravnizapisi.rs\/svi-brojevi\/"},{"@type":"ListItem","position":3,"name":"Pravni zapisi 2\/2010"}]},{"@type":"WebSite","@id":"https:\/\/pravnizapisi.rs\/#website","url":"https:\/\/pravnizapisi.rs\/","name":"Pravni Zapisi","description":"","publisher":{"@id":"https:\/\/pravnizapisi.rs\/#organization"},"potentialAction":[{"@type":"SearchAction","target":{"@type":"EntryPoint","urlTemplate":"https:\/\/pravnizapisi.rs\/?s={search_term_string}"},"query-input":{"@type":"PropertyValueSpecification","valueRequired":true,"valueName":"search_term_string"}}],"inLanguage":"en-US"},{"@type":"Organization","@id":"https:\/\/pravnizapisi.rs\/#organization","name":"Pravni Zapisi","url":"https:\/\/pravnizapisi.rs\/","logo":{"@type":"ImageObject","inLanguage":"en-US","@id":"https:\/\/pravnizapisi.rs\/#\/schema\/logo\/image\/","url":"https:\/\/www.pravnizapisi.rs\/wp-content\/uploads\/2019\/11\/cropped-Header-logo-srb-1-1.jpg","contentUrl":"https:\/\/www.pravnizapisi.rs\/wp-content\/uploads\/2019\/11\/cropped-Header-logo-srb-1-1.jpg","width":580,"height":80,"caption":"Pravni Zapisi"},"image":{"@id":"https:\/\/pravnizapisi.rs\/#\/schema\/logo\/image\/"}}]}},"_links":{"self":[{"href":"https:\/\/www.pravnizapisi.rs\/en\/wp-json\/wp\/v2\/pages\/6323","targetHints":{"allow":["GET"]}}],"collection":[{"href":"https:\/\/www.pravnizapisi.rs\/en\/wp-json\/wp\/v2\/pages"}],"about":[{"href":"https:\/\/www.pravnizapisi.rs\/en\/wp-json\/wp\/v2\/types\/page"}],"author":[{"embeddable":true,"href":"https:\/\/www.pravnizapisi.rs\/en\/wp-json\/wp\/v2\/users\/4"}],"replies":[{"embeddable":true,"href":"https:\/\/www.pravnizapisi.rs\/en\/wp-json\/wp\/v2\/comments?post=6323"}],"version-history":[{"count":0,"href":"https:\/\/www.pravnizapisi.rs\/en\/wp-json\/wp\/v2\/pages\/6323\/revisions"}],"up":[{"embeddable":true,"href":"https:\/\/www.pravnizapisi.rs\/en\/wp-json\/wp\/v2\/pages\/6165"}],"wp:attachment":[{"href":"https:\/\/www.pravnizapisi.rs\/en\/wp-json\/wp\/v2\/media?parent=6323"}],"curies":[{"name":"wp","href":"https:\/\/api.w.org\/{rel}","templated":true}]}}