{"id":6727,"date":"2019-12-29T19:33:25","date_gmt":"2019-12-29T19:33:25","guid":{"rendered":"http:\/\/pravnizapisi.rs\/?page_id=6727"},"modified":"2021-05-01T10:28:00","modified_gmt":"2021-05-01T10:28:00","slug":"pravni-zapisi-2-2019","status":"publish","type":"page","link":"https:\/\/www.pravnizapisi.rs\/en\/issues\/pravni-zapisi-2-2019\/","title":{"rendered":"Pravni zapisi 2\/2019"},"content":{"rendered":"<p style=\"text-align: justify;\"><em><strong>Union University Law School Review<\/strong><\/em><br \/>\n<em><strong>Year X, No. 2\/2019, Pages 271-581<\/strong><\/em><\/p>\n<table style=\"height: 35px;\" width=\"364\" frame=\"void\">\n<tbody>\n<tr>\n<td valign=\"top\"><strong>UDK\u00a034<\/strong><\/td>\n<td align=\"left\" valign=\"top\">\n<div><strong>ISSN 2217-2815 (Printed Edition)<\/strong><\/div>\n<div><strong>ISSN 2406-1287 (Online Edition)<\/strong><\/div>\n<\/td>\n<\/tr>\n<\/tbody>\n<\/table>\n<hr \/>\n<h3 style=\"text-align: center;\">TABLE OF CONTENTS<\/h3>\n<h4 style=\"text-align: justify;\">ARTICLES<\/h4>\n<p style=\"text-align: justify;\"><a href=\"https:\/\/pravnizapisi.rs\/en\/issues\/pravni-zapisi-2-2019\/8002-2\/\"><strong>Tibor Tajti (Thaythy)<\/strong>, <em>A Holistic Approach to Extra-Judicial Enforcement and Private Debt Collection: A Comparative Account of Trends, Empirical Evidences, and the Connected Regulatory Challenges \u2013 Part One<\/em><\/a><\/p>\n<p style=\"text-align: justify;\"><a href=\"https:\/\/pravnizapisi.rs\/en\/issues\/pravni-zapisi-2-2019\/8009-2\/\"><strong>Maja Stanivukovi\u0107<\/strong>, <em>Discontinuance of Arbitration Proceedings under the ICSID Rules<\/em><\/a><\/p>\n<p style=\"text-align: justify;\"><a href=\"https:\/\/pravnizapisi.rs\/en\/issues\/pravni-zapisi-2-2019\/8016-2\/\"><strong>Alpar Lo\u0161onc, Sonja Bun\u010di\u0107, Andrea Ivani\u0161evi\u0107<\/strong>, <em>Ordoliberal Articulation of Law-Economy Complex<\/em><\/a><\/p>\n<p style=\"text-align: justify;\"><a href=\"https:\/\/pravnizapisi.rs\/en\/issues\/pravni-zapisi-2-2019\/8025-2\/\"><strong>Ana Escher<\/strong>, <em>How to Pull Types of Discretion Out of Kelsen\u2019s Pure Theory of Law<\/em><\/a><\/p>\n<p style=\"text-align: justify;\"><a href=\"https:\/\/pravnizapisi.rs\/en\/issues\/pravni-zapisi-2-2019\/8032-2\/\"><strong>Jelena Jerini\u0107, Bogoljub Milosavljevi\u0107<\/strong>, <em>Normative Powers of Serbian Local Authorities<\/em><\/a><\/p>\n<p style=\"text-align: justify;\"><a href=\"https:\/\/pravnizapisi.rs\/en\/issues\/pravni-zapisi-2-2019\/8039-2\/\"><strong>Jelena Simi\u0107<\/strong>, <em>The Right to Freedom of Movement for Medical <\/em><em>Treatment: A Case of \u201cReproductive Tourism\u201d in the EU<\/em><\/a><\/p>\n<p style=\"text-align: justify;\"><a href=\"https:\/\/pravnizapisi.rs\/en\/issues\/pravni-zapisi-2-2019\/8046-2\/\"><strong>Aleksandra \u010cavo\u0161ki<\/strong>, <em>The Implications and Impact of Brexit<\/em><\/a><\/p>\n<p style=\"text-align: justify;\"><a href=\"https:\/\/pravnizapisi.rs\/en\/issues\/pravni-zapisi-2-2019\/8053-2\/\"><strong>Darko Dimovski, Zdravko Gruji\u0107, Miomira Kosti\u0107<\/strong>, <em>Roma as Victims of Hate Crimes: Contemporary Context (the Case of Italy)<\/em><\/a><\/p>\n<p style=\"text-align: justify;\"><a href=\"https:\/\/pravnizapisi.rs\/en\/issues\/pravni-zapisi-2-2019\/8060-2\/\"><strong>Marija Mijatovi\u0107<\/strong>, <em>The Practical Consequences of Supporting Binary or Continuum Theory on Development of Corporate Law in the European Union and in Serbia<\/em><\/a><\/p>\n<p style=\"text-align: justify;\"><a href=\"https:\/\/pravnizapisi.rs\/en\/issues\/pravni-zapisi-2-2019\/8067-2\/\"><strong>Milo\u0161 Sekuli\u0107<\/strong>, <em>Different Concepts of Strict Liability: The Draft Common Frame of Reference and the Principles of European Tort Law as Role Models for Serbian Law?<\/em><\/a><\/p>\n<p style=\"text-align: justify;\"><a href=\"https:\/\/pravnizapisi.rs\/en\/issues\/pravni-zapisi-2-2019\/8074-2\/\"><strong>Milan Po\u010du\u010da, <\/strong><strong>Nenad Stefanovi\u0107<\/strong><em>, Testament as Inheritance from Roman Law<\/em><\/a><\/p>\n<h4 style=\"text-align: justify;\">BOOK REVIEWS<\/h4>\n<p style=\"text-align: justify;\"><a href=\"https:\/\/pravnizapisi.rs\/wp-content\/uploads\/issues\/2-2019\/Pravni_zapisi_2019-02_12_Krivokapic.pdf\"><strong>\u0110or\u0111e Krivokapi\u0107<\/strong>, <em>Andrej Savin, EU Telecommunications Law, Elgar European Law Series Edward Elgar Publishing, Inc., Cheltenham, 2018, 352 pp.<\/em><\/a><\/p>\n<p style=\"text-align: justify;\"><a href=\"https:\/\/pravnizapisi.rs\/wp-content\/uploads\/issues\/2-2019\/Pravni_zapisi_2019-02_13_Cavoski.pdf\"><strong>Aleksandra \u010cavo\u0161ki<\/strong>,<em> Tatjana Papi\u0107, Responsibility of International <\/em><em>Organisations, Pravni fakultet Univerziteta Union, Slu\u017ebeni glasnik, <\/em><em>Beograd, 2019, 328 pp.<\/em><\/a><\/p>\n<p style=\"text-align: justify;\"><a href=\"https:\/\/pravnizapisi.rs\/wp-content\/uploads\/issues\/2-2019\/Pravni_zapisi_2019-02_14_Mujovic.pdf\"><strong>Hajrija Mujovi\u0107<\/strong>, <em>Jelena Simi\u0107, Physician Error \u2013 Civil Liability for Medical Malpractice, Pravni fakultet Univerziteta Union, Slu\u017ebeni glasnik, Beograd, 2018, 269 pp.<\/em><\/a><\/p>\n<h4 style=\"text-align: justify;\">IN MEMORIAM<\/h4>\n<p style=\"text-align: justify;\"><em>Lidija Basta Fleiner (1948\u20132019)<\/em><\/p>\n<p style=\"padding-left: 40px;\"><strong><a href=\"https:\/\/pravnizapisi.rs\/wp-content\/uploads\/issues\/2-2019\/Pravni_zapisi_2019-02_15_Sarkic.pdf\">Sr\u0111an \u0160arki\u0107<\/a><\/strong><\/p>\n<p style=\"text-align: justify;\"><em>Du\u0161an Kiti\u0107 (1955\u20132019)<\/em><\/p>\n<p style=\"padding-left: 40px;\"><strong><a href=\"https:\/\/pravnizapisi.rs\/wp-content\/uploads\/issues\/2-2019\/Pravni_zapisi_2019-02_16_Besirevic.pdf\">Violeta Be\u0161irevi\u0107<\/a><\/strong><\/p>\n<p style=\"text-align: justify; padding-left: 40px;\"><strong><a href=\"https:\/\/pravnizapisi.rs\/wp-content\/uploads\/issues\/2-2019\/Pravni_zapisi_2019-02_17_Vukadinovic.pdf\">Slobodan Vukadinovi\u0107<\/a><\/strong><\/p>\n<p style=\"text-align: justify; padding-left: 40px;\"><strong><a href=\"https:\/\/pravnizapisi.rs\/wp-content\/uploads\/issues\/2-2019\/Pravni_zapisi_2019-02_18_Sibinovic.pdf\">\u0110or\u0111e Sibinovi\u0107<\/a><\/strong><\/p>\n<h4 style=\"text-align: justify;\"><span style=\"color: #000000;\"><a style=\"color: #000000;\" href=\"https:\/\/pravnizapisi.rs\/wp-content\/uploads\/issues\/2-2019\/Pravni_zapisi_2019-02_19_Hronika%20fakulteta.pdf\"><strong>LAW SCHOOL CHRONICLE (2018\/2019)<\/strong>, <strong><span style=\"font-size: 10pt;\">Contributor Aleksa Radonji\u0107<\/span><\/strong><\/a><\/span><\/h4>\n","protected":false},"excerpt":{"rendered":"<p>Union University Law School Review Year X, No. 2\/2019, Pages 271-581 UDK\u00a034 ISSN 2217-2815 (Printed Edition) ISSN 2406-1287 (Online Edition) TABLE OF CONTENTS ARTICLES Tibor Tajti (Thaythy), A Holistic Approach to Extra-Judicial Enforcement and Private Debt Collection: A Comparative Account of Trends, Empirical Evidences, and the Connected Regulatory Challenges \u2013 Part One Maja Stanivukovi\u0107, Discontinuance of Arbitration Proceedings under the ICSID Rules Alpar Lo\u0161onc, Sonja Bun\u010di\u0107, Andrea Ivani\u0161evi\u0107, Ordoliberal Articulation of Law-Economy Complex Ana Escher, How to Pull Types of Discretion Out of Kelsen\u2019s Pure Theory of Law Jelena Jerini\u0107, Bogoljub Milosavljevi\u0107, Normative Powers of Serbian Local Authorities Jelena Simi\u0107, [&hellip;]<\/p>\n","protected":false},"author":4,"featured_media":0,"parent":6165,"menu_order":0,"comment_status":"closed","ping_status":"closed","template":"template-fullwidth.php","meta":{"footnotes":""},"class_list":["post-6727","page","type-page","status-publish","hentry"],"yoast_head":"<!-- This site is optimized with the Yoast SEO plugin v27.1.1 - https:\/\/yoast.com\/product\/yoast-seo-wordpress\/ -->\n<title>Pravni zapisi 2\/2019 - Pravni Zapisi<\/title>\n<meta name=\"robots\" content=\"index, follow, max-snippet:-1, max-image-preview:large, max-video-preview:-1\" \/>\n<link rel=\"canonical\" href=\"https:\/\/www.pravnizapisi.rs\/en\/issues\/pravni-zapisi-2-2019\/\" \/>\n<meta property=\"og:locale\" content=\"en_US\" \/>\n<meta property=\"og:type\" content=\"article\" \/>\n<meta property=\"og:title\" content=\"Pravni zapisi 2\/2019 - Pravni Zapisi\" \/>\n<meta property=\"og:description\" content=\"Union University Law School Review Year X, No. 2\/2019, Pages 271-581 UDK\u00a034 ISSN 2217-2815 (Printed Edition) ISSN 2406-1287 (Online Edition) TABLE OF CONTENTS ARTICLES Tibor Tajti (Thaythy), A Holistic Approach to Extra-Judicial Enforcement and Private Debt Collection: A Comparative Account of Trends, Empirical Evidences, and the Connected Regulatory Challenges \u2013 Part One Maja Stanivukovi\u0107, Discontinuance of Arbitration Proceedings under the ICSID Rules Alpar Lo\u0161onc, Sonja Bun\u010di\u0107, Andrea Ivani\u0161evi\u0107, Ordoliberal Articulation of Law-Economy Complex Ana Escher, How to Pull Types of Discretion Out of Kelsen\u2019s Pure Theory of Law Jelena Jerini\u0107, Bogoljub Milosavljevi\u0107, Normative Powers of Serbian Local Authorities Jelena Simi\u0107, [&hellip;]\" \/>\n<meta property=\"og:url\" content=\"https:\/\/www.pravnizapisi.rs\/en\/issues\/pravni-zapisi-2-2019\/\" \/>\n<meta property=\"og:site_name\" content=\"Pravni Zapisi\" \/>\n<meta property=\"article:modified_time\" content=\"2021-05-01T10:28:00+00:00\" \/>\n<meta property=\"og:image\" content=\"https:\/\/www.pravnizapisi.rs\/wp-content\/uploads\/2020\/07\/pzapisi.jpg\" \/>\n\t<meta property=\"og:image:width\" content=\"150\" \/>\n\t<meta property=\"og:image:height\" content=\"225\" \/>\n\t<meta property=\"og:image:type\" content=\"image\/jpeg\" \/>\n<meta name=\"twitter:card\" content=\"summary_large_image\" \/>\n<meta name=\"twitter:label1\" content=\"Est. reading time\" \/>\n\t<meta name=\"twitter:data1\" content=\"1 minute\" \/>\n<script type=\"application\/ld+json\" class=\"yoast-schema-graph\">{\"@context\":\"https:\/\/schema.org\",\"@graph\":[{\"@type\":\"WebPage\",\"@id\":\"https:\/\/www.pravnizapisi.rs\/en\/issues\/pravni-zapisi-2-2019\/\",\"url\":\"https:\/\/www.pravnizapisi.rs\/en\/issues\/pravni-zapisi-2-2019\/\",\"name\":\"Pravni zapisi 2\/2019 - Pravni Zapisi\",\"isPartOf\":{\"@id\":\"https:\/\/pravnizapisi.rs\/#website\"},\"datePublished\":\"2019-12-29T19:33:25+00:00\",\"dateModified\":\"2021-05-01T10:28:00+00:00\",\"breadcrumb\":{\"@id\":\"https:\/\/www.pravnizapisi.rs\/en\/issues\/pravni-zapisi-2-2019\/#breadcrumb\"},\"inLanguage\":\"en-US\",\"potentialAction\":[{\"@type\":\"ReadAction\",\"target\":[\"https:\/\/www.pravnizapisi.rs\/en\/issues\/pravni-zapisi-2-2019\/\"]}]},{\"@type\":\"BreadcrumbList\",\"@id\":\"https:\/\/www.pravnizapisi.rs\/en\/issues\/pravni-zapisi-2-2019\/#breadcrumb\",\"itemListElement\":[{\"@type\":\"ListItem\",\"position\":1,\"name\":\"\u041f\u043e\u0447\u0435\u0442\u043d\u0430\",\"item\":\"https:\/\/www.pravnizapisi.rs\/en\/\"},{\"@type\":\"ListItem\",\"position\":2,\"name\":\"Issues\",\"item\":\"https:\/\/www.pravnizapisi.rs\/svi-brojevi\/\"},{\"@type\":\"ListItem\",\"position\":3,\"name\":\"Pravni zapisi 2\/2019\"}]},{\"@type\":\"WebSite\",\"@id\":\"https:\/\/pravnizapisi.rs\/#website\",\"url\":\"https:\/\/pravnizapisi.rs\/\",\"name\":\"Pravni Zapisi\",\"description\":\"\",\"publisher\":{\"@id\":\"https:\/\/pravnizapisi.rs\/#organization\"},\"potentialAction\":[{\"@type\":\"SearchAction\",\"target\":{\"@type\":\"EntryPoint\",\"urlTemplate\":\"https:\/\/pravnizapisi.rs\/?s={search_term_string}\"},\"query-input\":{\"@type\":\"PropertyValueSpecification\",\"valueRequired\":true,\"valueName\":\"search_term_string\"}}],\"inLanguage\":\"en-US\"},{\"@type\":\"Organization\",\"@id\":\"https:\/\/pravnizapisi.rs\/#organization\",\"name\":\"Pravni Zapisi\",\"url\":\"https:\/\/pravnizapisi.rs\/\",\"logo\":{\"@type\":\"ImageObject\",\"inLanguage\":\"en-US\",\"@id\":\"https:\/\/pravnizapisi.rs\/#\/schema\/logo\/image\/\",\"url\":\"https:\/\/www.pravnizapisi.rs\/wp-content\/uploads\/2019\/11\/cropped-Header-logo-srb-1-1.jpg\",\"contentUrl\":\"https:\/\/www.pravnizapisi.rs\/wp-content\/uploads\/2019\/11\/cropped-Header-logo-srb-1-1.jpg\",\"width\":580,\"height\":80,\"caption\":\"Pravni Zapisi\"},\"image\":{\"@id\":\"https:\/\/pravnizapisi.rs\/#\/schema\/logo\/image\/\"}}]}<\/script>\n<!-- \/ Yoast SEO plugin. -->","yoast_head_json":{"title":"Pravni zapisi 2\/2019 - Pravni Zapisi","robots":{"index":"index","follow":"follow","max-snippet":"max-snippet:-1","max-image-preview":"max-image-preview:large","max-video-preview":"max-video-preview:-1"},"canonical":"https:\/\/www.pravnizapisi.rs\/en\/issues\/pravni-zapisi-2-2019\/","og_locale":"en_US","og_type":"article","og_title":"Pravni zapisi 2\/2019 - Pravni Zapisi","og_description":"Union University Law School Review Year X, No. 2\/2019, Pages 271-581 UDK\u00a034 ISSN 2217-2815 (Printed Edition) ISSN 2406-1287 (Online Edition) TABLE OF CONTENTS ARTICLES Tibor Tajti (Thaythy), A Holistic Approach to Extra-Judicial Enforcement and Private Debt Collection: A Comparative Account of Trends, Empirical Evidences, and the Connected Regulatory Challenges \u2013 Part One Maja Stanivukovi\u0107, Discontinuance of Arbitration Proceedings under the ICSID Rules Alpar Lo\u0161onc, Sonja Bun\u010di\u0107, Andrea Ivani\u0161evi\u0107, Ordoliberal Articulation of Law-Economy Complex Ana Escher, How to Pull Types of Discretion Out of Kelsen\u2019s Pure Theory of Law Jelena Jerini\u0107, Bogoljub Milosavljevi\u0107, Normative Powers of Serbian Local Authorities Jelena Simi\u0107, [&hellip;]","og_url":"https:\/\/www.pravnizapisi.rs\/en\/issues\/pravni-zapisi-2-2019\/","og_site_name":"Pravni Zapisi","article_modified_time":"2021-05-01T10:28:00+00:00","og_image":[{"width":150,"height":225,"url":"https:\/\/www.pravnizapisi.rs\/wp-content\/uploads\/2020\/07\/pzapisi.jpg","type":"image\/jpeg"}],"twitter_card":"summary_large_image","twitter_misc":{"Est. reading time":"1 minute"},"schema":{"@context":"https:\/\/schema.org","@graph":[{"@type":"WebPage","@id":"https:\/\/www.pravnizapisi.rs\/en\/issues\/pravni-zapisi-2-2019\/","url":"https:\/\/www.pravnizapisi.rs\/en\/issues\/pravni-zapisi-2-2019\/","name":"Pravni zapisi 2\/2019 - Pravni Zapisi","isPartOf":{"@id":"https:\/\/pravnizapisi.rs\/#website"},"datePublished":"2019-12-29T19:33:25+00:00","dateModified":"2021-05-01T10:28:00+00:00","breadcrumb":{"@id":"https:\/\/www.pravnizapisi.rs\/en\/issues\/pravni-zapisi-2-2019\/#breadcrumb"},"inLanguage":"en-US","potentialAction":[{"@type":"ReadAction","target":["https:\/\/www.pravnizapisi.rs\/en\/issues\/pravni-zapisi-2-2019\/"]}]},{"@type":"BreadcrumbList","@id":"https:\/\/www.pravnizapisi.rs\/en\/issues\/pravni-zapisi-2-2019\/#breadcrumb","itemListElement":[{"@type":"ListItem","position":1,"name":"\u041f\u043e\u0447\u0435\u0442\u043d\u0430","item":"https:\/\/www.pravnizapisi.rs\/en\/"},{"@type":"ListItem","position":2,"name":"Issues","item":"https:\/\/www.pravnizapisi.rs\/svi-brojevi\/"},{"@type":"ListItem","position":3,"name":"Pravni zapisi 2\/2019"}]},{"@type":"WebSite","@id":"https:\/\/pravnizapisi.rs\/#website","url":"https:\/\/pravnizapisi.rs\/","name":"Pravni Zapisi","description":"","publisher":{"@id":"https:\/\/pravnizapisi.rs\/#organization"},"potentialAction":[{"@type":"SearchAction","target":{"@type":"EntryPoint","urlTemplate":"https:\/\/pravnizapisi.rs\/?s={search_term_string}"},"query-input":{"@type":"PropertyValueSpecification","valueRequired":true,"valueName":"search_term_string"}}],"inLanguage":"en-US"},{"@type":"Organization","@id":"https:\/\/pravnizapisi.rs\/#organization","name":"Pravni Zapisi","url":"https:\/\/pravnizapisi.rs\/","logo":{"@type":"ImageObject","inLanguage":"en-US","@id":"https:\/\/pravnizapisi.rs\/#\/schema\/logo\/image\/","url":"https:\/\/www.pravnizapisi.rs\/wp-content\/uploads\/2019\/11\/cropped-Header-logo-srb-1-1.jpg","contentUrl":"https:\/\/www.pravnizapisi.rs\/wp-content\/uploads\/2019\/11\/cropped-Header-logo-srb-1-1.jpg","width":580,"height":80,"caption":"Pravni Zapisi"},"image":{"@id":"https:\/\/pravnizapisi.rs\/#\/schema\/logo\/image\/"}}]}},"_links":{"self":[{"href":"https:\/\/www.pravnizapisi.rs\/en\/wp-json\/wp\/v2\/pages\/6727","targetHints":{"allow":["GET"]}}],"collection":[{"href":"https:\/\/www.pravnizapisi.rs\/en\/wp-json\/wp\/v2\/pages"}],"about":[{"href":"https:\/\/www.pravnizapisi.rs\/en\/wp-json\/wp\/v2\/types\/page"}],"author":[{"embeddable":true,"href":"https:\/\/www.pravnizapisi.rs\/en\/wp-json\/wp\/v2\/users\/4"}],"replies":[{"embeddable":true,"href":"https:\/\/www.pravnizapisi.rs\/en\/wp-json\/wp\/v2\/comments?post=6727"}],"version-history":[{"count":0,"href":"https:\/\/www.pravnizapisi.rs\/en\/wp-json\/wp\/v2\/pages\/6727\/revisions"}],"up":[{"embeddable":true,"href":"https:\/\/www.pravnizapisi.rs\/en\/wp-json\/wp\/v2\/pages\/6165"}],"wp:attachment":[{"href":"https:\/\/www.pravnizapisi.rs\/en\/wp-json\/wp\/v2\/media?parent=6727"}],"curies":[{"name":"wp","href":"https:\/\/api.w.org\/{rel}","templated":true}]}}