{"id":6864,"date":"2020-07-17T15:48:03","date_gmt":"2020-07-17T15:48:03","guid":{"rendered":"http:\/\/pravnizapisi.rs\/?page_id=6864"},"modified":"2021-04-28T19:28:01","modified_gmt":"2021-04-28T19:28:01","slug":"6864-2","status":"publish","type":"page","link":"https:\/\/www.pravnizapisi.rs\/en\/issues\/6864-2\/","title":{"rendered":"Pravni zapisi 1\/2020"},"content":{"rendered":"<p style=\"text-align: justify;\"><em><strong>Union University Law School Review<\/strong><\/em><br \/>\n<em><strong>Year XI, No. 1\/2020, Pages 1-354<\/strong><\/em><\/p>\n<table style=\"height: 35px;\" width=\"364\" frame=\"void\">\n<tbody>\n<tr>\n<td valign=\"top\"><strong>UDK\u00a034<\/strong><\/td>\n<td align=\"left\" valign=\"top\">\n<div><strong>ISSN 2217-2815 (Printed Edition)<\/strong><\/div>\n<div><strong>eISSN 2406-1387 (Online Edition)<\/strong><\/div>\n<\/td>\n<\/tr>\n<\/tbody>\n<\/table>\n<hr \/>\n<h3 style=\"text-align: center;\">TABLE OF CONTENTS<\/h3>\n<h4 style=\"text-align: justify;\">GUEST EDITORIAL<\/h4>\n<p><a href=\"https:\/\/pravnizapisi.rs\/wp-content\/uploads\/issues\/1-2020\/Pravni_zapisi_2020-01-01_Varadi.pdf\"><strong>Tibor V\u00e1rady<\/strong>, <em>Law, Justice and Various Human Exaltations<\/em><\/a><\/p>\n<h4 style=\"text-align: justify;\">ARTICLES<\/h4>\n<p style=\"text-align: justify;\"><a href=\"https:\/\/pravnizapisi.rs\/en\/issues\/6864-2\/7857-2\/\"><strong>Tibor Tajti (Thaythy)<\/strong>, <em>A Holistic Approach to Extra-Judicial <\/em><em>Enforcement and Private Debt Collection: A Comparative <\/em><em>Account of Trends, Empirical Evidences, and the Connected <\/em><em>Regulatory Challenges \u2013 Part Two<\/em><\/a><\/p>\n<p style=\"text-align: justify;\"><a href=\"https:\/\/pravnizapisi.rs\/en\/issues\/6864-2\/7798-2\/\"><strong>Matija Milo\u0161<\/strong>, <em>Reimagining Direct Democracy As an Intersection <\/em><em>of Different Forms of Representation<\/em><\/a><\/p>\n<p style=\"text-align: justify;\"><a href=\"https:\/\/pravnizapisi.rs\/en\/issues\/6864-2\/7807-2\/\"><strong>Andrej Savin<\/strong>, <em>New Directions in EU Digital Regulation Post-2015: Regulating Disruption<\/em><\/a><\/p>\n<p style=\"text-align: justify;\"><a href=\"https:\/\/pravnizapisi.rs\/en\/issues\/6864-2\/7815-2\/\"><strong>Sr\u0111an \u0160arki\u0107<\/strong>, <em>Serbian Mediaeval Law on Wills and Succession<\/em><\/a><\/p>\n<p style=\"text-align: justify;\"><a href=\"https:\/\/pravnizapisi.rs\/en\/issues\/6864-2\/7822-2\/\"><strong>Slobodan Vukadinovi\u0107<\/strong>, <em>The Scope of the Contra Proferentem Rule in the Interpretation of the General Terms of the Contract<\/em><\/a><\/p>\n<p style=\"text-align: justify;\"><a href=\"https:\/\/pravnizapisi.rs\/en\/issues\/6864-2\/7829-2\/\"><strong>Sr\u0111an Milo\u0161evi\u0107<\/strong>, <em>Walking a Tightrope: On the Constitutionality of Limiting Freedom of Worship Under the State of Emergency Declared in the Republic of Serbia Caused by the Epidemic of Covid-19<\/em><\/a><\/p>\n<p style=\"text-align: justify;\"><a href=\"https:\/\/pravnizapisi.rs\/en\/issues\/6864-2\/7836-2\/\"><strong>Iva Ivanov<\/strong>, <em>Taxation for Gender Equality: Proposal of Measures for the Republic of Serbia on the Road to European Integration<\/em><\/a><\/p>\n<p style=\"text-align: justify;\"><a href=\"https:\/\/pravnizapisi.rs\/en\/issues\/6864-2\/7843-2\/\"><strong>Nikola Kova\u010devi\u0107<\/strong>, <em>The Principle of Non-Refoulment in the Practice of the Constitutional Court of Serbia in the Light of Generally Recognized Rules of International Law: From Recognition to the Lack of Implementation<\/em><\/a><\/p>\n<p style=\"text-align: justify;\"><a href=\"https:\/\/pravnizapisi.rs\/en\/issues\/6864-2\/7850-2\/\"><strong>Boris Topi\u0107<\/strong>, <em>Guiding Principles on Business and Human Rights: The Important Attempt to Address Corporate Human Rights Abuses<\/em><\/a><\/p>\n<h4 style=\"text-align: justify;\">BOOK REVIEWS<\/h4>\n<p style=\"text-align: justify;\"><a href=\"https:\/\/pravnizapisi.rs\/wp-content\/uploads\/issues\/1-2020\/Pravni_zapisi_2020-01-11_Vukadinovic.pdf\"><strong>Slobodan Vukadinovi\u0107<\/strong>, <em>Civil Law in the Legal System: Milo\u0161 <\/em><em>\u017divkovi\u0107 (ed.), Liber amicorum Vladimir Vodineli\u0107, <\/em>Pravni fakultet Univerziteta u Beogradu i Pravni fakultet Univerziteta Union u Beogradu, Beograd 2019, 534 pp.<\/a><\/p>\n<p style=\"text-align: justify;\"><a href=\"https:\/\/pravnizapisi.rs\/wp-content\/uploads\/issues\/1-2020\/Pravni_zapisi_2020-01-12_Jovanovic.pdf\"><strong>Miodrag Jovanovi\u0107<\/strong>, <em>Once Upon a Time in E\u010dka: Tibor V\u00e1rady, What Happened in \u00c9cska? A Documentary Novel<\/em>, [Translation from Hungarian by Arpad Vicko], Akademska knjiga, Novi Sad 2019, 220 pp.<\/a><\/p>\n<p style=\"text-align: justify;\"><a href=\"https:\/\/pravnizapisi.rs\/wp-content\/uploads\/issues\/1-2020\/Pravni_zapisi_2020-01-13_Ivancevic.pdf\"><strong>Katarina Ivan\u010devi\u0107<\/strong>, <em>Borislav V. Ivo\u0161evi\u0107 and \u010caslav Pejovi\u0107, Maritime Law: A Comparative Legal Study<\/em>, Pravni fakultet Univerziteta Union i Slu\u017ebeni glasnik, Beograd 2019, 902 pp.<\/a><\/p>\n<h4 style=\"text-align: justify;\">IN MEMORIAM<\/h4>\n<p style=\"text-align: justify;\"><a href=\"https:\/\/pravnizapisi.rs\/wp-content\/uploads\/issues\/1-2020\/Pravni_zapisi_2020-01-16_Rakic-Vodinelic.pdf\"><strong>Vesna Raki\u0107-Vodineli\u0107<\/strong>, <em>Goran Kronja<\/em> (1948\u20132020)<\/a><\/p>\n<h4 style=\"text-align: justify;\">BIBLIOGRAPHY<\/h4>\n<p><a href=\"https:\/\/pravnizapisi.rs\/wp-content\/uploads\/issues\/1-2020\/Pravni_zapisi_2020-01-14_Pravna_bibliografija_2019.pdf\"><em>Legal bibliography \u2013 Serbia 2019<\/em>, <strong>prepared by Ljiljana Prljin\u010devi\u0107<\/strong><\/a><\/p>\n","protected":false},"excerpt":{"rendered":"<p>Union University Law School Review Year XI, No. 1\/2020, Pages 1-354 UDK\u00a034 ISSN 2217-2815 (Printed Edition) eISSN 2406-1387 (Online Edition) TABLE OF CONTENTS GUEST EDITORIAL Tibor V\u00e1rady, Law, Justice and Various Human Exaltations ARTICLES Tibor Tajti (Thaythy), A Holistic Approach to Extra-Judicial Enforcement and Private Debt Collection: A Comparative Account of Trends, Empirical Evidences, and the Connected Regulatory Challenges \u2013 Part Two Matija Milo\u0161, Reimagining Direct Democracy As an Intersection of Different Forms of Representation Andrej Savin, New Directions in EU Digital Regulation Post-2015: Regulating Disruption Sr\u0111an \u0160arki\u0107, Serbian Mediaeval Law on Wills and Succession Slobodan Vukadinovi\u0107, The Scope of [&hellip;]<\/p>\n","protected":false},"author":4,"featured_media":0,"parent":6165,"menu_order":0,"comment_status":"closed","ping_status":"closed","template":"template-fullwidth.php","meta":{"footnotes":""},"class_list":["post-6864","page","type-page","status-publish","hentry"],"yoast_head":"<!-- This site is optimized with the Yoast SEO plugin v27.1.1 - https:\/\/yoast.com\/product\/yoast-seo-wordpress\/ -->\n<title>Pravni zapisi 1\/2020 - Pravni Zapisi<\/title>\n<meta name=\"robots\" content=\"index, follow, max-snippet:-1, max-image-preview:large, max-video-preview:-1\" \/>\n<link rel=\"canonical\" href=\"https:\/\/www.pravnizapisi.rs\/en\/issues\/6864-2\/\" \/>\n<meta property=\"og:locale\" content=\"en_US\" \/>\n<meta property=\"og:type\" content=\"article\" \/>\n<meta property=\"og:title\" content=\"Pravni zapisi 1\/2020 - Pravni Zapisi\" \/>\n<meta property=\"og:description\" content=\"Union University Law School Review Year XI, No. 1\/2020, Pages 1-354 UDK\u00a034 ISSN 2217-2815 (Printed Edition) eISSN 2406-1387 (Online Edition) TABLE OF CONTENTS GUEST EDITORIAL Tibor V\u00e1rady, Law, Justice and Various Human Exaltations ARTICLES Tibor Tajti (Thaythy), A Holistic Approach to Extra-Judicial Enforcement and Private Debt Collection: A Comparative Account of Trends, Empirical Evidences, and the Connected Regulatory Challenges \u2013 Part Two Matija Milo\u0161, Reimagining Direct Democracy As an Intersection of Different Forms of Representation Andrej Savin, New Directions in EU Digital Regulation Post-2015: Regulating Disruption Sr\u0111an \u0160arki\u0107, Serbian Mediaeval Law on Wills and Succession Slobodan Vukadinovi\u0107, The Scope of [&hellip;]\" \/>\n<meta property=\"og:url\" content=\"https:\/\/www.pravnizapisi.rs\/en\/issues\/6864-2\/\" \/>\n<meta property=\"og:site_name\" content=\"Pravni Zapisi\" \/>\n<meta property=\"article:modified_time\" content=\"2021-04-28T19:28:01+00:00\" \/>\n<meta property=\"og:image\" content=\"https:\/\/www.pravnizapisi.rs\/wp-content\/uploads\/2020\/07\/pzapisi.jpg\" \/>\n\t<meta property=\"og:image:width\" content=\"150\" \/>\n\t<meta property=\"og:image:height\" content=\"225\" \/>\n\t<meta property=\"og:image:type\" content=\"image\/jpeg\" \/>\n<meta name=\"twitter:card\" content=\"summary_large_image\" \/>\n<meta name=\"twitter:label1\" content=\"Est. reading time\" \/>\n\t<meta name=\"twitter:data1\" content=\"2 minutes\" \/>\n<script type=\"application\/ld+json\" class=\"yoast-schema-graph\">{\"@context\":\"https:\/\/schema.org\",\"@graph\":[{\"@type\":\"WebPage\",\"@id\":\"https:\/\/www.pravnizapisi.rs\/en\/issues\/6864-2\/\",\"url\":\"https:\/\/www.pravnizapisi.rs\/en\/issues\/6864-2\/\",\"name\":\"Pravni zapisi 1\/2020 - Pravni Zapisi\",\"isPartOf\":{\"@id\":\"https:\/\/pravnizapisi.rs\/#website\"},\"datePublished\":\"2020-07-17T15:48:03+00:00\",\"dateModified\":\"2021-04-28T19:28:01+00:00\",\"breadcrumb\":{\"@id\":\"https:\/\/www.pravnizapisi.rs\/en\/issues\/6864-2\/#breadcrumb\"},\"inLanguage\":\"en-US\",\"potentialAction\":[{\"@type\":\"ReadAction\",\"target\":[\"https:\/\/www.pravnizapisi.rs\/en\/issues\/6864-2\/\"]}]},{\"@type\":\"BreadcrumbList\",\"@id\":\"https:\/\/www.pravnizapisi.rs\/en\/issues\/6864-2\/#breadcrumb\",\"itemListElement\":[{\"@type\":\"ListItem\",\"position\":1,\"name\":\"\u041f\u043e\u0447\u0435\u0442\u043d\u0430\",\"item\":\"https:\/\/www.pravnizapisi.rs\/en\/\"},{\"@type\":\"ListItem\",\"position\":2,\"name\":\"Issues\",\"item\":\"https:\/\/www.pravnizapisi.rs\/svi-brojevi\/\"},{\"@type\":\"ListItem\",\"position\":3,\"name\":\"Pravni zapisi 1\/2020\"}]},{\"@type\":\"WebSite\",\"@id\":\"https:\/\/pravnizapisi.rs\/#website\",\"url\":\"https:\/\/pravnizapisi.rs\/\",\"name\":\"Pravni Zapisi\",\"description\":\"\",\"publisher\":{\"@id\":\"https:\/\/pravnizapisi.rs\/#organization\"},\"potentialAction\":[{\"@type\":\"SearchAction\",\"target\":{\"@type\":\"EntryPoint\",\"urlTemplate\":\"https:\/\/pravnizapisi.rs\/?s={search_term_string}\"},\"query-input\":{\"@type\":\"PropertyValueSpecification\",\"valueRequired\":true,\"valueName\":\"search_term_string\"}}],\"inLanguage\":\"en-US\"},{\"@type\":\"Organization\",\"@id\":\"https:\/\/pravnizapisi.rs\/#organization\",\"name\":\"Pravni Zapisi\",\"url\":\"https:\/\/pravnizapisi.rs\/\",\"logo\":{\"@type\":\"ImageObject\",\"inLanguage\":\"en-US\",\"@id\":\"https:\/\/pravnizapisi.rs\/#\/schema\/logo\/image\/\",\"url\":\"https:\/\/www.pravnizapisi.rs\/wp-content\/uploads\/2019\/11\/cropped-Header-logo-srb-1-1.jpg\",\"contentUrl\":\"https:\/\/www.pravnizapisi.rs\/wp-content\/uploads\/2019\/11\/cropped-Header-logo-srb-1-1.jpg\",\"width\":580,\"height\":80,\"caption\":\"Pravni Zapisi\"},\"image\":{\"@id\":\"https:\/\/pravnizapisi.rs\/#\/schema\/logo\/image\/\"}}]}<\/script>\n<!-- \/ Yoast SEO plugin. -->","yoast_head_json":{"title":"Pravni zapisi 1\/2020 - Pravni Zapisi","robots":{"index":"index","follow":"follow","max-snippet":"max-snippet:-1","max-image-preview":"max-image-preview:large","max-video-preview":"max-video-preview:-1"},"canonical":"https:\/\/www.pravnizapisi.rs\/en\/issues\/6864-2\/","og_locale":"en_US","og_type":"article","og_title":"Pravni zapisi 1\/2020 - Pravni Zapisi","og_description":"Union University Law School Review Year XI, No. 1\/2020, Pages 1-354 UDK\u00a034 ISSN 2217-2815 (Printed Edition) eISSN 2406-1387 (Online Edition) TABLE OF CONTENTS GUEST EDITORIAL Tibor V\u00e1rady, Law, Justice and Various Human Exaltations ARTICLES Tibor Tajti (Thaythy), A Holistic Approach to Extra-Judicial Enforcement and Private Debt Collection: A Comparative Account of Trends, Empirical Evidences, and the Connected Regulatory Challenges \u2013 Part Two Matija Milo\u0161, Reimagining Direct Democracy As an Intersection of Different Forms of Representation Andrej Savin, New Directions in EU Digital Regulation Post-2015: Regulating Disruption Sr\u0111an \u0160arki\u0107, Serbian Mediaeval Law on Wills and Succession Slobodan Vukadinovi\u0107, The Scope of [&hellip;]","og_url":"https:\/\/www.pravnizapisi.rs\/en\/issues\/6864-2\/","og_site_name":"Pravni Zapisi","article_modified_time":"2021-04-28T19:28:01+00:00","og_image":[{"width":150,"height":225,"url":"https:\/\/www.pravnizapisi.rs\/wp-content\/uploads\/2020\/07\/pzapisi.jpg","type":"image\/jpeg"}],"twitter_card":"summary_large_image","twitter_misc":{"Est. reading time":"2 minutes"},"schema":{"@context":"https:\/\/schema.org","@graph":[{"@type":"WebPage","@id":"https:\/\/www.pravnizapisi.rs\/en\/issues\/6864-2\/","url":"https:\/\/www.pravnizapisi.rs\/en\/issues\/6864-2\/","name":"Pravni zapisi 1\/2020 - Pravni Zapisi","isPartOf":{"@id":"https:\/\/pravnizapisi.rs\/#website"},"datePublished":"2020-07-17T15:48:03+00:00","dateModified":"2021-04-28T19:28:01+00:00","breadcrumb":{"@id":"https:\/\/www.pravnizapisi.rs\/en\/issues\/6864-2\/#breadcrumb"},"inLanguage":"en-US","potentialAction":[{"@type":"ReadAction","target":["https:\/\/www.pravnizapisi.rs\/en\/issues\/6864-2\/"]}]},{"@type":"BreadcrumbList","@id":"https:\/\/www.pravnizapisi.rs\/en\/issues\/6864-2\/#breadcrumb","itemListElement":[{"@type":"ListItem","position":1,"name":"\u041f\u043e\u0447\u0435\u0442\u043d\u0430","item":"https:\/\/www.pravnizapisi.rs\/en\/"},{"@type":"ListItem","position":2,"name":"Issues","item":"https:\/\/www.pravnizapisi.rs\/svi-brojevi\/"},{"@type":"ListItem","position":3,"name":"Pravni zapisi 1\/2020"}]},{"@type":"WebSite","@id":"https:\/\/pravnizapisi.rs\/#website","url":"https:\/\/pravnizapisi.rs\/","name":"Pravni Zapisi","description":"","publisher":{"@id":"https:\/\/pravnizapisi.rs\/#organization"},"potentialAction":[{"@type":"SearchAction","target":{"@type":"EntryPoint","urlTemplate":"https:\/\/pravnizapisi.rs\/?s={search_term_string}"},"query-input":{"@type":"PropertyValueSpecification","valueRequired":true,"valueName":"search_term_string"}}],"inLanguage":"en-US"},{"@type":"Organization","@id":"https:\/\/pravnizapisi.rs\/#organization","name":"Pravni Zapisi","url":"https:\/\/pravnizapisi.rs\/","logo":{"@type":"ImageObject","inLanguage":"en-US","@id":"https:\/\/pravnizapisi.rs\/#\/schema\/logo\/image\/","url":"https:\/\/www.pravnizapisi.rs\/wp-content\/uploads\/2019\/11\/cropped-Header-logo-srb-1-1.jpg","contentUrl":"https:\/\/www.pravnizapisi.rs\/wp-content\/uploads\/2019\/11\/cropped-Header-logo-srb-1-1.jpg","width":580,"height":80,"caption":"Pravni Zapisi"},"image":{"@id":"https:\/\/pravnizapisi.rs\/#\/schema\/logo\/image\/"}}]}},"_links":{"self":[{"href":"https:\/\/www.pravnizapisi.rs\/en\/wp-json\/wp\/v2\/pages\/6864","targetHints":{"allow":["GET"]}}],"collection":[{"href":"https:\/\/www.pravnizapisi.rs\/en\/wp-json\/wp\/v2\/pages"}],"about":[{"href":"https:\/\/www.pravnizapisi.rs\/en\/wp-json\/wp\/v2\/types\/page"}],"author":[{"embeddable":true,"href":"https:\/\/www.pravnizapisi.rs\/en\/wp-json\/wp\/v2\/users\/4"}],"replies":[{"embeddable":true,"href":"https:\/\/www.pravnizapisi.rs\/en\/wp-json\/wp\/v2\/comments?post=6864"}],"version-history":[{"count":0,"href":"https:\/\/www.pravnizapisi.rs\/en\/wp-json\/wp\/v2\/pages\/6864\/revisions"}],"up":[{"embeddable":true,"href":"https:\/\/www.pravnizapisi.rs\/en\/wp-json\/wp\/v2\/pages\/6165"}],"wp:attachment":[{"href":"https:\/\/www.pravnizapisi.rs\/en\/wp-json\/wp\/v2\/media?parent=6864"}],"curies":[{"name":"wp","href":"https:\/\/api.w.org\/{rel}","templated":true}]}}