{"id":6978,"date":"2020-12-29T13:55:20","date_gmt":"2020-12-29T13:55:20","guid":{"rendered":"http:\/\/pravnizapisi.rs\/?page_id=6978"},"modified":"2021-05-06T07:20:08","modified_gmt":"2021-05-06T07:20:08","slug":"pravni-zapisi-2-2020","status":"publish","type":"page","link":"https:\/\/www.pravnizapisi.rs\/en\/pravni-zapisi-2-2020\/","title":{"rendered":"Pravni zapisi 2\/2020"},"content":{"rendered":"<p style=\"text-align: justify;\"><em><strong>Union University Law School Review<\/strong><\/em><br \/>\n<em><strong>Year XI, No. 2\/2020, Pages 355-708<\/strong><\/em><\/p>\n<table style=\"height: 35px;\" width=\"364\" frame=\"void\">\n<tbody>\n<tr>\n<td valign=\"top\"><strong>UDK\u00a034<\/strong><\/td>\n<td align=\"left\" valign=\"top\">\n<div><strong>ISSN 2217-2815 (Printed Edition)<\/strong><\/div>\n<div><strong>eISSN 2406-1387 (Online Edition)<\/strong><\/div>\n<\/td>\n<\/tr>\n<\/tbody>\n<\/table>\n<hr \/>\n<h3 style=\"text-align: center;\">TABLE OF CONTENTS<\/h3>\n<h4 style=\"text-align: justify;\">GUEST EDITORIAL<\/h4>\n<p><a href=\"https:\/\/pravnizapisi.rs\/wp-content\/uploads\/issues\/2-2020\/Pravni_zapisi_2020-02-01_Tripkovic.pdf\"><strong>Bo\u0161ko Tripkovi\u0107<\/strong>, <em>Constructing the Constitutional Self: Meaning, Value, and Abuse of Constitutional Identity<\/em><\/a><\/p>\n<h4 style=\"text-align: justify;\">ARTICLES<\/h4>\n<p style=\"text-align: justify;\"><a href=\"https:\/\/pravnizapisi.rs\/en\/pravni-zapisi-2-2020\/7864-2\/\"><strong>Judit S\u00e1ndor<\/strong>, <em>Rebalancing Human Rights at the Time of Covid-19 Pandemic<\/em><\/a><\/p>\n<p><a href=\"https:\/\/pravnizapisi.rs\/en\/pravni-zapisi-2-2020\/7871-2\/\"><strong>Marco Galimberti<\/strong>, <strong>Stefania Ninatti<\/strong>, <em>Constitutional Resistance to EU Law: The Courts and Test of Constitutional Identity Conflicts<\/em><\/a><\/p>\n<p><a href=\"https:\/\/pravnizapisi.rs\/en\/pravni-zapisi-2-2020\/7879-2\/\"><strong>Goran Dajovi\u0107<\/strong>, <em>Taking Analogy Seriously: Statutory Analogy in Creation and Interpretation of Law<\/em><\/a><\/p>\n<p><a href=\"https:\/\/pravnizapisi.rs\/en\/pravni-zapisi-2-2020\/7886-2\/\"><strong>Jelena Jerini\u0107<\/strong>, <em>In the Name of the Public: Representatives <\/em><em>of Collective and Wider Interest of the Public in Administrative <\/em><em>Matters in Serbia<\/em><\/a><\/p>\n<p><a href=\"https:\/\/pravnizapisi.rs\/en\/pravni-zapisi-2-2020\/7893-2\/\"><strong>Taida Begi\u0107 \u0160arkinovi\u0107<\/strong>, <em>Human Rights Issues in Investment Arbitration Cases: A New Perspective?<\/em><\/a><\/p>\n<p><a href=\"https:\/\/pravnizapisi.rs\/en\/pravni-zapisi-2-2020\/7900-2\/\"><strong>Marko Bo\u017ei\u0107<\/strong>, <em>Tito\u2019s Concordat \u2013 The 1996 Protocol on the Negotiations Between Yugoslavia and the Holy See from a Legal Perspective<\/em><\/a><\/p>\n<p><a href=\"https:\/\/pravnizapisi.rs\/en\/pravni-zapisi-2-2020\/7907-2\/\"><strong>Williams C. Iheme<\/strong>, <em>Remedying the Defects in India\u2019s Credit and Insolvency Frameworks with Adapted Solutions from the Anglo-American Legal Scholarships<\/em><\/a><\/p>\n<p><a href=\"https:\/\/pravnizapisi.rs\/en\/pravni-zapisi-2-2020\/7915-2\/\"><strong>Tam\u00e1s Korhecz<\/strong>, <em>The Right to Peaceful Enjoyment of Property and the Security Measure of the Forfeiture of Cash in the Jurisprudence of the Serbian Constitutional Court: Certain Uncertainty<\/em><\/a><\/p>\n<p><a href=\"https:\/\/pravnizapisi.rs\/en\/pravni-zapisi-2-2020\/7923-2\/\"><strong>Bogdan Krasi\u0107, Bojan Stojanovi\u0107<\/strong>, <em>Global Compact on Migration: <\/em><em>Legal Nature and Potential Impact on the Development <\/em><em>of International Migration Law<\/em><\/a><\/p>\n<h4 style=\"text-align: justify;\">DEBATE<\/h4>\n<p><a href=\"https:\/\/pravnizapisi.rs\/wp-content\/uploads\/issues\/2-2020\/Pravni_zapisi_2020-02-11_Bozic.pdf\"><strong>Marko Bo\u017ei\u0107<\/strong>, <em>Why Secularism? A Reply to Sr\u0111an Milo\u0161evi\u0107, Walking a Tightrope: On the Constitutionality of Limiting Freedom of Worship Under the State of Emergency Declared in the Republic of Serbia Caused by the Epidemic of Covid-19<\/em><\/a><\/p>\n<h4 style=\"text-align: justify;\">BOOK REVIEWS<\/h4>\n<p style=\"text-align: justify;\"><a href=\"https:\/\/pravnizapisi.rs\/wp-content\/uploads\/issues\/2-2020\/Pravni_zapisi_2020-02-12_Sibinovic.pdf\"><strong>\u0110or\u0111e D. Sibinovi\u0107<\/strong>, <em>A Man in History, Confidence in Knowledge: Tamara Ili\u0107, Marko Bo\u017ei\u0107 (eds.), \u039d\u039f\u039c\u039f\u03a6\u03a5\u039b\u0391E, Liber Amicorum Sr\u0111an \u0160arki\u0107, Pravni fakultet Univerziteta Union u Beogradu, JP Slu\u017ebeni glasnik, Beograd 2020, 681 pp. In Honour of Professor Sr\u0111an \u0160arki\u0107<\/em><\/a><\/p>\n<p><a href=\"https:\/\/pravnizapisi.rs\/wp-content\/uploads\/issues\/2-2020\/Pravni_zapisi_2020-02-13_Krstic.pdf\"><strong>Ivana Krsti\u0107<\/strong>, <em>The Nature of International Law: Miodrag Jovanovi\u0107, The Nature of International Law, Cambridge University Press, 2019, 272 pp.<\/em><\/a><\/p>\n<p><a href=\"https:\/\/pravnizapisi.rs\/wp-content\/uploads\/issues\/2-2020\/Pravni_zapisi_2020-02-14_Djordjevic.pdf\"><strong>Mila \u0110or\u0111evi\u0107<\/strong>, <em>Successful Enough Never to Fail: Gregg Barak, Unchecked Corporate Power, Pravni fakultet Univerziteta u Beogradu, Beograd, 2020, 210 pp.<\/em><\/a><\/p>\n<h4 style=\"text-align: justify;\">OBITUARY<\/h4>\n<p style=\"text-align: justify;\"><a href=\"https:\/\/pravnizapisi.rs\/wp-content\/uploads\/issues\/2-2020\/Pravni_zapisi_2020-02-15_Besirevic.pdf\"><strong>Violeta Be\u0161irevi\u0107<\/strong>, <em>Life to Be Born for: Ruth Bader Ginsburg (1933\u20132020)<\/em><\/a><\/p>\n<h4 style=\"text-align: justify;\">CHRONICLE<\/h4>\n<p><a href=\"https:\/\/pravnizapisi.rs\/wp-content\/uploads\/issues\/2-2020\/Pravni_zapisi_2020-02-16_Hronika_Fakulteta.pdf\">Union University Law School Chronicle (2019\/2020), <strong>Contributor Jovana Popovi\u0107<\/strong><\/a><\/p>\n","protected":false},"excerpt":{"rendered":"<p>Union University Law School Review Year XI, No. 2\/2020, Pages 355-708 UDK\u00a034 ISSN 2217-2815 (Printed Edition) eISSN 2406-1387 (Online Edition) TABLE OF CONTENTS GUEST EDITORIAL Bo\u0161ko Tripkovi\u0107, Constructing the Constitutional Self: Meaning, Value, and Abuse of Constitutional Identity ARTICLES Judit S\u00e1ndor, Rebalancing Human Rights at the Time of Covid-19 Pandemic Marco Galimberti, Stefania Ninatti, Constitutional Resistance to EU Law: The Courts and Test of Constitutional Identity Conflicts Goran Dajovi\u0107, Taking Analogy Seriously: Statutory Analogy in Creation and Interpretation of Law Jelena Jerini\u0107, In the Name of the Public: Representatives of Collective and Wider Interest of the Public in Administrative Matters [&hellip;]<\/p>\n","protected":false},"author":4,"featured_media":0,"parent":0,"menu_order":0,"comment_status":"closed","ping_status":"closed","template":"template-fullwidth.php","meta":{"footnotes":""},"class_list":["post-6978","page","type-page","status-publish","hentry"],"yoast_head":"<!-- This site is optimized with the Yoast SEO plugin v27.1.1 - https:\/\/yoast.com\/product\/yoast-seo-wordpress\/ -->\n<title>Pravni zapisi 2\/2020 - Pravni Zapisi<\/title>\n<meta name=\"robots\" content=\"index, follow, max-snippet:-1, max-image-preview:large, max-video-preview:-1\" \/>\n<link rel=\"canonical\" href=\"https:\/\/www.pravnizapisi.rs\/en\/pravni-zapisi-2-2020\/\" \/>\n<meta property=\"og:locale\" content=\"en_US\" \/>\n<meta property=\"og:type\" content=\"article\" \/>\n<meta property=\"og:title\" content=\"Pravni zapisi 2\/2020 - Pravni Zapisi\" \/>\n<meta property=\"og:description\" content=\"Union University Law School Review Year XI, No. 2\/2020, Pages 355-708 UDK\u00a034 ISSN 2217-2815 (Printed Edition) eISSN 2406-1387 (Online Edition) TABLE OF CONTENTS GUEST EDITORIAL Bo\u0161ko Tripkovi\u0107, Constructing the Constitutional Self: Meaning, Value, and Abuse of Constitutional Identity ARTICLES Judit S\u00e1ndor, Rebalancing Human Rights at the Time of Covid-19 Pandemic Marco Galimberti, Stefania Ninatti, Constitutional Resistance to EU Law: The Courts and Test of Constitutional Identity Conflicts Goran Dajovi\u0107, Taking Analogy Seriously: Statutory Analogy in Creation and Interpretation of Law Jelena Jerini\u0107, In the Name of the Public: Representatives of Collective and Wider Interest of the Public in Administrative Matters [&hellip;]\" \/>\n<meta property=\"og:url\" content=\"https:\/\/www.pravnizapisi.rs\/en\/pravni-zapisi-2-2020\/\" \/>\n<meta property=\"og:site_name\" content=\"Pravni Zapisi\" \/>\n<meta property=\"article:modified_time\" content=\"2021-05-06T07:20:08+00:00\" \/>\n<meta property=\"og:image\" content=\"https:\/\/www.pravnizapisi.rs\/wp-content\/uploads\/2020\/07\/pzapisi.jpg\" \/>\n\t<meta property=\"og:image:width\" content=\"150\" \/>\n\t<meta property=\"og:image:height\" content=\"225\" \/>\n\t<meta property=\"og:image:type\" content=\"image\/jpeg\" \/>\n<meta name=\"twitter:card\" content=\"summary_large_image\" \/>\n<meta name=\"twitter:label1\" content=\"Est. reading time\" \/>\n\t<meta name=\"twitter:data1\" content=\"2 minutes\" \/>\n<script type=\"application\/ld+json\" class=\"yoast-schema-graph\">{\"@context\":\"https:\/\/schema.org\",\"@graph\":[{\"@type\":\"WebPage\",\"@id\":\"https:\/\/www.pravnizapisi.rs\/en\/pravni-zapisi-2-2020\/\",\"url\":\"https:\/\/www.pravnizapisi.rs\/en\/pravni-zapisi-2-2020\/\",\"name\":\"Pravni zapisi 2\/2020 - Pravni Zapisi\",\"isPartOf\":{\"@id\":\"https:\/\/pravnizapisi.rs\/#website\"},\"datePublished\":\"2020-12-29T13:55:20+00:00\",\"dateModified\":\"2021-05-06T07:20:08+00:00\",\"breadcrumb\":{\"@id\":\"https:\/\/www.pravnizapisi.rs\/en\/pravni-zapisi-2-2020\/#breadcrumb\"},\"inLanguage\":\"en-US\",\"potentialAction\":[{\"@type\":\"ReadAction\",\"target\":[\"https:\/\/www.pravnizapisi.rs\/en\/pravni-zapisi-2-2020\/\"]}]},{\"@type\":\"BreadcrumbList\",\"@id\":\"https:\/\/www.pravnizapisi.rs\/en\/pravni-zapisi-2-2020\/#breadcrumb\",\"itemListElement\":[{\"@type\":\"ListItem\",\"position\":1,\"name\":\"\u041f\u043e\u0447\u0435\u0442\u043d\u0430\",\"item\":\"https:\/\/www.pravnizapisi.rs\/en\/\"},{\"@type\":\"ListItem\",\"position\":2,\"name\":\"Pravni zapisi 2\/2020\"}]},{\"@type\":\"WebSite\",\"@id\":\"https:\/\/pravnizapisi.rs\/#website\",\"url\":\"https:\/\/pravnizapisi.rs\/\",\"name\":\"Pravni Zapisi\",\"description\":\"\",\"publisher\":{\"@id\":\"https:\/\/pravnizapisi.rs\/#organization\"},\"potentialAction\":[{\"@type\":\"SearchAction\",\"target\":{\"@type\":\"EntryPoint\",\"urlTemplate\":\"https:\/\/pravnizapisi.rs\/?s={search_term_string}\"},\"query-input\":{\"@type\":\"PropertyValueSpecification\",\"valueRequired\":true,\"valueName\":\"search_term_string\"}}],\"inLanguage\":\"en-US\"},{\"@type\":\"Organization\",\"@id\":\"https:\/\/pravnizapisi.rs\/#organization\",\"name\":\"Pravni Zapisi\",\"url\":\"https:\/\/pravnizapisi.rs\/\",\"logo\":{\"@type\":\"ImageObject\",\"inLanguage\":\"en-US\",\"@id\":\"https:\/\/pravnizapisi.rs\/#\/schema\/logo\/image\/\",\"url\":\"https:\/\/www.pravnizapisi.rs\/wp-content\/uploads\/2019\/11\/cropped-Header-logo-srb-1-1.jpg\",\"contentUrl\":\"https:\/\/www.pravnizapisi.rs\/wp-content\/uploads\/2019\/11\/cropped-Header-logo-srb-1-1.jpg\",\"width\":580,\"height\":80,\"caption\":\"Pravni Zapisi\"},\"image\":{\"@id\":\"https:\/\/pravnizapisi.rs\/#\/schema\/logo\/image\/\"}}]}<\/script>\n<!-- \/ Yoast SEO plugin. -->","yoast_head_json":{"title":"Pravni zapisi 2\/2020 - Pravni Zapisi","robots":{"index":"index","follow":"follow","max-snippet":"max-snippet:-1","max-image-preview":"max-image-preview:large","max-video-preview":"max-video-preview:-1"},"canonical":"https:\/\/www.pravnizapisi.rs\/en\/pravni-zapisi-2-2020\/","og_locale":"en_US","og_type":"article","og_title":"Pravni zapisi 2\/2020 - Pravni Zapisi","og_description":"Union University Law School Review Year XI, No. 2\/2020, Pages 355-708 UDK\u00a034 ISSN 2217-2815 (Printed Edition) eISSN 2406-1387 (Online Edition) TABLE OF CONTENTS GUEST EDITORIAL Bo\u0161ko Tripkovi\u0107, Constructing the Constitutional Self: Meaning, Value, and Abuse of Constitutional Identity ARTICLES Judit S\u00e1ndor, Rebalancing Human Rights at the Time of Covid-19 Pandemic Marco Galimberti, Stefania Ninatti, Constitutional Resistance to EU Law: The Courts and Test of Constitutional Identity Conflicts Goran Dajovi\u0107, Taking Analogy Seriously: Statutory Analogy in Creation and Interpretation of Law Jelena Jerini\u0107, In the Name of the Public: Representatives of Collective and Wider Interest of the Public in Administrative Matters [&hellip;]","og_url":"https:\/\/www.pravnizapisi.rs\/en\/pravni-zapisi-2-2020\/","og_site_name":"Pravni Zapisi","article_modified_time":"2021-05-06T07:20:08+00:00","og_image":[{"width":150,"height":225,"url":"https:\/\/www.pravnizapisi.rs\/wp-content\/uploads\/2020\/07\/pzapisi.jpg","type":"image\/jpeg"}],"twitter_card":"summary_large_image","twitter_misc":{"Est. reading time":"2 minutes"},"schema":{"@context":"https:\/\/schema.org","@graph":[{"@type":"WebPage","@id":"https:\/\/www.pravnizapisi.rs\/en\/pravni-zapisi-2-2020\/","url":"https:\/\/www.pravnizapisi.rs\/en\/pravni-zapisi-2-2020\/","name":"Pravni zapisi 2\/2020 - Pravni Zapisi","isPartOf":{"@id":"https:\/\/pravnizapisi.rs\/#website"},"datePublished":"2020-12-29T13:55:20+00:00","dateModified":"2021-05-06T07:20:08+00:00","breadcrumb":{"@id":"https:\/\/www.pravnizapisi.rs\/en\/pravni-zapisi-2-2020\/#breadcrumb"},"inLanguage":"en-US","potentialAction":[{"@type":"ReadAction","target":["https:\/\/www.pravnizapisi.rs\/en\/pravni-zapisi-2-2020\/"]}]},{"@type":"BreadcrumbList","@id":"https:\/\/www.pravnizapisi.rs\/en\/pravni-zapisi-2-2020\/#breadcrumb","itemListElement":[{"@type":"ListItem","position":1,"name":"\u041f\u043e\u0447\u0435\u0442\u043d\u0430","item":"https:\/\/www.pravnizapisi.rs\/en\/"},{"@type":"ListItem","position":2,"name":"Pravni zapisi 2\/2020"}]},{"@type":"WebSite","@id":"https:\/\/pravnizapisi.rs\/#website","url":"https:\/\/pravnizapisi.rs\/","name":"Pravni Zapisi","description":"","publisher":{"@id":"https:\/\/pravnizapisi.rs\/#organization"},"potentialAction":[{"@type":"SearchAction","target":{"@type":"EntryPoint","urlTemplate":"https:\/\/pravnizapisi.rs\/?s={search_term_string}"},"query-input":{"@type":"PropertyValueSpecification","valueRequired":true,"valueName":"search_term_string"}}],"inLanguage":"en-US"},{"@type":"Organization","@id":"https:\/\/pravnizapisi.rs\/#organization","name":"Pravni Zapisi","url":"https:\/\/pravnizapisi.rs\/","logo":{"@type":"ImageObject","inLanguage":"en-US","@id":"https:\/\/pravnizapisi.rs\/#\/schema\/logo\/image\/","url":"https:\/\/www.pravnizapisi.rs\/wp-content\/uploads\/2019\/11\/cropped-Header-logo-srb-1-1.jpg","contentUrl":"https:\/\/www.pravnizapisi.rs\/wp-content\/uploads\/2019\/11\/cropped-Header-logo-srb-1-1.jpg","width":580,"height":80,"caption":"Pravni Zapisi"},"image":{"@id":"https:\/\/pravnizapisi.rs\/#\/schema\/logo\/image\/"}}]}},"_links":{"self":[{"href":"https:\/\/www.pravnizapisi.rs\/en\/wp-json\/wp\/v2\/pages\/6978","targetHints":{"allow":["GET"]}}],"collection":[{"href":"https:\/\/www.pravnizapisi.rs\/en\/wp-json\/wp\/v2\/pages"}],"about":[{"href":"https:\/\/www.pravnizapisi.rs\/en\/wp-json\/wp\/v2\/types\/page"}],"author":[{"embeddable":true,"href":"https:\/\/www.pravnizapisi.rs\/en\/wp-json\/wp\/v2\/users\/4"}],"replies":[{"embeddable":true,"href":"https:\/\/www.pravnizapisi.rs\/en\/wp-json\/wp\/v2\/comments?post=6978"}],"version-history":[{"count":0,"href":"https:\/\/www.pravnizapisi.rs\/en\/wp-json\/wp\/v2\/pages\/6978\/revisions"}],"wp:attachment":[{"href":"https:\/\/www.pravnizapisi.rs\/en\/wp-json\/wp\/v2\/media?parent=6978"}],"curies":[{"name":"wp","href":"https:\/\/api.w.org\/{rel}","templated":true}]}}