{"id":7082,"date":"2021-04-21T17:10:23","date_gmt":"2021-04-21T17:10:23","guid":{"rendered":"http:\/\/pravnizapisi.rs\/?page_id=7082"},"modified":"2021-09-22T15:47:34","modified_gmt":"2021-09-22T15:47:34","slug":"7082-2","status":"publish","type":"page","link":"https:\/\/www.pravnizapisi.rs\/en\/issues\/1-2010\/7082-2\/","title":{"rendered":""},"content":{"rendered":"<p style=\"text-align: center;\">PRAVNI ZAPISI \u2022 Year I \u2022 no. 1 \u2022 pp. 7\u201337<\/p>\n<h3><strong>FRIEDRICH KARL VON SAVIGNY (1779-1861): LEBEN UND WERK EINES GROSSEN DEUTSCHEN JURISTEN<\/strong><\/h3>\n<figure id=\"attachment_7055\" aria-describedby=\"caption-attachment-7055\" style=\"width: 95px\" class=\"wp-caption alignright\"><a href=\"https:\/\/pravnizapisi.rs\/wp-content\/uploads\/issues\/1-2010\/Michael_Martinek_LEBEN_UND_WERK_EINES_GROSSEN.pdf\"><img loading=\"lazy\" decoding=\"async\" class=\"wp-image-7056\" src=\"https:\/\/pravnizapisi.rs\/wp-content\/uploads\/2021\/03\/PngItem_278380-150x150.jpg\" alt=\"\" width=\"95\" height=\"95\" \/><\/a><figcaption id=\"caption-attachment-7055\" class=\"wp-caption-text\">Language: German<\/figcaption><\/figure>\n<h4><strong>Professor Dr. Dr. Dr. h.c.mult. Michael Martinek<br \/>\nUniversitat des Saarlandes, Saarbrucken, Deutschland\u00a0 <\/strong><\/h4>\n<p><span style=\"color: #ffffff;\">.<\/span><\/p>\n<p><span style=\"color: #ffffff;\">.<\/span><\/p>\n<p><span style=\"color: #ffffff;\">.<\/span><\/p>\n<p>Pravni zapisi, no. 1\/2010, pp. 7-37<\/p>\n<p>Original Scientific Article<\/p>\n<p style=\"text-align: justify;\"><strong>DOI<\/strong>: <a href=\"https:\/\/scindeks.ceon.rs\/article.aspx?query=ISSID%26and%2614958&amp;page=0&amp;sort=8&amp;stype=0&amp;backurl=%2fissue.aspx%3fissue%3d14958%26lang%3den&amp;lang=en\">10.5937\/pravzap1001007M<\/a><\/p>\n<p style=\"text-align: justify;\"><span style=\"text-decoration: underline;\"><strong>ABSTRACT<\/strong><br \/>\n<\/span>Friedrich Karl von Savigny \u2013 einer der gro\u00dfen deutschen Juristen und Wissenschaftstheoretiker<\/p>\n<p style=\"text-align: justify;\">Als Autor bedeutender Werke rechtswissen- schaftlicher Literatur, als Gelehrter und Lehrender ging er in die Anna- len der deutschen Wissenschaftsgeschichte ein. Rund 50 Jahre lang war es ihm verg\u00f6nnt, wissenschaftlich t\u00e4tig zu sein \u2013 eine Zeitspanne, w\u00e4hrend der sich seine Anschauungen zum Teil wandelten, auch wenn ihn viele seiner zentralen Thesen sein ganzes Leben lang begleitet haben.1 Die Mei- nungen \u00fcber Savigny waren stets geteilt, insbesondere zu seiner Zeit. Seine Sch\u00fcler bewunderten Savignys selbstsicheres Auftreten, die Klarheit seiner Sprache und seine enorme Bildung. Seine Kritiker indes sahen in ihm den erzkonservativen Juristen, der dem Hofe diente und vor allem aufgrund seiner Eitelkeit auffiel.<\/p>\n<p style=\"text-align: justify;\">Im Folgenden soll ein \u00dcberblick \u00fcber das Leben und Wirken Savignys gegeben werden. Sein pers\u00f6nlicher und professioneller Werdegang wer- den ebenso beleuchtet wie sein Einfluss auf die Entwicklung der Rechts- wissenschaft in Deutschland \u2013 noch heute wirkt sein Schaffen in vielerlei Hinsicht fort. Weiterhin werden die wichtigsten Werke Savignys nochmals dargestellt. Schlie\u00dflich soll auch erw\u00e4hnt werden, inwieweit am Gedan- kengut Savignys seit seinem Aufkeimen Kritik ge\u00fcbt wurde. Im Anschluss werden die Einfl\u00fcsse Savignys auf das deutsche BGB im Allgemeinen und anhand ausgew\u00e4hlter Rechtsinstitute im Besonderen beleuchtet.<\/p>\n","protected":false},"excerpt":{"rendered":"<p>PRAVNI ZAPISI \u2022 Year I \u2022 no. 1 \u2022 pp. 7\u201337 FRIEDRICH KARL VON SAVIGNY (1779-1861): LEBEN UND WERK EINES GROSSEN DEUTSCHEN JURISTEN Professor Dr. Dr. Dr. h.c.mult. Michael Martinek Universitat des Saarlandes, Saarbrucken, Deutschland\u00a0 . . . Pravni zapisi, no. 1\/2010, pp. 7-37 Original Scientific Article DOI: 10.5937\/pravzap1001007M ABSTRACT Friedrich Karl von Savigny \u2013 einer der gro\u00dfen deutschen Juristen und Wissenschaftstheoretiker Als Autor bedeutender Werke rechtswissen- schaftlicher Literatur, als Gelehrter und Lehrender ging er in die Anna- len der deutschen Wissenschaftsgeschichte ein. Rund 50 Jahre lang war es ihm verg\u00f6nnt, wissenschaftlich t\u00e4tig zu sein \u2013 eine Zeitspanne, w\u00e4hrend der [&hellip;]<\/p>\n","protected":false},"author":4,"featured_media":0,"parent":6321,"menu_order":0,"comment_status":"closed","ping_status":"closed","template":"template-article.php","meta":{"footnotes":""},"class_list":["post-7082","page","type-page","status-publish","hentry"],"yoast_head":"<!-- This site is optimized with the Yoast SEO plugin v27.1.1 - https:\/\/yoast.com\/product\/yoast-seo-wordpress\/ -->\n<title>- Pravni Zapisi<\/title>\n<meta name=\"robots\" content=\"index, follow, max-snippet:-1, max-image-preview:large, max-video-preview:-1\" \/>\n<link rel=\"canonical\" href=\"https:\/\/www.pravnizapisi.rs\/svi-brojevi\/pravni-zapisi-1-2010\/fridrih-karl-savinji-1779-1861-zivot-i-delo-velikog-nemackog-pravnika\/\" \/>\n<meta property=\"og:locale\" content=\"en_US\" \/>\n<meta property=\"og:type\" content=\"article\" \/>\n<meta property=\"og:title\" content=\"- Pravni Zapisi\" \/>\n<meta property=\"og:description\" content=\"PRAVNI ZAPISI \u2022 Year I \u2022 no. 1 \u2022 pp. 7\u201337 FRIEDRICH KARL VON SAVIGNY (1779-1861): LEBEN UND WERK EINES GROSSEN DEUTSCHEN JURISTEN Professor Dr. Dr. Dr. h.c.mult. Michael Martinek Universitat des Saarlandes, Saarbrucken, Deutschland\u00a0 . . . Pravni zapisi, no. 1\/2010, pp. 7-37 Original Scientific Article DOI: 10.5937\/pravzap1001007M ABSTRACT Friedrich Karl von Savigny \u2013 einer der gro\u00dfen deutschen Juristen und Wissenschaftstheoretiker Als Autor bedeutender Werke rechtswissen- schaftlicher Literatur, als Gelehrter und Lehrender ging er in die Anna- len der deutschen Wissenschaftsgeschichte ein. Rund 50 Jahre lang war es ihm verg\u00f6nnt, wissenschaftlich t\u00e4tig zu sein \u2013 eine Zeitspanne, w\u00e4hrend der [&hellip;]\" \/>\n<meta property=\"og:url\" content=\"https:\/\/www.pravnizapisi.rs\/svi-brojevi\/pravni-zapisi-1-2010\/fridrih-karl-savinji-1779-1861-zivot-i-delo-velikog-nemackog-pravnika\/\" \/>\n<meta property=\"og:site_name\" content=\"Pravni Zapisi\" \/>\n<meta property=\"article:modified_time\" content=\"2021-09-22T15:47:34+00:00\" \/>\n<meta property=\"og:image\" content=\"https:\/\/pravnizapisi.rs\/wp-content\/uploads\/2021\/03\/PngItem_278380-150x150.jpg\" \/>\n<meta name=\"twitter:card\" content=\"summary_large_image\" \/>\n<meta name=\"twitter:label1\" content=\"Est. reading time\" \/>\n\t<meta name=\"twitter:data1\" content=\"2 minutes\" \/>\n<script type=\"application\/ld+json\" class=\"yoast-schema-graph\">{\"@context\":\"https:\/\/schema.org\",\"@graph\":[{\"@type\":\"WebPage\",\"@id\":\"https:\/\/www.pravnizapisi.rs\/svi-brojevi\/pravni-zapisi-1-2010\/fridrih-karl-savinji-1779-1861-zivot-i-delo-velikog-nemackog-pravnika\/\",\"url\":\"https:\/\/www.pravnizapisi.rs\/svi-brojevi\/pravni-zapisi-1-2010\/fridrih-karl-savinji-1779-1861-zivot-i-delo-velikog-nemackog-pravnika\/\",\"name\":\"- Pravni Zapisi\",\"isPartOf\":{\"@id\":\"https:\/\/pravnizapisi.rs\/#website\"},\"primaryImageOfPage\":{\"@id\":\"https:\/\/www.pravnizapisi.rs\/svi-brojevi\/pravni-zapisi-1-2010\/fridrih-karl-savinji-1779-1861-zivot-i-delo-velikog-nemackog-pravnika\/#primaryimage\"},\"image\":{\"@id\":\"https:\/\/www.pravnizapisi.rs\/svi-brojevi\/pravni-zapisi-1-2010\/fridrih-karl-savinji-1779-1861-zivot-i-delo-velikog-nemackog-pravnika\/#primaryimage\"},\"thumbnailUrl\":\"https:\/\/pravnizapisi.rs\/wp-content\/uploads\/2021\/03\/PngItem_278380-150x150.jpg\",\"datePublished\":\"2021-04-21T17:10:23+00:00\",\"dateModified\":\"2021-09-22T15:47:34+00:00\",\"breadcrumb\":{\"@id\":\"https:\/\/www.pravnizapisi.rs\/svi-brojevi\/pravni-zapisi-1-2010\/fridrih-karl-savinji-1779-1861-zivot-i-delo-velikog-nemackog-pravnika\/#breadcrumb\"},\"inLanguage\":\"en-US\",\"potentialAction\":[{\"@type\":\"ReadAction\",\"target\":[\"https:\/\/www.pravnizapisi.rs\/svi-brojevi\/pravni-zapisi-1-2010\/fridrih-karl-savinji-1779-1861-zivot-i-delo-velikog-nemackog-pravnika\/\"]}]},{\"@type\":\"ImageObject\",\"inLanguage\":\"en-US\",\"@id\":\"https:\/\/www.pravnizapisi.rs\/svi-brojevi\/pravni-zapisi-1-2010\/fridrih-karl-savinji-1779-1861-zivot-i-delo-velikog-nemackog-pravnika\/#primaryimage\",\"url\":\"https:\/\/pravnizapisi.rs\/wp-content\/uploads\/2021\/03\/PngItem_278380-150x150.jpg\",\"contentUrl\":\"https:\/\/pravnizapisi.rs\/wp-content\/uploads\/2021\/03\/PngItem_278380-150x150.jpg\"},{\"@type\":\"BreadcrumbList\",\"@id\":\"https:\/\/www.pravnizapisi.rs\/svi-brojevi\/pravni-zapisi-1-2010\/fridrih-karl-savinji-1779-1861-zivot-i-delo-velikog-nemackog-pravnika\/#breadcrumb\",\"itemListElement\":[{\"@type\":\"ListItem\",\"position\":1,\"name\":\"\u041f\u043e\u0447\u0435\u0442\u043d\u0430\",\"item\":\"https:\/\/www.pravnizapisi.rs\/en\/\"},{\"@type\":\"ListItem\",\"position\":2,\"name\":\"Issues\",\"item\":\"https:\/\/www.pravnizapisi.rs\/svi-brojevi\/\"},{\"@type\":\"ListItem\",\"position\":3,\"name\":\"Pravni zapisi 1\/2010\",\"item\":\"https:\/\/www.pravnizapisi.rs\/svi-brojevi\/pravni-zapisi-1-2010\/\"}]},{\"@type\":\"WebSite\",\"@id\":\"https:\/\/pravnizapisi.rs\/#website\",\"url\":\"https:\/\/pravnizapisi.rs\/\",\"name\":\"Pravni Zapisi\",\"description\":\"\",\"publisher\":{\"@id\":\"https:\/\/pravnizapisi.rs\/#organization\"},\"potentialAction\":[{\"@type\":\"SearchAction\",\"target\":{\"@type\":\"EntryPoint\",\"urlTemplate\":\"https:\/\/pravnizapisi.rs\/?s={search_term_string}\"},\"query-input\":{\"@type\":\"PropertyValueSpecification\",\"valueRequired\":true,\"valueName\":\"search_term_string\"}}],\"inLanguage\":\"en-US\"},{\"@type\":\"Organization\",\"@id\":\"https:\/\/pravnizapisi.rs\/#organization\",\"name\":\"Pravni Zapisi\",\"url\":\"https:\/\/pravnizapisi.rs\/\",\"logo\":{\"@type\":\"ImageObject\",\"inLanguage\":\"en-US\",\"@id\":\"https:\/\/pravnizapisi.rs\/#\/schema\/logo\/image\/\",\"url\":\"https:\/\/www.pravnizapisi.rs\/wp-content\/uploads\/2019\/11\/cropped-Header-logo-srb-1-1.jpg\",\"contentUrl\":\"https:\/\/www.pravnizapisi.rs\/wp-content\/uploads\/2019\/11\/cropped-Header-logo-srb-1-1.jpg\",\"width\":580,\"height\":80,\"caption\":\"Pravni Zapisi\"},\"image\":{\"@id\":\"https:\/\/pravnizapisi.rs\/#\/schema\/logo\/image\/\"}}]}<\/script>\n<!-- \/ Yoast SEO plugin. -->","yoast_head_json":{"title":"- Pravni Zapisi","robots":{"index":"index","follow":"follow","max-snippet":"max-snippet:-1","max-image-preview":"max-image-preview:large","max-video-preview":"max-video-preview:-1"},"canonical":"https:\/\/www.pravnizapisi.rs\/svi-brojevi\/pravni-zapisi-1-2010\/fridrih-karl-savinji-1779-1861-zivot-i-delo-velikog-nemackog-pravnika\/","og_locale":"en_US","og_type":"article","og_title":"- Pravni Zapisi","og_description":"PRAVNI ZAPISI \u2022 Year I \u2022 no. 1 \u2022 pp. 7\u201337 FRIEDRICH KARL VON SAVIGNY (1779-1861): LEBEN UND WERK EINES GROSSEN DEUTSCHEN JURISTEN Professor Dr. Dr. Dr. h.c.mult. Michael Martinek Universitat des Saarlandes, Saarbrucken, Deutschland\u00a0 . . . Pravni zapisi, no. 1\/2010, pp. 7-37 Original Scientific Article DOI: 10.5937\/pravzap1001007M ABSTRACT Friedrich Karl von Savigny \u2013 einer der gro\u00dfen deutschen Juristen und Wissenschaftstheoretiker Als Autor bedeutender Werke rechtswissen- schaftlicher Literatur, als Gelehrter und Lehrender ging er in die Anna- len der deutschen Wissenschaftsgeschichte ein. Rund 50 Jahre lang war es ihm verg\u00f6nnt, wissenschaftlich t\u00e4tig zu sein \u2013 eine Zeitspanne, w\u00e4hrend der [&hellip;]","og_url":"https:\/\/www.pravnizapisi.rs\/svi-brojevi\/pravni-zapisi-1-2010\/fridrih-karl-savinji-1779-1861-zivot-i-delo-velikog-nemackog-pravnika\/","og_site_name":"Pravni Zapisi","article_modified_time":"2021-09-22T15:47:34+00:00","og_image":[{"url":"https:\/\/pravnizapisi.rs\/wp-content\/uploads\/2021\/03\/PngItem_278380-150x150.jpg","type":"","width":"","height":""}],"twitter_card":"summary_large_image","twitter_misc":{"Est. reading time":"2 minutes"},"schema":{"@context":"https:\/\/schema.org","@graph":[{"@type":"WebPage","@id":"https:\/\/www.pravnizapisi.rs\/svi-brojevi\/pravni-zapisi-1-2010\/fridrih-karl-savinji-1779-1861-zivot-i-delo-velikog-nemackog-pravnika\/","url":"https:\/\/www.pravnizapisi.rs\/svi-brojevi\/pravni-zapisi-1-2010\/fridrih-karl-savinji-1779-1861-zivot-i-delo-velikog-nemackog-pravnika\/","name":"- Pravni Zapisi","isPartOf":{"@id":"https:\/\/pravnizapisi.rs\/#website"},"primaryImageOfPage":{"@id":"https:\/\/www.pravnizapisi.rs\/svi-brojevi\/pravni-zapisi-1-2010\/fridrih-karl-savinji-1779-1861-zivot-i-delo-velikog-nemackog-pravnika\/#primaryimage"},"image":{"@id":"https:\/\/www.pravnizapisi.rs\/svi-brojevi\/pravni-zapisi-1-2010\/fridrih-karl-savinji-1779-1861-zivot-i-delo-velikog-nemackog-pravnika\/#primaryimage"},"thumbnailUrl":"https:\/\/pravnizapisi.rs\/wp-content\/uploads\/2021\/03\/PngItem_278380-150x150.jpg","datePublished":"2021-04-21T17:10:23+00:00","dateModified":"2021-09-22T15:47:34+00:00","breadcrumb":{"@id":"https:\/\/www.pravnizapisi.rs\/svi-brojevi\/pravni-zapisi-1-2010\/fridrih-karl-savinji-1779-1861-zivot-i-delo-velikog-nemackog-pravnika\/#breadcrumb"},"inLanguage":"en-US","potentialAction":[{"@type":"ReadAction","target":["https:\/\/www.pravnizapisi.rs\/svi-brojevi\/pravni-zapisi-1-2010\/fridrih-karl-savinji-1779-1861-zivot-i-delo-velikog-nemackog-pravnika\/"]}]},{"@type":"ImageObject","inLanguage":"en-US","@id":"https:\/\/www.pravnizapisi.rs\/svi-brojevi\/pravni-zapisi-1-2010\/fridrih-karl-savinji-1779-1861-zivot-i-delo-velikog-nemackog-pravnika\/#primaryimage","url":"https:\/\/pravnizapisi.rs\/wp-content\/uploads\/2021\/03\/PngItem_278380-150x150.jpg","contentUrl":"https:\/\/pravnizapisi.rs\/wp-content\/uploads\/2021\/03\/PngItem_278380-150x150.jpg"},{"@type":"BreadcrumbList","@id":"https:\/\/www.pravnizapisi.rs\/svi-brojevi\/pravni-zapisi-1-2010\/fridrih-karl-savinji-1779-1861-zivot-i-delo-velikog-nemackog-pravnika\/#breadcrumb","itemListElement":[{"@type":"ListItem","position":1,"name":"\u041f\u043e\u0447\u0435\u0442\u043d\u0430","item":"https:\/\/www.pravnizapisi.rs\/en\/"},{"@type":"ListItem","position":2,"name":"Issues","item":"https:\/\/www.pravnizapisi.rs\/svi-brojevi\/"},{"@type":"ListItem","position":3,"name":"Pravni zapisi 1\/2010","item":"https:\/\/www.pravnizapisi.rs\/svi-brojevi\/pravni-zapisi-1-2010\/"}]},{"@type":"WebSite","@id":"https:\/\/pravnizapisi.rs\/#website","url":"https:\/\/pravnizapisi.rs\/","name":"Pravni Zapisi","description":"","publisher":{"@id":"https:\/\/pravnizapisi.rs\/#organization"},"potentialAction":[{"@type":"SearchAction","target":{"@type":"EntryPoint","urlTemplate":"https:\/\/pravnizapisi.rs\/?s={search_term_string}"},"query-input":{"@type":"PropertyValueSpecification","valueRequired":true,"valueName":"search_term_string"}}],"inLanguage":"en-US"},{"@type":"Organization","@id":"https:\/\/pravnizapisi.rs\/#organization","name":"Pravni Zapisi","url":"https:\/\/pravnizapisi.rs\/","logo":{"@type":"ImageObject","inLanguage":"en-US","@id":"https:\/\/pravnizapisi.rs\/#\/schema\/logo\/image\/","url":"https:\/\/www.pravnizapisi.rs\/wp-content\/uploads\/2019\/11\/cropped-Header-logo-srb-1-1.jpg","contentUrl":"https:\/\/www.pravnizapisi.rs\/wp-content\/uploads\/2019\/11\/cropped-Header-logo-srb-1-1.jpg","width":580,"height":80,"caption":"Pravni Zapisi"},"image":{"@id":"https:\/\/pravnizapisi.rs\/#\/schema\/logo\/image\/"}}]}},"_links":{"self":[{"href":"https:\/\/www.pravnizapisi.rs\/en\/wp-json\/wp\/v2\/pages\/7082","targetHints":{"allow":["GET"]}}],"collection":[{"href":"https:\/\/www.pravnizapisi.rs\/en\/wp-json\/wp\/v2\/pages"}],"about":[{"href":"https:\/\/www.pravnizapisi.rs\/en\/wp-json\/wp\/v2\/types\/page"}],"author":[{"embeddable":true,"href":"https:\/\/www.pravnizapisi.rs\/en\/wp-json\/wp\/v2\/users\/4"}],"replies":[{"embeddable":true,"href":"https:\/\/www.pravnizapisi.rs\/en\/wp-json\/wp\/v2\/comments?post=7082"}],"version-history":[{"count":0,"href":"https:\/\/www.pravnizapisi.rs\/en\/wp-json\/wp\/v2\/pages\/7082\/revisions"}],"up":[{"embeddable":true,"href":"https:\/\/www.pravnizapisi.rs\/en\/wp-json\/wp\/v2\/pages\/6321"}],"wp:attachment":[{"href":"https:\/\/www.pravnizapisi.rs\/en\/wp-json\/wp\/v2\/media?parent=7082"}],"curies":[{"name":"wp","href":"https:\/\/api.w.org\/{rel}","templated":true}]}}