{"id":7140,"date":"2021-04-22T09:16:20","date_gmt":"2021-04-22T09:16:20","guid":{"rendered":"http:\/\/pravnizapisi.rs\/?page_id=7140"},"modified":"2021-09-22T15:54:07","modified_gmt":"2021-09-22T15:54:07","slug":"7140-2","status":"publish","type":"page","link":"https:\/\/www.pravnizapisi.rs\/en\/issues\/1-2010\/7140-2\/","title":{"rendered":""},"content":{"rendered":"<p style=\"text-align: center;\">PRAVNI ZAPISI \u2022 Year I \u2022 No. 1 \u2022 pp. 119-138<\/p>\n<h3><strong>ON THE QUALITY OF RECENT CIVIL LAW LEGISLATION IN SERBIA<\/strong><\/h3>\n<figure id=\"attachment_7055\" aria-describedby=\"caption-attachment-7055\" style=\"width: 95px\" class=\"wp-caption alignright\"><a href=\"https:\/\/pravnizapisi.rs\/wp-content\/uploads\/issues\/1-2010\/Milos_Zivkovic_O_KVALITETU_NOVIJIH.pdf\"><img loading=\"lazy\" decoding=\"async\" class=\"wp-image-7056\" src=\"https:\/\/pravnizapisi.rs\/wp-content\/uploads\/2021\/03\/PngItem_278380-150x150.jpg\" alt=\"\" width=\"95\" height=\"95\" \/><\/a><figcaption id=\"caption-attachment-7055\" class=\"wp-caption-text\">Language: Serbian<\/figcaption><\/figure>\n<h4 style=\"text-align: justify;\"><strong>Dr Milo\u0161 \u017divkovi\u0107<br \/>\n<\/strong>Asistent, Pravni Fakultet Univerziteta u Beogradu<\/h4>\n<p><span style=\"color: #ffffff;\">.<\/span><\/p>\n<p><span style=\"color: #ffffff;\">.<\/span><\/p>\n<p><span style=\"color: #ffffff;\">.<\/span><\/p>\n<p>Pravni zapisi, No. 1\/2010, pp. 119-138<\/p>\n<p>Original Scientific Article<\/p>\n<p style=\"text-align: justify;\"><strong>DOI<\/strong>: <a href=\"https:\/\/scindeks.ceon.rs\/article.aspx?query=ISSID%26and%2614958&amp;page=4&amp;sort=8&amp;stype=0&amp;backurl=%2fissue.aspx%3fissue%3d14958%26lang%3den&amp;lang=en\">10.5937\/pravzap1001119Q<\/a><\/p>\n<p style=\"text-align: justify;\"><span style=\"text-decoration: underline;\"><strong>KEY WORDS<\/strong><br \/>\n<\/span>Systematic compliance, civil law, civil law regulations.<\/p>\n<p style=\"text-align: justify;\"><span style=\"text-decoration: underline;\"><strong>ABSTRACT<\/strong><br \/>\n<\/span>As Serbia does not have a civil law codification, one of the specific challenges in adoption of civil law legislation, especially in parts of civil law which are not regulated by specific codifications, is to preserve a systemic approach to civil law legislation. A systemic approach stands for insist- ence on all civil law legislation being mutually and internally compliant and, other than in absolutely necessary, no exemptions from certain gen- eral rules and principles determined in the civil law doctrine. Such an ap- proach is a typical feature of the continental European legal circle and has numerous advantages which come down to a high level of legal certainty. Analysis of certain provisions of the Law on Registered Pledges on Mov- able Assets (provisions on excerpts from the Pledges Registry as an execu- tive document), Law on Mortgage (provisions on the right of the creditor to sell the mortgaged asset out of court in his\/her own right), Law on Real Estate Transaction (provisions on prohibition of verification of a contract on real estate transaction if the same assigner has already concluded such a contract) and Law on State Survey and Cadastre (provisions on what is entered into the registry as immovables, i.e. what an immovable asset is), clearly shows that a systemic approach in civil law regulation, and more concretely property law, was completely neglected in newer civil law leg- islation and, further on, that such a neglect is one of the reasons for prob- lems in practical implementation of legislation. Emphasising that the best way to overcome this problem is a codification, primarily for the nowa- days not codified property law, this work suggests the establishment of an expert body which would, until the codification is adopted, have a task to monitor legislative procedure and ensure the systemic compliance of drafts of different civil law legislation.<\/p>\n","protected":false},"excerpt":{"rendered":"<p>PRAVNI ZAPISI \u2022 Year I \u2022 No. 1 \u2022 pp. 119-138 ON THE QUALITY OF RECENT CIVIL LAW LEGISLATION IN SERBIA Dr Milo\u0161 \u017divkovi\u0107 Asistent, Pravni Fakultet Univerziteta u Beogradu . . . Pravni zapisi, No. 1\/2010, pp. 119-138 Original Scientific Article DOI: 10.5937\/pravzap1001119Q KEY WORDS Systematic compliance, civil law, civil law regulations. ABSTRACT As Serbia does not have a civil law codification, one of the specific challenges in adoption of civil law legislation, especially in parts of civil law which are not regulated by specific codifications, is to preserve a systemic approach to civil law legislation. A systemic approach [&hellip;]<\/p>\n","protected":false},"author":4,"featured_media":0,"parent":6321,"menu_order":0,"comment_status":"closed","ping_status":"closed","template":"template-article.php","meta":{"footnotes":""},"class_list":["post-7140","page","type-page","status-publish","hentry"],"yoast_head":"<!-- This site is optimized with the Yoast SEO plugin v27.1.1 - https:\/\/yoast.com\/product\/yoast-seo-wordpress\/ -->\n<title>- Pravni Zapisi<\/title>\n<meta name=\"robots\" content=\"index, follow, max-snippet:-1, max-image-preview:large, max-video-preview:-1\" \/>\n<link rel=\"canonical\" href=\"https:\/\/www.pravnizapisi.rs\/svi-brojevi\/pravni-zapisi-1-2010\/7138-2\/\" \/>\n<meta property=\"og:locale\" content=\"en_US\" \/>\n<meta property=\"og:type\" content=\"article\" \/>\n<meta property=\"og:title\" content=\"- Pravni Zapisi\" \/>\n<meta property=\"og:description\" content=\"PRAVNI ZAPISI \u2022 Year I \u2022 No. 1 \u2022 pp. 119-138 ON THE QUALITY OF RECENT CIVIL LAW LEGISLATION IN SERBIA Dr Milo\u0161 \u017divkovi\u0107 Asistent, Pravni Fakultet Univerziteta u Beogradu . . . Pravni zapisi, No. 1\/2010, pp. 119-138 Original Scientific Article DOI: 10.5937\/pravzap1001119Q KEY WORDS Systematic compliance, civil law, civil law regulations. ABSTRACT As Serbia does not have a civil law codification, one of the specific challenges in adoption of civil law legislation, especially in parts of civil law which are not regulated by specific codifications, is to preserve a systemic approach to civil law legislation. A systemic approach [&hellip;]\" \/>\n<meta property=\"og:url\" content=\"https:\/\/www.pravnizapisi.rs\/svi-brojevi\/pravni-zapisi-1-2010\/7138-2\/\" \/>\n<meta property=\"og:site_name\" content=\"Pravni Zapisi\" \/>\n<meta property=\"article:modified_time\" content=\"2021-09-22T15:54:07+00:00\" \/>\n<meta property=\"og:image\" content=\"https:\/\/pravnizapisi.rs\/wp-content\/uploads\/2021\/03\/PngItem_278380-150x150.jpg\" \/>\n<meta name=\"twitter:card\" content=\"summary_large_image\" \/>\n<meta name=\"twitter:label1\" content=\"Est. reading time\" \/>\n\t<meta name=\"twitter:data1\" content=\"2 minutes\" \/>\n<script type=\"application\/ld+json\" class=\"yoast-schema-graph\">{\"@context\":\"https:\/\/schema.org\",\"@graph\":[{\"@type\":\"WebPage\",\"@id\":\"https:\/\/www.pravnizapisi.rs\/svi-brojevi\/pravni-zapisi-1-2010\/7138-2\/\",\"url\":\"https:\/\/www.pravnizapisi.rs\/svi-brojevi\/pravni-zapisi-1-2010\/7138-2\/\",\"name\":\"- Pravni Zapisi\",\"isPartOf\":{\"@id\":\"https:\/\/pravnizapisi.rs\/#website\"},\"primaryImageOfPage\":{\"@id\":\"https:\/\/www.pravnizapisi.rs\/svi-brojevi\/pravni-zapisi-1-2010\/7138-2\/#primaryimage\"},\"image\":{\"@id\":\"https:\/\/www.pravnizapisi.rs\/svi-brojevi\/pravni-zapisi-1-2010\/7138-2\/#primaryimage\"},\"thumbnailUrl\":\"https:\/\/pravnizapisi.rs\/wp-content\/uploads\/2021\/03\/PngItem_278380-150x150.jpg\",\"datePublished\":\"2021-04-22T09:16:20+00:00\",\"dateModified\":\"2021-09-22T15:54:07+00:00\",\"breadcrumb\":{\"@id\":\"https:\/\/www.pravnizapisi.rs\/svi-brojevi\/pravni-zapisi-1-2010\/7138-2\/#breadcrumb\"},\"inLanguage\":\"en-US\",\"potentialAction\":[{\"@type\":\"ReadAction\",\"target\":[\"https:\/\/www.pravnizapisi.rs\/svi-brojevi\/pravni-zapisi-1-2010\/7138-2\/\"]}]},{\"@type\":\"ImageObject\",\"inLanguage\":\"en-US\",\"@id\":\"https:\/\/www.pravnizapisi.rs\/svi-brojevi\/pravni-zapisi-1-2010\/7138-2\/#primaryimage\",\"url\":\"https:\/\/pravnizapisi.rs\/wp-content\/uploads\/2021\/03\/PngItem_278380-150x150.jpg\",\"contentUrl\":\"https:\/\/pravnizapisi.rs\/wp-content\/uploads\/2021\/03\/PngItem_278380-150x150.jpg\"},{\"@type\":\"BreadcrumbList\",\"@id\":\"https:\/\/www.pravnizapisi.rs\/svi-brojevi\/pravni-zapisi-1-2010\/7138-2\/#breadcrumb\",\"itemListElement\":[{\"@type\":\"ListItem\",\"position\":1,\"name\":\"\u041f\u043e\u0447\u0435\u0442\u043d\u0430\",\"item\":\"https:\/\/www.pravnizapisi.rs\/en\/\"},{\"@type\":\"ListItem\",\"position\":2,\"name\":\"Issues\",\"item\":\"https:\/\/www.pravnizapisi.rs\/svi-brojevi\/\"},{\"@type\":\"ListItem\",\"position\":3,\"name\":\"Pravni zapisi 1\/2010\",\"item\":\"https:\/\/www.pravnizapisi.rs\/svi-brojevi\/pravni-zapisi-1-2010\/\"}]},{\"@type\":\"WebSite\",\"@id\":\"https:\/\/pravnizapisi.rs\/#website\",\"url\":\"https:\/\/pravnizapisi.rs\/\",\"name\":\"Pravni Zapisi\",\"description\":\"\",\"publisher\":{\"@id\":\"https:\/\/pravnizapisi.rs\/#organization\"},\"potentialAction\":[{\"@type\":\"SearchAction\",\"target\":{\"@type\":\"EntryPoint\",\"urlTemplate\":\"https:\/\/pravnizapisi.rs\/?s={search_term_string}\"},\"query-input\":{\"@type\":\"PropertyValueSpecification\",\"valueRequired\":true,\"valueName\":\"search_term_string\"}}],\"inLanguage\":\"en-US\"},{\"@type\":\"Organization\",\"@id\":\"https:\/\/pravnizapisi.rs\/#organization\",\"name\":\"Pravni Zapisi\",\"url\":\"https:\/\/pravnizapisi.rs\/\",\"logo\":{\"@type\":\"ImageObject\",\"inLanguage\":\"en-US\",\"@id\":\"https:\/\/pravnizapisi.rs\/#\/schema\/logo\/image\/\",\"url\":\"https:\/\/www.pravnizapisi.rs\/wp-content\/uploads\/2019\/11\/cropped-Header-logo-srb-1-1.jpg\",\"contentUrl\":\"https:\/\/www.pravnizapisi.rs\/wp-content\/uploads\/2019\/11\/cropped-Header-logo-srb-1-1.jpg\",\"width\":580,\"height\":80,\"caption\":\"Pravni Zapisi\"},\"image\":{\"@id\":\"https:\/\/pravnizapisi.rs\/#\/schema\/logo\/image\/\"}}]}<\/script>\n<!-- \/ Yoast SEO plugin. -->","yoast_head_json":{"title":"- Pravni Zapisi","robots":{"index":"index","follow":"follow","max-snippet":"max-snippet:-1","max-image-preview":"max-image-preview:large","max-video-preview":"max-video-preview:-1"},"canonical":"https:\/\/www.pravnizapisi.rs\/svi-brojevi\/pravni-zapisi-1-2010\/7138-2\/","og_locale":"en_US","og_type":"article","og_title":"- Pravni Zapisi","og_description":"PRAVNI ZAPISI \u2022 Year I \u2022 No. 1 \u2022 pp. 119-138 ON THE QUALITY OF RECENT CIVIL LAW LEGISLATION IN SERBIA Dr Milo\u0161 \u017divkovi\u0107 Asistent, Pravni Fakultet Univerziteta u Beogradu . . . Pravni zapisi, No. 1\/2010, pp. 119-138 Original Scientific Article DOI: 10.5937\/pravzap1001119Q KEY WORDS Systematic compliance, civil law, civil law regulations. ABSTRACT As Serbia does not have a civil law codification, one of the specific challenges in adoption of civil law legislation, especially in parts of civil law which are not regulated by specific codifications, is to preserve a systemic approach to civil law legislation. A systemic approach [&hellip;]","og_url":"https:\/\/www.pravnizapisi.rs\/svi-brojevi\/pravni-zapisi-1-2010\/7138-2\/","og_site_name":"Pravni Zapisi","article_modified_time":"2021-09-22T15:54:07+00:00","og_image":[{"url":"https:\/\/pravnizapisi.rs\/wp-content\/uploads\/2021\/03\/PngItem_278380-150x150.jpg","type":"","width":"","height":""}],"twitter_card":"summary_large_image","twitter_misc":{"Est. reading time":"2 minutes"},"schema":{"@context":"https:\/\/schema.org","@graph":[{"@type":"WebPage","@id":"https:\/\/www.pravnizapisi.rs\/svi-brojevi\/pravni-zapisi-1-2010\/7138-2\/","url":"https:\/\/www.pravnizapisi.rs\/svi-brojevi\/pravni-zapisi-1-2010\/7138-2\/","name":"- Pravni Zapisi","isPartOf":{"@id":"https:\/\/pravnizapisi.rs\/#website"},"primaryImageOfPage":{"@id":"https:\/\/www.pravnizapisi.rs\/svi-brojevi\/pravni-zapisi-1-2010\/7138-2\/#primaryimage"},"image":{"@id":"https:\/\/www.pravnizapisi.rs\/svi-brojevi\/pravni-zapisi-1-2010\/7138-2\/#primaryimage"},"thumbnailUrl":"https:\/\/pravnizapisi.rs\/wp-content\/uploads\/2021\/03\/PngItem_278380-150x150.jpg","datePublished":"2021-04-22T09:16:20+00:00","dateModified":"2021-09-22T15:54:07+00:00","breadcrumb":{"@id":"https:\/\/www.pravnizapisi.rs\/svi-brojevi\/pravni-zapisi-1-2010\/7138-2\/#breadcrumb"},"inLanguage":"en-US","potentialAction":[{"@type":"ReadAction","target":["https:\/\/www.pravnizapisi.rs\/svi-brojevi\/pravni-zapisi-1-2010\/7138-2\/"]}]},{"@type":"ImageObject","inLanguage":"en-US","@id":"https:\/\/www.pravnizapisi.rs\/svi-brojevi\/pravni-zapisi-1-2010\/7138-2\/#primaryimage","url":"https:\/\/pravnizapisi.rs\/wp-content\/uploads\/2021\/03\/PngItem_278380-150x150.jpg","contentUrl":"https:\/\/pravnizapisi.rs\/wp-content\/uploads\/2021\/03\/PngItem_278380-150x150.jpg"},{"@type":"BreadcrumbList","@id":"https:\/\/www.pravnizapisi.rs\/svi-brojevi\/pravni-zapisi-1-2010\/7138-2\/#breadcrumb","itemListElement":[{"@type":"ListItem","position":1,"name":"\u041f\u043e\u0447\u0435\u0442\u043d\u0430","item":"https:\/\/www.pravnizapisi.rs\/en\/"},{"@type":"ListItem","position":2,"name":"Issues","item":"https:\/\/www.pravnizapisi.rs\/svi-brojevi\/"},{"@type":"ListItem","position":3,"name":"Pravni zapisi 1\/2010","item":"https:\/\/www.pravnizapisi.rs\/svi-brojevi\/pravni-zapisi-1-2010\/"}]},{"@type":"WebSite","@id":"https:\/\/pravnizapisi.rs\/#website","url":"https:\/\/pravnizapisi.rs\/","name":"Pravni Zapisi","description":"","publisher":{"@id":"https:\/\/pravnizapisi.rs\/#organization"},"potentialAction":[{"@type":"SearchAction","target":{"@type":"EntryPoint","urlTemplate":"https:\/\/pravnizapisi.rs\/?s={search_term_string}"},"query-input":{"@type":"PropertyValueSpecification","valueRequired":true,"valueName":"search_term_string"}}],"inLanguage":"en-US"},{"@type":"Organization","@id":"https:\/\/pravnizapisi.rs\/#organization","name":"Pravni Zapisi","url":"https:\/\/pravnizapisi.rs\/","logo":{"@type":"ImageObject","inLanguage":"en-US","@id":"https:\/\/pravnizapisi.rs\/#\/schema\/logo\/image\/","url":"https:\/\/www.pravnizapisi.rs\/wp-content\/uploads\/2019\/11\/cropped-Header-logo-srb-1-1.jpg","contentUrl":"https:\/\/www.pravnizapisi.rs\/wp-content\/uploads\/2019\/11\/cropped-Header-logo-srb-1-1.jpg","width":580,"height":80,"caption":"Pravni Zapisi"},"image":{"@id":"https:\/\/pravnizapisi.rs\/#\/schema\/logo\/image\/"}}]}},"_links":{"self":[{"href":"https:\/\/www.pravnizapisi.rs\/en\/wp-json\/wp\/v2\/pages\/7140","targetHints":{"allow":["GET"]}}],"collection":[{"href":"https:\/\/www.pravnizapisi.rs\/en\/wp-json\/wp\/v2\/pages"}],"about":[{"href":"https:\/\/www.pravnizapisi.rs\/en\/wp-json\/wp\/v2\/types\/page"}],"author":[{"embeddable":true,"href":"https:\/\/www.pravnizapisi.rs\/en\/wp-json\/wp\/v2\/users\/4"}],"replies":[{"embeddable":true,"href":"https:\/\/www.pravnizapisi.rs\/en\/wp-json\/wp\/v2\/comments?post=7140"}],"version-history":[{"count":0,"href":"https:\/\/www.pravnizapisi.rs\/en\/wp-json\/wp\/v2\/pages\/7140\/revisions"}],"up":[{"embeddable":true,"href":"https:\/\/www.pravnizapisi.rs\/en\/wp-json\/wp\/v2\/pages\/6321"}],"wp:attachment":[{"href":"https:\/\/www.pravnizapisi.rs\/en\/wp-json\/wp\/v2\/media?parent=7140"}],"curies":[{"name":"wp","href":"https:\/\/api.w.org\/{rel}","templated":true}]}}