{"id":7183,"date":"2021-04-22T10:32:07","date_gmt":"2021-04-22T10:32:07","guid":{"rendered":"http:\/\/pravnizapisi.rs\/?page_id=7183"},"modified":"2021-09-22T16:02:22","modified_gmt":"2021-09-22T16:02:22","slug":"7183-2","status":"publish","type":"page","link":"https:\/\/www.pravnizapisi.rs\/en\/issues\/issues-2-2010\/7183-2\/","title":{"rendered":""},"content":{"rendered":"<p style=\"text-align: center;\">PRAVNI ZAPISI \u2022 Year I \u2022 No. 2 \u2022 pp. 364-389<\/p>\n<h3><strong>MINDERHEITENSPRACHEN IN EINEM PROZESS IN SERBIEN<\/strong><\/h3>\n<figure id=\"attachment_7055\" aria-describedby=\"caption-attachment-7055\" style=\"width: 95px\" class=\"wp-caption alignright\"><a href=\"https:\/\/pravnizapisi.rs\/wp-content\/uploads\/issues\/2-2010\/Nada_Bakic_MINDERHEITENSPRACHEN_IN_EINEM.pdf\"><img loading=\"lazy\" decoding=\"async\" class=\"wp-image-7056\" src=\"https:\/\/pravnizapisi.rs\/wp-content\/uploads\/2021\/03\/PngItem_278380-150x150.jpg\" alt=\"\" width=\"95\" height=\"95\" \/><\/a><figcaption id=\"caption-attachment-7055\" class=\"wp-caption-text\">Language: German<\/figcaption><\/figure>\n<h4 style=\"text-align: justify;\"><strong>Dr. iur. LLM (Freiburg) Baki\u0107 Nada<br \/><\/strong>Rechtswissenschaftliche Fakult\u00e4t Luzern, Schweiz, Switzerland<\/h4>\n<p><span style=\"color: #ffffff;\">.<\/span><\/p>\n<p><span style=\"color: #ffffff;\">.<\/span><\/p>\n<p><span style=\"color: #ffffff;\">.<\/span><\/p>\n<p>Pravni zapisi, No. 2\/2010, pp. 364-389<\/p>\n<p>Original Scientific Article<\/p>\n<p style=\"text-align: justify;\"><strong>DOI<\/strong>: <a href=\"https:\/\/scindeks.ceon.rs\/article.aspx?query=ISSID%26and%2614970&amp;page=2&amp;sort=8&amp;stype=0&amp;backurl=%2fissue.aspx%3fissue%3d14970%26lang%3den&amp;lang=en\">10.5937\/pravzap1002364X<\/a><\/p>\n<p style=\"text-align: justify;\"><span style=\"text-decoration: underline;\"><strong>KEY WORDS<\/strong><br \/><\/span>Amtssprachen; faires Verfahren; Identit\u00e4t; Minderheit; Minderheitensprachen; Personalit\u00e4tsprinzip; Prozess; Sprache; Sprachenrecht; Territorialit\u00e4tsprinzip; \u00dcbersetzung; Verfassung<\/p>\n<p style=\"text-align: justify;\"><span style=\"text-decoration: underline;\"><strong>ABSTRACT<\/strong><br \/><\/span>In Serbien herrschen unklare verfassungsrechtliche Sprachenbestimmun- gen, eine sprachlich \u00e4u\u00dferst heterogene Bev\u00f6lkerung und eine komplizierte gesetzli- che Ausgestaltung der Mehrsprachigkeit, welche eine gro\u00dfe Rechtsunsicherheit zur Folge haben. Die Verfassungsbestimmungen bez\u00fcglich der Sprachen der Minderhei- ten sind sowohl inhaltlich als auch rechtstechnisch ungl\u00fccklich formuliert. Bei einer Vielzahl dieser Bestimmungen sind gro\u00dfe Anstrengungen n\u00f6tig, um ihren Zweck und ihr Ziel zu erkennen, sie stimmig auszulegen und miteinander in Einklang zu bringen. In Serbien versuchte man, die gesellschaftliche Mehrsprachigkeit wirklich- keitsgetreu auf die institutionelle Ebene zu \u00fcbertragen, was zur Folge hatte, dass komplizierte und kostenintensive Regelungen geschaffen wurden. Dadurch ist die institutionelle Ausgestaltung der Mehrsprachigkeit zu Ballast f\u00fcr den Staat gewor- den und bietet Konfliktpotenzial.<\/p>\n<p style=\"text-align: justify;\">Die sprachliche Zusammensetzung der serbischen Bev\u00f6lkerung ist kompliziert; dieser Umstand muss bei der Regelung der Mehrsprachigkeit ber\u00fccksichtigt werden. Durch die Sprachnormen muss die sprachliche Situation institutionell vereinfacht werden, um ein ordnungsgem\u00e4\u00dfes Funktionieren des Staates trotz der sprachlichen Vielfalt zu erm\u00f6glichen \u2013 alle Sprachnormen m\u00fcssen anhand abw\u00e4gender \u00dcberle- gungen erfolgen.<\/p>\n<p style=\"text-align: justify;\">Die neuen sprachenrechtlichen Vorgaben aus der Verfassung von 2006 m\u00fcssen sich auf gesetzlicher Ebene widerspiegeln: Es muss die \u00f6ffentlich-rechtliche Reichweite der Minderheitensprachen in bestimmten gesellschaftlichen Bereichen, wie dem Verwaltungsund Justizbereich bestimmt werden; die sprachlichen Interessen des Staates m\u00fcssen gen\u00fcgend gew\u00fcrdigt werden usw. Im Staat wird das schwache Terri- torialit\u00e4tsprinzip durch das starke Personalit\u00e4tsprinzip durchbrochen. Da mittels des Minderheitengesetzes alle anderssprachigen Bev\u00f6lkerungsgruppen eine Anerke- nnung als Minderheit erfahren haben, stellt die gegenw\u00e4rtige Verwirklichung des Personalit\u00e4tsprinzips f\u00fcr den Staat eine nicht durch \u00f6ffentliche Interessen zu rechtfertigende Belastung dar. Wegen der gro\u00dfen Zahl von sprachlichen Minderheiten, von denen manche nur eine sehr kleine Sprecherzahl haben, ist es notwendig, Vors- chriften zu erlassen, die den \u00f6ffentlichen Gebrauch bestimmter Sprachen aufgrund des Personalit\u00e4tsprinzips von der gesamtstaatlichen Gr\u00f6\u00dfe der Minderheit abh\u00e4ngig machen. Damit wird nur eine bestimmte Anzahl von Sprachen f\u00fcr den Gebrauch vor Beh\u00f6rden aufgrund des Personalit\u00e4tsprinzips zugelassen. Im serbischen Minder- heitenschutzsystem muss ein rechtliches Gleichgewicht zwischen dem Territoriali- t\u00e4tsund dem Personalit\u00e4tsprinzip und damit ein f\u00fcr den Staat tragbares Konzept des sprachlichen Minderheitenschutzes gefunden werden.<\/p>\n\n\n<p><\/p>\n","protected":false},"excerpt":{"rendered":"<p>PRAVNI ZAPISI \u2022 Year I \u2022 No. 2 \u2022 pp. 364-389 MINDERHEITENSPRACHEN IN EINEM PROZESS IN SERBIEN Dr. iur. LLM (Freiburg) Baki\u0107 NadaRechtswissenschaftliche Fakult\u00e4t Luzern, Schweiz, Switzerland . . . Pravni zapisi, No. 2\/2010, pp. 364-389 Original Scientific Article DOI: 10.5937\/pravzap1002364X KEY WORDSAmtssprachen; faires Verfahren; Identit\u00e4t; Minderheit; Minderheitensprachen; Personalit\u00e4tsprinzip; Prozess; Sprache; Sprachenrecht; Territorialit\u00e4tsprinzip; \u00dcbersetzung; Verfassung ABSTRACTIn Serbien herrschen unklare verfassungsrechtliche Sprachenbestimmun- gen, eine sprachlich \u00e4u\u00dferst heterogene Bev\u00f6lkerung und eine komplizierte gesetzli- che Ausgestaltung der Mehrsprachigkeit, welche eine gro\u00dfe Rechtsunsicherheit zur Folge haben. Die Verfassungsbestimmungen bez\u00fcglich der Sprachen der Minderhei- ten sind sowohl inhaltlich als auch rechtstechnisch ungl\u00fccklich formuliert. Bei einer [&hellip;]<\/p>\n","protected":false},"author":4,"featured_media":0,"parent":6323,"menu_order":0,"comment_status":"closed","ping_status":"closed","template":"template-article.php","meta":{"footnotes":""},"class_list":["post-7183","page","type-page","status-publish","hentry"],"yoast_head":"<!-- This site is optimized with the Yoast SEO plugin v27.1.1 - https:\/\/yoast.com\/product\/yoast-seo-wordpress\/ -->\n<title>- Pravni Zapisi<\/title>\n<meta name=\"robots\" content=\"index, follow, max-snippet:-1, max-image-preview:large, max-video-preview:-1\" \/>\n<link rel=\"canonical\" href=\"https:\/\/www.pravnizapisi.rs\/svi-brojevi\/pravni-zapisi-2-2010\/7180-2\/\" \/>\n<meta property=\"og:locale\" content=\"en_US\" \/>\n<meta property=\"og:type\" content=\"article\" \/>\n<meta property=\"og:title\" content=\"- Pravni Zapisi\" \/>\n<meta property=\"og:description\" content=\"PRAVNI ZAPISI \u2022 Year I \u2022 No. 2 \u2022 pp. 364-389 MINDERHEITENSPRACHEN IN EINEM PROZESS IN SERBIEN Dr. iur. LLM (Freiburg) Baki\u0107 NadaRechtswissenschaftliche Fakult\u00e4t Luzern, Schweiz, Switzerland . . . Pravni zapisi, No. 2\/2010, pp. 364-389 Original Scientific Article DOI: 10.5937\/pravzap1002364X KEY WORDSAmtssprachen; faires Verfahren; Identit\u00e4t; Minderheit; Minderheitensprachen; Personalit\u00e4tsprinzip; Prozess; Sprache; Sprachenrecht; Territorialit\u00e4tsprinzip; \u00dcbersetzung; Verfassung ABSTRACTIn Serbien herrschen unklare verfassungsrechtliche Sprachenbestimmun- gen, eine sprachlich \u00e4u\u00dferst heterogene Bev\u00f6lkerung und eine komplizierte gesetzli- che Ausgestaltung der Mehrsprachigkeit, welche eine gro\u00dfe Rechtsunsicherheit zur Folge haben. Die Verfassungsbestimmungen bez\u00fcglich der Sprachen der Minderhei- ten sind sowohl inhaltlich als auch rechtstechnisch ungl\u00fccklich formuliert. Bei einer [&hellip;]\" \/>\n<meta property=\"og:url\" content=\"https:\/\/www.pravnizapisi.rs\/svi-brojevi\/pravni-zapisi-2-2010\/7180-2\/\" \/>\n<meta property=\"og:site_name\" content=\"Pravni Zapisi\" \/>\n<meta property=\"article:modified_time\" content=\"2021-09-22T16:02:22+00:00\" \/>\n<meta property=\"og:image\" content=\"https:\/\/pravnizapisi.rs\/wp-content\/uploads\/2021\/03\/PngItem_278380-150x150.jpg\" \/>\n<meta name=\"twitter:card\" content=\"summary_large_image\" \/>\n<meta name=\"twitter:label1\" content=\"Est. reading time\" \/>\n\t<meta name=\"twitter:data1\" content=\"2 minutes\" \/>\n<script type=\"application\/ld+json\" class=\"yoast-schema-graph\">{\"@context\":\"https:\/\/schema.org\",\"@graph\":[{\"@type\":\"WebPage\",\"@id\":\"https:\/\/www.pravnizapisi.rs\/svi-brojevi\/pravni-zapisi-2-2010\/7180-2\/\",\"url\":\"https:\/\/www.pravnizapisi.rs\/svi-brojevi\/pravni-zapisi-2-2010\/7180-2\/\",\"name\":\"- Pravni Zapisi\",\"isPartOf\":{\"@id\":\"https:\/\/pravnizapisi.rs\/#website\"},\"primaryImageOfPage\":{\"@id\":\"https:\/\/www.pravnizapisi.rs\/svi-brojevi\/pravni-zapisi-2-2010\/7180-2\/#primaryimage\"},\"image\":{\"@id\":\"https:\/\/www.pravnizapisi.rs\/svi-brojevi\/pravni-zapisi-2-2010\/7180-2\/#primaryimage\"},\"thumbnailUrl\":\"https:\/\/pravnizapisi.rs\/wp-content\/uploads\/2021\/03\/PngItem_278380-150x150.jpg\",\"datePublished\":\"2021-04-22T10:32:07+00:00\",\"dateModified\":\"2021-09-22T16:02:22+00:00\",\"breadcrumb\":{\"@id\":\"https:\/\/www.pravnizapisi.rs\/svi-brojevi\/pravni-zapisi-2-2010\/7180-2\/#breadcrumb\"},\"inLanguage\":\"en-US\",\"potentialAction\":[{\"@type\":\"ReadAction\",\"target\":[\"https:\/\/www.pravnizapisi.rs\/svi-brojevi\/pravni-zapisi-2-2010\/7180-2\/\"]}]},{\"@type\":\"ImageObject\",\"inLanguage\":\"en-US\",\"@id\":\"https:\/\/www.pravnizapisi.rs\/svi-brojevi\/pravni-zapisi-2-2010\/7180-2\/#primaryimage\",\"url\":\"https:\/\/pravnizapisi.rs\/wp-content\/uploads\/2021\/03\/PngItem_278380-150x150.jpg\",\"contentUrl\":\"https:\/\/pravnizapisi.rs\/wp-content\/uploads\/2021\/03\/PngItem_278380-150x150.jpg\"},{\"@type\":\"BreadcrumbList\",\"@id\":\"https:\/\/www.pravnizapisi.rs\/svi-brojevi\/pravni-zapisi-2-2010\/7180-2\/#breadcrumb\",\"itemListElement\":[{\"@type\":\"ListItem\",\"position\":1,\"name\":\"\u041f\u043e\u0447\u0435\u0442\u043d\u0430\",\"item\":\"https:\/\/www.pravnizapisi.rs\/en\/\"},{\"@type\":\"ListItem\",\"position\":2,\"name\":\"Issues\",\"item\":\"https:\/\/www.pravnizapisi.rs\/svi-brojevi\/\"},{\"@type\":\"ListItem\",\"position\":3,\"name\":\"Pravni zapisi 2\/2010\",\"item\":\"https:\/\/www.pravnizapisi.rs\/en\/issues\/issues-2-2010\/\"}]},{\"@type\":\"WebSite\",\"@id\":\"https:\/\/pravnizapisi.rs\/#website\",\"url\":\"https:\/\/pravnizapisi.rs\/\",\"name\":\"Pravni Zapisi\",\"description\":\"\",\"publisher\":{\"@id\":\"https:\/\/pravnizapisi.rs\/#organization\"},\"potentialAction\":[{\"@type\":\"SearchAction\",\"target\":{\"@type\":\"EntryPoint\",\"urlTemplate\":\"https:\/\/pravnizapisi.rs\/?s={search_term_string}\"},\"query-input\":{\"@type\":\"PropertyValueSpecification\",\"valueRequired\":true,\"valueName\":\"search_term_string\"}}],\"inLanguage\":\"en-US\"},{\"@type\":\"Organization\",\"@id\":\"https:\/\/pravnizapisi.rs\/#organization\",\"name\":\"Pravni Zapisi\",\"url\":\"https:\/\/pravnizapisi.rs\/\",\"logo\":{\"@type\":\"ImageObject\",\"inLanguage\":\"en-US\",\"@id\":\"https:\/\/pravnizapisi.rs\/#\/schema\/logo\/image\/\",\"url\":\"https:\/\/www.pravnizapisi.rs\/wp-content\/uploads\/2019\/11\/cropped-Header-logo-srb-1-1.jpg\",\"contentUrl\":\"https:\/\/www.pravnizapisi.rs\/wp-content\/uploads\/2019\/11\/cropped-Header-logo-srb-1-1.jpg\",\"width\":580,\"height\":80,\"caption\":\"Pravni Zapisi\"},\"image\":{\"@id\":\"https:\/\/pravnizapisi.rs\/#\/schema\/logo\/image\/\"}}]}<\/script>\n<!-- \/ Yoast SEO plugin. -->","yoast_head_json":{"title":"- Pravni Zapisi","robots":{"index":"index","follow":"follow","max-snippet":"max-snippet:-1","max-image-preview":"max-image-preview:large","max-video-preview":"max-video-preview:-1"},"canonical":"https:\/\/www.pravnizapisi.rs\/svi-brojevi\/pravni-zapisi-2-2010\/7180-2\/","og_locale":"en_US","og_type":"article","og_title":"- Pravni Zapisi","og_description":"PRAVNI ZAPISI \u2022 Year I \u2022 No. 2 \u2022 pp. 364-389 MINDERHEITENSPRACHEN IN EINEM PROZESS IN SERBIEN Dr. iur. LLM (Freiburg) Baki\u0107 NadaRechtswissenschaftliche Fakult\u00e4t Luzern, Schweiz, Switzerland . . . Pravni zapisi, No. 2\/2010, pp. 364-389 Original Scientific Article DOI: 10.5937\/pravzap1002364X KEY WORDSAmtssprachen; faires Verfahren; Identit\u00e4t; Minderheit; Minderheitensprachen; Personalit\u00e4tsprinzip; Prozess; Sprache; Sprachenrecht; Territorialit\u00e4tsprinzip; \u00dcbersetzung; Verfassung ABSTRACTIn Serbien herrschen unklare verfassungsrechtliche Sprachenbestimmun- gen, eine sprachlich \u00e4u\u00dferst heterogene Bev\u00f6lkerung und eine komplizierte gesetzli- che Ausgestaltung der Mehrsprachigkeit, welche eine gro\u00dfe Rechtsunsicherheit zur Folge haben. Die Verfassungsbestimmungen bez\u00fcglich der Sprachen der Minderhei- ten sind sowohl inhaltlich als auch rechtstechnisch ungl\u00fccklich formuliert. Bei einer [&hellip;]","og_url":"https:\/\/www.pravnizapisi.rs\/svi-brojevi\/pravni-zapisi-2-2010\/7180-2\/","og_site_name":"Pravni Zapisi","article_modified_time":"2021-09-22T16:02:22+00:00","og_image":[{"url":"https:\/\/pravnizapisi.rs\/wp-content\/uploads\/2021\/03\/PngItem_278380-150x150.jpg","type":"","width":"","height":""}],"twitter_card":"summary_large_image","twitter_misc":{"Est. reading time":"2 minutes"},"schema":{"@context":"https:\/\/schema.org","@graph":[{"@type":"WebPage","@id":"https:\/\/www.pravnizapisi.rs\/svi-brojevi\/pravni-zapisi-2-2010\/7180-2\/","url":"https:\/\/www.pravnizapisi.rs\/svi-brojevi\/pravni-zapisi-2-2010\/7180-2\/","name":"- Pravni Zapisi","isPartOf":{"@id":"https:\/\/pravnizapisi.rs\/#website"},"primaryImageOfPage":{"@id":"https:\/\/www.pravnizapisi.rs\/svi-brojevi\/pravni-zapisi-2-2010\/7180-2\/#primaryimage"},"image":{"@id":"https:\/\/www.pravnizapisi.rs\/svi-brojevi\/pravni-zapisi-2-2010\/7180-2\/#primaryimage"},"thumbnailUrl":"https:\/\/pravnizapisi.rs\/wp-content\/uploads\/2021\/03\/PngItem_278380-150x150.jpg","datePublished":"2021-04-22T10:32:07+00:00","dateModified":"2021-09-22T16:02:22+00:00","breadcrumb":{"@id":"https:\/\/www.pravnizapisi.rs\/svi-brojevi\/pravni-zapisi-2-2010\/7180-2\/#breadcrumb"},"inLanguage":"en-US","potentialAction":[{"@type":"ReadAction","target":["https:\/\/www.pravnizapisi.rs\/svi-brojevi\/pravni-zapisi-2-2010\/7180-2\/"]}]},{"@type":"ImageObject","inLanguage":"en-US","@id":"https:\/\/www.pravnizapisi.rs\/svi-brojevi\/pravni-zapisi-2-2010\/7180-2\/#primaryimage","url":"https:\/\/pravnizapisi.rs\/wp-content\/uploads\/2021\/03\/PngItem_278380-150x150.jpg","contentUrl":"https:\/\/pravnizapisi.rs\/wp-content\/uploads\/2021\/03\/PngItem_278380-150x150.jpg"},{"@type":"BreadcrumbList","@id":"https:\/\/www.pravnizapisi.rs\/svi-brojevi\/pravni-zapisi-2-2010\/7180-2\/#breadcrumb","itemListElement":[{"@type":"ListItem","position":1,"name":"\u041f\u043e\u0447\u0435\u0442\u043d\u0430","item":"https:\/\/www.pravnizapisi.rs\/en\/"},{"@type":"ListItem","position":2,"name":"Issues","item":"https:\/\/www.pravnizapisi.rs\/svi-brojevi\/"},{"@type":"ListItem","position":3,"name":"Pravni zapisi 2\/2010","item":"https:\/\/www.pravnizapisi.rs\/en\/issues\/issues-2-2010\/"}]},{"@type":"WebSite","@id":"https:\/\/pravnizapisi.rs\/#website","url":"https:\/\/pravnizapisi.rs\/","name":"Pravni Zapisi","description":"","publisher":{"@id":"https:\/\/pravnizapisi.rs\/#organization"},"potentialAction":[{"@type":"SearchAction","target":{"@type":"EntryPoint","urlTemplate":"https:\/\/pravnizapisi.rs\/?s={search_term_string}"},"query-input":{"@type":"PropertyValueSpecification","valueRequired":true,"valueName":"search_term_string"}}],"inLanguage":"en-US"},{"@type":"Organization","@id":"https:\/\/pravnizapisi.rs\/#organization","name":"Pravni Zapisi","url":"https:\/\/pravnizapisi.rs\/","logo":{"@type":"ImageObject","inLanguage":"en-US","@id":"https:\/\/pravnizapisi.rs\/#\/schema\/logo\/image\/","url":"https:\/\/www.pravnizapisi.rs\/wp-content\/uploads\/2019\/11\/cropped-Header-logo-srb-1-1.jpg","contentUrl":"https:\/\/www.pravnizapisi.rs\/wp-content\/uploads\/2019\/11\/cropped-Header-logo-srb-1-1.jpg","width":580,"height":80,"caption":"Pravni Zapisi"},"image":{"@id":"https:\/\/pravnizapisi.rs\/#\/schema\/logo\/image\/"}}]}},"_links":{"self":[{"href":"https:\/\/www.pravnizapisi.rs\/en\/wp-json\/wp\/v2\/pages\/7183","targetHints":{"allow":["GET"]}}],"collection":[{"href":"https:\/\/www.pravnizapisi.rs\/en\/wp-json\/wp\/v2\/pages"}],"about":[{"href":"https:\/\/www.pravnizapisi.rs\/en\/wp-json\/wp\/v2\/types\/page"}],"author":[{"embeddable":true,"href":"https:\/\/www.pravnizapisi.rs\/en\/wp-json\/wp\/v2\/users\/4"}],"replies":[{"embeddable":true,"href":"https:\/\/www.pravnizapisi.rs\/en\/wp-json\/wp\/v2\/comments?post=7183"}],"version-history":[{"count":0,"href":"https:\/\/www.pravnizapisi.rs\/en\/wp-json\/wp\/v2\/pages\/7183\/revisions"}],"up":[{"embeddable":true,"href":"https:\/\/www.pravnizapisi.rs\/en\/wp-json\/wp\/v2\/pages\/6323"}],"wp:attachment":[{"href":"https:\/\/www.pravnizapisi.rs\/en\/wp-json\/wp\/v2\/media?parent=7183"}],"curies":[{"name":"wp","href":"https:\/\/api.w.org\/{rel}","templated":true}]}}