{"id":7243,"date":"2021-04-23T15:01:36","date_gmt":"2021-04-23T15:01:36","guid":{"rendered":"http:\/\/pravnizapisi.rs\/?page_id=7243"},"modified":"2021-09-22T09:02:01","modified_gmt":"2021-09-22T09:02:01","slug":"7243-2","status":"publish","type":"page","link":"https:\/\/www.pravnizapisi.rs\/en\/issues\/1-2011\/7243-2\/","title":{"rendered":""},"content":{"rendered":"<p style=\"text-align: center;\">PRAVNI ZAPISI \u2022 Year II \u2022 No. 1 \u2022 pp. 5-31<\/p>\n<h3>RUDOLF VON JHERING (1818-1892) &#8211; \u017dIVOT I DELO VELIKOG NEMA\u010cKOG PRAVNIKA<\/h3>\n<figure id=\"attachment_7055\" aria-describedby=\"caption-attachment-7055\" style=\"width: 95px\" class=\"wp-caption alignright\"><a href=\"https:\/\/pravnizapisi.rs\/wp-content\/uploads\/issues\/1-2011\/Michael_Martinek_Rudolf_von_Jhering_18181892___LEBEN_UND_WERK_EINES_GROSSEN_deutschen_Juristen.pdf\"><img loading=\"lazy\" decoding=\"async\" class=\"wp-image-7056\" src=\"https:\/\/pravnizapisi.rs\/wp-content\/uploads\/2021\/03\/PngItem_278380-150x150.jpg\" alt=\"\" width=\"95\" height=\"95\" \/><\/a><figcaption id=\"caption-attachment-7055\" class=\"wp-caption-text\">Language: German<\/figcaption><\/figure>\n<h4><strong>Prof. dr dr dr h.c. mult. Michael Martinek Universitat des Saarlandes, Saarbrucken, Deutschland <\/strong><\/h4>\n<p><span style=\"color: #ffffff;\">.<\/span><\/p>\n<p><span style=\"color: #ffffff;\">.<\/span><\/p>\n<p><span style=\"color: #ffffff;\">.<\/span><\/p>\n<p>Pravni zapisi, no. 1\/2011, pp. 5-31<\/p>\n<p>Original Scientific Article<\/p>\n<p style=\"text-align: justify;\"><strong>DOI<\/strong>: <a href=\"https:\/\/scindeks.ceon.rs\/article.aspx?query=ISSID%26and%2614980&amp;page=0&amp;sort=8&amp;stype=0&amp;backurl=%2fissue.aspx%3fissue%3d14980%26lang%3den&amp;lang=en\">10.5937\/pravzap1101005X<\/a><\/p>\n<p style=\"text-align: justify;\"><span style=\"text-decoration: underline;\"><strong>ABSTRACT<\/strong><br \/>\n<\/span>Unzweifelhaft geh\u00f6rt <em>Rudolf von Jhering<\/em> zu den Gr\u00f6\u00dfen der deutschen Privatrechtswissenschaft des 19. Jahrhunderts. Seine Bedeutung l\u00e4sst sich nicht an einer einzigen Entdeckung, an einem bestimmten Rechtsinstitut oder allein an seinem Einfluss auf unser heutiges juristisches Denken und Arbeiten bestimmen. Gewiss hat die Rechtswissenschaft ihm zahlrei- che Errungenschaften zu verdanken. Bemerkenswert ist jedoch in erster Linie sein lebenslanges Streben nach neuen Erkenntnissen und der Mut, sich dabei gegen bestehende Prinzipien zu wenden und sogar die eigene Auffassung ins Gegenteil zu kehren.<\/p>\n<p style=\"text-align: justify;\">Es verwundert nicht, dass sich \u00fcber die Einstufung <em>Jherings <\/em>im einzel- nen die Geister scheiden. Zu gegens\u00e4tzlich sind die verschiedenen Phasen seines Wirkens. Gleichwohl kann sich dem besonderen Reiz seines sprachlichen Stils auch heute noch kaum ein Gelehrter entziehen. Mag <em>Jherings <\/em>Darstellungsweise in Bildern, Gleichnissen und Einf\u00e4llen manchmal ver- wirrend, teils schon beinahe ans Geschmacklose grenzend erscheinen, erzeugt sie doch ein besonders lebendiges Bild juristischer Darstellung, das eine erfrischende Wirkung erzielt.<\/p>\n<p style=\"text-align: justify;\">Die Faszination seines Denkens und die Innovationskraft seine Ideen hat <em>Jhering <\/em>auch international beachtliche Anerkennung verschafft, wie sie kaum einem anderen deutschen Juristen zu Teil wurde.<\/p>\n<p style=\"text-align: justify;\">Neben seiner schriftstellerischen T\u00e4tigkeit ist aber auch Jherings Be- deutung als Universit\u00e4tslehrer nicht zu untersch\u00e4tzen. Er nahm seine lehrende T\u00e4tigkeit Zeit seines Lebens sehr ernst. Als einer der ersten hielt er praktische \u00dcbungen f\u00fcr seine Studenten ab. Von lebhafter Diskussion mit seinen H\u00f6rern wird ebenso wie von einer ausgepr\u00e4gten Praxisorientierung seiner Veranstaltungen berichtet.<\/p>\n","protected":false},"excerpt":{"rendered":"<p>PRAVNI ZAPISI \u2022 Year II \u2022 No. 1 \u2022 pp. 5-31 RUDOLF VON JHERING (1818-1892) &#8211; \u017dIVOT I DELO VELIKOG NEMA\u010cKOG PRAVNIKA Prof. dr dr dr h.c. mult. Michael Martinek Universitat des Saarlandes, Saarbrucken, Deutschland . . . Pravni zapisi, no. 1\/2011, pp. 5-31 Original Scientific Article DOI: 10.5937\/pravzap1101005X ABSTRACT Unzweifelhaft geh\u00f6rt Rudolf von Jhering zu den Gr\u00f6\u00dfen der deutschen Privatrechtswissenschaft des 19. Jahrhunderts. Seine Bedeutung l\u00e4sst sich nicht an einer einzigen Entdeckung, an einem bestimmten Rechtsinstitut oder allein an seinem Einfluss auf unser heutiges juristisches Denken und Arbeiten bestimmen. Gewiss hat die Rechtswissenschaft ihm zahlrei- che Errungenschaften zu verdanken. [&hellip;]<\/p>\n","protected":false},"author":4,"featured_media":0,"parent":6317,"menu_order":0,"comment_status":"closed","ping_status":"closed","template":"template-article.php","meta":{"footnotes":""},"class_list":["post-7243","page","type-page","status-publish","hentry"],"yoast_head":"<!-- This site is optimized with the Yoast SEO plugin v27.1.1 - https:\/\/yoast.com\/product\/yoast-seo-wordpress\/ -->\n<title>- Pravni Zapisi<\/title>\n<meta name=\"robots\" content=\"index, follow, max-snippet:-1, max-image-preview:large, max-video-preview:-1\" \/>\n<link rel=\"canonical\" href=\"https:\/\/www.pravnizapisi.rs\/svi-brojevi\/pravni-zapisi-1-2011\/7240-2\/\" \/>\n<meta property=\"og:locale\" content=\"en_US\" \/>\n<meta property=\"og:type\" content=\"article\" \/>\n<meta property=\"og:title\" content=\"- Pravni Zapisi\" \/>\n<meta property=\"og:description\" content=\"PRAVNI ZAPISI \u2022 Year II \u2022 No. 1 \u2022 pp. 5-31 RUDOLF VON JHERING (1818-1892) &#8211; \u017dIVOT I DELO VELIKOG NEMA\u010cKOG PRAVNIKA Prof. dr dr dr h.c. mult. Michael Martinek Universitat des Saarlandes, Saarbrucken, Deutschland . . . Pravni zapisi, no. 1\/2011, pp. 5-31 Original Scientific Article DOI: 10.5937\/pravzap1101005X ABSTRACT Unzweifelhaft geh\u00f6rt Rudolf von Jhering zu den Gr\u00f6\u00dfen der deutschen Privatrechtswissenschaft des 19. Jahrhunderts. Seine Bedeutung l\u00e4sst sich nicht an einer einzigen Entdeckung, an einem bestimmten Rechtsinstitut oder allein an seinem Einfluss auf unser heutiges juristisches Denken und Arbeiten bestimmen. Gewiss hat die Rechtswissenschaft ihm zahlrei- che Errungenschaften zu verdanken. [&hellip;]\" \/>\n<meta property=\"og:url\" content=\"https:\/\/www.pravnizapisi.rs\/svi-brojevi\/pravni-zapisi-1-2011\/7240-2\/\" \/>\n<meta property=\"og:site_name\" content=\"Pravni Zapisi\" \/>\n<meta property=\"article:modified_time\" content=\"2021-09-22T09:02:01+00:00\" \/>\n<meta property=\"og:image\" content=\"https:\/\/pravnizapisi.rs\/wp-content\/uploads\/2021\/03\/PngItem_278380-150x150.jpg\" \/>\n<meta name=\"twitter:card\" content=\"summary_large_image\" \/>\n<meta name=\"twitter:label1\" content=\"Est. reading time\" \/>\n\t<meta name=\"twitter:data1\" content=\"2 minutes\" \/>\n<script type=\"application\/ld+json\" class=\"yoast-schema-graph\">{\"@context\":\"https:\/\/schema.org\",\"@graph\":[{\"@type\":\"WebPage\",\"@id\":\"https:\/\/www.pravnizapisi.rs\/svi-brojevi\/pravni-zapisi-1-2011\/7240-2\/\",\"url\":\"https:\/\/www.pravnizapisi.rs\/svi-brojevi\/pravni-zapisi-1-2011\/7240-2\/\",\"name\":\"- Pravni Zapisi\",\"isPartOf\":{\"@id\":\"https:\/\/pravnizapisi.rs\/#website\"},\"primaryImageOfPage\":{\"@id\":\"https:\/\/www.pravnizapisi.rs\/svi-brojevi\/pravni-zapisi-1-2011\/7240-2\/#primaryimage\"},\"image\":{\"@id\":\"https:\/\/www.pravnizapisi.rs\/svi-brojevi\/pravni-zapisi-1-2011\/7240-2\/#primaryimage\"},\"thumbnailUrl\":\"https:\/\/pravnizapisi.rs\/wp-content\/uploads\/2021\/03\/PngItem_278380-150x150.jpg\",\"datePublished\":\"2021-04-23T15:01:36+00:00\",\"dateModified\":\"2021-09-22T09:02:01+00:00\",\"breadcrumb\":{\"@id\":\"https:\/\/www.pravnizapisi.rs\/svi-brojevi\/pravni-zapisi-1-2011\/7240-2\/#breadcrumb\"},\"inLanguage\":\"en-US\",\"potentialAction\":[{\"@type\":\"ReadAction\",\"target\":[\"https:\/\/www.pravnizapisi.rs\/svi-brojevi\/pravni-zapisi-1-2011\/7240-2\/\"]}]},{\"@type\":\"ImageObject\",\"inLanguage\":\"en-US\",\"@id\":\"https:\/\/www.pravnizapisi.rs\/svi-brojevi\/pravni-zapisi-1-2011\/7240-2\/#primaryimage\",\"url\":\"https:\/\/pravnizapisi.rs\/wp-content\/uploads\/2021\/03\/PngItem_278380-150x150.jpg\",\"contentUrl\":\"https:\/\/pravnizapisi.rs\/wp-content\/uploads\/2021\/03\/PngItem_278380-150x150.jpg\"},{\"@type\":\"BreadcrumbList\",\"@id\":\"https:\/\/www.pravnizapisi.rs\/svi-brojevi\/pravni-zapisi-1-2011\/7240-2\/#breadcrumb\",\"itemListElement\":[{\"@type\":\"ListItem\",\"position\":1,\"name\":\"\u041f\u043e\u0447\u0435\u0442\u043d\u0430\",\"item\":\"https:\/\/www.pravnizapisi.rs\/en\/\"},{\"@type\":\"ListItem\",\"position\":2,\"name\":\"Issues\",\"item\":\"https:\/\/www.pravnizapisi.rs\/svi-brojevi\/\"},{\"@type\":\"ListItem\",\"position\":3,\"name\":\"Pravni zapisi 1\/2011\",\"item\":\"https:\/\/www.pravnizapisi.rs\/svi-brojevi\/pravni-zapisi-1-2011\/\"}]},{\"@type\":\"WebSite\",\"@id\":\"https:\/\/pravnizapisi.rs\/#website\",\"url\":\"https:\/\/pravnizapisi.rs\/\",\"name\":\"Pravni Zapisi\",\"description\":\"\",\"publisher\":{\"@id\":\"https:\/\/pravnizapisi.rs\/#organization\"},\"potentialAction\":[{\"@type\":\"SearchAction\",\"target\":{\"@type\":\"EntryPoint\",\"urlTemplate\":\"https:\/\/pravnizapisi.rs\/?s={search_term_string}\"},\"query-input\":{\"@type\":\"PropertyValueSpecification\",\"valueRequired\":true,\"valueName\":\"search_term_string\"}}],\"inLanguage\":\"en-US\"},{\"@type\":\"Organization\",\"@id\":\"https:\/\/pravnizapisi.rs\/#organization\",\"name\":\"Pravni Zapisi\",\"url\":\"https:\/\/pravnizapisi.rs\/\",\"logo\":{\"@type\":\"ImageObject\",\"inLanguage\":\"en-US\",\"@id\":\"https:\/\/pravnizapisi.rs\/#\/schema\/logo\/image\/\",\"url\":\"https:\/\/www.pravnizapisi.rs\/wp-content\/uploads\/2019\/11\/cropped-Header-logo-srb-1-1.jpg\",\"contentUrl\":\"https:\/\/www.pravnizapisi.rs\/wp-content\/uploads\/2019\/11\/cropped-Header-logo-srb-1-1.jpg\",\"width\":580,\"height\":80,\"caption\":\"Pravni Zapisi\"},\"image\":{\"@id\":\"https:\/\/pravnizapisi.rs\/#\/schema\/logo\/image\/\"}}]}<\/script>\n<!-- \/ Yoast SEO plugin. -->","yoast_head_json":{"title":"- Pravni Zapisi","robots":{"index":"index","follow":"follow","max-snippet":"max-snippet:-1","max-image-preview":"max-image-preview:large","max-video-preview":"max-video-preview:-1"},"canonical":"https:\/\/www.pravnizapisi.rs\/svi-brojevi\/pravni-zapisi-1-2011\/7240-2\/","og_locale":"en_US","og_type":"article","og_title":"- Pravni Zapisi","og_description":"PRAVNI ZAPISI \u2022 Year II \u2022 No. 1 \u2022 pp. 5-31 RUDOLF VON JHERING (1818-1892) &#8211; \u017dIVOT I DELO VELIKOG NEMA\u010cKOG PRAVNIKA Prof. dr dr dr h.c. mult. Michael Martinek Universitat des Saarlandes, Saarbrucken, Deutschland . . . Pravni zapisi, no. 1\/2011, pp. 5-31 Original Scientific Article DOI: 10.5937\/pravzap1101005X ABSTRACT Unzweifelhaft geh\u00f6rt Rudolf von Jhering zu den Gr\u00f6\u00dfen der deutschen Privatrechtswissenschaft des 19. Jahrhunderts. Seine Bedeutung l\u00e4sst sich nicht an einer einzigen Entdeckung, an einem bestimmten Rechtsinstitut oder allein an seinem Einfluss auf unser heutiges juristisches Denken und Arbeiten bestimmen. Gewiss hat die Rechtswissenschaft ihm zahlrei- che Errungenschaften zu verdanken. [&hellip;]","og_url":"https:\/\/www.pravnizapisi.rs\/svi-brojevi\/pravni-zapisi-1-2011\/7240-2\/","og_site_name":"Pravni Zapisi","article_modified_time":"2021-09-22T09:02:01+00:00","og_image":[{"url":"https:\/\/pravnizapisi.rs\/wp-content\/uploads\/2021\/03\/PngItem_278380-150x150.jpg","type":"","width":"","height":""}],"twitter_card":"summary_large_image","twitter_misc":{"Est. reading time":"2 minutes"},"schema":{"@context":"https:\/\/schema.org","@graph":[{"@type":"WebPage","@id":"https:\/\/www.pravnizapisi.rs\/svi-brojevi\/pravni-zapisi-1-2011\/7240-2\/","url":"https:\/\/www.pravnizapisi.rs\/svi-brojevi\/pravni-zapisi-1-2011\/7240-2\/","name":"- Pravni Zapisi","isPartOf":{"@id":"https:\/\/pravnizapisi.rs\/#website"},"primaryImageOfPage":{"@id":"https:\/\/www.pravnizapisi.rs\/svi-brojevi\/pravni-zapisi-1-2011\/7240-2\/#primaryimage"},"image":{"@id":"https:\/\/www.pravnizapisi.rs\/svi-brojevi\/pravni-zapisi-1-2011\/7240-2\/#primaryimage"},"thumbnailUrl":"https:\/\/pravnizapisi.rs\/wp-content\/uploads\/2021\/03\/PngItem_278380-150x150.jpg","datePublished":"2021-04-23T15:01:36+00:00","dateModified":"2021-09-22T09:02:01+00:00","breadcrumb":{"@id":"https:\/\/www.pravnizapisi.rs\/svi-brojevi\/pravni-zapisi-1-2011\/7240-2\/#breadcrumb"},"inLanguage":"en-US","potentialAction":[{"@type":"ReadAction","target":["https:\/\/www.pravnizapisi.rs\/svi-brojevi\/pravni-zapisi-1-2011\/7240-2\/"]}]},{"@type":"ImageObject","inLanguage":"en-US","@id":"https:\/\/www.pravnizapisi.rs\/svi-brojevi\/pravni-zapisi-1-2011\/7240-2\/#primaryimage","url":"https:\/\/pravnizapisi.rs\/wp-content\/uploads\/2021\/03\/PngItem_278380-150x150.jpg","contentUrl":"https:\/\/pravnizapisi.rs\/wp-content\/uploads\/2021\/03\/PngItem_278380-150x150.jpg"},{"@type":"BreadcrumbList","@id":"https:\/\/www.pravnizapisi.rs\/svi-brojevi\/pravni-zapisi-1-2011\/7240-2\/#breadcrumb","itemListElement":[{"@type":"ListItem","position":1,"name":"\u041f\u043e\u0447\u0435\u0442\u043d\u0430","item":"https:\/\/www.pravnizapisi.rs\/en\/"},{"@type":"ListItem","position":2,"name":"Issues","item":"https:\/\/www.pravnizapisi.rs\/svi-brojevi\/"},{"@type":"ListItem","position":3,"name":"Pravni zapisi 1\/2011","item":"https:\/\/www.pravnizapisi.rs\/svi-brojevi\/pravni-zapisi-1-2011\/"}]},{"@type":"WebSite","@id":"https:\/\/pravnizapisi.rs\/#website","url":"https:\/\/pravnizapisi.rs\/","name":"Pravni Zapisi","description":"","publisher":{"@id":"https:\/\/pravnizapisi.rs\/#organization"},"potentialAction":[{"@type":"SearchAction","target":{"@type":"EntryPoint","urlTemplate":"https:\/\/pravnizapisi.rs\/?s={search_term_string}"},"query-input":{"@type":"PropertyValueSpecification","valueRequired":true,"valueName":"search_term_string"}}],"inLanguage":"en-US"},{"@type":"Organization","@id":"https:\/\/pravnizapisi.rs\/#organization","name":"Pravni Zapisi","url":"https:\/\/pravnizapisi.rs\/","logo":{"@type":"ImageObject","inLanguage":"en-US","@id":"https:\/\/pravnizapisi.rs\/#\/schema\/logo\/image\/","url":"https:\/\/www.pravnizapisi.rs\/wp-content\/uploads\/2019\/11\/cropped-Header-logo-srb-1-1.jpg","contentUrl":"https:\/\/www.pravnizapisi.rs\/wp-content\/uploads\/2019\/11\/cropped-Header-logo-srb-1-1.jpg","width":580,"height":80,"caption":"Pravni Zapisi"},"image":{"@id":"https:\/\/pravnizapisi.rs\/#\/schema\/logo\/image\/"}}]}},"_links":{"self":[{"href":"https:\/\/www.pravnizapisi.rs\/en\/wp-json\/wp\/v2\/pages\/7243","targetHints":{"allow":["GET"]}}],"collection":[{"href":"https:\/\/www.pravnizapisi.rs\/en\/wp-json\/wp\/v2\/pages"}],"about":[{"href":"https:\/\/www.pravnizapisi.rs\/en\/wp-json\/wp\/v2\/types\/page"}],"author":[{"embeddable":true,"href":"https:\/\/www.pravnizapisi.rs\/en\/wp-json\/wp\/v2\/users\/4"}],"replies":[{"embeddable":true,"href":"https:\/\/www.pravnizapisi.rs\/en\/wp-json\/wp\/v2\/comments?post=7243"}],"version-history":[{"count":0,"href":"https:\/\/www.pravnizapisi.rs\/en\/wp-json\/wp\/v2\/pages\/7243\/revisions"}],"up":[{"embeddable":true,"href":"https:\/\/www.pravnizapisi.rs\/en\/wp-json\/wp\/v2\/pages\/6317"}],"wp:attachment":[{"href":"https:\/\/www.pravnizapisi.rs\/en\/wp-json\/wp\/v2\/media?parent=7243"}],"curies":[{"name":"wp","href":"https:\/\/api.w.org\/{rel}","templated":true}]}}