{"id":7287,"date":"2021-04-23T16:22:32","date_gmt":"2021-04-23T16:22:32","guid":{"rendered":"http:\/\/pravnizapisi.rs\/?page_id=7287"},"modified":"2021-09-22T14:42:40","modified_gmt":"2021-09-22T14:42:40","slug":"7287-2","status":"publish","type":"page","link":"https:\/\/www.pravnizapisi.rs\/en\/issues\/issues-2-2011\/7287-2\/","title":{"rendered":""},"content":{"rendered":"<p style=\"text-align: center;\">PRAVNI ZAPISI \u2022 Year II \u2022 No. 2 \u2022 pp. 398-429<\/p>\n<h3>EU-VERBRAUCHERSCHUTZRECHT ALS TEIL DES ACQUIS COMMUNAUTAIRE \u2013 EUROP\u00c4ISCHER VERBRAUCHERSCHUTZ UND DIE BEITRITTSPERSPEKTIVE SERBIENS ZUR EU \u2013<\/h3>\n<figure id=\"attachment_7055\" aria-describedby=\"caption-attachment-7055\" style=\"width: 95px\" class=\"wp-caption alignright\"><a href=\"https:\/\/pravnizapisi.rs\/wp-content\/uploads\/issues\/2-2011\/Achim_Rogmann_EU-VERBRAUCHERSCHUTZRECHT_als_Teil_des_Acquis_Communautaire__Europischer_Verbraucherschutz_und_die_Beitrittsperspektive_Serbiens_zur_EU.pdf\"><img loading=\"lazy\" decoding=\"async\" class=\"wp-image-7056\" src=\"https:\/\/pravnizapisi.rs\/wp-content\/uploads\/2021\/03\/PngItem_278380-150x150.jpg\" alt=\"\" width=\"95\" height=\"95\" \/><\/a><figcaption id=\"caption-attachment-7055\" class=\"wp-caption-text\">Language: German<\/figcaption><\/figure>\n<h4><strong>Prof. dr iur. Achim Rogmann<br \/>\n<\/strong>Brunswick European Law School (BELS), Fakult\u00e4t Recht, Ostfalia Hochschule f\u00fcr angewandte Wissenschaften, Wolfenb\u00fcttel<\/h4>\n<p><span style=\"color: #ffffff;\">.<\/span><\/p>\n<p><span style=\"color: #ffffff;\">.<\/span><\/p>\n<p><span style=\"color: #ffffff;\">.<\/span><\/p>\n<p>Pravni zapisi, No. 2\/2011, pp. 398-429<\/p>\n<p>Review Article<\/p>\n<p style=\"text-align: justify;\"><strong>DOI<\/strong>: <a href=\"https:\/\/scindeks.ceon.rs\/article.aspx?query=ISSID%26and%2614962&amp;page=2&amp;sort=8&amp;stype=0&amp;backurl=%2fissue.aspx%3fissue%3d14962%26lang%3den&amp;lang=en\">10.5937\/pravzap1102398X<\/a><\/p>\n<p style=\"text-align: justify;\"><span style=\"text-decoration: underline;\"><strong>KEY WORDS<\/strong><br \/>\n<\/span>Europ\u00e4isches Verbraucherschutzrecht; Vertrag von Lissabon; Beitritt Serbiens zur Europ\u00e4ischen Union<\/p>\n<p style=\"text-align: justify;\"><span style=\"text-decoration: underline;\"><strong>ABSTRACT<\/strong><br \/>\n<\/span>Der Beitrag stellt die Bedeutung des im prim\u00e4ren EU-Recht verankerten Verbraucherschutzrechtes im Zusammenhang mit dem Weg Serbiens in die EU dar. Der Einfluss Br\u00fcssels auf die Regelungen zum Verbraucherschutz wird oft als relativ niedrig eingesch\u00e4tzt. Bei n\u00e4herem Hinsehen entpuppt sich das Verbraucherschutz- recht der EU aber als eine sehr lebendige Materie, welche die Rechtsposition der EU-B\u00fcrger im Laufe der Jahre grundlegend ausgebaut hat, was im Gegenzug zu teilweise erheblichen Mehrbelastungen f\u00fcr die Anbieter von Waren und Dienstleis- tungen f\u00fchrte. Der Vertrag von Lissabon hat zudem auch das Verbraucherschutz- recht auf neue Beine gestellt. Auf dieser Basis wird das Thema Verbraucherschutz als untrennbarer Bestandteil des Acquis Communautaire eine bedeutende Rolle f\u00fcr die Beitrittsverhandlungen Serbiens spielen. Kernaspekt der Beitrittsverhandlungen ist n\u00e4mlich die Festlegung der Bedingungen und des Zeitplans f\u00fcr die \u00dcbernahme, Umsetzung und Anwendung des EU-Acquis durch das jeweilige Kandidatenland. Ohne eine umfassende \u00dcbernahme der Verbraucherschutzstandards kann ein Bei- tritt zur EU nicht erfolgen.<\/p>\n","protected":false},"excerpt":{"rendered":"<p>PRAVNI ZAPISI \u2022 Year II \u2022 No. 2 \u2022 pp. 398-429 EU-VERBRAUCHERSCHUTZRECHT ALS TEIL DES ACQUIS COMMUNAUTAIRE \u2013 EUROP\u00c4ISCHER VERBRAUCHERSCHUTZ UND DIE BEITRITTSPERSPEKTIVE SERBIENS ZUR EU \u2013 Prof. dr iur. Achim Rogmann Brunswick European Law School (BELS), Fakult\u00e4t Recht, Ostfalia Hochschule f\u00fcr angewandte Wissenschaften, Wolfenb\u00fcttel . . . Pravni zapisi, No. 2\/2011, pp. 398-429 Review Article DOI: 10.5937\/pravzap1102398X KEY WORDS Europ\u00e4isches Verbraucherschutzrecht; Vertrag von Lissabon; Beitritt Serbiens zur Europ\u00e4ischen Union ABSTRACT Der Beitrag stellt die Bedeutung des im prim\u00e4ren EU-Recht verankerten Verbraucherschutzrechtes im Zusammenhang mit dem Weg Serbiens in die EU dar. Der Einfluss Br\u00fcssels auf die Regelungen zum Verbraucherschutz [&hellip;]<\/p>\n","protected":false},"author":4,"featured_media":0,"parent":6319,"menu_order":0,"comment_status":"closed","ping_status":"closed","template":"template-article.php","meta":{"footnotes":""},"class_list":["post-7287","page","type-page","status-publish","hentry"],"yoast_head":"<!-- This site is optimized with the Yoast SEO plugin v27.1.1 - https:\/\/yoast.com\/product\/yoast-seo-wordpress\/ -->\n<title>- Pravni Zapisi<\/title>\n<meta name=\"robots\" content=\"index, follow, max-snippet:-1, max-image-preview:large, max-video-preview:-1\" \/>\n<link rel=\"canonical\" href=\"https:\/\/www.pravnizapisi.rs\/en\/issues\/issues-2-2011\/7287-2\/\" \/>\n<meta property=\"og:locale\" content=\"en_US\" \/>\n<meta property=\"og:type\" content=\"article\" \/>\n<meta property=\"og:title\" content=\"- Pravni Zapisi\" \/>\n<meta property=\"og:description\" content=\"PRAVNI ZAPISI \u2022 Year II \u2022 No. 2 \u2022 pp. 398-429 EU-VERBRAUCHERSCHUTZRECHT ALS TEIL DES ACQUIS COMMUNAUTAIRE \u2013 EUROP\u00c4ISCHER VERBRAUCHERSCHUTZ UND DIE BEITRITTSPERSPEKTIVE SERBIENS ZUR EU \u2013 Prof. dr iur. Achim Rogmann Brunswick European Law School (BELS), Fakult\u00e4t Recht, Ostfalia Hochschule f\u00fcr angewandte Wissenschaften, Wolfenb\u00fcttel . . . Pravni zapisi, No. 2\/2011, pp. 398-429 Review Article DOI: 10.5937\/pravzap1102398X KEY WORDS Europ\u00e4isches Verbraucherschutzrecht; Vertrag von Lissabon; Beitritt Serbiens zur Europ\u00e4ischen Union ABSTRACT Der Beitrag stellt die Bedeutung des im prim\u00e4ren EU-Recht verankerten Verbraucherschutzrechtes im Zusammenhang mit dem Weg Serbiens in die EU dar. Der Einfluss Br\u00fcssels auf die Regelungen zum Verbraucherschutz [&hellip;]\" \/>\n<meta property=\"og:url\" content=\"https:\/\/www.pravnizapisi.rs\/en\/issues\/issues-2-2011\/7287-2\/\" \/>\n<meta property=\"og:site_name\" content=\"Pravni Zapisi\" \/>\n<meta property=\"article:modified_time\" content=\"2021-09-22T14:42:40+00:00\" \/>\n<meta property=\"og:image\" content=\"https:\/\/pravnizapisi.rs\/wp-content\/uploads\/2021\/03\/PngItem_278380-150x150.jpg\" \/>\n<meta name=\"twitter:card\" content=\"summary_large_image\" \/>\n<meta name=\"twitter:label1\" content=\"Est. reading time\" \/>\n\t<meta name=\"twitter:data1\" content=\"2 minutes\" \/>\n<script type=\"application\/ld+json\" class=\"yoast-schema-graph\">{\"@context\":\"https:\/\/schema.org\",\"@graph\":[{\"@type\":\"WebPage\",\"@id\":\"https:\/\/www.pravnizapisi.rs\/en\/issues\/issues-2-2011\/7287-2\/\",\"url\":\"https:\/\/www.pravnizapisi.rs\/en\/issues\/issues-2-2011\/7287-2\/\",\"name\":\"- Pravni Zapisi\",\"isPartOf\":{\"@id\":\"https:\/\/pravnizapisi.rs\/#website\"},\"primaryImageOfPage\":{\"@id\":\"https:\/\/www.pravnizapisi.rs\/en\/issues\/issues-2-2011\/7287-2\/#primaryimage\"},\"image\":{\"@id\":\"https:\/\/www.pravnizapisi.rs\/en\/issues\/issues-2-2011\/7287-2\/#primaryimage\"},\"thumbnailUrl\":\"https:\/\/pravnizapisi.rs\/wp-content\/uploads\/2021\/03\/PngItem_278380-150x150.jpg\",\"datePublished\":\"2021-04-23T16:22:32+00:00\",\"dateModified\":\"2021-09-22T14:42:40+00:00\",\"breadcrumb\":{\"@id\":\"https:\/\/www.pravnizapisi.rs\/en\/issues\/issues-2-2011\/7287-2\/#breadcrumb\"},\"inLanguage\":\"en-US\",\"potentialAction\":[{\"@type\":\"ReadAction\",\"target\":[\"https:\/\/www.pravnizapisi.rs\/en\/issues\/issues-2-2011\/7287-2\/\"]}]},{\"@type\":\"ImageObject\",\"inLanguage\":\"en-US\",\"@id\":\"https:\/\/www.pravnizapisi.rs\/en\/issues\/issues-2-2011\/7287-2\/#primaryimage\",\"url\":\"https:\/\/pravnizapisi.rs\/wp-content\/uploads\/2021\/03\/PngItem_278380-150x150.jpg\",\"contentUrl\":\"https:\/\/pravnizapisi.rs\/wp-content\/uploads\/2021\/03\/PngItem_278380-150x150.jpg\"},{\"@type\":\"BreadcrumbList\",\"@id\":\"https:\/\/www.pravnizapisi.rs\/en\/issues\/issues-2-2011\/7287-2\/#breadcrumb\",\"itemListElement\":[{\"@type\":\"ListItem\",\"position\":1,\"name\":\"\u041f\u043e\u0447\u0435\u0442\u043d\u0430\",\"item\":\"https:\/\/www.pravnizapisi.rs\/en\/\"},{\"@type\":\"ListItem\",\"position\":2,\"name\":\"Issues\",\"item\":\"https:\/\/www.pravnizapisi.rs\/svi-brojevi\/\"},{\"@type\":\"ListItem\",\"position\":3,\"name\":\"Pravni zapisi 2\/2011\",\"item\":\"https:\/\/www.pravnizapisi.rs\/en\/issues\/issues-2-2011\/\"}]},{\"@type\":\"WebSite\",\"@id\":\"https:\/\/pravnizapisi.rs\/#website\",\"url\":\"https:\/\/pravnizapisi.rs\/\",\"name\":\"Pravni Zapisi\",\"description\":\"\",\"publisher\":{\"@id\":\"https:\/\/pravnizapisi.rs\/#organization\"},\"potentialAction\":[{\"@type\":\"SearchAction\",\"target\":{\"@type\":\"EntryPoint\",\"urlTemplate\":\"https:\/\/pravnizapisi.rs\/?s={search_term_string}\"},\"query-input\":{\"@type\":\"PropertyValueSpecification\",\"valueRequired\":true,\"valueName\":\"search_term_string\"}}],\"inLanguage\":\"en-US\"},{\"@type\":\"Organization\",\"@id\":\"https:\/\/pravnizapisi.rs\/#organization\",\"name\":\"Pravni Zapisi\",\"url\":\"https:\/\/pravnizapisi.rs\/\",\"logo\":{\"@type\":\"ImageObject\",\"inLanguage\":\"en-US\",\"@id\":\"https:\/\/pravnizapisi.rs\/#\/schema\/logo\/image\/\",\"url\":\"https:\/\/www.pravnizapisi.rs\/wp-content\/uploads\/2019\/11\/cropped-Header-logo-srb-1-1.jpg\",\"contentUrl\":\"https:\/\/www.pravnizapisi.rs\/wp-content\/uploads\/2019\/11\/cropped-Header-logo-srb-1-1.jpg\",\"width\":580,\"height\":80,\"caption\":\"Pravni Zapisi\"},\"image\":{\"@id\":\"https:\/\/pravnizapisi.rs\/#\/schema\/logo\/image\/\"}}]}<\/script>\n<!-- \/ Yoast SEO plugin. -->","yoast_head_json":{"title":"- Pravni Zapisi","robots":{"index":"index","follow":"follow","max-snippet":"max-snippet:-1","max-image-preview":"max-image-preview:large","max-video-preview":"max-video-preview:-1"},"canonical":"https:\/\/www.pravnizapisi.rs\/en\/issues\/issues-2-2011\/7287-2\/","og_locale":"en_US","og_type":"article","og_title":"- Pravni Zapisi","og_description":"PRAVNI ZAPISI \u2022 Year II \u2022 No. 2 \u2022 pp. 398-429 EU-VERBRAUCHERSCHUTZRECHT ALS TEIL DES ACQUIS COMMUNAUTAIRE \u2013 EUROP\u00c4ISCHER VERBRAUCHERSCHUTZ UND DIE BEITRITTSPERSPEKTIVE SERBIENS ZUR EU \u2013 Prof. dr iur. Achim Rogmann Brunswick European Law School (BELS), Fakult\u00e4t Recht, Ostfalia Hochschule f\u00fcr angewandte Wissenschaften, Wolfenb\u00fcttel . . . Pravni zapisi, No. 2\/2011, pp. 398-429 Review Article DOI: 10.5937\/pravzap1102398X KEY WORDS Europ\u00e4isches Verbraucherschutzrecht; Vertrag von Lissabon; Beitritt Serbiens zur Europ\u00e4ischen Union ABSTRACT Der Beitrag stellt die Bedeutung des im prim\u00e4ren EU-Recht verankerten Verbraucherschutzrechtes im Zusammenhang mit dem Weg Serbiens in die EU dar. Der Einfluss Br\u00fcssels auf die Regelungen zum Verbraucherschutz [&hellip;]","og_url":"https:\/\/www.pravnizapisi.rs\/en\/issues\/issues-2-2011\/7287-2\/","og_site_name":"Pravni Zapisi","article_modified_time":"2021-09-22T14:42:40+00:00","og_image":[{"url":"https:\/\/pravnizapisi.rs\/wp-content\/uploads\/2021\/03\/PngItem_278380-150x150.jpg","type":"","width":"","height":""}],"twitter_card":"summary_large_image","twitter_misc":{"Est. reading time":"2 minutes"},"schema":{"@context":"https:\/\/schema.org","@graph":[{"@type":"WebPage","@id":"https:\/\/www.pravnizapisi.rs\/en\/issues\/issues-2-2011\/7287-2\/","url":"https:\/\/www.pravnizapisi.rs\/en\/issues\/issues-2-2011\/7287-2\/","name":"- Pravni Zapisi","isPartOf":{"@id":"https:\/\/pravnizapisi.rs\/#website"},"primaryImageOfPage":{"@id":"https:\/\/www.pravnizapisi.rs\/en\/issues\/issues-2-2011\/7287-2\/#primaryimage"},"image":{"@id":"https:\/\/www.pravnizapisi.rs\/en\/issues\/issues-2-2011\/7287-2\/#primaryimage"},"thumbnailUrl":"https:\/\/pravnizapisi.rs\/wp-content\/uploads\/2021\/03\/PngItem_278380-150x150.jpg","datePublished":"2021-04-23T16:22:32+00:00","dateModified":"2021-09-22T14:42:40+00:00","breadcrumb":{"@id":"https:\/\/www.pravnizapisi.rs\/en\/issues\/issues-2-2011\/7287-2\/#breadcrumb"},"inLanguage":"en-US","potentialAction":[{"@type":"ReadAction","target":["https:\/\/www.pravnizapisi.rs\/en\/issues\/issues-2-2011\/7287-2\/"]}]},{"@type":"ImageObject","inLanguage":"en-US","@id":"https:\/\/www.pravnizapisi.rs\/en\/issues\/issues-2-2011\/7287-2\/#primaryimage","url":"https:\/\/pravnizapisi.rs\/wp-content\/uploads\/2021\/03\/PngItem_278380-150x150.jpg","contentUrl":"https:\/\/pravnizapisi.rs\/wp-content\/uploads\/2021\/03\/PngItem_278380-150x150.jpg"},{"@type":"BreadcrumbList","@id":"https:\/\/www.pravnizapisi.rs\/en\/issues\/issues-2-2011\/7287-2\/#breadcrumb","itemListElement":[{"@type":"ListItem","position":1,"name":"\u041f\u043e\u0447\u0435\u0442\u043d\u0430","item":"https:\/\/www.pravnizapisi.rs\/en\/"},{"@type":"ListItem","position":2,"name":"Issues","item":"https:\/\/www.pravnizapisi.rs\/svi-brojevi\/"},{"@type":"ListItem","position":3,"name":"Pravni zapisi 2\/2011","item":"https:\/\/www.pravnizapisi.rs\/en\/issues\/issues-2-2011\/"}]},{"@type":"WebSite","@id":"https:\/\/pravnizapisi.rs\/#website","url":"https:\/\/pravnizapisi.rs\/","name":"Pravni Zapisi","description":"","publisher":{"@id":"https:\/\/pravnizapisi.rs\/#organization"},"potentialAction":[{"@type":"SearchAction","target":{"@type":"EntryPoint","urlTemplate":"https:\/\/pravnizapisi.rs\/?s={search_term_string}"},"query-input":{"@type":"PropertyValueSpecification","valueRequired":true,"valueName":"search_term_string"}}],"inLanguage":"en-US"},{"@type":"Organization","@id":"https:\/\/pravnizapisi.rs\/#organization","name":"Pravni Zapisi","url":"https:\/\/pravnizapisi.rs\/","logo":{"@type":"ImageObject","inLanguage":"en-US","@id":"https:\/\/pravnizapisi.rs\/#\/schema\/logo\/image\/","url":"https:\/\/www.pravnizapisi.rs\/wp-content\/uploads\/2019\/11\/cropped-Header-logo-srb-1-1.jpg","contentUrl":"https:\/\/www.pravnizapisi.rs\/wp-content\/uploads\/2019\/11\/cropped-Header-logo-srb-1-1.jpg","width":580,"height":80,"caption":"Pravni Zapisi"},"image":{"@id":"https:\/\/pravnizapisi.rs\/#\/schema\/logo\/image\/"}}]}},"_links":{"self":[{"href":"https:\/\/www.pravnizapisi.rs\/en\/wp-json\/wp\/v2\/pages\/7287","targetHints":{"allow":["GET"]}}],"collection":[{"href":"https:\/\/www.pravnizapisi.rs\/en\/wp-json\/wp\/v2\/pages"}],"about":[{"href":"https:\/\/www.pravnizapisi.rs\/en\/wp-json\/wp\/v2\/types\/page"}],"author":[{"embeddable":true,"href":"https:\/\/www.pravnizapisi.rs\/en\/wp-json\/wp\/v2\/users\/4"}],"replies":[{"embeddable":true,"href":"https:\/\/www.pravnizapisi.rs\/en\/wp-json\/wp\/v2\/comments?post=7287"}],"version-history":[{"count":0,"href":"https:\/\/www.pravnizapisi.rs\/en\/wp-json\/wp\/v2\/pages\/7287\/revisions"}],"up":[{"embeddable":true,"href":"https:\/\/www.pravnizapisi.rs\/en\/wp-json\/wp\/v2\/pages\/6319"}],"wp:attachment":[{"href":"https:\/\/www.pravnizapisi.rs\/en\/wp-json\/wp\/v2\/media?parent=7287"}],"curies":[{"name":"wp","href":"https:\/\/api.w.org\/{rel}","templated":true}]}}