{"id":7735,"date":"2021-04-26T15:18:38","date_gmt":"2021-04-26T15:18:38","guid":{"rendered":"http:\/\/pravnizapisi.rs\/?page_id=7735"},"modified":"2021-09-21T09:04:41","modified_gmt":"2021-09-21T09:04:41","slug":"7735-2","status":"publish","type":"page","link":"https:\/\/www.pravnizapisi.rs\/en\/issues\/issues-1-2016\/7735-2\/","title":{"rendered":""},"content":{"rendered":"<p style=\"text-align: center;\">PRAVNI ZAPISI \u2022 Year VII \u2022 No. 1 \u2022 pp. 68-116<\/p>\n<h3><strong>TOWARDS A BIOGRAPHY OF TOMA \u017dIVANOVI\u0106<\/strong><\/h3>\n<figure id=\"attachment_7055\" aria-describedby=\"caption-attachment-7055\" style=\"width: 95px\" class=\"wp-caption alignright\"><a href=\"https:\/\/pravnizapisi.rs\/wp-content\/uploads\/issues\/1-2016\/Pravni_zapisi_2016-01_04_Jankovic.pdf\"><img loading=\"lazy\" decoding=\"async\" class=\"wp-image-7056\" src=\"https:\/\/pravnizapisi.rs\/wp-content\/uploads\/2021\/03\/PngItem_278380-150x150.jpg\" alt=\"\" width=\"95\" height=\"95\" \/><\/a><figcaption id=\"caption-attachment-7055\" class=\"wp-caption-text\">Language: Serbian<\/figcaption><\/figure>\n<h4><strong>Ivan Jankovi\u0107<br \/>\n<\/strong>Advokat u penziji<br \/>\ne-mail: <a href=\"mailto:ijank@eunet.rs\">ijank@eunet.rs<\/a><\/h4>\n<p><span style=\"color: #ffffff;\">.<\/span><\/p>\n<p><span style=\"color: #ffffff;\">.<\/span><\/p>\n<p>Pravni zapisi, No. 1\/2016, pp. 68-116<\/p>\n<p>Original Scientific Article<\/p>\n<p style=\"text-align: justify;\"><strong>DOI<\/strong>: <a href=\"https:\/\/scindeks.ceon.rs\/article.aspx?query=ISSID%26and%2612828&amp;page=3&amp;sort=8&amp;stype=0&amp;backurl=%2fissue.aspx%3fissue%3d12828%26lang%3den&amp;lang=en\">10.5937\/pravzap0-11185<\/a><\/p>\n<p style=\"text-align: justify;\"><span style=\"text-decoration: underline;\"><strong>KEY WORDS<\/strong><br \/>\n<\/span>Toma \u017divanovi\u0107, criminal law, criminology, synthetic philosophy of law, tripartition, international congresses, International Association of Penal Law (AIDP), Nobel Prize<\/p>\n<p style=\"text-align: justify;\"><span style=\"text-decoration: underline;\"><strong>ABSTRACT\/SUMMARY<\/strong><br \/>\n<\/span>Toma \u017divanovi\u0107 (Thomas Givanovitch, 1884\u20131971) taught criminal law at Belgrade University (1909\u20131945). He obtained his LL.D. from the Sorbonne (1908) and did postdoctoral work in the Berlin Criminalistics Institute under Franz von Liszt (1908\/9). In 1916\u20131918 he taught two courses at the Sorbonne, in which he developed two theoretical insights which were well received in the academia of the time. The first concerned a tripartite division of the fundamental notions in criminal law and the second a \u201esynthetic\u201d philosophy of law.<\/p>\n<p style=\"text-align: justify;\">The paper contributes new data on \u017divanovi\u0107\u2019s personality, life and work. Although recognized in Serbia as a leading international scholar and a victim of Communism, \u017divanovi\u0107 is also the subject of an oral tradition, initially developed by his colleagues and students, which remembers him as a selfish, stingy and rancorous individual, willing to do for money things that people with a more developed moral sense would not, and unwilling to help his students. The paper critically assesses this tradition and finds it to be true in some, but invented in other parts. Born to a family of an uneducated provincial artisan and burdened by a speech im- pediment, \u017divanovi\u0107 suffered from an inferiority complex, which thwarted his social integration. Eventually he entered the high society of the then Yugoslavia, partly because his marriage to an influential socialite. He was a noted member of the leading international associations in criminal law and philosophy and, together with Vespasiano Pella, Raphael Lemkin and several others, belonged to a \u201eselect group\u201d of European lawyers who dealt with issues of international criminal law and terrorism.<\/p>\n<p style=\"text-align: justify;\">After the Communist takeover in 1945, much of \u017divanovi\u0107\u2019s family property was nationalized and he was forced to retire from the University. He did remain a member of the Serbian Academy of Sciences, through which he continued his research and writing, often travelling abroad to work in libraries and participate in international congresses. He published his three-volume Synthetic Philosophy\u00a0 of\u00a0 Law\u00a0 in\u00a0 Yugoslavia, but foreign publishers had lost interest in his work. In the last two decades of his life, \u017divanovi\u0107 became obsessed by what he perceived as the seminal importance of his earlier contributions. He regarded tripartition as a universally applicable \u201ediscovery\u201d (rather than an insight or a theoretical construct), to be used in all legal and many \u201eextra-legal\u201d sciences (such as zoology and pedagogy). He believed that nearly all modern criminal codes were based on his tripartite theory and suspected a conspiracy of legal scholars to minimize or deny his authorship. \u017divanovi\u0107\u2019s obsession gradually made him lose contact with reality. Twice, in 1960 and 1961, he nominated himself for the Nobel Prize in literature (it not being awarded for legal scholarship). Although \u017divanovi\u0107 was indeed an internationally recognized and prominent legal scholar before the Second World War, assessment of his significance prevailing in the Serbian literature is overstated, closer to his own delusional self-image than to reality.<\/p>\n","protected":false},"excerpt":{"rendered":"<p>PRAVNI ZAPISI \u2022 Year VII \u2022 No. 1 \u2022 pp. 68-116 TOWARDS A BIOGRAPHY OF TOMA \u017dIVANOVI\u0106 Ivan Jankovi\u0107 Advokat u penziji e-mail: ijank@eunet.rs . . Pravni zapisi, No. 1\/2016, pp. 68-116 Original Scientific Article DOI: 10.5937\/pravzap0-11185 KEY WORDS Toma \u017divanovi\u0107, criminal law, criminology, synthetic philosophy of law, tripartition, international congresses, International Association of Penal Law (AIDP), Nobel Prize ABSTRACT\/SUMMARY Toma \u017divanovi\u0107 (Thomas Givanovitch, 1884\u20131971) taught criminal law at Belgrade University (1909\u20131945). He obtained his LL.D. from the Sorbonne (1908) and did postdoctoral work in the Berlin Criminalistics Institute under Franz von Liszt (1908\/9). In 1916\u20131918 he taught two courses [&hellip;]<\/p>\n","protected":false},"author":4,"featured_media":0,"parent":6289,"menu_order":0,"comment_status":"closed","ping_status":"closed","template":"template-article.php","meta":{"footnotes":""},"class_list":["post-7735","page","type-page","status-publish","hentry"],"yoast_head":"<!-- This site is optimized with the Yoast SEO plugin v27.1.1 - https:\/\/yoast.com\/product\/yoast-seo-wordpress\/ -->\n<title>- Pravni Zapisi<\/title>\n<meta name=\"robots\" content=\"index, follow, max-snippet:-1, max-image-preview:large, max-video-preview:-1\" \/>\n<link rel=\"canonical\" href=\"https:\/\/www.pravnizapisi.rs\/svi-brojevi\/pravni-zapisi-1-2016\/7732-2\/\" \/>\n<meta property=\"og:locale\" content=\"en_US\" \/>\n<meta property=\"og:type\" content=\"article\" \/>\n<meta property=\"og:title\" content=\"- Pravni Zapisi\" \/>\n<meta property=\"og:description\" content=\"PRAVNI ZAPISI \u2022 Year VII \u2022 No. 1 \u2022 pp. 68-116 TOWARDS A BIOGRAPHY OF TOMA \u017dIVANOVI\u0106 Ivan Jankovi\u0107 Advokat u penziji e-mail: ijank@eunet.rs . . Pravni zapisi, No. 1\/2016, pp. 68-116 Original Scientific Article DOI: 10.5937\/pravzap0-11185 KEY WORDS Toma \u017divanovi\u0107, criminal law, criminology, synthetic philosophy of law, tripartition, international congresses, International Association of Penal Law (AIDP), Nobel Prize ABSTRACT\/SUMMARY Toma \u017divanovi\u0107 (Thomas Givanovitch, 1884\u20131971) taught criminal law at Belgrade University (1909\u20131945). He obtained his LL.D. from the Sorbonne (1908) and did postdoctoral work in the Berlin Criminalistics Institute under Franz von Liszt (1908\/9). In 1916\u20131918 he taught two courses [&hellip;]\" \/>\n<meta property=\"og:url\" content=\"https:\/\/www.pravnizapisi.rs\/svi-brojevi\/pravni-zapisi-1-2016\/7732-2\/\" \/>\n<meta property=\"og:site_name\" content=\"Pravni Zapisi\" \/>\n<meta property=\"article:modified_time\" content=\"2021-09-21T09:04:41+00:00\" \/>\n<meta property=\"og:image\" content=\"https:\/\/pravnizapisi.rs\/wp-content\/uploads\/2021\/03\/PngItem_278380-150x150.jpg\" \/>\n<meta name=\"twitter:card\" content=\"summary_large_image\" \/>\n<meta name=\"twitter:label1\" content=\"Est. reading time\" \/>\n\t<meta name=\"twitter:data1\" content=\"3 minutes\" \/>\n<script type=\"application\/ld+json\" class=\"yoast-schema-graph\">{\"@context\":\"https:\/\/schema.org\",\"@graph\":[{\"@type\":\"WebPage\",\"@id\":\"https:\/\/www.pravnizapisi.rs\/svi-brojevi\/pravni-zapisi-1-2016\/7732-2\/\",\"url\":\"https:\/\/www.pravnizapisi.rs\/svi-brojevi\/pravni-zapisi-1-2016\/7732-2\/\",\"name\":\"- Pravni Zapisi\",\"isPartOf\":{\"@id\":\"https:\/\/pravnizapisi.rs\/#website\"},\"primaryImageOfPage\":{\"@id\":\"https:\/\/www.pravnizapisi.rs\/svi-brojevi\/pravni-zapisi-1-2016\/7732-2\/#primaryimage\"},\"image\":{\"@id\":\"https:\/\/www.pravnizapisi.rs\/svi-brojevi\/pravni-zapisi-1-2016\/7732-2\/#primaryimage\"},\"thumbnailUrl\":\"https:\/\/pravnizapisi.rs\/wp-content\/uploads\/2021\/03\/PngItem_278380-150x150.jpg\",\"datePublished\":\"2021-04-26T15:18:38+00:00\",\"dateModified\":\"2021-09-21T09:04:41+00:00\",\"breadcrumb\":{\"@id\":\"https:\/\/www.pravnizapisi.rs\/svi-brojevi\/pravni-zapisi-1-2016\/7732-2\/#breadcrumb\"},\"inLanguage\":\"en-US\",\"potentialAction\":[{\"@type\":\"ReadAction\",\"target\":[\"https:\/\/www.pravnizapisi.rs\/svi-brojevi\/pravni-zapisi-1-2016\/7732-2\/\"]}]},{\"@type\":\"ImageObject\",\"inLanguage\":\"en-US\",\"@id\":\"https:\/\/www.pravnizapisi.rs\/svi-brojevi\/pravni-zapisi-1-2016\/7732-2\/#primaryimage\",\"url\":\"https:\/\/pravnizapisi.rs\/wp-content\/uploads\/2021\/03\/PngItem_278380-150x150.jpg\",\"contentUrl\":\"https:\/\/pravnizapisi.rs\/wp-content\/uploads\/2021\/03\/PngItem_278380-150x150.jpg\"},{\"@type\":\"BreadcrumbList\",\"@id\":\"https:\/\/www.pravnizapisi.rs\/svi-brojevi\/pravni-zapisi-1-2016\/7732-2\/#breadcrumb\",\"itemListElement\":[{\"@type\":\"ListItem\",\"position\":1,\"name\":\"\u041f\u043e\u0447\u0435\u0442\u043d\u0430\",\"item\":\"https:\/\/www.pravnizapisi.rs\/en\/\"},{\"@type\":\"ListItem\",\"position\":2,\"name\":\"Issues\",\"item\":\"https:\/\/www.pravnizapisi.rs\/svi-brojevi\/\"},{\"@type\":\"ListItem\",\"position\":3,\"name\":\"Pravni zapisi 1\/2016\",\"item\":\"https:\/\/www.pravnizapisi.rs\/en\/issues\/issues-1-2016\/\"}]},{\"@type\":\"WebSite\",\"@id\":\"https:\/\/pravnizapisi.rs\/#website\",\"url\":\"https:\/\/pravnizapisi.rs\/\",\"name\":\"Pravni Zapisi\",\"description\":\"\",\"publisher\":{\"@id\":\"https:\/\/pravnizapisi.rs\/#organization\"},\"potentialAction\":[{\"@type\":\"SearchAction\",\"target\":{\"@type\":\"EntryPoint\",\"urlTemplate\":\"https:\/\/pravnizapisi.rs\/?s={search_term_string}\"},\"query-input\":{\"@type\":\"PropertyValueSpecification\",\"valueRequired\":true,\"valueName\":\"search_term_string\"}}],\"inLanguage\":\"en-US\"},{\"@type\":\"Organization\",\"@id\":\"https:\/\/pravnizapisi.rs\/#organization\",\"name\":\"Pravni Zapisi\",\"url\":\"https:\/\/pravnizapisi.rs\/\",\"logo\":{\"@type\":\"ImageObject\",\"inLanguage\":\"en-US\",\"@id\":\"https:\/\/pravnizapisi.rs\/#\/schema\/logo\/image\/\",\"url\":\"https:\/\/www.pravnizapisi.rs\/wp-content\/uploads\/2019\/11\/cropped-Header-logo-srb-1-1.jpg\",\"contentUrl\":\"https:\/\/www.pravnizapisi.rs\/wp-content\/uploads\/2019\/11\/cropped-Header-logo-srb-1-1.jpg\",\"width\":580,\"height\":80,\"caption\":\"Pravni Zapisi\"},\"image\":{\"@id\":\"https:\/\/pravnizapisi.rs\/#\/schema\/logo\/image\/\"}}]}<\/script>\n<!-- \/ Yoast SEO plugin. -->","yoast_head_json":{"title":"- Pravni Zapisi","robots":{"index":"index","follow":"follow","max-snippet":"max-snippet:-1","max-image-preview":"max-image-preview:large","max-video-preview":"max-video-preview:-1"},"canonical":"https:\/\/www.pravnizapisi.rs\/svi-brojevi\/pravni-zapisi-1-2016\/7732-2\/","og_locale":"en_US","og_type":"article","og_title":"- Pravni Zapisi","og_description":"PRAVNI ZAPISI \u2022 Year VII \u2022 No. 1 \u2022 pp. 68-116 TOWARDS A BIOGRAPHY OF TOMA \u017dIVANOVI\u0106 Ivan Jankovi\u0107 Advokat u penziji e-mail: ijank@eunet.rs . . Pravni zapisi, No. 1\/2016, pp. 68-116 Original Scientific Article DOI: 10.5937\/pravzap0-11185 KEY WORDS Toma \u017divanovi\u0107, criminal law, criminology, synthetic philosophy of law, tripartition, international congresses, International Association of Penal Law (AIDP), Nobel Prize ABSTRACT\/SUMMARY Toma \u017divanovi\u0107 (Thomas Givanovitch, 1884\u20131971) taught criminal law at Belgrade University (1909\u20131945). He obtained his LL.D. from the Sorbonne (1908) and did postdoctoral work in the Berlin Criminalistics Institute under Franz von Liszt (1908\/9). In 1916\u20131918 he taught two courses [&hellip;]","og_url":"https:\/\/www.pravnizapisi.rs\/svi-brojevi\/pravni-zapisi-1-2016\/7732-2\/","og_site_name":"Pravni Zapisi","article_modified_time":"2021-09-21T09:04:41+00:00","og_image":[{"url":"https:\/\/pravnizapisi.rs\/wp-content\/uploads\/2021\/03\/PngItem_278380-150x150.jpg","type":"","width":"","height":""}],"twitter_card":"summary_large_image","twitter_misc":{"Est. reading time":"3 minutes"},"schema":{"@context":"https:\/\/schema.org","@graph":[{"@type":"WebPage","@id":"https:\/\/www.pravnizapisi.rs\/svi-brojevi\/pravni-zapisi-1-2016\/7732-2\/","url":"https:\/\/www.pravnizapisi.rs\/svi-brojevi\/pravni-zapisi-1-2016\/7732-2\/","name":"- Pravni Zapisi","isPartOf":{"@id":"https:\/\/pravnizapisi.rs\/#website"},"primaryImageOfPage":{"@id":"https:\/\/www.pravnizapisi.rs\/svi-brojevi\/pravni-zapisi-1-2016\/7732-2\/#primaryimage"},"image":{"@id":"https:\/\/www.pravnizapisi.rs\/svi-brojevi\/pravni-zapisi-1-2016\/7732-2\/#primaryimage"},"thumbnailUrl":"https:\/\/pravnizapisi.rs\/wp-content\/uploads\/2021\/03\/PngItem_278380-150x150.jpg","datePublished":"2021-04-26T15:18:38+00:00","dateModified":"2021-09-21T09:04:41+00:00","breadcrumb":{"@id":"https:\/\/www.pravnizapisi.rs\/svi-brojevi\/pravni-zapisi-1-2016\/7732-2\/#breadcrumb"},"inLanguage":"en-US","potentialAction":[{"@type":"ReadAction","target":["https:\/\/www.pravnizapisi.rs\/svi-brojevi\/pravni-zapisi-1-2016\/7732-2\/"]}]},{"@type":"ImageObject","inLanguage":"en-US","@id":"https:\/\/www.pravnizapisi.rs\/svi-brojevi\/pravni-zapisi-1-2016\/7732-2\/#primaryimage","url":"https:\/\/pravnizapisi.rs\/wp-content\/uploads\/2021\/03\/PngItem_278380-150x150.jpg","contentUrl":"https:\/\/pravnizapisi.rs\/wp-content\/uploads\/2021\/03\/PngItem_278380-150x150.jpg"},{"@type":"BreadcrumbList","@id":"https:\/\/www.pravnizapisi.rs\/svi-brojevi\/pravni-zapisi-1-2016\/7732-2\/#breadcrumb","itemListElement":[{"@type":"ListItem","position":1,"name":"\u041f\u043e\u0447\u0435\u0442\u043d\u0430","item":"https:\/\/www.pravnizapisi.rs\/en\/"},{"@type":"ListItem","position":2,"name":"Issues","item":"https:\/\/www.pravnizapisi.rs\/svi-brojevi\/"},{"@type":"ListItem","position":3,"name":"Pravni zapisi 1\/2016","item":"https:\/\/www.pravnizapisi.rs\/en\/issues\/issues-1-2016\/"}]},{"@type":"WebSite","@id":"https:\/\/pravnizapisi.rs\/#website","url":"https:\/\/pravnizapisi.rs\/","name":"Pravni Zapisi","description":"","publisher":{"@id":"https:\/\/pravnizapisi.rs\/#organization"},"potentialAction":[{"@type":"SearchAction","target":{"@type":"EntryPoint","urlTemplate":"https:\/\/pravnizapisi.rs\/?s={search_term_string}"},"query-input":{"@type":"PropertyValueSpecification","valueRequired":true,"valueName":"search_term_string"}}],"inLanguage":"en-US"},{"@type":"Organization","@id":"https:\/\/pravnizapisi.rs\/#organization","name":"Pravni Zapisi","url":"https:\/\/pravnizapisi.rs\/","logo":{"@type":"ImageObject","inLanguage":"en-US","@id":"https:\/\/pravnizapisi.rs\/#\/schema\/logo\/image\/","url":"https:\/\/www.pravnizapisi.rs\/wp-content\/uploads\/2019\/11\/cropped-Header-logo-srb-1-1.jpg","contentUrl":"https:\/\/www.pravnizapisi.rs\/wp-content\/uploads\/2019\/11\/cropped-Header-logo-srb-1-1.jpg","width":580,"height":80,"caption":"Pravni Zapisi"},"image":{"@id":"https:\/\/pravnizapisi.rs\/#\/schema\/logo\/image\/"}}]}},"_links":{"self":[{"href":"https:\/\/www.pravnizapisi.rs\/en\/wp-json\/wp\/v2\/pages\/7735","targetHints":{"allow":["GET"]}}],"collection":[{"href":"https:\/\/www.pravnizapisi.rs\/en\/wp-json\/wp\/v2\/pages"}],"about":[{"href":"https:\/\/www.pravnizapisi.rs\/en\/wp-json\/wp\/v2\/types\/page"}],"author":[{"embeddable":true,"href":"https:\/\/www.pravnizapisi.rs\/en\/wp-json\/wp\/v2\/users\/4"}],"replies":[{"embeddable":true,"href":"https:\/\/www.pravnizapisi.rs\/en\/wp-json\/wp\/v2\/comments?post=7735"}],"version-history":[{"count":0,"href":"https:\/\/www.pravnizapisi.rs\/en\/wp-json\/wp\/v2\/pages\/7735\/revisions"}],"up":[{"embeddable":true,"href":"https:\/\/www.pravnizapisi.rs\/en\/wp-json\/wp\/v2\/pages\/6289"}],"wp:attachment":[{"href":"https:\/\/www.pravnizapisi.rs\/en\/wp-json\/wp\/v2\/media?parent=7735"}],"curies":[{"name":"wp","href":"https:\/\/api.w.org\/{rel}","templated":true}]}}