{"id":8016,"date":"2021-04-30T20:57:36","date_gmt":"2021-04-30T20:57:36","guid":{"rendered":"http:\/\/pravnizapisi.rs\/?page_id=8016"},"modified":"2021-11-28T22:13:28","modified_gmt":"2021-11-28T22:13:28","slug":"8016-2","status":"publish","type":"page","link":"https:\/\/www.pravnizapisi.rs\/en\/issues\/pravni-zapisi-2-2019\/8016-2\/","title":{"rendered":""},"content":{"rendered":"<p style=\"text-align: center;\">PRAVNI ZAPISI \u2022 Year X \u2022 No. 2 \u2022 pp. 358-381<\/p>\n<h3><strong>ORDOLIBERAL ARTICULATION OF LAW-ECONOMY COMPLEX<\/strong><\/h3>\n<figure id=\"attachment_7055\" aria-describedby=\"caption-attachment-7055\" style=\"width: 95px\" class=\"wp-caption alignright\"><a href=\"https:\/\/pravnizapisi.rs\/wp-content\/uploads\/issues\/2-2019\/Pravni_zapisi_2019-02_03_Losonc-Buncic-Ivanisevic.pdf\"><img loading=\"lazy\" decoding=\"async\" class=\"wp-image-7056\" src=\"https:\/\/pravnizapisi.rs\/wp-content\/uploads\/2021\/03\/PngItem_278380-150x150.jpg\" alt=\"\" width=\"95\" height=\"95\"><\/a><figcaption id=\"caption-attachment-7055\" class=\"wp-caption-text\">Language: English<\/figcaption><\/figure>\n<h4><strong>Prof. dr Alpar Lo\u0161onc<br \/>\n<\/strong>Professor, University of Novi Sad Faculty of Technical Sciences<br \/>\ne-mail: <a href=\"mailto:alpar@uns.ac.rs\">alpar@uns.ac.rs<\/a><\/h4>\n<h4><strong>Prof. dr Sonja Bun\u010di\u0107<br \/>\n<\/strong>Professor, University of Novi Sad Faculty of Technical Sciences<br \/>\ne-mail:<a href=\"mailto:sonja.buncic@gmail.com\">sonja.buncic@gmail.com<\/a><\/h4>\n<h4><strong>Prof. dr Andrea Ivani\u0161evi\u0107<br \/>\n<\/strong>Associate Professor, University of Novi Sad Faculty of Technical Sciences<br \/>\ne-mail: <a href=\"mailto:andrei@uns.ac.rs\">andrei@uns.ac.rs<\/a><\/h4>\n<p>Pravni zapisi, No. 2\/2019, pp. 358-381<\/p>\n<p>Original Scientific Article<\/p>\n<p style=\"text-align: justify;\"><strong>DOI<\/strong>: <a href=\"https:\/\/scindeks.ceon.rs\/article.aspx?query=ISSID%26and%2614850&amp;page=2&amp;sort=8&amp;stype=0&amp;backurl=%2fissue.aspx%3fissue%3d14850%26lang%3den&amp;lang=en\">10.5937\/pravzap0-23830<\/a><\/p>\n<p style=\"text-align: justify;\"><span style=\"text-decoration: underline;\"><strong>KEY WORDS<\/strong><br \/>\n<\/span>ordoliberalism, law and economics, crisis, constitutionalization, economization<\/p>\n<p style=\"text-align: justify;\"><span style=\"text-decoration: underline;\"><strong>ABSTRACT<\/strong><br \/>\n<\/span>Various orientations regarding the&nbsp; relationship&nbsp; between&nbsp; law&nbsp; and&nbsp; economics&nbsp; have&nbsp; emerged&nbsp; in&nbsp; recent&nbsp; decades.&nbsp; However, it should be remembered that German ordoliberalism has already formed a definite and striking orientation regarding the aforementioned relationship between law and economics. Also, ordoliberalism can be seen as the ancestor when it comes to the treatment of the afore- mentioned relationship. This paper intends to follow ordoliberal conceptualization in the field of law and it consists of three parts. The first part describes briefly the emergence of ordoliberalism and presents the reasons for the influence of ordoliberalism on today\u2019s European self-thematization. The second part attempts to show that law is understood as a constituent orientation with respect to the order, a key point of the ordoliberal project, and it explains the meaning of economic constitutionalism. The third part analyzes the importance of competition in the creation of order and it questions how ordoliberalism treats the relation between law and economics, especially in the domain of competition law. The same section explores the issue of defending the identity of ordoliberalism in the context of overall legal and economic dynamics.<\/p>\n","protected":false},"excerpt":{"rendered":"<p>PRAVNI ZAPISI \u2022 Year X \u2022 No. 2 \u2022 pp. 358-381 ORDOLIBERAL ARTICULATION OF LAW-ECONOMY COMPLEX Prof. dr Alpar Lo\u0161onc Professor, University of Novi Sad Faculty of Technical Sciences e-mail: alpar@uns.ac.rs Prof. dr Sonja Bun\u010di\u0107 Professor, University of Novi Sad Faculty of Technical Sciences e-mail:sonja.buncic@gmail.com Prof. dr Andrea Ivani\u0161evi\u0107 Associate Professor, University of Novi Sad Faculty of Technical Sciences e-mail: andrei@uns.ac.rs Pravni zapisi, No. 2\/2019, pp. 358-381 Original Scientific Article DOI: 10.5937\/pravzap0-23830 KEY WORDS ordoliberalism, law and economics, crisis, constitutionalization, economization ABSTRACT Various orientations regarding the&nbsp; relationship&nbsp; between&nbsp; law&nbsp; and&nbsp; economics&nbsp; have&nbsp; emerged&nbsp; in&nbsp; recent&nbsp; decades.&nbsp; However, it should be [&hellip;]<\/p>\n","protected":false},"author":4,"featured_media":0,"parent":6727,"menu_order":0,"comment_status":"closed","ping_status":"closed","template":"template-article.php","meta":{"footnotes":""},"class_list":["post-8016","page","type-page","status-publish","hentry"],"yoast_head":"<!-- This site is optimized with the Yoast SEO plugin v27.1.1 - https:\/\/yoast.com\/product\/yoast-seo-wordpress\/ -->\n<title>- Pravni Zapisi<\/title>\n<meta name=\"robots\" content=\"index, follow, max-snippet:-1, max-image-preview:large, max-video-preview:-1\" \/>\n<link rel=\"canonical\" href=\"https:\/\/www.pravnizapisi.rs\/en\/issues\/pravni-zapisi-2-2019\/8016-2\/\" \/>\n<meta property=\"og:locale\" content=\"en_US\" \/>\n<meta property=\"og:type\" content=\"article\" \/>\n<meta property=\"og:title\" content=\"- Pravni Zapisi\" \/>\n<meta property=\"og:description\" content=\"PRAVNI ZAPISI \u2022 Year X \u2022 No. 2 \u2022 pp. 358-381 ORDOLIBERAL ARTICULATION OF LAW-ECONOMY COMPLEX Prof. dr Alpar Lo\u0161onc Professor, University of Novi Sad Faculty of Technical Sciences e-mail: alpar@uns.ac.rs Prof. dr Sonja Bun\u010di\u0107 Professor, University of Novi Sad Faculty of Technical Sciences e-mail:sonja.buncic@gmail.com Prof. dr Andrea Ivani\u0161evi\u0107 Associate Professor, University of Novi Sad Faculty of Technical Sciences e-mail: andrei@uns.ac.rs Pravni zapisi, No. 2\/2019, pp. 358-381 Original Scientific Article DOI: 10.5937\/pravzap0-23830 KEY WORDS ordoliberalism, law and economics, crisis, constitutionalization, economization ABSTRACT Various orientations regarding the&nbsp; relationship&nbsp; between&nbsp; law&nbsp; and&nbsp; economics&nbsp; have&nbsp; emerged&nbsp; in&nbsp; recent&nbsp; decades.&nbsp; However, it should be [&hellip;]\" \/>\n<meta property=\"og:url\" content=\"https:\/\/www.pravnizapisi.rs\/en\/issues\/pravni-zapisi-2-2019\/8016-2\/\" \/>\n<meta property=\"og:site_name\" content=\"Pravni Zapisi\" \/>\n<meta property=\"article:modified_time\" content=\"2021-11-28T22:13:28+00:00\" \/>\n<meta property=\"og:image\" content=\"https:\/\/www.pravnizapisi.rs\/wp-content\/uploads\/2021\/11\/Naslovna-2019-02.jpg\" \/>\n\t<meta property=\"og:image:width\" content=\"585\" \/>\n\t<meta property=\"og:image:height\" content=\"869\" \/>\n\t<meta property=\"og:image:type\" content=\"image\/jpeg\" \/>\n<meta name=\"twitter:card\" content=\"summary_large_image\" \/>\n<meta name=\"twitter:image\" content=\"https:\/\/www.pravnizapisi.rs\/wp-content\/uploads\/2021\/11\/Naslovna-2019-02.jpg\" \/>\n<meta name=\"twitter:label1\" content=\"Est. reading time\" \/>\n\t<meta name=\"twitter:data1\" content=\"2 minutes\" \/>\n<script type=\"application\/ld+json\" class=\"yoast-schema-graph\">{\"@context\":\"https:\/\/schema.org\",\"@graph\":[{\"@type\":\"WebPage\",\"@id\":\"https:\/\/www.pravnizapisi.rs\/en\/issues\/pravni-zapisi-2-2019\/8016-2\/\",\"url\":\"https:\/\/www.pravnizapisi.rs\/en\/issues\/pravni-zapisi-2-2019\/8016-2\/\",\"name\":\"- Pravni Zapisi\",\"isPartOf\":{\"@id\":\"https:\/\/pravnizapisi.rs\/#website\"},\"primaryImageOfPage\":{\"@id\":\"https:\/\/www.pravnizapisi.rs\/en\/issues\/pravni-zapisi-2-2019\/8016-2\/#primaryimage\"},\"image\":{\"@id\":\"https:\/\/www.pravnizapisi.rs\/en\/issues\/pravni-zapisi-2-2019\/8016-2\/#primaryimage\"},\"thumbnailUrl\":\"https:\/\/pravnizapisi.rs\/wp-content\/uploads\/2021\/03\/PngItem_278380-150x150.jpg\",\"datePublished\":\"2021-04-30T20:57:36+00:00\",\"dateModified\":\"2021-11-28T22:13:28+00:00\",\"breadcrumb\":{\"@id\":\"https:\/\/www.pravnizapisi.rs\/en\/issues\/pravni-zapisi-2-2019\/8016-2\/#breadcrumb\"},\"inLanguage\":\"en-US\",\"potentialAction\":[{\"@type\":\"ReadAction\",\"target\":[\"https:\/\/www.pravnizapisi.rs\/en\/issues\/pravni-zapisi-2-2019\/8016-2\/\"]}]},{\"@type\":\"ImageObject\",\"inLanguage\":\"en-US\",\"@id\":\"https:\/\/www.pravnizapisi.rs\/en\/issues\/pravni-zapisi-2-2019\/8016-2\/#primaryimage\",\"url\":\"https:\/\/pravnizapisi.rs\/wp-content\/uploads\/2021\/03\/PngItem_278380-150x150.jpg\",\"contentUrl\":\"https:\/\/pravnizapisi.rs\/wp-content\/uploads\/2021\/03\/PngItem_278380-150x150.jpg\"},{\"@type\":\"BreadcrumbList\",\"@id\":\"https:\/\/www.pravnizapisi.rs\/en\/issues\/pravni-zapisi-2-2019\/8016-2\/#breadcrumb\",\"itemListElement\":[{\"@type\":\"ListItem\",\"position\":1,\"name\":\"\u041f\u043e\u0447\u0435\u0442\u043d\u0430\",\"item\":\"https:\/\/www.pravnizapisi.rs\/en\/\"},{\"@type\":\"ListItem\",\"position\":2,\"name\":\"Issues\",\"item\":\"https:\/\/www.pravnizapisi.rs\/svi-brojevi\/\"},{\"@type\":\"ListItem\",\"position\":3,\"name\":\"Pravni zapisi 2\/2019\",\"item\":\"https:\/\/www.pravnizapisi.rs\/en\/issues\/pravni-zapisi-2-2019\/\"}]},{\"@type\":\"WebSite\",\"@id\":\"https:\/\/pravnizapisi.rs\/#website\",\"url\":\"https:\/\/pravnizapisi.rs\/\",\"name\":\"Pravni Zapisi\",\"description\":\"\",\"publisher\":{\"@id\":\"https:\/\/pravnizapisi.rs\/#organization\"},\"potentialAction\":[{\"@type\":\"SearchAction\",\"target\":{\"@type\":\"EntryPoint\",\"urlTemplate\":\"https:\/\/pravnizapisi.rs\/?s={search_term_string}\"},\"query-input\":{\"@type\":\"PropertyValueSpecification\",\"valueRequired\":true,\"valueName\":\"search_term_string\"}}],\"inLanguage\":\"en-US\"},{\"@type\":\"Organization\",\"@id\":\"https:\/\/pravnizapisi.rs\/#organization\",\"name\":\"Pravni Zapisi\",\"url\":\"https:\/\/pravnizapisi.rs\/\",\"logo\":{\"@type\":\"ImageObject\",\"inLanguage\":\"en-US\",\"@id\":\"https:\/\/pravnizapisi.rs\/#\/schema\/logo\/image\/\",\"url\":\"https:\/\/www.pravnizapisi.rs\/wp-content\/uploads\/2019\/11\/cropped-Header-logo-srb-1-1.jpg\",\"contentUrl\":\"https:\/\/www.pravnizapisi.rs\/wp-content\/uploads\/2019\/11\/cropped-Header-logo-srb-1-1.jpg\",\"width\":580,\"height\":80,\"caption\":\"Pravni Zapisi\"},\"image\":{\"@id\":\"https:\/\/pravnizapisi.rs\/#\/schema\/logo\/image\/\"}}]}<\/script>\n<!-- \/ Yoast SEO plugin. -->","yoast_head_json":{"title":"- Pravni Zapisi","robots":{"index":"index","follow":"follow","max-snippet":"max-snippet:-1","max-image-preview":"max-image-preview:large","max-video-preview":"max-video-preview:-1"},"canonical":"https:\/\/www.pravnizapisi.rs\/en\/issues\/pravni-zapisi-2-2019\/8016-2\/","og_locale":"en_US","og_type":"article","og_title":"- Pravni Zapisi","og_description":"PRAVNI ZAPISI \u2022 Year X \u2022 No. 2 \u2022 pp. 358-381 ORDOLIBERAL ARTICULATION OF LAW-ECONOMY COMPLEX Prof. dr Alpar Lo\u0161onc Professor, University of Novi Sad Faculty of Technical Sciences e-mail: alpar@uns.ac.rs Prof. dr Sonja Bun\u010di\u0107 Professor, University of Novi Sad Faculty of Technical Sciences e-mail:sonja.buncic@gmail.com Prof. dr Andrea Ivani\u0161evi\u0107 Associate Professor, University of Novi Sad Faculty of Technical Sciences e-mail: andrei@uns.ac.rs Pravni zapisi, No. 2\/2019, pp. 358-381 Original Scientific Article DOI: 10.5937\/pravzap0-23830 KEY WORDS ordoliberalism, law and economics, crisis, constitutionalization, economization ABSTRACT Various orientations regarding the&nbsp; relationship&nbsp; between&nbsp; law&nbsp; and&nbsp; economics&nbsp; have&nbsp; emerged&nbsp; in&nbsp; recent&nbsp; decades.&nbsp; However, it should be [&hellip;]","og_url":"https:\/\/www.pravnizapisi.rs\/en\/issues\/pravni-zapisi-2-2019\/8016-2\/","og_site_name":"Pravni Zapisi","article_modified_time":"2021-11-28T22:13:28+00:00","og_image":[{"width":585,"height":869,"url":"https:\/\/www.pravnizapisi.rs\/wp-content\/uploads\/2021\/11\/Naslovna-2019-02.jpg","type":"image\/jpeg"}],"twitter_card":"summary_large_image","twitter_image":"https:\/\/www.pravnizapisi.rs\/wp-content\/uploads\/2021\/11\/Naslovna-2019-02.jpg","twitter_misc":{"Est. reading time":"2 minutes"},"schema":{"@context":"https:\/\/schema.org","@graph":[{"@type":"WebPage","@id":"https:\/\/www.pravnizapisi.rs\/en\/issues\/pravni-zapisi-2-2019\/8016-2\/","url":"https:\/\/www.pravnizapisi.rs\/en\/issues\/pravni-zapisi-2-2019\/8016-2\/","name":"- Pravni Zapisi","isPartOf":{"@id":"https:\/\/pravnizapisi.rs\/#website"},"primaryImageOfPage":{"@id":"https:\/\/www.pravnizapisi.rs\/en\/issues\/pravni-zapisi-2-2019\/8016-2\/#primaryimage"},"image":{"@id":"https:\/\/www.pravnizapisi.rs\/en\/issues\/pravni-zapisi-2-2019\/8016-2\/#primaryimage"},"thumbnailUrl":"https:\/\/pravnizapisi.rs\/wp-content\/uploads\/2021\/03\/PngItem_278380-150x150.jpg","datePublished":"2021-04-30T20:57:36+00:00","dateModified":"2021-11-28T22:13:28+00:00","breadcrumb":{"@id":"https:\/\/www.pravnizapisi.rs\/en\/issues\/pravni-zapisi-2-2019\/8016-2\/#breadcrumb"},"inLanguage":"en-US","potentialAction":[{"@type":"ReadAction","target":["https:\/\/www.pravnizapisi.rs\/en\/issues\/pravni-zapisi-2-2019\/8016-2\/"]}]},{"@type":"ImageObject","inLanguage":"en-US","@id":"https:\/\/www.pravnizapisi.rs\/en\/issues\/pravni-zapisi-2-2019\/8016-2\/#primaryimage","url":"https:\/\/pravnizapisi.rs\/wp-content\/uploads\/2021\/03\/PngItem_278380-150x150.jpg","contentUrl":"https:\/\/pravnizapisi.rs\/wp-content\/uploads\/2021\/03\/PngItem_278380-150x150.jpg"},{"@type":"BreadcrumbList","@id":"https:\/\/www.pravnizapisi.rs\/en\/issues\/pravni-zapisi-2-2019\/8016-2\/#breadcrumb","itemListElement":[{"@type":"ListItem","position":1,"name":"\u041f\u043e\u0447\u0435\u0442\u043d\u0430","item":"https:\/\/www.pravnizapisi.rs\/en\/"},{"@type":"ListItem","position":2,"name":"Issues","item":"https:\/\/www.pravnizapisi.rs\/svi-brojevi\/"},{"@type":"ListItem","position":3,"name":"Pravni zapisi 2\/2019","item":"https:\/\/www.pravnizapisi.rs\/en\/issues\/pravni-zapisi-2-2019\/"}]},{"@type":"WebSite","@id":"https:\/\/pravnizapisi.rs\/#website","url":"https:\/\/pravnizapisi.rs\/","name":"Pravni Zapisi","description":"","publisher":{"@id":"https:\/\/pravnizapisi.rs\/#organization"},"potentialAction":[{"@type":"SearchAction","target":{"@type":"EntryPoint","urlTemplate":"https:\/\/pravnizapisi.rs\/?s={search_term_string}"},"query-input":{"@type":"PropertyValueSpecification","valueRequired":true,"valueName":"search_term_string"}}],"inLanguage":"en-US"},{"@type":"Organization","@id":"https:\/\/pravnizapisi.rs\/#organization","name":"Pravni Zapisi","url":"https:\/\/pravnizapisi.rs\/","logo":{"@type":"ImageObject","inLanguage":"en-US","@id":"https:\/\/pravnizapisi.rs\/#\/schema\/logo\/image\/","url":"https:\/\/www.pravnizapisi.rs\/wp-content\/uploads\/2019\/11\/cropped-Header-logo-srb-1-1.jpg","contentUrl":"https:\/\/www.pravnizapisi.rs\/wp-content\/uploads\/2019\/11\/cropped-Header-logo-srb-1-1.jpg","width":580,"height":80,"caption":"Pravni Zapisi"},"image":{"@id":"https:\/\/pravnizapisi.rs\/#\/schema\/logo\/image\/"}}]}},"_links":{"self":[{"href":"https:\/\/www.pravnizapisi.rs\/en\/wp-json\/wp\/v2\/pages\/8016","targetHints":{"allow":["GET"]}}],"collection":[{"href":"https:\/\/www.pravnizapisi.rs\/en\/wp-json\/wp\/v2\/pages"}],"about":[{"href":"https:\/\/www.pravnizapisi.rs\/en\/wp-json\/wp\/v2\/types\/page"}],"author":[{"embeddable":true,"href":"https:\/\/www.pravnizapisi.rs\/en\/wp-json\/wp\/v2\/users\/4"}],"replies":[{"embeddable":true,"href":"https:\/\/www.pravnizapisi.rs\/en\/wp-json\/wp\/v2\/comments?post=8016"}],"version-history":[{"count":0,"href":"https:\/\/www.pravnizapisi.rs\/en\/wp-json\/wp\/v2\/pages\/8016\/revisions"}],"up":[{"embeddable":true,"href":"https:\/\/www.pravnizapisi.rs\/en\/wp-json\/wp\/v2\/pages\/6727"}],"wp:attachment":[{"href":"https:\/\/www.pravnizapisi.rs\/en\/wp-json\/wp\/v2\/media?parent=8016"}],"curies":[{"name":"wp","href":"https:\/\/api.w.org\/{rel}","templated":true}]}}