{"id":8095,"date":"2021-05-01T11:41:43","date_gmt":"2021-05-01T11:41:43","guid":{"rendered":"http:\/\/pravnizapisi.rs\/?page_id=8095"},"modified":"2021-09-21T08:24:45","modified_gmt":"2021-09-21T08:24:45","slug":"8095-2","status":"publish","type":"page","link":"https:\/\/www.pravnizapisi.rs\/en\/issues\/issues-1-2017\/8095-2\/","title":{"rendered":""},"content":{"rendered":"<p style=\"text-align: center;\">PRAVNI ZAPISI \u2022 Year VIII \u2022 No. 1 \u2022 pp. 34-48<\/p>\n<h3><strong>FOREIGN INVESTMENT CONTRACT STATUS DURING THE RENEGOTIATION OF HOST STATE AND FOREIGN INVESTOR<\/strong><\/h3>\n<figure id=\"attachment_7055\" aria-describedby=\"caption-attachment-7055\" style=\"width: 95px\" class=\"wp-caption alignright\"><a href=\"https:\/\/pravnizapisi.rs\/wp-content\/uploads\/issues\/1-2017\/Pravni_zapisi_2017-01_03_Dubajic.pdf\"><img loading=\"lazy\" decoding=\"async\" class=\"wp-image-7056\" src=\"https:\/\/pravnizapisi.rs\/wp-content\/uploads\/2021\/03\/PngItem_278380-150x150.jpg\" alt=\"\" width=\"95\" height=\"95\" \/><\/a><figcaption id=\"caption-attachment-7055\" class=\"wp-caption-text\">Language: Serbian<\/figcaption><\/figure>\n<h4><strong>Du\u0161an Dubaji\u0107, Masters of Law<br \/>\n<\/strong>PhD student, University of Ni\u0161 Law School<br \/>\ne-mail: <a href=\"mailto:dusandubajic90@gmail.com\">dusandubajic90@gmail.com<\/a><\/h4>\n<p><span style=\"color: #ffffff;\">.<\/span><\/p>\n<p><span style=\"color: #ffffff;\">.<\/span><\/p>\n<p>Pravni zapisi, No. 1\/2017, pp. 34-48<\/p>\n<p>Review Article<\/p>\n<p style=\"text-align: justify;\"><strong>DOI<\/strong>: <a href=\"https:\/\/scindeks.ceon.rs\/article.aspx?query=ISSID%26and%2613399&amp;page=2&amp;sort=8&amp;stype=0&amp;backurl=%2fissue.aspx%3fissue%3d13399%26lang%3den&amp;lang=en\">10.5937\/pravzap0-13348<\/a><\/p>\n<p style=\"text-align: justify;\"><span style=\"text-decoration: underline;\"><strong>KEY WORDS<\/strong><br \/>\n<\/span>foreign investment, contracts, renegotiation clause, renegotiation, contract status<\/p>\n<p style=\"text-align: justify;\"><span style=\"text-decoration: underline;\"><strong>ABSTRACT<\/strong><br \/>\n<\/span>Contracts concluded between foreign investors and investment host state are the main instruments used to promote foreign investment, regulate and normative design them. An important element of the contract on foreign investments is a renegotiation clause, which allows the investment host state and foreign investor to start renegotiation, after the contract has been concluded. This paper attempts to point out the impact of renegotiations on the obligations of the parties under the contract on foreign in- vestments. Though the renegotiation contributes to maintaining contract in force, it may be perceived as a sign that there are significant difficulties in contract enforcement. Giving a notion to start renegotiations can have a powerful psychological effect on the counterparty to which the request is addressed. Mentioned notion can be understood as a sign that the contract will soon be breached. Therefore, it is necessary to provide clear assurance that the implementation of contract will continue during the renegotiation. The primary objective of the study is to highlight the fact that the renegotiations cannot be understood as an alibi to avoid contractual and other obligations arising from foreign investment. In addition, in this paper there will be pointed out at a certain exceptions from the principle of consistent implementation of the contract during the renegotiation. The aforementioned exceptions must be restrictively interpreted and applied with full control.<\/p>\n","protected":false},"excerpt":{"rendered":"<p>PRAVNI ZAPISI \u2022 Year VIII \u2022 No. 1 \u2022 pp. 34-48 FOREIGN INVESTMENT CONTRACT STATUS DURING THE RENEGOTIATION OF HOST STATE AND FOREIGN INVESTOR Du\u0161an Dubaji\u0107, Masters of Law PhD student, University of Ni\u0161 Law School e-mail: dusandubajic90@gmail.com . . Pravni zapisi, No. 1\/2017, pp. 34-48 Review Article DOI: 10.5937\/pravzap0-13348 KEY WORDS foreign investment, contracts, renegotiation clause, renegotiation, contract status ABSTRACT Contracts concluded between foreign investors and investment host state are the main instruments used to promote foreign investment, regulate and normative design them. An important element of the contract on foreign investments is a renegotiation clause, which allows the [&hellip;]<\/p>\n","protected":false},"author":4,"featured_media":0,"parent":6281,"menu_order":0,"comment_status":"closed","ping_status":"closed","template":"template-article.php","meta":{"footnotes":""},"class_list":["post-8095","page","type-page","status-publish","hentry"],"yoast_head":"<!-- This site is optimized with the Yoast SEO plugin v27.1.1 - https:\/\/yoast.com\/product\/yoast-seo-wordpress\/ -->\n<title>- Pravni Zapisi<\/title>\n<meta name=\"robots\" content=\"index, follow, max-snippet:-1, max-image-preview:large, max-video-preview:-1\" \/>\n<link rel=\"canonical\" href=\"https:\/\/www.pravnizapisi.rs\/svi-brojevi\/pravni-zapisi-1-2017\/8092-2\/\" \/>\n<meta property=\"og:locale\" content=\"en_US\" \/>\n<meta property=\"og:type\" content=\"article\" \/>\n<meta property=\"og:title\" content=\"- Pravni Zapisi\" \/>\n<meta property=\"og:description\" content=\"PRAVNI ZAPISI \u2022 Year VIII \u2022 No. 1 \u2022 pp. 34-48 FOREIGN INVESTMENT CONTRACT STATUS DURING THE RENEGOTIATION OF HOST STATE AND FOREIGN INVESTOR Du\u0161an Dubaji\u0107, Masters of Law PhD student, University of Ni\u0161 Law School e-mail: dusandubajic90@gmail.com . . Pravni zapisi, No. 1\/2017, pp. 34-48 Review Article DOI: 10.5937\/pravzap0-13348 KEY WORDS foreign investment, contracts, renegotiation clause, renegotiation, contract status ABSTRACT Contracts concluded between foreign investors and investment host state are the main instruments used to promote foreign investment, regulate and normative design them. An important element of the contract on foreign investments is a renegotiation clause, which allows the [&hellip;]\" \/>\n<meta property=\"og:url\" content=\"https:\/\/www.pravnizapisi.rs\/svi-brojevi\/pravni-zapisi-1-2017\/8092-2\/\" \/>\n<meta property=\"og:site_name\" content=\"Pravni Zapisi\" \/>\n<meta property=\"article:modified_time\" content=\"2021-09-21T08:24:45+00:00\" \/>\n<meta property=\"og:image\" content=\"https:\/\/pravnizapisi.rs\/wp-content\/uploads\/2021\/03\/PngItem_278380-150x150.jpg\" \/>\n<meta name=\"twitter:card\" content=\"summary_large_image\" \/>\n<meta name=\"twitter:label1\" content=\"Est. reading time\" \/>\n\t<meta name=\"twitter:data1\" content=\"2 minutes\" \/>\n<script type=\"application\/ld+json\" class=\"yoast-schema-graph\">{\"@context\":\"https:\/\/schema.org\",\"@graph\":[{\"@type\":\"WebPage\",\"@id\":\"https:\/\/www.pravnizapisi.rs\/svi-brojevi\/pravni-zapisi-1-2017\/8092-2\/\",\"url\":\"https:\/\/www.pravnizapisi.rs\/svi-brojevi\/pravni-zapisi-1-2017\/8092-2\/\",\"name\":\"- Pravni Zapisi\",\"isPartOf\":{\"@id\":\"https:\/\/pravnizapisi.rs\/#website\"},\"primaryImageOfPage\":{\"@id\":\"https:\/\/www.pravnizapisi.rs\/svi-brojevi\/pravni-zapisi-1-2017\/8092-2\/#primaryimage\"},\"image\":{\"@id\":\"https:\/\/www.pravnizapisi.rs\/svi-brojevi\/pravni-zapisi-1-2017\/8092-2\/#primaryimage\"},\"thumbnailUrl\":\"https:\/\/pravnizapisi.rs\/wp-content\/uploads\/2021\/03\/PngItem_278380-150x150.jpg\",\"datePublished\":\"2021-05-01T11:41:43+00:00\",\"dateModified\":\"2021-09-21T08:24:45+00:00\",\"breadcrumb\":{\"@id\":\"https:\/\/www.pravnizapisi.rs\/svi-brojevi\/pravni-zapisi-1-2017\/8092-2\/#breadcrumb\"},\"inLanguage\":\"en-US\",\"potentialAction\":[{\"@type\":\"ReadAction\",\"target\":[\"https:\/\/www.pravnizapisi.rs\/svi-brojevi\/pravni-zapisi-1-2017\/8092-2\/\"]}]},{\"@type\":\"ImageObject\",\"inLanguage\":\"en-US\",\"@id\":\"https:\/\/www.pravnizapisi.rs\/svi-brojevi\/pravni-zapisi-1-2017\/8092-2\/#primaryimage\",\"url\":\"https:\/\/pravnizapisi.rs\/wp-content\/uploads\/2021\/03\/PngItem_278380-150x150.jpg\",\"contentUrl\":\"https:\/\/pravnizapisi.rs\/wp-content\/uploads\/2021\/03\/PngItem_278380-150x150.jpg\"},{\"@type\":\"BreadcrumbList\",\"@id\":\"https:\/\/www.pravnizapisi.rs\/svi-brojevi\/pravni-zapisi-1-2017\/8092-2\/#breadcrumb\",\"itemListElement\":[{\"@type\":\"ListItem\",\"position\":1,\"name\":\"\u041f\u043e\u0447\u0435\u0442\u043d\u0430\",\"item\":\"https:\/\/www.pravnizapisi.rs\/en\/\"},{\"@type\":\"ListItem\",\"position\":2,\"name\":\"Issues\",\"item\":\"https:\/\/www.pravnizapisi.rs\/svi-brojevi\/\"},{\"@type\":\"ListItem\",\"position\":3,\"name\":\"Pravni zapisi 1\/2017\",\"item\":\"https:\/\/www.pravnizapisi.rs\/svi-brojevi\/pravni-zapisi-1-2017\/\"}]},{\"@type\":\"WebSite\",\"@id\":\"https:\/\/pravnizapisi.rs\/#website\",\"url\":\"https:\/\/pravnizapisi.rs\/\",\"name\":\"Pravni Zapisi\",\"description\":\"\",\"publisher\":{\"@id\":\"https:\/\/pravnizapisi.rs\/#organization\"},\"potentialAction\":[{\"@type\":\"SearchAction\",\"target\":{\"@type\":\"EntryPoint\",\"urlTemplate\":\"https:\/\/pravnizapisi.rs\/?s={search_term_string}\"},\"query-input\":{\"@type\":\"PropertyValueSpecification\",\"valueRequired\":true,\"valueName\":\"search_term_string\"}}],\"inLanguage\":\"en-US\"},{\"@type\":\"Organization\",\"@id\":\"https:\/\/pravnizapisi.rs\/#organization\",\"name\":\"Pravni Zapisi\",\"url\":\"https:\/\/pravnizapisi.rs\/\",\"logo\":{\"@type\":\"ImageObject\",\"inLanguage\":\"en-US\",\"@id\":\"https:\/\/pravnizapisi.rs\/#\/schema\/logo\/image\/\",\"url\":\"https:\/\/www.pravnizapisi.rs\/wp-content\/uploads\/2019\/11\/cropped-Header-logo-srb-1-1.jpg\",\"contentUrl\":\"https:\/\/www.pravnizapisi.rs\/wp-content\/uploads\/2019\/11\/cropped-Header-logo-srb-1-1.jpg\",\"width\":580,\"height\":80,\"caption\":\"Pravni Zapisi\"},\"image\":{\"@id\":\"https:\/\/pravnizapisi.rs\/#\/schema\/logo\/image\/\"}}]}<\/script>\n<!-- \/ Yoast SEO plugin. -->","yoast_head_json":{"title":"- Pravni Zapisi","robots":{"index":"index","follow":"follow","max-snippet":"max-snippet:-1","max-image-preview":"max-image-preview:large","max-video-preview":"max-video-preview:-1"},"canonical":"https:\/\/www.pravnizapisi.rs\/svi-brojevi\/pravni-zapisi-1-2017\/8092-2\/","og_locale":"en_US","og_type":"article","og_title":"- Pravni Zapisi","og_description":"PRAVNI ZAPISI \u2022 Year VIII \u2022 No. 1 \u2022 pp. 34-48 FOREIGN INVESTMENT CONTRACT STATUS DURING THE RENEGOTIATION OF HOST STATE AND FOREIGN INVESTOR Du\u0161an Dubaji\u0107, Masters of Law PhD student, University of Ni\u0161 Law School e-mail: dusandubajic90@gmail.com . . Pravni zapisi, No. 1\/2017, pp. 34-48 Review Article DOI: 10.5937\/pravzap0-13348 KEY WORDS foreign investment, contracts, renegotiation clause, renegotiation, contract status ABSTRACT Contracts concluded between foreign investors and investment host state are the main instruments used to promote foreign investment, regulate and normative design them. An important element of the contract on foreign investments is a renegotiation clause, which allows the [&hellip;]","og_url":"https:\/\/www.pravnizapisi.rs\/svi-brojevi\/pravni-zapisi-1-2017\/8092-2\/","og_site_name":"Pravni Zapisi","article_modified_time":"2021-09-21T08:24:45+00:00","og_image":[{"url":"https:\/\/pravnizapisi.rs\/wp-content\/uploads\/2021\/03\/PngItem_278380-150x150.jpg","type":"","width":"","height":""}],"twitter_card":"summary_large_image","twitter_misc":{"Est. reading time":"2 minutes"},"schema":{"@context":"https:\/\/schema.org","@graph":[{"@type":"WebPage","@id":"https:\/\/www.pravnizapisi.rs\/svi-brojevi\/pravni-zapisi-1-2017\/8092-2\/","url":"https:\/\/www.pravnizapisi.rs\/svi-brojevi\/pravni-zapisi-1-2017\/8092-2\/","name":"- Pravni Zapisi","isPartOf":{"@id":"https:\/\/pravnizapisi.rs\/#website"},"primaryImageOfPage":{"@id":"https:\/\/www.pravnizapisi.rs\/svi-brojevi\/pravni-zapisi-1-2017\/8092-2\/#primaryimage"},"image":{"@id":"https:\/\/www.pravnizapisi.rs\/svi-brojevi\/pravni-zapisi-1-2017\/8092-2\/#primaryimage"},"thumbnailUrl":"https:\/\/pravnizapisi.rs\/wp-content\/uploads\/2021\/03\/PngItem_278380-150x150.jpg","datePublished":"2021-05-01T11:41:43+00:00","dateModified":"2021-09-21T08:24:45+00:00","breadcrumb":{"@id":"https:\/\/www.pravnizapisi.rs\/svi-brojevi\/pravni-zapisi-1-2017\/8092-2\/#breadcrumb"},"inLanguage":"en-US","potentialAction":[{"@type":"ReadAction","target":["https:\/\/www.pravnizapisi.rs\/svi-brojevi\/pravni-zapisi-1-2017\/8092-2\/"]}]},{"@type":"ImageObject","inLanguage":"en-US","@id":"https:\/\/www.pravnizapisi.rs\/svi-brojevi\/pravni-zapisi-1-2017\/8092-2\/#primaryimage","url":"https:\/\/pravnizapisi.rs\/wp-content\/uploads\/2021\/03\/PngItem_278380-150x150.jpg","contentUrl":"https:\/\/pravnizapisi.rs\/wp-content\/uploads\/2021\/03\/PngItem_278380-150x150.jpg"},{"@type":"BreadcrumbList","@id":"https:\/\/www.pravnizapisi.rs\/svi-brojevi\/pravni-zapisi-1-2017\/8092-2\/#breadcrumb","itemListElement":[{"@type":"ListItem","position":1,"name":"\u041f\u043e\u0447\u0435\u0442\u043d\u0430","item":"https:\/\/www.pravnizapisi.rs\/en\/"},{"@type":"ListItem","position":2,"name":"Issues","item":"https:\/\/www.pravnizapisi.rs\/svi-brojevi\/"},{"@type":"ListItem","position":3,"name":"Pravni zapisi 1\/2017","item":"https:\/\/www.pravnizapisi.rs\/svi-brojevi\/pravni-zapisi-1-2017\/"}]},{"@type":"WebSite","@id":"https:\/\/pravnizapisi.rs\/#website","url":"https:\/\/pravnizapisi.rs\/","name":"Pravni Zapisi","description":"","publisher":{"@id":"https:\/\/pravnizapisi.rs\/#organization"},"potentialAction":[{"@type":"SearchAction","target":{"@type":"EntryPoint","urlTemplate":"https:\/\/pravnizapisi.rs\/?s={search_term_string}"},"query-input":{"@type":"PropertyValueSpecification","valueRequired":true,"valueName":"search_term_string"}}],"inLanguage":"en-US"},{"@type":"Organization","@id":"https:\/\/pravnizapisi.rs\/#organization","name":"Pravni Zapisi","url":"https:\/\/pravnizapisi.rs\/","logo":{"@type":"ImageObject","inLanguage":"en-US","@id":"https:\/\/pravnizapisi.rs\/#\/schema\/logo\/image\/","url":"https:\/\/www.pravnizapisi.rs\/wp-content\/uploads\/2019\/11\/cropped-Header-logo-srb-1-1.jpg","contentUrl":"https:\/\/www.pravnizapisi.rs\/wp-content\/uploads\/2019\/11\/cropped-Header-logo-srb-1-1.jpg","width":580,"height":80,"caption":"Pravni Zapisi"},"image":{"@id":"https:\/\/pravnizapisi.rs\/#\/schema\/logo\/image\/"}}]}},"_links":{"self":[{"href":"https:\/\/www.pravnizapisi.rs\/en\/wp-json\/wp\/v2\/pages\/8095","targetHints":{"allow":["GET"]}}],"collection":[{"href":"https:\/\/www.pravnizapisi.rs\/en\/wp-json\/wp\/v2\/pages"}],"about":[{"href":"https:\/\/www.pravnizapisi.rs\/en\/wp-json\/wp\/v2\/types\/page"}],"author":[{"embeddable":true,"href":"https:\/\/www.pravnizapisi.rs\/en\/wp-json\/wp\/v2\/users\/4"}],"replies":[{"embeddable":true,"href":"https:\/\/www.pravnizapisi.rs\/en\/wp-json\/wp\/v2\/comments?post=8095"}],"version-history":[{"count":0,"href":"https:\/\/www.pravnizapisi.rs\/en\/wp-json\/wp\/v2\/pages\/8095\/revisions"}],"up":[{"embeddable":true,"href":"https:\/\/www.pravnizapisi.rs\/en\/wp-json\/wp\/v2\/pages\/6281"}],"wp:attachment":[{"href":"https:\/\/www.pravnizapisi.rs\/en\/wp-json\/wp\/v2\/media?parent=8095"}],"curies":[{"name":"wp","href":"https:\/\/api.w.org\/{rel}","templated":true}]}}