{"id":8189,"date":"2021-05-02T10:51:03","date_gmt":"2021-05-02T10:51:03","guid":{"rendered":"http:\/\/pravnizapisi.rs\/?page_id=8189"},"modified":"2021-11-28T23:43:07","modified_gmt":"2021-11-28T23:43:07","slug":"8189-2","status":"publish","type":"page","link":"https:\/\/www.pravnizapisi.rs\/en\/issues\/issues-1-2018\/8189-2\/","title":{"rendered":""},"content":{"rendered":"<p style=\"text-align: center;\">PRAVNI ZAPISI \u2022 Year IX \u2022 No. 1 \u2022 pp. 5-20<\/p>\n<h3><strong>COLLISION AND COMPETITION OF FUNDAMENTAL RIGHTS IN GERMAN LAW <\/strong><\/h3>\n<figure id=\"attachment_7055\" aria-describedby=\"caption-attachment-7055\" style=\"width: 95px\" class=\"wp-caption alignright\"><a href=\"https:\/\/pravnizapisi.rs\/wp-content\/uploads\/issues\/1-2018\/Pravni_zapisi_2018-01_01_Damjanovic.pdf\"><img loading=\"lazy\" decoding=\"async\" class=\"wp-image-7056\" src=\"https:\/\/pravnizapisi.rs\/wp-content\/uploads\/2021\/03\/PngItem_278380-150x150.jpg\" alt=\"\" width=\"95\" height=\"95\" \/><\/a><figcaption id=\"caption-attachment-7055\" class=\"wp-caption-text\">Language: Serbian<\/figcaption><\/figure>\n<h4><strong>Dr Vojislav Damnjanovi\u0107, LL.M.<br \/>\n<\/strong>Fridrih Aleksander Univerzitet Erlangen-Nirnberg,<br \/>\nPravni fakultet, Institut za op\u0161tu teoriju dr\u017eave i filozofiju prava, SR Nema\u010dka<br \/>\ne-mail: <a href=\"mailto:vojislav.damnjanovic@fau.de\">vojislav.damnjanovic@fau.de<\/a><\/h4>\n<p><span style=\"color: #ffffff;\">.<\/span><\/p>\n<p>Pravni zapisi, No. 1\/2018, pp. 5-20<\/p>\n<p>Original Scientific Article<\/p>\n<p style=\"text-align: justify;\"><strong>DOI<\/strong>: <a href=\"https:\/\/scindeks.ceon.rs\/article.aspx?query=ISSID%26and%2613844&amp;page=0&amp;sort=8&amp;stype=0&amp;backurl=%2fissue.aspx%3fissue%3d13844%26lang%3den&amp;lang=en\">10.5937\/pravzap0-16788<\/a><\/p>\n<p style=\"text-align: justify;\"><span style=\"text-decoration: underline;\"><strong>KEY WORDS<\/strong><br \/>\n<\/span>state aid, state aid control, public enterprises, European Union, Republic of Serbia<\/p>\n<p style=\"text-align: justify;\"><span style=\"text-decoration: underline;\"><strong>ABSTRACT\/SUMMARY<\/strong><br \/>\n<\/span>Along with vertical effect to fundamental rights, which is undisputable, a more detailed analysis of the bonding clause from Article 1, Paragraph 3 of the Basic Law for the Federal Republic of Germany has shown that fundamental rights can also develop a horizontal effect. Although in the field of private law the principle of the freedom of contract and autonomy of the will are predominant, in cases of legal dispute, courts are obligated to consider fundamental rights of the parties involved within application of law and in particular when interpreting general clauses. In this respect, in the area of private law it is possible to determine an indirect effect of fundamental rights. Accordingly, fundamental rights which are established by constitution take effect in all areas of law, binding all courts both of ordinary and special jurisdiction, which are obligated to apply them directly.<\/p>\n<p style=\"text-align: justify;\">Fundamental rights can collide when two or more legal entities claim their own, most frequently different fundamental rights within the same facts of the case. In addition, there can also be a collision between fundamental rights and other constitutional principles. The problem of Constitutional law collision in German theory and case law is resolved by the principle of practical concordance, which is based on mutual balancing of the colliding interests protected by constitution. In doing so the Federal Constitutional court takes all relevant facts of the individual case into consideration. Contrary to the collision of fundamental rights, the competition of fundamental rights refers to the problem of proper application of the law, when in a particular case several different fundamental rights may be applied. In this regard, the division between freedom rights and equality rights is of major importance. If both freedom rights and equality rights are claimed, the Federal Constitutional court generally undertakes a cumulative examination of the violation of both rights. If violations of fundamental rights of the same group are claimed, certain relations of logical and normative primacy can be established. On the other hand, if there is no relation of primacy between the fundamental rights of the same group, possible violations of the fundamental rights have to be examined cumulatively.<\/p>\n","protected":false},"excerpt":{"rendered":"<p>PRAVNI ZAPISI \u2022 Year IX \u2022 No. 1 \u2022 pp. 5-20 COLLISION AND COMPETITION OF FUNDAMENTAL RIGHTS IN GERMAN LAW Dr Vojislav Damnjanovi\u0107, LL.M. Fridrih Aleksander Univerzitet Erlangen-Nirnberg, Pravni fakultet, Institut za op\u0161tu teoriju dr\u017eave i filozofiju prava, SR Nema\u010dka e-mail: vojislav.damnjanovic@fau.de . Pravni zapisi, No. 1\/2018, pp. 5-20 Original Scientific Article DOI: 10.5937\/pravzap0-16788 KEY WORDS state aid, state aid control, public enterprises, European Union, Republic of Serbia ABSTRACT\/SUMMARY Along with vertical effect to fundamental rights, which is undisputable, a more detailed analysis of the bonding clause from Article 1, Paragraph 3 of the Basic Law for the Federal Republic [&hellip;]<\/p>\n","protected":false},"author":4,"featured_media":0,"parent":6273,"menu_order":0,"comment_status":"closed","ping_status":"closed","template":"template-article.php","meta":{"footnotes":""},"class_list":["post-8189","page","type-page","status-publish","hentry"],"yoast_head":"<!-- This site is optimized with the Yoast SEO plugin v27.1.1 - https:\/\/yoast.com\/product\/yoast-seo-wordpress\/ -->\n<title>- Pravni Zapisi<\/title>\n<meta name=\"robots\" content=\"index, follow, max-snippet:-1, max-image-preview:large, max-video-preview:-1\" \/>\n<link rel=\"canonical\" href=\"https:\/\/www.pravnizapisi.rs\/svi-brojevi\/pravni-zapisi-1-2018\/8186-2\/\" \/>\n<meta property=\"og:locale\" content=\"en_US\" \/>\n<meta property=\"og:type\" content=\"article\" \/>\n<meta property=\"og:title\" content=\"- Pravni Zapisi\" \/>\n<meta property=\"og:description\" content=\"PRAVNI ZAPISI \u2022 Year IX \u2022 No. 1 \u2022 pp. 5-20 COLLISION AND COMPETITION OF FUNDAMENTAL RIGHTS IN GERMAN LAW Dr Vojislav Damnjanovi\u0107, LL.M. Fridrih Aleksander Univerzitet Erlangen-Nirnberg, Pravni fakultet, Institut za op\u0161tu teoriju dr\u017eave i filozofiju prava, SR Nema\u010dka e-mail: vojislav.damnjanovic@fau.de . Pravni zapisi, No. 1\/2018, pp. 5-20 Original Scientific Article DOI: 10.5937\/pravzap0-16788 KEY WORDS state aid, state aid control, public enterprises, European Union, Republic of Serbia ABSTRACT\/SUMMARY Along with vertical effect to fundamental rights, which is undisputable, a more detailed analysis of the bonding clause from Article 1, Paragraph 3 of the Basic Law for the Federal Republic [&hellip;]\" \/>\n<meta property=\"og:url\" content=\"https:\/\/www.pravnizapisi.rs\/svi-brojevi\/pravni-zapisi-1-2018\/8186-2\/\" \/>\n<meta property=\"og:site_name\" content=\"Pravni Zapisi\" \/>\n<meta property=\"article:modified_time\" content=\"2021-11-28T23:43:07+00:00\" \/>\n<meta property=\"og:image\" content=\"https:\/\/www.pravnizapisi.rs\/wp-content\/uploads\/2021\/11\/Naslovna-2018-01.jpg\" \/>\n\t<meta property=\"og:image:width\" content=\"585\" \/>\n\t<meta property=\"og:image:height\" content=\"871\" \/>\n\t<meta property=\"og:image:type\" content=\"image\/jpeg\" \/>\n<meta name=\"twitter:card\" content=\"summary_large_image\" \/>\n<meta name=\"twitter:image\" content=\"https:\/\/www.pravnizapisi.rs\/wp-content\/uploads\/2021\/11\/Naslovna-2018-01.jpg\" \/>\n<meta name=\"twitter:label1\" content=\"Est. reading time\" \/>\n\t<meta name=\"twitter:data1\" content=\"3 minutes\" \/>\n<script type=\"application\/ld+json\" class=\"yoast-schema-graph\">{\"@context\":\"https:\/\/schema.org\",\"@graph\":[{\"@type\":\"WebPage\",\"@id\":\"https:\/\/www.pravnizapisi.rs\/svi-brojevi\/pravni-zapisi-1-2018\/8186-2\/\",\"url\":\"https:\/\/www.pravnizapisi.rs\/svi-brojevi\/pravni-zapisi-1-2018\/8186-2\/\",\"name\":\"- Pravni Zapisi\",\"isPartOf\":{\"@id\":\"https:\/\/pravnizapisi.rs\/#website\"},\"primaryImageOfPage\":{\"@id\":\"https:\/\/www.pravnizapisi.rs\/svi-brojevi\/pravni-zapisi-1-2018\/8186-2\/#primaryimage\"},\"image\":{\"@id\":\"https:\/\/www.pravnizapisi.rs\/svi-brojevi\/pravni-zapisi-1-2018\/8186-2\/#primaryimage\"},\"thumbnailUrl\":\"https:\/\/pravnizapisi.rs\/wp-content\/uploads\/2021\/03\/PngItem_278380-150x150.jpg\",\"datePublished\":\"2021-05-02T10:51:03+00:00\",\"dateModified\":\"2021-11-28T23:43:07+00:00\",\"breadcrumb\":{\"@id\":\"https:\/\/www.pravnizapisi.rs\/svi-brojevi\/pravni-zapisi-1-2018\/8186-2\/#breadcrumb\"},\"inLanguage\":\"en-US\",\"potentialAction\":[{\"@type\":\"ReadAction\",\"target\":[\"https:\/\/www.pravnizapisi.rs\/svi-brojevi\/pravni-zapisi-1-2018\/8186-2\/\"]}]},{\"@type\":\"ImageObject\",\"inLanguage\":\"en-US\",\"@id\":\"https:\/\/www.pravnizapisi.rs\/svi-brojevi\/pravni-zapisi-1-2018\/8186-2\/#primaryimage\",\"url\":\"https:\/\/pravnizapisi.rs\/wp-content\/uploads\/2021\/03\/PngItem_278380-150x150.jpg\",\"contentUrl\":\"https:\/\/pravnizapisi.rs\/wp-content\/uploads\/2021\/03\/PngItem_278380-150x150.jpg\"},{\"@type\":\"BreadcrumbList\",\"@id\":\"https:\/\/www.pravnizapisi.rs\/svi-brojevi\/pravni-zapisi-1-2018\/8186-2\/#breadcrumb\",\"itemListElement\":[{\"@type\":\"ListItem\",\"position\":1,\"name\":\"\u041f\u043e\u0447\u0435\u0442\u043d\u0430\",\"item\":\"https:\/\/www.pravnizapisi.rs\/en\/\"},{\"@type\":\"ListItem\",\"position\":2,\"name\":\"Issues\",\"item\":\"https:\/\/www.pravnizapisi.rs\/svi-brojevi\/\"},{\"@type\":\"ListItem\",\"position\":3,\"name\":\"Pravni zapisi 1\/2018\",\"item\":\"https:\/\/www.pravnizapisi.rs\/en\/issues\/issues-1-2018\/\"}]},{\"@type\":\"WebSite\",\"@id\":\"https:\/\/pravnizapisi.rs\/#website\",\"url\":\"https:\/\/pravnizapisi.rs\/\",\"name\":\"Pravni Zapisi\",\"description\":\"\",\"publisher\":{\"@id\":\"https:\/\/pravnizapisi.rs\/#organization\"},\"potentialAction\":[{\"@type\":\"SearchAction\",\"target\":{\"@type\":\"EntryPoint\",\"urlTemplate\":\"https:\/\/pravnizapisi.rs\/?s={search_term_string}\"},\"query-input\":{\"@type\":\"PropertyValueSpecification\",\"valueRequired\":true,\"valueName\":\"search_term_string\"}}],\"inLanguage\":\"en-US\"},{\"@type\":\"Organization\",\"@id\":\"https:\/\/pravnizapisi.rs\/#organization\",\"name\":\"Pravni Zapisi\",\"url\":\"https:\/\/pravnizapisi.rs\/\",\"logo\":{\"@type\":\"ImageObject\",\"inLanguage\":\"en-US\",\"@id\":\"https:\/\/pravnizapisi.rs\/#\/schema\/logo\/image\/\",\"url\":\"https:\/\/www.pravnizapisi.rs\/wp-content\/uploads\/2019\/11\/cropped-Header-logo-srb-1-1.jpg\",\"contentUrl\":\"https:\/\/www.pravnizapisi.rs\/wp-content\/uploads\/2019\/11\/cropped-Header-logo-srb-1-1.jpg\",\"width\":580,\"height\":80,\"caption\":\"Pravni Zapisi\"},\"image\":{\"@id\":\"https:\/\/pravnizapisi.rs\/#\/schema\/logo\/image\/\"}}]}<\/script>\n<!-- \/ Yoast SEO plugin. -->","yoast_head_json":{"title":"- Pravni Zapisi","robots":{"index":"index","follow":"follow","max-snippet":"max-snippet:-1","max-image-preview":"max-image-preview:large","max-video-preview":"max-video-preview:-1"},"canonical":"https:\/\/www.pravnizapisi.rs\/svi-brojevi\/pravni-zapisi-1-2018\/8186-2\/","og_locale":"en_US","og_type":"article","og_title":"- Pravni Zapisi","og_description":"PRAVNI ZAPISI \u2022 Year IX \u2022 No. 1 \u2022 pp. 5-20 COLLISION AND COMPETITION OF FUNDAMENTAL RIGHTS IN GERMAN LAW Dr Vojislav Damnjanovi\u0107, LL.M. Fridrih Aleksander Univerzitet Erlangen-Nirnberg, Pravni fakultet, Institut za op\u0161tu teoriju dr\u017eave i filozofiju prava, SR Nema\u010dka e-mail: vojislav.damnjanovic@fau.de . Pravni zapisi, No. 1\/2018, pp. 5-20 Original Scientific Article DOI: 10.5937\/pravzap0-16788 KEY WORDS state aid, state aid control, public enterprises, European Union, Republic of Serbia ABSTRACT\/SUMMARY Along with vertical effect to fundamental rights, which is undisputable, a more detailed analysis of the bonding clause from Article 1, Paragraph 3 of the Basic Law for the Federal Republic [&hellip;]","og_url":"https:\/\/www.pravnizapisi.rs\/svi-brojevi\/pravni-zapisi-1-2018\/8186-2\/","og_site_name":"Pravni Zapisi","article_modified_time":"2021-11-28T23:43:07+00:00","og_image":[{"width":585,"height":871,"url":"https:\/\/www.pravnizapisi.rs\/wp-content\/uploads\/2021\/11\/Naslovna-2018-01.jpg","type":"image\/jpeg"}],"twitter_card":"summary_large_image","twitter_image":"https:\/\/www.pravnizapisi.rs\/wp-content\/uploads\/2021\/11\/Naslovna-2018-01.jpg","twitter_misc":{"Est. reading time":"3 minutes"},"schema":{"@context":"https:\/\/schema.org","@graph":[{"@type":"WebPage","@id":"https:\/\/www.pravnizapisi.rs\/svi-brojevi\/pravni-zapisi-1-2018\/8186-2\/","url":"https:\/\/www.pravnizapisi.rs\/svi-brojevi\/pravni-zapisi-1-2018\/8186-2\/","name":"- Pravni Zapisi","isPartOf":{"@id":"https:\/\/pravnizapisi.rs\/#website"},"primaryImageOfPage":{"@id":"https:\/\/www.pravnizapisi.rs\/svi-brojevi\/pravni-zapisi-1-2018\/8186-2\/#primaryimage"},"image":{"@id":"https:\/\/www.pravnizapisi.rs\/svi-brojevi\/pravni-zapisi-1-2018\/8186-2\/#primaryimage"},"thumbnailUrl":"https:\/\/pravnizapisi.rs\/wp-content\/uploads\/2021\/03\/PngItem_278380-150x150.jpg","datePublished":"2021-05-02T10:51:03+00:00","dateModified":"2021-11-28T23:43:07+00:00","breadcrumb":{"@id":"https:\/\/www.pravnizapisi.rs\/svi-brojevi\/pravni-zapisi-1-2018\/8186-2\/#breadcrumb"},"inLanguage":"en-US","potentialAction":[{"@type":"ReadAction","target":["https:\/\/www.pravnizapisi.rs\/svi-brojevi\/pravni-zapisi-1-2018\/8186-2\/"]}]},{"@type":"ImageObject","inLanguage":"en-US","@id":"https:\/\/www.pravnizapisi.rs\/svi-brojevi\/pravni-zapisi-1-2018\/8186-2\/#primaryimage","url":"https:\/\/pravnizapisi.rs\/wp-content\/uploads\/2021\/03\/PngItem_278380-150x150.jpg","contentUrl":"https:\/\/pravnizapisi.rs\/wp-content\/uploads\/2021\/03\/PngItem_278380-150x150.jpg"},{"@type":"BreadcrumbList","@id":"https:\/\/www.pravnizapisi.rs\/svi-brojevi\/pravni-zapisi-1-2018\/8186-2\/#breadcrumb","itemListElement":[{"@type":"ListItem","position":1,"name":"\u041f\u043e\u0447\u0435\u0442\u043d\u0430","item":"https:\/\/www.pravnizapisi.rs\/en\/"},{"@type":"ListItem","position":2,"name":"Issues","item":"https:\/\/www.pravnizapisi.rs\/svi-brojevi\/"},{"@type":"ListItem","position":3,"name":"Pravni zapisi 1\/2018","item":"https:\/\/www.pravnizapisi.rs\/en\/issues\/issues-1-2018\/"}]},{"@type":"WebSite","@id":"https:\/\/pravnizapisi.rs\/#website","url":"https:\/\/pravnizapisi.rs\/","name":"Pravni Zapisi","description":"","publisher":{"@id":"https:\/\/pravnizapisi.rs\/#organization"},"potentialAction":[{"@type":"SearchAction","target":{"@type":"EntryPoint","urlTemplate":"https:\/\/pravnizapisi.rs\/?s={search_term_string}"},"query-input":{"@type":"PropertyValueSpecification","valueRequired":true,"valueName":"search_term_string"}}],"inLanguage":"en-US"},{"@type":"Organization","@id":"https:\/\/pravnizapisi.rs\/#organization","name":"Pravni Zapisi","url":"https:\/\/pravnizapisi.rs\/","logo":{"@type":"ImageObject","inLanguage":"en-US","@id":"https:\/\/pravnizapisi.rs\/#\/schema\/logo\/image\/","url":"https:\/\/www.pravnizapisi.rs\/wp-content\/uploads\/2019\/11\/cropped-Header-logo-srb-1-1.jpg","contentUrl":"https:\/\/www.pravnizapisi.rs\/wp-content\/uploads\/2019\/11\/cropped-Header-logo-srb-1-1.jpg","width":580,"height":80,"caption":"Pravni Zapisi"},"image":{"@id":"https:\/\/pravnizapisi.rs\/#\/schema\/logo\/image\/"}}]}},"_links":{"self":[{"href":"https:\/\/www.pravnizapisi.rs\/en\/wp-json\/wp\/v2\/pages\/8189","targetHints":{"allow":["GET"]}}],"collection":[{"href":"https:\/\/www.pravnizapisi.rs\/en\/wp-json\/wp\/v2\/pages"}],"about":[{"href":"https:\/\/www.pravnizapisi.rs\/en\/wp-json\/wp\/v2\/types\/page"}],"author":[{"embeddable":true,"href":"https:\/\/www.pravnizapisi.rs\/en\/wp-json\/wp\/v2\/users\/4"}],"replies":[{"embeddable":true,"href":"https:\/\/www.pravnizapisi.rs\/en\/wp-json\/wp\/v2\/comments?post=8189"}],"version-history":[{"count":0,"href":"https:\/\/www.pravnizapisi.rs\/en\/wp-json\/wp\/v2\/pages\/8189\/revisions"}],"up":[{"embeddable":true,"href":"https:\/\/www.pravnizapisi.rs\/en\/wp-json\/wp\/v2\/pages\/6273"}],"wp:attachment":[{"href":"https:\/\/www.pravnizapisi.rs\/en\/wp-json\/wp\/v2\/media?parent=8189"}],"curies":[{"name":"wp","href":"https:\/\/api.w.org\/{rel}","templated":true}]}}