{"id":8271,"date":"2021-05-02T12:39:51","date_gmt":"2021-05-02T12:39:51","guid":{"rendered":"http:\/\/pravnizapisi.rs\/?page_id=8271"},"modified":"2021-11-28T23:30:30","modified_gmt":"2021-11-28T23:30:30","slug":"8271-2","status":"publish","type":"page","link":"https:\/\/www.pravnizapisi.rs\/en\/2-2018\/8271-2\/","title":{"rendered":""},"content":{"rendered":"<p style=\"text-align: center;\">PRAVNI ZAPISI \u2022 Year IX \u2022 No. 2 \u2022 pp. 271-292<\/p>\n<h3><strong>ILLEGAL WASTE DISPOSAL IN THE EU LEGISLATION AND PRACTICE OF THE COURT OF JUSTICE OF THE EU<\/strong><\/h3>\n<figure id=\"attachment_7055\" aria-describedby=\"caption-attachment-7055\" style=\"width: 95px\" class=\"wp-caption alignright\"><a href=\"https:\/\/pravnizapisi.rs\/wp-content\/uploads\/issues\/2-2018\/Pravni_zapisi_2018-02_04_Batricevic-Paunovic.pdf\"><img loading=\"lazy\" decoding=\"async\" class=\"wp-image-7056\" src=\"https:\/\/pravnizapisi.rs\/wp-content\/uploads\/2021\/03\/PngItem_278380-150x150.jpg\" alt=\"\" width=\"95\" height=\"95\"><\/a><figcaption id=\"caption-attachment-7055\" class=\"wp-caption-text\">Language: Serbian<\/figcaption><\/figure>\n<h4><strong>Dr Ana Batri\u0107evi\u0107<br \/>\n<\/strong>Vi\u0161i nau\u010dni saradnik, Institut za kriminolo\u0161ka i sociolo\u0161ka istra\u017eivanja, Beograd<br \/>\ne-mail: <a href=\"mailto:a.batricevic@yahoo.com\">a.batricevic@yahoo.com<\/a><\/h4>\n<h4><strong>MA Nikola Paunovi\u0107<br \/>\n<\/strong>Istra\u017eiva\u010d pripravnik, Ministarstvo spoljnih poslova Republike Srbije<br \/>\nDoktorand, Pravni fakultet Univerziteta u Beogradu<br \/>\ne-mail: <a href=\"mailto:dzoni925@gmail.com\">dzoni925@gmail.com<\/a><\/h4>\n<p><span style=\"color: #ffffff;\">.<\/span><\/p>\n<p>Pravni zapisi, No. 2\/2018, pp. 271-292<\/p>\n<p>Review Article<\/p>\n<p style=\"text-align: justify;\"><strong>DOI<\/strong>: <a href=\"https:\/\/scindeks.ceon.rs\/article.aspx?query=ISSID%26and%2614222&amp;page=3&amp;sort=8&amp;stype=0&amp;backurl=%2fissue.aspx%3fissue%3d14222%26lang%3den&amp;lang=en\">10.5937\/pravzap0-18546<\/a><\/p>\n<p style=\"text-align: justify;\"><span style=\"text-decoration: underline;\"><strong>KEY WORDS<\/strong><br \/>\n<\/span>illegal waste disposal, waste management, waste recycling, waste prevention, EU environmental law, practice of the EU Court of Justice, landfills<\/p>\n<p style=\"text-align: justify;\"><span style=\"text-decoration: underline;\"><strong>ABSTRACT<\/strong><br \/>\n<\/span>Having in mind the fact that waste represents a global problem of modern society that threatens human health and environment, the authors discuss normative and practical aspects of waste disposal in the EU. After brief introduction on the history of normative regulation of waste disposal in the EU, current normative frameworks of the EU pertinent to the disposal of waste and functioning of landfills are analysed, with focus on the latest amendments of acquis regulating this area that occurred in May 2018. In this part of the paper, normative method is applied. After that, the functioning of Court of Justice of the European Union and its role in the application of EU law is presented as well as the practice of the Court of Justice of the EU in the cases of its illegal disposal and inadequate treatment of waste waters (that may appear as the result of these activities). Several cases are analysed in which the Court made the decisions related to illegal activities of member states in the area of waste disposal, operation of landfills and inadequate treatment of waste waters (that may also appear as consequences of operations at landfills). Case analysis is applied in order to study the cases brought before the Court. Within concluding remarks, the authors highlight negative effects that waste disposal on landfills produces on human health and environment as well as the need to reduce them through the interventions on normative and practical level. As the result of the analysis of normative framework on the one hand and judicial practice on the other, it can be concluded that there are numerous differences among the EU member states when it comes to the application of the acquis in the area of waste disposal. The results of the research also suggest that there is a serious gap between the normative and the practical in the area of waste disposal in the EU which is still very large. This gap is particularly notable in Greece, Italy and Portugal, whose cases are therefore chosen to be presented in the paper.<\/p>\n","protected":false},"excerpt":{"rendered":"<p>PRAVNI ZAPISI \u2022 Year IX \u2022 No. 2 \u2022 pp. 271-292 ILLEGAL WASTE DISPOSAL IN THE EU LEGISLATION AND PRACTICE OF THE COURT OF JUSTICE OF THE EU Dr Ana Batri\u0107evi\u0107 Vi\u0161i nau\u010dni saradnik, Institut za kriminolo\u0161ka i sociolo\u0161ka istra\u017eivanja, Beograd e-mail: a.batricevic@yahoo.com MA Nikola Paunovi\u0107 Istra\u017eiva\u010d pripravnik, Ministarstvo spoljnih poslova Republike Srbije Doktorand, Pravni fakultet Univerziteta u Beogradu e-mail: dzoni925@gmail.com . Pravni zapisi, No. 2\/2018, pp. 271-292 Review Article DOI: 10.5937\/pravzap0-18546 KEY WORDS illegal waste disposal, waste management, waste recycling, waste prevention, EU environmental law, practice of the EU Court of Justice, landfills ABSTRACT Having in mind the fact [&hellip;]<\/p>\n","protected":false},"author":4,"featured_media":0,"parent":6275,"menu_order":0,"comment_status":"closed","ping_status":"closed","template":"template-article.php","meta":{"footnotes":""},"class_list":["post-8271","page","type-page","status-publish","hentry"],"yoast_head":"<!-- This site is optimized with the Yoast SEO plugin v27.1.1 - https:\/\/yoast.com\/product\/yoast-seo-wordpress\/ -->\n<title>- Pravni Zapisi<\/title>\n<meta name=\"robots\" content=\"index, follow, max-snippet:-1, max-image-preview:large, max-video-preview:-1\" \/>\n<link rel=\"canonical\" href=\"https:\/\/www.pravnizapisi.rs\/pravni-zapisi-2-2018\/8267-2\/\" \/>\n<meta property=\"og:locale\" content=\"en_US\" \/>\n<meta property=\"og:type\" content=\"article\" \/>\n<meta property=\"og:title\" content=\"- Pravni Zapisi\" \/>\n<meta property=\"og:description\" content=\"PRAVNI ZAPISI \u2022 Year IX \u2022 No. 2 \u2022 pp. 271-292 ILLEGAL WASTE DISPOSAL IN THE EU LEGISLATION AND PRACTICE OF THE COURT OF JUSTICE OF THE EU Dr Ana Batri\u0107evi\u0107 Vi\u0161i nau\u010dni saradnik, Institut za kriminolo\u0161ka i sociolo\u0161ka istra\u017eivanja, Beograd e-mail: a.batricevic@yahoo.com MA Nikola Paunovi\u0107 Istra\u017eiva\u010d pripravnik, Ministarstvo spoljnih poslova Republike Srbije Doktorand, Pravni fakultet Univerziteta u Beogradu e-mail: dzoni925@gmail.com . Pravni zapisi, No. 2\/2018, pp. 271-292 Review Article DOI: 10.5937\/pravzap0-18546 KEY WORDS illegal waste disposal, waste management, waste recycling, waste prevention, EU environmental law, practice of the EU Court of Justice, landfills ABSTRACT Having in mind the fact [&hellip;]\" \/>\n<meta property=\"og:url\" content=\"https:\/\/www.pravnizapisi.rs\/pravni-zapisi-2-2018\/8267-2\/\" \/>\n<meta property=\"og:site_name\" content=\"Pravni Zapisi\" \/>\n<meta property=\"article:modified_time\" content=\"2021-11-28T23:30:30+00:00\" \/>\n<meta property=\"og:image\" content=\"https:\/\/www.pravnizapisi.rs\/wp-content\/uploads\/2021\/11\/Naslovna-2018-02.jpg\" \/>\n\t<meta property=\"og:image:width\" content=\"585\" \/>\n\t<meta property=\"og:image:height\" content=\"872\" \/>\n\t<meta property=\"og:image:type\" content=\"image\/jpeg\" \/>\n<meta name=\"twitter:card\" content=\"summary_large_image\" \/>\n<meta name=\"twitter:image\" content=\"https:\/\/www.pravnizapisi.rs\/wp-content\/uploads\/2021\/11\/Naslovna-2018-02.jpg\" \/>\n<meta name=\"twitter:label1\" content=\"Est. reading time\" \/>\n\t<meta name=\"twitter:data1\" content=\"3 minutes\" \/>\n<script type=\"application\/ld+json\" class=\"yoast-schema-graph\">{\"@context\":\"https:\/\/schema.org\",\"@graph\":[{\"@type\":\"WebPage\",\"@id\":\"https:\/\/www.pravnizapisi.rs\/pravni-zapisi-2-2018\/8267-2\/\",\"url\":\"https:\/\/www.pravnizapisi.rs\/pravni-zapisi-2-2018\/8267-2\/\",\"name\":\"- Pravni Zapisi\",\"isPartOf\":{\"@id\":\"https:\/\/pravnizapisi.rs\/#website\"},\"primaryImageOfPage\":{\"@id\":\"https:\/\/www.pravnizapisi.rs\/pravni-zapisi-2-2018\/8267-2\/#primaryimage\"},\"image\":{\"@id\":\"https:\/\/www.pravnizapisi.rs\/pravni-zapisi-2-2018\/8267-2\/#primaryimage\"},\"thumbnailUrl\":\"https:\/\/pravnizapisi.rs\/wp-content\/uploads\/2021\/03\/PngItem_278380-150x150.jpg\",\"datePublished\":\"2021-05-02T12:39:51+00:00\",\"dateModified\":\"2021-11-28T23:30:30+00:00\",\"breadcrumb\":{\"@id\":\"https:\/\/www.pravnizapisi.rs\/pravni-zapisi-2-2018\/8267-2\/#breadcrumb\"},\"inLanguage\":\"en-US\",\"potentialAction\":[{\"@type\":\"ReadAction\",\"target\":[\"https:\/\/www.pravnizapisi.rs\/pravni-zapisi-2-2018\/8267-2\/\"]}]},{\"@type\":\"ImageObject\",\"inLanguage\":\"en-US\",\"@id\":\"https:\/\/www.pravnizapisi.rs\/pravni-zapisi-2-2018\/8267-2\/#primaryimage\",\"url\":\"https:\/\/pravnizapisi.rs\/wp-content\/uploads\/2021\/03\/PngItem_278380-150x150.jpg\",\"contentUrl\":\"https:\/\/pravnizapisi.rs\/wp-content\/uploads\/2021\/03\/PngItem_278380-150x150.jpg\"},{\"@type\":\"BreadcrumbList\",\"@id\":\"https:\/\/www.pravnizapisi.rs\/pravni-zapisi-2-2018\/8267-2\/#breadcrumb\",\"itemListElement\":[{\"@type\":\"ListItem\",\"position\":1,\"name\":\"\u041f\u043e\u0447\u0435\u0442\u043d\u0430\",\"item\":\"https:\/\/www.pravnizapisi.rs\/en\/\"},{\"@type\":\"ListItem\",\"position\":2,\"name\":\"Pravni zapisi 2\/2018\",\"item\":\"https:\/\/www.pravnizapisi.rs\/pravni-zapisi-2-2018\/\"}]},{\"@type\":\"WebSite\",\"@id\":\"https:\/\/pravnizapisi.rs\/#website\",\"url\":\"https:\/\/pravnizapisi.rs\/\",\"name\":\"Pravni Zapisi\",\"description\":\"\",\"publisher\":{\"@id\":\"https:\/\/pravnizapisi.rs\/#organization\"},\"potentialAction\":[{\"@type\":\"SearchAction\",\"target\":{\"@type\":\"EntryPoint\",\"urlTemplate\":\"https:\/\/pravnizapisi.rs\/?s={search_term_string}\"},\"query-input\":{\"@type\":\"PropertyValueSpecification\",\"valueRequired\":true,\"valueName\":\"search_term_string\"}}],\"inLanguage\":\"en-US\"},{\"@type\":\"Organization\",\"@id\":\"https:\/\/pravnizapisi.rs\/#organization\",\"name\":\"Pravni Zapisi\",\"url\":\"https:\/\/pravnizapisi.rs\/\",\"logo\":{\"@type\":\"ImageObject\",\"inLanguage\":\"en-US\",\"@id\":\"https:\/\/pravnizapisi.rs\/#\/schema\/logo\/image\/\",\"url\":\"https:\/\/www.pravnizapisi.rs\/wp-content\/uploads\/2019\/11\/cropped-Header-logo-srb-1-1.jpg\",\"contentUrl\":\"https:\/\/www.pravnizapisi.rs\/wp-content\/uploads\/2019\/11\/cropped-Header-logo-srb-1-1.jpg\",\"width\":580,\"height\":80,\"caption\":\"Pravni Zapisi\"},\"image\":{\"@id\":\"https:\/\/pravnizapisi.rs\/#\/schema\/logo\/image\/\"}}]}<\/script>\n<!-- \/ Yoast SEO plugin. -->","yoast_head_json":{"title":"- Pravni Zapisi","robots":{"index":"index","follow":"follow","max-snippet":"max-snippet:-1","max-image-preview":"max-image-preview:large","max-video-preview":"max-video-preview:-1"},"canonical":"https:\/\/www.pravnizapisi.rs\/pravni-zapisi-2-2018\/8267-2\/","og_locale":"en_US","og_type":"article","og_title":"- Pravni Zapisi","og_description":"PRAVNI ZAPISI \u2022 Year IX \u2022 No. 2 \u2022 pp. 271-292 ILLEGAL WASTE DISPOSAL IN THE EU LEGISLATION AND PRACTICE OF THE COURT OF JUSTICE OF THE EU Dr Ana Batri\u0107evi\u0107 Vi\u0161i nau\u010dni saradnik, Institut za kriminolo\u0161ka i sociolo\u0161ka istra\u017eivanja, Beograd e-mail: a.batricevic@yahoo.com MA Nikola Paunovi\u0107 Istra\u017eiva\u010d pripravnik, Ministarstvo spoljnih poslova Republike Srbije Doktorand, Pravni fakultet Univerziteta u Beogradu e-mail: dzoni925@gmail.com . Pravni zapisi, No. 2\/2018, pp. 271-292 Review Article DOI: 10.5937\/pravzap0-18546 KEY WORDS illegal waste disposal, waste management, waste recycling, waste prevention, EU environmental law, practice of the EU Court of Justice, landfills ABSTRACT Having in mind the fact [&hellip;]","og_url":"https:\/\/www.pravnizapisi.rs\/pravni-zapisi-2-2018\/8267-2\/","og_site_name":"Pravni Zapisi","article_modified_time":"2021-11-28T23:30:30+00:00","og_image":[{"width":585,"height":872,"url":"https:\/\/www.pravnizapisi.rs\/wp-content\/uploads\/2021\/11\/Naslovna-2018-02.jpg","type":"image\/jpeg"}],"twitter_card":"summary_large_image","twitter_image":"https:\/\/www.pravnizapisi.rs\/wp-content\/uploads\/2021\/11\/Naslovna-2018-02.jpg","twitter_misc":{"Est. reading time":"3 minutes"},"schema":{"@context":"https:\/\/schema.org","@graph":[{"@type":"WebPage","@id":"https:\/\/www.pravnizapisi.rs\/pravni-zapisi-2-2018\/8267-2\/","url":"https:\/\/www.pravnizapisi.rs\/pravni-zapisi-2-2018\/8267-2\/","name":"- Pravni Zapisi","isPartOf":{"@id":"https:\/\/pravnizapisi.rs\/#website"},"primaryImageOfPage":{"@id":"https:\/\/www.pravnizapisi.rs\/pravni-zapisi-2-2018\/8267-2\/#primaryimage"},"image":{"@id":"https:\/\/www.pravnizapisi.rs\/pravni-zapisi-2-2018\/8267-2\/#primaryimage"},"thumbnailUrl":"https:\/\/pravnizapisi.rs\/wp-content\/uploads\/2021\/03\/PngItem_278380-150x150.jpg","datePublished":"2021-05-02T12:39:51+00:00","dateModified":"2021-11-28T23:30:30+00:00","breadcrumb":{"@id":"https:\/\/www.pravnizapisi.rs\/pravni-zapisi-2-2018\/8267-2\/#breadcrumb"},"inLanguage":"en-US","potentialAction":[{"@type":"ReadAction","target":["https:\/\/www.pravnizapisi.rs\/pravni-zapisi-2-2018\/8267-2\/"]}]},{"@type":"ImageObject","inLanguage":"en-US","@id":"https:\/\/www.pravnizapisi.rs\/pravni-zapisi-2-2018\/8267-2\/#primaryimage","url":"https:\/\/pravnizapisi.rs\/wp-content\/uploads\/2021\/03\/PngItem_278380-150x150.jpg","contentUrl":"https:\/\/pravnizapisi.rs\/wp-content\/uploads\/2021\/03\/PngItem_278380-150x150.jpg"},{"@type":"BreadcrumbList","@id":"https:\/\/www.pravnizapisi.rs\/pravni-zapisi-2-2018\/8267-2\/#breadcrumb","itemListElement":[{"@type":"ListItem","position":1,"name":"\u041f\u043e\u0447\u0435\u0442\u043d\u0430","item":"https:\/\/www.pravnizapisi.rs\/en\/"},{"@type":"ListItem","position":2,"name":"Pravni zapisi 2\/2018","item":"https:\/\/www.pravnizapisi.rs\/pravni-zapisi-2-2018\/"}]},{"@type":"WebSite","@id":"https:\/\/pravnizapisi.rs\/#website","url":"https:\/\/pravnizapisi.rs\/","name":"Pravni Zapisi","description":"","publisher":{"@id":"https:\/\/pravnizapisi.rs\/#organization"},"potentialAction":[{"@type":"SearchAction","target":{"@type":"EntryPoint","urlTemplate":"https:\/\/pravnizapisi.rs\/?s={search_term_string}"},"query-input":{"@type":"PropertyValueSpecification","valueRequired":true,"valueName":"search_term_string"}}],"inLanguage":"en-US"},{"@type":"Organization","@id":"https:\/\/pravnizapisi.rs\/#organization","name":"Pravni Zapisi","url":"https:\/\/pravnizapisi.rs\/","logo":{"@type":"ImageObject","inLanguage":"en-US","@id":"https:\/\/pravnizapisi.rs\/#\/schema\/logo\/image\/","url":"https:\/\/www.pravnizapisi.rs\/wp-content\/uploads\/2019\/11\/cropped-Header-logo-srb-1-1.jpg","contentUrl":"https:\/\/www.pravnizapisi.rs\/wp-content\/uploads\/2019\/11\/cropped-Header-logo-srb-1-1.jpg","width":580,"height":80,"caption":"Pravni Zapisi"},"image":{"@id":"https:\/\/pravnizapisi.rs\/#\/schema\/logo\/image\/"}}]}},"_links":{"self":[{"href":"https:\/\/www.pravnizapisi.rs\/en\/wp-json\/wp\/v2\/pages\/8271","targetHints":{"allow":["GET"]}}],"collection":[{"href":"https:\/\/www.pravnizapisi.rs\/en\/wp-json\/wp\/v2\/pages"}],"about":[{"href":"https:\/\/www.pravnizapisi.rs\/en\/wp-json\/wp\/v2\/types\/page"}],"author":[{"embeddable":true,"href":"https:\/\/www.pravnizapisi.rs\/en\/wp-json\/wp\/v2\/users\/4"}],"replies":[{"embeddable":true,"href":"https:\/\/www.pravnizapisi.rs\/en\/wp-json\/wp\/v2\/comments?post=8271"}],"version-history":[{"count":0,"href":"https:\/\/www.pravnizapisi.rs\/en\/wp-json\/wp\/v2\/pages\/8271\/revisions"}],"up":[{"embeddable":true,"href":"https:\/\/www.pravnizapisi.rs\/en\/wp-json\/wp\/v2\/pages\/6275"}],"wp:attachment":[{"href":"https:\/\/www.pravnizapisi.rs\/en\/wp-json\/wp\/v2\/media?parent=8271"}],"curies":[{"name":"wp","href":"https:\/\/api.w.org\/{rel}","templated":true}]}}