{"id":8286,"date":"2021-05-02T12:53:21","date_gmt":"2021-05-02T12:53:21","guid":{"rendered":"http:\/\/pravnizapisi.rs\/?page_id=8286"},"modified":"2021-11-28T23:33:43","modified_gmt":"2021-11-28T23:33:43","slug":"8286-2","status":"publish","type":"page","link":"https:\/\/www.pravnizapisi.rs\/en\/2-2018\/8286-2\/","title":{"rendered":""},"content":{"rendered":"<p style=\"text-align: center;\">PRAVNI ZAPISI \u2022 Year IX \u2022 No. 2 \u2022 pp. 324-343<\/p>\n<h3><strong>FUTURE DAMAGE AND THE POSSIBILITIES OF ITS COMPENSATION<\/strong><\/h3>\n<figure id=\"attachment_7055\" aria-describedby=\"caption-attachment-7055\" style=\"width: 95px\" class=\"wp-caption alignright\"><a href=\"https:\/\/pravnizapisi.rs\/wp-content\/uploads\/issues\/2-2018\/Pravni_zapisi_2018-02_06_Matijevic.pdf\"><img loading=\"lazy\" decoding=\"async\" class=\"wp-image-7056\" src=\"https:\/\/pravnizapisi.rs\/wp-content\/uploads\/2021\/03\/PngItem_278380-150x150.jpg\" alt=\"\" width=\"95\" height=\"95\"><\/a><figcaption id=\"caption-attachment-7055\" class=\"wp-caption-text\">Language: Croatian<\/figcaption><\/figure>\n<h4><strong>Berislav Matijevi\u0107<br \/>\n<\/strong>Diplomirani pravnik, Hrvatsko dru\u0161tvo za gra\u0111anskopravne znanosti i praksu<br \/>\ne-mail: <a href=\"mailto:berislavmatijevic@gmail.com\">berislavmatijevic@gmail.com<\/a><\/h4>\n<p><span style=\"color: #ffffff;\">.<\/span><\/p>\n<p><span style=\"color: #ffffff;\">.<\/span><\/p>\n<p>Pravni zapisi, No. 2\/2018, pp. 324-343<\/p>\n<p>Review Article<\/p>\n<p style=\"text-align: justify;\"><strong>DOI<\/strong>: <a href=\"https:\/\/scindeks.ceon.rs\/article.aspx?query=ISSID%26and%2614222&amp;page=5&amp;sort=8&amp;stype=0&amp;backurl=%2fissue.aspx%3fissue%3d14222%26lang%3den&amp;lang=en\">10.5937\/pravzap0-19570<\/a><\/p>\n<p style=\"text-align: justify;\"><span style=\"text-decoration: underline;\"><strong>KEY WORDS<\/strong><br \/>\n<\/span>damage, future damage, material damage, non-material damage, future damage compensation<\/p>\n<p style=\"text-align: justify;\"><span style=\"text-decoration: underline;\"><strong>ABSTRACT<\/strong><br \/>\n<\/span>This paper is dedicated to the interpretation of one specific form of civil damage: future damage. The author starts from the notion of damage in the sense of civil law, by distinguishing the notion of material and non-material damages in the sense of the Civil Obligation Act, citing than the other criteria for classifying the damages in civil law, where special attention is dedicated to the criterion of probability of damage occurrence, which ranges from the time of damage occurrence to the termination of the harmful consequences. According to the above-mentioned criterion, the damages are divided into existing, future and unpredictable damages. Thereby this paper particularly points out the dualism that exists in the category of future damages, which divides them into those future permanent and those foreseeable in the future. The final part of the paper deals with the issue of compensation for future damages, separately from the point of view of material damages, and separately from the point of view of non-material damages. Concluding reflections are de facto dedicated to the criticisms of the current situation in the matter of compensation for the future permanent non-material damages.<\/p>\n","protected":false},"excerpt":{"rendered":"<p>PRAVNI ZAPISI \u2022 Year IX \u2022 No. 2 \u2022 pp. 324-343 FUTURE DAMAGE AND THE POSSIBILITIES OF ITS COMPENSATION Berislav Matijevi\u0107 Diplomirani pravnik, Hrvatsko dru\u0161tvo za gra\u0111anskopravne znanosti i praksu e-mail: berislavmatijevic@gmail.com . . Pravni zapisi, No. 2\/2018, pp. 324-343 Review Article DOI: 10.5937\/pravzap0-19570 KEY WORDS damage, future damage, material damage, non-material damage, future damage compensation ABSTRACT This paper is dedicated to the interpretation of one specific form of civil damage: future damage. The author starts from the notion of damage in the sense of civil law, by distinguishing the notion of material and non-material damages in the sense of [&hellip;]<\/p>\n","protected":false},"author":4,"featured_media":0,"parent":6275,"menu_order":0,"comment_status":"closed","ping_status":"closed","template":"template-article.php","meta":{"footnotes":""},"class_list":["post-8286","page","type-page","status-publish","hentry"],"yoast_head":"<!-- This site is optimized with the Yoast SEO plugin v27.1.1 - https:\/\/yoast.com\/product\/yoast-seo-wordpress\/ -->\n<title>- Pravni Zapisi<\/title>\n<meta name=\"robots\" content=\"index, follow, max-snippet:-1, max-image-preview:large, max-video-preview:-1\" \/>\n<link rel=\"canonical\" href=\"https:\/\/www.pravnizapisi.rs\/pravni-zapisi-2-2018\/8283-2\/\" \/>\n<meta property=\"og:locale\" content=\"en_US\" \/>\n<meta property=\"og:type\" content=\"article\" \/>\n<meta property=\"og:title\" content=\"- Pravni Zapisi\" \/>\n<meta property=\"og:description\" content=\"PRAVNI ZAPISI \u2022 Year IX \u2022 No. 2 \u2022 pp. 324-343 FUTURE DAMAGE AND THE POSSIBILITIES OF ITS COMPENSATION Berislav Matijevi\u0107 Diplomirani pravnik, Hrvatsko dru\u0161tvo za gra\u0111anskopravne znanosti i praksu e-mail: berislavmatijevic@gmail.com . . Pravni zapisi, No. 2\/2018, pp. 324-343 Review Article DOI: 10.5937\/pravzap0-19570 KEY WORDS damage, future damage, material damage, non-material damage, future damage compensation ABSTRACT This paper is dedicated to the interpretation of one specific form of civil damage: future damage. The author starts from the notion of damage in the sense of civil law, by distinguishing the notion of material and non-material damages in the sense of [&hellip;]\" \/>\n<meta property=\"og:url\" content=\"https:\/\/www.pravnizapisi.rs\/pravni-zapisi-2-2018\/8283-2\/\" \/>\n<meta property=\"og:site_name\" content=\"Pravni Zapisi\" \/>\n<meta property=\"article:modified_time\" content=\"2021-11-28T23:33:43+00:00\" \/>\n<meta property=\"og:image\" content=\"https:\/\/www.pravnizapisi.rs\/wp-content\/uploads\/2021\/11\/Naslovna-2018-02.jpg\" \/>\n\t<meta property=\"og:image:width\" content=\"585\" \/>\n\t<meta property=\"og:image:height\" content=\"872\" \/>\n\t<meta property=\"og:image:type\" content=\"image\/jpeg\" \/>\n<meta name=\"twitter:card\" content=\"summary_large_image\" \/>\n<meta name=\"twitter:image\" content=\"https:\/\/www.pravnizapisi.rs\/wp-content\/uploads\/2021\/11\/Naslovna-2018-02.jpg\" \/>\n<meta name=\"twitter:label1\" content=\"Est. reading time\" \/>\n\t<meta name=\"twitter:data1\" content=\"2 minutes\" \/>\n<script type=\"application\/ld+json\" class=\"yoast-schema-graph\">{\"@context\":\"https:\/\/schema.org\",\"@graph\":[{\"@type\":\"WebPage\",\"@id\":\"https:\/\/www.pravnizapisi.rs\/pravni-zapisi-2-2018\/8283-2\/\",\"url\":\"https:\/\/www.pravnizapisi.rs\/pravni-zapisi-2-2018\/8283-2\/\",\"name\":\"- Pravni Zapisi\",\"isPartOf\":{\"@id\":\"https:\/\/pravnizapisi.rs\/#website\"},\"primaryImageOfPage\":{\"@id\":\"https:\/\/www.pravnizapisi.rs\/pravni-zapisi-2-2018\/8283-2\/#primaryimage\"},\"image\":{\"@id\":\"https:\/\/www.pravnizapisi.rs\/pravni-zapisi-2-2018\/8283-2\/#primaryimage\"},\"thumbnailUrl\":\"https:\/\/pravnizapisi.rs\/wp-content\/uploads\/2021\/03\/PngItem_278380-150x150.jpg\",\"datePublished\":\"2021-05-02T12:53:21+00:00\",\"dateModified\":\"2021-11-28T23:33:43+00:00\",\"breadcrumb\":{\"@id\":\"https:\/\/www.pravnizapisi.rs\/pravni-zapisi-2-2018\/8283-2\/#breadcrumb\"},\"inLanguage\":\"en-US\",\"potentialAction\":[{\"@type\":\"ReadAction\",\"target\":[\"https:\/\/www.pravnizapisi.rs\/pravni-zapisi-2-2018\/8283-2\/\"]}]},{\"@type\":\"ImageObject\",\"inLanguage\":\"en-US\",\"@id\":\"https:\/\/www.pravnizapisi.rs\/pravni-zapisi-2-2018\/8283-2\/#primaryimage\",\"url\":\"https:\/\/pravnizapisi.rs\/wp-content\/uploads\/2021\/03\/PngItem_278380-150x150.jpg\",\"contentUrl\":\"https:\/\/pravnizapisi.rs\/wp-content\/uploads\/2021\/03\/PngItem_278380-150x150.jpg\"},{\"@type\":\"BreadcrumbList\",\"@id\":\"https:\/\/www.pravnizapisi.rs\/pravni-zapisi-2-2018\/8283-2\/#breadcrumb\",\"itemListElement\":[{\"@type\":\"ListItem\",\"position\":1,\"name\":\"\u041f\u043e\u0447\u0435\u0442\u043d\u0430\",\"item\":\"https:\/\/www.pravnizapisi.rs\/en\/\"},{\"@type\":\"ListItem\",\"position\":2,\"name\":\"Pravni zapisi 2\/2018\",\"item\":\"https:\/\/www.pravnizapisi.rs\/pravni-zapisi-2-2018\/\"}]},{\"@type\":\"WebSite\",\"@id\":\"https:\/\/pravnizapisi.rs\/#website\",\"url\":\"https:\/\/pravnizapisi.rs\/\",\"name\":\"Pravni Zapisi\",\"description\":\"\",\"publisher\":{\"@id\":\"https:\/\/pravnizapisi.rs\/#organization\"},\"potentialAction\":[{\"@type\":\"SearchAction\",\"target\":{\"@type\":\"EntryPoint\",\"urlTemplate\":\"https:\/\/pravnizapisi.rs\/?s={search_term_string}\"},\"query-input\":{\"@type\":\"PropertyValueSpecification\",\"valueRequired\":true,\"valueName\":\"search_term_string\"}}],\"inLanguage\":\"en-US\"},{\"@type\":\"Organization\",\"@id\":\"https:\/\/pravnizapisi.rs\/#organization\",\"name\":\"Pravni Zapisi\",\"url\":\"https:\/\/pravnizapisi.rs\/\",\"logo\":{\"@type\":\"ImageObject\",\"inLanguage\":\"en-US\",\"@id\":\"https:\/\/pravnizapisi.rs\/#\/schema\/logo\/image\/\",\"url\":\"https:\/\/www.pravnizapisi.rs\/wp-content\/uploads\/2019\/11\/cropped-Header-logo-srb-1-1.jpg\",\"contentUrl\":\"https:\/\/www.pravnizapisi.rs\/wp-content\/uploads\/2019\/11\/cropped-Header-logo-srb-1-1.jpg\",\"width\":580,\"height\":80,\"caption\":\"Pravni Zapisi\"},\"image\":{\"@id\":\"https:\/\/pravnizapisi.rs\/#\/schema\/logo\/image\/\"}}]}<\/script>\n<!-- \/ Yoast SEO plugin. -->","yoast_head_json":{"title":"- Pravni Zapisi","robots":{"index":"index","follow":"follow","max-snippet":"max-snippet:-1","max-image-preview":"max-image-preview:large","max-video-preview":"max-video-preview:-1"},"canonical":"https:\/\/www.pravnizapisi.rs\/pravni-zapisi-2-2018\/8283-2\/","og_locale":"en_US","og_type":"article","og_title":"- Pravni Zapisi","og_description":"PRAVNI ZAPISI \u2022 Year IX \u2022 No. 2 \u2022 pp. 324-343 FUTURE DAMAGE AND THE POSSIBILITIES OF ITS COMPENSATION Berislav Matijevi\u0107 Diplomirani pravnik, Hrvatsko dru\u0161tvo za gra\u0111anskopravne znanosti i praksu e-mail: berislavmatijevic@gmail.com . . Pravni zapisi, No. 2\/2018, pp. 324-343 Review Article DOI: 10.5937\/pravzap0-19570 KEY WORDS damage, future damage, material damage, non-material damage, future damage compensation ABSTRACT This paper is dedicated to the interpretation of one specific form of civil damage: future damage. The author starts from the notion of damage in the sense of civil law, by distinguishing the notion of material and non-material damages in the sense of [&hellip;]","og_url":"https:\/\/www.pravnizapisi.rs\/pravni-zapisi-2-2018\/8283-2\/","og_site_name":"Pravni Zapisi","article_modified_time":"2021-11-28T23:33:43+00:00","og_image":[{"width":585,"height":872,"url":"https:\/\/www.pravnizapisi.rs\/wp-content\/uploads\/2021\/11\/Naslovna-2018-02.jpg","type":"image\/jpeg"}],"twitter_card":"summary_large_image","twitter_image":"https:\/\/www.pravnizapisi.rs\/wp-content\/uploads\/2021\/11\/Naslovna-2018-02.jpg","twitter_misc":{"Est. reading time":"2 minutes"},"schema":{"@context":"https:\/\/schema.org","@graph":[{"@type":"WebPage","@id":"https:\/\/www.pravnizapisi.rs\/pravni-zapisi-2-2018\/8283-2\/","url":"https:\/\/www.pravnizapisi.rs\/pravni-zapisi-2-2018\/8283-2\/","name":"- Pravni Zapisi","isPartOf":{"@id":"https:\/\/pravnizapisi.rs\/#website"},"primaryImageOfPage":{"@id":"https:\/\/www.pravnizapisi.rs\/pravni-zapisi-2-2018\/8283-2\/#primaryimage"},"image":{"@id":"https:\/\/www.pravnizapisi.rs\/pravni-zapisi-2-2018\/8283-2\/#primaryimage"},"thumbnailUrl":"https:\/\/pravnizapisi.rs\/wp-content\/uploads\/2021\/03\/PngItem_278380-150x150.jpg","datePublished":"2021-05-02T12:53:21+00:00","dateModified":"2021-11-28T23:33:43+00:00","breadcrumb":{"@id":"https:\/\/www.pravnizapisi.rs\/pravni-zapisi-2-2018\/8283-2\/#breadcrumb"},"inLanguage":"en-US","potentialAction":[{"@type":"ReadAction","target":["https:\/\/www.pravnizapisi.rs\/pravni-zapisi-2-2018\/8283-2\/"]}]},{"@type":"ImageObject","inLanguage":"en-US","@id":"https:\/\/www.pravnizapisi.rs\/pravni-zapisi-2-2018\/8283-2\/#primaryimage","url":"https:\/\/pravnizapisi.rs\/wp-content\/uploads\/2021\/03\/PngItem_278380-150x150.jpg","contentUrl":"https:\/\/pravnizapisi.rs\/wp-content\/uploads\/2021\/03\/PngItem_278380-150x150.jpg"},{"@type":"BreadcrumbList","@id":"https:\/\/www.pravnizapisi.rs\/pravni-zapisi-2-2018\/8283-2\/#breadcrumb","itemListElement":[{"@type":"ListItem","position":1,"name":"\u041f\u043e\u0447\u0435\u0442\u043d\u0430","item":"https:\/\/www.pravnizapisi.rs\/en\/"},{"@type":"ListItem","position":2,"name":"Pravni zapisi 2\/2018","item":"https:\/\/www.pravnizapisi.rs\/pravni-zapisi-2-2018\/"}]},{"@type":"WebSite","@id":"https:\/\/pravnizapisi.rs\/#website","url":"https:\/\/pravnizapisi.rs\/","name":"Pravni Zapisi","description":"","publisher":{"@id":"https:\/\/pravnizapisi.rs\/#organization"},"potentialAction":[{"@type":"SearchAction","target":{"@type":"EntryPoint","urlTemplate":"https:\/\/pravnizapisi.rs\/?s={search_term_string}"},"query-input":{"@type":"PropertyValueSpecification","valueRequired":true,"valueName":"search_term_string"}}],"inLanguage":"en-US"},{"@type":"Organization","@id":"https:\/\/pravnizapisi.rs\/#organization","name":"Pravni Zapisi","url":"https:\/\/pravnizapisi.rs\/","logo":{"@type":"ImageObject","inLanguage":"en-US","@id":"https:\/\/pravnizapisi.rs\/#\/schema\/logo\/image\/","url":"https:\/\/www.pravnizapisi.rs\/wp-content\/uploads\/2019\/11\/cropped-Header-logo-srb-1-1.jpg","contentUrl":"https:\/\/www.pravnizapisi.rs\/wp-content\/uploads\/2019\/11\/cropped-Header-logo-srb-1-1.jpg","width":580,"height":80,"caption":"Pravni Zapisi"},"image":{"@id":"https:\/\/pravnizapisi.rs\/#\/schema\/logo\/image\/"}}]}},"_links":{"self":[{"href":"https:\/\/www.pravnizapisi.rs\/en\/wp-json\/wp\/v2\/pages\/8286","targetHints":{"allow":["GET"]}}],"collection":[{"href":"https:\/\/www.pravnizapisi.rs\/en\/wp-json\/wp\/v2\/pages"}],"about":[{"href":"https:\/\/www.pravnizapisi.rs\/en\/wp-json\/wp\/v2\/types\/page"}],"author":[{"embeddable":true,"href":"https:\/\/www.pravnizapisi.rs\/en\/wp-json\/wp\/v2\/users\/4"}],"replies":[{"embeddable":true,"href":"https:\/\/www.pravnizapisi.rs\/en\/wp-json\/wp\/v2\/comments?post=8286"}],"version-history":[{"count":0,"href":"https:\/\/www.pravnizapisi.rs\/en\/wp-json\/wp\/v2\/pages\/8286\/revisions"}],"up":[{"embeddable":true,"href":"https:\/\/www.pravnizapisi.rs\/en\/wp-json\/wp\/v2\/pages\/6275"}],"wp:attachment":[{"href":"https:\/\/www.pravnizapisi.rs\/en\/wp-json\/wp\/v2\/media?parent=8286"}],"curies":[{"name":"wp","href":"https:\/\/api.w.org\/{rel}","templated":true}]}}