{"id":8660,"date":"2021-07-17T07:44:17","date_gmt":"2021-07-17T07:44:17","guid":{"rendered":"http:\/\/pravnizapisi.rs\/?page_id=8660"},"modified":"2021-07-18T10:19:58","modified_gmt":"2021-07-18T10:19:58","slug":"pravni-zapisi-1-2021-2","status":"publish","type":"page","link":"https:\/\/www.pravnizapisi.rs\/en\/pravni-zapisi-1-2021-2\/","title":{"rendered":"Pravni zapisi 1\/2021"},"content":{"rendered":"<p style=\"text-align: justify;\"><em><strong>Union University Law School Review<\/strong><\/em><br \/>\n<em><strong>Year XII, No. 1\/2021, Pages 1-349<\/strong><\/em><\/p>\n<table style=\"height: 35px;\" width=\"364\" frame=\"void\">\n<tbody>\n<tr>\n<td valign=\"top\"><strong>UDK\u00a034<\/strong><\/td>\n<td align=\"left\" valign=\"top\">\n<div><strong>ISSN 2217-2815 (Printed Edition)<\/strong><\/div>\n<div><strong>eISSN 2406-1387 (Online Edition)<\/strong><\/div>\n<\/td>\n<\/tr>\n<\/tbody>\n<\/table>\n<hr \/>\n<h3 style=\"text-align: center;\">TABLE OF CONTENTS<\/h3>\n<h4 style=\"text-align: justify;\">EDITORIAL<\/h4>\n<p style=\"text-align: justify;\"><a href=\"https:\/\/pravnizapisi.rs\/wp-content\/uploads\/issues\/1-2021\/PZ%202021-01%20-%2001%20Besirevic.pdf\"><strong>Violeta Be\u0161irevi\u0107, <\/strong><em>On Pandemics, Populism, New Issue and New Editorial Board<\/em><\/a><\/p>\n<h4 style=\"text-align: justify;\">GUEST EDITORIAL<\/h4>\n<p style=\"text-align: justify;\"><a href=\"https:\/\/pravnizapisi.rs\/wp-content\/uploads\/issues\/1-2021\/PZ%202021-01%20-%2002%20Kochenov.pdf\"><strong>Dimitry Vladimirovich Kochenov<\/strong>, <em>Upgrading Rule of Law in Europe in Populist Times<\/em><\/a><\/p>\n<h4 style=\"text-align: justify;\">ARTICLES<\/h4>\n<p style=\"text-align: justify;\"><a href=\"https:\/\/pravnizapisi.rs\/en\/pravni-zapisi-1-2021\/8678-2\/\"><strong>Bojan Spai\u0107<\/strong>, <em>Interpretation and Construction: An Addendum to the Discussion about Creation and Application of Law<\/em><\/a><\/p>\n<p style=\"text-align: justify;\"><a href=\"https:\/\/pravnizapisi.rs\/en\/pravni-zapisi-1-2021-2\/8685-2\/\"><strong>M\u00e1rton Varju<\/strong>, <em>Responsible Research and Innovation (RRI) in Hungary: <\/em><em>A Western Model, an Eastern Illiberal Regime, and a Case <\/em><em>of Deferred Institutional Adaptation<\/em><\/a><\/p>\n<p style=\"text-align: justify;\"><a href=\"https:\/\/pravnizapisi.rs\/en\/pravni-zapisi-1-2021-2\/8694-2\/\"><strong>\u0110or\u0111e Garda\u0161evi\u0107<\/strong>, <em>\u201cBusiness as Unusual\u201d: Pandemic Concentration of Executive Powers in Croatia<\/em><\/a><\/p>\n<p style=\"text-align: justify;\"><a href=\"https:\/\/pravnizapisi.rs\/en\/pravni-zapisi-1-2021-2\/8701-2\/\"><strong>Teodora Miljojkovi\u0107<\/strong>, <em>Emergency Governance (Un)Bound: A Brief Reflection on Southeast Europe\u2019s Response to COVID-19 Pandemic<\/em><\/a><\/p>\n<p style=\"text-align: justify;\"><a href=\"https:\/\/pravnizapisi.rs\/en\/pravni-zapisi-1-2021-2\/8708-2\/\"><strong>Tibor Tajti (Thaythy)<\/strong>, <em>What Makes the Securities Criminal Law System of The United States Work? \u2018All-Embracing\u2019 \u2018Blanket\u2019 Securities Crimes and the Linked Enforcement Framework<\/em><\/a><\/p>\n<p style=\"text-align: justify;\"><a href=\"https:\/\/pravnizapisi.rs\/en\/pravni-zapisi-1-2021-2\/8715-2\/\"><strong>Katarina B. Ivan\u010devi\u0107<\/strong>, <em>Disclosure Duties in Insurance Contract<\/em><\/a><\/p>\n<p style=\"text-align: justify;\"><a href=\"https:\/\/pravnizapisi.rs\/en\/pravni-zapisi-1-2021-2\/8722-2\/\"><strong>Jovana Popovi\u0107<\/strong>, <em>Institutional Framework of Collective Consumer Protection in the Republic of Serbia: Condition and Perspectives<\/em><\/a><\/p>\n<p style=\"text-align: justify;\"><a href=\"https:\/\/pravnizapisi.rs\/en\/pravni-zapisi-1-2021-2\/8729-2\/\"><strong>Goran Ba\u0161i\u0107, Ivana Stjelja<\/strong>, <em>Discrimination and Roma Identity in Serbia<\/em><\/a><\/p>\n<p style=\"text-align: justify;\"><a href=\"https:\/\/pravnizapisi.rs\/en\/pravni-zapisi-1-2021-2\/8738-2\/\"><strong>Sr\u0111an Milo\u0161evi\u0107<\/strong>, <em>Constitution Without a State: The Formation of the Kingdom of SCS and \u201cThe Vidovdan\u201d Constitution in the Constitutional Law <\/em><em>Curriculum in Yugoslavia\u2019s Successor States<\/em><\/a><\/p>\n<h4 style=\"text-align: justify;\">DEBATES<\/h4>\n<p style=\"text-align: justify;\"><a href=\"https:\/\/pravnizapisi.rs\/wp-content\/uploads\/issues\/1-2021\/PZ%202021-01%20-%2012%20Milosevic.pdf\"><strong>Sr\u0111an Milo\u0161evi\u0107<\/strong>, <em>Secularism vs. Constitutional Secularity <\/em><em>(A Reply to Marko Bo\u017ei\u0107)<\/em><\/a><\/p>\n<h4 style=\"text-align: justify;\">CASE NOTES<\/h4>\n<p style=\"text-align: justify;\"><a href=\"https:\/\/pravnizapisi.rs\/wp-content\/uploads\/issues\/1-2021\/PZ%202021-01%20-%2013%20Vukcevic.pdf\"><strong>Ivana Vuk\u010devi\u0107, <\/strong><em>Facebook Oversight Board\u2019s Decision on the Indefinite Suspension of <\/em><em>Donald Trump\u2019s Account<\/em><\/a><\/p>\n<h4 style=\"text-align: justify;\">BOOK REVIEWS<\/h4>\n<p style=\"text-align: justify;\"><a href=\"https:\/\/pravnizapisi.rs\/wp-content\/uploads\/issues\/1-2021\/PZ%202021-01%20-%2014%20Prodanovic.pdf\"><strong>Gorana Prodanovi\u0107<\/strong>, <em>Extended Family in the Law and Politics of the South Slavs: Marko Bo\u017ei\u0107, Philippe Gelez (eds), The Ideal Community. The Political Legacy of the Extended Family in the Balkans, Journal of Slavic Studies, 3\/2020, Vol. 91, EUR\u2019ORBEM, Sorbonne University \u2013 CNRS, Paris, 145 pp.<\/em><\/a><\/p>\n<h4 style=\"text-align: justify;\">BIBLIOGRAPHY<\/h4>\n<p style=\"text-align: justify;\"><a href=\"https:\/\/pravnizapisi.rs\/wp-content\/uploads\/issues\/1-2021\/PZ%202021-01%20-%2015%20Pravna%20bibliografija%202020.pdf\"><em>Legal Bibliography \u2013 Serbia 2020<\/em>, prepared by<strong>\u00a0Ljiljana Prljin\u010devi\u0107, Ksenija Mitrovi\u0107 Gruji\u0107<\/strong><\/a><\/p>\n","protected":false},"excerpt":{"rendered":"<p>Union University Law School Review Year XII, No. 1\/2021, Pages 1-349 UDK\u00a034 ISSN 2217-2815 (Printed Edition) eISSN 2406-1387 (Online Edition) TABLE OF CONTENTS EDITORIAL Violeta Be\u0161irevi\u0107, On Pandemics, Populism, New Issue and New Editorial Board GUEST EDITORIAL Dimitry Vladimirovich Kochenov, Upgrading Rule of Law in Europe in Populist Times ARTICLES Bojan Spai\u0107, Interpretation and Construction: An Addendum to the Discussion about Creation and Application of Law M\u00e1rton Varju, Responsible Research and Innovation (RRI) in Hungary: A Western Model, an Eastern Illiberal Regime, and a Case of Deferred Institutional Adaptation \u0110or\u0111e Garda\u0161evi\u0107, \u201cBusiness as Unusual\u201d: Pandemic Concentration of Executive Powers in [&hellip;]<\/p>\n","protected":false},"author":4,"featured_media":0,"parent":0,"menu_order":0,"comment_status":"closed","ping_status":"closed","template":"template-fullwidth.php","meta":{"footnotes":""},"class_list":["post-8660","page","type-page","status-publish","hentry"],"yoast_head":"<!-- This site is optimized with the Yoast SEO plugin v27.1.1 - https:\/\/yoast.com\/product\/yoast-seo-wordpress\/ -->\n<title>Pravni zapisi 1\/2021 - Pravni Zapisi<\/title>\n<meta name=\"robots\" content=\"index, follow, max-snippet:-1, max-image-preview:large, max-video-preview:-1\" \/>\n<link rel=\"canonical\" href=\"https:\/\/www.pravnizapisi.rs\/en\/pravni-zapisi-1-2021-2\/\" \/>\n<meta property=\"og:locale\" content=\"en_US\" \/>\n<meta property=\"og:type\" content=\"article\" \/>\n<meta property=\"og:title\" content=\"Pravni zapisi 1\/2021 - Pravni Zapisi\" \/>\n<meta property=\"og:description\" content=\"Union University Law School Review Year XII, No. 1\/2021, Pages 1-349 UDK\u00a034 ISSN 2217-2815 (Printed Edition) eISSN 2406-1387 (Online Edition) TABLE OF CONTENTS EDITORIAL Violeta Be\u0161irevi\u0107, On Pandemics, Populism, New Issue and New Editorial Board GUEST EDITORIAL Dimitry Vladimirovich Kochenov, Upgrading Rule of Law in Europe in Populist Times ARTICLES Bojan Spai\u0107, Interpretation and Construction: An Addendum to the Discussion about Creation and Application of Law M\u00e1rton Varju, Responsible Research and Innovation (RRI) in Hungary: A Western Model, an Eastern Illiberal Regime, and a Case of Deferred Institutional Adaptation \u0110or\u0111e Garda\u0161evi\u0107, \u201cBusiness as Unusual\u201d: Pandemic Concentration of Executive Powers in [&hellip;]\" \/>\n<meta property=\"og:url\" content=\"https:\/\/www.pravnizapisi.rs\/en\/pravni-zapisi-1-2021-2\/\" \/>\n<meta property=\"og:site_name\" content=\"Pravni Zapisi\" \/>\n<meta property=\"article:modified_time\" content=\"2021-07-18T10:19:58+00:00\" \/>\n<meta property=\"og:image\" content=\"https:\/\/www.pravnizapisi.rs\/wp-content\/uploads\/2020\/07\/pzapisi.jpg\" \/>\n\t<meta property=\"og:image:width\" content=\"150\" \/>\n\t<meta property=\"og:image:height\" content=\"225\" \/>\n\t<meta property=\"og:image:type\" content=\"image\/jpeg\" \/>\n<meta name=\"twitter:card\" content=\"summary_large_image\" \/>\n<meta name=\"twitter:label1\" content=\"Est. reading time\" \/>\n\t<meta name=\"twitter:data1\" content=\"2 minutes\" \/>\n<script type=\"application\/ld+json\" class=\"yoast-schema-graph\">{\"@context\":\"https:\/\/schema.org\",\"@graph\":[{\"@type\":\"WebPage\",\"@id\":\"https:\/\/www.pravnizapisi.rs\/en\/pravni-zapisi-1-2021-2\/\",\"url\":\"https:\/\/www.pravnizapisi.rs\/en\/pravni-zapisi-1-2021-2\/\",\"name\":\"Pravni zapisi 1\/2021 - Pravni Zapisi\",\"isPartOf\":{\"@id\":\"https:\/\/pravnizapisi.rs\/#website\"},\"datePublished\":\"2021-07-17T07:44:17+00:00\",\"dateModified\":\"2021-07-18T10:19:58+00:00\",\"breadcrumb\":{\"@id\":\"https:\/\/www.pravnizapisi.rs\/en\/pravni-zapisi-1-2021-2\/#breadcrumb\"},\"inLanguage\":\"en-US\",\"potentialAction\":[{\"@type\":\"ReadAction\",\"target\":[\"https:\/\/www.pravnizapisi.rs\/en\/pravni-zapisi-1-2021-2\/\"]}]},{\"@type\":\"BreadcrumbList\",\"@id\":\"https:\/\/www.pravnizapisi.rs\/en\/pravni-zapisi-1-2021-2\/#breadcrumb\",\"itemListElement\":[{\"@type\":\"ListItem\",\"position\":1,\"name\":\"\u041f\u043e\u0447\u0435\u0442\u043d\u0430\",\"item\":\"https:\/\/www.pravnizapisi.rs\/en\/\"},{\"@type\":\"ListItem\",\"position\":2,\"name\":\"Pravni zapisi 1\/2021\"}]},{\"@type\":\"WebSite\",\"@id\":\"https:\/\/pravnizapisi.rs\/#website\",\"url\":\"https:\/\/pravnizapisi.rs\/\",\"name\":\"Pravni Zapisi\",\"description\":\"\",\"publisher\":{\"@id\":\"https:\/\/pravnizapisi.rs\/#organization\"},\"potentialAction\":[{\"@type\":\"SearchAction\",\"target\":{\"@type\":\"EntryPoint\",\"urlTemplate\":\"https:\/\/pravnizapisi.rs\/?s={search_term_string}\"},\"query-input\":{\"@type\":\"PropertyValueSpecification\",\"valueRequired\":true,\"valueName\":\"search_term_string\"}}],\"inLanguage\":\"en-US\"},{\"@type\":\"Organization\",\"@id\":\"https:\/\/pravnizapisi.rs\/#organization\",\"name\":\"Pravni Zapisi\",\"url\":\"https:\/\/pravnizapisi.rs\/\",\"logo\":{\"@type\":\"ImageObject\",\"inLanguage\":\"en-US\",\"@id\":\"https:\/\/pravnizapisi.rs\/#\/schema\/logo\/image\/\",\"url\":\"https:\/\/www.pravnizapisi.rs\/wp-content\/uploads\/2019\/11\/cropped-Header-logo-srb-1-1.jpg\",\"contentUrl\":\"https:\/\/www.pravnizapisi.rs\/wp-content\/uploads\/2019\/11\/cropped-Header-logo-srb-1-1.jpg\",\"width\":580,\"height\":80,\"caption\":\"Pravni Zapisi\"},\"image\":{\"@id\":\"https:\/\/pravnizapisi.rs\/#\/schema\/logo\/image\/\"}}]}<\/script>\n<!-- \/ Yoast SEO plugin. -->","yoast_head_json":{"title":"Pravni zapisi 1\/2021 - Pravni Zapisi","robots":{"index":"index","follow":"follow","max-snippet":"max-snippet:-1","max-image-preview":"max-image-preview:large","max-video-preview":"max-video-preview:-1"},"canonical":"https:\/\/www.pravnizapisi.rs\/en\/pravni-zapisi-1-2021-2\/","og_locale":"en_US","og_type":"article","og_title":"Pravni zapisi 1\/2021 - Pravni Zapisi","og_description":"Union University Law School Review Year XII, No. 1\/2021, Pages 1-349 UDK\u00a034 ISSN 2217-2815 (Printed Edition) eISSN 2406-1387 (Online Edition) TABLE OF CONTENTS EDITORIAL Violeta Be\u0161irevi\u0107, On Pandemics, Populism, New Issue and New Editorial Board GUEST EDITORIAL Dimitry Vladimirovich Kochenov, Upgrading Rule of Law in Europe in Populist Times ARTICLES Bojan Spai\u0107, Interpretation and Construction: An Addendum to the Discussion about Creation and Application of Law M\u00e1rton Varju, Responsible Research and Innovation (RRI) in Hungary: A Western Model, an Eastern Illiberal Regime, and a Case of Deferred Institutional Adaptation \u0110or\u0111e Garda\u0161evi\u0107, \u201cBusiness as Unusual\u201d: Pandemic Concentration of Executive Powers in [&hellip;]","og_url":"https:\/\/www.pravnizapisi.rs\/en\/pravni-zapisi-1-2021-2\/","og_site_name":"Pravni Zapisi","article_modified_time":"2021-07-18T10:19:58+00:00","og_image":[{"width":150,"height":225,"url":"https:\/\/www.pravnizapisi.rs\/wp-content\/uploads\/2020\/07\/pzapisi.jpg","type":"image\/jpeg"}],"twitter_card":"summary_large_image","twitter_misc":{"Est. reading time":"2 minutes"},"schema":{"@context":"https:\/\/schema.org","@graph":[{"@type":"WebPage","@id":"https:\/\/www.pravnizapisi.rs\/en\/pravni-zapisi-1-2021-2\/","url":"https:\/\/www.pravnizapisi.rs\/en\/pravni-zapisi-1-2021-2\/","name":"Pravni zapisi 1\/2021 - Pravni Zapisi","isPartOf":{"@id":"https:\/\/pravnizapisi.rs\/#website"},"datePublished":"2021-07-17T07:44:17+00:00","dateModified":"2021-07-18T10:19:58+00:00","breadcrumb":{"@id":"https:\/\/www.pravnizapisi.rs\/en\/pravni-zapisi-1-2021-2\/#breadcrumb"},"inLanguage":"en-US","potentialAction":[{"@type":"ReadAction","target":["https:\/\/www.pravnizapisi.rs\/en\/pravni-zapisi-1-2021-2\/"]}]},{"@type":"BreadcrumbList","@id":"https:\/\/www.pravnizapisi.rs\/en\/pravni-zapisi-1-2021-2\/#breadcrumb","itemListElement":[{"@type":"ListItem","position":1,"name":"\u041f\u043e\u0447\u0435\u0442\u043d\u0430","item":"https:\/\/www.pravnizapisi.rs\/en\/"},{"@type":"ListItem","position":2,"name":"Pravni zapisi 1\/2021"}]},{"@type":"WebSite","@id":"https:\/\/pravnizapisi.rs\/#website","url":"https:\/\/pravnizapisi.rs\/","name":"Pravni Zapisi","description":"","publisher":{"@id":"https:\/\/pravnizapisi.rs\/#organization"},"potentialAction":[{"@type":"SearchAction","target":{"@type":"EntryPoint","urlTemplate":"https:\/\/pravnizapisi.rs\/?s={search_term_string}"},"query-input":{"@type":"PropertyValueSpecification","valueRequired":true,"valueName":"search_term_string"}}],"inLanguage":"en-US"},{"@type":"Organization","@id":"https:\/\/pravnizapisi.rs\/#organization","name":"Pravni Zapisi","url":"https:\/\/pravnizapisi.rs\/","logo":{"@type":"ImageObject","inLanguage":"en-US","@id":"https:\/\/pravnizapisi.rs\/#\/schema\/logo\/image\/","url":"https:\/\/www.pravnizapisi.rs\/wp-content\/uploads\/2019\/11\/cropped-Header-logo-srb-1-1.jpg","contentUrl":"https:\/\/www.pravnizapisi.rs\/wp-content\/uploads\/2019\/11\/cropped-Header-logo-srb-1-1.jpg","width":580,"height":80,"caption":"Pravni Zapisi"},"image":{"@id":"https:\/\/pravnizapisi.rs\/#\/schema\/logo\/image\/"}}]}},"_links":{"self":[{"href":"https:\/\/www.pravnizapisi.rs\/en\/wp-json\/wp\/v2\/pages\/8660","targetHints":{"allow":["GET"]}}],"collection":[{"href":"https:\/\/www.pravnizapisi.rs\/en\/wp-json\/wp\/v2\/pages"}],"about":[{"href":"https:\/\/www.pravnizapisi.rs\/en\/wp-json\/wp\/v2\/types\/page"}],"author":[{"embeddable":true,"href":"https:\/\/www.pravnizapisi.rs\/en\/wp-json\/wp\/v2\/users\/4"}],"replies":[{"embeddable":true,"href":"https:\/\/www.pravnizapisi.rs\/en\/wp-json\/wp\/v2\/comments?post=8660"}],"version-history":[{"count":0,"href":"https:\/\/www.pravnizapisi.rs\/en\/wp-json\/wp\/v2\/pages\/8660\/revisions"}],"wp:attachment":[{"href":"https:\/\/www.pravnizapisi.rs\/en\/wp-json\/wp\/v2\/media?parent=8660"}],"curies":[{"name":"wp","href":"https:\/\/api.w.org\/{rel}","templated":true}]}}