{"id":8685,"date":"2021-07-17T11:52:32","date_gmt":"2021-07-17T11:52:32","guid":{"rendered":"http:\/\/pravnizapisi.rs\/?page_id=8685"},"modified":"2021-11-28T20:27:43","modified_gmt":"2021-11-28T20:27:43","slug":"8685-2","status":"publish","type":"page","link":"https:\/\/www.pravnizapisi.rs\/en\/pravni-zapisi-1-2021-2\/8685-2\/","title":{"rendered":""},"content":{"rendered":"<p style=\"text-align: center;\">PRAVNI ZAPISI \u2022 Year XII \u2022 No. 1 \u2022 pp. 62-90<\/p>\n<h3 style=\"text-align: justify;\"><strong>RESPONSIBLE RESEARCH AND INNOVATION (RRI) IN HUNGARY: A WESTERN MODEL, AN EASTERN ILLIBERAL REGIME, AND A CASE OF DEFERRED INSTITUTIONAL ADAPTATION<\/strong><\/h3>\n<figure id=\"attachment_7055\" aria-describedby=\"caption-attachment-7055\" style=\"width: 95px\" class=\"wp-caption alignright\"><a href=\"https:\/\/pravnizapisi.rs\/wp-content\/uploads\/issues\/1-2021\/PZ%202021-01%20-%2004%20Varju.pdf\"><img loading=\"lazy\" decoding=\"async\" class=\"wp-image-7056\" src=\"https:\/\/pravnizapisi.rs\/wp-content\/uploads\/2021\/03\/PngItem_278380-150x150.jpg\" alt=\"\" width=\"95\" height=\"95\"><\/a><figcaption id=\"caption-attachment-7055\" class=\"wp-caption-text\">Language: English<\/figcaption><\/figure>\n<h4><strong>M\u00e1rton Varju, Ph.D.<br \/>\n<\/strong>Senior Research Fellow, E\u00f6tv\u00f6s L\u00f3r\u00e1nd Research Institutes (ELKH), Centre for Social Sciences, Budapest<br \/>\nResearcher, Center for Ethics and Law in Biomedicine, Central European University, Budapest\/Vienna<br \/>\ne-mail: <a href=\"mailto:varju.marton@tk.hu\">varju.marton@tk.hu<\/a><\/h4>\n<p><span style=\"color: #ffffff;\">.<\/span><\/p>\n<p>Pravni zapisi, No. 1\/2021, pp. 62-90<\/p>\n<p>Original Scientific Article<\/p>\n<p style=\"text-align: justify;\"><strong>DOI<\/strong>: <a href=\"https:\/\/scindeks.ceon.rs\/article.aspx?query=ISSID%26and%2615776&amp;page=1&amp;sort=8&amp;stype=0&amp;backurl=%2fissue.aspx%3fissue%3d15776%26lang%3den&amp;lang=en\">10.5937\/pravzap0-31393<\/a><\/p>\n<p style=\"text-align: justify;\"><span style=\"text-decoration: underline;\"><strong>KEY WORDS<br \/>\n<\/strong><\/span>RRI, responsible research and innovation, research and innovation systems, institutional adaptation, illiberalism, neo-Weberian state, Hungary<\/p>\n<p style=\"text-align: justify;\"><span style=\"text-decoration: underline;\"><strong>ABSTRACT<br \/>\n<\/strong><\/span>Responsible research and innovation (RRI) is a mode of research, development and innovation (RDI) governance which has proliferated primarily in European states with a tradition and\/or culture of participatory and deliberative technology governance. It assumes the existence of open, transparent and accessible policy-making processes, and a culture of responsibility and accountability in government and in the private domain. In Hungary, where RDI is supposed to be the key to economic competitiveness, RRI has never taken root. Examining the regulation of the Hungarian RDI system, it becomes clear that there is a significant degree of institutional incompatibility with the solutions promoted by RRI. More significantly, the contemporary system of government and administration and the prevailing model of policy-making and governance prevent or exclude deliberately the implementation of RRI.<\/p>\n","protected":false},"excerpt":{"rendered":"<p>PRAVNI ZAPISI \u2022 Year XII \u2022 No. 1 \u2022 pp. 62-90 RESPONSIBLE RESEARCH AND INNOVATION (RRI) IN HUNGARY: A WESTERN MODEL, AN EASTERN ILLIBERAL REGIME, AND A CASE OF DEFERRED INSTITUTIONAL ADAPTATION M\u00e1rton Varju, Ph.D. Senior Research Fellow, E\u00f6tv\u00f6s L\u00f3r\u00e1nd Research Institutes (ELKH), Centre for Social Sciences, Budapest Researcher, Center for Ethics and Law in Biomedicine, Central European University, Budapest\/Vienna e-mail: varju.marton@tk.hu . Pravni zapisi, No. 1\/2021, pp. 62-90 Original Scientific Article DOI: 10.5937\/pravzap0-31393 KEY WORDS RRI, responsible research and innovation, research and innovation systems, institutional adaptation, illiberalism, neo-Weberian state, Hungary ABSTRACT Responsible research and innovation (RRI) is a mode [&hellip;]<\/p>\n","protected":false},"author":4,"featured_media":0,"parent":8660,"menu_order":0,"comment_status":"closed","ping_status":"closed","template":"template-article.php","meta":{"footnotes":""},"class_list":["post-8685","page","type-page","status-publish","hentry"],"yoast_head":"<!-- This site is optimized with the Yoast SEO plugin v27.1.1 - https:\/\/yoast.com\/product\/yoast-seo-wordpress\/ -->\n<title>- Pravni Zapisi<\/title>\n<meta name=\"robots\" content=\"index, follow, max-snippet:-1, max-image-preview:large, max-video-preview:-1\" \/>\n<link rel=\"canonical\" href=\"https:\/\/www.pravnizapisi.rs\/pravni-zapisi-1-2021\/8682-2\/\" \/>\n<meta property=\"og:locale\" content=\"en_US\" \/>\n<meta property=\"og:type\" content=\"article\" \/>\n<meta property=\"og:title\" content=\"- Pravni Zapisi\" \/>\n<meta property=\"og:description\" content=\"PRAVNI ZAPISI \u2022 Year XII \u2022 No. 1 \u2022 pp. 62-90 RESPONSIBLE RESEARCH AND INNOVATION (RRI) IN HUNGARY: A WESTERN MODEL, AN EASTERN ILLIBERAL REGIME, AND A CASE OF DEFERRED INSTITUTIONAL ADAPTATION M\u00e1rton Varju, Ph.D. Senior Research Fellow, E\u00f6tv\u00f6s L\u00f3r\u00e1nd Research Institutes (ELKH), Centre for Social Sciences, Budapest Researcher, Center for Ethics and Law in Biomedicine, Central European University, Budapest\/Vienna e-mail: varju.marton@tk.hu . Pravni zapisi, No. 1\/2021, pp. 62-90 Original Scientific Article DOI: 10.5937\/pravzap0-31393 KEY WORDS RRI, responsible research and innovation, research and innovation systems, institutional adaptation, illiberalism, neo-Weberian state, Hungary ABSTRACT Responsible research and innovation (RRI) is a mode [&hellip;]\" \/>\n<meta property=\"og:url\" content=\"https:\/\/www.pravnizapisi.rs\/pravni-zapisi-1-2021\/8682-2\/\" \/>\n<meta property=\"og:site_name\" content=\"Pravni Zapisi\" \/>\n<meta property=\"article:modified_time\" content=\"2021-11-28T20:27:43+00:00\" \/>\n<meta property=\"og:image\" content=\"https:\/\/www.pravnizapisi.rs\/wp-content\/uploads\/2021\/11\/Naslovna-2021-01.jpg\" \/>\n\t<meta property=\"og:image:width\" content=\"587\" \/>\n\t<meta property=\"og:image:height\" content=\"869\" \/>\n\t<meta property=\"og:image:type\" content=\"image\/jpeg\" \/>\n<meta name=\"twitter:card\" content=\"summary_large_image\" \/>\n<meta name=\"twitter:image\" content=\"https:\/\/www.pravnizapisi.rs\/wp-content\/uploads\/2021\/11\/Naslovna-2021-01.jpg\" \/>\n<meta name=\"twitter:label1\" content=\"Est. reading time\" \/>\n\t<meta name=\"twitter:data1\" content=\"2 minutes\" \/>\n<script type=\"application\/ld+json\" class=\"yoast-schema-graph\">{\"@context\":\"https:\/\/schema.org\",\"@graph\":[{\"@type\":\"WebPage\",\"@id\":\"https:\/\/www.pravnizapisi.rs\/pravni-zapisi-1-2021\/8682-2\/\",\"url\":\"https:\/\/www.pravnizapisi.rs\/pravni-zapisi-1-2021\/8682-2\/\",\"name\":\"- Pravni Zapisi\",\"isPartOf\":{\"@id\":\"https:\/\/pravnizapisi.rs\/#website\"},\"primaryImageOfPage\":{\"@id\":\"https:\/\/www.pravnizapisi.rs\/pravni-zapisi-1-2021\/8682-2\/#primaryimage\"},\"image\":{\"@id\":\"https:\/\/www.pravnizapisi.rs\/pravni-zapisi-1-2021\/8682-2\/#primaryimage\"},\"thumbnailUrl\":\"https:\/\/pravnizapisi.rs\/wp-content\/uploads\/2021\/03\/PngItem_278380-150x150.jpg\",\"datePublished\":\"2021-07-17T11:52:32+00:00\",\"dateModified\":\"2021-11-28T20:27:43+00:00\",\"breadcrumb\":{\"@id\":\"https:\/\/www.pravnizapisi.rs\/pravni-zapisi-1-2021\/8682-2\/#breadcrumb\"},\"inLanguage\":\"en-US\",\"potentialAction\":[{\"@type\":\"ReadAction\",\"target\":[\"https:\/\/www.pravnizapisi.rs\/pravni-zapisi-1-2021\/8682-2\/\"]}]},{\"@type\":\"ImageObject\",\"inLanguage\":\"en-US\",\"@id\":\"https:\/\/www.pravnizapisi.rs\/pravni-zapisi-1-2021\/8682-2\/#primaryimage\",\"url\":\"https:\/\/pravnizapisi.rs\/wp-content\/uploads\/2021\/03\/PngItem_278380-150x150.jpg\",\"contentUrl\":\"https:\/\/pravnizapisi.rs\/wp-content\/uploads\/2021\/03\/PngItem_278380-150x150.jpg\"},{\"@type\":\"BreadcrumbList\",\"@id\":\"https:\/\/www.pravnizapisi.rs\/pravni-zapisi-1-2021\/8682-2\/#breadcrumb\",\"itemListElement\":[{\"@type\":\"ListItem\",\"position\":1,\"name\":\"\u041f\u043e\u0447\u0435\u0442\u043d\u0430\",\"item\":\"https:\/\/www.pravnizapisi.rs\/en\/\"},{\"@type\":\"ListItem\",\"position\":2,\"name\":\"Pravni zapisi 1\/2021\",\"item\":\"https:\/\/www.pravnizapisi.rs\/en\/pravni-zapisi-1-2021-2\/\"}]},{\"@type\":\"WebSite\",\"@id\":\"https:\/\/pravnizapisi.rs\/#website\",\"url\":\"https:\/\/pravnizapisi.rs\/\",\"name\":\"Pravni Zapisi\",\"description\":\"\",\"publisher\":{\"@id\":\"https:\/\/pravnizapisi.rs\/#organization\"},\"potentialAction\":[{\"@type\":\"SearchAction\",\"target\":{\"@type\":\"EntryPoint\",\"urlTemplate\":\"https:\/\/pravnizapisi.rs\/?s={search_term_string}\"},\"query-input\":{\"@type\":\"PropertyValueSpecification\",\"valueRequired\":true,\"valueName\":\"search_term_string\"}}],\"inLanguage\":\"en-US\"},{\"@type\":\"Organization\",\"@id\":\"https:\/\/pravnizapisi.rs\/#organization\",\"name\":\"Pravni Zapisi\",\"url\":\"https:\/\/pravnizapisi.rs\/\",\"logo\":{\"@type\":\"ImageObject\",\"inLanguage\":\"en-US\",\"@id\":\"https:\/\/pravnizapisi.rs\/#\/schema\/logo\/image\/\",\"url\":\"https:\/\/www.pravnizapisi.rs\/wp-content\/uploads\/2019\/11\/cropped-Header-logo-srb-1-1.jpg\",\"contentUrl\":\"https:\/\/www.pravnizapisi.rs\/wp-content\/uploads\/2019\/11\/cropped-Header-logo-srb-1-1.jpg\",\"width\":580,\"height\":80,\"caption\":\"Pravni Zapisi\"},\"image\":{\"@id\":\"https:\/\/pravnizapisi.rs\/#\/schema\/logo\/image\/\"}}]}<\/script>\n<!-- \/ Yoast SEO plugin. -->","yoast_head_json":{"title":"- Pravni Zapisi","robots":{"index":"index","follow":"follow","max-snippet":"max-snippet:-1","max-image-preview":"max-image-preview:large","max-video-preview":"max-video-preview:-1"},"canonical":"https:\/\/www.pravnizapisi.rs\/pravni-zapisi-1-2021\/8682-2\/","og_locale":"en_US","og_type":"article","og_title":"- Pravni Zapisi","og_description":"PRAVNI ZAPISI \u2022 Year XII \u2022 No. 1 \u2022 pp. 62-90 RESPONSIBLE RESEARCH AND INNOVATION (RRI) IN HUNGARY: A WESTERN MODEL, AN EASTERN ILLIBERAL REGIME, AND A CASE OF DEFERRED INSTITUTIONAL ADAPTATION M\u00e1rton Varju, Ph.D. Senior Research Fellow, E\u00f6tv\u00f6s L\u00f3r\u00e1nd Research Institutes (ELKH), Centre for Social Sciences, Budapest Researcher, Center for Ethics and Law in Biomedicine, Central European University, Budapest\/Vienna e-mail: varju.marton@tk.hu . Pravni zapisi, No. 1\/2021, pp. 62-90 Original Scientific Article DOI: 10.5937\/pravzap0-31393 KEY WORDS RRI, responsible research and innovation, research and innovation systems, institutional adaptation, illiberalism, neo-Weberian state, Hungary ABSTRACT Responsible research and innovation (RRI) is a mode [&hellip;]","og_url":"https:\/\/www.pravnizapisi.rs\/pravni-zapisi-1-2021\/8682-2\/","og_site_name":"Pravni Zapisi","article_modified_time":"2021-11-28T20:27:43+00:00","og_image":[{"width":587,"height":869,"url":"https:\/\/www.pravnizapisi.rs\/wp-content\/uploads\/2021\/11\/Naslovna-2021-01.jpg","type":"image\/jpeg"}],"twitter_card":"summary_large_image","twitter_image":"https:\/\/www.pravnizapisi.rs\/wp-content\/uploads\/2021\/11\/Naslovna-2021-01.jpg","twitter_misc":{"Est. reading time":"2 minutes"},"schema":{"@context":"https:\/\/schema.org","@graph":[{"@type":"WebPage","@id":"https:\/\/www.pravnizapisi.rs\/pravni-zapisi-1-2021\/8682-2\/","url":"https:\/\/www.pravnizapisi.rs\/pravni-zapisi-1-2021\/8682-2\/","name":"- Pravni Zapisi","isPartOf":{"@id":"https:\/\/pravnizapisi.rs\/#website"},"primaryImageOfPage":{"@id":"https:\/\/www.pravnizapisi.rs\/pravni-zapisi-1-2021\/8682-2\/#primaryimage"},"image":{"@id":"https:\/\/www.pravnizapisi.rs\/pravni-zapisi-1-2021\/8682-2\/#primaryimage"},"thumbnailUrl":"https:\/\/pravnizapisi.rs\/wp-content\/uploads\/2021\/03\/PngItem_278380-150x150.jpg","datePublished":"2021-07-17T11:52:32+00:00","dateModified":"2021-11-28T20:27:43+00:00","breadcrumb":{"@id":"https:\/\/www.pravnizapisi.rs\/pravni-zapisi-1-2021\/8682-2\/#breadcrumb"},"inLanguage":"en-US","potentialAction":[{"@type":"ReadAction","target":["https:\/\/www.pravnizapisi.rs\/pravni-zapisi-1-2021\/8682-2\/"]}]},{"@type":"ImageObject","inLanguage":"en-US","@id":"https:\/\/www.pravnizapisi.rs\/pravni-zapisi-1-2021\/8682-2\/#primaryimage","url":"https:\/\/pravnizapisi.rs\/wp-content\/uploads\/2021\/03\/PngItem_278380-150x150.jpg","contentUrl":"https:\/\/pravnizapisi.rs\/wp-content\/uploads\/2021\/03\/PngItem_278380-150x150.jpg"},{"@type":"BreadcrumbList","@id":"https:\/\/www.pravnizapisi.rs\/pravni-zapisi-1-2021\/8682-2\/#breadcrumb","itemListElement":[{"@type":"ListItem","position":1,"name":"\u041f\u043e\u0447\u0435\u0442\u043d\u0430","item":"https:\/\/www.pravnizapisi.rs\/en\/"},{"@type":"ListItem","position":2,"name":"Pravni zapisi 1\/2021","item":"https:\/\/www.pravnizapisi.rs\/en\/pravni-zapisi-1-2021-2\/"}]},{"@type":"WebSite","@id":"https:\/\/pravnizapisi.rs\/#website","url":"https:\/\/pravnizapisi.rs\/","name":"Pravni Zapisi","description":"","publisher":{"@id":"https:\/\/pravnizapisi.rs\/#organization"},"potentialAction":[{"@type":"SearchAction","target":{"@type":"EntryPoint","urlTemplate":"https:\/\/pravnizapisi.rs\/?s={search_term_string}"},"query-input":{"@type":"PropertyValueSpecification","valueRequired":true,"valueName":"search_term_string"}}],"inLanguage":"en-US"},{"@type":"Organization","@id":"https:\/\/pravnizapisi.rs\/#organization","name":"Pravni Zapisi","url":"https:\/\/pravnizapisi.rs\/","logo":{"@type":"ImageObject","inLanguage":"en-US","@id":"https:\/\/pravnizapisi.rs\/#\/schema\/logo\/image\/","url":"https:\/\/www.pravnizapisi.rs\/wp-content\/uploads\/2019\/11\/cropped-Header-logo-srb-1-1.jpg","contentUrl":"https:\/\/www.pravnizapisi.rs\/wp-content\/uploads\/2019\/11\/cropped-Header-logo-srb-1-1.jpg","width":580,"height":80,"caption":"Pravni Zapisi"},"image":{"@id":"https:\/\/pravnizapisi.rs\/#\/schema\/logo\/image\/"}}]}},"_links":{"self":[{"href":"https:\/\/www.pravnizapisi.rs\/en\/wp-json\/wp\/v2\/pages\/8685","targetHints":{"allow":["GET"]}}],"collection":[{"href":"https:\/\/www.pravnizapisi.rs\/en\/wp-json\/wp\/v2\/pages"}],"about":[{"href":"https:\/\/www.pravnizapisi.rs\/en\/wp-json\/wp\/v2\/types\/page"}],"author":[{"embeddable":true,"href":"https:\/\/www.pravnizapisi.rs\/en\/wp-json\/wp\/v2\/users\/4"}],"replies":[{"embeddable":true,"href":"https:\/\/www.pravnizapisi.rs\/en\/wp-json\/wp\/v2\/comments?post=8685"}],"version-history":[{"count":0,"href":"https:\/\/www.pravnizapisi.rs\/en\/wp-json\/wp\/v2\/pages\/8685\/revisions"}],"up":[{"embeddable":true,"href":"https:\/\/www.pravnizapisi.rs\/en\/wp-json\/wp\/v2\/pages\/8660"}],"wp:attachment":[{"href":"https:\/\/www.pravnizapisi.rs\/en\/wp-json\/wp\/v2\/media?parent=8685"}],"curies":[{"name":"wp","href":"https:\/\/api.w.org\/{rel}","templated":true}]}}