{"id":8694,"date":"2021-07-17T12:01:24","date_gmt":"2021-07-17T12:01:24","guid":{"rendered":"http:\/\/pravnizapisi.rs\/?page_id=8694"},"modified":"2021-11-28T20:30:30","modified_gmt":"2021-11-28T20:30:30","slug":"8694-2","status":"publish","type":"page","link":"https:\/\/www.pravnizapisi.rs\/en\/pravni-zapisi-1-2021-2\/8694-2\/","title":{"rendered":""},"content":{"rendered":"<p style=\"text-align: center;\">PRAVNI ZAPISI \u2022 Year XII \u2022 No. 1 \u2022 pp. 91-122<\/p>\n<h3 style=\"text-align: justify;\"><strong>\u201cBUSINESS AS UNUSUAL\u201d: PANDEMIC CONCENTRATION OF EXECUTIVE POWERS IN CROATIA<\/strong><\/h3>\n<figure id=\"attachment_7055\" aria-describedby=\"caption-attachment-7055\" style=\"width: 95px\" class=\"wp-caption alignright\"><a href=\"https:\/\/pravnizapisi.rs\/wp-content\/uploads\/issues\/1-2021\/PZ%202021-01%20-%2005%20Gardasevic.pdf\"><img loading=\"lazy\" decoding=\"async\" class=\"wp-image-7056\" src=\"https:\/\/pravnizapisi.rs\/wp-content\/uploads\/2021\/03\/PngItem_278380-150x150.jpg\" alt=\"\" width=\"95\" height=\"95\"><\/a><figcaption id=\"caption-attachment-7055\" class=\"wp-caption-text\">Language: English<\/figcaption><\/figure>\n<h4><strong>\u0110or\u0111e Garada\u0161evi\u0107<br \/>\n<\/strong>Associate Professor, Zagreb University School of Law<br \/>\ne-mail: dgardase@pravo.hr<\/h4>\n<p><span style=\"color: #ffffff;\">.<\/span><\/p>\n<p>Pravni zapisi, No. 1\/2021, pp. 91-122<\/p>\n<p>Original Scientific Article<\/p>\n<p style=\"text-align: justify;\"><strong>DOI<\/strong>: <a href=\"https:\/\/scindeks.ceon.rs\/article.aspx?query=ISSID%26and%2615776&amp;page=2&amp;sort=8&amp;stype=0&amp;backurl=%2fissue.aspx%3fissue%3d15776%26lang%3den&amp;lang=en\">10.5937\/pravzap0-32129<\/a><\/p>\n<p style=\"text-align: justify;\"><span style=\"text-decoration: underline;\"><strong>KEY WORDS<br \/>\n<\/strong><\/span><em>Covid<\/em>-19, pandemic, epidemic, states of emergency, Croatia<\/p>\n<p style=\"text-align: justify;\"><span style=\"text-decoration: underline;\"><strong>ABSTRACT<br \/>\n<\/strong><\/span>Faced with the Covid-19 pandemic, countries around the globe responded with a wide range of special measures. Whereas some of them resorted to their constitutional emergency rules, others opted to act through legislation. The author argues that the effects of the legislative approach to the epidemic in Croatia actually resemble the state of an emergency in the proper sense of the word, although the authorities try to present the whole case as a situation of \u201clegal normalcy\u201d. More precisely, the author claims that in practice the adopted model produces concentration of power in the executive branch far beyond what one could expect in ordinary times. To prove that, the author analyses the Croatian legal anti-epidemic framework through several elements (declaration of emergency, law-making powers, overview of executive emergency actions, parliamentary sittings). Finally, the author argues that the constitutional state of natural disaster in Croatia should have been proclaimed.<\/p>\n","protected":false},"excerpt":{"rendered":"<p>PRAVNI ZAPISI \u2022 Year XII \u2022 No. 1 \u2022 pp. 91-122 \u201cBUSINESS AS UNUSUAL\u201d: PANDEMIC CONCENTRATION OF EXECUTIVE POWERS IN CROATIA \u0110or\u0111e Garada\u0161evi\u0107 Associate Professor, Zagreb University School of Law e-mail: dgardase@pravo.hr . Pravni zapisi, No. 1\/2021, pp. 91-122 Original Scientific Article DOI: 10.5937\/pravzap0-32129 KEY WORDS Covid-19, pandemic, epidemic, states of emergency, Croatia ABSTRACT Faced with the Covid-19 pandemic, countries around the globe responded with a wide range of special measures. Whereas some of them resorted to their constitutional emergency rules, others opted to act through legislation. The author argues that the effects of the legislative approach to the epidemic [&hellip;]<\/p>\n","protected":false},"author":4,"featured_media":0,"parent":8660,"menu_order":0,"comment_status":"closed","ping_status":"closed","template":"template-article.php","meta":{"footnotes":""},"class_list":["post-8694","page","type-page","status-publish","hentry"],"yoast_head":"<!-- This site is optimized with the Yoast SEO plugin v27.1.1 - https:\/\/yoast.com\/product\/yoast-seo-wordpress\/ -->\n<title>- Pravni Zapisi<\/title>\n<meta name=\"robots\" content=\"index, follow, max-snippet:-1, max-image-preview:large, max-video-preview:-1\" \/>\n<link rel=\"canonical\" href=\"https:\/\/www.pravnizapisi.rs\/pravni-zapisi-1-2021\/8691-2\/\" \/>\n<meta property=\"og:locale\" content=\"en_US\" \/>\n<meta property=\"og:type\" content=\"article\" \/>\n<meta property=\"og:title\" content=\"- Pravni Zapisi\" \/>\n<meta property=\"og:description\" content=\"PRAVNI ZAPISI \u2022 Year XII \u2022 No. 1 \u2022 pp. 91-122 \u201cBUSINESS AS UNUSUAL\u201d: PANDEMIC CONCENTRATION OF EXECUTIVE POWERS IN CROATIA \u0110or\u0111e Garada\u0161evi\u0107 Associate Professor, Zagreb University School of Law e-mail: dgardase@pravo.hr . Pravni zapisi, No. 1\/2021, pp. 91-122 Original Scientific Article DOI: 10.5937\/pravzap0-32129 KEY WORDS Covid-19, pandemic, epidemic, states of emergency, Croatia ABSTRACT Faced with the Covid-19 pandemic, countries around the globe responded with a wide range of special measures. Whereas some of them resorted to their constitutional emergency rules, others opted to act through legislation. The author argues that the effects of the legislative approach to the epidemic [&hellip;]\" \/>\n<meta property=\"og:url\" content=\"https:\/\/www.pravnizapisi.rs\/pravni-zapisi-1-2021\/8691-2\/\" \/>\n<meta property=\"og:site_name\" content=\"Pravni Zapisi\" \/>\n<meta property=\"article:modified_time\" content=\"2021-11-28T20:30:30+00:00\" \/>\n<meta property=\"og:image\" content=\"https:\/\/www.pravnizapisi.rs\/wp-content\/uploads\/2021\/11\/Naslovna-2021-01.jpg\" \/>\n\t<meta property=\"og:image:width\" content=\"587\" \/>\n\t<meta property=\"og:image:height\" content=\"869\" \/>\n\t<meta property=\"og:image:type\" content=\"image\/jpeg\" \/>\n<meta name=\"twitter:card\" content=\"summary_large_image\" \/>\n<meta name=\"twitter:image\" content=\"https:\/\/www.pravnizapisi.rs\/wp-content\/uploads\/2021\/11\/Naslovna-2021-01.jpg\" \/>\n<meta name=\"twitter:label1\" content=\"Est. reading time\" \/>\n\t<meta name=\"twitter:data1\" content=\"2 minutes\" \/>\n<script type=\"application\/ld+json\" class=\"yoast-schema-graph\">{\"@context\":\"https:\/\/schema.org\",\"@graph\":[{\"@type\":\"WebPage\",\"@id\":\"https:\/\/www.pravnizapisi.rs\/pravni-zapisi-1-2021\/8691-2\/\",\"url\":\"https:\/\/www.pravnizapisi.rs\/pravni-zapisi-1-2021\/8691-2\/\",\"name\":\"- Pravni Zapisi\",\"isPartOf\":{\"@id\":\"https:\/\/pravnizapisi.rs\/#website\"},\"primaryImageOfPage\":{\"@id\":\"https:\/\/www.pravnizapisi.rs\/pravni-zapisi-1-2021\/8691-2\/#primaryimage\"},\"image\":{\"@id\":\"https:\/\/www.pravnizapisi.rs\/pravni-zapisi-1-2021\/8691-2\/#primaryimage\"},\"thumbnailUrl\":\"https:\/\/pravnizapisi.rs\/wp-content\/uploads\/2021\/03\/PngItem_278380-150x150.jpg\",\"datePublished\":\"2021-07-17T12:01:24+00:00\",\"dateModified\":\"2021-11-28T20:30:30+00:00\",\"breadcrumb\":{\"@id\":\"https:\/\/www.pravnizapisi.rs\/pravni-zapisi-1-2021\/8691-2\/#breadcrumb\"},\"inLanguage\":\"en-US\",\"potentialAction\":[{\"@type\":\"ReadAction\",\"target\":[\"https:\/\/www.pravnizapisi.rs\/pravni-zapisi-1-2021\/8691-2\/\"]}]},{\"@type\":\"ImageObject\",\"inLanguage\":\"en-US\",\"@id\":\"https:\/\/www.pravnizapisi.rs\/pravni-zapisi-1-2021\/8691-2\/#primaryimage\",\"url\":\"https:\/\/pravnizapisi.rs\/wp-content\/uploads\/2021\/03\/PngItem_278380-150x150.jpg\",\"contentUrl\":\"https:\/\/pravnizapisi.rs\/wp-content\/uploads\/2021\/03\/PngItem_278380-150x150.jpg\"},{\"@type\":\"BreadcrumbList\",\"@id\":\"https:\/\/www.pravnizapisi.rs\/pravni-zapisi-1-2021\/8691-2\/#breadcrumb\",\"itemListElement\":[{\"@type\":\"ListItem\",\"position\":1,\"name\":\"\u041f\u043e\u0447\u0435\u0442\u043d\u0430\",\"item\":\"https:\/\/www.pravnizapisi.rs\/en\/\"},{\"@type\":\"ListItem\",\"position\":2,\"name\":\"Pravni zapisi 1\/2021\",\"item\":\"https:\/\/www.pravnizapisi.rs\/en\/pravni-zapisi-1-2021-2\/\"}]},{\"@type\":\"WebSite\",\"@id\":\"https:\/\/pravnizapisi.rs\/#website\",\"url\":\"https:\/\/pravnizapisi.rs\/\",\"name\":\"Pravni Zapisi\",\"description\":\"\",\"publisher\":{\"@id\":\"https:\/\/pravnizapisi.rs\/#organization\"},\"potentialAction\":[{\"@type\":\"SearchAction\",\"target\":{\"@type\":\"EntryPoint\",\"urlTemplate\":\"https:\/\/pravnizapisi.rs\/?s={search_term_string}\"},\"query-input\":{\"@type\":\"PropertyValueSpecification\",\"valueRequired\":true,\"valueName\":\"search_term_string\"}}],\"inLanguage\":\"en-US\"},{\"@type\":\"Organization\",\"@id\":\"https:\/\/pravnizapisi.rs\/#organization\",\"name\":\"Pravni Zapisi\",\"url\":\"https:\/\/pravnizapisi.rs\/\",\"logo\":{\"@type\":\"ImageObject\",\"inLanguage\":\"en-US\",\"@id\":\"https:\/\/pravnizapisi.rs\/#\/schema\/logo\/image\/\",\"url\":\"https:\/\/www.pravnizapisi.rs\/wp-content\/uploads\/2019\/11\/cropped-Header-logo-srb-1-1.jpg\",\"contentUrl\":\"https:\/\/www.pravnizapisi.rs\/wp-content\/uploads\/2019\/11\/cropped-Header-logo-srb-1-1.jpg\",\"width\":580,\"height\":80,\"caption\":\"Pravni Zapisi\"},\"image\":{\"@id\":\"https:\/\/pravnizapisi.rs\/#\/schema\/logo\/image\/\"}}]}<\/script>\n<!-- \/ Yoast SEO plugin. -->","yoast_head_json":{"title":"- Pravni Zapisi","robots":{"index":"index","follow":"follow","max-snippet":"max-snippet:-1","max-image-preview":"max-image-preview:large","max-video-preview":"max-video-preview:-1"},"canonical":"https:\/\/www.pravnizapisi.rs\/pravni-zapisi-1-2021\/8691-2\/","og_locale":"en_US","og_type":"article","og_title":"- Pravni Zapisi","og_description":"PRAVNI ZAPISI \u2022 Year XII \u2022 No. 1 \u2022 pp. 91-122 \u201cBUSINESS AS UNUSUAL\u201d: PANDEMIC CONCENTRATION OF EXECUTIVE POWERS IN CROATIA \u0110or\u0111e Garada\u0161evi\u0107 Associate Professor, Zagreb University School of Law e-mail: dgardase@pravo.hr . Pravni zapisi, No. 1\/2021, pp. 91-122 Original Scientific Article DOI: 10.5937\/pravzap0-32129 KEY WORDS Covid-19, pandemic, epidemic, states of emergency, Croatia ABSTRACT Faced with the Covid-19 pandemic, countries around the globe responded with a wide range of special measures. Whereas some of them resorted to their constitutional emergency rules, others opted to act through legislation. The author argues that the effects of the legislative approach to the epidemic [&hellip;]","og_url":"https:\/\/www.pravnizapisi.rs\/pravni-zapisi-1-2021\/8691-2\/","og_site_name":"Pravni Zapisi","article_modified_time":"2021-11-28T20:30:30+00:00","og_image":[{"width":587,"height":869,"url":"https:\/\/www.pravnizapisi.rs\/wp-content\/uploads\/2021\/11\/Naslovna-2021-01.jpg","type":"image\/jpeg"}],"twitter_card":"summary_large_image","twitter_image":"https:\/\/www.pravnizapisi.rs\/wp-content\/uploads\/2021\/11\/Naslovna-2021-01.jpg","twitter_misc":{"Est. reading time":"2 minutes"},"schema":{"@context":"https:\/\/schema.org","@graph":[{"@type":"WebPage","@id":"https:\/\/www.pravnizapisi.rs\/pravni-zapisi-1-2021\/8691-2\/","url":"https:\/\/www.pravnizapisi.rs\/pravni-zapisi-1-2021\/8691-2\/","name":"- Pravni Zapisi","isPartOf":{"@id":"https:\/\/pravnizapisi.rs\/#website"},"primaryImageOfPage":{"@id":"https:\/\/www.pravnizapisi.rs\/pravni-zapisi-1-2021\/8691-2\/#primaryimage"},"image":{"@id":"https:\/\/www.pravnizapisi.rs\/pravni-zapisi-1-2021\/8691-2\/#primaryimage"},"thumbnailUrl":"https:\/\/pravnizapisi.rs\/wp-content\/uploads\/2021\/03\/PngItem_278380-150x150.jpg","datePublished":"2021-07-17T12:01:24+00:00","dateModified":"2021-11-28T20:30:30+00:00","breadcrumb":{"@id":"https:\/\/www.pravnizapisi.rs\/pravni-zapisi-1-2021\/8691-2\/#breadcrumb"},"inLanguage":"en-US","potentialAction":[{"@type":"ReadAction","target":["https:\/\/www.pravnizapisi.rs\/pravni-zapisi-1-2021\/8691-2\/"]}]},{"@type":"ImageObject","inLanguage":"en-US","@id":"https:\/\/www.pravnizapisi.rs\/pravni-zapisi-1-2021\/8691-2\/#primaryimage","url":"https:\/\/pravnizapisi.rs\/wp-content\/uploads\/2021\/03\/PngItem_278380-150x150.jpg","contentUrl":"https:\/\/pravnizapisi.rs\/wp-content\/uploads\/2021\/03\/PngItem_278380-150x150.jpg"},{"@type":"BreadcrumbList","@id":"https:\/\/www.pravnizapisi.rs\/pravni-zapisi-1-2021\/8691-2\/#breadcrumb","itemListElement":[{"@type":"ListItem","position":1,"name":"\u041f\u043e\u0447\u0435\u0442\u043d\u0430","item":"https:\/\/www.pravnizapisi.rs\/en\/"},{"@type":"ListItem","position":2,"name":"Pravni zapisi 1\/2021","item":"https:\/\/www.pravnizapisi.rs\/en\/pravni-zapisi-1-2021-2\/"}]},{"@type":"WebSite","@id":"https:\/\/pravnizapisi.rs\/#website","url":"https:\/\/pravnizapisi.rs\/","name":"Pravni Zapisi","description":"","publisher":{"@id":"https:\/\/pravnizapisi.rs\/#organization"},"potentialAction":[{"@type":"SearchAction","target":{"@type":"EntryPoint","urlTemplate":"https:\/\/pravnizapisi.rs\/?s={search_term_string}"},"query-input":{"@type":"PropertyValueSpecification","valueRequired":true,"valueName":"search_term_string"}}],"inLanguage":"en-US"},{"@type":"Organization","@id":"https:\/\/pravnizapisi.rs\/#organization","name":"Pravni Zapisi","url":"https:\/\/pravnizapisi.rs\/","logo":{"@type":"ImageObject","inLanguage":"en-US","@id":"https:\/\/pravnizapisi.rs\/#\/schema\/logo\/image\/","url":"https:\/\/www.pravnizapisi.rs\/wp-content\/uploads\/2019\/11\/cropped-Header-logo-srb-1-1.jpg","contentUrl":"https:\/\/www.pravnizapisi.rs\/wp-content\/uploads\/2019\/11\/cropped-Header-logo-srb-1-1.jpg","width":580,"height":80,"caption":"Pravni Zapisi"},"image":{"@id":"https:\/\/pravnizapisi.rs\/#\/schema\/logo\/image\/"}}]}},"_links":{"self":[{"href":"https:\/\/www.pravnizapisi.rs\/en\/wp-json\/wp\/v2\/pages\/8694","targetHints":{"allow":["GET"]}}],"collection":[{"href":"https:\/\/www.pravnizapisi.rs\/en\/wp-json\/wp\/v2\/pages"}],"about":[{"href":"https:\/\/www.pravnizapisi.rs\/en\/wp-json\/wp\/v2\/types\/page"}],"author":[{"embeddable":true,"href":"https:\/\/www.pravnizapisi.rs\/en\/wp-json\/wp\/v2\/users\/4"}],"replies":[{"embeddable":true,"href":"https:\/\/www.pravnizapisi.rs\/en\/wp-json\/wp\/v2\/comments?post=8694"}],"version-history":[{"count":0,"href":"https:\/\/www.pravnizapisi.rs\/en\/wp-json\/wp\/v2\/pages\/8694\/revisions"}],"up":[{"embeddable":true,"href":"https:\/\/www.pravnizapisi.rs\/en\/wp-json\/wp\/v2\/pages\/8660"}],"wp:attachment":[{"href":"https:\/\/www.pravnizapisi.rs\/en\/wp-json\/wp\/v2\/media?parent=8694"}],"curies":[{"name":"wp","href":"https:\/\/api.w.org\/{rel}","templated":true}]}}