{"id":8738,"date":"2021-07-17T14:08:20","date_gmt":"2021-07-17T14:08:20","guid":{"rendered":"http:\/\/pravnizapisi.rs\/?page_id=8738"},"modified":"2021-11-28T20:45:03","modified_gmt":"2021-11-28T20:45:03","slug":"8738-2","status":"publish","type":"page","link":"https:\/\/www.pravnizapisi.rs\/en\/pravni-zapisi-1-2021-2\/8738-2\/","title":{"rendered":""},"content":{"rendered":"<p style=\"text-align: center;\">PRAVNI ZAPISI \u2022 Year XII \u2022 No. 1 \u2022 pp. 261-284<\/p>\n<h3 style=\"text-align: justify;\"><strong>CONSTITUTION WITHOUT A STATE: THE FORMATION OF THE KINGDOM OF SCS AND \u201cTHE VIDOVDAN\u201d CONSTITUTION IN THE CONSTITUTIONAL LAW CURRICULUM IN YUGOSLAVIA\u2019S SUCCESSOR STATES<\/strong><\/h3>\n<figure id=\"attachment_7055\" aria-describedby=\"caption-attachment-7055\" style=\"width: 95px\" class=\"wp-caption alignright\"><a href=\"https:\/\/pravnizapisi.rs\/wp-content\/uploads\/issues\/1-2021\/PZ%202021-01%20-%2011%20Milosevic.pdf\"><img loading=\"lazy\" decoding=\"async\" class=\"wp-image-7056\" src=\"https:\/\/pravnizapisi.rs\/wp-content\/uploads\/2021\/03\/PngItem_278380-150x150.jpg\" alt=\"\" width=\"95\" height=\"95\"><\/a><figcaption id=\"caption-attachment-7055\" class=\"wp-caption-text\">Language: Serbian<\/figcaption><\/figure>\n<h4><strong>Sr\u0111an Milo\u0161evi\u0107, Ph.D.<br \/>\n<\/strong>Research Fellow, Institute for Recent History of Serbia, Beograd<br \/>\ne-mail: <a href=\"mailto:srdjan.milosevic@inis.bg.ac.rs\">srdjan.milosevic@inis.bg.ac.rs<\/a><\/h4>\n<p><span style=\"color: #ffffff;\">.<\/span><\/p>\n<p>Pravni zapisi, No. 1\/2021, pp. 261-284<\/p>\n<p>Original Scientific Article<\/p>\n<p style=\"text-align: justify;\"><strong>DOI<\/strong>: <a href=\"https:\/\/scindeks.ceon.rs\/article.aspx?query=ISSID%26and%2615776&amp;page=8&amp;sort=8&amp;stype=0&amp;backurl=%2fissue.aspx%3fissue%3d15776%26lang%3den&amp;lang=en\">10.5937\/pravzap0-32156<\/a><\/p>\n<p><span style=\"text-decoration: underline;\"><strong>KEY WORDS<br \/>\n<\/strong><\/span>Kingdom of Serbs, Croats and Slovenes, The&nbsp;\u201cVidovdan\u201d&nbsp;Constitution, Constitutional Law, Textbooks<\/p>\n<p style=\"text-align: justify;\"><span style=\"text-decoration: underline;\"><strong>ABSTRACT<br \/>\n<\/strong><\/span>\u201cThe&nbsp;Vidovdan\u201d&nbsp;Constitution of the Kingdom of Serbs, Croats, and Slovenes, rendered on 28 June 1921, one hundred years after its adoption, remains an unavoidable topic and an occasion for discussions about the reasons for the failure of the Yugoslav state. The unitarian-centralist system unanimously criticized today as an inadequate constitutional form for the functioning of a complex community such as Yugoslavia was once legitimized by the concept of national unity of Serbs, Croats, and Slovenes. The national conception, the type of state system, and the related disagreements are part of both the political and constitutional history of the states that emerged from the disintegration of Yugoslavia. This paper analyses the content of textbooks of Constitutional Law that are in use at law schools in the successor states, which have existed continuously since the breakup of Yugoslavia until today and are used to educate the vast majority of lawyers in these states. The way in which the shared constitutional history from the first decade of Yugoslavia is presented after the collapse of the socialist paradigm (that mainly was unison) largely follows the national borders of the successor states in terms of its content and interpretation.<\/p>\n","protected":false},"excerpt":{"rendered":"<p>PRAVNI ZAPISI \u2022 Year XII \u2022 No. 1 \u2022 pp. 261-284 CONSTITUTION WITHOUT A STATE: THE FORMATION OF THE KINGDOM OF SCS AND \u201cTHE VIDOVDAN\u201d CONSTITUTION IN THE CONSTITUTIONAL LAW CURRICULUM IN YUGOSLAVIA\u2019S SUCCESSOR STATES Sr\u0111an Milo\u0161evi\u0107, Ph.D. Research Fellow, Institute for Recent History of Serbia, Beograd e-mail: srdjan.milosevic@inis.bg.ac.rs . Pravni zapisi, No. 1\/2021, pp. 261-284 Original Scientific Article DOI: 10.5937\/pravzap0-32156 KEY WORDS Kingdom of Serbs, Croats and Slovenes, The&nbsp;\u201cVidovdan\u201d&nbsp;Constitution, Constitutional Law, Textbooks ABSTRACT \u201cThe&nbsp;Vidovdan\u201d&nbsp;Constitution of the Kingdom of Serbs, Croats, and Slovenes, rendered on 28 June 1921, one hundred years after its adoption, remains an unavoidable topic and an [&hellip;]<\/p>\n","protected":false},"author":4,"featured_media":0,"parent":8660,"menu_order":0,"comment_status":"closed","ping_status":"closed","template":"template-article.php","meta":{"footnotes":""},"class_list":["post-8738","page","type-page","status-publish","hentry"],"yoast_head":"<!-- This site is optimized with the Yoast SEO plugin v27.1.1 - https:\/\/yoast.com\/product\/yoast-seo-wordpress\/ -->\n<title>- Pravni Zapisi<\/title>\n<meta name=\"robots\" content=\"index, follow, max-snippet:-1, max-image-preview:large, max-video-preview:-1\" \/>\n<link rel=\"canonical\" href=\"https:\/\/www.pravnizapisi.rs\/pravni-zapisi-1-2021\/8735-2\/\" \/>\n<meta property=\"og:locale\" content=\"en_US\" \/>\n<meta property=\"og:type\" content=\"article\" \/>\n<meta property=\"og:title\" content=\"- Pravni Zapisi\" \/>\n<meta property=\"og:description\" content=\"PRAVNI ZAPISI \u2022 Year XII \u2022 No. 1 \u2022 pp. 261-284 CONSTITUTION WITHOUT A STATE: THE FORMATION OF THE KINGDOM OF SCS AND \u201cTHE VIDOVDAN\u201d CONSTITUTION IN THE CONSTITUTIONAL LAW CURRICULUM IN YUGOSLAVIA\u2019S SUCCESSOR STATES Sr\u0111an Milo\u0161evi\u0107, Ph.D. Research Fellow, Institute for Recent History of Serbia, Beograd e-mail: srdjan.milosevic@inis.bg.ac.rs . Pravni zapisi, No. 1\/2021, pp. 261-284 Original Scientific Article DOI: 10.5937\/pravzap0-32156 KEY WORDS Kingdom of Serbs, Croats and Slovenes, The&nbsp;\u201cVidovdan\u201d&nbsp;Constitution, Constitutional Law, Textbooks ABSTRACT \u201cThe&nbsp;Vidovdan\u201d&nbsp;Constitution of the Kingdom of Serbs, Croats, and Slovenes, rendered on 28 June 1921, one hundred years after its adoption, remains an unavoidable topic and an [&hellip;]\" \/>\n<meta property=\"og:url\" content=\"https:\/\/www.pravnizapisi.rs\/pravni-zapisi-1-2021\/8735-2\/\" \/>\n<meta property=\"og:site_name\" content=\"Pravni Zapisi\" \/>\n<meta property=\"article:modified_time\" content=\"2021-11-28T20:45:03+00:00\" \/>\n<meta property=\"og:image\" content=\"https:\/\/www.pravnizapisi.rs\/wp-content\/uploads\/2021\/11\/Naslovna-2021-01.jpg\" \/>\n\t<meta property=\"og:image:width\" content=\"587\" \/>\n\t<meta property=\"og:image:height\" content=\"869\" \/>\n\t<meta property=\"og:image:type\" content=\"image\/jpeg\" \/>\n<meta name=\"twitter:card\" content=\"summary_large_image\" \/>\n<meta name=\"twitter:image\" content=\"https:\/\/www.pravnizapisi.rs\/wp-content\/uploads\/2021\/11\/Naslovna-2021-01.jpg\" \/>\n<meta name=\"twitter:label1\" content=\"Est. reading time\" \/>\n\t<meta name=\"twitter:data1\" content=\"2 minutes\" \/>\n<script type=\"application\/ld+json\" class=\"yoast-schema-graph\">{\"@context\":\"https:\/\/schema.org\",\"@graph\":[{\"@type\":\"WebPage\",\"@id\":\"https:\/\/www.pravnizapisi.rs\/pravni-zapisi-1-2021\/8735-2\/\",\"url\":\"https:\/\/www.pravnizapisi.rs\/pravni-zapisi-1-2021\/8735-2\/\",\"name\":\"- Pravni Zapisi\",\"isPartOf\":{\"@id\":\"https:\/\/pravnizapisi.rs\/#website\"},\"primaryImageOfPage\":{\"@id\":\"https:\/\/www.pravnizapisi.rs\/pravni-zapisi-1-2021\/8735-2\/#primaryimage\"},\"image\":{\"@id\":\"https:\/\/www.pravnizapisi.rs\/pravni-zapisi-1-2021\/8735-2\/#primaryimage\"},\"thumbnailUrl\":\"https:\/\/pravnizapisi.rs\/wp-content\/uploads\/2021\/03\/PngItem_278380-150x150.jpg\",\"datePublished\":\"2021-07-17T14:08:20+00:00\",\"dateModified\":\"2021-11-28T20:45:03+00:00\",\"breadcrumb\":{\"@id\":\"https:\/\/www.pravnizapisi.rs\/pravni-zapisi-1-2021\/8735-2\/#breadcrumb\"},\"inLanguage\":\"en-US\",\"potentialAction\":[{\"@type\":\"ReadAction\",\"target\":[\"https:\/\/www.pravnizapisi.rs\/pravni-zapisi-1-2021\/8735-2\/\"]}]},{\"@type\":\"ImageObject\",\"inLanguage\":\"en-US\",\"@id\":\"https:\/\/www.pravnizapisi.rs\/pravni-zapisi-1-2021\/8735-2\/#primaryimage\",\"url\":\"https:\/\/pravnizapisi.rs\/wp-content\/uploads\/2021\/03\/PngItem_278380-150x150.jpg\",\"contentUrl\":\"https:\/\/pravnizapisi.rs\/wp-content\/uploads\/2021\/03\/PngItem_278380-150x150.jpg\"},{\"@type\":\"BreadcrumbList\",\"@id\":\"https:\/\/www.pravnizapisi.rs\/pravni-zapisi-1-2021\/8735-2\/#breadcrumb\",\"itemListElement\":[{\"@type\":\"ListItem\",\"position\":1,\"name\":\"\u041f\u043e\u0447\u0435\u0442\u043d\u0430\",\"item\":\"https:\/\/www.pravnizapisi.rs\/en\/\"},{\"@type\":\"ListItem\",\"position\":2,\"name\":\"Pravni zapisi 1\/2021\",\"item\":\"https:\/\/www.pravnizapisi.rs\/en\/pravni-zapisi-1-2021-2\/\"}]},{\"@type\":\"WebSite\",\"@id\":\"https:\/\/pravnizapisi.rs\/#website\",\"url\":\"https:\/\/pravnizapisi.rs\/\",\"name\":\"Pravni Zapisi\",\"description\":\"\",\"publisher\":{\"@id\":\"https:\/\/pravnizapisi.rs\/#organization\"},\"potentialAction\":[{\"@type\":\"SearchAction\",\"target\":{\"@type\":\"EntryPoint\",\"urlTemplate\":\"https:\/\/pravnizapisi.rs\/?s={search_term_string}\"},\"query-input\":{\"@type\":\"PropertyValueSpecification\",\"valueRequired\":true,\"valueName\":\"search_term_string\"}}],\"inLanguage\":\"en-US\"},{\"@type\":\"Organization\",\"@id\":\"https:\/\/pravnizapisi.rs\/#organization\",\"name\":\"Pravni Zapisi\",\"url\":\"https:\/\/pravnizapisi.rs\/\",\"logo\":{\"@type\":\"ImageObject\",\"inLanguage\":\"en-US\",\"@id\":\"https:\/\/pravnizapisi.rs\/#\/schema\/logo\/image\/\",\"url\":\"https:\/\/www.pravnizapisi.rs\/wp-content\/uploads\/2019\/11\/cropped-Header-logo-srb-1-1.jpg\",\"contentUrl\":\"https:\/\/www.pravnizapisi.rs\/wp-content\/uploads\/2019\/11\/cropped-Header-logo-srb-1-1.jpg\",\"width\":580,\"height\":80,\"caption\":\"Pravni Zapisi\"},\"image\":{\"@id\":\"https:\/\/pravnizapisi.rs\/#\/schema\/logo\/image\/\"}}]}<\/script>\n<!-- \/ Yoast SEO plugin. -->","yoast_head_json":{"title":"- Pravni Zapisi","robots":{"index":"index","follow":"follow","max-snippet":"max-snippet:-1","max-image-preview":"max-image-preview:large","max-video-preview":"max-video-preview:-1"},"canonical":"https:\/\/www.pravnizapisi.rs\/pravni-zapisi-1-2021\/8735-2\/","og_locale":"en_US","og_type":"article","og_title":"- Pravni Zapisi","og_description":"PRAVNI ZAPISI \u2022 Year XII \u2022 No. 1 \u2022 pp. 261-284 CONSTITUTION WITHOUT A STATE: THE FORMATION OF THE KINGDOM OF SCS AND \u201cTHE VIDOVDAN\u201d CONSTITUTION IN THE CONSTITUTIONAL LAW CURRICULUM IN YUGOSLAVIA\u2019S SUCCESSOR STATES Sr\u0111an Milo\u0161evi\u0107, Ph.D. Research Fellow, Institute for Recent History of Serbia, Beograd e-mail: srdjan.milosevic@inis.bg.ac.rs . Pravni zapisi, No. 1\/2021, pp. 261-284 Original Scientific Article DOI: 10.5937\/pravzap0-32156 KEY WORDS Kingdom of Serbs, Croats and Slovenes, The&nbsp;\u201cVidovdan\u201d&nbsp;Constitution, Constitutional Law, Textbooks ABSTRACT \u201cThe&nbsp;Vidovdan\u201d&nbsp;Constitution of the Kingdom of Serbs, Croats, and Slovenes, rendered on 28 June 1921, one hundred years after its adoption, remains an unavoidable topic and an [&hellip;]","og_url":"https:\/\/www.pravnizapisi.rs\/pravni-zapisi-1-2021\/8735-2\/","og_site_name":"Pravni Zapisi","article_modified_time":"2021-11-28T20:45:03+00:00","og_image":[{"width":587,"height":869,"url":"https:\/\/www.pravnizapisi.rs\/wp-content\/uploads\/2021\/11\/Naslovna-2021-01.jpg","type":"image\/jpeg"}],"twitter_card":"summary_large_image","twitter_image":"https:\/\/www.pravnizapisi.rs\/wp-content\/uploads\/2021\/11\/Naslovna-2021-01.jpg","twitter_misc":{"Est. reading time":"2 minutes"},"schema":{"@context":"https:\/\/schema.org","@graph":[{"@type":"WebPage","@id":"https:\/\/www.pravnizapisi.rs\/pravni-zapisi-1-2021\/8735-2\/","url":"https:\/\/www.pravnizapisi.rs\/pravni-zapisi-1-2021\/8735-2\/","name":"- Pravni Zapisi","isPartOf":{"@id":"https:\/\/pravnizapisi.rs\/#website"},"primaryImageOfPage":{"@id":"https:\/\/www.pravnizapisi.rs\/pravni-zapisi-1-2021\/8735-2\/#primaryimage"},"image":{"@id":"https:\/\/www.pravnizapisi.rs\/pravni-zapisi-1-2021\/8735-2\/#primaryimage"},"thumbnailUrl":"https:\/\/pravnizapisi.rs\/wp-content\/uploads\/2021\/03\/PngItem_278380-150x150.jpg","datePublished":"2021-07-17T14:08:20+00:00","dateModified":"2021-11-28T20:45:03+00:00","breadcrumb":{"@id":"https:\/\/www.pravnizapisi.rs\/pravni-zapisi-1-2021\/8735-2\/#breadcrumb"},"inLanguage":"en-US","potentialAction":[{"@type":"ReadAction","target":["https:\/\/www.pravnizapisi.rs\/pravni-zapisi-1-2021\/8735-2\/"]}]},{"@type":"ImageObject","inLanguage":"en-US","@id":"https:\/\/www.pravnizapisi.rs\/pravni-zapisi-1-2021\/8735-2\/#primaryimage","url":"https:\/\/pravnizapisi.rs\/wp-content\/uploads\/2021\/03\/PngItem_278380-150x150.jpg","contentUrl":"https:\/\/pravnizapisi.rs\/wp-content\/uploads\/2021\/03\/PngItem_278380-150x150.jpg"},{"@type":"BreadcrumbList","@id":"https:\/\/www.pravnizapisi.rs\/pravni-zapisi-1-2021\/8735-2\/#breadcrumb","itemListElement":[{"@type":"ListItem","position":1,"name":"\u041f\u043e\u0447\u0435\u0442\u043d\u0430","item":"https:\/\/www.pravnizapisi.rs\/en\/"},{"@type":"ListItem","position":2,"name":"Pravni zapisi 1\/2021","item":"https:\/\/www.pravnizapisi.rs\/en\/pravni-zapisi-1-2021-2\/"}]},{"@type":"WebSite","@id":"https:\/\/pravnizapisi.rs\/#website","url":"https:\/\/pravnizapisi.rs\/","name":"Pravni Zapisi","description":"","publisher":{"@id":"https:\/\/pravnizapisi.rs\/#organization"},"potentialAction":[{"@type":"SearchAction","target":{"@type":"EntryPoint","urlTemplate":"https:\/\/pravnizapisi.rs\/?s={search_term_string}"},"query-input":{"@type":"PropertyValueSpecification","valueRequired":true,"valueName":"search_term_string"}}],"inLanguage":"en-US"},{"@type":"Organization","@id":"https:\/\/pravnizapisi.rs\/#organization","name":"Pravni Zapisi","url":"https:\/\/pravnizapisi.rs\/","logo":{"@type":"ImageObject","inLanguage":"en-US","@id":"https:\/\/pravnizapisi.rs\/#\/schema\/logo\/image\/","url":"https:\/\/www.pravnizapisi.rs\/wp-content\/uploads\/2019\/11\/cropped-Header-logo-srb-1-1.jpg","contentUrl":"https:\/\/www.pravnizapisi.rs\/wp-content\/uploads\/2019\/11\/cropped-Header-logo-srb-1-1.jpg","width":580,"height":80,"caption":"Pravni Zapisi"},"image":{"@id":"https:\/\/pravnizapisi.rs\/#\/schema\/logo\/image\/"}}]}},"_links":{"self":[{"href":"https:\/\/www.pravnizapisi.rs\/en\/wp-json\/wp\/v2\/pages\/8738","targetHints":{"allow":["GET"]}}],"collection":[{"href":"https:\/\/www.pravnizapisi.rs\/en\/wp-json\/wp\/v2\/pages"}],"about":[{"href":"https:\/\/www.pravnizapisi.rs\/en\/wp-json\/wp\/v2\/types\/page"}],"author":[{"embeddable":true,"href":"https:\/\/www.pravnizapisi.rs\/en\/wp-json\/wp\/v2\/users\/4"}],"replies":[{"embeddable":true,"href":"https:\/\/www.pravnizapisi.rs\/en\/wp-json\/wp\/v2\/comments?post=8738"}],"version-history":[{"count":0,"href":"https:\/\/www.pravnizapisi.rs\/en\/wp-json\/wp\/v2\/pages\/8738\/revisions"}],"up":[{"embeddable":true,"href":"https:\/\/www.pravnizapisi.rs\/en\/wp-json\/wp\/v2\/pages\/8660"}],"wp:attachment":[{"href":"https:\/\/www.pravnizapisi.rs\/en\/wp-json\/wp\/v2\/media?parent=8738"}],"curies":[{"name":"wp","href":"https:\/\/api.w.org\/{rel}","templated":true}]}}