{"id":9371,"date":"2021-12-24T16:07:29","date_gmt":"2021-12-24T16:07:29","guid":{"rendered":"http:\/\/pravnizapisi.rs\/?page_id=9371"},"modified":"2021-12-25T14:27:42","modified_gmt":"2021-12-25T14:27:42","slug":"pravni-zapisi-2-2021","status":"publish","type":"page","link":"https:\/\/www.pravnizapisi.rs\/en\/pravni-zapisi-2-2021\/","title":{"rendered":"Pravni zapisi 2\/2021"},"content":{"rendered":"<p style=\"text-align: justify;\"><em><strong>Union University Law School Review<\/strong><\/em><br \/>\n<em><strong>Year XII, No. 2\/2021, Pages 351-673<\/strong><\/em><\/p>\n<table style=\"height: 35px;\" width=\"364\" frame=\"void\">\n<tbody>\n<tr>\n<td valign=\"top\"><strong>UDK\u00a034<\/strong><\/td>\n<td align=\"left\" valign=\"top\">\n<div><strong>ISSN 2217-2815 (Printed Edition)<\/strong><\/div>\n<div><strong>eISSN 2406-1387 (Online Edition)<\/strong><\/div>\n<\/td>\n<\/tr>\n<\/tbody>\n<\/table>\n<hr \/>\n<h3 style=\"text-align: center;\">TABLE OF CONTENTS<\/h3>\n<h4 style=\"text-align: justify;\">GUEST EDITORIAL<\/h4>\n<p style=\"text-align: justify;\"><a href=\"https:\/\/pravnizapisi.rs\/wp-content\/uploads\/issues\/2-2021\/PZ-2021-02-01-Milanovic.pdf\"><strong>Marko Milanovi\u0107<\/strong>, <em>The Compatibility of Covid Passes with the Prohibition of Discrimination<\/em><\/a><\/p>\n<h4 style=\"text-align: justify;\">ARTICLES<\/h4>\n<p style=\"text-align: justify;\"><a href=\"https:\/\/pravnizapisi.rs\/en\/pravni-zapisi-2-2021\/9405-2\/\"><strong>Petra B\u00e1rd<\/strong>, <em>Canaries in a Coal Mine: Rule of Law Deficiencies and Mutual Trust<\/em><\/a><\/p>\n<p style=\"text-align: justify;\"><a href=\"https:\/\/pravnizapisi.rs\/en\/pravni-zapisi-2-2021\/9417-2\/\"><strong>Dragoljub Popovi\u0107<\/strong>, <em>Constitutional Design and Destiny of the States: The Weimar Constitution and the St Vitus Day Constitution in Comparative Perspective<\/em><\/a><\/p>\n<p style=\"text-align: justify;\"><a href=\"https:\/\/pravnizapisi.rs\/en\/pravni-zapisi-2-2021\/9425-2\/\"><strong>Marko Bo\u017ei\u0107<\/strong>, <em>The Law Unveiled: On Burka Ban, Kanzelparagraph and Militant Secularism in the Socialist Yugoslavia<\/em><\/a><\/p>\n<p style=\"text-align: justify;\"><a href=\"https:\/\/pravnizapisi.rs\/en\/pravni-zapisi-2-2021\/9432-2\/\"><strong>Tamara Mladenovi\u0107<\/strong>, <em>Anonymous Birth Versus Child\u2019s Right to Identity<\/em><\/a><\/p>\n<p style=\"text-align: justify;\"><a href=\"https:\/\/pravnizapisi.rs\/en\/pravni-zapisi-2-2021\/9438-2\/\"><strong>Jelena Danilovi\u0107<\/strong>, <em>Codes of Conduct of Pharmaceutical Companies as Acts of Autonomous Law and Their Place Within Fuller\u2019s Moral Scale<\/em><\/a><\/p>\n<h4>BOOK SYMPOSIUM<\/h4>\n<h4>Preface<\/h4>\n<p style=\"text-align: justify;\"><a href=\"https:\/\/pravnizapisi.rs\/wp-content\/uploads\/issues\/2-2021\/PZ-2021-02-07-Spaic.pdf\"><strong>Bojan Spai\u0107<\/strong>, <em>Preface to Book Symposium: Miodrag Jovanovi\u0107, The Nature of International Law (Cambridge University Press, 2019)<\/em><\/a><\/p>\n<h4><strong>Articles<\/strong><\/h4>\n<p style=\"text-align: justify;\"><a href=\"https:\/\/pravnizapisi.rs\/en\/pravni-zapisi-2-2021\/9447-2\/\"><strong>Goran Dajovi\u0107<\/strong>, <em>Normativity of International Law<\/em><\/a><\/p>\n<p style=\"text-align: justify;\"><a href=\"https:\/\/pravnizapisi.rs\/en\/pravni-zapisi-2-2021\/9456-2\/\"><strong>Tatjana Papi\u0107<\/strong>, <em>In Defense of Uncertainty: Values Behind Indeterminate Rules of International Law<\/em><\/a><\/p>\n<p style=\"text-align: justify;\"><a href=\"https:\/\/pravnizapisi.rs\/en\/pravni-zapisi-2-2021\/9463-2\/\"><strong>Milo\u0161 Hrnjaz<\/strong>, <em>Nature of Customary International Law: All We Need Is Practice<\/em><\/a><\/p>\n<p><a href=\"https:\/\/pravnizapisi.rs\/en\/pravni-zapisi-2-2021\/9471-2\/\"><strong>Ana Zdravkovi\u0107<\/strong>, <em>Obligations Erga Omnes \u2013 Jus Cogens in Statu Nascendi? <\/em><em>A Theory Inspired by \u201cThe Nature of International Law\u201d<\/em><\/a><\/p>\n<p><a href=\"https:\/\/pravnizapisi.rs\/en\/pravni-zapisi-2-2021\/9478-2\/\"><strong>Jernej Letnar \u010cerni\u010d<\/strong>, <em>Institutional Actors as International Law-Makers in Business and Human Rights: The United Nations Guiding Principles on Business and Human Rights and Beyond<\/em><\/a><\/p>\n<h4 style=\"text-align: justify;\">Contribution<\/h4>\n<p style=\"text-align: justify;\"><a href=\"https:\/\/pravnizapisi.rs\/wp-content\/uploads\/issues\/2-2021\/PZ-2021-02-13-Jovanovic.pdf\"><strong>Miodrag Jovanovi\u0107<\/strong>, <em>The Nature of International Law and Beyond: A Reply to Commentators<\/em><\/a><\/p>\n<h4 style=\"text-align: justify;\">DEBATE<\/h4>\n<p style=\"text-align: justify;\"><a href=\"https:\/\/pravnizapisi.rs\/wp-content\/uploads\/issues\/2-2021\/PZ-2021-02-14-Bozic.pdf\"><strong>Marko Bo\u017ei\u0107<\/strong>, <em>Secularism and Constitutional Secularity (A Reply to Sr\u0111an Milo\u0161evi\u0107)<\/em><\/a><\/p>\n<h4 style=\"text-align: justify;\">CASE NOTE<\/h4>\n<p style=\"text-align: justify;\"><a href=\"https:\/\/pravnizapisi.rs\/wp-content\/uploads\/issues\/2-2021\/PZ-2021-02-15-Kojovic.pdf\"><strong>Tijana Kojovi\u0107<\/strong>, <em>EPIC v. APPLE: An Antitrust Experiment<\/em><\/a><\/p>\n<h4>BOOK REVIEWS<\/h4>\n<p><a href=\"https:\/\/pravnizapisi.rs\/wp-content\/uploads\/issues\/2-2021\/PZ-2021-02-16-Jankovic.pdf\"><strong>Vladeta Jankovi\u0107<\/strong>, <em>A Mirror of Custom, An Image of Truth: Tibor V\u00e1rady, An Anti-National Smile, Akademska knjiga, Translation from Hungarian Arpad Vicko, Novi Sad, 2021, 288 pp.\u00a0<\/em><\/a><\/p>\n<p><a href=\"https:\/\/pravnizapisi.rs\/wp-content\/uploads\/issues\/2-2021\/PZ-2021-02-17-Jerinic.pdf\"><strong>Jelena Jerini\u0107<\/strong>, <em>Two Hundred Years of Serbian Constitutional History, Dragoljub Popovi\u0107, Constitutional History of Serbia, Brill, 2021, 249 pp.<\/em><\/a><\/p>\n<h4 style=\"text-align: justify;\">CHRONICLE<\/h4>\n<p style=\"text-align: justify;\"><a href=\"https:\/\/pravnizapisi.rs\/wp-content\/uploads\/issues\/2-2021\/PZ-2021-02-18-Hronika-Fakulteta.pdf\"><em>Union University Law School Chronicle (2020\/2021)<\/em>, Contributor <strong>Jovana Popovi\u0107 <\/strong><\/a><\/p>\n","protected":false},"excerpt":{"rendered":"<p>Union University Law School Review Year XII, No. 2\/2021, Pages 351-673 UDK\u00a034 ISSN 2217-2815 (Printed Edition) eISSN 2406-1387 (Online Edition) TABLE OF CONTENTS GUEST EDITORIAL Marko Milanovi\u0107, The Compatibility of Covid Passes with the Prohibition of Discrimination ARTICLES Petra B\u00e1rd, Canaries in a Coal Mine: Rule of Law Deficiencies and Mutual Trust Dragoljub Popovi\u0107, Constitutional Design and Destiny of the States: The Weimar Constitution and the St Vitus Day Constitution in Comparative Perspective Marko Bo\u017ei\u0107, The Law Unveiled: On Burka Ban, Kanzelparagraph and Militant Secularism in the Socialist Yugoslavia Tamara Mladenovi\u0107, Anonymous Birth Versus Child\u2019s Right to Identity Jelena Danilovi\u0107, [&hellip;]<\/p>\n","protected":false},"author":4,"featured_media":0,"parent":0,"menu_order":0,"comment_status":"closed","ping_status":"closed","template":"template-fullwidth.php","meta":{"footnotes":""},"class_list":["post-9371","page","type-page","status-publish","hentry"],"yoast_head":"<!-- This site is optimized with the Yoast SEO plugin v27.1.1 - https:\/\/yoast.com\/product\/yoast-seo-wordpress\/ -->\n<title>Pravni zapisi 2\/2021 - Pravni Zapisi<\/title>\n<meta name=\"robots\" content=\"index, follow, max-snippet:-1, max-image-preview:large, max-video-preview:-1\" \/>\n<link rel=\"canonical\" href=\"https:\/\/www.pravnizapisi.rs\/en\/pravni-zapisi-2-2021\/\" \/>\n<meta property=\"og:locale\" content=\"en_US\" \/>\n<meta property=\"og:type\" content=\"article\" \/>\n<meta property=\"og:title\" content=\"Pravni zapisi 2\/2021 - Pravni Zapisi\" \/>\n<meta property=\"og:description\" content=\"Union University Law School Review Year XII, No. 2\/2021, Pages 351-673 UDK\u00a034 ISSN 2217-2815 (Printed Edition) eISSN 2406-1387 (Online Edition) TABLE OF CONTENTS GUEST EDITORIAL Marko Milanovi\u0107, The Compatibility of Covid Passes with the Prohibition of Discrimination ARTICLES Petra B\u00e1rd, Canaries in a Coal Mine: Rule of Law Deficiencies and Mutual Trust Dragoljub Popovi\u0107, Constitutional Design and Destiny of the States: The Weimar Constitution and the St Vitus Day Constitution in Comparative Perspective Marko Bo\u017ei\u0107, The Law Unveiled: On Burka Ban, Kanzelparagraph and Militant Secularism in the Socialist Yugoslavia Tamara Mladenovi\u0107, Anonymous Birth Versus Child\u2019s Right to Identity Jelena Danilovi\u0107, [&hellip;]\" \/>\n<meta property=\"og:url\" content=\"https:\/\/www.pravnizapisi.rs\/en\/pravni-zapisi-2-2021\/\" \/>\n<meta property=\"og:site_name\" content=\"Pravni Zapisi\" \/>\n<meta property=\"article:modified_time\" content=\"2021-12-25T14:27:42+00:00\" \/>\n<meta property=\"og:image\" content=\"https:\/\/www.pravnizapisi.rs\/wp-content\/uploads\/2020\/07\/pzapisi.jpg\" \/>\n\t<meta property=\"og:image:width\" content=\"150\" \/>\n\t<meta property=\"og:image:height\" content=\"225\" \/>\n\t<meta property=\"og:image:type\" content=\"image\/jpeg\" \/>\n<meta name=\"twitter:card\" content=\"summary_large_image\" \/>\n<meta name=\"twitter:label1\" content=\"Est. reading time\" \/>\n\t<meta name=\"twitter:data1\" content=\"2 minutes\" \/>\n<script type=\"application\/ld+json\" class=\"yoast-schema-graph\">{\"@context\":\"https:\/\/schema.org\",\"@graph\":[{\"@type\":\"WebPage\",\"@id\":\"https:\/\/www.pravnizapisi.rs\/en\/pravni-zapisi-2-2021\/\",\"url\":\"https:\/\/www.pravnizapisi.rs\/en\/pravni-zapisi-2-2021\/\",\"name\":\"Pravni zapisi 2\/2021 - Pravni Zapisi\",\"isPartOf\":{\"@id\":\"https:\/\/pravnizapisi.rs\/#website\"},\"datePublished\":\"2021-12-24T16:07:29+00:00\",\"dateModified\":\"2021-12-25T14:27:42+00:00\",\"breadcrumb\":{\"@id\":\"https:\/\/www.pravnizapisi.rs\/en\/pravni-zapisi-2-2021\/#breadcrumb\"},\"inLanguage\":\"en-US\",\"potentialAction\":[{\"@type\":\"ReadAction\",\"target\":[\"https:\/\/www.pravnizapisi.rs\/en\/pravni-zapisi-2-2021\/\"]}]},{\"@type\":\"BreadcrumbList\",\"@id\":\"https:\/\/www.pravnizapisi.rs\/en\/pravni-zapisi-2-2021\/#breadcrumb\",\"itemListElement\":[{\"@type\":\"ListItem\",\"position\":1,\"name\":\"\u041f\u043e\u0447\u0435\u0442\u043d\u0430\",\"item\":\"https:\/\/www.pravnizapisi.rs\/en\/\"},{\"@type\":\"ListItem\",\"position\":2,\"name\":\"Pravni zapisi 2\/2021\"}]},{\"@type\":\"WebSite\",\"@id\":\"https:\/\/pravnizapisi.rs\/#website\",\"url\":\"https:\/\/pravnizapisi.rs\/\",\"name\":\"Pravni Zapisi\",\"description\":\"\",\"publisher\":{\"@id\":\"https:\/\/pravnizapisi.rs\/#organization\"},\"potentialAction\":[{\"@type\":\"SearchAction\",\"target\":{\"@type\":\"EntryPoint\",\"urlTemplate\":\"https:\/\/pravnizapisi.rs\/?s={search_term_string}\"},\"query-input\":{\"@type\":\"PropertyValueSpecification\",\"valueRequired\":true,\"valueName\":\"search_term_string\"}}],\"inLanguage\":\"en-US\"},{\"@type\":\"Organization\",\"@id\":\"https:\/\/pravnizapisi.rs\/#organization\",\"name\":\"Pravni Zapisi\",\"url\":\"https:\/\/pravnizapisi.rs\/\",\"logo\":{\"@type\":\"ImageObject\",\"inLanguage\":\"en-US\",\"@id\":\"https:\/\/pravnizapisi.rs\/#\/schema\/logo\/image\/\",\"url\":\"https:\/\/www.pravnizapisi.rs\/wp-content\/uploads\/2019\/11\/cropped-Header-logo-srb-1-1.jpg\",\"contentUrl\":\"https:\/\/www.pravnizapisi.rs\/wp-content\/uploads\/2019\/11\/cropped-Header-logo-srb-1-1.jpg\",\"width\":580,\"height\":80,\"caption\":\"Pravni Zapisi\"},\"image\":{\"@id\":\"https:\/\/pravnizapisi.rs\/#\/schema\/logo\/image\/\"}}]}<\/script>\n<!-- \/ Yoast SEO plugin. -->","yoast_head_json":{"title":"Pravni zapisi 2\/2021 - Pravni Zapisi","robots":{"index":"index","follow":"follow","max-snippet":"max-snippet:-1","max-image-preview":"max-image-preview:large","max-video-preview":"max-video-preview:-1"},"canonical":"https:\/\/www.pravnizapisi.rs\/en\/pravni-zapisi-2-2021\/","og_locale":"en_US","og_type":"article","og_title":"Pravni zapisi 2\/2021 - Pravni Zapisi","og_description":"Union University Law School Review Year XII, No. 2\/2021, Pages 351-673 UDK\u00a034 ISSN 2217-2815 (Printed Edition) eISSN 2406-1387 (Online Edition) TABLE OF CONTENTS GUEST EDITORIAL Marko Milanovi\u0107, The Compatibility of Covid Passes with the Prohibition of Discrimination ARTICLES Petra B\u00e1rd, Canaries in a Coal Mine: Rule of Law Deficiencies and Mutual Trust Dragoljub Popovi\u0107, Constitutional Design and Destiny of the States: The Weimar Constitution and the St Vitus Day Constitution in Comparative Perspective Marko Bo\u017ei\u0107, The Law Unveiled: On Burka Ban, Kanzelparagraph and Militant Secularism in the Socialist Yugoslavia Tamara Mladenovi\u0107, Anonymous Birth Versus Child\u2019s Right to Identity Jelena Danilovi\u0107, [&hellip;]","og_url":"https:\/\/www.pravnizapisi.rs\/en\/pravni-zapisi-2-2021\/","og_site_name":"Pravni Zapisi","article_modified_time":"2021-12-25T14:27:42+00:00","og_image":[{"width":150,"height":225,"url":"https:\/\/www.pravnizapisi.rs\/wp-content\/uploads\/2020\/07\/pzapisi.jpg","type":"image\/jpeg"}],"twitter_card":"summary_large_image","twitter_misc":{"Est. reading time":"2 minutes"},"schema":{"@context":"https:\/\/schema.org","@graph":[{"@type":"WebPage","@id":"https:\/\/www.pravnizapisi.rs\/en\/pravni-zapisi-2-2021\/","url":"https:\/\/www.pravnizapisi.rs\/en\/pravni-zapisi-2-2021\/","name":"Pravni zapisi 2\/2021 - Pravni Zapisi","isPartOf":{"@id":"https:\/\/pravnizapisi.rs\/#website"},"datePublished":"2021-12-24T16:07:29+00:00","dateModified":"2021-12-25T14:27:42+00:00","breadcrumb":{"@id":"https:\/\/www.pravnizapisi.rs\/en\/pravni-zapisi-2-2021\/#breadcrumb"},"inLanguage":"en-US","potentialAction":[{"@type":"ReadAction","target":["https:\/\/www.pravnizapisi.rs\/en\/pravni-zapisi-2-2021\/"]}]},{"@type":"BreadcrumbList","@id":"https:\/\/www.pravnizapisi.rs\/en\/pravni-zapisi-2-2021\/#breadcrumb","itemListElement":[{"@type":"ListItem","position":1,"name":"\u041f\u043e\u0447\u0435\u0442\u043d\u0430","item":"https:\/\/www.pravnizapisi.rs\/en\/"},{"@type":"ListItem","position":2,"name":"Pravni zapisi 2\/2021"}]},{"@type":"WebSite","@id":"https:\/\/pravnizapisi.rs\/#website","url":"https:\/\/pravnizapisi.rs\/","name":"Pravni Zapisi","description":"","publisher":{"@id":"https:\/\/pravnizapisi.rs\/#organization"},"potentialAction":[{"@type":"SearchAction","target":{"@type":"EntryPoint","urlTemplate":"https:\/\/pravnizapisi.rs\/?s={search_term_string}"},"query-input":{"@type":"PropertyValueSpecification","valueRequired":true,"valueName":"search_term_string"}}],"inLanguage":"en-US"},{"@type":"Organization","@id":"https:\/\/pravnizapisi.rs\/#organization","name":"Pravni Zapisi","url":"https:\/\/pravnizapisi.rs\/","logo":{"@type":"ImageObject","inLanguage":"en-US","@id":"https:\/\/pravnizapisi.rs\/#\/schema\/logo\/image\/","url":"https:\/\/www.pravnizapisi.rs\/wp-content\/uploads\/2019\/11\/cropped-Header-logo-srb-1-1.jpg","contentUrl":"https:\/\/www.pravnizapisi.rs\/wp-content\/uploads\/2019\/11\/cropped-Header-logo-srb-1-1.jpg","width":580,"height":80,"caption":"Pravni Zapisi"},"image":{"@id":"https:\/\/pravnizapisi.rs\/#\/schema\/logo\/image\/"}}]}},"_links":{"self":[{"href":"https:\/\/www.pravnizapisi.rs\/en\/wp-json\/wp\/v2\/pages\/9371","targetHints":{"allow":["GET"]}}],"collection":[{"href":"https:\/\/www.pravnizapisi.rs\/en\/wp-json\/wp\/v2\/pages"}],"about":[{"href":"https:\/\/www.pravnizapisi.rs\/en\/wp-json\/wp\/v2\/types\/page"}],"author":[{"embeddable":true,"href":"https:\/\/www.pravnizapisi.rs\/en\/wp-json\/wp\/v2\/users\/4"}],"replies":[{"embeddable":true,"href":"https:\/\/www.pravnizapisi.rs\/en\/wp-json\/wp\/v2\/comments?post=9371"}],"version-history":[{"count":0,"href":"https:\/\/www.pravnizapisi.rs\/en\/wp-json\/wp\/v2\/pages\/9371\/revisions"}],"wp:attachment":[{"href":"https:\/\/www.pravnizapisi.rs\/en\/wp-json\/wp\/v2\/media?parent=9371"}],"curies":[{"name":"wp","href":"https:\/\/api.w.org\/{rel}","templated":true}]}}