{"id":9549,"date":"2022-07-15T19:41:34","date_gmt":"2022-07-15T19:41:34","guid":{"rendered":"http:\/\/pravnizapisi.rs\/?page_id=9549"},"modified":"2022-07-18T07:32:03","modified_gmt":"2022-07-18T07:32:03","slug":"pravni-zapisi-1-2022","status":"publish","type":"page","link":"https:\/\/www.pravnizapisi.rs\/en\/pravni-zapisi-1-2022\/","title":{"rendered":"Pravni zapisi 1\/2022"},"content":{"rendered":"<p style=\"text-align: justify;\"><em><strong>Union University Law School Review<\/strong><\/em><br \/>\n<em><strong>Year XIII, No. 1\/2022, Pages 1-339<\/strong><\/em><\/p>\n<table style=\"height: 35px;\" width=\"364\" frame=\"void\">\n<tbody>\n<tr>\n<td valign=\"top\"><strong>UDK\u00a034<\/strong><\/td>\n<td align=\"left\" valign=\"top\">\n<div><strong>ISSN 2217-2815 (Printed Edition)<\/strong><\/div>\n<div><strong>eISSN 2406-1387 (Online Edition)<\/strong><\/div>\n<\/td>\n<\/tr>\n<\/tbody>\n<\/table>\n<hr \/>\n<h3 style=\"text-align: center;\">TABLE OF CONTENTS<\/h3>\n<h4 style=\"text-align: justify;\">GUEST EDITORIAL<\/h4>\n<p style=\"text-align: justify;\"><a href=\"https:\/\/pravnizapisi.rs\/wp-content\/uploads\/2022\/07\/PZ2022-01-01-Oklopcic.pdf\"><b>Zoran Oklop\u010di\u0107<\/b>, <em>Latest Edition of Liberal Democracy Is Now Available (terms and conditions may apply)<\/em><\/a><\/p>\n<h4 style=\"text-align: justify;\">ARTICLES<\/h4>\n<p style=\"text-align: justify;\"><a href=\"https:\/\/pravnizapisi.rs\/en\/pravni-zapisi-1-2022\/9596-2\/\"><strong>Igor Nikoli\u0107<\/strong>, <em>Competition Law and Policy for the Internet of Things<\/em><\/a><\/p>\n<p style=\"text-align: justify;\"><a href=\"https:\/\/pravnizapisi.rs\/en\/pravni-zapisi-1-2022\/9607-2\/\"><strong>Boris Begovi\u0107, Nikola Ili\u0107<\/strong>, <em>Dawn Raids and (Dis)Proportionality between the Powers and Obligations of the Commission for Protection of Competition<\/em><\/a><\/p>\n<p style=\"text-align: justify;\"><a href=\"https:\/\/pravnizapisi.rs\/en\/pravni-zapisi-1-2022\/9614-2\/\"><strong>Mihajlo Babin, Iva Ivanov, Milo\u0161 Eri\u0107<\/strong>, <em>The Long-Lasting Post-Covid Symptom: The Case for the EU Fiscal Rules Reform?<\/em><\/a><\/p>\n<p style=\"text-align: justify;\"><a href=\"https:\/\/pravnizapisi.rs\/en\/pravni-zapisi-1-2022\/9623-2\/\"><strong>\u017deljka Motika<\/strong>, <em>How \u201cDigital\u201d Is the New Serbian Law on Digital Assets?<\/em><\/a><\/p>\n<p style=\"text-align: justify;\"><a href=\"https:\/\/pravnizapisi.rs\/en\/pravni-zapisi-1-2022\/9631-2\/\"><strong>Tamara Ili\u0107<\/strong>, <em>Document Serving the Conclusion of a Contract and Conveyance of a Right: Interweaving of the Roman and Greek Legal Traditions in Byzantine Private Law<\/em><\/a><\/p>\n<p><a href=\"https:\/\/pravnizapisi.rs\/en\/pravni-zapisi-1-2022\/9638-2\/\"><strong>Nikola Kova\u010devi\u0107<\/strong>, <em>Human Rights of Foreigners Refused Entry and Detained at Airport Transit Zones: From Novak \u0110okovi\u0107 Saga to the Arbitrary Detention of H.G.D.<\/em><\/a><\/p>\n<p><a href=\"https:\/\/pravnizapisi.rs\/en\/pravni-zapisi-1-2022\/9648-2\/\"><strong>Danilo Stevandi\u0107<\/strong>, <em>The Prejudical Question as a Secondary Subject of an Administrative Procedure<\/em><\/a><\/p>\n<h4>SYMPOSIUM: SAME-SEX PARTNERSHIPS THROUGH LEGAL LENSES<\/h4>\n<h4>Preface<\/h4>\n<p style=\"text-align: justify;\"><a href=\"https:\/\/pravnizapisi.rs\/wp-content\/uploads\/2022\/07\/PZ2022-01-09-Bozic.pdf\"><strong>Marko Bo\u017ei\u0107<\/strong>, <em>Symposium on Same-Sex Partnerships through Legal Lenses<\/em><\/a><\/p>\n<h4><strong>Articles<\/strong><\/h4>\n<p style=\"text-align: justify;\"><a href=\"https:\/\/pravnizapisi.rs\/en\/pravni-zapisi-1-2022\/9658-2\/\"><strong>Mina Pavlovi\u0107<\/strong>, <em>Conflict of Law Aspects of Same-Sex Partnership Concluded Abroad: Some Remarks from the Aspect of Domestic Private International Law<\/em><\/a><\/p>\n<p style=\"text-align: justify;\"><a href=\"https:\/\/pravnizapisi.rs\/en\/pravni-zapisi-1-2022\/9667-2\/\"><strong>Svetislav V. Kosti\u0107<\/strong>, <em>The Constitutional Obligation of an Identical Tax Treatment of Marriage, Common Law Partnerships and Same-Sex Partnerships in Serbia<\/em><\/a><\/p>\n<p style=\"text-align: justify;\"><a href=\"https:\/\/pravnizapisi.rs\/en\/pravni-zapisi-1-2022\/9675-2\/\"><strong>Veljko Vla\u0161kovi\u0107, Jelena Arsi\u0107<\/strong>, <em>The Perspectives of Same-Sex Parenting in Serbia: Between Needs and Opportunities<\/em><\/a><\/p>\n<p><a href=\"https:\/\/pravnizapisi.rs\/en\/pravni-zapisi-1-2022\/9682-2\/\"><strong>Jelena Simi\u0107<\/strong>, <em>The Right to Sexual and Reproductive Health of LGBTIQ Persons and the Challenges of Biomedical Assisted Reproduction<\/em><\/a><\/p>\n<h4 style=\"text-align: justify;\">CRITICAL REVIEW<\/h4>\n<p style=\"text-align: justify;\"><a href=\"https:\/\/pravnizapisi.rs\/en\/pravni-zapisi-1-2022\/9716-2\/\"><strong>Petar Mitrovi\u0107<\/strong>, <em>Secular State and Religious Neutrality<\/em><\/a><\/p>\n<h4 style=\"text-align: justify;\">DEBATE<\/h4>\n<p style=\"text-align: justify;\"><a href=\"https:\/\/pravnizapisi.rs\/wp-content\/uploads\/2022\/07\/PZ2022-01-15-Milosevic.pdf\"><strong>Sr\u0111an Milo\u0161evi\u0107<\/strong>, <em>Rethinking Constitutional Secularity (A Reply to Marko Bo\u017ei\u0107)<\/em><\/a><\/p>\n<h4>BOOK REVIEWS<\/h4>\n<p><a href=\"https:\/\/pravnizapisi.rs\/wp-content\/uploads\/2022\/07\/PZ2022-01-16-Dimitrijevic.pdf\"><strong>Nenad Dimitrijevi\u0107<\/strong>, <em>The Long March through the Institutions. Andr\u00e1s Saj\u00f3, Ruling by Cheating. Governance in Illiberal Democracy, Cambridge: Cambridge University Press, 2021<\/em><\/a><\/p>\n<h4 style=\"text-align: justify;\">NOTES<\/h4>\n<p style=\"text-align: justify;\"><a href=\"https:\/\/pravnizapisi.rs\/wp-content\/uploads\/2022\/07\/PZ2022-01-17-Jankovic.pdf\"><strong>Ivan Jankovi\u0107<\/strong>, <em>Necessity Changes the Law: A Case of Incomplete Implementation of Canon Law Regarding Autocastration<\/em><\/a><\/p>\n<h4 style=\"text-align: justify;\">RECENT LEGISLATION<\/h4>\n<p style=\"text-align: justify;\"><a href=\"https:\/\/pravnizapisi.rs\/wp-content\/uploads\/2022\/07\/PZ2022-01-18-Radonjic.pdf\"><strong>Aleksa Radonji\u0107<\/strong>, <em>New Belgian Property Law<\/em><\/a><\/p>\n<h4 style=\"text-align: justify;\">IN MEMORIAM<\/h4>\n<p style=\"text-align: justify;\"><a href=\"https:\/\/pravnizapisi.rs\/wp-content\/uploads\/2022\/07\/PZ2022-01-19-IlicIn-Memoriam.pdf\"><strong>Tamara Ili\u0107<\/strong>, <em>Prof. dr Marko Petrak (1972\u20132022)<\/em><\/a><\/p>\n","protected":false},"excerpt":{"rendered":"<p>Union University Law School Review Year XIII, No. 1\/2022, Pages 1-339 UDK\u00a034 ISSN 2217-2815 (Printed Edition) eISSN 2406-1387 (Online Edition) TABLE OF CONTENTS GUEST EDITORIAL Zoran Oklop\u010di\u0107, Latest Edition of Liberal Democracy Is Now Available (terms and conditions may apply) ARTICLES Igor Nikoli\u0107, Competition Law and Policy for the Internet of Things Boris Begovi\u0107, Nikola Ili\u0107, Dawn Raids and (Dis)Proportionality between the Powers and Obligations of the Commission for Protection of Competition Mihajlo Babin, Iva Ivanov, Milo\u0161 Eri\u0107, The Long-Lasting Post-Covid Symptom: The Case for the EU Fiscal Rules Reform? \u017deljka Motika, How \u201cDigital\u201d Is the New Serbian Law on [&hellip;]<\/p>\n","protected":false},"author":4,"featured_media":0,"parent":0,"menu_order":0,"comment_status":"closed","ping_status":"closed","template":"template-fullwidth.php","meta":{"footnotes":""},"class_list":["post-9549","page","type-page","status-publish","hentry"],"yoast_head":"<!-- This site is optimized with the Yoast SEO plugin v27.1.1 - https:\/\/yoast.com\/product\/yoast-seo-wordpress\/ -->\n<title>Pravni zapisi 1\/2022 - Pravni Zapisi<\/title>\n<meta name=\"robots\" content=\"index, follow, max-snippet:-1, max-image-preview:large, max-video-preview:-1\" \/>\n<link rel=\"canonical\" href=\"https:\/\/www.pravnizapisi.rs\/en\/pravni-zapisi-1-2022\/\" \/>\n<meta property=\"og:locale\" content=\"en_US\" \/>\n<meta property=\"og:type\" content=\"article\" \/>\n<meta property=\"og:title\" content=\"Pravni zapisi 1\/2022 - Pravni Zapisi\" \/>\n<meta property=\"og:description\" content=\"Union University Law School Review Year XIII, No. 1\/2022, Pages 1-339 UDK\u00a034 ISSN 2217-2815 (Printed Edition) eISSN 2406-1387 (Online Edition) TABLE OF CONTENTS GUEST EDITORIAL Zoran Oklop\u010di\u0107, Latest Edition of Liberal Democracy Is Now Available (terms and conditions may apply) ARTICLES Igor Nikoli\u0107, Competition Law and Policy for the Internet of Things Boris Begovi\u0107, Nikola Ili\u0107, Dawn Raids and (Dis)Proportionality between the Powers and Obligations of the Commission for Protection of Competition Mihajlo Babin, Iva Ivanov, Milo\u0161 Eri\u0107, The Long-Lasting Post-Covid Symptom: The Case for the EU Fiscal Rules Reform? \u017deljka Motika, How \u201cDigital\u201d Is the New Serbian Law on [&hellip;]\" \/>\n<meta property=\"og:url\" content=\"https:\/\/www.pravnizapisi.rs\/en\/pravni-zapisi-1-2022\/\" \/>\n<meta property=\"og:site_name\" content=\"Pravni Zapisi\" \/>\n<meta property=\"article:modified_time\" content=\"2022-07-18T07:32:03+00:00\" \/>\n<meta property=\"og:image\" content=\"https:\/\/www.pravnizapisi.rs\/wp-content\/uploads\/2020\/07\/pzapisi.jpg\" \/>\n\t<meta property=\"og:image:width\" content=\"150\" \/>\n\t<meta property=\"og:image:height\" content=\"225\" \/>\n\t<meta property=\"og:image:type\" content=\"image\/jpeg\" \/>\n<meta name=\"twitter:card\" content=\"summary_large_image\" \/>\n<meta name=\"twitter:label1\" content=\"Est. reading time\" \/>\n\t<meta name=\"twitter:data1\" content=\"2 minutes\" \/>\n<script type=\"application\/ld+json\" class=\"yoast-schema-graph\">{\"@context\":\"https:\/\/schema.org\",\"@graph\":[{\"@type\":\"WebPage\",\"@id\":\"https:\/\/www.pravnizapisi.rs\/en\/pravni-zapisi-1-2022\/\",\"url\":\"https:\/\/www.pravnizapisi.rs\/en\/pravni-zapisi-1-2022\/\",\"name\":\"Pravni zapisi 1\/2022 - Pravni Zapisi\",\"isPartOf\":{\"@id\":\"https:\/\/pravnizapisi.rs\/#website\"},\"datePublished\":\"2022-07-15T19:41:34+00:00\",\"dateModified\":\"2022-07-18T07:32:03+00:00\",\"breadcrumb\":{\"@id\":\"https:\/\/www.pravnizapisi.rs\/en\/pravni-zapisi-1-2022\/#breadcrumb\"},\"inLanguage\":\"en-US\",\"potentialAction\":[{\"@type\":\"ReadAction\",\"target\":[\"https:\/\/www.pravnizapisi.rs\/en\/pravni-zapisi-1-2022\/\"]}]},{\"@type\":\"BreadcrumbList\",\"@id\":\"https:\/\/www.pravnizapisi.rs\/en\/pravni-zapisi-1-2022\/#breadcrumb\",\"itemListElement\":[{\"@type\":\"ListItem\",\"position\":1,\"name\":\"\u041f\u043e\u0447\u0435\u0442\u043d\u0430\",\"item\":\"https:\/\/www.pravnizapisi.rs\/en\/\"},{\"@type\":\"ListItem\",\"position\":2,\"name\":\"Pravni zapisi 1\/2022\"}]},{\"@type\":\"WebSite\",\"@id\":\"https:\/\/pravnizapisi.rs\/#website\",\"url\":\"https:\/\/pravnizapisi.rs\/\",\"name\":\"Pravni Zapisi\",\"description\":\"\",\"publisher\":{\"@id\":\"https:\/\/pravnizapisi.rs\/#organization\"},\"potentialAction\":[{\"@type\":\"SearchAction\",\"target\":{\"@type\":\"EntryPoint\",\"urlTemplate\":\"https:\/\/pravnizapisi.rs\/?s={search_term_string}\"},\"query-input\":{\"@type\":\"PropertyValueSpecification\",\"valueRequired\":true,\"valueName\":\"search_term_string\"}}],\"inLanguage\":\"en-US\"},{\"@type\":\"Organization\",\"@id\":\"https:\/\/pravnizapisi.rs\/#organization\",\"name\":\"Pravni Zapisi\",\"url\":\"https:\/\/pravnizapisi.rs\/\",\"logo\":{\"@type\":\"ImageObject\",\"inLanguage\":\"en-US\",\"@id\":\"https:\/\/pravnizapisi.rs\/#\/schema\/logo\/image\/\",\"url\":\"https:\/\/www.pravnizapisi.rs\/wp-content\/uploads\/2019\/11\/cropped-Header-logo-srb-1-1.jpg\",\"contentUrl\":\"https:\/\/www.pravnizapisi.rs\/wp-content\/uploads\/2019\/11\/cropped-Header-logo-srb-1-1.jpg\",\"width\":580,\"height\":80,\"caption\":\"Pravni Zapisi\"},\"image\":{\"@id\":\"https:\/\/pravnizapisi.rs\/#\/schema\/logo\/image\/\"}}]}<\/script>\n<!-- \/ Yoast SEO plugin. -->","yoast_head_json":{"title":"Pravni zapisi 1\/2022 - Pravni Zapisi","robots":{"index":"index","follow":"follow","max-snippet":"max-snippet:-1","max-image-preview":"max-image-preview:large","max-video-preview":"max-video-preview:-1"},"canonical":"https:\/\/www.pravnizapisi.rs\/en\/pravni-zapisi-1-2022\/","og_locale":"en_US","og_type":"article","og_title":"Pravni zapisi 1\/2022 - Pravni Zapisi","og_description":"Union University Law School Review Year XIII, No. 1\/2022, Pages 1-339 UDK\u00a034 ISSN 2217-2815 (Printed Edition) eISSN 2406-1387 (Online Edition) TABLE OF CONTENTS GUEST EDITORIAL Zoran Oklop\u010di\u0107, Latest Edition of Liberal Democracy Is Now Available (terms and conditions may apply) ARTICLES Igor Nikoli\u0107, Competition Law and Policy for the Internet of Things Boris Begovi\u0107, Nikola Ili\u0107, Dawn Raids and (Dis)Proportionality between the Powers and Obligations of the Commission for Protection of Competition Mihajlo Babin, Iva Ivanov, Milo\u0161 Eri\u0107, The Long-Lasting Post-Covid Symptom: The Case for the EU Fiscal Rules Reform? \u017deljka Motika, How \u201cDigital\u201d Is the New Serbian Law on [&hellip;]","og_url":"https:\/\/www.pravnizapisi.rs\/en\/pravni-zapisi-1-2022\/","og_site_name":"Pravni Zapisi","article_modified_time":"2022-07-18T07:32:03+00:00","og_image":[{"width":150,"height":225,"url":"https:\/\/www.pravnizapisi.rs\/wp-content\/uploads\/2020\/07\/pzapisi.jpg","type":"image\/jpeg"}],"twitter_card":"summary_large_image","twitter_misc":{"Est. reading time":"2 minutes"},"schema":{"@context":"https:\/\/schema.org","@graph":[{"@type":"WebPage","@id":"https:\/\/www.pravnizapisi.rs\/en\/pravni-zapisi-1-2022\/","url":"https:\/\/www.pravnizapisi.rs\/en\/pravni-zapisi-1-2022\/","name":"Pravni zapisi 1\/2022 - Pravni Zapisi","isPartOf":{"@id":"https:\/\/pravnizapisi.rs\/#website"},"datePublished":"2022-07-15T19:41:34+00:00","dateModified":"2022-07-18T07:32:03+00:00","breadcrumb":{"@id":"https:\/\/www.pravnizapisi.rs\/en\/pravni-zapisi-1-2022\/#breadcrumb"},"inLanguage":"en-US","potentialAction":[{"@type":"ReadAction","target":["https:\/\/www.pravnizapisi.rs\/en\/pravni-zapisi-1-2022\/"]}]},{"@type":"BreadcrumbList","@id":"https:\/\/www.pravnizapisi.rs\/en\/pravni-zapisi-1-2022\/#breadcrumb","itemListElement":[{"@type":"ListItem","position":1,"name":"\u041f\u043e\u0447\u0435\u0442\u043d\u0430","item":"https:\/\/www.pravnizapisi.rs\/en\/"},{"@type":"ListItem","position":2,"name":"Pravni zapisi 1\/2022"}]},{"@type":"WebSite","@id":"https:\/\/pravnizapisi.rs\/#website","url":"https:\/\/pravnizapisi.rs\/","name":"Pravni Zapisi","description":"","publisher":{"@id":"https:\/\/pravnizapisi.rs\/#organization"},"potentialAction":[{"@type":"SearchAction","target":{"@type":"EntryPoint","urlTemplate":"https:\/\/pravnizapisi.rs\/?s={search_term_string}"},"query-input":{"@type":"PropertyValueSpecification","valueRequired":true,"valueName":"search_term_string"}}],"inLanguage":"en-US"},{"@type":"Organization","@id":"https:\/\/pravnizapisi.rs\/#organization","name":"Pravni Zapisi","url":"https:\/\/pravnizapisi.rs\/","logo":{"@type":"ImageObject","inLanguage":"en-US","@id":"https:\/\/pravnizapisi.rs\/#\/schema\/logo\/image\/","url":"https:\/\/www.pravnizapisi.rs\/wp-content\/uploads\/2019\/11\/cropped-Header-logo-srb-1-1.jpg","contentUrl":"https:\/\/www.pravnizapisi.rs\/wp-content\/uploads\/2019\/11\/cropped-Header-logo-srb-1-1.jpg","width":580,"height":80,"caption":"Pravni Zapisi"},"image":{"@id":"https:\/\/pravnizapisi.rs\/#\/schema\/logo\/image\/"}}]}},"_links":{"self":[{"href":"https:\/\/www.pravnizapisi.rs\/en\/wp-json\/wp\/v2\/pages\/9549","targetHints":{"allow":["GET"]}}],"collection":[{"href":"https:\/\/www.pravnizapisi.rs\/en\/wp-json\/wp\/v2\/pages"}],"about":[{"href":"https:\/\/www.pravnizapisi.rs\/en\/wp-json\/wp\/v2\/types\/page"}],"author":[{"embeddable":true,"href":"https:\/\/www.pravnizapisi.rs\/en\/wp-json\/wp\/v2\/users\/4"}],"replies":[{"embeddable":true,"href":"https:\/\/www.pravnizapisi.rs\/en\/wp-json\/wp\/v2\/comments?post=9549"}],"version-history":[{"count":0,"href":"https:\/\/www.pravnizapisi.rs\/en\/wp-json\/wp\/v2\/pages\/9549\/revisions"}],"wp:attachment":[{"href":"https:\/\/www.pravnizapisi.rs\/en\/wp-json\/wp\/v2\/media?parent=9549"}],"curies":[{"name":"wp","href":"https:\/\/api.w.org\/{rel}","templated":true}]}}